{"id":5654,"date":"2014-08-09T10:43:24","date_gmt":"2014-08-09T09:43:24","guid":{"rendered":"http:\/\/www.freimarianne.ch\/?page_id=5654"},"modified":"2014-08-22T07:56:06","modified_gmt":"2014-08-22T06:56:06","slug":"uschenental-allmenalp-be-8-8-2014","status":"publish","type":"page","link":"https:\/\/www.freimarianne.ch\/?page_id=5654","title":{"rendered":"\u00dcschenental- Allmenalp, BE  8.8.2014"},"content":{"rendered":"<p>Bergwanderung<\/strong> \u00dcssere \u00dcschine &#8211; Allmenalp<br \/>\nVon Kandersteg aus wandern wir taleinw\u00e4rts und dann hinauf auf \u00c4usser \u00dcschinen 1584m Es geht dann weiter aufw\u00e4rts bis zum Pkt. 1595m und dann auf einem breiten H\u00f6henweg um den Alpschelehubel hin\u00fcber zur Undere Allme 1743m. Talfahrt mit Seilbahn.<br \/>\nLaut GPS Aufzeichnung:<br \/>\nDistanz: 11.6km; Aufstieg: 633m; Abstieg: 77m; Marschzeit: 3.43h<\/p>\n<p><img loading=\"lazy\" class=\"aligncenter size-full wp-image-5700\" src=\"http:\/\/www.freimarianne.ch\/wp-content\/uploads\/2014\/08\/IMG_6373_ueschene_500.jpg\" alt=\"IMG_6373_ueschene_500\" width=\"500\" height=\"375\" srcset=\"https:\/\/www.freimarianne.ch\/wp-content\/uploads\/2014\/08\/IMG_6373_ueschene_500.jpg 500w, https:\/\/www.freimarianne.ch\/wp-content\/uploads\/2014\/08\/IMG_6373_ueschene_500-300x225.jpg 300w, https:\/\/www.freimarianne.ch\/wp-content\/uploads\/2014\/08\/IMG_6373_ueschene_500-400x300.jpg 400w\" sizes=\"(max-width: 500px) 100vw, 500px\" \/><br \/>\n<strong><!-- index.php -->\n<div\n\tclass=\"ngg-galleryoverview ngg-ajax-pagination-none\"\n\tid=\"ngg-gallery-6371-1\">\n\n    \t<div class=\"slideshowlink\">\n        <a href='https:\/\/www.freimarianne.ch\/index.php\/nggallery\/slideshow?page_id=5654'>[Show as slideshow]<\/a>\n\t\t\n\t<\/div>\n\t\t\t<!-- Thumbnails -->\n\t\t\t\t<div id=\"ngg-image-0\" class=\"ngg-gallery-thumbnail-box\" >\n\t\t\t\t        <div class=\"ngg-gallery-thumbnail\">\n            <a href=\"https:\/\/www.freimarianne.ch\/wp-content\/gallery\/uschenen-8-8-14\/IMG_6336.jpg\"\n               title=\"\"\n               data-src=\"https:\/\/www.freimarianne.ch\/wp-content\/gallery\/uschenen-8-8-14\/IMG_6336.jpg\"\n               data-thumbnail=\"https:\/\/www.freimarianne.ch\/wp-content\/gallery\/uschenen-8-8-14\/thumbs\/thumbs_IMG_6336.jpg\"\n               data-image-id=\"9112\"\n               data-title=\"IMG_6336\"\n               data-description=\"\"\n               data-image-slug=\"img_6336\"\n               class=\"shutterset_6371\">\n                <img\n                    title=\"IMG_6336\"\n                    alt=\"IMG_6336\"\n                    src=\"https:\/\/www.freimarianne.ch\/wp-content\/gallery\/uschenen-8-8-14\/thumbs\/thumbs_IMG_6336.jpg\"\n                    width=\"100\"\n                    height=\"75\"\n                    style=\"max-width:100%;\"\n                \/>\n            <\/a>\n        <\/div>\n\t\t\t\t\t\t\t<\/div> \n\t\t\t\n        \n\t\t\t\t<div id=\"ngg-image-1\" class=\"ngg-gallery-thumbnail-box\" >\n\t\t\t\t        <div class=\"ngg-gallery-thumbnail\">\n            <a href=\"https:\/\/www.freimarianne.ch\/wp-content\/gallery\/uschenen-8-8-14\/IMG_6342.jpg\"\n               title=\"\"\n               data-src=\"https:\/\/www.freimarianne.ch\/wp-content\/gallery\/uschenen-8-8-14\/IMG_6342.jpg\"\n               data-thumbnail=\"https:\/\/www.freimarianne.ch\/wp-content\/gallery\/uschenen-8-8-14\/thumbs\/thumbs_IMG_6342.jpg\"\n               data-image-id=\"9111\"\n               data-title=\"IMG_6342\"\n               data-description=\"\"\n               data-image-slug=\"img_6342\"\n               class=\"shutterset_6371\">\n                <img\n                    title=\"IMG_6342\"\n                    alt=\"IMG_6342\"\n                    src=\"https:\/\/www.freimarianne.ch\/wp-content\/gallery\/uschenen-8-8-14\/thumbs\/thumbs_IMG_6342.jpg\"\n                    width=\"100\"\n                    height=\"75\"\n                    style=\"max-width:100%;\"\n                \/>\n            <\/a>\n        <\/div>\n\t\t\t\t\t\t\t<\/div> \n\t\t\t\n        \n\t\t\t\t<div id=\"ngg-image-2\" class=\"ngg-gallery-thumbnail-box\" >\n\t\t\t\t        <div class=\"ngg-gallery-thumbnail\">\n            <a href=\"https:\/\/www.freimarianne.ch\/wp-content\/gallery\/uschenen-8-8-14\/IMG_6356.jpg\"\n               title=\"\"\n               data-src=\"https:\/\/www.freimarianne.ch\/wp-content\/gallery\/uschenen-8-8-14\/IMG_6356.jpg\"\n               data-thumbnail=\"https:\/\/www.freimarianne.ch\/wp-content\/gallery\/uschenen-8-8-14\/thumbs\/thumbs_IMG_6356.jpg\"\n               data-image-id=\"9110\"\n               data-title=\"IMG_6356\"\n               data-description=\"\"\n               data-image-slug=\"img_6356-3\"\n               class=\"shutterset_6371\">\n                <img\n                    title=\"IMG_6356\"\n                    alt=\"IMG_6356\"\n                    src=\"https:\/\/www.freimarianne.ch\/wp-content\/gallery\/uschenen-8-8-14\/thumbs\/thumbs_IMG_6356.jpg\"\n                    width=\"100\"\n                    height=\"75\"\n                    style=\"max-width:100%;\"\n                \/>\n            <\/a>\n        <\/div>\n\t\t\t\t\t\t\t<\/div> \n\t\t\t\n        \n\t\t\t\t<div id=\"ngg-image-3\" class=\"ngg-gallery-thumbnail-box\" >\n\t\t\t\t        <div class=\"ngg-gallery-thumbnail\">\n            <a href=\"https:\/\/www.freimarianne.ch\/wp-content\/gallery\/uschenen-8-8-14\/IMG_6360.jpg\"\n               title=\"\"\n               data-src=\"https:\/\/www.freimarianne.ch\/wp-content\/gallery\/uschenen-8-8-14\/IMG_6360.jpg\"\n               data-thumbnail=\"https:\/\/www.freimarianne.ch\/wp-content\/gallery\/uschenen-8-8-14\/thumbs\/thumbs_IMG_6360.jpg\"\n               data-image-id=\"9109\"\n               data-title=\"IMG_6360\"\n               data-description=\"\"\n               data-image-slug=\"img_6360-1\"\n               class=\"shutterset_6371\">\n                <img\n                    title=\"IMG_6360\"\n                    alt=\"IMG_6360\"\n                    src=\"https:\/\/www.freimarianne.ch\/wp-content\/gallery\/uschenen-8-8-14\/thumbs\/thumbs_IMG_6360.jpg\"\n                    width=\"100\"\n                    height=\"75\"\n                    style=\"max-width:100%;\"\n                \/>\n            <\/a>\n        <\/div>\n\t\t\t\t\t\t\t<\/div> \n\t\t\t\n        \n\t\t\t\t<div id=\"ngg-image-4\" class=\"ngg-gallery-thumbnail-box\" >\n\t\t\t\t        <div class=\"ngg-gallery-thumbnail\">\n            <a href=\"https:\/\/www.freimarianne.ch\/wp-content\/gallery\/uschenen-8-8-14\/IMG_6366.jpg\"\n               title=\"\"\n               data-src=\"https:\/\/www.freimarianne.ch\/wp-content\/gallery\/uschenen-8-8-14\/IMG_6366.jpg\"\n               data-thumbnail=\"https:\/\/www.freimarianne.ch\/wp-content\/gallery\/uschenen-8-8-14\/thumbs\/thumbs_IMG_6366.jpg\"\n               data-image-id=\"9108\"\n               data-title=\"IMG_6366\"\n               data-description=\"\"\n               data-image-slug=\"img_6366\"\n               class=\"shutterset_6371\">\n                <img\n                    title=\"IMG_6366\"\n                    alt=\"IMG_6366\"\n                    src=\"https:\/\/www.freimarianne.ch\/wp-content\/gallery\/uschenen-8-8-14\/thumbs\/thumbs_IMG_6366.jpg\"\n                    width=\"100\"\n                    height=\"75\"\n                    style=\"max-width:100%;\"\n                \/>\n            <\/a>\n        <\/div>\n\t\t\t\t\t\t\t<\/div> \n\t\t\t\n        \n\t\t\t\t<div id=\"ngg-image-5\" class=\"ngg-gallery-thumbnail-box\" >\n\t\t\t\t        <div class=\"ngg-gallery-thumbnail\">\n            <a href=\"https:\/\/www.freimarianne.ch\/wp-content\/gallery\/uschenen-8-8-14\/IMG_6368.jpg\"\n               title=\"\"\n               data-src=\"https:\/\/www.freimarianne.ch\/wp-content\/gallery\/uschenen-8-8-14\/IMG_6368.jpg\"\n               data-thumbnail=\"https:\/\/www.freimarianne.ch\/wp-content\/gallery\/uschenen-8-8-14\/thumbs\/thumbs_IMG_6368.jpg\"\n               data-image-id=\"9107\"\n               data-title=\"IMG_6368\"\n               data-description=\"\"\n               data-image-slug=\"img_6368\"\n               class=\"shutterset_6371\">\n                <img\n                    title=\"IMG_6368\"\n                    alt=\"IMG_6368\"\n                    src=\"https:\/\/www.freimarianne.ch\/wp-content\/gallery\/uschenen-8-8-14\/thumbs\/thumbs_IMG_6368.jpg\"\n                    width=\"100\"\n                    height=\"75\"\n                    style=\"max-width:100%;\"\n                \/>\n            <\/a>\n        <\/div>\n\t\t\t\t\t\t\t<\/div> \n\t\t\t\n        \n\t\t\t\t<div id=\"ngg-image-6\" class=\"ngg-gallery-thumbnail-box\" >\n\t\t\t\t        <div class=\"ngg-gallery-thumbnail\">\n            <a href=\"https:\/\/www.freimarianne.ch\/wp-content\/gallery\/uschenen-8-8-14\/IMG_6374.jpg\"\n               title=\"\"\n               data-src=\"https:\/\/www.freimarianne.ch\/wp-content\/gallery\/uschenen-8-8-14\/IMG_6374.jpg\"\n               data-thumbnail=\"https:\/\/www.freimarianne.ch\/wp-content\/gallery\/uschenen-8-8-14\/thumbs\/thumbs_IMG_6374.jpg\"\n               data-image-id=\"9106\"\n               data-title=\"IMG_6374\"\n               data-description=\"\"\n               data-image-slug=\"img_6374-1\"\n               class=\"shutterset_6371\">\n                <img\n                    title=\"IMG_6374\"\n                    alt=\"IMG_6374\"\n                    src=\"https:\/\/www.freimarianne.ch\/wp-content\/gallery\/uschenen-8-8-14\/thumbs\/thumbs_IMG_6374.jpg\"\n                    width=\"100\"\n                    height=\"75\"\n                    style=\"max-width:100%;\"\n                \/>\n            <\/a>\n        <\/div>\n\t\t\t\t\t\t\t<\/div> \n\t\t\t\n        \n\t\t\t\t<div id=\"ngg-image-7\" class=\"ngg-gallery-thumbnail-box\" >\n\t\t\t\t        <div class=\"ngg-gallery-thumbnail\">\n            <a href=\"https:\/\/www.freimarianne.ch\/wp-content\/gallery\/uschenen-8-8-14\/IMG_6381.jpg\"\n               title=\"\"\n               data-src=\"https:\/\/www.freimarianne.ch\/wp-content\/gallery\/uschenen-8-8-14\/IMG_6381.jpg\"\n               data-thumbnail=\"https:\/\/www.freimarianne.ch\/wp-content\/gallery\/uschenen-8-8-14\/thumbs\/thumbs_IMG_6381.jpg\"\n               data-image-id=\"9105\"\n               data-title=\"IMG_6381\"\n               data-description=\"\"\n               data-image-slug=\"img_6381\"\n               class=\"shutterset_6371\">\n                <img\n                    title=\"IMG_6381\"\n                    alt=\"IMG_6381\"\n                    src=\"https:\/\/www.freimarianne.ch\/wp-content\/gallery\/uschenen-8-8-14\/thumbs\/thumbs_IMG_6381.jpg\"\n                    width=\"100\"\n                    height=\"75\"\n                    style=\"max-width:100%;\"\n                \/>\n            <\/a>\n        <\/div>\n\t\t\t\t\t\t\t<\/div> \n\t\t\t\n        \n\t\t\t\t<div id=\"ngg-image-8\" class=\"ngg-gallery-thumbnail-box\" >\n\t\t\t\t        <div class=\"ngg-gallery-thumbnail\">\n            <a href=\"https:\/\/www.freimarianne.ch\/wp-content\/gallery\/uschenen-8-8-14\/IMG_6392.jpg\"\n               title=\"\"\n               data-src=\"https:\/\/www.freimarianne.ch\/wp-content\/gallery\/uschenen-8-8-14\/IMG_6392.jpg\"\n               data-thumbnail=\"https:\/\/www.freimarianne.ch\/wp-content\/gallery\/uschenen-8-8-14\/thumbs\/thumbs_IMG_6392.jpg\"\n               data-image-id=\"9104\"\n               data-title=\"IMG_6392\"\n               data-description=\"\"\n               data-image-slug=\"img_6392-1\"\n               class=\"shutterset_6371\">\n                <img\n                    title=\"IMG_6392\"\n                    alt=\"IMG_6392\"\n                    src=\"https:\/\/www.freimarianne.ch\/wp-content\/gallery\/uschenen-8-8-14\/thumbs\/thumbs_IMG_6392.jpg\"\n                    width=\"100\"\n                    height=\"75\"\n                    style=\"max-width:100%;\"\n                \/>\n            <\/a>\n        <\/div>\n\t\t\t\t\t\t\t<\/div> \n\t\t\t\n        \n\t\t\t\t<div id=\"ngg-image-9\" class=\"ngg-gallery-thumbnail-box\" >\n\t\t\t\t        <div class=\"ngg-gallery-thumbnail\">\n            <a href=\"https:\/\/www.freimarianne.ch\/wp-content\/gallery\/uschenen-8-8-14\/IMG_6407.jpg\"\n               title=\"\"\n               data-src=\"https:\/\/www.freimarianne.ch\/wp-content\/gallery\/uschenen-8-8-14\/IMG_6407.jpg\"\n               data-thumbnail=\"https:\/\/www.freimarianne.ch\/wp-content\/gallery\/uschenen-8-8-14\/thumbs\/thumbs_IMG_6407.jpg\"\n               data-image-id=\"9103\"\n               data-title=\"IMG_6407\"\n               data-description=\"\"\n               data-image-slug=\"img_6407-1\"\n               class=\"shutterset_6371\">\n                <img\n                    title=\"IMG_6407\"\n                    alt=\"IMG_6407\"\n                    src=\"https:\/\/www.freimarianne.ch\/wp-content\/gallery\/uschenen-8-8-14\/thumbs\/thumbs_IMG_6407.jpg\"\n                    width=\"100\"\n                    height=\"75\"\n                    style=\"max-width:100%;\"\n                \/>\n            <\/a>\n        <\/div>\n\t\t\t\t\t\t\t<\/div> \n\t\t\t\n        \n\t\t\n\t\t<!-- Pagination -->\n\t<div class='ngg-clear'><\/div>\t<\/div>\n<\/p>\n","protected":false},"excerpt":{"rendered":"<p>Bergwanderung \u00dcssere \u00dcschine &#8211; Allmenalp Von Kandersteg aus wandern wir taleinw\u00e4rts und dann hinauf auf \u00c4usser \u00dcschinen 1584m Es geht dann weiter aufw\u00e4rts bis zum Pkt. 1595m und dann auf einem breiten H\u00f6henweg um den Alpschelehubel hin\u00fcber zur Undere Allme 1743m. Talfahrt mit Seilbahn. Laut GPS Aufzeichnung: Distanz: 11.6km; Aufstieg: 633m; Abstieg: 77m; Marschzeit: 3.43h [&hellip;]<\/p>\n","protected":false},"author":1,"featured_media":0,"parent":5303,"menu_order":21,"comment_status":"closed","ping_status":"closed","template":"","meta":{"ngg_post_thumbnail":0},"_links":{"self":[{"href":"https:\/\/www.freimarianne.ch\/index.php?rest_route=\/wp\/v2\/pages\/5654"}],"collection":[{"href":"https:\/\/www.freimarianne.ch\/index.php?rest_route=\/wp\/v2\/pages"}],"about":[{"href":"https:\/\/www.freimarianne.ch\/index.php?rest_route=\/wp\/v2\/types\/page"}],"author":[{"embeddable":true,"href":"https:\/\/www.freimarianne.ch\/index.php?rest_route=\/wp\/v2\/users\/1"}],"replies":[{"embeddable":true,"href":"https:\/\/www.freimarianne.ch\/index.php?rest_route=%2Fwp%2Fv2%2Fcomments&post=5654"}],"version-history":[{"count":12,"href":"https:\/\/www.freimarianne.ch\/index.php?rest_route=\/wp\/v2\/pages\/5654\/revisions"}],"predecessor-version":[{"id":6373,"href":"https:\/\/www.freimarianne.ch\/index.php?rest_route=\/wp\/v2\/pages\/5654\/revisions\/6373"}],"up":[{"embeddable":true,"href":"https:\/\/www.freimarianne.ch\/index.php?rest_route=\/wp\/v2\/pages\/5303"}],"wp:attachment":[{"href":"https:\/\/www.freimarianne.ch\/index.php?rest_route=%2Fwp%2Fv2%2Fmedia&parent=5654"}],"curies":[{"name":"wp","href":"https:\/\/api.w.org\/{rel}","templated":true}]}}