{"id":56899,"date":"2021-09-17T16:41:14","date_gmt":"2021-09-17T15:41:14","guid":{"rendered":"http:\/\/www.freimarianne.ch\/?page_id=56899"},"modified":"2021-09-19T07:41:07","modified_gmt":"2021-09-19T06:41:07","slug":"grellingen-meltingerberg-beinwil-12-9-2021-so","status":"publish","type":"page","link":"https:\/\/www.freimarianne.ch\/?page_id=56899","title":{"rendered":"Grellingen &#8211; Meltingerberg &#8211; Beinwil  12.9.2021 SO"},"content":{"rendered":"<div id=\"attachment_56882\" style=\"width: 510px\" class=\"wp-caption alignleft\"><img aria-describedby=\"caption-attachment-56882\" loading=\"lazy\" class=\"size-full wp-image-56882\" src=\"http:\/\/www.freimarianne.ch\/wp-content\/uploads\/2021\/09\/IMG_5087._grellingen-9.21_500.jpeg\" alt=\"\" width=\"500\" height=\"311\" srcset=\"https:\/\/www.freimarianne.ch\/wp-content\/uploads\/2021\/09\/IMG_5087._grellingen-9.21_500.jpeg 500w, https:\/\/www.freimarianne.ch\/wp-content\/uploads\/2021\/09\/IMG_5087._grellingen-9.21_500-300x187.jpeg 300w, https:\/\/www.freimarianne.ch\/wp-content\/uploads\/2021\/09\/IMG_5087._grellingen-9.21_500-482x300.jpeg 482w\" sizes=\"(max-width: 500px) 100vw, 500px\" \/><p id=\"caption-attachment-56882\" class=\"wp-caption-text\">auf dem Weg nach Beinwil<\/p><\/div>\n<p><strong>Wanderung von Grellingen -Kaltbrunnental &#8211; Meltingen &#8211; Meltingerberg&nbsp; nach Beinwil<\/strong><\/p>\n<p>Heute bin ich wieder einmal mit dem Novartis Berg&amp;Sikclub unterwegs !<br>Wir sind nur 7 Personen.<br>Von Grellingen 325m wandern wir durch das heute einsame Kaltbrunntal hinauf nach Meltingen 587m.<br>Die Wege sind teilweise nass und rutschig.<br>Oberhalb des Dorfes k\u00f6nnen wir auf zwei B\u00e4nken unsere Mittagsrast halten.<br>Nach dieser Pause steigen wir hinauf in den Wald und es wird steil. Wir kommen \u00fcber Hinger Regenberg hinauf zum Meltingerberg 828m mit dem gleichnamigen Restaurant, wo eir einkehren.<br>Der Aufstieg hat Durst gemacht.<br>Nach der wohlverdineten Pause geht es weiter auf einer Naturstrasse \u00fcber B\u00e4renb\u00fcel rund um das Chastench\u00f6pfli herum hinunter zum Kloster Beinwil und von dort zur Strasse, wo wir nach 13.40h den versp\u00e4teten Bus nach Zwingen besteigen k\u00f6nnen. In Zwingen reicht es leider nicht allen auf den wartenden Zug nach Basel.<\/p>\n<p>Dies war eine sch\u00f6ne Jurawanderung in netter Gesellschaft:<\/p>\n<p>Laut Schweizmobil:<br>Distanz: 14.69km; Aufstieg: 695m; Abstieg: 450m; Wanderzeit: 4h 25min<\/p>\n<p><a href=\"https:\/\/map.schweizmobil.ch\/?lang=de&amp;photos=yes&amp;bgLayer=pk&amp;logo=yes&amp;season=summer&amp;resolution=17.49&amp;E=2611100&amp;N=1250017&amp;trackId=262672394\">Karte Schweizmobil:<\/a><\/p>\n<p>&nbsp;<\/p>\n\n\n<!-- index.php -->\n<div\n\tclass=\"ngg-galleryoverview ngg-ajax-pagination-none\"\n\tid=\"ngg-gallery-709dd785951f9daf1f68dd6bf7c1096d-1\">\n\n    \t<div class=\"slideshowlink\">\n        <a href='https:\/\/www.freimarianne.ch\/index.php\/nggallery\/slideshow?page_id=56899'>[Show as slideshow]<\/a>\n\t\t\n\t<\/div>\n\t\t\t<!-- Thumbnails -->\n\t\t\t\t<div id=\"ngg-image-0\" class=\"ngg-gallery-thumbnail-box\" >\n\t\t\t\t        <div class=\"ngg-gallery-thumbnail\">\n            <a href=\"https:\/\/www.freimarianne.ch\/wp-content\/gallery\/grellingen-beinwil-12-9-21\/IMG_5073.jpeg\"\n               title=\"im Kaltbrunnental\"\n               data-src=\"https:\/\/www.freimarianne.ch\/wp-content\/gallery\/grellingen-beinwil-12-9-21\/IMG_5073.jpeg\"\n               data-thumbnail=\"https:\/\/www.freimarianne.ch\/wp-content\/gallery\/grellingen-beinwil-12-9-21\/thumbs\/thumbs_IMG_5073.jpeg\"\n               data-image-id=\"27292\"\n               data-title=\"IMG_5073\"\n               data-description=\"im Kaltbrunnental\"\n               data-image-slug=\"img_5073-1\"\n               class=\"shutterset_709dd785951f9daf1f68dd6bf7c1096d\">\n                <img\n                    title=\"IMG_5073\"\n                    alt=\"IMG_5073\"\n                    src=\"https:\/\/www.freimarianne.ch\/wp-content\/gallery\/grellingen-beinwil-12-9-21\/cache\/IMG_5073.jpeg-nggid0527292-ngg0dyn-100x75x100-00f0w010c010r110f110r010t010.jpeg\"\n                    width=\"100\"\n                    height=\"67\"\n                    style=\"max-width:100%;\"\n                \/>\n            <\/a>\n        <\/div>\n\t\t\t\t\t\t\t<\/div> \n\t\t\t\n                            \n\t\t\t\t<div id=\"ngg-image-1\" class=\"ngg-gallery-thumbnail-box\" >\n\t\t\t\t        <div class=\"ngg-gallery-thumbnail\">\n            <a href=\"https:\/\/www.freimarianne.ch\/wp-content\/gallery\/grellingen-beinwil-12-9-21\/IMG_5075.jpeg\"\n               title=\"im Kaltbrunnental\"\n               data-src=\"https:\/\/www.freimarianne.ch\/wp-content\/gallery\/grellingen-beinwil-12-9-21\/IMG_5075.jpeg\"\n               data-thumbnail=\"https:\/\/www.freimarianne.ch\/wp-content\/gallery\/grellingen-beinwil-12-9-21\/thumbs\/thumbs_IMG_5075.jpeg\"\n               data-image-id=\"27294\"\n               data-title=\"IMG_5075\"\n               data-description=\"im Kaltbrunnental\"\n               data-image-slug=\"img_5075-3\"\n               class=\"shutterset_709dd785951f9daf1f68dd6bf7c1096d\">\n                <img\n                    title=\"IMG_5075\"\n                    alt=\"IMG_5075\"\n                    src=\"https:\/\/www.freimarianne.ch\/wp-content\/gallery\/grellingen-beinwil-12-9-21\/cache\/IMG_5075.jpeg-nggid0527294-ngg0dyn-100x75x100-00f0w010c010r110f110r010t010.jpeg\"\n                    width=\"100\"\n                    height=\"67\"\n                    style=\"max-width:100%;\"\n                \/>\n            <\/a>\n        <\/div>\n\t\t\t\t\t\t\t<\/div> \n\t\t\t\n                            \n\t\t\t\t<div id=\"ngg-image-2\" class=\"ngg-gallery-thumbnail-box\" >\n\t\t\t\t        <div class=\"ngg-gallery-thumbnail\">\n            <a href=\"https:\/\/www.freimarianne.ch\/wp-content\/gallery\/grellingen-beinwil-12-9-21\/IMG_5077.jpeg\"\n               title=\"Aufstieg zum Meltingerberg\"\n               data-src=\"https:\/\/www.freimarianne.ch\/wp-content\/gallery\/grellingen-beinwil-12-9-21\/IMG_5077.jpeg\"\n               data-thumbnail=\"https:\/\/www.freimarianne.ch\/wp-content\/gallery\/grellingen-beinwil-12-9-21\/thumbs\/thumbs_IMG_5077.jpeg\"\n               data-image-id=\"27298\"\n               data-title=\"IMG_5077\"\n               data-description=\"Aufstieg zum Meltingerberg\"\n               data-image-slug=\"img_5077-2\"\n               class=\"shutterset_709dd785951f9daf1f68dd6bf7c1096d\">\n                <img\n                    title=\"IMG_5077\"\n                    alt=\"IMG_5077\"\n                    src=\"https:\/\/www.freimarianne.ch\/wp-content\/gallery\/grellingen-beinwil-12-9-21\/cache\/IMG_5077.jpeg-nggid0527298-ngg0dyn-100x75x100-00f0w010c010r110f110r010t010.jpeg\"\n                    width=\"100\"\n                    height=\"67\"\n                    style=\"max-width:100%;\"\n                \/>\n            <\/a>\n        <\/div>\n\t\t\t\t\t\t\t<\/div> \n\t\t\t\n                            \n\t\t\t\t<div id=\"ngg-image-3\" class=\"ngg-gallery-thumbnail-box\" >\n\t\t\t\t        <div class=\"ngg-gallery-thumbnail\">\n            <a href=\"https:\/\/www.freimarianne.ch\/wp-content\/gallery\/grellingen-beinwil-12-9-21\/IMG_5080.jpeg\"\n               title=\"Aufstieg zum Meltingerberg\"\n               data-src=\"https:\/\/www.freimarianne.ch\/wp-content\/gallery\/grellingen-beinwil-12-9-21\/IMG_5080.jpeg\"\n               data-thumbnail=\"https:\/\/www.freimarianne.ch\/wp-content\/gallery\/grellingen-beinwil-12-9-21\/thumbs\/thumbs_IMG_5080.jpeg\"\n               data-image-id=\"27296\"\n               data-title=\"IMG_5080\"\n               data-description=\"Aufstieg zum Meltingerberg\"\n               data-image-slug=\"img_5080-4\"\n               class=\"shutterset_709dd785951f9daf1f68dd6bf7c1096d\">\n                <img\n                    title=\"IMG_5080\"\n                    alt=\"IMG_5080\"\n                    src=\"https:\/\/www.freimarianne.ch\/wp-content\/gallery\/grellingen-beinwil-12-9-21\/cache\/IMG_5080.jpeg-nggid0527296-ngg0dyn-100x75x100-00f0w010c010r110f110r010t010.jpeg\"\n                    width=\"100\"\n                    height=\"73\"\n                    style=\"max-width:100%;\"\n                \/>\n            <\/a>\n        <\/div>\n\t\t\t\t\t\t\t<\/div> \n\t\t\t\n                                    <br style=\"clear: both\" \/>\n                    \n\t\t\t\t<div id=\"ngg-image-4\" class=\"ngg-gallery-thumbnail-box\" >\n\t\t\t\t        <div class=\"ngg-gallery-thumbnail\">\n            <a href=\"https:\/\/www.freimarianne.ch\/wp-content\/gallery\/grellingen-beinwil-12-9-21\/IMG_5083.jpeg\"\n               title=\"Meltingerberg 828m\"\n               data-src=\"https:\/\/www.freimarianne.ch\/wp-content\/gallery\/grellingen-beinwil-12-9-21\/IMG_5083.jpeg\"\n               data-thumbnail=\"https:\/\/www.freimarianne.ch\/wp-content\/gallery\/grellingen-beinwil-12-9-21\/thumbs\/thumbs_IMG_5083.jpeg\"\n               data-image-id=\"27299\"\n               data-title=\"IMG_5083\"\n               data-description=\"Meltingerberg 828m\"\n               data-image-slug=\"img_5083-1\"\n               class=\"shutterset_709dd785951f9daf1f68dd6bf7c1096d\">\n                <img\n                    title=\"IMG_5083\"\n                    alt=\"IMG_5083\"\n                    src=\"https:\/\/www.freimarianne.ch\/wp-content\/gallery\/grellingen-beinwil-12-9-21\/cache\/IMG_5083.jpeg-nggid0527299-ngg0dyn-100x75x100-00f0w010c010r110f110r010t010.jpeg\"\n                    width=\"100\"\n                    height=\"67\"\n                    style=\"max-width:100%;\"\n                \/>\n            <\/a>\n        <\/div>\n\t\t\t\t\t\t\t<\/div> \n\t\t\t\n                            \n\t\t\t\t<div id=\"ngg-image-5\" class=\"ngg-gallery-thumbnail-box\" >\n\t\t\t\t        <div class=\"ngg-gallery-thumbnail\">\n            <a href=\"https:\/\/www.freimarianne.ch\/wp-content\/gallery\/grellingen-beinwil-12-9-21\/IMG_5086.jpeg\"\n               title=\"auf dem Weg nach Beinwil\"\n               data-src=\"https:\/\/www.freimarianne.ch\/wp-content\/gallery\/grellingen-beinwil-12-9-21\/IMG_5086.jpeg\"\n               data-thumbnail=\"https:\/\/www.freimarianne.ch\/wp-content\/gallery\/grellingen-beinwil-12-9-21\/thumbs\/thumbs_IMG_5086.jpeg\"\n               data-image-id=\"27293\"\n               data-title=\"IMG_5086\"\n               data-description=\"auf dem Weg nach Beinwil\"\n               data-image-slug=\"img_5086-90\"\n               class=\"shutterset_709dd785951f9daf1f68dd6bf7c1096d\">\n                <img\n                    title=\"IMG_5086\"\n                    alt=\"IMG_5086\"\n                    src=\"https:\/\/www.freimarianne.ch\/wp-content\/gallery\/grellingen-beinwil-12-9-21\/cache\/IMG_5086.jpeg-nggid0527293-ngg0dyn-100x75x100-00f0w010c010r110f110r010t010.jpeg\"\n                    width=\"100\"\n                    height=\"73\"\n                    style=\"max-width:100%;\"\n                \/>\n            <\/a>\n        <\/div>\n\t\t\t\t\t\t\t<\/div> \n\t\t\t\n                            \n\t\t\t\t<div id=\"ngg-image-6\" class=\"ngg-gallery-thumbnail-box\" >\n\t\t\t\t        <div class=\"ngg-gallery-thumbnail\">\n            <a href=\"https:\/\/www.freimarianne.ch\/wp-content\/gallery\/grellingen-beinwil-12-9-21\/IMG_5088.jpeg\"\n               title=\"Pilze\"\n               data-src=\"https:\/\/www.freimarianne.ch\/wp-content\/gallery\/grellingen-beinwil-12-9-21\/IMG_5088.jpeg\"\n               data-thumbnail=\"https:\/\/www.freimarianne.ch\/wp-content\/gallery\/grellingen-beinwil-12-9-21\/thumbs\/thumbs_IMG_5088.jpeg\"\n               data-image-id=\"27295\"\n               data-title=\"IMG_5088\"\n               data-description=\"Pilze\"\n               data-image-slug=\"img_5088-3\"\n               class=\"shutterset_709dd785951f9daf1f68dd6bf7c1096d\">\n                <img\n                    title=\"IMG_5088\"\n                    alt=\"IMG_5088\"\n                    src=\"https:\/\/www.freimarianne.ch\/wp-content\/gallery\/grellingen-beinwil-12-9-21\/cache\/IMG_5088.jpeg-nggid0527295-ngg0dyn-100x75x100-00f0w010c010r110f110r010t010.jpeg\"\n                    width=\"96\"\n                    height=\"75\"\n                    style=\"max-width:100%;\"\n                \/>\n            <\/a>\n        <\/div>\n\t\t\t\t\t\t\t<\/div> \n\t\t\t\n                            \n\t\t\t\t<div id=\"ngg-image-7\" class=\"ngg-gallery-thumbnail-box\" >\n\t\t\t\t        <div class=\"ngg-gallery-thumbnail\">\n            <a href=\"https:\/\/www.freimarianne.ch\/wp-content\/gallery\/grellingen-beinwil-12-9-21\/IMG_5092.jpeg\"\n               title=\"Kloster Beinwil\"\n               data-src=\"https:\/\/www.freimarianne.ch\/wp-content\/gallery\/grellingen-beinwil-12-9-21\/IMG_5092.jpeg\"\n               data-thumbnail=\"https:\/\/www.freimarianne.ch\/wp-content\/gallery\/grellingen-beinwil-12-9-21\/thumbs\/thumbs_IMG_5092.jpeg\"\n               data-image-id=\"27297\"\n               data-title=\"IMG_5092\"\n               data-description=\"Kloster Beinwil\"\n               data-image-slug=\"img_5092-1\"\n               class=\"shutterset_709dd785951f9daf1f68dd6bf7c1096d\">\n                <img\n                    title=\"IMG_5092\"\n                    alt=\"IMG_5092\"\n                    src=\"https:\/\/www.freimarianne.ch\/wp-content\/gallery\/grellingen-beinwil-12-9-21\/cache\/IMG_5092.jpeg-nggid0527297-ngg0dyn-100x75x100-00f0w010c010r110f110r010t010.jpeg\"\n                    width=\"100\"\n                    height=\"65\"\n                    style=\"max-width:100%;\"\n                \/>\n            <\/a>\n        <\/div>\n\t\t\t\t\t\t\t<\/div> \n\t\t\t\n                                    <br style=\"clear: both\" \/>\n                    \n\t\t\t\t<div id=\"ngg-image-8\" class=\"ngg-gallery-thumbnail-box\" >\n\t\t\t\t        <div class=\"ngg-gallery-thumbnail\">\n            <a href=\"https:\/\/www.freimarianne.ch\/wp-content\/gallery\/grellingen-beinwil-12-9-21\/IMG_5093.jpeg\"\n               title=\"Kloster Beinwil\"\n               data-src=\"https:\/\/www.freimarianne.ch\/wp-content\/gallery\/grellingen-beinwil-12-9-21\/IMG_5093.jpeg\"\n               data-thumbnail=\"https:\/\/www.freimarianne.ch\/wp-content\/gallery\/grellingen-beinwil-12-9-21\/thumbs\/thumbs_IMG_5093.jpeg\"\n               data-image-id=\"27300\"\n               data-title=\"IMG_5093\"\n               data-description=\"Kloster Beinwil\"\n               data-image-slug=\"img_5093-1\"\n               class=\"shutterset_709dd785951f9daf1f68dd6bf7c1096d\">\n                <img\n                    title=\"IMG_5093\"\n                    alt=\"IMG_5093\"\n                    src=\"https:\/\/www.freimarianne.ch\/wp-content\/gallery\/grellingen-beinwil-12-9-21\/cache\/IMG_5093.jpeg-nggid0527300-ngg0dyn-100x75x100-00f0w010c010r110f110r010t010.jpeg\"\n                    width=\"100\"\n                    height=\"67\"\n                    style=\"max-width:100%;\"\n                \/>\n            <\/a>\n        <\/div>\n\t\t\t\t\t\t\t<\/div> \n\t\t\t\n                            \n\t\t\n\t\t<!-- Pagination -->\n\t<div class='ngg-clear'><\/div>\t<\/div>\n\n","protected":false},"excerpt":{"rendered":"<p>Wanderung von Grellingen -Kaltbrunnental &#8211; Meltingen &#8211; Meltingerberg&nbsp; nach Beinwil Heute bin ich wieder einmal mit dem Novartis Berg&amp;Sikclub unterwegs !Wir sind nur 7 Personen.Von Grellingen 325m wandern wir durch das heute einsame Kaltbrunntal hinauf nach Meltingen 587m.Die Wege sind teilweise nass und rutschig.Oberhalb des Dorfes k\u00f6nnen wir auf zwei B\u00e4nken unsere Mittagsrast halten.Nach dieser [&hellip;]<\/p>\n","protected":false},"author":1,"featured_media":0,"parent":56870,"menu_order":5,"comment_status":"closed","ping_status":"closed","template":"","meta":{"ngg_post_thumbnail":0},"_links":{"self":[{"href":"https:\/\/www.freimarianne.ch\/index.php?rest_route=\/wp\/v2\/pages\/56899"}],"collection":[{"href":"https:\/\/www.freimarianne.ch\/index.php?rest_route=\/wp\/v2\/pages"}],"about":[{"href":"https:\/\/www.freimarianne.ch\/index.php?rest_route=\/wp\/v2\/types\/page"}],"author":[{"embeddable":true,"href":"https:\/\/www.freimarianne.ch\/index.php?rest_route=\/wp\/v2\/users\/1"}],"replies":[{"embeddable":true,"href":"https:\/\/www.freimarianne.ch\/index.php?rest_route=%2Fwp%2Fv2%2Fcomments&post=56899"}],"version-history":[{"count":4,"href":"https:\/\/www.freimarianne.ch\/index.php?rest_route=\/wp\/v2\/pages\/56899\/revisions"}],"predecessor-version":[{"id":57090,"href":"https:\/\/www.freimarianne.ch\/index.php?rest_route=\/wp\/v2\/pages\/56899\/revisions\/57090"}],"up":[{"embeddable":true,"href":"https:\/\/www.freimarianne.ch\/index.php?rest_route=\/wp\/v2\/pages\/56870"}],"wp:attachment":[{"href":"https:\/\/www.freimarianne.ch\/index.php?rest_route=%2Fwp%2Fv2%2Fmedia&parent=56899"}],"curies":[{"name":"wp","href":"https:\/\/api.w.org\/{rel}","templated":true}]}}