{"id":58152,"date":"2021-12-30T08:24:04","date_gmt":"2021-12-30T07:24:04","guid":{"rendered":"http:\/\/www.freimarianne.ch\/?page_id=58152"},"modified":"2022-01-24T10:18:54","modified_gmt":"2022-01-24T09:18:54","slug":"kandersteg-be-9-12-2021","status":"publish","type":"page","link":"https:\/\/www.freimarianne.ch\/?page_id=58152","title":{"rendered":"Kandersteg  BE 9.12.2021"},"content":{"rendered":"\n<p><strong>Winterwanderung Kandersteg-H\u00f6hi<\/strong><\/p>\n\n\n<p><img loading=\"lazy\" class=\"alignleft size-full wp-image-58145\" src=\"http:\/\/www.freimarianne.ch\/wp-content\/uploads\/2021\/12\/IMG_9315._kandersteg_500.jpeg\" alt=\"\" width=\"500\" height=\"375\" srcset=\"https:\/\/www.freimarianne.ch\/wp-content\/uploads\/2021\/12\/IMG_9315._kandersteg_500.jpeg 500w, https:\/\/www.freimarianne.ch\/wp-content\/uploads\/2021\/12\/IMG_9315._kandersteg_500-300x225.jpeg 300w, https:\/\/www.freimarianne.ch\/wp-content\/uploads\/2021\/12\/IMG_9315._kandersteg_500-400x300.jpeg 400w\" sizes=\"(max-width: 500px) 100vw, 500px\" \/><\/p>\n\n\n<p>Ich fahre heute um 8.28h von Basel nach Kandersteg. Ich habe es satt, bei diesem schlechten Wetter zuhause zu sitzen. In Kandersteg soll es ein leichte Aufhellung geben und Schnee ist ja auch zu erwarten !<br>In Kandersteg, wo es tr\u00fcbe ist tauche ich den tiefen Winter ein !<br>Ich wandere der Kander entlang und begeben mich dann auf den Wanderweg zur H\u00f6hi, den ich schon mehrmals gemacht habe.<br>Zuerst muss ich auf der verschneiten Strasse gehen, die zwar gewalzt worden ist aber doch neu verschneit ist. Ich sinke immer wieder etwas ein im Schnee. Es gibt eine einzelne Spur, die jemand vor mir verursacht hat. Oft benutze ich diese Fussabdr\u00fccke, um nicht noch mehr einzusinken.<br>Endlich auf der Anh\u00f6he angekommen, kann ich nicht zum Aussichtspunkt gelangen, da der Schnee hoch ist. Ich m\u00fcsste dazu Gamaschen haben !<br>Ich mache mich ohne Pause an den Abstieg auf der anderen Seite nach Kandersteg. Teils gibt es keine Spur auf dem Winterwanderweg und ich muss die Loipe benutzen.<br>Instinktiv w\u00e4hle ich dann den richtigen Weg zur\u00fcck zum Bahnhof , wo ich um 13.13h den Zug nach Spiez besteige.<\/p>\n\n\n\n<p>Dieser Ausflug hat mir gut getan. Man kann ja auch bei tr\u00fcben Wetter unterwegs sein. Jedenfalls hatte ich ein Wintererlebnis !<\/p>\n\n\n\n<!-- index.php -->\n<div\n\tclass=\"ngg-galleryoverview ngg-ajax-pagination-none\"\n\tid=\"ngg-gallery-5e5fcbbb9e7e9006f81e479f4cab91b2-1\">\n\n    \t<div class=\"slideshowlink\">\n        <a href='https:\/\/www.freimarianne.ch\/index.php\/nggallery\/slideshow?page_id=58152'>[Show as slideshow]<\/a>\n\t\t\n\t<\/div>\n\t\t\t<!-- Thumbnails -->\n\t\t\t\t<div id=\"ngg-image-0\" class=\"ngg-gallery-thumbnail-box\" >\n\t\t\t\t        <div class=\"ngg-gallery-thumbnail\">\n            <a href=\"https:\/\/www.freimarianne.ch\/wp-content\/gallery\/kandersteg-9-12-2021\/IMG_9319.jpeg\"\n               title=\"\"\n               data-src=\"https:\/\/www.freimarianne.ch\/wp-content\/gallery\/kandersteg-9-12-2021\/IMG_9319.jpeg\"\n               data-thumbnail=\"https:\/\/www.freimarianne.ch\/wp-content\/gallery\/kandersteg-9-12-2021\/thumbs\/thumbs_IMG_9319.jpeg\"\n               data-image-id=\"28142\"\n               data-title=\"IMG_9319\"\n               data-description=\"\"\n               data-image-slug=\"img_9319-3\"\n               class=\"shutterset_5e5fcbbb9e7e9006f81e479f4cab91b2\">\n                <img\n                    title=\"IMG_9319\"\n                    alt=\"IMG_9319\"\n                    src=\"https:\/\/www.freimarianne.ch\/wp-content\/gallery\/kandersteg-9-12-2021\/cache\/IMG_9319.jpeg-nggid0528142-ngg0dyn-100x75x100-00f0w010c010r110f110r010t010.jpeg\"\n                    width=\"100\"\n                    height=\"75\"\n                    style=\"max-width:100%;\"\n                \/>\n            <\/a>\n        <\/div>\n\t\t\t\t\t\t\t<\/div> \n\t\t\t\n                            \n\t\t\t\t<div id=\"ngg-image-1\" class=\"ngg-gallery-thumbnail-box\" >\n\t\t\t\t        <div class=\"ngg-gallery-thumbnail\">\n            <a href=\"https:\/\/www.freimarianne.ch\/wp-content\/gallery\/kandersteg-9-12-2021\/IMG_9320.jpeg\"\n               title=\"\"\n               data-src=\"https:\/\/www.freimarianne.ch\/wp-content\/gallery\/kandersteg-9-12-2021\/IMG_9320.jpeg\"\n               data-thumbnail=\"https:\/\/www.freimarianne.ch\/wp-content\/gallery\/kandersteg-9-12-2021\/thumbs\/thumbs_IMG_9320.jpeg\"\n               data-image-id=\"28143\"\n               data-title=\"IMG_9320\"\n               data-description=\"\"\n               data-image-slug=\"img_9320-2\"\n               class=\"shutterset_5e5fcbbb9e7e9006f81e479f4cab91b2\">\n                <img\n                    title=\"IMG_9320\"\n                    alt=\"IMG_9320\"\n                    src=\"https:\/\/www.freimarianne.ch\/wp-content\/gallery\/kandersteg-9-12-2021\/cache\/IMG_9320.jpeg-nggid0528143-ngg0dyn-100x75x100-00f0w010c010r110f110r010t010.jpeg\"\n                    width=\"100\"\n                    height=\"75\"\n                    style=\"max-width:100%;\"\n                \/>\n            <\/a>\n        <\/div>\n\t\t\t\t\t\t\t<\/div> \n\t\t\t\n                            \n\t\t\t\t<div id=\"ngg-image-2\" class=\"ngg-gallery-thumbnail-box\" >\n\t\t\t\t        <div class=\"ngg-gallery-thumbnail\">\n            <a href=\"https:\/\/www.freimarianne.ch\/wp-content\/gallery\/kandersteg-9-12-2021\/IMG_9312.jpeg\"\n               title=\"\"\n               data-src=\"https:\/\/www.freimarianne.ch\/wp-content\/gallery\/kandersteg-9-12-2021\/IMG_9312.jpeg\"\n               data-thumbnail=\"https:\/\/www.freimarianne.ch\/wp-content\/gallery\/kandersteg-9-12-2021\/thumbs\/thumbs_IMG_9312.jpeg\"\n               data-image-id=\"28144\"\n               data-title=\"IMG_9312\"\n               data-description=\"\"\n               data-image-slug=\"img_9312-2\"\n               class=\"shutterset_5e5fcbbb9e7e9006f81e479f4cab91b2\">\n                <img\n                    title=\"IMG_9312\"\n                    alt=\"IMG_9312\"\n                    src=\"https:\/\/www.freimarianne.ch\/wp-content\/gallery\/kandersteg-9-12-2021\/cache\/IMG_9312.jpeg-nggid0528144-ngg0dyn-100x75x100-00f0w010c010r110f110r010t010.jpeg\"\n                    width=\"100\"\n                    height=\"75\"\n                    style=\"max-width:100%;\"\n                \/>\n            <\/a>\n        <\/div>\n\t\t\t\t\t\t\t<\/div> \n\t\t\t\n                            \n\t\t\t\t<div id=\"ngg-image-3\" class=\"ngg-gallery-thumbnail-box\" >\n\t\t\t\t        <div class=\"ngg-gallery-thumbnail\">\n            <a href=\"https:\/\/www.freimarianne.ch\/wp-content\/gallery\/kandersteg-9-12-2021\/IMG_9314.jpeg\"\n               title=\"\"\n               data-src=\"https:\/\/www.freimarianne.ch\/wp-content\/gallery\/kandersteg-9-12-2021\/IMG_9314.jpeg\"\n               data-thumbnail=\"https:\/\/www.freimarianne.ch\/wp-content\/gallery\/kandersteg-9-12-2021\/thumbs\/thumbs_IMG_9314.jpeg\"\n               data-image-id=\"28145\"\n               data-title=\"IMG_9314\"\n               data-description=\"\"\n               data-image-slug=\"img_9314-2\"\n               class=\"shutterset_5e5fcbbb9e7e9006f81e479f4cab91b2\">\n                <img\n                    title=\"IMG_9314\"\n                    alt=\"IMG_9314\"\n                    src=\"https:\/\/www.freimarianne.ch\/wp-content\/gallery\/kandersteg-9-12-2021\/cache\/IMG_9314.jpeg-nggid0528145-ngg0dyn-100x75x100-00f0w010c010r110f110r010t010.jpeg\"\n                    width=\"100\"\n                    height=\"75\"\n                    style=\"max-width:100%;\"\n                \/>\n            <\/a>\n        <\/div>\n\t\t\t\t\t\t\t<\/div> \n\t\t\t\n                                    <br style=\"clear: both\" \/>\n                    \n\t\t\t\t<div id=\"ngg-image-4\" class=\"ngg-gallery-thumbnail-box\" >\n\t\t\t\t        <div class=\"ngg-gallery-thumbnail\">\n            <a href=\"https:\/\/www.freimarianne.ch\/wp-content\/gallery\/kandersteg-9-12-2021\/IMG_9317.jpeg\"\n               title=\"\"\n               data-src=\"https:\/\/www.freimarianne.ch\/wp-content\/gallery\/kandersteg-9-12-2021\/IMG_9317.jpeg\"\n               data-thumbnail=\"https:\/\/www.freimarianne.ch\/wp-content\/gallery\/kandersteg-9-12-2021\/thumbs\/thumbs_IMG_9317.jpeg\"\n               data-image-id=\"28146\"\n               data-title=\"IMG_9317\"\n               data-description=\"\"\n               data-image-slug=\"img_9317-2\"\n               class=\"shutterset_5e5fcbbb9e7e9006f81e479f4cab91b2\">\n                <img\n                    title=\"IMG_9317\"\n                    alt=\"IMG_9317\"\n                    src=\"https:\/\/www.freimarianne.ch\/wp-content\/gallery\/kandersteg-9-12-2021\/cache\/IMG_9317.jpeg-nggid0528146-ngg0dyn-100x75x100-00f0w010c010r110f110r010t010.jpeg\"\n                    width=\"100\"\n                    height=\"75\"\n                    style=\"max-width:100%;\"\n                \/>\n            <\/a>\n        <\/div>\n\t\t\t\t\t\t\t<\/div> \n\t\t\t\n                            \n\t\t\t\t<div id=\"ngg-image-5\" class=\"ngg-gallery-thumbnail-box\" >\n\t\t\t\t        <div class=\"ngg-gallery-thumbnail\">\n            <a href=\"https:\/\/www.freimarianne.ch\/wp-content\/gallery\/kandersteg-9-12-2021\/IMG_9307.jpeg\"\n               title=\"\"\n               data-src=\"https:\/\/www.freimarianne.ch\/wp-content\/gallery\/kandersteg-9-12-2021\/IMG_9307.jpeg\"\n               data-thumbnail=\"https:\/\/www.freimarianne.ch\/wp-content\/gallery\/kandersteg-9-12-2021\/thumbs\/thumbs_IMG_9307.jpeg\"\n               data-image-id=\"28147\"\n               data-title=\"IMG_9307\"\n               data-description=\"\"\n               data-image-slug=\"img_9307-1\"\n               class=\"shutterset_5e5fcbbb9e7e9006f81e479f4cab91b2\">\n                <img\n                    title=\"IMG_9307\"\n                    alt=\"IMG_9307\"\n                    src=\"https:\/\/www.freimarianne.ch\/wp-content\/gallery\/kandersteg-9-12-2021\/cache\/IMG_9307.jpeg-nggid0528147-ngg0dyn-100x75x100-00f0w010c010r110f110r010t010.jpeg\"\n                    width=\"100\"\n                    height=\"75\"\n                    style=\"max-width:100%;\"\n                \/>\n            <\/a>\n        <\/div>\n\t\t\t\t\t\t\t<\/div> \n\t\t\t\n                            \n\t\t\n\t\t<!-- Pagination -->\n\t<div class='ngg-clear'><\/div>\t<\/div>\n\n","protected":false},"excerpt":{"rendered":"<p>Winterwanderung Kandersteg-H\u00f6hi Ich fahre heute um 8.28h von Basel nach Kandersteg. Ich habe es satt, bei diesem schlechten Wetter zuhause zu sitzen. In Kandersteg soll es ein leichte Aufhellung geben und Schnee ist ja auch zu erwarten !In Kandersteg, wo es tr\u00fcbe ist tauche ich den tiefen Winter ein !Ich wandere der Kander entlang und [&hellip;]<\/p>\n","protected":false},"author":1,"featured_media":0,"parent":58138,"menu_order":1,"comment_status":"closed","ping_status":"closed","template":"","meta":{"ngg_post_thumbnail":0},"_links":{"self":[{"href":"https:\/\/www.freimarianne.ch\/index.php?rest_route=\/wp\/v2\/pages\/58152"}],"collection":[{"href":"https:\/\/www.freimarianne.ch\/index.php?rest_route=\/wp\/v2\/pages"}],"about":[{"href":"https:\/\/www.freimarianne.ch\/index.php?rest_route=\/wp\/v2\/types\/page"}],"author":[{"embeddable":true,"href":"https:\/\/www.freimarianne.ch\/index.php?rest_route=\/wp\/v2\/users\/1"}],"replies":[{"embeddable":true,"href":"https:\/\/www.freimarianne.ch\/index.php?rest_route=%2Fwp%2Fv2%2Fcomments&post=58152"}],"version-history":[{"count":10,"href":"https:\/\/www.freimarianne.ch\/index.php?rest_route=\/wp\/v2\/pages\/58152\/revisions"}],"predecessor-version":[{"id":58357,"href":"https:\/\/www.freimarianne.ch\/index.php?rest_route=\/wp\/v2\/pages\/58152\/revisions\/58357"}],"up":[{"embeddable":true,"href":"https:\/\/www.freimarianne.ch\/index.php?rest_route=\/wp\/v2\/pages\/58138"}],"wp:attachment":[{"href":"https:\/\/www.freimarianne.ch\/index.php?rest_route=%2Fwp%2Fv2%2Fmedia&parent=58152"}],"curies":[{"name":"wp","href":"https:\/\/api.w.org\/{rel}","templated":true}]}}