{"id":58470,"date":"2022-01-24T10:28:34","date_gmt":"2022-01-24T09:28:34","guid":{"rendered":"http:\/\/www.freimarianne.ch\/?page_id=58470"},"modified":"2022-01-26T14:57:35","modified_gmt":"2022-01-26T13:57:35","slug":"lenzerheide-gr-31-12-2021","status":"publish","type":"page","link":"https:\/\/www.freimarianne.ch\/?page_id=58470","title":{"rendered":"Lenzerheide  GR   31.12.2021"},"content":{"rendered":"\n<p><strong>Schneeschuhwanderung<\/strong><\/p>\n\n\n\n<div class=\"wp-block-image is-style-default\"><figure class=\"alignleft\"><img loading=\"lazy\" width=\"500\" height=\"375\" src=\"http:\/\/www.freimarianne.ch\/wp-content\/uploads\/2022\/01\/IMG_9615_lenzerheide-31.12.22_500.jpeg\" alt=\"\" class=\"wp-image-58461\" srcset=\"https:\/\/www.freimarianne.ch\/wp-content\/uploads\/2022\/01\/IMG_9615_lenzerheide-31.12.22_500.jpeg 500w, https:\/\/www.freimarianne.ch\/wp-content\/uploads\/2022\/01\/IMG_9615_lenzerheide-31.12.22_500-300x225.jpeg 300w, https:\/\/www.freimarianne.ch\/wp-content\/uploads\/2022\/01\/IMG_9615_lenzerheide-31.12.22_500-400x300.jpeg 400w\" sizes=\"(max-width: 500px) 100vw, 500px\" \/><\/figure><\/div>\n\n\n\n<p><\/p>\n\n\n<p>Heute ist es endlich wieder einmal sch\u00f6nes, sonniges Wetter. Daher fahren wir auf die Lenzerheide, um eine kleine, ausgeschilderte Schneeschuhtour zu machen, die wie sich herausstellt, wirklich sehr kurz ist und am Ende sogar auf der Strasse verl\u00e4uft.Abe rman kann ja von einem dicht besiedelten Kurort eigentlich auch nichts anderes erwarten!<br>Die Natur ist jedenfalls ausserhalb des Dorfes wundersch\u00f6n.<br>Wir beginnen unsere Wanderung bei Sporz, wo wir zuerst auf dem Winterwanderweg gehen. Wir finden dann den Einstieg in den Schneeschuhtrail und steigen leicht an , um in die Gegend vonSporz zu gegangen. Hier ist es wirklich wundersch\u00f6n. Daher machen wir auf einer Bank eine etwas fr\u00fche Mittagspause und geniessen den Sonnenschein und das Panorama. Dann suchen wir die rosa Stecken f\u00fcr den Abstieg, der auf einem eher steilen Hang mit wenig Schnee erfolgt. Es kommt einen vor als mache man eine Fr\u00fchlingstour. Nach dem Einstieg auf einen kleinen Wanderweg gehen wir dann auf dem braunen Gras !<br>Wir gelangen dann hinunter auf den Winterwanderweg und k\u00f6nnen unsere Schneeschuhe <br>abziehen. Zu Fuss geht es weiter bis zur Hauptstrasse. <br>In Richtung Sporz m\u00fcsste man auf der Strasse gehen und dann bei Gravas auf eine Nebenstrasse abzubiegen. Aber bei diesen Schneebedingungen sind ja alle Strasse aper! <br>Dieser Wegabschnitt ist eigentlich nicht das, was man von einem Schneeschuhtrail erwarten kann.<br>Daher folgen wir dem Wegweiser nach rechts und kommen so zur Bushaltestelle Clavadoiras. Hier k\u00f6nnen wir bald mit dem roten Sportbus nach Lenzerheide Post fahren und erreichen so schon den Bus um 13.,23h nach Chur.<\/p>\n<p>Diese kleine Schneeschuhtour ist nicht empfehlenswert, sie eignen sich nur f\u00fcr Ferieng\u00e4ste.<\/p>\n<p>Laut Schweizmobil:<\/p>\n<p>Distanz: 4.07km; Aufstieg: 146m; Abstieg: 298m; Wanderzeit: 1h 11 min<\/p>\n<p>Wir waren von 10.25h bis ca.13h unterwegs<\/p>\n<p><a href=\"https:\/\/map.schweizmobil.ch\/?lang=de&amp;photos=yes&amp;bgLayer=pk&amp;logo=yes&amp;detours=yes&amp;season=summer&amp;resolution=3.28&amp;E=2761518&amp;N=1176187&amp;layers=Station&amp;trackId=965883345\">Karte Schweizmobil:<\/a><\/p>\n<p>&nbsp;<\/p>\n<p>&nbsp;<\/p>\n\n\n<!-- index.php -->\n<div\n\tclass=\"ngg-galleryoverview ngg-ajax-pagination-none\"\n\tid=\"ngg-gallery-0f718b5f0f9572b096a2116bbff670f2-1\">\n\n    \t<div class=\"slideshowlink\">\n        <a href='https:\/\/www.freimarianne.ch\/index.php\/nggallery\/slideshow?page_id=58470'>[Show as slideshow]<\/a>\n\t\t\n\t<\/div>\n\t\t\t<!-- Thumbnails -->\n\t\t\t\t<div id=\"ngg-image-0\" class=\"ngg-gallery-thumbnail-box\" >\n\t\t\t\t        <div class=\"ngg-gallery-thumbnail\">\n            <a href=\"https:\/\/www.freimarianne.ch\/wp-content\/gallery\/lenzerheide-31-12-21\/IMG_6613.jpeg\"\n               title=\"Foil Cotschen 2577m, Aroser Rothorn 2960m, Piz Naira 2870m,  P.2524m, Lenzerhorn 2906m\"\n               data-src=\"https:\/\/www.freimarianne.ch\/wp-content\/gallery\/lenzerheide-31-12-21\/IMG_6613.jpeg\"\n               data-thumbnail=\"https:\/\/www.freimarianne.ch\/wp-content\/gallery\/lenzerheide-31-12-21\/thumbs\/thumbs_IMG_6613.jpeg\"\n               data-image-id=\"28332\"\n               data-title=\"IMG_6613\"\n               data-description=\"Foil Cotschen 2577m, Aroser Rothorn 2960m, Piz Naira 2870m,  P.2524m, Lenzerhorn 2906m\"\n               data-image-slug=\"img_6613\"\n               class=\"shutterset_0f718b5f0f9572b096a2116bbff670f2\">\n                <img\n                    title=\"IMG_6613\"\n                    alt=\"IMG_6613\"\n                    src=\"https:\/\/www.freimarianne.ch\/wp-content\/gallery\/lenzerheide-31-12-21\/cache\/IMG_6613.jpeg-nggid0528332-ngg0dyn-100x75x100-00f0w010c010r110f110r010t010.jpeg\"\n                    width=\"100\"\n                    height=\"67\"\n                    style=\"max-width:100%;\"\n                \/>\n            <\/a>\n        <\/div>\n\t\t\t\t\t\t\t<\/div> \n\t\t\t\n                            \n\t\t\t\t<div id=\"ngg-image-1\" class=\"ngg-gallery-thumbnail-box\" >\n\t\t\t\t        <div class=\"ngg-gallery-thumbnail\">\n            <a href=\"https:\/\/www.freimarianne.ch\/wp-content\/gallery\/lenzerheide-31-12-21\/IMG_6615.jpeg\"\n               title=\"auf dem Weg nach Sporz;Crap la Pala 2151m, Piz Scalottas 2322m\"\n               data-src=\"https:\/\/www.freimarianne.ch\/wp-content\/gallery\/lenzerheide-31-12-21\/IMG_6615.jpeg\"\n               data-thumbnail=\"https:\/\/www.freimarianne.ch\/wp-content\/gallery\/lenzerheide-31-12-21\/thumbs\/thumbs_IMG_6615.jpeg\"\n               data-image-id=\"28335\"\n               data-title=\"IMG_6615\"\n               data-description=\"auf dem Weg nach Sporz;Crap la Pala 2151m, Piz Scalottas 2322m\"\n               data-image-slug=\"img_6615-1\"\n               class=\"shutterset_0f718b5f0f9572b096a2116bbff670f2\">\n                <img\n                    title=\"IMG_6615\"\n                    alt=\"IMG_6615\"\n                    src=\"https:\/\/www.freimarianne.ch\/wp-content\/gallery\/lenzerheide-31-12-21\/cache\/IMG_6615.jpeg-nggid0528335-ngg0dyn-100x75x100-00f0w010c010r110f110r010t010.jpeg\"\n                    width=\"100\"\n                    height=\"67\"\n                    style=\"max-width:100%;\"\n                \/>\n            <\/a>\n        <\/div>\n\t\t\t\t\t\t\t<\/div> \n\t\t\t\n                            \n\t\t\t\t<div id=\"ngg-image-2\" class=\"ngg-gallery-thumbnail-box\" >\n\t\t\t\t        <div class=\"ngg-gallery-thumbnail\">\n            <a href=\"https:\/\/www.freimarianne.ch\/wp-content\/gallery\/lenzerheide-31-12-21\/IMG_6617.jpeg\"\n               title=\"Marianne bei Sporz; , Piz Danis 2497m, St\u00e4tzerhorn\"\n               data-src=\"https:\/\/www.freimarianne.ch\/wp-content\/gallery\/lenzerheide-31-12-21\/IMG_6617.jpeg\"\n               data-thumbnail=\"https:\/\/www.freimarianne.ch\/wp-content\/gallery\/lenzerheide-31-12-21\/thumbs\/thumbs_IMG_6617.jpeg\"\n               data-image-id=\"28334\"\n               data-title=\"IMG_6617\"\n               data-description=\"Marianne bei Sporz; , Piz Danis 2497m, St\u00e4tzerhorn\"\n               data-image-slug=\"img_6617-1\"\n               class=\"shutterset_0f718b5f0f9572b096a2116bbff670f2\">\n                <img\n                    title=\"IMG_6617\"\n                    alt=\"IMG_6617\"\n                    src=\"https:\/\/www.freimarianne.ch\/wp-content\/gallery\/lenzerheide-31-12-21\/cache\/IMG_6617.jpeg-nggid0528334-ngg0dyn-100x75x100-00f0w010c010r110f110r010t010.jpeg\"\n                    width=\"95\"\n                    height=\"75\"\n                    style=\"max-width:100%;\"\n                \/>\n            <\/a>\n        <\/div>\n\t\t\t\t\t\t\t<\/div> \n\t\t\t\n                            \n\t\t\t\t<div id=\"ngg-image-3\" class=\"ngg-gallery-thumbnail-box\" >\n\t\t\t\t        <div class=\"ngg-gallery-thumbnail\">\n            <a href=\"https:\/\/www.freimarianne.ch\/wp-content\/gallery\/lenzerheide-31-12-21\/IMG_6619.jpeg\"\n               title=\"bei Sporz; Piz Scalottas; fr\u00fchlingshaft\"\n               data-src=\"https:\/\/www.freimarianne.ch\/wp-content\/gallery\/lenzerheide-31-12-21\/IMG_6619.jpeg\"\n               data-thumbnail=\"https:\/\/www.freimarianne.ch\/wp-content\/gallery\/lenzerheide-31-12-21\/thumbs\/thumbs_IMG_6619.jpeg\"\n               data-image-id=\"28333\"\n               data-title=\"IMG_6619\"\n               data-description=\"bei Sporz; Piz Scalottas; fr\u00fchlingshaft\"\n               data-image-slug=\"img_6619-2\"\n               class=\"shutterset_0f718b5f0f9572b096a2116bbff670f2\">\n                <img\n                    title=\"IMG_6619\"\n                    alt=\"IMG_6619\"\n                    src=\"https:\/\/www.freimarianne.ch\/wp-content\/gallery\/lenzerheide-31-12-21\/cache\/IMG_6619.jpeg-nggid0528333-ngg0dyn-100x75x100-00f0w010c010r110f110r010t010.jpeg\"\n                    width=\"100\"\n                    height=\"72\"\n                    style=\"max-width:100%;\"\n                \/>\n            <\/a>\n        <\/div>\n\t\t\t\t\t\t\t<\/div> \n\t\t\t\n                                    <br style=\"clear: both\" \/>\n                    \n\t\t\t\t<div id=\"ngg-image-4\" class=\"ngg-gallery-thumbnail-box\" >\n\t\t\t\t        <div class=\"ngg-gallery-thumbnail\">\n            <a href=\"https:\/\/www.freimarianne.ch\/wp-content\/gallery\/lenzerheide-31-12-21\/IMG_6620.jpeg\"\n               title=\"bei Sporz: Parpaner Rothorn 2865m,  Foil Cotschen 2577m, Aroser Rothorn 2960m, P.2524m\"\n               data-src=\"https:\/\/www.freimarianne.ch\/wp-content\/gallery\/lenzerheide-31-12-21\/IMG_6620.jpeg\"\n               data-thumbnail=\"https:\/\/www.freimarianne.ch\/wp-content\/gallery\/lenzerheide-31-12-21\/thumbs\/thumbs_IMG_6620.jpeg\"\n               data-image-id=\"28326\"\n               data-title=\"IMG_6620\"\n               data-description=\"bei Sporz: Parpaner Rothorn 2865m,  Foil Cotschen 2577m, Aroser Rothorn 2960m, P.2524m\"\n               data-image-slug=\"img_6620\"\n               class=\"shutterset_0f718b5f0f9572b096a2116bbff670f2\">\n                <img\n                    title=\"IMG_6620\"\n                    alt=\"IMG_6620\"\n                    src=\"https:\/\/www.freimarianne.ch\/wp-content\/gallery\/lenzerheide-31-12-21\/cache\/IMG_6620.jpeg-nggid0528326-ngg0dyn-100x75x100-00f0w010c010r110f110r010t010.jpeg\"\n                    width=\"100\"\n                    height=\"67\"\n                    style=\"max-width:100%;\"\n                \/>\n            <\/a>\n        <\/div>\n\t\t\t\t\t\t\t<\/div> \n\t\t\t\n                            \n\t\t\t\t<div id=\"ngg-image-5\" class=\"ngg-gallery-thumbnail-box\" >\n\t\t\t\t        <div class=\"ngg-gallery-thumbnail\">\n            <a href=\"https:\/\/www.freimarianne.ch\/wp-content\/gallery\/lenzerheide-31-12-21\/IMG_6621.jpeg\"\n               title=\"Aroser Rothorn 2960m, Piz Naira 2870m,  P.2524m, Lenzerhorn 2906m, Piz Linard 2767m\"\n               data-src=\"https:\/\/www.freimarianne.ch\/wp-content\/gallery\/lenzerheide-31-12-21\/IMG_6621.jpeg\"\n               data-thumbnail=\"https:\/\/www.freimarianne.ch\/wp-content\/gallery\/lenzerheide-31-12-21\/thumbs\/thumbs_IMG_6621.jpeg\"\n               data-image-id=\"28329\"\n               data-title=\"IMG_6621\"\n               data-description=\"Aroser Rothorn 2960m, Piz Naira 2870m,  P.2524m, Lenzerhorn 2906m, Piz Linard 2767m\"\n               data-image-slug=\"img_6621-1\"\n               class=\"shutterset_0f718b5f0f9572b096a2116bbff670f2\">\n                <img\n                    title=\"IMG_6621\"\n                    alt=\"IMG_6621\"\n                    src=\"https:\/\/www.freimarianne.ch\/wp-content\/gallery\/lenzerheide-31-12-21\/cache\/IMG_6621.jpeg-nggid0528329-ngg0dyn-100x75x100-00f0w010c010r110f110r010t010.jpeg\"\n                    width=\"100\"\n                    height=\"67\"\n                    style=\"max-width:100%;\"\n                \/>\n            <\/a>\n        <\/div>\n\t\t\t\t\t\t\t<\/div> \n\t\t\t\n                            \n\t\t\t\t<div id=\"ngg-image-6\" class=\"ngg-gallery-thumbnail-box\" >\n\t\t\t\t        <div class=\"ngg-gallery-thumbnail\">\n            <a href=\"https:\/\/www.freimarianne.ch\/wp-content\/gallery\/lenzerheide-31-12-21\/IMG_6622.jpeg\"\n               title=\"Sporz mit Crap la Pala 2151m, Piz Scalottas 2322m\"\n               data-src=\"https:\/\/www.freimarianne.ch\/wp-content\/gallery\/lenzerheide-31-12-21\/IMG_6622.jpeg\"\n               data-thumbnail=\"https:\/\/www.freimarianne.ch\/wp-content\/gallery\/lenzerheide-31-12-21\/thumbs\/thumbs_IMG_6622.jpeg\"\n               data-image-id=\"28331\"\n               data-title=\"IMG_6622\"\n               data-description=\"Sporz mit Crap la Pala 2151m, Piz Scalottas 2322m\"\n               data-image-slug=\"img_6622-1\"\n               class=\"shutterset_0f718b5f0f9572b096a2116bbff670f2\">\n                <img\n                    title=\"IMG_6622\"\n                    alt=\"IMG_6622\"\n                    src=\"https:\/\/www.freimarianne.ch\/wp-content\/gallery\/lenzerheide-31-12-21\/cache\/IMG_6622.jpeg-nggid0528331-ngg0dyn-100x75x100-00f0w010c010r110f110r010t010.jpeg\"\n                    width=\"100\"\n                    height=\"67\"\n                    style=\"max-width:100%;\"\n                \/>\n            <\/a>\n        <\/div>\n\t\t\t\t\t\t\t<\/div> \n\t\t\t\n                            \n\t\t\t\t<div id=\"ngg-image-7\" class=\"ngg-gallery-thumbnail-box\" >\n\t\t\t\t        <div class=\"ngg-gallery-thumbnail\">\n            <a href=\"https:\/\/www.freimarianne.ch\/wp-content\/gallery\/lenzerheide-31-12-21\/IMG_6626.jpeg\"\n               title=\"Parpaner Rothorn 2865m,  Foil Cotschen 2577m, Aroser Rothorn 2960m,  P.2524m, Lenzerhorn 2906m\"\n               data-src=\"https:\/\/www.freimarianne.ch\/wp-content\/gallery\/lenzerheide-31-12-21\/IMG_6626.jpeg\"\n               data-thumbnail=\"https:\/\/www.freimarianne.ch\/wp-content\/gallery\/lenzerheide-31-12-21\/thumbs\/thumbs_IMG_6626.jpeg\"\n               data-image-id=\"28328\"\n               data-title=\"IMG_6626\"\n               data-description=\"Parpaner Rothorn 2865m,  Foil Cotschen 2577m, Aroser Rothorn 2960m,  P.2524m, Lenzerhorn 2906m\"\n               data-image-slug=\"img_6626-1\"\n               class=\"shutterset_0f718b5f0f9572b096a2116bbff670f2\">\n                <img\n                    title=\"IMG_6626\"\n                    alt=\"IMG_6626\"\n                    src=\"https:\/\/www.freimarianne.ch\/wp-content\/gallery\/lenzerheide-31-12-21\/cache\/IMG_6626.jpeg-nggid0528328-ngg0dyn-100x75x100-00f0w010c010r110f110r010t010.jpeg\"\n                    width=\"100\"\n                    height=\"67\"\n                    style=\"max-width:100%;\"\n                \/>\n            <\/a>\n        <\/div>\n\t\t\t\t\t\t\t<\/div> \n\t\t\t\n                                    <br style=\"clear: both\" \/>\n                    \n\t\t\t\t<div id=\"ngg-image-8\" class=\"ngg-gallery-thumbnail-box\" >\n\t\t\t\t        <div class=\"ngg-gallery-thumbnail\">\n            <a href=\"https:\/\/www.freimarianne.ch\/wp-content\/gallery\/lenzerheide-31-12-21\/IMG_6627.jpeg\"\n               title=\"gar kein Schnee\"\n               data-src=\"https:\/\/www.freimarianne.ch\/wp-content\/gallery\/lenzerheide-31-12-21\/IMG_6627.jpeg\"\n               data-thumbnail=\"https:\/\/www.freimarianne.ch\/wp-content\/gallery\/lenzerheide-31-12-21\/thumbs\/thumbs_IMG_6627.jpeg\"\n               data-image-id=\"28330\"\n               data-title=\"IMG_6627\"\n               data-description=\"gar kein Schnee\"\n               data-image-slug=\"img_6627-3\"\n               class=\"shutterset_0f718b5f0f9572b096a2116bbff670f2\">\n                <img\n                    title=\"IMG_6627\"\n                    alt=\"IMG_6627\"\n                    src=\"https:\/\/www.freimarianne.ch\/wp-content\/gallery\/lenzerheide-31-12-21\/cache\/IMG_6627.jpeg-nggid0528330-ngg0dyn-100x75x100-00f0w010c010r110f110r010t010.jpeg\"\n                    width=\"100\"\n                    height=\"67\"\n                    style=\"max-width:100%;\"\n                \/>\n            <\/a>\n        <\/div>\n\t\t\t\t\t\t\t<\/div> \n\t\t\t\n                            \n\t\t\t\t<div id=\"ngg-image-9\" class=\"ngg-gallery-thumbnail-box\" >\n\t\t\t\t        <div class=\"ngg-gallery-thumbnail\">\n            <a href=\"https:\/\/www.freimarianne.ch\/wp-content\/gallery\/lenzerheide-31-12-21\/IMG_6630.jpeg\"\n               title=\"Foil Cotschen 2577m, Aroser Rothorn 2960m\"\n               data-src=\"https:\/\/www.freimarianne.ch\/wp-content\/gallery\/lenzerheide-31-12-21\/IMG_6630.jpeg\"\n               data-thumbnail=\"https:\/\/www.freimarianne.ch\/wp-content\/gallery\/lenzerheide-31-12-21\/thumbs\/thumbs_IMG_6630.jpeg\"\n               data-image-id=\"28327\"\n               data-title=\"IMG_6630\"\n               data-description=\"Foil Cotschen 2577m, Aroser Rothorn 2960m\"\n               data-image-slug=\"img_6630-2\"\n               class=\"shutterset_0f718b5f0f9572b096a2116bbff670f2\">\n                <img\n                    title=\"IMG_6630\"\n                    alt=\"IMG_6630\"\n                    src=\"https:\/\/www.freimarianne.ch\/wp-content\/gallery\/lenzerheide-31-12-21\/cache\/IMG_6630.jpeg-nggid0528327-ngg0dyn-100x75x100-00f0w010c010r110f110r010t010.jpeg\"\n                    width=\"100\"\n                    height=\"67\"\n                    style=\"max-width:100%;\"\n                \/>\n            <\/a>\n        <\/div>\n\t\t\t\t\t\t\t<\/div> \n\t\t\t\n                            \n\t\t\n\t\t<!-- Pagination -->\n\t<div class='ngg-clear'><\/div>\t<\/div>\n\n","protected":false},"excerpt":{"rendered":"<p>Schneeschuhwanderung Heute ist es endlich wieder einmal sch\u00f6nes, sonniges Wetter. Daher fahren wir auf die Lenzerheide, um eine kleine, ausgeschilderte Schneeschuhtour zu machen, die wie sich herausstellt, wirklich sehr kurz ist und am Ende sogar auf der Strasse verl\u00e4uft.Abe rman kann ja von einem dicht besiedelten Kurort eigentlich auch nichts anderes erwarten!Die Natur ist jedenfalls [&hellip;]<\/p>\n","protected":false},"author":1,"featured_media":0,"parent":58138,"menu_order":8,"comment_status":"closed","ping_status":"closed","template":"","meta":{"ngg_post_thumbnail":0},"_links":{"self":[{"href":"https:\/\/www.freimarianne.ch\/index.php?rest_route=\/wp\/v2\/pages\/58470"}],"collection":[{"href":"https:\/\/www.freimarianne.ch\/index.php?rest_route=\/wp\/v2\/pages"}],"about":[{"href":"https:\/\/www.freimarianne.ch\/index.php?rest_route=\/wp\/v2\/types\/page"}],"author":[{"embeddable":true,"href":"https:\/\/www.freimarianne.ch\/index.php?rest_route=\/wp\/v2\/users\/1"}],"replies":[{"embeddable":true,"href":"https:\/\/www.freimarianne.ch\/index.php?rest_route=%2Fwp%2Fv2%2Fcomments&post=58470"}],"version-history":[{"count":5,"href":"https:\/\/www.freimarianne.ch\/index.php?rest_route=\/wp\/v2\/pages\/58470\/revisions"}],"predecessor-version":[{"id":58740,"href":"https:\/\/www.freimarianne.ch\/index.php?rest_route=\/wp\/v2\/pages\/58470\/revisions\/58740"}],"up":[{"embeddable":true,"href":"https:\/\/www.freimarianne.ch\/index.php?rest_route=\/wp\/v2\/pages\/58138"}],"wp:attachment":[{"href":"https:\/\/www.freimarianne.ch\/index.php?rest_route=%2Fwp%2Fv2%2Fmedia&parent=58470"}],"curies":[{"name":"wp","href":"https:\/\/api.w.org\/{rel}","templated":true}]}}