{"id":58492,"date":"2022-01-24T10:59:33","date_gmt":"2022-01-24T09:59:33","guid":{"rendered":"http:\/\/www.freimarianne.ch\/?page_id=58492"},"modified":"2022-01-26T15:17:14","modified_gmt":"2022-01-26T14:17:14","slug":"etang-de-la-gruere-ju-16-1-2022","status":"publish","type":"page","link":"https:\/\/www.freimarianne.ch\/?page_id=58492","title":{"rendered":"Etang de la Gru\u00e8re  JU  16.1.2022"},"content":{"rendered":"\n<p><strong>Winterwanderung<\/strong><\/p>\n\n\n<div id=\"attachment_58467\" style=\"width: 510px\" class=\"wp-caption alignleft\"><img aria-describedby=\"caption-attachment-58467\" loading=\"lazy\" class=\"size-full wp-image-58467\" src=\"http:\/\/www.freimarianne.ch\/wp-content\/uploads\/2022\/01\/IMG_9834_etang-gruere_500.jpeg\" alt=\"\" width=\"500\" height=\"375\" srcset=\"https:\/\/www.freimarianne.ch\/wp-content\/uploads\/2022\/01\/IMG_9834_etang-gruere_500.jpeg 500w, https:\/\/www.freimarianne.ch\/wp-content\/uploads\/2022\/01\/IMG_9834_etang-gruere_500-300x225.jpeg 300w, https:\/\/www.freimarianne.ch\/wp-content\/uploads\/2022\/01\/IMG_9834_etang-gruere_500-400x300.jpeg 400w\" sizes=\"(max-width: 500px) 100vw, 500px\" \/><p id=\"caption-attachment-58467\" class=\"wp-caption-text\">wundersch\u00f6ne Juralandschaft<\/p><\/div>\n<p>&nbsp;<\/p>\n<p>Heute fahre ich nochmals nach Saintl\u00e9gier, wo ich um 10.14h ankomme. Ich wandere auf dem Sommerwanderweg zum Etang de la Gru\u00e8re. Die Pfade sind ausgetreten und am Morgen auch noch eisig. Aber ich gehe zuerst ohne die Iseli an den Schuhen.<br>Es ist sch\u00f6n, in dieser Juragegend \u00fcber die weiten Felder zu wandern. Vor Cerlatez benutze ich eine Fussspur und erreiche so die pr\u00e4chtige Anh\u00f6he von les Cerlatez, Leider sehe ich keine Pferde.<br>Ich folge dann dem Weg \u00fcber die Felder und gelange in einem grossen Bogen zur Strasse und zum Restaurant La Couronne. Vonhier ist es nicht mehr weit zum Etang hinunter.<\/p>\n<p>Da es Sonntags ist, hatten noch viele andere die Idee, hierher zu kommen ! Am Ufer des Teiches finde ich einen Platz f\u00fcr meinen Mittagshalt. Da es mir zu viele Leute hat und auch noch \u201eEinbahnverkehr\u201c am Teich gilt, verzichte ich auf die Teichumrundung und machen mich wieder auf den R\u00fcckweg, wobei ich etwas Neues ausprobieren m\u00f6chte. Ich nehme den Pfad nach La Neue Velle 1017m, von wo ich \u00fcber eine Anh\u00f6he hinunter zum Weiler Les Rouges-Terres 1025m komme. Der Abschnitt vom Hof ins Dorf verl\u00e4uft auf der Strasse. Mein Plan war, weiter unten bei Les Royes auf den Schneeschuhtrasil zu gelangen. Wie ich schon am Vortag bemerkt habe, sind die Markierungen nicht so gut und entsprechen nicht denjenigen auf der Karte. Jedenfalls folge ich dem Trail ,was wegen dem harten Schnee sehr gut geht. Nur bei P. 967m in der Senke benutze ich die Strasse nach la Tuilerie, So bin ich schneller und es gelingt mir, den Zug um 14.46h zu erreichen.<\/p>\n<p>Ich habe die Ruhe und en Sonnenschein genossen.<\/p>\n<p>Laut Schweizmobil:<\/p>\n<p>Distanz: 14.65km; Aufstieg=Abstieg: 276m; Wanderzeit : 3h 40min( Sommer)<\/p>\n<p><a href=\"https:\/\/map.schweizmobil.ch\/?lang=de&amp;photos=yes&amp;bgLayer=pk&amp;logo=yes&amp;detours=yes&amp;season=winter&amp;resolution=4.55&amp;E=2568532&amp;N=1232950&amp;layers=Snowshoe%2CStation&amp;trackId=1143462581\">Karte Schweizmobil:<\/a><\/p>\n<p>&nbsp;<\/p>\n\n\n<!-- index.php -->\n<div\n\tclass=\"ngg-galleryoverview ngg-ajax-pagination-none\"\n\tid=\"ngg-gallery-0bbc81dfe84fe39987a339ed69c68345-1\">\n\n    \t<div class=\"slideshowlink\">\n        <a href='https:\/\/www.freimarianne.ch\/index.php\/nggallery\/slideshow?page_id=58492'>[Show as slideshow]<\/a>\n\t\t\n\t<\/div>\n\t\t\t<!-- Thumbnails -->\n\t\t\t\t<div id=\"ngg-image-0\" class=\"ngg-gallery-thumbnail-box\" >\n\t\t\t\t        <div class=\"ngg-gallery-thumbnail\">\n            <a href=\"https:\/\/www.freimarianne.ch\/wp-content\/gallery\/etang-de-gruere-16-1-22\/IMG_6843.jpeg\"\n               title=\"\"\n               data-src=\"https:\/\/www.freimarianne.ch\/wp-content\/gallery\/etang-de-gruere-16-1-22\/IMG_6843.jpeg\"\n               data-thumbnail=\"https:\/\/www.freimarianne.ch\/wp-content\/gallery\/etang-de-gruere-16-1-22\/thumbs\/thumbs_IMG_6843.jpeg\"\n               data-image-id=\"28494\"\n               data-title=\"IMG_6843\"\n               data-description=\"\"\n               data-image-slug=\"img_6843\"\n               class=\"shutterset_0bbc81dfe84fe39987a339ed69c68345\">\n                <img\n                    title=\"IMG_6843\"\n                    alt=\"IMG_6843\"\n                    src=\"https:\/\/www.freimarianne.ch\/wp-content\/gallery\/etang-de-gruere-16-1-22\/cache\/IMG_6843.jpeg-nggid0528494-ngg0dyn-100x75x100-00f0w010c010r110f110r010t010.jpeg\"\n                    width=\"100\"\n                    height=\"67\"\n                    style=\"max-width:100%;\"\n                \/>\n            <\/a>\n        <\/div>\n\t\t\t\t\t\t\t<\/div> \n\t\t\t\n                            \n\t\t\t\t<div id=\"ngg-image-1\" class=\"ngg-gallery-thumbnail-box\" >\n\t\t\t\t        <div class=\"ngg-gallery-thumbnail\">\n            <a href=\"https:\/\/www.freimarianne.ch\/wp-content\/gallery\/etang-de-gruere-16-1-22\/IMG_6848.jpeg\"\n               title=\"Hof auf  dem Weg zum Etang\"\n               data-src=\"https:\/\/www.freimarianne.ch\/wp-content\/gallery\/etang-de-gruere-16-1-22\/IMG_6848.jpeg\"\n               data-thumbnail=\"https:\/\/www.freimarianne.ch\/wp-content\/gallery\/etang-de-gruere-16-1-22\/thumbs\/thumbs_IMG_6848.jpeg\"\n               data-image-id=\"28493\"\n               data-title=\"IMG_6848\"\n               data-description=\"Hof auf  dem Weg zum Etang\"\n               data-image-slug=\"img_6848-2\"\n               class=\"shutterset_0bbc81dfe84fe39987a339ed69c68345\">\n                <img\n                    title=\"IMG_6848\"\n                    alt=\"IMG_6848\"\n                    src=\"https:\/\/www.freimarianne.ch\/wp-content\/gallery\/etang-de-gruere-16-1-22\/cache\/IMG_6848.jpeg-nggid0528493-ngg0dyn-100x75x100-00f0w010c010r110f110r010t010.jpeg\"\n                    width=\"100\"\n                    height=\"67\"\n                    style=\"max-width:100%;\"\n                \/>\n            <\/a>\n        <\/div>\n\t\t\t\t\t\t\t<\/div> \n\t\t\t\n                            \n\t\t\t\t<div id=\"ngg-image-2\" class=\"ngg-gallery-thumbnail-box\" >\n\t\t\t\t        <div class=\"ngg-gallery-thumbnail\">\n            <a href=\"https:\/\/www.freimarianne.ch\/wp-content\/gallery\/etang-de-gruere-16-1-22\/IMG_6849.jpeg\"\n               title=\"pr\u00e4chtige Juralandschaft\"\n               data-src=\"https:\/\/www.freimarianne.ch\/wp-content\/gallery\/etang-de-gruere-16-1-22\/IMG_6849.jpeg\"\n               data-thumbnail=\"https:\/\/www.freimarianne.ch\/wp-content\/gallery\/etang-de-gruere-16-1-22\/thumbs\/thumbs_IMG_6849.jpeg\"\n               data-image-id=\"28495\"\n               data-title=\"IMG_6849\"\n               data-description=\"pr\u00e4chtige Juralandschaft\"\n               data-image-slug=\"img_6849-4\"\n               class=\"shutterset_0bbc81dfe84fe39987a339ed69c68345\">\n                <img\n                    title=\"IMG_6849\"\n                    alt=\"IMG_6849\"\n                    src=\"https:\/\/www.freimarianne.ch\/wp-content\/gallery\/etang-de-gruere-16-1-22\/cache\/IMG_6849.jpeg-nggid0528495-ngg0dyn-100x75x100-00f0w010c010r110f110r010t010.jpeg\"\n                    width=\"100\"\n                    height=\"67\"\n                    style=\"max-width:100%;\"\n                \/>\n            <\/a>\n        <\/div>\n\t\t\t\t\t\t\t<\/div> \n\t\t\t\n                            \n\t\t\t\t<div id=\"ngg-image-3\" class=\"ngg-gallery-thumbnail-box\" >\n\t\t\t\t        <div class=\"ngg-gallery-thumbnail\">\n            <a href=\"https:\/\/www.freimarianne.ch\/wp-content\/gallery\/etang-de-gruere-16-1-22\/IMG_6854.jpeg\"\n               title=\"Marianne bei les Cerlatez\"\n               data-src=\"https:\/\/www.freimarianne.ch\/wp-content\/gallery\/etang-de-gruere-16-1-22\/IMG_6854.jpeg\"\n               data-thumbnail=\"https:\/\/www.freimarianne.ch\/wp-content\/gallery\/etang-de-gruere-16-1-22\/thumbs\/thumbs_IMG_6854.jpeg\"\n               data-image-id=\"28492\"\n               data-title=\"IMG_6854\"\n               data-description=\"Marianne bei les Cerlatez\"\n               data-image-slug=\"img_6854-4\"\n               class=\"shutterset_0bbc81dfe84fe39987a339ed69c68345\">\n                <img\n                    title=\"IMG_6854\"\n                    alt=\"IMG_6854\"\n                    src=\"https:\/\/www.freimarianne.ch\/wp-content\/gallery\/etang-de-gruere-16-1-22\/cache\/IMG_6854.jpeg-nggid0528492-ngg0dyn-100x75x100-00f0w010c010r110f110r010t010.jpeg\"\n                    width=\"100\"\n                    height=\"75\"\n                    style=\"max-width:100%;\"\n                \/>\n            <\/a>\n        <\/div>\n\t\t\t\t\t\t\t<\/div> \n\t\t\t\n                                    <br style=\"clear: both\" \/>\n                    \n\t\t\t\t<div id=\"ngg-image-4\" class=\"ngg-gallery-thumbnail-box\" >\n\t\t\t\t        <div class=\"ngg-gallery-thumbnail\">\n            <a href=\"https:\/\/www.freimarianne.ch\/wp-content\/gallery\/etang-de-gruere-16-1-22\/IMG_6857.jpeg\"\n               title=\"zum Etang de la Gru\u00e8re\"\n               data-src=\"https:\/\/www.freimarianne.ch\/wp-content\/gallery\/etang-de-gruere-16-1-22\/IMG_6857.jpeg\"\n               data-thumbnail=\"https:\/\/www.freimarianne.ch\/wp-content\/gallery\/etang-de-gruere-16-1-22\/thumbs\/thumbs_IMG_6857.jpeg\"\n               data-image-id=\"28489\"\n               data-title=\"IMG_6857\"\n               data-description=\"zum Etang de la Gru\u00e8re\"\n               data-image-slug=\"img_6857-4\"\n               class=\"shutterset_0bbc81dfe84fe39987a339ed69c68345\">\n                <img\n                    title=\"IMG_6857\"\n                    alt=\"IMG_6857\"\n                    src=\"https:\/\/www.freimarianne.ch\/wp-content\/gallery\/etang-de-gruere-16-1-22\/cache\/IMG_6857.jpeg-nggid0528489-ngg0dyn-100x75x100-00f0w010c010r110f110r010t010.jpeg\"\n                    width=\"100\"\n                    height=\"67\"\n                    style=\"max-width:100%;\"\n                \/>\n            <\/a>\n        <\/div>\n\t\t\t\t\t\t\t<\/div> \n\t\t\t\n                            \n\t\t\t\t<div id=\"ngg-image-5\" class=\"ngg-gallery-thumbnail-box\" >\n\t\t\t\t        <div class=\"ngg-gallery-thumbnail\">\n            <a href=\"https:\/\/www.freimarianne.ch\/wp-content\/gallery\/etang-de-gruere-16-1-22\/IMG_6859.jpeg\"\n               title=\"Mittagspause am Etang de la Gru\u00e8re\"\n               data-src=\"https:\/\/www.freimarianne.ch\/wp-content\/gallery\/etang-de-gruere-16-1-22\/IMG_6859.jpeg\"\n               data-thumbnail=\"https:\/\/www.freimarianne.ch\/wp-content\/gallery\/etang-de-gruere-16-1-22\/thumbs\/thumbs_IMG_6859.jpeg\"\n               data-image-id=\"28487\"\n               data-title=\"IMG_6859\"\n               data-description=\"Mittagspause am Etang de la Gru\u00e8re\"\n               data-image-slug=\"img_6859-1\"\n               class=\"shutterset_0bbc81dfe84fe39987a339ed69c68345\">\n                <img\n                    title=\"IMG_6859\"\n                    alt=\"IMG_6859\"\n                    src=\"https:\/\/www.freimarianne.ch\/wp-content\/gallery\/etang-de-gruere-16-1-22\/cache\/IMG_6859.jpeg-nggid0528487-ngg0dyn-100x75x100-00f0w010c010r110f110r010t010.jpeg\"\n                    width=\"100\"\n                    height=\"67\"\n                    style=\"max-width:100%;\"\n                \/>\n            <\/a>\n        <\/div>\n\t\t\t\t\t\t\t<\/div> \n\t\t\t\n                            \n\t\t\t\t<div id=\"ngg-image-6\" class=\"ngg-gallery-thumbnail-box\" >\n\t\t\t\t        <div class=\"ngg-gallery-thumbnail\">\n            <a href=\"https:\/\/www.freimarianne.ch\/wp-content\/gallery\/etang-de-gruere-16-1-22\/IMG_6861.jpeg\"\n               title=\"wieder unterwegs\"\n               data-src=\"https:\/\/www.freimarianne.ch\/wp-content\/gallery\/etang-de-gruere-16-1-22\/IMG_6861.jpeg\"\n               data-thumbnail=\"https:\/\/www.freimarianne.ch\/wp-content\/gallery\/etang-de-gruere-16-1-22\/thumbs\/thumbs_IMG_6861.jpeg\"\n               data-image-id=\"28488\"\n               data-title=\"IMG_6861\"\n               data-description=\"wieder unterwegs\"\n               data-image-slug=\"img_6861-2\"\n               class=\"shutterset_0bbc81dfe84fe39987a339ed69c68345\">\n                <img\n                    title=\"IMG_6861\"\n                    alt=\"IMG_6861\"\n                    src=\"https:\/\/www.freimarianne.ch\/wp-content\/gallery\/etang-de-gruere-16-1-22\/cache\/IMG_6861.jpeg-nggid0528488-ngg0dyn-100x75x100-00f0w010c010r110f110r010t010.jpeg\"\n                    width=\"100\"\n                    height=\"67\"\n                    style=\"max-width:100%;\"\n                \/>\n            <\/a>\n        <\/div>\n\t\t\t\t\t\t\t<\/div> \n\t\t\t\n                            \n\t\t\t\t<div id=\"ngg-image-7\" class=\"ngg-gallery-thumbnail-box\" >\n\t\t\t\t        <div class=\"ngg-gallery-thumbnail\">\n            <a href=\"https:\/\/www.freimarianne.ch\/wp-content\/gallery\/etang-de-gruere-16-1-22\/IMG_6862.jpeg\"\n               title=\"wundersch\u00f6ne Juralandschaft\"\n               data-src=\"https:\/\/www.freimarianne.ch\/wp-content\/gallery\/etang-de-gruere-16-1-22\/IMG_6862.jpeg\"\n               data-thumbnail=\"https:\/\/www.freimarianne.ch\/wp-content\/gallery\/etang-de-gruere-16-1-22\/thumbs\/thumbs_IMG_6862.jpeg\"\n               data-image-id=\"28490\"\n               data-title=\"IMG_6862\"\n               data-description=\"wundersch\u00f6ne Juralandschaft\"\n               data-image-slug=\"img_6862-3\"\n               class=\"shutterset_0bbc81dfe84fe39987a339ed69c68345\">\n                <img\n                    title=\"IMG_6862\"\n                    alt=\"IMG_6862\"\n                    src=\"https:\/\/www.freimarianne.ch\/wp-content\/gallery\/etang-de-gruere-16-1-22\/cache\/IMG_6862.jpeg-nggid0528490-ngg0dyn-100x75x100-00f0w010c010r110f110r010t010.jpeg\"\n                    width=\"100\"\n                    height=\"67\"\n                    style=\"max-width:100%;\"\n                \/>\n            <\/a>\n        <\/div>\n\t\t\t\t\t\t\t<\/div> \n\t\t\t\n                                    <br style=\"clear: both\" \/>\n                    \n\t\t\t\t<div id=\"ngg-image-8\" class=\"ngg-gallery-thumbnail-box\" >\n\t\t\t\t        <div class=\"ngg-gallery-thumbnail\">\n            <a href=\"https:\/\/www.freimarianne.ch\/wp-content\/gallery\/etang-de-gruere-16-1-22\/IMG_6865.jpeg\"\n               title=\"gegen den  Hof la Neuve Velle\"\n               data-src=\"https:\/\/www.freimarianne.ch\/wp-content\/gallery\/etang-de-gruere-16-1-22\/IMG_6865.jpeg\"\n               data-thumbnail=\"https:\/\/www.freimarianne.ch\/wp-content\/gallery\/etang-de-gruere-16-1-22\/thumbs\/thumbs_IMG_6865.jpeg\"\n               data-image-id=\"28491\"\n               data-title=\"IMG_6865\"\n               data-description=\"gegen den  Hof la Neuve Velle\"\n               data-image-slug=\"img_6865-3\"\n               class=\"shutterset_0bbc81dfe84fe39987a339ed69c68345\">\n                <img\n                    title=\"IMG_6865\"\n                    alt=\"IMG_6865\"\n                    src=\"https:\/\/www.freimarianne.ch\/wp-content\/gallery\/etang-de-gruere-16-1-22\/cache\/IMG_6865.jpeg-nggid0528491-ngg0dyn-100x75x100-00f0w010c010r110f110r010t010.jpeg\"\n                    width=\"100\"\n                    height=\"67\"\n                    style=\"max-width:100%;\"\n                \/>\n            <\/a>\n        <\/div>\n\t\t\t\t\t\t\t<\/div> \n\t\t\t\n                            \n\t\t\t\t<div id=\"ngg-image-9\" class=\"ngg-gallery-thumbnail-box\" >\n\t\t\t\t        <div class=\"ngg-gallery-thumbnail\">\n            <a href=\"https:\/\/www.freimarianne.ch\/wp-content\/gallery\/etang-de-gruere-16-1-22\/IMG_6872.jpeg\"\n               title=\"hier bin ich auf eine SS Trail !\"\n               data-src=\"https:\/\/www.freimarianne.ch\/wp-content\/gallery\/etang-de-gruere-16-1-22\/IMG_6872.jpeg\"\n               data-thumbnail=\"https:\/\/www.freimarianne.ch\/wp-content\/gallery\/etang-de-gruere-16-1-22\/thumbs\/thumbs_IMG_6872.jpeg\"\n               data-image-id=\"28486\"\n               data-title=\"IMG_6872\"\n               data-description=\"hier bin ich auf eine SS Trail !\"\n               data-image-slug=\"img_6872-2\"\n               class=\"shutterset_0bbc81dfe84fe39987a339ed69c68345\">\n                <img\n                    title=\"IMG_6872\"\n                    alt=\"IMG_6872\"\n                    src=\"https:\/\/www.freimarianne.ch\/wp-content\/gallery\/etang-de-gruere-16-1-22\/cache\/IMG_6872.jpeg-nggid0528486-ngg0dyn-100x75x100-00f0w010c010r110f110r010t010.jpeg\"\n                    width=\"100\"\n                    height=\"67\"\n                    style=\"max-width:100%;\"\n                \/>\n            <\/a>\n        <\/div>\n\t\t\t\t\t\t\t<\/div> \n\t\t\t\n                            \n\t\t\n\t\t<!-- Pagination -->\n\t<div class='ngg-clear'><\/div>\t<\/div>\n\n\n\n\n<!-- index.php -->\n<div\n\tclass=\"ngg-galleryoverview ngg-ajax-pagination-none\"\n\tid=\"ngg-gallery-c8d0b050d50117d7d7e2bc3acf2f9de1-1\">\n\n    \t<div class=\"slideshowlink\">\n        <a href='https:\/\/www.freimarianne.ch\/index.php\/nggallery\/slideshow?page_id=58492'>[Show as slideshow]<\/a>\n\t\t\n\t<\/div>\n\t\t\t<!-- Thumbnails -->\n\t\t\t\t<div id=\"ngg-image-0\" class=\"ngg-gallery-thumbnail-box\" >\n\t\t\t\t        <div class=\"ngg-gallery-thumbnail\">\n            <a href=\"https:\/\/www.freimarianne.ch\/wp-content\/gallery\/etang-de-gruere-iph-16-1-22\/IMG_9825.jpeg\"\n               title=\"grosse weite Fl\u00e4chen\"\n               data-src=\"https:\/\/www.freimarianne.ch\/wp-content\/gallery\/etang-de-gruere-iph-16-1-22\/IMG_9825.jpeg\"\n               data-thumbnail=\"https:\/\/www.freimarianne.ch\/wp-content\/gallery\/etang-de-gruere-iph-16-1-22\/thumbs\/thumbs_IMG_9825.jpeg\"\n               data-image-id=\"28499\"\n               data-title=\"IMG_9825\"\n               data-description=\"grosse weite Fl\u00e4chen\"\n               data-image-slug=\"img_9825-3\"\n               class=\"shutterset_c8d0b050d50117d7d7e2bc3acf2f9de1\">\n                <img\n                    title=\"IMG_9825\"\n                    alt=\"IMG_9825\"\n                    src=\"https:\/\/www.freimarianne.ch\/wp-content\/gallery\/etang-de-gruere-iph-16-1-22\/cache\/IMG_9825.jpeg-nggid0528499-ngg0dyn-100x75x100-00f0w010c010r110f110r010t010.jpeg\"\n                    width=\"100\"\n                    height=\"75\"\n                    style=\"max-width:100%;\"\n                \/>\n            <\/a>\n        <\/div>\n\t\t\t\t\t\t\t<\/div> \n\t\t\t\n                            \n\t\t\t\t<div id=\"ngg-image-1\" class=\"ngg-gallery-thumbnail-box\" >\n\t\t\t\t        <div class=\"ngg-gallery-thumbnail\">\n            <a href=\"https:\/\/www.freimarianne.ch\/wp-content\/gallery\/etang-de-gruere-iph-16-1-22\/IMG_9827.jpeg\"\n               title=\"bei les Cerlatez\"\n               data-src=\"https:\/\/www.freimarianne.ch\/wp-content\/gallery\/etang-de-gruere-iph-16-1-22\/IMG_9827.jpeg\"\n               data-thumbnail=\"https:\/\/www.freimarianne.ch\/wp-content\/gallery\/etang-de-gruere-iph-16-1-22\/thumbs\/thumbs_IMG_9827.jpeg\"\n               data-image-id=\"28498\"\n               data-title=\"IMG_9827\"\n               data-description=\"bei les Cerlatez\"\n               data-image-slug=\"img_9827-2\"\n               class=\"shutterset_c8d0b050d50117d7d7e2bc3acf2f9de1\">\n                <img\n                    title=\"IMG_9827\"\n                    alt=\"IMG_9827\"\n                    src=\"https:\/\/www.freimarianne.ch\/wp-content\/gallery\/etang-de-gruere-iph-16-1-22\/cache\/IMG_9827.jpeg-nggid0528498-ngg0dyn-100x75x100-00f0w010c010r110f110r010t010.jpeg\"\n                    width=\"100\"\n                    height=\"64\"\n                    style=\"max-width:100%;\"\n                \/>\n            <\/a>\n        <\/div>\n\t\t\t\t\t\t\t<\/div> \n\t\t\t\n                            \n\t\t\t\t<div id=\"ngg-image-2\" class=\"ngg-gallery-thumbnail-box\" >\n\t\t\t\t        <div class=\"ngg-gallery-thumbnail\">\n            <a href=\"https:\/\/www.freimarianne.ch\/wp-content\/gallery\/etang-de-gruere-iph-16-1-22\/IMG_9834.jpeg\"\n               title=\"wundersch\u00f6ne Juralandschaft\"\n               data-src=\"https:\/\/www.freimarianne.ch\/wp-content\/gallery\/etang-de-gruere-iph-16-1-22\/IMG_9834.jpeg\"\n               data-thumbnail=\"https:\/\/www.freimarianne.ch\/wp-content\/gallery\/etang-de-gruere-iph-16-1-22\/thumbs\/thumbs_IMG_9834.jpeg\"\n               data-image-id=\"28500\"\n               data-title=\"IMG_9834\"\n               data-description=\"wundersch\u00f6ne Juralandschaft\"\n               data-image-slug=\"img_9834-4\"\n               class=\"shutterset_c8d0b050d50117d7d7e2bc3acf2f9de1\">\n                <img\n                    title=\"IMG_9834\"\n                    alt=\"IMG_9834\"\n                    src=\"https:\/\/www.freimarianne.ch\/wp-content\/gallery\/etang-de-gruere-iph-16-1-22\/cache\/IMG_9834.jpeg-nggid0528500-ngg0dyn-100x75x100-00f0w010c010r110f110r010t010.jpeg\"\n                    width=\"100\"\n                    height=\"75\"\n                    style=\"max-width:100%;\"\n                \/>\n            <\/a>\n        <\/div>\n\t\t\t\t\t\t\t<\/div> \n\t\t\t\n                            \n\t\t\t\t<div id=\"ngg-image-3\" class=\"ngg-gallery-thumbnail-box\" >\n\t\t\t\t        <div class=\"ngg-gallery-thumbnail\">\n            <a href=\"https:\/\/www.freimarianne.ch\/wp-content\/gallery\/etang-de-gruere-iph-16-1-22\/IMG_9836.jpeg\"\n               title=\"am Etang de la Gru\u00e8re\"\n               data-src=\"https:\/\/www.freimarianne.ch\/wp-content\/gallery\/etang-de-gruere-iph-16-1-22\/IMG_9836.jpeg\"\n               data-thumbnail=\"https:\/\/www.freimarianne.ch\/wp-content\/gallery\/etang-de-gruere-iph-16-1-22\/thumbs\/thumbs_IMG_9836.jpeg\"\n               data-image-id=\"28497\"\n               data-title=\"IMG_9836\"\n               data-description=\"am Etang de la Gru\u00e8re\"\n               data-image-slug=\"img_9836-2\"\n               class=\"shutterset_c8d0b050d50117d7d7e2bc3acf2f9de1\">\n                <img\n                    title=\"IMG_9836\"\n                    alt=\"IMG_9836\"\n                    src=\"https:\/\/www.freimarianne.ch\/wp-content\/gallery\/etang-de-gruere-iph-16-1-22\/cache\/IMG_9836.jpeg-nggid0528497-ngg0dyn-100x75x100-00f0w010c010r110f110r010t010.jpeg\"\n                    width=\"100\"\n                    height=\"75\"\n                    style=\"max-width:100%;\"\n                \/>\n            <\/a>\n        <\/div>\n\t\t\t\t\t\t\t<\/div> \n\t\t\t\n                                    <br style=\"clear: both\" \/>\n                    \n\t\t\t\t<div id=\"ngg-image-4\" class=\"ngg-gallery-thumbnail-box\" >\n\t\t\t\t        <div class=\"ngg-gallery-thumbnail\">\n            <a href=\"https:\/\/www.freimarianne.ch\/wp-content\/gallery\/etang-de-gruere-iph-16-1-22\/IMG_9846.jpeg\"\n               title=\"Juralandschaft\"\n               data-src=\"https:\/\/www.freimarianne.ch\/wp-content\/gallery\/etang-de-gruere-iph-16-1-22\/IMG_9846.jpeg\"\n               data-thumbnail=\"https:\/\/www.freimarianne.ch\/wp-content\/gallery\/etang-de-gruere-iph-16-1-22\/thumbs\/thumbs_IMG_9846.jpeg\"\n               data-image-id=\"28496\"\n               data-title=\"IMG_9846\"\n               data-description=\"Juralandschaft\"\n               data-image-slug=\"img_9846-3\"\n               class=\"shutterset_c8d0b050d50117d7d7e2bc3acf2f9de1\">\n                <img\n                    title=\"IMG_9846\"\n                    alt=\"IMG_9846\"\n                    src=\"https:\/\/www.freimarianne.ch\/wp-content\/gallery\/etang-de-gruere-iph-16-1-22\/cache\/IMG_9846.jpeg-nggid0528496-ngg0dyn-100x75x100-00f0w010c010r110f110r010t010.jpeg\"\n                    width=\"100\"\n                    height=\"75\"\n                    style=\"max-width:100%;\"\n                \/>\n            <\/a>\n        <\/div>\n\t\t\t\t\t\t\t<\/div> \n\t\t\t\n                            \n\t\t\n\t\t<!-- Pagination -->\n\t<div class='ngg-clear'><\/div>\t<\/div>\n\n","protected":false},"excerpt":{"rendered":"<p>Winterwanderung &nbsp; Heute fahre ich nochmals nach Saintl\u00e9gier, wo ich um 10.14h ankomme. Ich wandere auf dem Sommerwanderweg zum Etang de la Gru\u00e8re. Die Pfade sind ausgetreten und am Morgen auch noch eisig. Aber ich gehe zuerst ohne die Iseli an den Schuhen.Es ist sch\u00f6n, in dieser Juragegend \u00fcber die weiten Felder zu wandern. Vor [&hellip;]<\/p>\n","protected":false},"author":1,"featured_media":0,"parent":58138,"menu_order":14,"comment_status":"closed","ping_status":"closed","template":"","meta":{"ngg_post_thumbnail":0},"_links":{"self":[{"href":"https:\/\/www.freimarianne.ch\/index.php?rest_route=\/wp\/v2\/pages\/58492"}],"collection":[{"href":"https:\/\/www.freimarianne.ch\/index.php?rest_route=\/wp\/v2\/pages"}],"about":[{"href":"https:\/\/www.freimarianne.ch\/index.php?rest_route=\/wp\/v2\/types\/page"}],"author":[{"embeddable":true,"href":"https:\/\/www.freimarianne.ch\/index.php?rest_route=\/wp\/v2\/users\/1"}],"replies":[{"embeddable":true,"href":"https:\/\/www.freimarianne.ch\/index.php?rest_route=%2Fwp%2Fv2%2Fcomments&post=58492"}],"version-history":[{"count":5,"href":"https:\/\/www.freimarianne.ch\/index.php?rest_route=\/wp\/v2\/pages\/58492\/revisions"}],"predecessor-version":[{"id":58758,"href":"https:\/\/www.freimarianne.ch\/index.php?rest_route=\/wp\/v2\/pages\/58492\/revisions\/58758"}],"up":[{"embeddable":true,"href":"https:\/\/www.freimarianne.ch\/index.php?rest_route=\/wp\/v2\/pages\/58138"}],"wp:attachment":[{"href":"https:\/\/www.freimarianne.ch\/index.php?rest_route=%2Fwp%2Fv2%2Fmedia&parent=58492"}],"curies":[{"name":"wp","href":"https:\/\/api.w.org\/{rel}","templated":true}]}}