{"id":59120,"date":"2022-03-17T11:02:57","date_gmt":"2022-03-17T10:02:57","guid":{"rendered":"http:\/\/www.freimarianne.ch\/?page_id=59120"},"modified":"2022-03-19T08:39:25","modified_gmt":"2022-03-19T07:39:25","slug":"lenzerheide-valbella-val-sporz-gr-9-3-2022","status":"publish","type":"page","link":"https:\/\/www.freimarianne.ch\/?page_id=59120","title":{"rendered":"Lenzerheide Valbella &#8211; Val Sporz  GR  9.3.2022"},"content":{"rendered":"\n<p><strong>Winterwanderung<\/strong><\/p>\n\n\n\n<div class=\"wp-block-image is-style-default\"><figure class=\"alignleft\"><img loading=\"lazy\" width=\"500\" height=\"375\" src=\"http:\/\/www.freimarianne.ch\/wp-content\/uploads\/2022\/03\/IMG_0268_lenzerheide_3.22_500.jpeg\" alt=\"\" class=\"wp-image-59118\" srcset=\"https:\/\/www.freimarianne.ch\/wp-content\/uploads\/2022\/03\/IMG_0268_lenzerheide_3.22_500.jpeg 500w, https:\/\/www.freimarianne.ch\/wp-content\/uploads\/2022\/03\/IMG_0268_lenzerheide_3.22_500-300x225.jpeg 300w, https:\/\/www.freimarianne.ch\/wp-content\/uploads\/2022\/03\/IMG_0268_lenzerheide_3.22_500-400x300.jpeg 400w\" sizes=\"(max-width: 500px) 100vw, 500px\" \/><\/figure><\/div>\n\n\n<p>Heute wollen wir nochmals ein Wintererlebnis haben !<br>Wir fahren nach Lenzerheide Valbella und beginnen beim Skilift unsere Wanderung hin\u00fcber nach Tgantieni. Vorerst geht es recht hinauf, wobei es etliche vereiste Stellen gibt. Bei O. 1604m kommen wir zu einem Parkplatz. Ab hier gibt es keine weiteren Strasse mehr und wir wandern nun auf dem Winterwanderweg, der quer durch den Hang verl\u00e4uft, wobei es noch einige Steigungen zu bew\u00e4ltigen gibt. Bei der Abzweigung Foppa halten wir auf einer Bank unsere verfr\u00fchte Mittagspause und geniessen die Sonne und das wundersch\u00f6ne Panorama.<br>Dann geht es weiter nach Spoina 1707m und weiter hinauf \u00fcber Cresta nach Tgantieni 1789m.<br>Wir steigen hinunter zum Restaurant und haben dann etwas M\u00fche, wieder auf den Winterwanderweg zu gelangen. Wir verpassen den oberen Weg und gelangen so nach Sporz, von ich auch schon war. Von hier aus wandern wir hin\u00fcber nach Val Sporz, wo wir bald einen Bus ins Dorf haben. Wir haben noch Zeit f\u00fcr einen Kaffee bevor wir um 15.23h den Bus nach Chur besteigen.<\/p>\n<p>Laut Schweizmobil:<br>Distanz: 9.31km; Aufstieg= Abstieg: 402m; Wanderzeit: 2h 42min (Sommer)<\/p>\n<p><a href=\"https:\/\/map.schweizmobil.ch\/?lang=de&amp;photos=yes&amp;bgLayer=pk&amp;logo=yes&amp;detours=yes&amp;season=summer&amp;resolution=8&amp;E=2760587&amp;N=1177601&amp;trackId=537783952\">Karte Schweizmobil:<\/a><\/p>\n\n\n<!-- index.php -->\n<div\n\tclass=\"ngg-galleryoverview ngg-ajax-pagination-none\"\n\tid=\"ngg-gallery-5edf661d63b340b73dae62181f87fa1c-1\">\n\n    \t<div class=\"slideshowlink\">\n        <a href='https:\/\/www.freimarianne.ch\/index.php\/nggallery\/slideshow?page_id=59120'>[Show as slideshow]<\/a>\n\t\t\n\t<\/div>\n\t\t\t<!-- Thumbnails -->\n\t\t\t\t<div id=\"ngg-image-0\" class=\"ngg-gallery-thumbnail-box\" >\n\t\t\t\t        <div class=\"ngg-gallery-thumbnail\">\n            <a href=\"https:\/\/www.freimarianne.ch\/wp-content\/gallery\/valbella-9-3-22\/IMG_0214.jpeg\"\n               title=\"in Valbella;li  Lenzerhorn 2906m, Piz Arbalatsch 3203m, Piz Forbesch 3261m, Piz Toissa 2657m\"\n               data-src=\"https:\/\/www.freimarianne.ch\/wp-content\/gallery\/valbella-9-3-22\/IMG_0214.jpeg\"\n               data-thumbnail=\"https:\/\/www.freimarianne.ch\/wp-content\/gallery\/valbella-9-3-22\/thumbs\/thumbs_IMG_0214.jpeg\"\n               data-image-id=\"28814\"\n               data-title=\"IMG_0214\"\n               data-description=\"in Valbella;li  Lenzerhorn 2906m, Piz Arbalatsch 3203m, Piz Forbesch 3261m, Piz Toissa 2657m\"\n               data-image-slug=\"img_0214-2\"\n               class=\"shutterset_5edf661d63b340b73dae62181f87fa1c\">\n                <img\n                    title=\"IMG_0214\"\n                    alt=\"IMG_0214\"\n                    src=\"https:\/\/www.freimarianne.ch\/wp-content\/gallery\/valbella-9-3-22\/cache\/IMG_0214.jpeg-nggid0528814-ngg0dyn-100x75x100-00f0w010c010r110f110r010t010.jpeg\"\n                    width=\"100\"\n                    height=\"67\"\n                    style=\"max-width:100%;\"\n                \/>\n            <\/a>\n        <\/div>\n\t\t\t\t\t\t\t<\/div> \n\t\t\t\n                            \n\t\t\t\t<div id=\"ngg-image-1\" class=\"ngg-gallery-thumbnail-box\" >\n\t\t\t\t        <div class=\"ngg-gallery-thumbnail\">\n            <a href=\"https:\/\/www.freimarianne.ch\/wp-content\/gallery\/valbella-9-3-22\/IMG_0219.jpeg\"\n               title=\"Blick zur\u00fcck auf Valbella\"\n               data-src=\"https:\/\/www.freimarianne.ch\/wp-content\/gallery\/valbella-9-3-22\/IMG_0219.jpeg\"\n               data-thumbnail=\"https:\/\/www.freimarianne.ch\/wp-content\/gallery\/valbella-9-3-22\/thumbs\/thumbs_IMG_0219.jpeg\"\n               data-image-id=\"28813\"\n               data-title=\"IMG_0219\"\n               data-description=\"Blick zur\u00fcck auf Valbella\"\n               data-image-slug=\"img_0219-6\"\n               class=\"shutterset_5edf661d63b340b73dae62181f87fa1c\">\n                <img\n                    title=\"IMG_0219\"\n                    alt=\"IMG_0219\"\n                    src=\"https:\/\/www.freimarianne.ch\/wp-content\/gallery\/valbella-9-3-22\/cache\/IMG_0219.jpeg-nggid0528813-ngg0dyn-100x75x100-00f0w010c010r110f110r010t010.jpeg\"\n                    width=\"100\"\n                    height=\"67\"\n                    style=\"max-width:100%;\"\n                \/>\n            <\/a>\n        <\/div>\n\t\t\t\t\t\t\t<\/div> \n\t\t\t\n                            \n\t\t\t\t<div id=\"ngg-image-2\" class=\"ngg-gallery-thumbnail-box\" >\n\t\t\t\t        <div class=\"ngg-gallery-thumbnail\">\n            <a href=\"https:\/\/www.freimarianne.ch\/wp-content\/gallery\/valbella-9-3-22\/IMG_0222.jpeg\"\n               title=\"Wegverzweigung; St\u00e4tzerhorn\"\n               data-src=\"https:\/\/www.freimarianne.ch\/wp-content\/gallery\/valbella-9-3-22\/IMG_0222.jpeg\"\n               data-thumbnail=\"https:\/\/www.freimarianne.ch\/wp-content\/gallery\/valbella-9-3-22\/thumbs\/thumbs_IMG_0222.jpeg\"\n               data-image-id=\"28812\"\n               data-title=\"IMG_0222\"\n               data-description=\"Wegverzweigung; St\u00e4tzerhorn\"\n               data-image-slug=\"img_0222-5\"\n               class=\"shutterset_5edf661d63b340b73dae62181f87fa1c\">\n                <img\n                    title=\"IMG_0222\"\n                    alt=\"IMG_0222\"\n                    src=\"https:\/\/www.freimarianne.ch\/wp-content\/gallery\/valbella-9-3-22\/cache\/IMG_0222.jpeg-nggid0528812-ngg0dyn-100x75x100-00f0w010c010r110f110r010t010.jpeg\"\n                    width=\"100\"\n                    height=\"67\"\n                    style=\"max-width:100%;\"\n                \/>\n            <\/a>\n        <\/div>\n\t\t\t\t\t\t\t<\/div> \n\t\t\t\n                            \n\t\t\t\t<div id=\"ngg-image-3\" class=\"ngg-gallery-thumbnail-box\" >\n\t\t\t\t        <div class=\"ngg-gallery-thumbnail\">\n            <a href=\"https:\/\/www.freimarianne.ch\/wp-content\/gallery\/valbella-9-3-22\/IMG_0278.jpeg\"\n               title=\"\"\n               data-src=\"https:\/\/www.freimarianne.ch\/wp-content\/gallery\/valbella-9-3-22\/IMG_0278.jpeg\"\n               data-thumbnail=\"https:\/\/www.freimarianne.ch\/wp-content\/gallery\/valbella-9-3-22\/thumbs\/thumbs_IMG_0278.jpeg\"\n               data-image-id=\"28808\"\n               data-title=\"IMG_0278\"\n               data-description=\"\"\n               data-image-slug=\"img_0278-2\"\n               class=\"shutterset_5edf661d63b340b73dae62181f87fa1c\">\n                <img\n                    title=\"IMG_0278\"\n                    alt=\"IMG_0278\"\n                    src=\"https:\/\/www.freimarianne.ch\/wp-content\/gallery\/valbella-9-3-22\/cache\/IMG_0278.jpeg-nggid0528808-ngg0dyn-100x75x100-00f0w010c010r110f110r010t010.jpeg\"\n                    width=\"100\"\n                    height=\"56\"\n                    style=\"max-width:100%;\"\n                \/>\n            <\/a>\n        <\/div>\n\t\t\t\t\t\t\t<\/div> \n\t\t\t\n                                    <br style=\"clear: both\" \/>\n                    \n\t\t\t\t<div id=\"ngg-image-4\" class=\"ngg-gallery-thumbnail-box\" >\n\t\t\t\t        <div class=\"ngg-gallery-thumbnail\">\n            <a href=\"https:\/\/www.freimarianne.ch\/wp-content\/gallery\/valbella-9-3-22\/IMG_0277.jpeg\"\n               title=\"\"\n               data-src=\"https:\/\/www.freimarianne.ch\/wp-content\/gallery\/valbella-9-3-22\/IMG_0277.jpeg\"\n               data-thumbnail=\"https:\/\/www.freimarianne.ch\/wp-content\/gallery\/valbella-9-3-22\/thumbs\/thumbs_IMG_0277.jpeg\"\n               data-image-id=\"28810\"\n               data-title=\"IMG_0277\"\n               data-description=\"\"\n               data-image-slug=\"img_0277-2\"\n               class=\"shutterset_5edf661d63b340b73dae62181f87fa1c\">\n                <img\n                    title=\"IMG_0277\"\n                    alt=\"IMG_0277\"\n                    src=\"https:\/\/www.freimarianne.ch\/wp-content\/gallery\/valbella-9-3-22\/cache\/IMG_0277.jpeg-nggid0528810-ngg0dyn-100x75x100-00f0w010c010r110f110r010t010.jpeg\"\n                    width=\"100\"\n                    height=\"56\"\n                    style=\"max-width:100%;\"\n                \/>\n            <\/a>\n        <\/div>\n\t\t\t\t\t\t\t<\/div> \n\t\t\t\n                            \n\t\t\t\t<div id=\"ngg-image-5\" class=\"ngg-gallery-thumbnail-box\" >\n\t\t\t\t        <div class=\"ngg-gallery-thumbnail\">\n            <a href=\"https:\/\/www.freimarianne.ch\/wp-content\/gallery\/valbella-9-3-22\/IMG_0229.jpeg\"\n               title=\"Marianne auf der Lenzerheide\"\n               data-src=\"https:\/\/www.freimarianne.ch\/wp-content\/gallery\/valbella-9-3-22\/IMG_0229.jpeg\"\n               data-thumbnail=\"https:\/\/www.freimarianne.ch\/wp-content\/gallery\/valbella-9-3-22\/thumbs\/thumbs_IMG_0229.jpeg\"\n               data-image-id=\"28811\"\n               data-title=\"IMG_0229\"\n               data-description=\"Marianne auf der Lenzerheide\"\n               data-image-slug=\"img_0229-5\"\n               class=\"shutterset_5edf661d63b340b73dae62181f87fa1c\">\n                <img\n                    title=\"IMG_0229\"\n                    alt=\"IMG_0229\"\n                    src=\"https:\/\/www.freimarianne.ch\/wp-content\/gallery\/valbella-9-3-22\/cache\/IMG_0229.jpeg-nggid0528811-ngg0dyn-100x75x100-00f0w010c010r110f110r010t010.jpeg\"\n                    width=\"95\"\n                    height=\"75\"\n                    style=\"max-width:100%;\"\n                \/>\n            <\/a>\n        <\/div>\n\t\t\t\t\t\t\t<\/div> \n\t\t\t\n                            \n\t\t\t\t<div id=\"ngg-image-6\" class=\"ngg-gallery-thumbnail-box\" >\n\t\t\t\t        <div class=\"ngg-gallery-thumbnail\">\n            <a href=\"https:\/\/www.freimarianne.ch\/wp-content\/gallery\/valbella-9-3-22\/IMG_0234.jpeg\"\n               title=\"gegen Val Sporz; Scalottas und Piz Danis\"\n               data-src=\"https:\/\/www.freimarianne.ch\/wp-content\/gallery\/valbella-9-3-22\/IMG_0234.jpeg\"\n               data-thumbnail=\"https:\/\/www.freimarianne.ch\/wp-content\/gallery\/valbella-9-3-22\/thumbs\/thumbs_IMG_0234.jpeg\"\n               data-image-id=\"28809\"\n               data-title=\"IMG_0234\"\n               data-description=\"gegen Val Sporz; Scalottas und Piz Danis\"\n               data-image-slug=\"img_0234-4\"\n               class=\"shutterset_5edf661d63b340b73dae62181f87fa1c\">\n                <img\n                    title=\"IMG_0234\"\n                    alt=\"IMG_0234\"\n                    src=\"https:\/\/www.freimarianne.ch\/wp-content\/gallery\/valbella-9-3-22\/cache\/IMG_0234.jpeg-nggid0528809-ngg0dyn-100x75x100-00f0w010c010r110f110r010t010.jpeg\"\n                    width=\"100\"\n                    height=\"67\"\n                    style=\"max-width:100%;\"\n                \/>\n            <\/a>\n        <\/div>\n\t\t\t\t\t\t\t<\/div> \n\t\t\t\n                            \n\t\t\n\t\t<!-- Pagination -->\n\t<div class='ngg-clear'><\/div>\t<\/div>\n\n","protected":false},"excerpt":{"rendered":"<p>Winterwanderung Heute wollen wir nochmals ein Wintererlebnis haben !Wir fahren nach Lenzerheide Valbella und beginnen beim Skilift unsere Wanderung hin\u00fcber nach Tgantieni. Vorerst geht es recht hinauf, wobei es etliche vereiste Stellen gibt. Bei O. 1604m kommen wir zu einem Parkplatz. Ab hier gibt es keine weiteren Strasse mehr und wir wandern nun auf dem [&hellip;]<\/p>\n","protected":false},"author":1,"featured_media":0,"parent":59150,"menu_order":1,"comment_status":"closed","ping_status":"closed","template":"","meta":{"ngg_post_thumbnail":0},"_links":{"self":[{"href":"https:\/\/www.freimarianne.ch\/index.php?rest_route=\/wp\/v2\/pages\/59120"}],"collection":[{"href":"https:\/\/www.freimarianne.ch\/index.php?rest_route=\/wp\/v2\/pages"}],"about":[{"href":"https:\/\/www.freimarianne.ch\/index.php?rest_route=\/wp\/v2\/types\/page"}],"author":[{"embeddable":true,"href":"https:\/\/www.freimarianne.ch\/index.php?rest_route=\/wp\/v2\/users\/1"}],"replies":[{"embeddable":true,"href":"https:\/\/www.freimarianne.ch\/index.php?rest_route=%2Fwp%2Fv2%2Fcomments&post=59120"}],"version-history":[{"count":3,"href":"https:\/\/www.freimarianne.ch\/index.php?rest_route=\/wp\/v2\/pages\/59120\/revisions"}],"predecessor-version":[{"id":59147,"href":"https:\/\/www.freimarianne.ch\/index.php?rest_route=\/wp\/v2\/pages\/59120\/revisions\/59147"}],"up":[{"embeddable":true,"href":"https:\/\/www.freimarianne.ch\/index.php?rest_route=\/wp\/v2\/pages\/59150"}],"wp:attachment":[{"href":"https:\/\/www.freimarianne.ch\/index.php?rest_route=%2Fwp%2Fv2%2Fmedia&parent=59120"}],"curies":[{"name":"wp","href":"https:\/\/api.w.org\/{rel}","templated":true}]}}