{"id":59590,"date":"2022-05-31T15:30:35","date_gmt":"2022-05-31T14:30:35","guid":{"rendered":"http:\/\/www.freimarianne.ch\/?page_id=59590"},"modified":"2022-05-31T16:21:42","modified_gmt":"2022-05-31T15:21:42","slug":"soubey-saignelegier-ju-29-5-2022","status":"publish","type":"page","link":"https:\/\/www.freimarianne.ch\/?page_id=59590","title":{"rendered":"Soubey &#8211; Saignelegier  JU  29.5.2022"},"content":{"rendered":"\n<p><strong>Wanderung mit den Naturfreunden<\/strong><\/p>\n\n\n<div id=\"attachment_59572\" style=\"width: 510px\" class=\"wp-caption alignleft\"><img aria-describedby=\"caption-attachment-59572\" loading=\"lazy\" class=\"size-full wp-image-59572\" src=\"http:\/\/www.freimarianne.ch\/wp-content\/uploads\/2022\/05\/IMG_1143_soubey_500..jpeg\" alt=\"\" width=\"500\" height=\"375\" srcset=\"https:\/\/www.freimarianne.ch\/wp-content\/uploads\/2022\/05\/IMG_1143_soubey_500..jpeg 500w, https:\/\/www.freimarianne.ch\/wp-content\/uploads\/2022\/05\/IMG_1143_soubey_500.-300x225.jpeg 300w, https:\/\/www.freimarianne.ch\/wp-content\/uploads\/2022\/05\/IMG_1143_soubey_500.-400x300.jpeg 400w\" sizes=\"(max-width: 500px) 100vw, 500px\" \/><p id=\"caption-attachment-59572\" class=\"wp-caption-text\">bei Sous la Roche P. 753m<\/p><\/div>\n<p>ir beginnen unsere Wanderung in Soubey und m\u00fcssen nach dem Campingplatz gleich eine Steigung im Walde \u00fcberwinden, um dann sp\u00e4ter wieder an den Doubs hinunterzukommen. Wir wandern nach Lobchez 484m auf einem schmalen Wiesenpfad und erreichen denn die Br\u00fccke \u00fcber den Doubs. Weiter geht es auf Ufer entlang, wo wir eine Trinkpause einlegen. Bei Moulin Jeanottat 487m beginnt der steile Aufstieg durch den Wald nach Sous la Roche, wo wir wieder eine Pause machen. Es folgt nochmals eine steile Waldpartie unterhalb einer Felswand und dann befinden wir uns auf den Juraweiden. Wir machen einen ausgedehnten Mittagshalt auf einem Picknickplatz und dann steigen wir weiter hinauf zum Dorf les Pommerats 893m. Kurz m\u00fcssen wir auf Hartbelag gehen und dann folgt ein Pfad \u00fcber Kuh-und Pferdeweiden bis hinauf zum h\u00f6chsten Punkt der Wanderung 1072m. Schon sehen wir hinunter nach Saignelegier, das wir dann nach 15h erreichen. Es reicht noch f\u00fcr eine Einkehr im Restaurant.<br>Um 15.46h nehmen wir den Zug nach Glovelier.<br>Dies war eine sch\u00f6ne Wanderung in einer ganz einsamen Gegend.Laut Schweizmobil:<\/p>\n<p>Distanz: 14.05km; Aufstieg: 809m; Abstieg: 308m; Wanderzeit: 4h 29min<\/p>\n<p><a href=\"https:\/\/map.schweizmobil.ch\/?lang=de&amp;photos=yes&amp;logo=yes&amp;detours=yes&amp;season=summer&amp;bgLayer=pk&amp;resolution=11.37&amp;E=2568225&amp;N=1236931&amp;layers=Wanderland%2CStation&amp;trackId=1009809860\">Karte Schweizmobil:<\/a><\/p>\n\n\n<!-- index.php -->\n<div\n\tclass=\"ngg-galleryoverview ngg-ajax-pagination-none\"\n\tid=\"ngg-gallery-2377ee5b39f26f274f8b061842be7464-1\">\n\n    \t<div class=\"slideshowlink\">\n        <a href='https:\/\/www.freimarianne.ch\/index.php\/nggallery\/slideshow?page_id=59590'>[Show as slideshow]<\/a>\n\t\t\n\t<\/div>\n\t\t\t<!-- Thumbnails -->\n\t\t\t\t<div id=\"ngg-image-0\" class=\"ngg-gallery-thumbnail-box\" >\n\t\t\t\t        <div class=\"ngg-gallery-thumbnail\">\n            <a href=\"https:\/\/www.freimarianne.ch\/wp-content\/gallery\/soubey-29-5-22\/IMG_0522.jpeg\"\n               title=\"in Soubey angekommen\"\n               data-src=\"https:\/\/www.freimarianne.ch\/wp-content\/gallery\/soubey-29-5-22\/IMG_0522.jpeg\"\n               data-thumbnail=\"https:\/\/www.freimarianne.ch\/wp-content\/gallery\/soubey-29-5-22\/thumbs\/thumbs_IMG_0522.jpeg\"\n               data-image-id=\"29296\"\n               data-title=\"IMG_0522\"\n               data-description=\"in Soubey angekommen\"\n               data-image-slug=\"img_0522-4\"\n               class=\"shutterset_2377ee5b39f26f274f8b061842be7464\">\n                <img\n                    title=\"IMG_0522\"\n                    alt=\"IMG_0522\"\n                    src=\"https:\/\/www.freimarianne.ch\/wp-content\/gallery\/soubey-29-5-22\/cache\/IMG_0522.jpeg-nggid0529296-ngg0dyn-100x75x100-00f0w010c010r110f110r010t010.jpeg\"\n                    width=\"100\"\n                    height=\"75\"\n                    style=\"max-width:100%;\"\n                \/>\n            <\/a>\n        <\/div>\n\t\t\t\t\t\t\t<\/div> \n\t\t\t\n                            \n\t\t\t\t<div id=\"ngg-image-1\" class=\"ngg-gallery-thumbnail-box\" >\n\t\t\t\t        <div class=\"ngg-gallery-thumbnail\">\n            <a href=\"https:\/\/www.freimarianne.ch\/wp-content\/gallery\/soubey-29-5-22\/IMG_0523.jpeg\"\n               title=\"in Soubey\"\n               data-src=\"https:\/\/www.freimarianne.ch\/wp-content\/gallery\/soubey-29-5-22\/IMG_0523.jpeg\"\n               data-thumbnail=\"https:\/\/www.freimarianne.ch\/wp-content\/gallery\/soubey-29-5-22\/thumbs\/thumbs_IMG_0523.jpeg\"\n               data-image-id=\"29297\"\n               data-title=\"IMG_0523\"\n               data-description=\"in Soubey\"\n               data-image-slug=\"img_0523-2\"\n               class=\"shutterset_2377ee5b39f26f274f8b061842be7464\">\n                <img\n                    title=\"IMG_0523\"\n                    alt=\"IMG_0523\"\n                    src=\"https:\/\/www.freimarianne.ch\/wp-content\/gallery\/soubey-29-5-22\/cache\/IMG_0523.jpeg-nggid0529297-ngg0dyn-100x75x100-00f0w010c010r110f110r010t010.jpeg\"\n                    width=\"100\"\n                    height=\"68\"\n                    style=\"max-width:100%;\"\n                \/>\n            <\/a>\n        <\/div>\n\t\t\t\t\t\t\t<\/div> \n\t\t\t\n                            \n\t\t\t\t<div id=\"ngg-image-2\" class=\"ngg-gallery-thumbnail-box\" >\n\t\t\t\t        <div class=\"ngg-gallery-thumbnail\">\n            <a href=\"https:\/\/www.freimarianne.ch\/wp-content\/gallery\/soubey-29-5-22\/IMG_0526.jpeg\"\n               title=\"bei Lobchez 484m\"\n               data-src=\"https:\/\/www.freimarianne.ch\/wp-content\/gallery\/soubey-29-5-22\/IMG_0526.jpeg\"\n               data-thumbnail=\"https:\/\/www.freimarianne.ch\/wp-content\/gallery\/soubey-29-5-22\/thumbs\/thumbs_IMG_0526.jpeg\"\n               data-image-id=\"29295\"\n               data-title=\"IMG_0526\"\n               data-description=\"bei Lobchez 484m\"\n               data-image-slug=\"img_0526-4\"\n               class=\"shutterset_2377ee5b39f26f274f8b061842be7464\">\n                <img\n                    title=\"IMG_0526\"\n                    alt=\"IMG_0526\"\n                    src=\"https:\/\/www.freimarianne.ch\/wp-content\/gallery\/soubey-29-5-22\/cache\/IMG_0526.jpeg-nggid0529295-ngg0dyn-100x75x100-00f0w010c010r110f110r010t010.jpeg\"\n                    width=\"100\"\n                    height=\"75\"\n                    style=\"max-width:100%;\"\n                \/>\n            <\/a>\n        <\/div>\n\t\t\t\t\t\t\t<\/div> \n\t\t\t\n                            \n\t\t\t\t<div id=\"ngg-image-3\" class=\"ngg-gallery-thumbnail-box\" >\n\t\t\t\t        <div class=\"ngg-gallery-thumbnail\">\n            <a href=\"https:\/\/www.freimarianne.ch\/wp-content\/gallery\/soubey-29-5-22\/IMG_0527.jpeg\"\n               title=\"bei Lobchez 484m\"\n               data-src=\"https:\/\/www.freimarianne.ch\/wp-content\/gallery\/soubey-29-5-22\/IMG_0527.jpeg\"\n               data-thumbnail=\"https:\/\/www.freimarianne.ch\/wp-content\/gallery\/soubey-29-5-22\/thumbs\/thumbs_IMG_0527.jpeg\"\n               data-image-id=\"29294\"\n               data-title=\"IMG_0527\"\n               data-description=\"bei Lobchez 484m\"\n               data-image-slug=\"img_0527-2\"\n               class=\"shutterset_2377ee5b39f26f274f8b061842be7464\">\n                <img\n                    title=\"IMG_0527\"\n                    alt=\"IMG_0527\"\n                    src=\"https:\/\/www.freimarianne.ch\/wp-content\/gallery\/soubey-29-5-22\/cache\/IMG_0527.jpeg-nggid0529294-ngg0dyn-100x75x100-00f0w010c010r110f110r010t010.jpeg\"\n                    width=\"100\"\n                    height=\"75\"\n                    style=\"max-width:100%;\"\n                \/>\n            <\/a>\n        <\/div>\n\t\t\t\t\t\t\t<\/div> \n\t\t\t\n                                    <br style=\"clear: both\" \/>\n                    \n\t\t\t\t<div id=\"ngg-image-4\" class=\"ngg-gallery-thumbnail-box\" >\n\t\t\t\t        <div class=\"ngg-gallery-thumbnail\">\n            <a href=\"https:\/\/www.freimarianne.ch\/wp-content\/gallery\/soubey-29-5-22\/IMG_0529.jpeg\"\n               title=\"Wiesenpfad am Doubs\"\n               data-src=\"https:\/\/www.freimarianne.ch\/wp-content\/gallery\/soubey-29-5-22\/IMG_0529.jpeg\"\n               data-thumbnail=\"https:\/\/www.freimarianne.ch\/wp-content\/gallery\/soubey-29-5-22\/thumbs\/thumbs_IMG_0529.jpeg\"\n               data-image-id=\"29293\"\n               data-title=\"IMG_0529\"\n               data-description=\"Wiesenpfad am Doubs\"\n               data-image-slug=\"img_0529-2\"\n               class=\"shutterset_2377ee5b39f26f274f8b061842be7464\">\n                <img\n                    title=\"IMG_0529\"\n                    alt=\"IMG_0529\"\n                    src=\"https:\/\/www.freimarianne.ch\/wp-content\/gallery\/soubey-29-5-22\/cache\/IMG_0529.jpeg-nggid0529293-ngg0dyn-100x75x100-00f0w010c010r110f110r010t010.jpeg\"\n                    width=\"100\"\n                    height=\"75\"\n                    style=\"max-width:100%;\"\n                \/>\n            <\/a>\n        <\/div>\n\t\t\t\t\t\t\t<\/div> \n\t\t\t\n                            \n\t\t\t\t<div id=\"ngg-image-5\" class=\"ngg-gallery-thumbnail-box\" >\n\t\t\t\t        <div class=\"ngg-gallery-thumbnail\">\n            <a href=\"https:\/\/www.freimarianne.ch\/wp-content\/gallery\/soubey-29-5-22\/IMG_0531.jpeg\"\n               title=\"die einzige Br\u00fccke; Weg nach Clairbi\u00e9\"\n               data-src=\"https:\/\/www.freimarianne.ch\/wp-content\/gallery\/soubey-29-5-22\/IMG_0531.jpeg\"\n               data-thumbnail=\"https:\/\/www.freimarianne.ch\/wp-content\/gallery\/soubey-29-5-22\/thumbs\/thumbs_IMG_0531.jpeg\"\n               data-image-id=\"29290\"\n               data-title=\"IMG_0531\"\n               data-description=\"die einzige Br\u00fccke; Weg nach Clairbi\u00e9\"\n               data-image-slug=\"img_0531-2\"\n               class=\"shutterset_2377ee5b39f26f274f8b061842be7464\">\n                <img\n                    title=\"IMG_0531\"\n                    alt=\"IMG_0531\"\n                    src=\"https:\/\/www.freimarianne.ch\/wp-content\/gallery\/soubey-29-5-22\/cache\/IMG_0531.jpeg-nggid0529290-ngg0dyn-100x75x100-00f0w010c010r110f110r010t010.jpeg\"\n                    width=\"100\"\n                    height=\"69\"\n                    style=\"max-width:100%;\"\n                \/>\n            <\/a>\n        <\/div>\n\t\t\t\t\t\t\t<\/div> \n\t\t\t\n                            \n\t\t\t\t<div id=\"ngg-image-6\" class=\"ngg-gallery-thumbnail-box\" >\n\t\t\t\t        <div class=\"ngg-gallery-thumbnail\">\n            <a href=\"https:\/\/www.freimarianne.ch\/wp-content\/gallery\/soubey-29-5-22\/IMG_0533.jpeg\"\n               title=\"am Doubs\"\n               data-src=\"https:\/\/www.freimarianne.ch\/wp-content\/gallery\/soubey-29-5-22\/IMG_0533.jpeg\"\n               data-thumbnail=\"https:\/\/www.freimarianne.ch\/wp-content\/gallery\/soubey-29-5-22\/thumbs\/thumbs_IMG_0533.jpeg\"\n               data-image-id=\"29289\"\n               data-title=\"IMG_0533\"\n               data-description=\"am Doubs\"\n               data-image-slug=\"img_0533-4\"\n               class=\"shutterset_2377ee5b39f26f274f8b061842be7464\">\n                <img\n                    title=\"IMG_0533\"\n                    alt=\"IMG_0533\"\n                    src=\"https:\/\/www.freimarianne.ch\/wp-content\/gallery\/soubey-29-5-22\/cache\/IMG_0533.jpeg-nggid0529289-ngg0dyn-100x75x100-00f0w010c010r110f110r010t010.jpeg\"\n                    width=\"100\"\n                    height=\"75\"\n                    style=\"max-width:100%;\"\n                \/>\n            <\/a>\n        <\/div>\n\t\t\t\t\t\t\t<\/div> \n\t\t\t\n                            \n\t\t\t\t<div id=\"ngg-image-7\" class=\"ngg-gallery-thumbnail-box\" >\n\t\t\t\t        <div class=\"ngg-gallery-thumbnail\">\n            <a href=\"https:\/\/www.freimarianne.ch\/wp-content\/gallery\/soubey-29-5-22\/IMG_0535.jpeg\"\n               title=\"sch\u00f6ner Wiesenpfad\"\n               data-src=\"https:\/\/www.freimarianne.ch\/wp-content\/gallery\/soubey-29-5-22\/IMG_0535.jpeg\"\n               data-thumbnail=\"https:\/\/www.freimarianne.ch\/wp-content\/gallery\/soubey-29-5-22\/thumbs\/thumbs_IMG_0535.jpeg\"\n               data-image-id=\"29291\"\n               data-title=\"IMG_0535\"\n               data-description=\"sch\u00f6ner Wiesenpfad\"\n               data-image-slug=\"img_0535-4\"\n               class=\"shutterset_2377ee5b39f26f274f8b061842be7464\">\n                <img\n                    title=\"IMG_0535\"\n                    alt=\"IMG_0535\"\n                    src=\"https:\/\/www.freimarianne.ch\/wp-content\/gallery\/soubey-29-5-22\/cache\/IMG_0535.jpeg-nggid0529291-ngg0dyn-100x75x100-00f0w010c010r110f110r010t010.jpeg\"\n                    width=\"100\"\n                    height=\"75\"\n                    style=\"max-width:100%;\"\n                \/>\n            <\/a>\n        <\/div>\n\t\t\t\t\t\t\t<\/div> \n\t\t\t\n                                    <br style=\"clear: both\" \/>\n                    \n\t\t\t\t<div id=\"ngg-image-8\" class=\"ngg-gallery-thumbnail-box\" >\n\t\t\t\t        <div class=\"ngg-gallery-thumbnail\">\n            <a href=\"https:\/\/www.freimarianne.ch\/wp-content\/gallery\/soubey-29-5-22\/IMG_0537.jpeg\"\n               title=\"am Doubs\"\n               data-src=\"https:\/\/www.freimarianne.ch\/wp-content\/gallery\/soubey-29-5-22\/IMG_0537.jpeg\"\n               data-thumbnail=\"https:\/\/www.freimarianne.ch\/wp-content\/gallery\/soubey-29-5-22\/thumbs\/thumbs_IMG_0537.jpeg\"\n               data-image-id=\"29287\"\n               data-title=\"IMG_0537\"\n               data-description=\"am Doubs\"\n               data-image-slug=\"img_0537-9\"\n               class=\"shutterset_2377ee5b39f26f274f8b061842be7464\">\n                <img\n                    title=\"IMG_0537\"\n                    alt=\"IMG_0537\"\n                    src=\"https:\/\/www.freimarianne.ch\/wp-content\/gallery\/soubey-29-5-22\/cache\/IMG_0537.jpeg-nggid0529287-ngg0dyn-100x75x100-00f0w010c010r110f110r010t010.jpeg\"\n                    width=\"100\"\n                    height=\"75\"\n                    style=\"max-width:100%;\"\n                \/>\n            <\/a>\n        <\/div>\n\t\t\t\t\t\t\t<\/div> \n\t\t\t\n                            \n\t\t\t\t<div id=\"ngg-image-9\" class=\"ngg-gallery-thumbnail-box\" >\n\t\t\t\t        <div class=\"ngg-gallery-thumbnail\">\n            <a href=\"https:\/\/www.freimarianne.ch\/wp-content\/gallery\/soubey-29-5-22\/IMG_0540.jpeg\"\n               title=\"bei Sous la Roche\"\n               data-src=\"https:\/\/www.freimarianne.ch\/wp-content\/gallery\/soubey-29-5-22\/IMG_0540.jpeg\"\n               data-thumbnail=\"https:\/\/www.freimarianne.ch\/wp-content\/gallery\/soubey-29-5-22\/thumbs\/thumbs_IMG_0540.jpeg\"\n               data-image-id=\"29292\"\n               data-title=\"IMG_0540\"\n               data-description=\"bei Sous la Roche\"\n               data-image-slug=\"img_0540-7\"\n               class=\"shutterset_2377ee5b39f26f274f8b061842be7464\">\n                <img\n                    title=\"IMG_0540\"\n                    alt=\"IMG_0540\"\n                    src=\"https:\/\/www.freimarianne.ch\/wp-content\/gallery\/soubey-29-5-22\/cache\/IMG_0540.jpeg-nggid0529292-ngg0dyn-100x75x100-00f0w010c010r110f110r010t010.jpeg\"\n                    width=\"100\"\n                    height=\"75\"\n                    style=\"max-width:100%;\"\n                \/>\n            <\/a>\n        <\/div>\n\t\t\t\t\t\t\t<\/div> \n\t\t\t\n                            \n\t\t\t\t<div id=\"ngg-image-10\" class=\"ngg-gallery-thumbnail-box\" >\n\t\t\t\t        <div class=\"ngg-gallery-thumbnail\">\n            <a href=\"https:\/\/www.freimarianne.ch\/wp-content\/gallery\/soubey-29-5-22\/IMG_0542.jpeg\"\n               title=\"bei Sous la Roche P. 753m\"\n               data-src=\"https:\/\/www.freimarianne.ch\/wp-content\/gallery\/soubey-29-5-22\/IMG_0542.jpeg\"\n               data-thumbnail=\"https:\/\/www.freimarianne.ch\/wp-content\/gallery\/soubey-29-5-22\/thumbs\/thumbs_IMG_0542.jpeg\"\n               data-image-id=\"29288\"\n               data-title=\"IMG_0542\"\n               data-description=\"bei Sous la Roche P. 753m\"\n               data-image-slug=\"img_0542-2\"\n               class=\"shutterset_2377ee5b39f26f274f8b061842be7464\">\n                <img\n                    title=\"IMG_0542\"\n                    alt=\"IMG_0542\"\n                    src=\"https:\/\/www.freimarianne.ch\/wp-content\/gallery\/soubey-29-5-22\/cache\/IMG_0542.jpeg-nggid0529288-ngg0dyn-100x75x100-00f0w010c010r110f110r010t010.jpeg\"\n                    width=\"100\"\n                    height=\"75\"\n                    style=\"max-width:100%;\"\n                \/>\n            <\/a>\n        <\/div>\n\t\t\t\t\t\t\t<\/div> \n\t\t\t\n                            \n\t\t\t\t<div id=\"ngg-image-11\" class=\"ngg-gallery-thumbnail-box\" >\n\t\t\t\t        <div class=\"ngg-gallery-thumbnail\">\n            <a href=\"https:\/\/www.freimarianne.ch\/wp-content\/gallery\/soubey-29-5-22\/IMG_0545.jpeg\"\n               title=\"beim Rastplatz; Zuschauer\"\n               data-src=\"https:\/\/www.freimarianne.ch\/wp-content\/gallery\/soubey-29-5-22\/IMG_0545.jpeg\"\n               data-thumbnail=\"https:\/\/www.freimarianne.ch\/wp-content\/gallery\/soubey-29-5-22\/thumbs\/thumbs_IMG_0545.jpeg\"\n               data-image-id=\"29284\"\n               data-title=\"IMG_0545\"\n               data-description=\"beim Rastplatz; Zuschauer\"\n               data-image-slug=\"img_0545-6\"\n               class=\"shutterset_2377ee5b39f26f274f8b061842be7464\">\n                <img\n                    title=\"IMG_0545\"\n                    alt=\"IMG_0545\"\n                    src=\"https:\/\/www.freimarianne.ch\/wp-content\/gallery\/soubey-29-5-22\/cache\/IMG_0545.jpeg-nggid0529284-ngg0dyn-100x75x100-00f0w010c010r110f110r010t010.jpeg\"\n                    width=\"100\"\n                    height=\"75\"\n                    style=\"max-width:100%;\"\n                \/>\n            <\/a>\n        <\/div>\n\t\t\t\t\t\t\t<\/div> \n\t\t\t\n                                    <br style=\"clear: both\" \/>\n                    \n\t\t\t\t<div id=\"ngg-image-12\" class=\"ngg-gallery-thumbnail-box\" >\n\t\t\t\t        <div class=\"ngg-gallery-thumbnail\">\n            <a href=\"https:\/\/www.freimarianne.ch\/wp-content\/gallery\/soubey-29-5-22\/IMG_0546.jpeg\"\n               title=\"Pferdeweide\"\n               data-src=\"https:\/\/www.freimarianne.ch\/wp-content\/gallery\/soubey-29-5-22\/IMG_0546.jpeg\"\n               data-thumbnail=\"https:\/\/www.freimarianne.ch\/wp-content\/gallery\/soubey-29-5-22\/thumbs\/thumbs_IMG_0546.jpeg\"\n               data-image-id=\"29283\"\n               data-title=\"IMG_0546\"\n               data-description=\"Pferdeweide\"\n               data-image-slug=\"img_0546-7\"\n               class=\"shutterset_2377ee5b39f26f274f8b061842be7464\">\n                <img\n                    title=\"IMG_0546\"\n                    alt=\"IMG_0546\"\n                    src=\"https:\/\/www.freimarianne.ch\/wp-content\/gallery\/soubey-29-5-22\/cache\/IMG_0546.jpeg-nggid0529283-ngg0dyn-100x75x100-00f0w010c010r110f110r010t010.jpeg\"\n                    width=\"100\"\n                    height=\"64\"\n                    style=\"max-width:100%;\"\n                \/>\n            <\/a>\n        <\/div>\n\t\t\t\t\t\t\t<\/div> \n\t\t\t\n                            \n\t\t\t\t<div id=\"ngg-image-13\" class=\"ngg-gallery-thumbnail-box\" >\n\t\t\t\t        <div class=\"ngg-gallery-thumbnail\">\n            <a href=\"https:\/\/www.freimarianne.ch\/wp-content\/gallery\/soubey-29-5-22\/IMG_0547.jpeg\"\n               title=\"Kuhweide\"\n               data-src=\"https:\/\/www.freimarianne.ch\/wp-content\/gallery\/soubey-29-5-22\/IMG_0547.jpeg\"\n               data-thumbnail=\"https:\/\/www.freimarianne.ch\/wp-content\/gallery\/soubey-29-5-22\/thumbs\/thumbs_IMG_0547.jpeg\"\n               data-image-id=\"29286\"\n               data-title=\"IMG_0547\"\n               data-description=\"Kuhweide\"\n               data-image-slug=\"img_0547-6\"\n               class=\"shutterset_2377ee5b39f26f274f8b061842be7464\">\n                <img\n                    title=\"IMG_0547\"\n                    alt=\"IMG_0547\"\n                    src=\"https:\/\/www.freimarianne.ch\/wp-content\/gallery\/soubey-29-5-22\/cache\/IMG_0547.jpeg-nggid0529286-ngg0dyn-100x75x100-00f0w010c010r110f110r010t010.jpeg\"\n                    width=\"100\"\n                    height=\"75\"\n                    style=\"max-width:100%;\"\n                \/>\n            <\/a>\n        <\/div>\n\t\t\t\t\t\t\t<\/div> \n\t\t\t\n                            \n\t\t\t\t<div id=\"ngg-image-14\" class=\"ngg-gallery-thumbnail-box\" >\n\t\t\t\t        <div class=\"ngg-gallery-thumbnail\">\n            <a href=\"https:\/\/www.freimarianne.ch\/wp-content\/gallery\/soubey-29-5-22\/IMG_0549.jpeg\"\n               title=\"\u00fcber die Weiden hinauf\"\n               data-src=\"https:\/\/www.freimarianne.ch\/wp-content\/gallery\/soubey-29-5-22\/IMG_0549.jpeg\"\n               data-thumbnail=\"https:\/\/www.freimarianne.ch\/wp-content\/gallery\/soubey-29-5-22\/thumbs\/thumbs_IMG_0549.jpeg\"\n               data-image-id=\"29285\"\n               data-title=\"IMG_0549\"\n               data-description=\"\u00fcber die Weiden hinauf\"\n               data-image-slug=\"img_0549-1\"\n               class=\"shutterset_2377ee5b39f26f274f8b061842be7464\">\n                <img\n                    title=\"IMG_0549\"\n                    alt=\"IMG_0549\"\n                    src=\"https:\/\/www.freimarianne.ch\/wp-content\/gallery\/soubey-29-5-22\/cache\/IMG_0549.jpeg-nggid0529285-ngg0dyn-100x75x100-00f0w010c010r110f110r010t010.jpeg\"\n                    width=\"100\"\n                    height=\"75\"\n                    style=\"max-width:100%;\"\n                \/>\n            <\/a>\n        <\/div>\n\t\t\t\t\t\t\t<\/div> \n\t\t\t\n                            \n\t\t\t\t<div id=\"ngg-image-15\" class=\"ngg-gallery-thumbnail-box\" >\n\t\t\t\t        <div class=\"ngg-gallery-thumbnail\">\n            <a href=\"https:\/\/www.freimarianne.ch\/wp-content\/gallery\/soubey-29-5-22\/IMG_0551.jpeg\"\n               title=\"auf dem h\u00f6chsten Punkt 1072m\"\n               data-src=\"https:\/\/www.freimarianne.ch\/wp-content\/gallery\/soubey-29-5-22\/IMG_0551.jpeg\"\n               data-thumbnail=\"https:\/\/www.freimarianne.ch\/wp-content\/gallery\/soubey-29-5-22\/thumbs\/thumbs_IMG_0551.jpeg\"\n               data-image-id=\"29282\"\n               data-title=\"IMG_0551\"\n               data-description=\"auf dem h\u00f6chsten Punkt 1072m\"\n               data-image-slug=\"img_0551-6\"\n               class=\"shutterset_2377ee5b39f26f274f8b061842be7464\">\n                <img\n                    title=\"IMG_0551\"\n                    alt=\"IMG_0551\"\n                    src=\"https:\/\/www.freimarianne.ch\/wp-content\/gallery\/soubey-29-5-22\/cache\/IMG_0551.jpeg-nggid0529282-ngg0dyn-100x75x100-00f0w010c010r110f110r010t010.jpeg\"\n                    width=\"94\"\n                    height=\"75\"\n                    style=\"max-width:100%;\"\n                \/>\n            <\/a>\n        <\/div>\n\t\t\t\t\t\t\t<\/div> \n\t\t\t\n                                    <br style=\"clear: both\" \/>\n                    \n\t\t\t\t<div id=\"ngg-image-16\" class=\"ngg-gallery-thumbnail-box\" >\n\t\t\t\t        <div class=\"ngg-gallery-thumbnail\">\n            <a href=\"https:\/\/www.freimarianne.ch\/wp-content\/gallery\/soubey-29-5-22\/IMG_0554.jpeg\"\n               title=\"hinunter nach Saignelegier\"\n               data-src=\"https:\/\/www.freimarianne.ch\/wp-content\/gallery\/soubey-29-5-22\/IMG_0554.jpeg\"\n               data-thumbnail=\"https:\/\/www.freimarianne.ch\/wp-content\/gallery\/soubey-29-5-22\/thumbs\/thumbs_IMG_0554.jpeg\"\n               data-image-id=\"29281\"\n               data-title=\"IMG_0554\"\n               data-description=\"hinunter nach Saignelegier\"\n               data-image-slug=\"img_0554-5\"\n               class=\"shutterset_2377ee5b39f26f274f8b061842be7464\">\n                <img\n                    title=\"IMG_0554\"\n                    alt=\"IMG_0554\"\n                    src=\"https:\/\/www.freimarianne.ch\/wp-content\/gallery\/soubey-29-5-22\/cache\/IMG_0554.jpeg-nggid0529281-ngg0dyn-100x75x100-00f0w010c010r110f110r010t010.jpeg\"\n                    width=\"100\"\n                    height=\"75\"\n                    style=\"max-width:100%;\"\n                \/>\n            <\/a>\n        <\/div>\n\t\t\t\t\t\t\t<\/div> \n\t\t\t\n                            \n\t\t\n\t\t<!-- Pagination -->\n\t<div class='ngg-clear'><\/div>\t<\/div>\n\n","protected":false},"excerpt":{"rendered":"<p>Wanderung mit den Naturfreunden ir beginnen unsere Wanderung in Soubey und m\u00fcssen nach dem Campingplatz gleich eine Steigung im Walde \u00fcberwinden, um dann sp\u00e4ter wieder an den Doubs hinunterzukommen. Wir wandern nach Lobchez 484m auf einem schmalen Wiesenpfad und erreichen denn die Br\u00fccke \u00fcber den Doubs. Weiter geht es auf Ufer entlang, wo wir eine [&hellip;]<\/p>\n","protected":false},"author":1,"featured_media":0,"parent":59150,"menu_order":22,"comment_status":"closed","ping_status":"closed","template":"","meta":{"ngg_post_thumbnail":0},"_links":{"self":[{"href":"https:\/\/www.freimarianne.ch\/index.php?rest_route=\/wp\/v2\/pages\/59590"}],"collection":[{"href":"https:\/\/www.freimarianne.ch\/index.php?rest_route=\/wp\/v2\/pages"}],"about":[{"href":"https:\/\/www.freimarianne.ch\/index.php?rest_route=\/wp\/v2\/types\/page"}],"author":[{"embeddable":true,"href":"https:\/\/www.freimarianne.ch\/index.php?rest_route=\/wp\/v2\/users\/1"}],"replies":[{"embeddable":true,"href":"https:\/\/www.freimarianne.ch\/index.php?rest_route=%2Fwp%2Fv2%2Fcomments&post=59590"}],"version-history":[{"count":2,"href":"https:\/\/www.freimarianne.ch\/index.php?rest_route=\/wp\/v2\/pages\/59590\/revisions"}],"predecessor-version":[{"id":59815,"href":"https:\/\/www.freimarianne.ch\/index.php?rest_route=\/wp\/v2\/pages\/59590\/revisions\/59815"}],"up":[{"embeddable":true,"href":"https:\/\/www.freimarianne.ch\/index.php?rest_route=\/wp\/v2\/pages\/59150"}],"wp:attachment":[{"href":"https:\/\/www.freimarianne.ch\/index.php?rest_route=%2Fwp%2Fv2%2Fmedia&parent=59590"}],"curies":[{"name":"wp","href":"https:\/\/api.w.org\/{rel}","templated":true}]}}