{"id":61210,"date":"2022-10-24T16:03:50","date_gmt":"2022-10-24T15:03:50","guid":{"rendered":"http:\/\/www.freimarianne.ch\/?page_id=61210"},"modified":"2022-10-24T16:22:22","modified_gmt":"2022-10-24T15:22:22","slug":"arosio-vezio-ti-18-10-2022","status":"publish","type":"page","link":"https:\/\/www.freimarianne.ch\/?page_id=61210","title":{"rendered":"Arosio &#8211; Vezio  TI  18.10.2022"},"content":{"rendered":"\n<p><strong>Wanderung auf dem Sentiero del Castagno von Arosio \u00fcber Fescoccia nach Vezio<\/strong><\/p>\n\n\n<div id=\"attachment_61205\" style=\"width: 510px\" class=\"wp-caption alignleft\"><img aria-describedby=\"caption-attachment-61205\" loading=\"lazy\" class=\"size-full wp-image-61205\" src=\"http:\/\/www.freimarianne.ch\/wp-content\/uploads\/2022\/10\/IMG_3395._Arosio10.22_500.jpeg\" alt=\"\" width=\"500\" height=\"366\" srcset=\"https:\/\/www.freimarianne.ch\/wp-content\/uploads\/2022\/10\/IMG_3395._Arosio10.22_500.jpeg 500w, https:\/\/www.freimarianne.ch\/wp-content\/uploads\/2022\/10\/IMG_3395._Arosio10.22_500-300x220.jpeg 300w, https:\/\/www.freimarianne.ch\/wp-content\/uploads\/2022\/10\/IMG_3395._Arosio10.22_500-410x300.jpeg 410w\" sizes=\"(max-width: 500px) 100vw, 500px\" \/><p id=\"caption-attachment-61205\" class=\"wp-caption-text\">Sasso 1201m<\/p><\/div>\n<p>Heute ist die Gruppe Alpenblick zum letzten Mal in diesem Jahr unterwegs.<br>Das erste Mal mache ich mit der Gruppe eine Wanderung im Tessin, zu welcher sich 5 Personen angemeldet habe.<br>Diesen Dienstag haben wir grosses Gl\u00fcck mit dem Wetter. Uns ist ein pr\u00e4chtiger sonniger Herbstag beschieden!<br>In Arosio, paese besichtigen wir die Kirche, die f\u00fcr ihre Fresken bekannt ist.<br>Dann wandern gem\u00fctlich auf dem Sentiero del Castagno im Kastanienwald hinauf hinein in ein kleines Seitental, von who es wieder hinuntergeht in ein anderes Tal. Wir kommen bie Molino vorbei und queren auf einer Br\u00fccke weiter im Tal den Bach Magliasina. Der Sentiero macht immer wieder Schlaufen, wie aus der Karte zu ersehen ist. So erleben wir die Gegend der Kastanienw\u00e4lder. Hin und wieder sammeln wir einige Kastanien, die in grosser Anzahl auf dem Weg liegen.<\/p>\n<p>Beim Aussichtspunkt Morini halten wir unsere Mittagspausen steigen von dort wieder hinunter in einen neuen Taleinschnitt. Wir sehen hinunter auf grosse Lichtung Pienzee und erblicken weiter unten dar Oratorium von Vezio. Nochmals machen wir einen Aufstieg im Kastanienwald und wandern dann auf der Anh\u00f6he hin\u00fcber und hinunter zum Dorf Fescoggia, das wir queren. Auf einem kleinen Pfad wandern wir von dort ins Dorf Vezio, wo <br>wir in Osterias Busgnone noch viel Zeit haben, etwas zu trinken. Vor der Abfahrt des Buses um 15.07h besuchen wir noch das sch\u00f6ne Oratorium von Vezio.<\/p>\n<p>Wir alle haben diese Wanderung und das Zusammensein sehr genossen. Eine Teilnehmerin sprach von einem \u201egeschenkten Tag\u201c. Dies haben wohl alle so empfunden.<\/p>\n<p>Laut Schweizmobil:<br>Distanz: 7.56km; Aufstieg: 336m; Abstieg: 421m; Wanderzeit: 2h 19min<\/p>\n<p><a href=\"https:\/\/map.schweizmobil.ch\/?lang=de&amp;bgLayer=pk&amp;logo=yes&amp;season=summer&amp;resolution=3.38&amp;E=2712192&amp;N=1100476&amp;photos=yes&amp;detours=yes&amp;trackId=1049812619\">Karte Schweizmobil:<\/a><\/p>\n\n\n<!-- index.php -->\n<div\n\tclass=\"ngg-galleryoverview ngg-ajax-pagination-none\"\n\tid=\"ngg-gallery-74700517dc9397b449c4546f48f8dff0-1\">\n\n    \t<div class=\"slideshowlink\">\n        <a href='https:\/\/www.freimarianne.ch\/index.php\/nggallery\/slideshow?page_id=61210'>[Show as slideshow]<\/a>\n\t\t\n\t<\/div>\n\t\t\t<!-- Thumbnails -->\n\t\t\t\t<div id=\"ngg-image-0\" class=\"ngg-gallery-thumbnail-box\" >\n\t\t\t\t        <div class=\"ngg-gallery-thumbnail\">\n            <a href=\"https:\/\/www.freimarianne.ch\/wp-content\/gallery\/arosio-vezio-18-10-22\/IMG_2429.jpeg\"\n               title=\"durch den Birkenwald\"\n               data-src=\"https:\/\/www.freimarianne.ch\/wp-content\/gallery\/arosio-vezio-18-10-22\/IMG_2429.jpeg\"\n               data-thumbnail=\"https:\/\/www.freimarianne.ch\/wp-content\/gallery\/arosio-vezio-18-10-22\/thumbs\/thumbs_IMG_2429.jpeg\"\n               data-image-id=\"30346\"\n               data-title=\"IMG_2429\"\n               data-description=\"durch den Birkenwald\"\n               data-image-slug=\"img_2429-3\"\n               class=\"shutterset_74700517dc9397b449c4546f48f8dff0\">\n                <img\n                    title=\"IMG_2429\"\n                    alt=\"IMG_2429\"\n                    src=\"https:\/\/www.freimarianne.ch\/wp-content\/gallery\/arosio-vezio-18-10-22\/cache\/IMG_2429.jpeg-nggid0530346-ngg0dyn-100x75x100-00f0w010c010r110f110r010t010.jpeg\"\n                    width=\"100\"\n                    height=\"75\"\n                    style=\"max-width:100%;\"\n                \/>\n            <\/a>\n        <\/div>\n\t\t\t\t\t\t\t<\/div> \n\t\t\t\n                            \n\t\t\t\t<div id=\"ngg-image-1\" class=\"ngg-gallery-thumbnail-box\" >\n\t\t\t\t        <div class=\"ngg-gallery-thumbnail\">\n            <a href=\"https:\/\/www.freimarianne.ch\/wp-content\/gallery\/arosio-vezio-18-10-22\/IMG_2435.jpeg\"\n               title=\"\"\n               data-src=\"https:\/\/www.freimarianne.ch\/wp-content\/gallery\/arosio-vezio-18-10-22\/IMG_2435.jpeg\"\n               data-thumbnail=\"https:\/\/www.freimarianne.ch\/wp-content\/gallery\/arosio-vezio-18-10-22\/thumbs\/thumbs_IMG_2435.jpeg\"\n               data-image-id=\"30345\"\n               data-title=\"IMG_2435\"\n               data-description=\"\"\n               data-image-slug=\"img_2435-4\"\n               class=\"shutterset_74700517dc9397b449c4546f48f8dff0\">\n                <img\n                    title=\"IMG_2435\"\n                    alt=\"IMG_2435\"\n                    src=\"https:\/\/www.freimarianne.ch\/wp-content\/gallery\/arosio-vezio-18-10-22\/cache\/IMG_2435.jpeg-nggid0530345-ngg0dyn-100x75x100-00f0w010c010r110f110r010t010.jpeg\"\n                    width=\"100\"\n                    height=\"75\"\n                    style=\"max-width:100%;\"\n                \/>\n            <\/a>\n        <\/div>\n\t\t\t\t\t\t\t<\/div> \n\t\t\t\n                            \n\t\t\t\t<div id=\"ngg-image-2\" class=\"ngg-gallery-thumbnail-box\" >\n\t\t\t\t        <div class=\"ngg-gallery-thumbnail\">\n            <a href=\"https:\/\/www.freimarianne.ch\/wp-content\/gallery\/arosio-vezio-18-10-22\/IMG_2436.jpeg\"\n               title=\"li Sasso 1012m\"\n               data-src=\"https:\/\/www.freimarianne.ch\/wp-content\/gallery\/arosio-vezio-18-10-22\/IMG_2436.jpeg\"\n               data-thumbnail=\"https:\/\/www.freimarianne.ch\/wp-content\/gallery\/arosio-vezio-18-10-22\/thumbs\/thumbs_IMG_2436.jpeg\"\n               data-image-id=\"30344\"\n               data-title=\"IMG_2436\"\n               data-description=\"li Sasso 1012m\"\n               data-image-slug=\"img_2436-2\"\n               class=\"shutterset_74700517dc9397b449c4546f48f8dff0\">\n                <img\n                    title=\"IMG_2436\"\n                    alt=\"IMG_2436\"\n                    src=\"https:\/\/www.freimarianne.ch\/wp-content\/gallery\/arosio-vezio-18-10-22\/cache\/IMG_2436.jpeg-nggid0530344-ngg0dyn-100x75x100-00f0w010c010r110f110r010t010.jpeg\"\n                    width=\"100\"\n                    height=\"75\"\n                    style=\"max-width:100%;\"\n                \/>\n            <\/a>\n        <\/div>\n\t\t\t\t\t\t\t<\/div> \n\t\t\t\n                            \n\t\t\t\t<div id=\"ngg-image-3\" class=\"ngg-gallery-thumbnail-box\" >\n\t\t\t\t        <div class=\"ngg-gallery-thumbnail\">\n            <a href=\"https:\/\/www.freimarianne.ch\/wp-content\/gallery\/arosio-vezio-18-10-22\/IMG_2437.jpeg\"\n               title=\"spezielle K\u00fche, die Kastanien fressen\"\n               data-src=\"https:\/\/www.freimarianne.ch\/wp-content\/gallery\/arosio-vezio-18-10-22\/IMG_2437.jpeg\"\n               data-thumbnail=\"https:\/\/www.freimarianne.ch\/wp-content\/gallery\/arosio-vezio-18-10-22\/thumbs\/thumbs_IMG_2437.jpeg\"\n               data-image-id=\"30343\"\n               data-title=\"IMG_2437\"\n               data-description=\"spezielle K\u00fche, die Kastanien fressen\"\n               data-image-slug=\"img_2437-3\"\n               class=\"shutterset_74700517dc9397b449c4546f48f8dff0\">\n                <img\n                    title=\"IMG_2437\"\n                    alt=\"IMG_2437\"\n                    src=\"https:\/\/www.freimarianne.ch\/wp-content\/gallery\/arosio-vezio-18-10-22\/cache\/IMG_2437.jpeg-nggid0530343-ngg0dyn-100x75x100-00f0w010c010r110f110r010t010.jpeg\"\n                    width=\"100\"\n                    height=\"75\"\n                    style=\"max-width:100%;\"\n                \/>\n            <\/a>\n        <\/div>\n\t\t\t\t\t\t\t<\/div> \n\t\t\t\n                                    <br style=\"clear: both\" \/>\n                    \n\t\t\t\t<div id=\"ngg-image-4\" class=\"ngg-gallery-thumbnail-box\" >\n\t\t\t\t        <div class=\"ngg-gallery-thumbnail\">\n            <a href=\"https:\/\/www.freimarianne.ch\/wp-content\/gallery\/arosio-vezio-18-10-22\/IMG_2440.jpeg\"\n               title=\"herbstliche Landschaft  bei Molino mit Sasso 1201m\"\n               data-src=\"https:\/\/www.freimarianne.ch\/wp-content\/gallery\/arosio-vezio-18-10-22\/IMG_2440.jpeg\"\n               data-thumbnail=\"https:\/\/www.freimarianne.ch\/wp-content\/gallery\/arosio-vezio-18-10-22\/thumbs\/thumbs_IMG_2440.jpeg\"\n               data-image-id=\"30338\"\n               data-title=\"IMG_2440\"\n               data-description=\"herbstliche Landschaft  bei Molino mit Sasso 1201m\"\n               data-image-slug=\"img_2440-2\"\n               class=\"shutterset_74700517dc9397b449c4546f48f8dff0\">\n                <img\n                    title=\"IMG_2440\"\n                    alt=\"IMG_2440\"\n                    src=\"https:\/\/www.freimarianne.ch\/wp-content\/gallery\/arosio-vezio-18-10-22\/cache\/IMG_2440.jpeg-nggid0530338-ngg0dyn-100x75x100-00f0w010c010r110f110r010t010.jpeg\"\n                    width=\"100\"\n                    height=\"75\"\n                    style=\"max-width:100%;\"\n                \/>\n            <\/a>\n        <\/div>\n\t\t\t\t\t\t\t<\/div> \n\t\t\t\n                            \n\t\t\t\t<div id=\"ngg-image-5\" class=\"ngg-gallery-thumbnail-box\" >\n\t\t\t\t        <div class=\"ngg-gallery-thumbnail\">\n            <a href=\"https:\/\/www.freimarianne.ch\/wp-content\/gallery\/arosio-vezio-18-10-22\/IMG_2441.jpeg\"\n               title=\"Waserbecken  bei Molina\"\n               data-src=\"https:\/\/www.freimarianne.ch\/wp-content\/gallery\/arosio-vezio-18-10-22\/IMG_2441.jpeg\"\n               data-thumbnail=\"https:\/\/www.freimarianne.ch\/wp-content\/gallery\/arosio-vezio-18-10-22\/thumbs\/thumbs_IMG_2441.jpeg\"\n               data-image-id=\"30341\"\n               data-title=\"IMG_2441\"\n               data-description=\"Waserbecken  bei Molina\"\n               data-image-slug=\"img_2441-2\"\n               class=\"shutterset_74700517dc9397b449c4546f48f8dff0\">\n                <img\n                    title=\"IMG_2441\"\n                    alt=\"IMG_2441\"\n                    src=\"https:\/\/www.freimarianne.ch\/wp-content\/gallery\/arosio-vezio-18-10-22\/cache\/IMG_2441.jpeg-nggid0530341-ngg0dyn-100x75x100-00f0w010c010r110f110r010t010.jpeg\"\n                    width=\"100\"\n                    height=\"75\"\n                    style=\"max-width:100%;\"\n                \/>\n            <\/a>\n        <\/div>\n\t\t\t\t\t\t\t<\/div> \n\t\t\t\n                            \n\t\t\t\t<div id=\"ngg-image-6\" class=\"ngg-gallery-thumbnail-box\" >\n\t\t\t\t        <div class=\"ngg-gallery-thumbnail\">\n            <a href=\"https:\/\/www.freimarianne.ch\/wp-content\/gallery\/arosio-vezio-18-10-22\/IMG_2445.jpeg\"\n               title=\"Kohlmeiler\"\n               data-src=\"https:\/\/www.freimarianne.ch\/wp-content\/gallery\/arosio-vezio-18-10-22\/IMG_2445.jpeg\"\n               data-thumbnail=\"https:\/\/www.freimarianne.ch\/wp-content\/gallery\/arosio-vezio-18-10-22\/thumbs\/thumbs_IMG_2445.jpeg\"\n               data-image-id=\"30342\"\n               data-title=\"IMG_2445\"\n               data-description=\"Kohlmeiler\"\n               data-image-slug=\"img_2445-5\"\n               class=\"shutterset_74700517dc9397b449c4546f48f8dff0\">\n                <img\n                    title=\"IMG_2445\"\n                    alt=\"IMG_2445\"\n                    src=\"https:\/\/www.freimarianne.ch\/wp-content\/gallery\/arosio-vezio-18-10-22\/cache\/IMG_2445.jpeg-nggid0530342-ngg0dyn-100x75x100-00f0w010c010r110f110r010t010.jpeg\"\n                    width=\"100\"\n                    height=\"75\"\n                    style=\"max-width:100%;\"\n                \/>\n            <\/a>\n        <\/div>\n\t\t\t\t\t\t\t<\/div> \n\t\t\t\n                            \n\t\t\t\t<div id=\"ngg-image-7\" class=\"ngg-gallery-thumbnail-box\" >\n\t\t\t\t        <div class=\"ngg-gallery-thumbnail\">\n            <a href=\"https:\/\/www.freimarianne.ch\/wp-content\/gallery\/arosio-vezio-18-10-22\/IMG_2451.jpeg\"\n               title=\"Wunderpilz\"\n               data-src=\"https:\/\/www.freimarianne.ch\/wp-content\/gallery\/arosio-vezio-18-10-22\/IMG_2451.jpeg\"\n               data-thumbnail=\"https:\/\/www.freimarianne.ch\/wp-content\/gallery\/arosio-vezio-18-10-22\/thumbs\/thumbs_IMG_2451.jpeg\"\n               data-image-id=\"30340\"\n               data-title=\"IMG_2451\"\n               data-description=\"Wunderpilz\"\n               data-image-slug=\"img_2451-3\"\n               class=\"shutterset_74700517dc9397b449c4546f48f8dff0\">\n                <img\n                    title=\"IMG_2451\"\n                    alt=\"IMG_2451\"\n                    src=\"https:\/\/www.freimarianne.ch\/wp-content\/gallery\/arosio-vezio-18-10-22\/cache\/IMG_2451.jpeg-nggid0530340-ngg0dyn-100x75x100-00f0w010c010r110f110r010t010.jpeg\"\n                    width=\"100\"\n                    height=\"75\"\n                    style=\"max-width:100%;\"\n                \/>\n            <\/a>\n        <\/div>\n\t\t\t\t\t\t\t<\/div> \n\t\t\t\n                                    <br style=\"clear: both\" \/>\n                    \n\t\t\t\t<div id=\"ngg-image-8\" class=\"ngg-gallery-thumbnail-box\" >\n\t\t\t\t        <div class=\"ngg-gallery-thumbnail\">\n            <a href=\"https:\/\/www.freimarianne.ch\/wp-content\/gallery\/arosio-vezio-18-10-22\/IMG_2458.jpeg\"\n               title=\"Lirche San Bartolomeo in Vezio\"\n               data-src=\"https:\/\/www.freimarianne.ch\/wp-content\/gallery\/arosio-vezio-18-10-22\/IMG_2458.jpeg\"\n               data-thumbnail=\"https:\/\/www.freimarianne.ch\/wp-content\/gallery\/arosio-vezio-18-10-22\/thumbs\/thumbs_IMG_2458.jpeg\"\n               data-image-id=\"30339\"\n               data-title=\"IMG_2458\"\n               data-description=\"Lirche San Bartolomeo in Vezio\"\n               data-image-slug=\"img_2458-5\"\n               class=\"shutterset_74700517dc9397b449c4546f48f8dff0\">\n                <img\n                    title=\"IMG_2458\"\n                    alt=\"IMG_2458\"\n                    src=\"https:\/\/www.freimarianne.ch\/wp-content\/gallery\/arosio-vezio-18-10-22\/cache\/IMG_2458.jpeg-nggid0530339-ngg0dyn-100x75x100-00f0w010c010r110f110r010t010.jpeg\"\n                    width=\"100\"\n                    height=\"75\"\n                    style=\"max-width:100%;\"\n                \/>\n            <\/a>\n        <\/div>\n\t\t\t\t\t\t\t<\/div> \n\t\t\t\n                            \n\t\t\t\t<div id=\"ngg-image-9\" class=\"ngg-gallery-thumbnail-box\" >\n\t\t\t\t        <div class=\"ngg-gallery-thumbnail\">\n            <a href=\"https:\/\/www.freimarianne.ch\/wp-content\/gallery\/arosio-vezio-18-10-22\/IMG_2460.jpeg\"\n               title=\"Blick auf Vezio\"\n               data-src=\"https:\/\/www.freimarianne.ch\/wp-content\/gallery\/arosio-vezio-18-10-22\/IMG_2460.jpeg\"\n               data-thumbnail=\"https:\/\/www.freimarianne.ch\/wp-content\/gallery\/arosio-vezio-18-10-22\/thumbs\/thumbs_IMG_2460.jpeg\"\n               data-image-id=\"30337\"\n               data-title=\"IMG_2460\"\n               data-description=\"Blick auf Vezio\"\n               data-image-slug=\"img_2460-2\"\n               class=\"shutterset_74700517dc9397b449c4546f48f8dff0\">\n                <img\n                    title=\"IMG_2460\"\n                    alt=\"IMG_2460\"\n                    src=\"https:\/\/www.freimarianne.ch\/wp-content\/gallery\/arosio-vezio-18-10-22\/cache\/IMG_2460.jpeg-nggid0530337-ngg0dyn-100x75x100-00f0w010c010r110f110r010t010.jpeg\"\n                    width=\"100\"\n                    height=\"75\"\n                    style=\"max-width:100%;\"\n                \/>\n            <\/a>\n        <\/div>\n\t\t\t\t\t\t\t<\/div> \n\t\t\t\n                            \n\t\t\n\t\t<!-- Pagination -->\n\t<div class='ngg-clear'><\/div>\t<\/div>\n\n","protected":false},"excerpt":{"rendered":"<p>Wanderung auf dem Sentiero del Castagno von Arosio \u00fcber Fescoccia nach Vezio Heute ist die Gruppe Alpenblick zum letzten Mal in diesem Jahr unterwegs.Das erste Mal mache ich mit der Gruppe eine Wanderung im Tessin, zu welcher sich 5 Personen angemeldet habe.Diesen Dienstag haben wir grosses Gl\u00fcck mit dem Wetter. Uns ist ein pr\u00e4chtiger sonniger [&hellip;]<\/p>\n","protected":false},"author":1,"featured_media":0,"parent":60728,"menu_order":14,"comment_status":"closed","ping_status":"closed","template":"","meta":{"ngg_post_thumbnail":0},"_links":{"self":[{"href":"https:\/\/www.freimarianne.ch\/index.php?rest_route=\/wp\/v2\/pages\/61210"}],"collection":[{"href":"https:\/\/www.freimarianne.ch\/index.php?rest_route=\/wp\/v2\/pages"}],"about":[{"href":"https:\/\/www.freimarianne.ch\/index.php?rest_route=\/wp\/v2\/types\/page"}],"author":[{"embeddable":true,"href":"https:\/\/www.freimarianne.ch\/index.php?rest_route=\/wp\/v2\/users\/1"}],"replies":[{"embeddable":true,"href":"https:\/\/www.freimarianne.ch\/index.php?rest_route=%2Fwp%2Fv2%2Fcomments&post=61210"}],"version-history":[{"count":3,"href":"https:\/\/www.freimarianne.ch\/index.php?rest_route=\/wp\/v2\/pages\/61210\/revisions"}],"predecessor-version":[{"id":61298,"href":"https:\/\/www.freimarianne.ch\/index.php?rest_route=\/wp\/v2\/pages\/61210\/revisions\/61298"}],"up":[{"embeddable":true,"href":"https:\/\/www.freimarianne.ch\/index.php?rest_route=\/wp\/v2\/pages\/60728"}],"wp:attachment":[{"href":"https:\/\/www.freimarianne.ch\/index.php?rest_route=%2Fwp%2Fv2%2Fmedia&parent=61210"}],"curies":[{"name":"wp","href":"https:\/\/api.w.org\/{rel}","templated":true}]}}