{"id":61456,"date":"2022-11-14T15:35:46","date_gmt":"2022-11-14T14:35:46","guid":{"rendered":"http:\/\/www.freimarianne.ch\/?page_id=61456"},"modified":"2022-11-14T15:50:55","modified_gmt":"2022-11-14T14:50:55","slug":"boudry-st-aubin-ne-10-11-2022","status":"publish","type":"page","link":"https:\/\/www.freimarianne.ch\/?page_id=61456","title":{"rendered":"Boudry &#8211; St. Aubin  NE  10.11.2022"},"content":{"rendered":"<p><img loading=\"lazy\" class=\"alignleft size-full wp-image-61452\" src=\"http:\/\/www.freimarianne.ch\/wp-content\/uploads\/2022\/11\/IMG_3633_boudry-11.22_500..jpeg\" alt=\"\" width=\"500\" height=\"310\" srcset=\"https:\/\/www.freimarianne.ch\/wp-content\/uploads\/2022\/11\/IMG_3633_boudry-11.22_500..jpeg 500w, https:\/\/www.freimarianne.ch\/wp-content\/uploads\/2022\/11\/IMG_3633_boudry-11.22_500.-300x186.jpeg 300w, https:\/\/www.freimarianne.ch\/wp-content\/uploads\/2022\/11\/IMG_3633_boudry-11.22_500.-484x300.jpeg 484w\" sizes=\"(max-width: 500px) 100vw, 500px\" \/><\/p>\n<p>Heute fahre ich wegen dem besseren Wetter in die Westschweiz, um eine Wanderung \u00fcber dem Neuenburgersee zu machen, die ich im Web gefunden habe.<\/p>\n<p><a href=\"https:\/\/www.myswitzerland.com\/de-ch\/erlebnisse\/route\/hangweg-ueber-dem-neuenburgersee\/\">Link:<\/a><br>\nDie sch\u00f6nen Fotos von den Rebbergen auf der Webseite haben mich dazu verf\u00fchrt, diese Wanderung zu machen.<br>\nAber nur in der N\u00e4he von Boudry komme ich an einem Rebberg vorbei. Ansonsten verl\u00e4uft diese Wanderung meist im Wald. Wegen der grossen Entfernung sieht man nicht of auf den See. Die Alpensicht ist heute nicht gut. erst auf der Busfahrt zur\u00fcck werde dich die drei grossen Berner sehen!<br>\nBei der Domaine de Cerf und bei Pr\u00e9 Rond komme ich an zwei Lichtungen vorbei. dann folgt ein Strassenabschnitt bei Bevaix, der wieder in den Wald f\u00fchrt. Bei Petit-Ch\u00e2tillon und Ch\u00e2tillon komme ich wieder in offenes Gel\u00e4nde. das aber in Privatbesitz ist.<br>\nDa ich bis jetzt nirgends eine Bank gefunden habe, setzte ich mich f\u00fcr die Mittagspause auf eine Mauer.<\/p>\n<p>nach der Pause gehe ich wieder auf der Strasse und dann gibt es einen kleinen rutschigen Pfad im Walde, der sp\u00e4ter \u00fcber einen Acker zur Ferme Prise Cornu f\u00fchrt.<br>\nDa ich gerne den Bus um 14.02h erreichen m\u00f6chte, folge ich nicht weiter dem Hangweg sondern steige auf der Strasse direkt zum Bahnhof Gorgier.St. Aubin hinunter. Die Eile hat sich gelohnt. Ich erreiche den Bahnhof kurz vor 14h.<\/p>\n<p>Diese war eine Wanderung durch das Hinterland des Neuenburgersees. Die lange Busfahrt hat mich die Gr\u00f6sse der Agglomeration Neuenburg erahnen lassen.<\/p>\n<p>&nbsp;<\/p>\n<p>Laut Schweizmobil:<\/p>\n<p>Distanz: 12.30km; Aufstieg: 396m; Anstieg: 436m; Wanderzeit: 3h 17min<\/p>\n<p><a href=\"https:\/\/map.schweizmobil.ch\/?lang=de&amp;photos=yes&amp;logo=yes&amp;detours=yes&amp;season=summer&amp;bgLayer=pk&amp;resolution=2.5&amp;E=2549582&amp;N=1194814&amp;layers=Wanderland%2CStation&amp;trackId=573429416\">Karte Schweizmobil:<\/a><\/p>\n<p>&nbsp;<\/p>\n<p>&nbsp;<\/p>\n\n\n<!-- index.php -->\n<div\n\tclass=\"ngg-galleryoverview ngg-ajax-pagination-none\"\n\tid=\"ngg-gallery-e1b7a5078d950e97e3a6b684b83a7c17-1\">\n\n    \t<div class=\"slideshowlink\">\n        <a href='https:\/\/www.freimarianne.ch\/index.php\/nggallery\/slideshow?page_id=61456'>[Show as slideshow]<\/a>\n\t\t\n\t<\/div>\n\t\t\t<!-- Thumbnails -->\n\t\t\t\t<div id=\"ngg-image-0\" class=\"ngg-gallery-thumbnail-box\" >\n\t\t\t\t        <div class=\"ngg-gallery-thumbnail\">\n            <a href=\"https:\/\/www.freimarianne.ch\/wp-content\/gallery\/boudry-st-aubin-10-11-22\/IMG_2713.jpeg\"\n               title=\"Rebberg bei Boudry\"\n               data-src=\"https:\/\/www.freimarianne.ch\/wp-content\/gallery\/boudry-st-aubin-10-11-22\/IMG_2713.jpeg\"\n               data-thumbnail=\"https:\/\/www.freimarianne.ch\/wp-content\/gallery\/boudry-st-aubin-10-11-22\/thumbs\/thumbs_IMG_2713.jpeg\"\n               data-image-id=\"30517\"\n               data-title=\"IMG_2713\"\n               data-description=\"Rebberg bei Boudry\"\n               data-image-slug=\"img_2713-2\"\n               class=\"shutterset_e1b7a5078d950e97e3a6b684b83a7c17\">\n                <img\n                    title=\"IMG_2713\"\n                    alt=\"IMG_2713\"\n                    src=\"https:\/\/www.freimarianne.ch\/wp-content\/gallery\/boudry-st-aubin-10-11-22\/cache\/IMG_2713.jpeg-nggid0530517-ngg0dyn-100x75x100-00f0w010c010r110f110r010t010.jpeg\"\n                    width=\"100\"\n                    height=\"75\"\n                    style=\"max-width:100%;\"\n                \/>\n            <\/a>\n        <\/div>\n\t\t\t\t\t\t\t<\/div> \n\t\t\t\n                            \n\t\t\t\t<div id=\"ngg-image-1\" class=\"ngg-gallery-thumbnail-box\" >\n\t\t\t\t        <div class=\"ngg-gallery-thumbnail\">\n            <a href=\"https:\/\/www.freimarianne.ch\/wp-content\/gallery\/boudry-st-aubin-10-11-22\/IMG_2715.jpeg\"\n               title=\"bei Boudry; die Br\u00fccke \u00fcber die Areuse\"\n               data-src=\"https:\/\/www.freimarianne.ch\/wp-content\/gallery\/boudry-st-aubin-10-11-22\/IMG_2715.jpeg\"\n               data-thumbnail=\"https:\/\/www.freimarianne.ch\/wp-content\/gallery\/boudry-st-aubin-10-11-22\/thumbs\/thumbs_IMG_2715.jpeg\"\n               data-image-id=\"30516\"\n               data-title=\"IMG_2715\"\n               data-description=\"bei Boudry; die Br\u00fccke \u00fcber die Areuse\"\n               data-image-slug=\"img_2715-2\"\n               class=\"shutterset_e1b7a5078d950e97e3a6b684b83a7c17\">\n                <img\n                    title=\"IMG_2715\"\n                    alt=\"IMG_2715\"\n                    src=\"https:\/\/www.freimarianne.ch\/wp-content\/gallery\/boudry-st-aubin-10-11-22\/cache\/IMG_2715.jpeg-nggid0530516-ngg0dyn-100x75x100-00f0w010c010r110f110r010t010.jpeg\"\n                    width=\"100\"\n                    height=\"75\"\n                    style=\"max-width:100%;\"\n                \/>\n            <\/a>\n        <\/div>\n\t\t\t\t\t\t\t<\/div> \n\t\t\t\n                            \n\t\t\t\t<div id=\"ngg-image-2\" class=\"ngg-gallery-thumbnail-box\" >\n\t\t\t\t        <div class=\"ngg-gallery-thumbnail\">\n            <a href=\"https:\/\/www.freimarianne.ch\/wp-content\/gallery\/boudry-st-aubin-10-11-22\/IMG_2717.jpeg\"\n               title=\"zuerst auf Hartbelag\"\n               data-src=\"https:\/\/www.freimarianne.ch\/wp-content\/gallery\/boudry-st-aubin-10-11-22\/IMG_2717.jpeg\"\n               data-thumbnail=\"https:\/\/www.freimarianne.ch\/wp-content\/gallery\/boudry-st-aubin-10-11-22\/thumbs\/thumbs_IMG_2717.jpeg\"\n               data-image-id=\"30514\"\n               data-title=\"IMG_2717\"\n               data-description=\"zuerst auf Hartbelag\"\n               data-image-slug=\"img_2717-2\"\n               class=\"shutterset_e1b7a5078d950e97e3a6b684b83a7c17\">\n                <img\n                    title=\"IMG_2717\"\n                    alt=\"IMG_2717\"\n                    src=\"https:\/\/www.freimarianne.ch\/wp-content\/gallery\/boudry-st-aubin-10-11-22\/cache\/IMG_2717.jpeg-nggid0530514-ngg0dyn-100x75x100-00f0w010c010r110f110r010t010.jpeg\"\n                    width=\"100\"\n                    height=\"69\"\n                    style=\"max-width:100%;\"\n                \/>\n            <\/a>\n        <\/div>\n\t\t\t\t\t\t\t<\/div> \n\t\t\t\n                            \n\t\t\t\t<div id=\"ngg-image-3\" class=\"ngg-gallery-thumbnail-box\" >\n\t\t\t\t        <div class=\"ngg-gallery-thumbnail\">\n            <a href=\"https:\/\/www.freimarianne.ch\/wp-content\/gallery\/boudry-st-aubin-10-11-22\/IMG_2718.jpeg\"\n               title=\"Rebberge\"\n               data-src=\"https:\/\/www.freimarianne.ch\/wp-content\/gallery\/boudry-st-aubin-10-11-22\/IMG_2718.jpeg\"\n               data-thumbnail=\"https:\/\/www.freimarianne.ch\/wp-content\/gallery\/boudry-st-aubin-10-11-22\/thumbs\/thumbs_IMG_2718.jpeg\"\n               data-image-id=\"30515\"\n               data-title=\"IMG_2718\"\n               data-description=\"Rebberge\"\n               data-image-slug=\"img_2718-3\"\n               class=\"shutterset_e1b7a5078d950e97e3a6b684b83a7c17\">\n                <img\n                    title=\"IMG_2718\"\n                    alt=\"IMG_2718\"\n                    src=\"https:\/\/www.freimarianne.ch\/wp-content\/gallery\/boudry-st-aubin-10-11-22\/cache\/IMG_2718.jpeg-nggid0530515-ngg0dyn-100x75x100-00f0w010c010r110f110r010t010.jpeg\"\n                    width=\"100\"\n                    height=\"75\"\n                    style=\"max-width:100%;\"\n                \/>\n            <\/a>\n        <\/div>\n\t\t\t\t\t\t\t<\/div> \n\t\t\t\n                                    <br style=\"clear: both\" \/>\n                    \n\t\t\t\t<div id=\"ngg-image-4\" class=\"ngg-gallery-thumbnail-box\" >\n\t\t\t\t        <div class=\"ngg-gallery-thumbnail\">\n            <a href=\"https:\/\/www.freimarianne.ch\/wp-content\/gallery\/boudry-st-aubin-10-11-22\/IMG_2720.jpeg\"\n               title=\"Sicht auf den Neuenburgersee\"\n               data-src=\"https:\/\/www.freimarianne.ch\/wp-content\/gallery\/boudry-st-aubin-10-11-22\/IMG_2720.jpeg\"\n               data-thumbnail=\"https:\/\/www.freimarianne.ch\/wp-content\/gallery\/boudry-st-aubin-10-11-22\/thumbs\/thumbs_IMG_2720.jpeg\"\n               data-image-id=\"30513\"\n               data-title=\"IMG_2720\"\n               data-description=\"Sicht auf den Neuenburgersee\"\n               data-image-slug=\"img_2720-2\"\n               class=\"shutterset_e1b7a5078d950e97e3a6b684b83a7c17\">\n                <img\n                    title=\"IMG_2720\"\n                    alt=\"IMG_2720\"\n                    src=\"https:\/\/www.freimarianne.ch\/wp-content\/gallery\/boudry-st-aubin-10-11-22\/cache\/IMG_2720.jpeg-nggid0530513-ngg0dyn-100x75x100-00f0w010c010r110f110r010t010.jpeg\"\n                    width=\"100\"\n                    height=\"75\"\n                    style=\"max-width:100%;\"\n                \/>\n            <\/a>\n        <\/div>\n\t\t\t\t\t\t\t<\/div> \n\t\t\t\n                            \n\t\t\t\t<div id=\"ngg-image-5\" class=\"ngg-gallery-thumbnail-box\" >\n\t\t\t\t        <div class=\"ngg-gallery-thumbnail\">\n            <a href=\"https:\/\/www.freimarianne.ch\/wp-content\/gallery\/boudry-st-aubin-10-11-22\/IMG_2723.jpeg\"\n               title=\"kurz auf  schmalen Pfad\"\n               data-src=\"https:\/\/www.freimarianne.ch\/wp-content\/gallery\/boudry-st-aubin-10-11-22\/IMG_2723.jpeg\"\n               data-thumbnail=\"https:\/\/www.freimarianne.ch\/wp-content\/gallery\/boudry-st-aubin-10-11-22\/thumbs\/thumbs_IMG_2723.jpeg\"\n               data-image-id=\"30512\"\n               data-title=\"IMG_2723\"\n               data-description=\"kurz auf  schmalen Pfad\"\n               data-image-slug=\"img_2723-5\"\n               class=\"shutterset_e1b7a5078d950e97e3a6b684b83a7c17\">\n                <img\n                    title=\"IMG_2723\"\n                    alt=\"IMG_2723\"\n                    src=\"https:\/\/www.freimarianne.ch\/wp-content\/gallery\/boudry-st-aubin-10-11-22\/cache\/IMG_2723.jpeg-nggid0530512-ngg0dyn-100x75x100-00f0w010c010r110f110r010t010.jpeg\"\n                    width=\"100\"\n                    height=\"75\"\n                    style=\"max-width:100%;\"\n                \/>\n            <\/a>\n        <\/div>\n\t\t\t\t\t\t\t<\/div> \n\t\t\t\n                            \n\t\t\t\t<div id=\"ngg-image-6\" class=\"ngg-gallery-thumbnail-box\" >\n\t\t\t\t        <div class=\"ngg-gallery-thumbnail\">\n            <a href=\"https:\/\/www.freimarianne.ch\/wp-content\/gallery\/boudry-st-aubin-10-11-22\/IMG_2724.jpeg\"\n               title=\"\"\n               data-src=\"https:\/\/www.freimarianne.ch\/wp-content\/gallery\/boudry-st-aubin-10-11-22\/IMG_2724.jpeg\"\n               data-thumbnail=\"https:\/\/www.freimarianne.ch\/wp-content\/gallery\/boudry-st-aubin-10-11-22\/thumbs\/thumbs_IMG_2724.jpeg\"\n               data-image-id=\"30507\"\n               data-title=\"IMG_2724\"\n               data-description=\"\"\n               data-image-slug=\"img_2724-5\"\n               class=\"shutterset_e1b7a5078d950e97e3a6b684b83a7c17\">\n                <img\n                    title=\"IMG_2724\"\n                    alt=\"IMG_2724\"\n                    src=\"https:\/\/www.freimarianne.ch\/wp-content\/gallery\/boudry-st-aubin-10-11-22\/cache\/IMG_2724.jpeg-nggid0530507-ngg0dyn-100x75x100-00f0w010c010r110f110r010t010.jpeg\"\n                    width=\"100\"\n                    height=\"75\"\n                    style=\"max-width:100%;\"\n                \/>\n            <\/a>\n        <\/div>\n\t\t\t\t\t\t\t<\/div> \n\t\t\t\n                            \n\t\t\t\t<div id=\"ngg-image-7\" class=\"ngg-gallery-thumbnail-box\" >\n\t\t\t\t        <div class=\"ngg-gallery-thumbnail\">\n            <a href=\"https:\/\/www.freimarianne.ch\/wp-content\/gallery\/boudry-st-aubin-10-11-22\/IMG_2728.jpeg\"\n               title=\"Sicht von Bevaix auf den Neuenburgersee\"\n               data-src=\"https:\/\/www.freimarianne.ch\/wp-content\/gallery\/boudry-st-aubin-10-11-22\/IMG_2728.jpeg\"\n               data-thumbnail=\"https:\/\/www.freimarianne.ch\/wp-content\/gallery\/boudry-st-aubin-10-11-22\/thumbs\/thumbs_IMG_2728.jpeg\"\n               data-image-id=\"30508\"\n               data-title=\"IMG_2728\"\n               data-description=\"Sicht von Bevaix auf den Neuenburgersee\"\n               data-image-slug=\"img_2728\"\n               class=\"shutterset_e1b7a5078d950e97e3a6b684b83a7c17\">\n                <img\n                    title=\"IMG_2728\"\n                    alt=\"IMG_2728\"\n                    src=\"https:\/\/www.freimarianne.ch\/wp-content\/gallery\/boudry-st-aubin-10-11-22\/cache\/IMG_2728.jpeg-nggid0530508-ngg0dyn-100x75x100-00f0w010c010r110f110r010t010.jpeg\"\n                    width=\"100\"\n                    height=\"75\"\n                    style=\"max-width:100%;\"\n                \/>\n            <\/a>\n        <\/div>\n\t\t\t\t\t\t\t<\/div> \n\t\t\t\n                                    <br style=\"clear: both\" \/>\n                    \n\t\t\t\t<div id=\"ngg-image-8\" class=\"ngg-gallery-thumbnail-box\" >\n\t\t\t\t        <div class=\"ngg-gallery-thumbnail\">\n            <a href=\"https:\/\/www.freimarianne.ch\/wp-content\/gallery\/boudry-st-aubin-10-11-22\/IMG_2731.jpeg\"\n               title=\"Hertbstlandschaft\"\n               data-src=\"https:\/\/www.freimarianne.ch\/wp-content\/gallery\/boudry-st-aubin-10-11-22\/IMG_2731.jpeg\"\n               data-thumbnail=\"https:\/\/www.freimarianne.ch\/wp-content\/gallery\/boudry-st-aubin-10-11-22\/thumbs\/thumbs_IMG_2731.jpeg\"\n               data-image-id=\"30510\"\n               data-title=\"IMG_2731\"\n               data-description=\"Hertbstlandschaft\"\n               data-image-slug=\"img_2731-3\"\n               class=\"shutterset_e1b7a5078d950e97e3a6b684b83a7c17\">\n                <img\n                    title=\"IMG_2731\"\n                    alt=\"IMG_2731\"\n                    src=\"https:\/\/www.freimarianne.ch\/wp-content\/gallery\/boudry-st-aubin-10-11-22\/cache\/IMG_2731.jpeg-nggid0530510-ngg0dyn-100x75x100-00f0w010c010r110f110r010t010.jpeg\"\n                    width=\"100\"\n                    height=\"72\"\n                    style=\"max-width:100%;\"\n                \/>\n            <\/a>\n        <\/div>\n\t\t\t\t\t\t\t<\/div> \n\t\t\t\n                            \n\t\t\t\t<div id=\"ngg-image-9\" class=\"ngg-gallery-thumbnail-box\" >\n\t\t\t\t        <div class=\"ngg-gallery-thumbnail\">\n            <a href=\"https:\/\/www.freimarianne.ch\/wp-content\/gallery\/boudry-st-aubin-10-11-22\/IMG_2732.jpeg\"\n               title=\"bei Ch\u00e2tillon\"\n               data-src=\"https:\/\/www.freimarianne.ch\/wp-content\/gallery\/boudry-st-aubin-10-11-22\/IMG_2732.jpeg\"\n               data-thumbnail=\"https:\/\/www.freimarianne.ch\/wp-content\/gallery\/boudry-st-aubin-10-11-22\/thumbs\/thumbs_IMG_2732.jpeg\"\n               data-image-id=\"30509\"\n               data-title=\"IMG_2732\"\n               data-description=\"bei Ch\u00e2tillon\"\n               data-image-slug=\"img_2732-2\"\n               class=\"shutterset_e1b7a5078d950e97e3a6b684b83a7c17\">\n                <img\n                    title=\"IMG_2732\"\n                    alt=\"IMG_2732\"\n                    src=\"https:\/\/www.freimarianne.ch\/wp-content\/gallery\/boudry-st-aubin-10-11-22\/cache\/IMG_2732.jpeg-nggid0530509-ngg0dyn-100x75x100-00f0w010c010r110f110r010t010.jpeg\"\n                    width=\"100\"\n                    height=\"69\"\n                    style=\"max-width:100%;\"\n                \/>\n            <\/a>\n        <\/div>\n\t\t\t\t\t\t\t<\/div> \n\t\t\t\n                            \n\t\t\t\t<div id=\"ngg-image-10\" class=\"ngg-gallery-thumbnail-box\" >\n\t\t\t\t        <div class=\"ngg-gallery-thumbnail\">\n            <a href=\"https:\/\/www.freimarianne.ch\/wp-content\/gallery\/boudry-st-aubin-10-11-22\/IMG_2734.jpeg\"\n               title=\"Blick auf denBerganhang\"\n               data-src=\"https:\/\/www.freimarianne.ch\/wp-content\/gallery\/boudry-st-aubin-10-11-22\/IMG_2734.jpeg\"\n               data-thumbnail=\"https:\/\/www.freimarianne.ch\/wp-content\/gallery\/boudry-st-aubin-10-11-22\/thumbs\/thumbs_IMG_2734.jpeg\"\n               data-image-id=\"30511\"\n               data-title=\"IMG_2734\"\n               data-description=\"Blick auf denBerganhang\"\n               data-image-slug=\"img_2734-3\"\n               class=\"shutterset_e1b7a5078d950e97e3a6b684b83a7c17\">\n                <img\n                    title=\"IMG_2734\"\n                    alt=\"IMG_2734\"\n                    src=\"https:\/\/www.freimarianne.ch\/wp-content\/gallery\/boudry-st-aubin-10-11-22\/cache\/IMG_2734.jpeg-nggid0530511-ngg0dyn-100x75x100-00f0w010c010r110f110r010t010.jpeg\"\n                    width=\"100\"\n                    height=\"75\"\n                    style=\"max-width:100%;\"\n                \/>\n            <\/a>\n        <\/div>\n\t\t\t\t\t\t\t<\/div> \n\t\t\t\n                            \n\t\t\t\t<div id=\"ngg-image-11\" class=\"ngg-gallery-thumbnail-box\" >\n\t\t\t\t        <div class=\"ngg-gallery-thumbnail\">\n            <a href=\"https:\/\/www.freimarianne.ch\/wp-content\/gallery\/boudry-st-aubin-10-11-22\/IMG_2736.jpeg\"\n               title=\"hinunter nach Gorgier\"\n               data-src=\"https:\/\/www.freimarianne.ch\/wp-content\/gallery\/boudry-st-aubin-10-11-22\/IMG_2736.jpeg\"\n               data-thumbnail=\"https:\/\/www.freimarianne.ch\/wp-content\/gallery\/boudry-st-aubin-10-11-22\/thumbs\/thumbs_IMG_2736.jpeg\"\n               data-image-id=\"30506\"\n               data-title=\"IMG_2736\"\n               data-description=\"hinunter nach Gorgier\"\n               data-image-slug=\"img_2736-5\"\n               class=\"shutterset_e1b7a5078d950e97e3a6b684b83a7c17\">\n                <img\n                    title=\"IMG_2736\"\n                    alt=\"IMG_2736\"\n                    src=\"https:\/\/www.freimarianne.ch\/wp-content\/gallery\/boudry-st-aubin-10-11-22\/cache\/IMG_2736.jpeg-nggid0530506-ngg0dyn-100x75x100-00f0w010c010r110f110r010t010.jpeg\"\n                    width=\"100\"\n                    height=\"66\"\n                    style=\"max-width:100%;\"\n                \/>\n            <\/a>\n        <\/div>\n\t\t\t\t\t\t\t<\/div> \n\t\t\t\n                                    <br style=\"clear: both\" \/>\n                    \n\t\t\n\t\t<!-- Pagination -->\n\t<div class='ngg-clear'><\/div>\t<\/div>\n\n","protected":false},"excerpt":{"rendered":"<p>Heute fahre ich wegen dem besseren Wetter in die Westschweiz, um eine Wanderung \u00fcber dem Neuenburgersee zu machen, die ich im Web gefunden habe. Link: Die sch\u00f6nen Fotos von den Rebbergen auf der Webseite haben mich dazu verf\u00fchrt, diese Wanderung zu machen. Aber nur in der N\u00e4he von Boudry komme ich an einem Rebberg vorbei. [&hellip;]<\/p>\n","protected":false},"author":1,"featured_media":0,"parent":60728,"menu_order":20,"comment_status":"closed","ping_status":"closed","template":"","meta":{"ngg_post_thumbnail":0},"_links":{"self":[{"href":"https:\/\/www.freimarianne.ch\/index.php?rest_route=\/wp\/v2\/pages\/61456"}],"collection":[{"href":"https:\/\/www.freimarianne.ch\/index.php?rest_route=\/wp\/v2\/pages"}],"about":[{"href":"https:\/\/www.freimarianne.ch\/index.php?rest_route=\/wp\/v2\/types\/page"}],"author":[{"embeddable":true,"href":"https:\/\/www.freimarianne.ch\/index.php?rest_route=\/wp\/v2\/users\/1"}],"replies":[{"embeddable":true,"href":"https:\/\/www.freimarianne.ch\/index.php?rest_route=%2Fwp%2Fv2%2Fcomments&post=61456"}],"version-history":[{"count":5,"href":"https:\/\/www.freimarianne.ch\/index.php?rest_route=\/wp\/v2\/pages\/61456\/revisions"}],"predecessor-version":[{"id":61517,"href":"https:\/\/www.freimarianne.ch\/index.php?rest_route=\/wp\/v2\/pages\/61456\/revisions\/61517"}],"up":[{"embeddable":true,"href":"https:\/\/www.freimarianne.ch\/index.php?rest_route=\/wp\/v2\/pages\/60728"}],"wp:attachment":[{"href":"https:\/\/www.freimarianne.ch\/index.php?rest_route=%2Fwp%2Fv2%2Fmedia&parent=61456"}],"curies":[{"name":"wp","href":"https:\/\/api.w.org\/{rel}","templated":true}]}}