{"id":61555,"date":"2022-11-22T10:58:42","date_gmt":"2022-11-22T09:58:42","guid":{"rendered":"http:\/\/www.freimarianne.ch\/?page_id=61555"},"modified":"2022-11-22T11:03:26","modified_gmt":"2022-11-22T10:03:26","slug":"saas-fee-vs-20-11-2022","status":"publish","type":"page","link":"https:\/\/www.freimarianne.ch\/?page_id=61555","title":{"rendered":"Saas Fee  VS 20.11.2022"},"content":{"rendered":"<div id=\"attachment_61554\" style=\"width: 510px\" class=\"wp-caption alignleft\"><img aria-describedby=\"caption-attachment-61554\" loading=\"lazy\" class=\"size-full wp-image-61554\" src=\"http:\/\/www.freimarianne.ch\/wp-content\/uploads\/2022\/11\/IMG_2777._saas-fee-11.22_500.jpeg\" alt=\"\" width=\"500\" height=\"410\" srcset=\"https:\/\/www.freimarianne.ch\/wp-content\/uploads\/2022\/11\/IMG_2777._saas-fee-11.22_500.jpeg 500w, https:\/\/www.freimarianne.ch\/wp-content\/uploads\/2022\/11\/IMG_2777._saas-fee-11.22_500-300x246.jpeg 300w, https:\/\/www.freimarianne.ch\/wp-content\/uploads\/2022\/11\/IMG_2777._saas-fee-11.22_500-366x300.jpeg 366w\" sizes=\"(max-width: 500px) 100vw, 500px\" \/><p id=\"caption-attachment-61554\" class=\"wp-caption-text\">Sicht gegen Alphubel<\/p><\/div>\n<p><strong>Kurze Winterwanderung in Saas Fee<\/strong><\/p>\n<p>Eigentlich wollte ich heute auf den Simplonpass fahren.<br>In Visp steige ich aber kurzentschlossen aus und nehme den Bus nach Saas Fee.<br>Im Dorf liegt zwar kein Schnee aber die H\u00e4nge sind weiss.<br>Um 11h liegt Saas Fee noch im Schatten. Im Dorf lieg wenig Schnee in den G\u00e4rten aber nicht auf den Strassen.<br><strong>D<\/strong>a ich aber an die Sonne kommen m\u00f6chte, wandere ich auf der Strasse gegen Wildi und zum \u00dcsser Wald, wo sich die Wegweiser befinden. Ich beschliess, hin\u00fcber nach Sengg zu wandern, das ich von meiner Wanderung von Bidermatten aus kenne. Die Waldstrasse ist teils eisig, schneebedeckt und teilweise aper.<br>Ich ziehe meine Iseli an, die ich wohlweislich eingepackt hatte.<br>So wandere ich durch den Bergwald zum Hotel Fletschorn und von dort leicht hinunter nach Sengg 1798m, wo ich bei einem Haus einen Sitzplatz finde. Hier geniesse ich in meiner Mittagspause den Sonnenschein und die Ruhe.<br>Dann wandere ich wieder zur\u00fcck nach Saas Fee und mache einen kurzen Umweg zum Busterminal, da ich noch gen\u00fcgend Zeit habe bis zur Busabfahrt um 13.52h.<br>Es steht ein direkter Bus nach Visp bereit, der sich bis zum letzten Platz mit Skifahrern f\u00fcllt.<\/p>\n<p>Das ist der Nachteil, wenn man hier in Saas Fee eine Winterwanderung machen m\u00f6chte. Man hat immer einen vollen Bus und man muss fr\u00fchzeitig beim Bus sein, um einen Sitzplatz zu haben.<\/p>\n<p>Dies war meine erste Winterwanderung in diesem Herbst.<\/p>\n\n\n<p><\/p>\n\n\n\n<!-- index.php -->\n<div\n\tclass=\"ngg-galleryoverview ngg-ajax-pagination-none\"\n\tid=\"ngg-gallery-f4cf4949b6530b6ba472deea683d0890-1\">\n\n    \t<div class=\"slideshowlink\">\n        <a href='https:\/\/www.freimarianne.ch\/index.php\/nggallery\/slideshow?page_id=61555'>[Show as slideshow]<\/a>\n\t\t\n\t<\/div>\n\t\t\t<!-- Thumbnails -->\n\t\t\t\t<div id=\"ngg-image-0\" class=\"ngg-gallery-thumbnail-box\" >\n\t\t\t\t        <div class=\"ngg-gallery-thumbnail\">\n            <a href=\"https:\/\/www.freimarianne.ch\/wp-content\/gallery\/saas-fee-20-11-22\/IMG_2775.jpeg\"\n               title=\"Alphubel,T\u00e4schhorn\"\n               data-src=\"https:\/\/www.freimarianne.ch\/wp-content\/gallery\/saas-fee-20-11-22\/IMG_2775.jpeg\"\n               data-thumbnail=\"https:\/\/www.freimarianne.ch\/wp-content\/gallery\/saas-fee-20-11-22\/thumbs\/thumbs_IMG_2775.jpeg\"\n               data-image-id=\"30571\"\n               data-title=\"IMG_2775\"\n               data-description=\"Alphubel,T\u00e4schhorn\"\n               data-image-slug=\"img_2775-2\"\n               class=\"shutterset_f4cf4949b6530b6ba472deea683d0890\">\n                <img\n                    title=\"IMG_2775\"\n                    alt=\"IMG_2775\"\n                    src=\"https:\/\/www.freimarianne.ch\/wp-content\/gallery\/saas-fee-20-11-22\/cache\/IMG_2775.jpeg-nggid0530571-ngg0dyn-100x75x100-00f0w010c010r110f110r010t010.jpeg\"\n                    width=\"100\"\n                    height=\"61\"\n                    style=\"max-width:100%;\"\n                \/>\n            <\/a>\n        <\/div>\n\t\t\t\t\t\t\t<\/div> \n\t\t\t\n                            \n\t\t\t\t<div id=\"ngg-image-1\" class=\"ngg-gallery-thumbnail-box\" >\n\t\t\t\t        <div class=\"ngg-gallery-thumbnail\">\n            <a href=\"https:\/\/www.freimarianne.ch\/wp-content\/gallery\/saas-fee-20-11-22\/IMG_2779.jpeg\"\n               title=\"leicht verschneites Saas Fee; Alphubel\"\n               data-src=\"https:\/\/www.freimarianne.ch\/wp-content\/gallery\/saas-fee-20-11-22\/IMG_2779.jpeg\"\n               data-thumbnail=\"https:\/\/www.freimarianne.ch\/wp-content\/gallery\/saas-fee-20-11-22\/thumbs\/thumbs_IMG_2779.jpeg\"\n               data-image-id=\"30572\"\n               data-title=\"IMG_2779\"\n               data-description=\"leicht verschneites Saas Fee; Alphubel\"\n               data-image-slug=\"img_2779-2\"\n               class=\"shutterset_f4cf4949b6530b6ba472deea683d0890\">\n                <img\n                    title=\"IMG_2779\"\n                    alt=\"IMG_2779\"\n                    src=\"https:\/\/www.freimarianne.ch\/wp-content\/gallery\/saas-fee-20-11-22\/cache\/IMG_2779.jpeg-nggid0530572-ngg0dyn-100x75x100-00f0w010c010r110f110r010t010.jpeg\"\n                    width=\"96\"\n                    height=\"75\"\n                    style=\"max-width:100%;\"\n                \/>\n            <\/a>\n        <\/div>\n\t\t\t\t\t\t\t<\/div> \n\t\t\t\n                            \n\t\t\t\t<div id=\"ngg-image-2\" class=\"ngg-gallery-thumbnail-box\" >\n\t\t\t\t        <div class=\"ngg-gallery-thumbnail\">\n            <a href=\"https:\/\/www.freimarianne.ch\/wp-content\/gallery\/saas-fee-20-11-22\/IMG_2781.jpeg\"\n               title=\"hier geht es leicht hinunter\"\n               data-src=\"https:\/\/www.freimarianne.ch\/wp-content\/gallery\/saas-fee-20-11-22\/IMG_2781.jpeg\"\n               data-thumbnail=\"https:\/\/www.freimarianne.ch\/wp-content\/gallery\/saas-fee-20-11-22\/thumbs\/thumbs_IMG_2781.jpeg\"\n               data-image-id=\"30570\"\n               data-title=\"IMG_2781\"\n               data-description=\"hier geht es leicht hinunter\"\n               data-image-slug=\"img_2781-5\"\n               class=\"shutterset_f4cf4949b6530b6ba472deea683d0890\">\n                <img\n                    title=\"IMG_2781\"\n                    alt=\"IMG_2781\"\n                    src=\"https:\/\/www.freimarianne.ch\/wp-content\/gallery\/saas-fee-20-11-22\/cache\/IMG_2781.jpeg-nggid0530570-ngg0dyn-100x75x100-00f0w010c010r110f110r010t010.jpeg\"\n                    width=\"100\"\n                    height=\"75\"\n                    style=\"max-width:100%;\"\n                \/>\n            <\/a>\n        <\/div>\n\t\t\t\t\t\t\t<\/div> \n\t\t\t\n                            \n\t\t\t\t<div id=\"ngg-image-3\" class=\"ngg-gallery-thumbnail-box\" >\n\t\t\t\t        <div class=\"ngg-gallery-thumbnail\">\n            <a href=\"https:\/\/www.freimarianne.ch\/wp-content\/gallery\/saas-fee-20-11-22\/IMG_2782.jpeg\"\n               title=\"Blick auf  Fletschhorn und Lagginhorn\"\n               data-src=\"https:\/\/www.freimarianne.ch\/wp-content\/gallery\/saas-fee-20-11-22\/IMG_2782.jpeg\"\n               data-thumbnail=\"https:\/\/www.freimarianne.ch\/wp-content\/gallery\/saas-fee-20-11-22\/thumbs\/thumbs_IMG_2782.jpeg\"\n               data-image-id=\"30569\"\n               data-title=\"IMG_2782\"\n               data-description=\"Blick auf  Fletschhorn und Lagginhorn\"\n               data-image-slug=\"img_2782-2\"\n               class=\"shutterset_f4cf4949b6530b6ba472deea683d0890\">\n                <img\n                    title=\"IMG_2782\"\n                    alt=\"IMG_2782\"\n                    src=\"https:\/\/www.freimarianne.ch\/wp-content\/gallery\/saas-fee-20-11-22\/cache\/IMG_2782.jpeg-nggid0530569-ngg0dyn-100x75x100-00f0w010c010r110f110r010t010.jpeg\"\n                    width=\"100\"\n                    height=\"75\"\n                    style=\"max-width:100%;\"\n                \/>\n            <\/a>\n        <\/div>\n\t\t\t\t\t\t\t<\/div> \n\t\t\t\n                                    <br style=\"clear: both\" \/>\n                    \n\t\t\t\t<div id=\"ngg-image-4\" class=\"ngg-gallery-thumbnail-box\" >\n\t\t\t\t        <div class=\"ngg-gallery-thumbnail\">\n            <a href=\"https:\/\/www.freimarianne.ch\/wp-content\/gallery\/saas-fee-20-11-22\/IMG_2783.jpeg\"\n               title=\"durch den Winterwald\"\n               data-src=\"https:\/\/www.freimarianne.ch\/wp-content\/gallery\/saas-fee-20-11-22\/IMG_2783.jpeg\"\n               data-thumbnail=\"https:\/\/www.freimarianne.ch\/wp-content\/gallery\/saas-fee-20-11-22\/thumbs\/thumbs_IMG_2783.jpeg\"\n               data-image-id=\"30568\"\n               data-title=\"IMG_2783\"\n               data-description=\"durch den Winterwald\"\n               data-image-slug=\"img_2783-4\"\n               class=\"shutterset_f4cf4949b6530b6ba472deea683d0890\">\n                <img\n                    title=\"IMG_2783\"\n                    alt=\"IMG_2783\"\n                    src=\"https:\/\/www.freimarianne.ch\/wp-content\/gallery\/saas-fee-20-11-22\/cache\/IMG_2783.jpeg-nggid0530568-ngg0dyn-100x75x100-00f0w010c010r110f110r010t010.jpeg\"\n                    width=\"100\"\n                    height=\"75\"\n                    style=\"max-width:100%;\"\n                \/>\n            <\/a>\n        <\/div>\n\t\t\t\t\t\t\t<\/div> \n\t\t\t\n                            \n\t\t\t\t<div id=\"ngg-image-5\" class=\"ngg-gallery-thumbnail-box\" >\n\t\t\t\t        <div class=\"ngg-gallery-thumbnail\">\n            <a href=\"https:\/\/www.freimarianne.ch\/wp-content\/gallery\/saas-fee-20-11-22\/IMG_2784.jpeg\"\n               title=\"Sengg 1798m\"\n               data-src=\"https:\/\/www.freimarianne.ch\/wp-content\/gallery\/saas-fee-20-11-22\/IMG_2784.jpeg\"\n               data-thumbnail=\"https:\/\/www.freimarianne.ch\/wp-content\/gallery\/saas-fee-20-11-22\/thumbs\/thumbs_IMG_2784.jpeg\"\n               data-image-id=\"30567\"\n               data-title=\"IMG_2784\"\n               data-description=\"Sengg 1798m\"\n               data-image-slug=\"img_2784-4\"\n               class=\"shutterset_f4cf4949b6530b6ba472deea683d0890\">\n                <img\n                    title=\"IMG_2784\"\n                    alt=\"IMG_2784\"\n                    src=\"https:\/\/www.freimarianne.ch\/wp-content\/gallery\/saas-fee-20-11-22\/cache\/IMG_2784.jpeg-nggid0530567-ngg0dyn-100x75x100-00f0w010c010r110f110r010t010.jpeg\"\n                    width=\"100\"\n                    height=\"75\"\n                    style=\"max-width:100%;\"\n                \/>\n            <\/a>\n        <\/div>\n\t\t\t\t\t\t\t<\/div> \n\t\t\t\n                            \n\t\t\t\t<div id=\"ngg-image-6\" class=\"ngg-gallery-thumbnail-box\" >\n\t\t\t\t        <div class=\"ngg-gallery-thumbnail\">\n            <a href=\"https:\/\/www.freimarianne.ch\/wp-content\/gallery\/saas-fee-20-11-22\/IMG_2785.jpeg\"\n               title=\"Sengg 1798m\"\n               data-src=\"https:\/\/www.freimarianne.ch\/wp-content\/gallery\/saas-fee-20-11-22\/IMG_2785.jpeg\"\n               data-thumbnail=\"https:\/\/www.freimarianne.ch\/wp-content\/gallery\/saas-fee-20-11-22\/thumbs\/thumbs_IMG_2785.jpeg\"\n               data-image-id=\"30566\"\n               data-title=\"IMG_2785\"\n               data-description=\"Sengg 1798m\"\n               data-image-slug=\"img_2785-3\"\n               class=\"shutterset_f4cf4949b6530b6ba472deea683d0890\">\n                <img\n                    title=\"IMG_2785\"\n                    alt=\"IMG_2785\"\n                    src=\"https:\/\/www.freimarianne.ch\/wp-content\/gallery\/saas-fee-20-11-22\/cache\/IMG_2785.jpeg-nggid0530566-ngg0dyn-100x75x100-00f0w010c010r110f110r010t010.jpeg\"\n                    width=\"100\"\n                    height=\"75\"\n                    style=\"max-width:100%;\"\n                \/>\n            <\/a>\n        <\/div>\n\t\t\t\t\t\t\t<\/div> \n\t\t\t\n                            \n\t\t\t\t<div id=\"ngg-image-7\" class=\"ngg-gallery-thumbnail-box\" >\n\t\t\t\t        <div class=\"ngg-gallery-thumbnail\">\n            <a href=\"https:\/\/www.freimarianne.ch\/wp-content\/gallery\/saas-fee-20-11-22\/IMG_2786.jpeg\"\n               title=\"Winterwunder\"\n               data-src=\"https:\/\/www.freimarianne.ch\/wp-content\/gallery\/saas-fee-20-11-22\/IMG_2786.jpeg\"\n               data-thumbnail=\"https:\/\/www.freimarianne.ch\/wp-content\/gallery\/saas-fee-20-11-22\/thumbs\/thumbs_IMG_2786.jpeg\"\n               data-image-id=\"30565\"\n               data-title=\"IMG_2786\"\n               data-description=\"Winterwunder\"\n               data-image-slug=\"img_2786-7\"\n               class=\"shutterset_f4cf4949b6530b6ba472deea683d0890\">\n                <img\n                    title=\"IMG_2786\"\n                    alt=\"IMG_2786\"\n                    src=\"https:\/\/www.freimarianne.ch\/wp-content\/gallery\/saas-fee-20-11-22\/cache\/IMG_2786.jpeg-nggid0530565-ngg0dyn-100x75x100-00f0w010c010r110f110r010t010.jpeg\"\n                    width=\"100\"\n                    height=\"72\"\n                    style=\"max-width:100%;\"\n                \/>\n            <\/a>\n        <\/div>\n\t\t\t\t\t\t\t<\/div> \n\t\t\t\n                                    <br style=\"clear: both\" \/>\n                    \n\t\t\t\t<div id=\"ngg-image-8\" class=\"ngg-gallery-thumbnail-box\" >\n\t\t\t\t        <div class=\"ngg-gallery-thumbnail\">\n            <a href=\"https:\/\/www.freimarianne.ch\/wp-content\/gallery\/saas-fee-20-11-22\/IMG_2788.jpeg\"\n               title=\"Sengg 1798m\"\n               data-src=\"https:\/\/www.freimarianne.ch\/wp-content\/gallery\/saas-fee-20-11-22\/IMG_2788.jpeg\"\n               data-thumbnail=\"https:\/\/www.freimarianne.ch\/wp-content\/gallery\/saas-fee-20-11-22\/thumbs\/thumbs_IMG_2788.jpeg\"\n               data-image-id=\"30560\"\n               data-title=\"IMG_2788\"\n               data-description=\"Sengg 1798m\"\n               data-image-slug=\"img_2788\"\n               class=\"shutterset_f4cf4949b6530b6ba472deea683d0890\">\n                <img\n                    title=\"IMG_2788\"\n                    alt=\"IMG_2788\"\n                    src=\"https:\/\/www.freimarianne.ch\/wp-content\/gallery\/saas-fee-20-11-22\/cache\/IMG_2788.jpeg-nggid0530560-ngg0dyn-100x75x100-00f0w010c010r110f110r010t010.jpeg\"\n                    width=\"100\"\n                    height=\"75\"\n                    style=\"max-width:100%;\"\n                \/>\n            <\/a>\n        <\/div>\n\t\t\t\t\t\t\t<\/div> \n\t\t\t\n                            \n\t\t\t\t<div id=\"ngg-image-9\" class=\"ngg-gallery-thumbnail-box\" >\n\t\t\t\t        <div class=\"ngg-gallery-thumbnail\">\n            <a href=\"https:\/\/www.freimarianne.ch\/wp-content\/gallery\/saas-fee-20-11-22\/IMG_2789.jpeg\"\n               title=\"am Brunnen\"\n               data-src=\"https:\/\/www.freimarianne.ch\/wp-content\/gallery\/saas-fee-20-11-22\/IMG_2789.jpeg\"\n               data-thumbnail=\"https:\/\/www.freimarianne.ch\/wp-content\/gallery\/saas-fee-20-11-22\/thumbs\/thumbs_IMG_2789.jpeg\"\n               data-image-id=\"30561\"\n               data-title=\"IMG_2789\"\n               data-description=\"am Brunnen\"\n               data-image-slug=\"img_2789-94\"\n               class=\"shutterset_f4cf4949b6530b6ba472deea683d0890\">\n                <img\n                    title=\"IMG_2789\"\n                    alt=\"IMG_2789\"\n                    src=\"https:\/\/www.freimarianne.ch\/wp-content\/gallery\/saas-fee-20-11-22\/cache\/IMG_2789.jpeg-nggid0530561-ngg0dyn-100x75x100-00f0w010c010r110f110r010t010.jpeg\"\n                    width=\"100\"\n                    height=\"75\"\n                    style=\"max-width:100%;\"\n                \/>\n            <\/a>\n        <\/div>\n\t\t\t\t\t\t\t<\/div> \n\t\t\t\n                            \n\t\t\t\t<div id=\"ngg-image-10\" class=\"ngg-gallery-thumbnail-box\" >\n\t\t\t\t        <div class=\"ngg-gallery-thumbnail\">\n            <a href=\"https:\/\/www.freimarianne.ch\/wp-content\/gallery\/saas-fee-20-11-22\/IMG_2791.jpeg\"\n               title=\"Sengg 1798m; mein Rastplatz\"\n               data-src=\"https:\/\/www.freimarianne.ch\/wp-content\/gallery\/saas-fee-20-11-22\/IMG_2791.jpeg\"\n               data-thumbnail=\"https:\/\/www.freimarianne.ch\/wp-content\/gallery\/saas-fee-20-11-22\/thumbs\/thumbs_IMG_2791.jpeg\"\n               data-image-id=\"30564\"\n               data-title=\"IMG_2791\"\n               data-description=\"Sengg 1798m; mein Rastplatz\"\n               data-image-slug=\"img_2791-3\"\n               class=\"shutterset_f4cf4949b6530b6ba472deea683d0890\">\n                <img\n                    title=\"IMG_2791\"\n                    alt=\"IMG_2791\"\n                    src=\"https:\/\/www.freimarianne.ch\/wp-content\/gallery\/saas-fee-20-11-22\/cache\/IMG_2791.jpeg-nggid0530564-ngg0dyn-100x75x100-00f0w010c010r110f110r010t010.jpeg\"\n                    width=\"98\"\n                    height=\"75\"\n                    style=\"max-width:100%;\"\n                \/>\n            <\/a>\n        <\/div>\n\t\t\t\t\t\t\t<\/div> \n\t\t\t\n                            \n\t\t\t\t<div id=\"ngg-image-11\" class=\"ngg-gallery-thumbnail-box\" >\n\t\t\t\t        <div class=\"ngg-gallery-thumbnail\">\n            <a href=\"https:\/\/www.freimarianne.ch\/wp-content\/gallery\/saas-fee-20-11-22\/IMG_2796.jpeg\"\n               title=\"auf dem R\u00fcckweg; almagellerhotn,Stellihorn\"\n               data-src=\"https:\/\/www.freimarianne.ch\/wp-content\/gallery\/saas-fee-20-11-22\/IMG_2796.jpeg\"\n               data-thumbnail=\"https:\/\/www.freimarianne.ch\/wp-content\/gallery\/saas-fee-20-11-22\/thumbs\/thumbs_IMG_2796.jpeg\"\n               data-image-id=\"30563\"\n               data-title=\"IMG_2796\"\n               data-description=\"auf dem R\u00fcckweg; almagellerhotn,Stellihorn\"\n               data-image-slug=\"img_2796-2\"\n               class=\"shutterset_f4cf4949b6530b6ba472deea683d0890\">\n                <img\n                    title=\"IMG_2796\"\n                    alt=\"IMG_2796\"\n                    src=\"https:\/\/www.freimarianne.ch\/wp-content\/gallery\/saas-fee-20-11-22\/cache\/IMG_2796.jpeg-nggid0530563-ngg0dyn-100x75x100-00f0w010c010r110f110r010t010.jpeg\"\n                    width=\"100\"\n                    height=\"75\"\n                    style=\"max-width:100%;\"\n                \/>\n            <\/a>\n        <\/div>\n\t\t\t\t\t\t\t<\/div> \n\t\t\t\n                                    <br style=\"clear: both\" \/>\n                    \n\t\t\t\t<div id=\"ngg-image-12\" class=\"ngg-gallery-thumbnail-box\" >\n\t\t\t\t        <div class=\"ngg-gallery-thumbnail\">\n            <a href=\"https:\/\/www.freimarianne.ch\/wp-content\/gallery\/saas-fee-20-11-22\/IMG_2797.jpeg\"\n               title=\"wieder in Saas Fee; Alphubel 4206m, T\u00e4schhorn 4490m, Dom 4545m\"\n               data-src=\"https:\/\/www.freimarianne.ch\/wp-content\/gallery\/saas-fee-20-11-22\/IMG_2797.jpeg\"\n               data-thumbnail=\"https:\/\/www.freimarianne.ch\/wp-content\/gallery\/saas-fee-20-11-22\/thumbs\/thumbs_IMG_2797.jpeg\"\n               data-image-id=\"30559\"\n               data-title=\"IMG_2797\"\n               data-description=\"wieder in Saas Fee; Alphubel 4206m, T\u00e4schhorn 4490m, Dom 4545m\"\n               data-image-slug=\"img_2797-4\"\n               class=\"shutterset_f4cf4949b6530b6ba472deea683d0890\">\n                <img\n                    title=\"IMG_2797\"\n                    alt=\"IMG_2797\"\n                    src=\"https:\/\/www.freimarianne.ch\/wp-content\/gallery\/saas-fee-20-11-22\/cache\/IMG_2797.jpeg-nggid0530559-ngg0dyn-100x75x100-00f0w010c010r110f110r010t010.jpeg\"\n                    width=\"100\"\n                    height=\"60\"\n                    style=\"max-width:100%;\"\n                \/>\n            <\/a>\n        <\/div>\n\t\t\t\t\t\t\t<\/div> \n\t\t\t\n                            \n\t\t\t\t<div id=\"ngg-image-13\" class=\"ngg-gallery-thumbnail-box\" >\n\t\t\t\t        <div class=\"ngg-gallery-thumbnail\">\n            <a href=\"https:\/\/www.freimarianne.ch\/wp-content\/gallery\/saas-fee-20-11-22\/IMG_2802.jpeg\"\n               title=\"Blick gegen Hanig\"\n               data-src=\"https:\/\/www.freimarianne.ch\/wp-content\/gallery\/saas-fee-20-11-22\/IMG_2802.jpeg\"\n               data-thumbnail=\"https:\/\/www.freimarianne.ch\/wp-content\/gallery\/saas-fee-20-11-22\/thumbs\/thumbs_IMG_2802.jpeg\"\n               data-image-id=\"30562\"\n               data-title=\"IMG_2802\"\n               data-description=\"Blick gegen Hanig\"\n               data-image-slug=\"img_2802-4\"\n               class=\"shutterset_f4cf4949b6530b6ba472deea683d0890\">\n                <img\n                    title=\"IMG_2802\"\n                    alt=\"IMG_2802\"\n                    src=\"https:\/\/www.freimarianne.ch\/wp-content\/gallery\/saas-fee-20-11-22\/cache\/IMG_2802.jpeg-nggid0530562-ngg0dyn-100x75x100-00f0w010c010r110f110r010t010.jpeg\"\n                    width=\"100\"\n                    height=\"75\"\n                    style=\"max-width:100%;\"\n                \/>\n            <\/a>\n        <\/div>\n\t\t\t\t\t\t\t<\/div> \n\t\t\t\n                            \n\t\t\n\t\t<!-- Pagination -->\n\t<div class='ngg-clear'><\/div>\t<\/div>\n\n","protected":false},"excerpt":{"rendered":"<p>Kurze Winterwanderung in Saas Fee Eigentlich wollte ich heute auf den Simplonpass fahren.In Visp steige ich aber kurzentschlossen aus und nehme den Bus nach Saas Fee.Im Dorf liegt zwar kein Schnee aber die H\u00e4nge sind weiss.Um 11h liegt Saas Fee noch im Schatten. Im Dorf lieg wenig Schnee in den G\u00e4rten aber nicht auf den [&hellip;]<\/p>\n","protected":false},"author":1,"featured_media":0,"parent":60728,"menu_order":22,"comment_status":"closed","ping_status":"closed","template":"","meta":{"ngg_post_thumbnail":0},"_links":{"self":[{"href":"https:\/\/www.freimarianne.ch\/index.php?rest_route=\/wp\/v2\/pages\/61555"}],"collection":[{"href":"https:\/\/www.freimarianne.ch\/index.php?rest_route=\/wp\/v2\/pages"}],"about":[{"href":"https:\/\/www.freimarianne.ch\/index.php?rest_route=\/wp\/v2\/types\/page"}],"author":[{"embeddable":true,"href":"https:\/\/www.freimarianne.ch\/index.php?rest_route=\/wp\/v2\/users\/1"}],"replies":[{"embeddable":true,"href":"https:\/\/www.freimarianne.ch\/index.php?rest_route=%2Fwp%2Fv2%2Fcomments&post=61555"}],"version-history":[{"count":4,"href":"https:\/\/www.freimarianne.ch\/index.php?rest_route=\/wp\/v2\/pages\/61555\/revisions"}],"predecessor-version":[{"id":61574,"href":"https:\/\/www.freimarianne.ch\/index.php?rest_route=\/wp\/v2\/pages\/61555\/revisions\/61574"}],"up":[{"embeddable":true,"href":"https:\/\/www.freimarianne.ch\/index.php?rest_route=\/wp\/v2\/pages\/60728"}],"wp:attachment":[{"href":"https:\/\/www.freimarianne.ch\/index.php?rest_route=%2Fwp%2Fv2%2Fmedia&parent=61555"}],"curies":[{"name":"wp","href":"https:\/\/api.w.org\/{rel}","templated":true}]}}