{"id":61663,"date":"2023-02-25T09:03:52","date_gmt":"2023-02-25T08:03:52","guid":{"rendered":"http:\/\/www.freimarianne.ch\/?page_id=61663"},"modified":"2023-02-25T17:11:46","modified_gmt":"2023-02-25T16:11:46","slug":"braunwald-gl-26-1-2023","status":"publish","type":"page","link":"https:\/\/www.freimarianne.ch\/?page_id=61663","title":{"rendered":"Braunwald  GL  26.1.2023"},"content":{"rendered":"\n<div class=\"wp-block-image is-style-default\"><figure class=\"alignleft\"><img loading=\"lazy\" width=\"500\" height=\"367\" src=\"http:\/\/www.freimarianne.ch\/wp-content\/uploads\/2023\/02\/IMG_2884_braunwald-1.23_500.jpeg\" alt=\"\" class=\"wp-image-61651\" srcset=\"https:\/\/www.freimarianne.ch\/wp-content\/uploads\/2023\/02\/IMG_2884_braunwald-1.23_500.jpeg 500w, https:\/\/www.freimarianne.ch\/wp-content\/uploads\/2023\/02\/IMG_2884_braunwald-1.23_500-300x220.jpeg 300w, https:\/\/www.freimarianne.ch\/wp-content\/uploads\/2023\/02\/IMG_2884_braunwald-1.23_500-409x300.jpeg 409w\" sizes=\"(max-width: 500px) 100vw, 500px\" \/><\/figure><\/div>\n\n\n<p>Heute suchen wir den Sonnenschein, den Meteoblue f\u00fcr Braunwald versprochen hat. Aber dem ist nicht so!<br>Wir m\u00fcssen unsere Winterwanderung zum Nussb\u00fchl unter dem Hochnebel machen. Hin und wieder gibt es eine ganz kleine Aufhellung und wir sehen etwas Blaues zwischen den Wolken. Aber wir geniessen die winterliche Stimmung mit gen\u00fcgend Schnee. Im kleinen Restaurant in Nussb\u00fchl kehren wir ein und essen eine gute Gerstensuppe, die ihren Namen verdient!<\/p>\n<p>Es geht dann wieder zur\u00fcck zur Bahnstation. Wir finden zuerst kein Restaurant. Alswir die Dorfstrasse hinaufgehen, stossen wir auf das Lokal\u201c Bsinti\u201c, eine Art Kulturzentrum mit einem kleinen Caf\u00e9, wo wir uns bis zur Abfahrt der Bahn aufw\u00e4rmen k\u00f6nnen.<\/p>\n<p><a href=\"https:\/\/www.bsinti.ch\/\">Lesecaf\u00e9 und Kulturbar<\/a><\/p>\n<p>Dies war ein winterlicher Spaziergang.<\/p>\n<p>Laut Schweizmobil:<\/p>\n<p>Distanz: 7.77km; Aufstieg=Abstieg: 210m; Wanderzeit: 2h<\/p>\n<p><a href=\"_wp_link_placeholder\" data-wplink-edit=\"true\">Karte Schweizmobil:<\/a><\/p>\n<p><!--more--><\/p>\n\n\n<!-- index.php -->\n<div\n\tclass=\"ngg-galleryoverview ngg-ajax-pagination-none\"\n\tid=\"ngg-gallery-cceab904aaaa01ca416d761049adf454-1\">\n\n    \t<div class=\"slideshowlink\">\n        <a href='https:\/\/www.freimarianne.ch\/index.php\/nggallery\/slideshow?page_id=61663'>[Show as slideshow]<\/a>\n\t\t\n\t<\/div>\n\t\t\t<!-- Thumbnails -->\n\t\t\t\t<div id=\"ngg-image-0\" class=\"ngg-gallery-thumbnail-box\" >\n\t\t\t\t        <div class=\"ngg-gallery-thumbnail\">\n            <a href=\"https:\/\/www.freimarianne.ch\/wp-content\/gallery\/braunwald-26-1-2023\/IMG_2884.jpeg\"\n               title=\"Winterstimmung\"\n               data-src=\"https:\/\/www.freimarianne.ch\/wp-content\/gallery\/braunwald-26-1-2023\/IMG_2884.jpeg\"\n               data-thumbnail=\"https:\/\/www.freimarianne.ch\/wp-content\/gallery\/braunwald-26-1-2023\/thumbs\/thumbs_IMG_2884.jpeg\"\n               data-image-id=\"30630\"\n               data-title=\"IMG_2884\"\n               data-description=\"Winterstimmung\"\n               data-image-slug=\"img_2884-7\"\n               class=\"shutterset_cceab904aaaa01ca416d761049adf454\">\n                <img\n                    title=\"IMG_2884\"\n                    alt=\"IMG_2884\"\n                    src=\"https:\/\/www.freimarianne.ch\/wp-content\/gallery\/braunwald-26-1-2023\/cache\/IMG_2884.jpeg-nggid0530630-ngg0dyn-100x75x100-00f0w010c010r110f110r010t010.jpeg\"\n                    width=\"100\"\n                    height=\"73\"\n                    style=\"max-width:100%;\"\n                \/>\n            <\/a>\n        <\/div>\n\t\t\t\t\t\t\t<\/div> \n\t\t\t\n                            \n\t\t\t\t<div id=\"ngg-image-1\" class=\"ngg-gallery-thumbnail-box\" >\n\t\t\t\t        <div class=\"ngg-gallery-thumbnail\">\n            <a href=\"https:\/\/www.freimarianne.ch\/wp-content\/gallery\/braunwald-26-1-2023\/IMG_2898.jpeg\"\n               title=\"zur\u00fcck nach Braunwald\"\n               data-src=\"https:\/\/www.freimarianne.ch\/wp-content\/gallery\/braunwald-26-1-2023\/IMG_2898.jpeg\"\n               data-thumbnail=\"https:\/\/www.freimarianne.ch\/wp-content\/gallery\/braunwald-26-1-2023\/thumbs\/thumbs_IMG_2898.jpeg\"\n               data-image-id=\"30631\"\n               data-title=\"IMG_2898\"\n               data-description=\"zur\u00fcck nach Braunwald\"\n               data-image-slug=\"img_2898-2\"\n               class=\"shutterset_cceab904aaaa01ca416d761049adf454\">\n                <img\n                    title=\"IMG_2898\"\n                    alt=\"IMG_2898\"\n                    src=\"https:\/\/www.freimarianne.ch\/wp-content\/gallery\/braunwald-26-1-2023\/cache\/IMG_2898.jpeg-nggid0530631-ngg0dyn-100x75x100-00f0w010c010r110f110r010t010.jpeg\"\n                    width=\"100\"\n                    height=\"75\"\n                    style=\"max-width:100%;\"\n                \/>\n            <\/a>\n        <\/div>\n\t\t\t\t\t\t\t<\/div> \n\t\t\t\n                            \n\t\t\t\t<div id=\"ngg-image-2\" class=\"ngg-gallery-thumbnail-box\" >\n\t\t\t\t        <div class=\"ngg-gallery-thumbnail\">\n            <a href=\"https:\/\/www.freimarianne.ch\/wp-content\/gallery\/braunwald-26-1-2023\/IMG_2891.jpeg\"\n               title=\"auf dem Weg zum Nussb\u00fchl\"\n               data-src=\"https:\/\/www.freimarianne.ch\/wp-content\/gallery\/braunwald-26-1-2023\/IMG_2891.jpeg\"\n               data-thumbnail=\"https:\/\/www.freimarianne.ch\/wp-content\/gallery\/braunwald-26-1-2023\/thumbs\/thumbs_IMG_2891.jpeg\"\n               data-image-id=\"30632\"\n               data-title=\"IMG_2891\"\n               data-description=\"auf dem Weg zum Nussb\u00fchl\"\n               data-image-slug=\"img_2891-5\"\n               class=\"shutterset_cceab904aaaa01ca416d761049adf454\">\n                <img\n                    title=\"IMG_2891\"\n                    alt=\"IMG_2891\"\n                    src=\"https:\/\/www.freimarianne.ch\/wp-content\/gallery\/braunwald-26-1-2023\/cache\/IMG_2891.jpeg-nggid0530632-ngg0dyn-100x75x100-00f0w010c010r110f110r010t010.jpeg\"\n                    width=\"56\"\n                    height=\"75\"\n                    style=\"max-width:100%;\"\n                \/>\n            <\/a>\n        <\/div>\n\t\t\t\t\t\t\t<\/div> \n\t\t\t\n                            \n\t\t\t\t<div id=\"ngg-image-3\" class=\"ngg-gallery-thumbnail-box\" >\n\t\t\t\t        <div class=\"ngg-gallery-thumbnail\">\n            <a href=\"https:\/\/www.freimarianne.ch\/wp-content\/gallery\/braunwald-26-1-2023\/IMG_2890.jpeg\"\n               title=\"auf dem Weg zum Nussb\u00fchl\"\n               data-src=\"https:\/\/www.freimarianne.ch\/wp-content\/gallery\/braunwald-26-1-2023\/IMG_2890.jpeg\"\n               data-thumbnail=\"https:\/\/www.freimarianne.ch\/wp-content\/gallery\/braunwald-26-1-2023\/thumbs\/thumbs_IMG_2890.jpeg\"\n               data-image-id=\"30633\"\n               data-title=\"IMG_2890\"\n               data-description=\"auf dem Weg zum Nussb\u00fchl\"\n               data-image-slug=\"img_2890-2\"\n               class=\"shutterset_cceab904aaaa01ca416d761049adf454\">\n                <img\n                    title=\"IMG_2890\"\n                    alt=\"IMG_2890\"\n                    src=\"https:\/\/www.freimarianne.ch\/wp-content\/gallery\/braunwald-26-1-2023\/cache\/IMG_2890.jpeg-nggid0530633-ngg0dyn-100x75x100-00f0w010c010r110f110r010t010.jpeg\"\n                    width=\"100\"\n                    height=\"75\"\n                    style=\"max-width:100%;\"\n                \/>\n            <\/a>\n        <\/div>\n\t\t\t\t\t\t\t<\/div> \n\t\t\t\n                                    <br style=\"clear: both\" \/>\n                    \n\t\t\t\t<div id=\"ngg-image-4\" class=\"ngg-gallery-thumbnail-box\" >\n\t\t\t\t        <div class=\"ngg-gallery-thumbnail\">\n            <a href=\"https:\/\/www.freimarianne.ch\/wp-content\/gallery\/braunwald-26-1-2023\/IMG_2888.jpeg\"\n               title=\"auf dem Weg zum Nussb\u00fchl\"\n               data-src=\"https:\/\/www.freimarianne.ch\/wp-content\/gallery\/braunwald-26-1-2023\/IMG_2888.jpeg\"\n               data-thumbnail=\"https:\/\/www.freimarianne.ch\/wp-content\/gallery\/braunwald-26-1-2023\/thumbs\/thumbs_IMG_2888.jpeg\"\n               data-image-id=\"30634\"\n               data-title=\"IMG_2888\"\n               data-description=\"auf dem Weg zum Nussb\u00fchl\"\n               data-image-slug=\"img_2888-5\"\n               class=\"shutterset_cceab904aaaa01ca416d761049adf454\">\n                <img\n                    title=\"IMG_2888\"\n                    alt=\"IMG_2888\"\n                    src=\"https:\/\/www.freimarianne.ch\/wp-content\/gallery\/braunwald-26-1-2023\/cache\/IMG_2888.jpeg-nggid0530634-ngg0dyn-100x75x100-00f0w010c010r110f110r010t010.jpeg\"\n                    width=\"100\"\n                    height=\"75\"\n                    style=\"max-width:100%;\"\n                \/>\n            <\/a>\n        <\/div>\n\t\t\t\t\t\t\t<\/div> \n\t\t\t\n                            \n\t\t\t\t<div id=\"ngg-image-5\" class=\"ngg-gallery-thumbnail-box\" >\n\t\t\t\t        <div class=\"ngg-gallery-thumbnail\">\n            <a href=\"https:\/\/www.freimarianne.ch\/wp-content\/gallery\/braunwald-26-1-2023\/IMG_2889.jpeg\"\n               title=\"auf dem Weg zum Nussb\u00fchl\"\n               data-src=\"https:\/\/www.freimarianne.ch\/wp-content\/gallery\/braunwald-26-1-2023\/IMG_2889.jpeg\"\n               data-thumbnail=\"https:\/\/www.freimarianne.ch\/wp-content\/gallery\/braunwald-26-1-2023\/thumbs\/thumbs_IMG_2889.jpeg\"\n               data-image-id=\"30635\"\n               data-title=\"IMG_2889\"\n               data-description=\"auf dem Weg zum Nussb\u00fchl\"\n               data-image-slug=\"img_2889-2\"\n               class=\"shutterset_cceab904aaaa01ca416d761049adf454\">\n                <img\n                    title=\"IMG_2889\"\n                    alt=\"IMG_2889\"\n                    src=\"https:\/\/www.freimarianne.ch\/wp-content\/gallery\/braunwald-26-1-2023\/cache\/IMG_2889.jpeg-nggid0530635-ngg0dyn-100x75x100-00f0w010c010r110f110r010t010.jpeg\"\n                    width=\"100\"\n                    height=\"75\"\n                    style=\"max-width:100%;\"\n                \/>\n            <\/a>\n        <\/div>\n\t\t\t\t\t\t\t<\/div> \n\t\t\t\n                            \n\t\t\n\t\t<!-- Pagination -->\n\t<div class='ngg-clear'><\/div>\t<\/div>\n\n","protected":false},"excerpt":{"rendered":"<p>Heute suchen wir den Sonnenschein, den Meteoblue f\u00fcr Braunwald versprochen hat. Aber dem ist nicht so!Wir m\u00fcssen unsere Winterwanderung zum Nussb\u00fchl unter dem Hochnebel machen. Hin und wieder gibt es eine ganz kleine Aufhellung und wir sehen etwas Blaues zwischen den Wolken. Aber wir geniessen die winterliche Stimmung mit gen\u00fcgend Schnee. Im kleinen Restaurant in [&hellip;]<\/p>\n","protected":false},"author":1,"featured_media":0,"parent":61580,"menu_order":2,"comment_status":"closed","ping_status":"closed","template":"","meta":{"ngg_post_thumbnail":0},"_links":{"self":[{"href":"https:\/\/www.freimarianne.ch\/index.php?rest_route=\/wp\/v2\/pages\/61663"}],"collection":[{"href":"https:\/\/www.freimarianne.ch\/index.php?rest_route=\/wp\/v2\/pages"}],"about":[{"href":"https:\/\/www.freimarianne.ch\/index.php?rest_route=\/wp\/v2\/types\/page"}],"author":[{"embeddable":true,"href":"https:\/\/www.freimarianne.ch\/index.php?rest_route=\/wp\/v2\/users\/1"}],"replies":[{"embeddable":true,"href":"https:\/\/www.freimarianne.ch\/index.php?rest_route=%2Fwp%2Fv2%2Fcomments&post=61663"}],"version-history":[{"count":4,"href":"https:\/\/www.freimarianne.ch\/index.php?rest_route=\/wp\/v2\/pages\/61663\/revisions"}],"predecessor-version":[{"id":61911,"href":"https:\/\/www.freimarianne.ch\/index.php?rest_route=\/wp\/v2\/pages\/61663\/revisions\/61911"}],"up":[{"embeddable":true,"href":"https:\/\/www.freimarianne.ch\/index.php?rest_route=\/wp\/v2\/pages\/61580"}],"wp:attachment":[{"href":"https:\/\/www.freimarianne.ch\/index.php?rest_route=%2Fwp%2Fv2%2Fmedia&parent=61663"}],"curies":[{"name":"wp","href":"https:\/\/api.w.org\/{rel}","templated":true}]}}