{"id":61693,"date":"2023-02-25T09:52:13","date_gmt":"2023-02-25T08:52:13","guid":{"rendered":"http:\/\/www.freimarianne.ch\/?page_id=61693"},"modified":"2023-02-25T17:26:16","modified_gmt":"2023-02-25T16:26:16","slug":"interlaken-bonigen-be-16-2-2023","status":"publish","type":"page","link":"https:\/\/www.freimarianne.ch\/?page_id=61693","title":{"rendered":"Interlaken &#8211; B\u00f6nigen  BE  16.2.2023"},"content":{"rendered":"<div id=\"attachment_61657\" style=\"width: 510px\" class=\"wp-caption alignleft\"><img aria-describedby=\"caption-attachment-61657\" loading=\"lazy\" class=\"size-full wp-image-61657\" src=\"http:\/\/www.freimarianne.ch\/wp-content\/uploads\/2023\/02\/IMG_3966._interl.32.23_500.jpeg\" alt=\"\" width=\"500\" height=\"357\" srcset=\"https:\/\/www.freimarianne.ch\/wp-content\/uploads\/2023\/02\/IMG_3966._interl.32.23_500.jpeg 500w, https:\/\/www.freimarianne.ch\/wp-content\/uploads\/2023\/02\/IMG_3966._interl.32.23_500-300x214.jpeg 300w, https:\/\/www.freimarianne.ch\/wp-content\/uploads\/2023\/02\/IMG_3966._interl.32.23_500-420x300.jpeg 420w\" sizes=\"(max-width: 500px) 100vw, 500px\" \/><p id=\"caption-attachment-61657\" class=\"wp-caption-text\">Interlaken West; Standhore 2339m. Drunegalm 2408m, Niesen 2362m<\/p><\/div>\n<p><strong>Kurze Wanderung von Interlaken-West nach B\u00f6nigen<\/strong><\/p>\n<p><strong>Schiffsfahrt von Interlaken nach Thun<\/strong><\/p>\n<p>F\u00fcr heute war der Wetterbericht nicht so gut, sodass ich nicht ins Wallis fahren wollte. Ich nehme daher den Zug nach Interlaken, mit der Absicht, je nachdem es nach Schnee aussieht auf die Waldegg zu fahren oder etwas etwas bei Interlaken zu machen.<br>\nAls ich dem Thunersee entlang fahre, ist es klar, dass ich von Interlaken West der Aare entlang nach B\u00f6nigen wandern w\u00fcrde. Die Abh\u00e4nge des Niederhorns und der Beatenberg sind aper.<\/p>\n<p>Das Wetter ist optimal und ich geniesse die Wanderung der stillen, blauen Aare entlang nach Interlaken Ost und von dort an den Brienzersee, an dessen Ufer ich entlang gehe. Ich kenne diesen Weg von fr\u00fcher. Am Ende gelange ich zur Schiffsstation am kleinen Hafen von B\u00f6nigen, wo ich auf einer Bank meine Mittagsrast halte.<br>\nIch nehme dann den Bus zur\u00fcck nach Interlaken West. Um 14.10h f\u00e4hrt von dort eine Schiff nach Thun, das ich besteige und sogar noch einen Fensterplatz finde.<br>\nSo erlebe ich wieder einmal eine Schifffahrt, die mich in Ferienstimmung versetzt.<\/p>\n<p>Zufrieden steige sich aus und nehme in Thun den Zug nach Basel.<\/p>\n<p>&nbsp;<\/p>\n\n\n\n\n<div class=\"ngg-galleryoverview ngg-slideshow\"\n\t id=\"ngg-slideshow-9cbc0925d6ef3139c1631ce6078734e9-4372528420\"\n     data-gallery-id=\"9cbc0925d6ef3139c1631ce6078734e9\"\n     style=\"max-width: 700px; max-height: 500px;\">\n\n \t<div id=\"ngg-image-0\" class=\"ngg-gallery-slideshow-image\" style=\"height:500px\">\n\n        <a href=\"https:\/\/www.freimarianne.ch\/wp-content\/gallery\/interlaken-16-2-23\/IMG_3091.jpeg\"\n           title=\"Fr\u00fchlingsstimmung in Interlaken\"\n           data-src=\"https:\/\/www.freimarianne.ch\/wp-content\/gallery\/interlaken-16-2-23\/IMG_3091.jpeg\"\n           data-thumbnail=\"https:\/\/www.freimarianne.ch\/wp-content\/gallery\/interlaken-16-2-23\/thumbs\/thumbs_IMG_3091.jpeg\"\n           data-image-id=\"30805\"\n           data-title=\"IMG_3091\"\n           data-description=\"Fr\u00fchlingsstimmung in Interlaken\"\n           class=\"shutterset_9cbc0925d6ef3139c1631ce6078734e9\">\n\n            <img data-image-id='30805'\n                 title=\"Fr\u00fchlingsstimmung in Interlaken\"\n                 alt=\"IMG_3091\"\n                 src=\"https:\/\/www.freimarianne.ch\/wp-content\/gallery\/interlaken-16-2-23\/IMG_3091.jpeg\"\n                 style=\"max-height: 480px;\"\/>\n        <\/a>\n\n        <\/div> \n<div id=\"ngg-image-1\" class=\"ngg-gallery-slideshow-image\" style=\"height:500px\">\n\n        <a href=\"https:\/\/www.freimarianne.ch\/wp-content\/gallery\/interlaken-16-2-23\/IMG_3092.jpeg\"\n           title=\"Fr\u00fchlingsstimmung in Interlaken\"\n           data-src=\"https:\/\/www.freimarianne.ch\/wp-content\/gallery\/interlaken-16-2-23\/IMG_3092.jpeg\"\n           data-thumbnail=\"https:\/\/www.freimarianne.ch\/wp-content\/gallery\/interlaken-16-2-23\/thumbs\/thumbs_IMG_3092.jpeg\"\n           data-image-id=\"30804\"\n           data-title=\"IMG_3092\"\n           data-description=\"Fr\u00fchlingsstimmung in Interlaken\"\n           class=\"shutterset_9cbc0925d6ef3139c1631ce6078734e9\">\n\n            <img data-image-id='30804'\n                 title=\"Fr\u00fchlingsstimmung in Interlaken\"\n                 alt=\"IMG_3092\"\n                 src=\"https:\/\/www.freimarianne.ch\/wp-content\/gallery\/interlaken-16-2-23\/IMG_3092.jpeg\"\n                 style=\"max-height: 480px;\"\/>\n        <\/a>\n\n        <\/div> \n<div id=\"ngg-image-2\" class=\"ngg-gallery-slideshow-image\" style=\"height:500px\">\n\n        <a href=\"https:\/\/www.freimarianne.ch\/wp-content\/gallery\/interlaken-16-2-23\/IMG_3093.jpeg\"\n           title=\"Fr\u00fchlingsstimmung in Interlaken\"\n           data-src=\"https:\/\/www.freimarianne.ch\/wp-content\/gallery\/interlaken-16-2-23\/IMG_3093.jpeg\"\n           data-thumbnail=\"https:\/\/www.freimarianne.ch\/wp-content\/gallery\/interlaken-16-2-23\/thumbs\/thumbs_IMG_3093.jpeg\"\n           data-image-id=\"30803\"\n           data-title=\"IMG_3093\"\n           data-description=\"Fr\u00fchlingsstimmung in Interlaken\"\n           class=\"shutterset_9cbc0925d6ef3139c1631ce6078734e9\">\n\n            <img data-image-id='30803'\n                 title=\"Fr\u00fchlingsstimmung in Interlaken\"\n                 alt=\"IMG_3093\"\n                 src=\"https:\/\/www.freimarianne.ch\/wp-content\/gallery\/interlaken-16-2-23\/IMG_3093.jpeg\"\n                 style=\"max-height: 480px;\"\/>\n        <\/a>\n\n        <\/div> \n<div id=\"ngg-image-3\" class=\"ngg-gallery-slideshow-image\" style=\"height:500px\">\n\n        <a href=\"https:\/\/www.freimarianne.ch\/wp-content\/gallery\/interlaken-16-2-23\/IMG_3100.jpeg\"\n           title=\"Interlaken Ost; die Jungfrau\"\n           data-src=\"https:\/\/www.freimarianne.ch\/wp-content\/gallery\/interlaken-16-2-23\/IMG_3100.jpeg\"\n           data-thumbnail=\"https:\/\/www.freimarianne.ch\/wp-content\/gallery\/interlaken-16-2-23\/thumbs\/thumbs_IMG_3100.jpeg\"\n           data-image-id=\"30801\"\n           data-title=\"IMG_3100\"\n           data-description=\"Interlaken Ost; die Jungfrau\"\n           class=\"shutterset_9cbc0925d6ef3139c1631ce6078734e9\">\n\n            <img data-image-id='30801'\n                 title=\"Interlaken Ost; die Jungfrau\"\n                 alt=\"IMG_3100\"\n                 src=\"https:\/\/www.freimarianne.ch\/wp-content\/gallery\/interlaken-16-2-23\/IMG_3100.jpeg\"\n                 style=\"max-height: 480px;\"\/>\n        <\/a>\n\n        <\/div> \n<div id=\"ngg-image-4\" class=\"ngg-gallery-slideshow-image\" style=\"height:500px\">\n\n        <a href=\"https:\/\/www.freimarianne.ch\/wp-content\/gallery\/interlaken-16-2-23\/IMG_3103.jpeg\"\n           title=\"Marianne am Thunersee\"\n           data-src=\"https:\/\/www.freimarianne.ch\/wp-content\/gallery\/interlaken-16-2-23\/IMG_3103.jpeg\"\n           data-thumbnail=\"https:\/\/www.freimarianne.ch\/wp-content\/gallery\/interlaken-16-2-23\/thumbs\/thumbs_IMG_3103.jpeg\"\n           data-image-id=\"30800\"\n           data-title=\"IMG_3103\"\n           data-description=\"Marianne am Thunersee\"\n           class=\"shutterset_9cbc0925d6ef3139c1631ce6078734e9\">\n\n            <img data-image-id='30800'\n                 title=\"Marianne am Thunersee\"\n                 alt=\"IMG_3103\"\n                 src=\"https:\/\/www.freimarianne.ch\/wp-content\/gallery\/interlaken-16-2-23\/IMG_3103.jpeg\"\n                 style=\"max-height: 480px;\"\/>\n        <\/a>\n\n        <\/div> \n<div id=\"ngg-image-5\" class=\"ngg-gallery-slideshow-image\" style=\"height:500px\">\n\n        <a href=\"https:\/\/www.freimarianne.ch\/wp-content\/gallery\/interlaken-16-2-23\/IMG_3106.jpeg\"\n           title=\"die Kleinl\u00fctschine mit Fromberghorn und Niesen\"\n           data-src=\"https:\/\/www.freimarianne.ch\/wp-content\/gallery\/interlaken-16-2-23\/IMG_3106.jpeg\"\n           data-thumbnail=\"https:\/\/www.freimarianne.ch\/wp-content\/gallery\/interlaken-16-2-23\/thumbs\/thumbs_IMG_3106.jpeg\"\n           data-image-id=\"30799\"\n           data-title=\"IMG_3106\"\n           data-description=\"die Kleinl\u00fctschine mit Fromberghorn und Niesen\"\n           class=\"shutterset_9cbc0925d6ef3139c1631ce6078734e9\">\n\n            <img data-image-id='30799'\n                 title=\"die Kleinl\u00fctschine mit Fromberghorn und Niesen\"\n                 alt=\"IMG_3106\"\n                 src=\"https:\/\/www.freimarianne.ch\/wp-content\/gallery\/interlaken-16-2-23\/IMG_3106.jpeg\"\n                 style=\"max-height: 480px;\"\/>\n        <\/a>\n\n        <\/div> \n<div id=\"ngg-image-6\" class=\"ngg-gallery-slideshow-image\" style=\"height:500px\">\n\n        <a href=\"https:\/\/www.freimarianne.ch\/wp-content\/gallery\/interlaken-16-2-23\/IMG_3107.jpeg\"\n           title=\"der Badestrand  von B\u00f6nigen\"\n           data-src=\"https:\/\/www.freimarianne.ch\/wp-content\/gallery\/interlaken-16-2-23\/IMG_3107.jpeg\"\n           data-thumbnail=\"https:\/\/www.freimarianne.ch\/wp-content\/gallery\/interlaken-16-2-23\/thumbs\/thumbs_IMG_3107.jpeg\"\n           data-image-id=\"30802\"\n           data-title=\"IMG_3107\"\n           data-description=\"der Badestrand  von B\u00f6nigen\"\n           class=\"shutterset_9cbc0925d6ef3139c1631ce6078734e9\">\n\n            <img data-image-id='30802'\n                 title=\"der Badestrand  von B\u00f6nigen\"\n                 alt=\"IMG_3107\"\n                 src=\"https:\/\/www.freimarianne.ch\/wp-content\/gallery\/interlaken-16-2-23\/IMG_3107.jpeg\"\n                 style=\"max-height: 480px;\"\/>\n        <\/a>\n\n        <\/div> \n<div id=\"ngg-image-7\" class=\"ngg-gallery-slideshow-image\" style=\"height:500px\">\n\n        <a href=\"https:\/\/www.freimarianne.ch\/wp-content\/gallery\/interlaken-16-2-23\/IMG_3113.jpeg\"\n           title=\"Blick zur\u00fcck auf den Harder\"\n           data-src=\"https:\/\/www.freimarianne.ch\/wp-content\/gallery\/interlaken-16-2-23\/IMG_3113.jpeg\"\n           data-thumbnail=\"https:\/\/www.freimarianne.ch\/wp-content\/gallery\/interlaken-16-2-23\/thumbs\/thumbs_IMG_3113.jpeg\"\n           data-image-id=\"30795\"\n           data-title=\"IMG_3113\"\n           data-description=\"Blick zur\u00fcck auf den Harder\"\n           class=\"shutterset_9cbc0925d6ef3139c1631ce6078734e9\">\n\n            <img data-image-id='30795'\n                 title=\"Blick zur\u00fcck auf den Harder\"\n                 alt=\"IMG_3113\"\n                 src=\"https:\/\/www.freimarianne.ch\/wp-content\/gallery\/interlaken-16-2-23\/IMG_3113.jpeg\"\n                 style=\"max-height: 480px;\"\/>\n        <\/a>\n\n        <\/div> \n<div id=\"ngg-image-8\" class=\"ngg-gallery-slideshow-image\" style=\"height:500px\">\n\n        <a href=\"https:\/\/www.freimarianne.ch\/wp-content\/gallery\/interlaken-16-2-23\/IMG_3114.jpeg\"\n           title=\"\"\n           data-src=\"https:\/\/www.freimarianne.ch\/wp-content\/gallery\/interlaken-16-2-23\/IMG_3114.jpeg\"\n           data-thumbnail=\"https:\/\/www.freimarianne.ch\/wp-content\/gallery\/interlaken-16-2-23\/thumbs\/thumbs_IMG_3114.jpeg\"\n           data-image-id=\"30793\"\n           data-title=\"IMG_3114\"\n           data-description=\"\"\n           class=\"shutterset_9cbc0925d6ef3139c1631ce6078734e9\">\n\n            <img data-image-id='30793'\n                 title=\"\"\n                 alt=\"IMG_3114\"\n                 src=\"https:\/\/www.freimarianne.ch\/wp-content\/gallery\/interlaken-16-2-23\/IMG_3114.jpeg\"\n                 style=\"max-height: 480px;\"\/>\n        <\/a>\n\n        <\/div> \n<div id=\"ngg-image-9\" class=\"ngg-gallery-slideshow-image\" style=\"height:500px\">\n\n        <a href=\"https:\/\/www.freimarianne.ch\/wp-content\/gallery\/interlaken-16-2-23\/IMG_3115.jpeg\"\n           title=\"ein Blick zur\u00fcck\"\n           data-src=\"https:\/\/www.freimarianne.ch\/wp-content\/gallery\/interlaken-16-2-23\/IMG_3115.jpeg\"\n           data-thumbnail=\"https:\/\/www.freimarianne.ch\/wp-content\/gallery\/interlaken-16-2-23\/thumbs\/thumbs_IMG_3115.jpeg\"\n           data-image-id=\"30798\"\n           data-title=\"IMG_3115\"\n           data-description=\"ein Blick zur\u00fcck\"\n           class=\"shutterset_9cbc0925d6ef3139c1631ce6078734e9\">\n\n            <img data-image-id='30798'\n                 title=\"ein Blick zur\u00fcck\"\n                 alt=\"IMG_3115\"\n                 src=\"https:\/\/www.freimarianne.ch\/wp-content\/gallery\/interlaken-16-2-23\/IMG_3115.jpeg\"\n                 style=\"max-height: 480px;\"\/>\n        <\/a>\n\n        <\/div> \n<div id=\"ngg-image-10\" class=\"ngg-gallery-slideshow-image\" style=\"height:500px\">\n\n        <a href=\"https:\/\/www.freimarianne.ch\/wp-content\/gallery\/interlaken-16-2-23\/IMG_3116.jpeg\"\n           title=\"bei Neuhaus; Harder\"\n           data-src=\"https:\/\/www.freimarianne.ch\/wp-content\/gallery\/interlaken-16-2-23\/IMG_3116.jpeg\"\n           data-thumbnail=\"https:\/\/www.freimarianne.ch\/wp-content\/gallery\/interlaken-16-2-23\/thumbs\/thumbs_IMG_3116.jpeg\"\n           data-image-id=\"30797\"\n           data-title=\"IMG_3116\"\n           data-description=\"bei Neuhaus; Harder\"\n           class=\"shutterset_9cbc0925d6ef3139c1631ce6078734e9\">\n\n            <img data-image-id='30797'\n                 title=\"bei Neuhaus; Harder\"\n                 alt=\"IMG_3116\"\n                 src=\"https:\/\/www.freimarianne.ch\/wp-content\/gallery\/interlaken-16-2-23\/IMG_3116.jpeg\"\n                 style=\"max-height: 480px;\"\/>\n        <\/a>\n\n        <\/div> \n<div id=\"ngg-image-11\" class=\"ngg-gallery-slideshow-image\" style=\"height:500px\">\n\n        <a href=\"https:\/\/www.freimarianne.ch\/wp-content\/gallery\/interlaken-16-2-23\/IMG_3117.jpeg\"\n           title=\"auf dem Thunersee;\"\n           data-src=\"https:\/\/www.freimarianne.ch\/wp-content\/gallery\/interlaken-16-2-23\/IMG_3117.jpeg\"\n           data-thumbnail=\"https:\/\/www.freimarianne.ch\/wp-content\/gallery\/interlaken-16-2-23\/thumbs\/thumbs_IMG_3117.jpeg\"\n           data-image-id=\"30796\"\n           data-title=\"IMG_3117\"\n           data-description=\"auf dem Thunersee;\"\n           class=\"shutterset_9cbc0925d6ef3139c1631ce6078734e9\">\n\n            <img data-image-id='30796'\n                 title=\"auf dem Thunersee;\"\n                 alt=\"IMG_3117\"\n                 src=\"https:\/\/www.freimarianne.ch\/wp-content\/gallery\/interlaken-16-2-23\/IMG_3117.jpeg\"\n                 style=\"max-height: 480px;\"\/>\n        <\/a>\n\n        <\/div> \n<div id=\"ngg-image-12\" class=\"ngg-gallery-slideshow-image\" style=\"height:500px\">\n\n        <a href=\"https:\/\/www.freimarianne.ch\/wp-content\/gallery\/interlaken-16-2-23\/IMG_3119.jpeg\"\n           title=\"auf dem Thunersee;\"\n           data-src=\"https:\/\/www.freimarianne.ch\/wp-content\/gallery\/interlaken-16-2-23\/IMG_3119.jpeg\"\n           data-thumbnail=\"https:\/\/www.freimarianne.ch\/wp-content\/gallery\/interlaken-16-2-23\/thumbs\/thumbs_IMG_3119.jpeg\"\n           data-image-id=\"30794\"\n           data-title=\"IMG_3119\"\n           data-description=\"auf dem Thunersee;\"\n           class=\"shutterset_9cbc0925d6ef3139c1631ce6078734e9\">\n\n            <img data-image-id='30794'\n                 title=\"auf dem Thunersee;\"\n                 alt=\"IMG_3119\"\n                 src=\"https:\/\/www.freimarianne.ch\/wp-content\/gallery\/interlaken-16-2-23\/IMG_3119.jpeg\"\n                 style=\"max-height: 480px;\"\/>\n        <\/a>\n\n        <\/div> \n<\/div>\n\n\n\t\t<!-- Thumbnails Link -->\n\t<div class=\"slideshowlink\" style=\"max-width: 700px;\">\n        <a href='https:\/\/www.freimarianne.ch\/index.php\/nggallery\/thumbnails?page_id=61693'>[Show picture list]<\/a>\n\t<\/div>\n\n\n\n\n\n<!-- index.php -->\n<div\n\tclass=\"ngg-galleryoverview ngg-ajax-pagination-none\"\n\tid=\"ngg-gallery-df378dd95d7662e02f838d302971e58f-1\">\n\n    \t<div class=\"slideshowlink\">\n        <a href='https:\/\/www.freimarianne.ch\/index.php\/nggallery\/slideshow?page_id=61693'>[Show as slideshow]<\/a>\n\t\t\n\t<\/div>\n\t\t\t<!-- Thumbnails -->\n\t\t\t\t<div id=\"ngg-image-0\" class=\"ngg-gallery-thumbnail-box\" >\n\t\t\t\t        <div class=\"ngg-gallery-thumbnail\">\n            <a href=\"https:\/\/www.freimarianne.ch\/wp-content\/gallery\/interlaken-iph-16-2-23\/IMG_3966.jpeg\"\n               title=\"Interlaken  West; Standhore 2339m. Drunegalm 2408m, Niesen 2362m\"\n               data-src=\"https:\/\/www.freimarianne.ch\/wp-content\/gallery\/interlaken-iph-16-2-23\/IMG_3966.jpeg\"\n               data-thumbnail=\"https:\/\/www.freimarianne.ch\/wp-content\/gallery\/interlaken-iph-16-2-23\/thumbs\/thumbs_IMG_3966.jpeg\"\n               data-image-id=\"30812\"\n               data-title=\"IMG_3966\"\n               data-description=\"Interlaken  West; Standhore 2339m. Drunegalm 2408m, Niesen 2362m\"\n               data-image-slug=\"img_3966-6\"\n               class=\"shutterset_df378dd95d7662e02f838d302971e58f\">\n                <img\n                    title=\"IMG_3966\"\n                    alt=\"IMG_3966\"\n                    src=\"https:\/\/www.freimarianne.ch\/wp-content\/gallery\/interlaken-iph-16-2-23\/cache\/IMG_3966.jpeg-nggid0530812-ngg0dyn-100x75x100-00f0w010c010r110f110r010t010.jpeg\"\n                    width=\"100\"\n                    height=\"71\"\n                    style=\"max-width:100%;\"\n                \/>\n            <\/a>\n        <\/div>\n\t\t\t\t\t\t\t<\/div> \n\t\t\t\n                            \n\t\t\t\t<div id=\"ngg-image-1\" class=\"ngg-gallery-thumbnail-box\" >\n\t\t\t\t        <div class=\"ngg-gallery-thumbnail\">\n            <a href=\"https:\/\/www.freimarianne.ch\/wp-content\/gallery\/interlaken-iph-16-2-23\/IMG_3995.jpeg\"\n               title=\"Interlaken Ost\"\n               data-src=\"https:\/\/www.freimarianne.ch\/wp-content\/gallery\/interlaken-iph-16-2-23\/IMG_3995.jpeg\"\n               data-thumbnail=\"https:\/\/www.freimarianne.ch\/wp-content\/gallery\/interlaken-iph-16-2-23\/thumbs\/thumbs_IMG_3995.jpeg\"\n               data-image-id=\"30807\"\n               data-title=\"IMG_3995\"\n               data-description=\"Interlaken Ost\"\n               data-image-slug=\"img_3995-5\"\n               class=\"shutterset_df378dd95d7662e02f838d302971e58f\">\n                <img\n                    title=\"IMG_3995\"\n                    alt=\"IMG_3995\"\n                    src=\"https:\/\/www.freimarianne.ch\/wp-content\/gallery\/interlaken-iph-16-2-23\/cache\/IMG_3995.jpeg-nggid0530807-ngg0dyn-100x75x100-00f0w010c010r110f110r010t010.jpeg\"\n                    width=\"100\"\n                    height=\"56\"\n                    style=\"max-width:100%;\"\n                \/>\n            <\/a>\n        <\/div>\n\t\t\t\t\t\t\t<\/div> \n\t\t\t\n                            \n\t\t\t\t<div id=\"ngg-image-2\" class=\"ngg-gallery-thumbnail-box\" >\n\t\t\t\t        <div class=\"ngg-gallery-thumbnail\">\n            <a href=\"https:\/\/www.freimarianne.ch\/wp-content\/gallery\/interlaken-iph-16-2-23\/IMG_3967.jpeg\"\n               title=\"Interlaken Ost; an der Aare\"\n               data-src=\"https:\/\/www.freimarianne.ch\/wp-content\/gallery\/interlaken-iph-16-2-23\/IMG_3967.jpeg\"\n               data-thumbnail=\"https:\/\/www.freimarianne.ch\/wp-content\/gallery\/interlaken-iph-16-2-23\/thumbs\/thumbs_IMG_3967.jpeg\"\n               data-image-id=\"30811\"\n               data-title=\"IMG_3967\"\n               data-description=\"Interlaken Ost; an der Aare\"\n               data-image-slug=\"img_3967-4\"\n               class=\"shutterset_df378dd95d7662e02f838d302971e58f\">\n                <img\n                    title=\"IMG_3967\"\n                    alt=\"IMG_3967\"\n                    src=\"https:\/\/www.freimarianne.ch\/wp-content\/gallery\/interlaken-iph-16-2-23\/cache\/IMG_3967.jpeg-nggid0530811-ngg0dyn-100x75x100-00f0w010c010r110f110r010t010.jpeg\"\n                    width=\"100\"\n                    height=\"75\"\n                    style=\"max-width:100%;\"\n                \/>\n            <\/a>\n        <\/div>\n\t\t\t\t\t\t\t<\/div> \n\t\t\t\n                            \n\t\t\t\t<div id=\"ngg-image-3\" class=\"ngg-gallery-thumbnail-box\" >\n\t\t\t\t        <div class=\"ngg-gallery-thumbnail\">\n            <a href=\"https:\/\/www.freimarianne.ch\/wp-content\/gallery\/interlaken-iph-16-2-23\/IMG_3991.jpeg\"\n               title=\"am Brienzersee\"\n               data-src=\"https:\/\/www.freimarianne.ch\/wp-content\/gallery\/interlaken-iph-16-2-23\/IMG_3991.jpeg\"\n               data-thumbnail=\"https:\/\/www.freimarianne.ch\/wp-content\/gallery\/interlaken-iph-16-2-23\/thumbs\/thumbs_IMG_3991.jpeg\"\n               data-image-id=\"30809\"\n               data-title=\"IMG_3991\"\n               data-description=\"am Brienzersee\"\n               data-image-slug=\"img_3991-3\"\n               class=\"shutterset_df378dd95d7662e02f838d302971e58f\">\n                <img\n                    title=\"IMG_3991\"\n                    alt=\"IMG_3991\"\n                    src=\"https:\/\/www.freimarianne.ch\/wp-content\/gallery\/interlaken-iph-16-2-23\/cache\/IMG_3991.jpeg-nggid0530809-ngg0dyn-100x75x100-00f0w010c010r110f110r010t010.jpeg\"\n                    width=\"100\"\n                    height=\"56\"\n                    style=\"max-width:100%;\"\n                \/>\n            <\/a>\n        <\/div>\n\t\t\t\t\t\t\t<\/div> \n\t\t\t\n                                    <br style=\"clear: both\" \/>\n                    \n\t\t\t\t<div id=\"ngg-image-4\" class=\"ngg-gallery-thumbnail-box\" >\n\t\t\t\t        <div class=\"ngg-gallery-thumbnail\">\n            <a href=\"https:\/\/www.freimarianne.ch\/wp-content\/gallery\/interlaken-iph-16-2-23\/IMG_3976.jpeg\"\n               title=\"Neuhaus mit Harder\"\n               data-src=\"https:\/\/www.freimarianne.ch\/wp-content\/gallery\/interlaken-iph-16-2-23\/IMG_3976.jpeg\"\n               data-thumbnail=\"https:\/\/www.freimarianne.ch\/wp-content\/gallery\/interlaken-iph-16-2-23\/thumbs\/thumbs_IMG_3976.jpeg\"\n               data-image-id=\"30810\"\n               data-title=\"IMG_3976\"\n               data-description=\"Neuhaus mit Harder\"\n               data-image-slug=\"img_3976-1\"\n               class=\"shutterset_df378dd95d7662e02f838d302971e58f\">\n                <img\n                    title=\"IMG_3976\"\n                    alt=\"IMG_3976\"\n                    src=\"https:\/\/www.freimarianne.ch\/wp-content\/gallery\/interlaken-iph-16-2-23\/cache\/IMG_3976.jpeg-nggid0530810-ngg0dyn-100x75x100-00f0w010c010r110f110r010t010.jpeg\"\n                    width=\"100\"\n                    height=\"71\"\n                    style=\"max-width:100%;\"\n                \/>\n            <\/a>\n        <\/div>\n\t\t\t\t\t\t\t<\/div> \n\t\t\t\n                            \n\t\t\t\t<div id=\"ngg-image-5\" class=\"ngg-gallery-thumbnail-box\" >\n\t\t\t\t        <div class=\"ngg-gallery-thumbnail\">\n            <a href=\"https:\/\/www.freimarianne.ch\/wp-content\/gallery\/interlaken-iph-16-2-23\/IMG_3981.jpeg\"\n               title=\"\"\n               data-src=\"https:\/\/www.freimarianne.ch\/wp-content\/gallery\/interlaken-iph-16-2-23\/IMG_3981.jpeg\"\n               data-thumbnail=\"https:\/\/www.freimarianne.ch\/wp-content\/gallery\/interlaken-iph-16-2-23\/thumbs\/thumbs_IMG_3981.jpeg\"\n               data-image-id=\"30808\"\n               data-title=\"IMG_3981\"\n               data-description=\"\"\n               data-image-slug=\"img_3981-3\"\n               class=\"shutterset_df378dd95d7662e02f838d302971e58f\">\n                <img\n                    title=\"IMG_3981\"\n                    alt=\"IMG_3981\"\n                    src=\"https:\/\/www.freimarianne.ch\/wp-content\/gallery\/interlaken-iph-16-2-23\/cache\/IMG_3981.jpeg-nggid0530808-ngg0dyn-100x75x100-00f0w010c010r110f110r010t010.jpeg\"\n                    width=\"100\"\n                    height=\"57\"\n                    style=\"max-width:100%;\"\n                \/>\n            <\/a>\n        <\/div>\n\t\t\t\t\t\t\t<\/div> \n\t\t\t\n                            \n\t\t\t\t<div id=\"ngg-image-6\" class=\"ngg-gallery-thumbnail-box\" >\n\t\t\t\t        <div class=\"ngg-gallery-thumbnail\">\n            <a href=\"https:\/\/www.freimarianne.ch\/wp-content\/gallery\/interlaken-iph-16-2-23\/IMG_3978.jpeg\"\n               title=\"die grossen Schweizerberge\"\n               data-src=\"https:\/\/www.freimarianne.ch\/wp-content\/gallery\/interlaken-iph-16-2-23\/IMG_3978.jpeg\"\n               data-thumbnail=\"https:\/\/www.freimarianne.ch\/wp-content\/gallery\/interlaken-iph-16-2-23\/thumbs\/thumbs_IMG_3978.jpeg\"\n               data-image-id=\"30806\"\n               data-title=\"IMG_3978\"\n               data-description=\"die grossen Schweizerberge\"\n               data-image-slug=\"img_3978-3\"\n               class=\"shutterset_df378dd95d7662e02f838d302971e58f\">\n                <img\n                    title=\"IMG_3978\"\n                    alt=\"IMG_3978\"\n                    src=\"https:\/\/www.freimarianne.ch\/wp-content\/gallery\/interlaken-iph-16-2-23\/cache\/IMG_3978.jpeg-nggid0530806-ngg0dyn-100x75x100-00f0w010c010r110f110r010t010.jpeg\"\n                    width=\"100\"\n                    height=\"75\"\n                    style=\"max-width:100%;\"\n                \/>\n            <\/a>\n        <\/div>\n\t\t\t\t\t\t\t<\/div> \n\t\t\t\n                            \n\t\t\n\t\t<!-- Pagination -->\n\t<div class='ngg-clear'><\/div>\t<\/div>\n\n","protected":false},"excerpt":{"rendered":"<p>Kurze Wanderung von Interlaken-West nach B\u00f6nigen Schiffsfahrt von Interlaken nach Thun F\u00fcr heute war der Wetterbericht nicht so gut, sodass ich nicht ins Wallis fahren wollte. Ich nehme daher den Zug nach Interlaken, mit der Absicht, je nachdem es nach Schnee aussieht auf die Waldegg zu fahren oder etwas etwas bei Interlaken zu machen. Als [&hellip;]<\/p>\n","protected":false},"author":1,"featured_media":0,"parent":61580,"menu_order":8,"comment_status":"closed","ping_status":"closed","template":"","meta":{"ngg_post_thumbnail":0},"_links":{"self":[{"href":"https:\/\/www.freimarianne.ch\/index.php?rest_route=\/wp\/v2\/pages\/61693"}],"collection":[{"href":"https:\/\/www.freimarianne.ch\/index.php?rest_route=\/wp\/v2\/pages"}],"about":[{"href":"https:\/\/www.freimarianne.ch\/index.php?rest_route=\/wp\/v2\/types\/page"}],"author":[{"embeddable":true,"href":"https:\/\/www.freimarianne.ch\/index.php?rest_route=\/wp\/v2\/users\/1"}],"replies":[{"embeddable":true,"href":"https:\/\/www.freimarianne.ch\/index.php?rest_route=%2Fwp%2Fv2%2Fcomments&post=61693"}],"version-history":[{"count":4,"href":"https:\/\/www.freimarianne.ch\/index.php?rest_route=\/wp\/v2\/pages\/61693\/revisions"}],"predecessor-version":[{"id":61925,"href":"https:\/\/www.freimarianne.ch\/index.php?rest_route=\/wp\/v2\/pages\/61693\/revisions\/61925"}],"up":[{"embeddable":true,"href":"https:\/\/www.freimarianne.ch\/index.php?rest_route=\/wp\/v2\/pages\/61580"}],"wp:attachment":[{"href":"https:\/\/www.freimarianne.ch\/index.php?rest_route=%2Fwp%2Fv2%2Fmedia&parent=61693"}],"curies":[{"name":"wp","href":"https:\/\/api.w.org\/{rel}","templated":true}]}}