{"id":62041,"date":"2023-05-28T09:47:35","date_gmt":"2023-05-28T08:47:35","guid":{"rendered":"http:\/\/www.freimarianne.ch\/?page_id=62041"},"modified":"2023-06-02T08:03:53","modified_gmt":"2023-06-02T07:03:53","slug":"schloss-hallwil-esteriturm-lenzburg-18-4-2023","status":"publish","type":"page","link":"https:\/\/www.freimarianne.ch\/?page_id=62041","title":{"rendered":"Schloss Hallwil &#8211; Esteriturm &#8211; Lenzburg 18.4.2023"},"content":{"rendered":"\n<p>Wanderung vom Schloss Hallwil aus dem Aabach entlang. Prickbick im Wald. Weiter dem Bach entlang und dann Abzweigung hinauf zum Esterliturm, den einge der Gruppe besteigen. Wanderung durch den Wald hinunter nach F\u00fcnfweier. Weiter unter errreichen wir wieder dean Aabach, dem wir nach Lenzburg hinein folgen. Kaffeepause in einem sch\u00f6nen  Caf\u00e9 eines Altersheim.  Wir finden den Weg  zum Bahnhof.<\/p>\n\n\n\n<p>Dies war ein nette Fr\u00fchlingswanderunf, die uns aber nicht allzuviel Sonnenschein beschert hat.<\/p>\n\n\n<p><a href=\"_wp_link_placeholder\" data-wplink-edit=\"true\"><img loading=\"lazy\" class=\"alignleft size-full wp-image-62009\" src=\"http:\/\/www.freimarianne.ch\/wp-content\/uploads\/2023\/05\/IMG_4324_Hallwi_18.4._500..jpeg\" alt=\"\" width=\"500\" height=\"375\" srcset=\"https:\/\/www.freimarianne.ch\/wp-content\/uploads\/2023\/05\/IMG_4324_Hallwi_18.4._500..jpeg 500w, https:\/\/www.freimarianne.ch\/wp-content\/uploads\/2023\/05\/IMG_4324_Hallwi_18.4._500.-300x225.jpeg 300w, https:\/\/www.freimarianne.ch\/wp-content\/uploads\/2023\/05\/IMG_4324_Hallwi_18.4._500.-400x300.jpeg 400w\" sizes=\"(max-width: 500px) 100vw, 500px\" \/><\/a><\/p>\n\n\n<!-- index.php -->\n<div\n\tclass=\"ngg-galleryoverview ngg-ajax-pagination-none\"\n\tid=\"ngg-gallery-708383bbdcf22902b2880e6ad24d249c-1\">\n\n    \t<div class=\"slideshowlink\">\n        <a href='https:\/\/www.freimarianne.ch\/index.php\/nggallery\/slideshow?page_id=62041'>[Show as slideshow]<\/a>\n\t\t\n\t<\/div>\n\t\t\t<!-- Thumbnails -->\n\t\t\t\t<div id=\"ngg-image-0\" class=\"ngg-gallery-thumbnail-box\" >\n\t\t\t\t        <div class=\"ngg-gallery-thumbnail\">\n            <a href=\"https:\/\/www.freimarianne.ch\/wp-content\/gallery\/hallwil-lenzburg-18-4-23\/IMG_4324.jpeg\"\n               title=\"\"\n               data-src=\"https:\/\/www.freimarianne.ch\/wp-content\/gallery\/hallwil-lenzburg-18-4-23\/IMG_4324.jpeg\"\n               data-thumbnail=\"https:\/\/www.freimarianne.ch\/wp-content\/gallery\/hallwil-lenzburg-18-4-23\/thumbs\/thumbs_IMG_4324.jpeg\"\n               data-image-id=\"31027\"\n               data-title=\"IMG_4324\"\n               data-description=\"\"\n               data-image-slug=\"img_4324-1\"\n               class=\"shutterset_708383bbdcf22902b2880e6ad24d249c\">\n                <img\n                    title=\"IMG_4324\"\n                    alt=\"IMG_4324\"\n                    src=\"https:\/\/www.freimarianne.ch\/wp-content\/gallery\/hallwil-lenzburg-18-4-23\/cache\/IMG_4324.jpeg-nggid0531027-ngg0dyn-100x75x100-00f0w010c010r110f110r010t010.jpeg\"\n                    width=\"100\"\n                    height=\"75\"\n                    style=\"max-width:100%;\"\n                \/>\n            <\/a>\n        <\/div>\n\t\t\t\t\t\t\t<\/div> \n\t\t\t\n                            \n\t\t\t\t<div id=\"ngg-image-1\" class=\"ngg-gallery-thumbnail-box\" >\n\t\t\t\t        <div class=\"ngg-gallery-thumbnail\">\n            <a href=\"https:\/\/www.freimarianne.ch\/wp-content\/gallery\/hallwil-lenzburg-18-4-23\/IMG_4325.jpeg\"\n               title=\"\"\n               data-src=\"https:\/\/www.freimarianne.ch\/wp-content\/gallery\/hallwil-lenzburg-18-4-23\/IMG_4325.jpeg\"\n               data-thumbnail=\"https:\/\/www.freimarianne.ch\/wp-content\/gallery\/hallwil-lenzburg-18-4-23\/thumbs\/thumbs_IMG_4325.jpeg\"\n               data-image-id=\"31028\"\n               data-title=\"IMG_4325\"\n               data-description=\"\"\n               data-image-slug=\"img_4325-5\"\n               class=\"shutterset_708383bbdcf22902b2880e6ad24d249c\">\n                <img\n                    title=\"IMG_4325\"\n                    alt=\"IMG_4325\"\n                    src=\"https:\/\/www.freimarianne.ch\/wp-content\/gallery\/hallwil-lenzburg-18-4-23\/cache\/IMG_4325.jpeg-nggid0531028-ngg0dyn-100x75x100-00f0w010c010r110f110r010t010.jpeg\"\n                    width=\"100\"\n                    height=\"75\"\n                    style=\"max-width:100%;\"\n                \/>\n            <\/a>\n        <\/div>\n\t\t\t\t\t\t\t<\/div> \n\t\t\t\n                            \n\t\t\t\t<div id=\"ngg-image-2\" class=\"ngg-gallery-thumbnail-box\" >\n\t\t\t\t        <div class=\"ngg-gallery-thumbnail\">\n            <a href=\"https:\/\/www.freimarianne.ch\/wp-content\/gallery\/hallwil-lenzburg-18-4-23\/8faff1a1-f513-439c-8475-20a16494f6f8.jpeg\"\n               title=\"\"\n               data-src=\"https:\/\/www.freimarianne.ch\/wp-content\/gallery\/hallwil-lenzburg-18-4-23\/8faff1a1-f513-439c-8475-20a16494f6f8.jpeg\"\n               data-thumbnail=\"https:\/\/www.freimarianne.ch\/wp-content\/gallery\/hallwil-lenzburg-18-4-23\/thumbs\/thumbs_8faff1a1-f513-439c-8475-20a16494f6f8.jpeg\"\n               data-image-id=\"31026\"\n               data-title=\"8faff1a1-f513-439c-8475-20a16494f6f8\"\n               data-description=\"\"\n               data-image-slug=\"8faff1a1-f513-439c-8475-20a16494f6f8\"\n               class=\"shutterset_708383bbdcf22902b2880e6ad24d249c\">\n                <img\n                    title=\"8faff1a1-f513-439c-8475-20a16494f6f8\"\n                    alt=\"8faff1a1-f513-439c-8475-20a16494f6f8\"\n                    src=\"https:\/\/www.freimarianne.ch\/wp-content\/gallery\/hallwil-lenzburg-18-4-23\/cache\/8faff1a1-f513-439c-8475-20a16494f6f8.jpeg-nggid0531026-ngg0dyn-100x75x100-00f0w010c010r110f110r010t010.jpeg\"\n                    width=\"100\"\n                    height=\"75\"\n                    style=\"max-width:100%;\"\n                \/>\n            <\/a>\n        <\/div>\n\t\t\t\t\t\t\t<\/div> \n\t\t\t\n                            \n\t\t\t\t<div id=\"ngg-image-3\" class=\"ngg-gallery-thumbnail-box\" >\n\t\t\t\t        <div class=\"ngg-gallery-thumbnail\">\n            <a href=\"https:\/\/www.freimarianne.ch\/wp-content\/gallery\/hallwil-lenzburg-18-4-23\/1165d07e-fc12-44c6-8f31-aa3b4bb38521.jpeg\"\n               title=\"\"\n               data-src=\"https:\/\/www.freimarianne.ch\/wp-content\/gallery\/hallwil-lenzburg-18-4-23\/1165d07e-fc12-44c6-8f31-aa3b4bb38521.jpeg\"\n               data-thumbnail=\"https:\/\/www.freimarianne.ch\/wp-content\/gallery\/hallwil-lenzburg-18-4-23\/thumbs\/thumbs_1165d07e-fc12-44c6-8f31-aa3b4bb38521.jpeg\"\n               data-image-id=\"31025\"\n               data-title=\"1165d07e-fc12-44c6-8f31-aa3b4bb38521\"\n               data-description=\"\"\n               data-image-slug=\"1165d07e-fc12-44c6-8f31-aa3b4bb38521\"\n               class=\"shutterset_708383bbdcf22902b2880e6ad24d249c\">\n                <img\n                    title=\"1165d07e-fc12-44c6-8f31-aa3b4bb38521\"\n                    alt=\"1165d07e-fc12-44c6-8f31-aa3b4bb38521\"\n                    src=\"https:\/\/www.freimarianne.ch\/wp-content\/gallery\/hallwil-lenzburg-18-4-23\/cache\/1165d07e-fc12-44c6-8f31-aa3b4bb38521.jpeg-nggid0531025-ngg0dyn-100x75x100-00f0w010c010r110f110r010t010.jpeg\"\n                    width=\"56\"\n                    height=\"75\"\n                    style=\"max-width:100%;\"\n                \/>\n            <\/a>\n        <\/div>\n\t\t\t\t\t\t\t<\/div> \n\t\t\t\n                                    <br style=\"clear: both\" \/>\n                    \n\t\t\n\t\t<!-- Pagination -->\n\t<div class='ngg-clear'><\/div>\t<\/div>\n\n","protected":false},"excerpt":{"rendered":"<p>Wanderung vom Schloss Hallwil aus dem Aabach entlang. Prickbick im Wald. Weiter dem Bach entlang und dann Abzweigung hinauf zum Esterliturm, den einge der Gruppe besteigen. Wanderung durch den Wald hinunter nach F\u00fcnfweier. Weiter unter errreichen wir wieder dean Aabach, dem wir nach Lenzburg hinein folgen. Kaffeepause in einem sch\u00f6nen Caf\u00e9 eines Altersheim. Wir finden [&hellip;]<\/p>\n","protected":false},"author":1,"featured_media":0,"parent":61699,"menu_order":11,"comment_status":"closed","ping_status":"closed","template":"","meta":{"ngg_post_thumbnail":0},"_links":{"self":[{"href":"https:\/\/www.freimarianne.ch\/index.php?rest_route=\/wp\/v2\/pages\/62041"}],"collection":[{"href":"https:\/\/www.freimarianne.ch\/index.php?rest_route=\/wp\/v2\/pages"}],"about":[{"href":"https:\/\/www.freimarianne.ch\/index.php?rest_route=\/wp\/v2\/types\/page"}],"author":[{"embeddable":true,"href":"https:\/\/www.freimarianne.ch\/index.php?rest_route=\/wp\/v2\/users\/1"}],"replies":[{"embeddable":true,"href":"https:\/\/www.freimarianne.ch\/index.php?rest_route=%2Fwp%2Fv2%2Fcomments&post=62041"}],"version-history":[{"count":3,"href":"https:\/\/www.freimarianne.ch\/index.php?rest_route=\/wp\/v2\/pages\/62041\/revisions"}],"predecessor-version":[{"id":62261,"href":"https:\/\/www.freimarianne.ch\/index.php?rest_route=\/wp\/v2\/pages\/62041\/revisions\/62261"}],"up":[{"embeddable":true,"href":"https:\/\/www.freimarianne.ch\/index.php?rest_route=\/wp\/v2\/pages\/61699"}],"wp:attachment":[{"href":"https:\/\/www.freimarianne.ch\/index.php?rest_route=%2Fwp%2Fv2%2Fmedia&parent=62041"}],"curies":[{"name":"wp","href":"https:\/\/api.w.org\/{rel}","templated":true}]}}