{"id":62270,"date":"2023-06-03T09:40:53","date_gmt":"2023-06-03T08:40:53","guid":{"rendered":"http:\/\/www.freimarianne.ch\/?page_id=62270"},"modified":"2023-06-07T08:56:37","modified_gmt":"2023-06-07T07:56:37","slug":"gomera-wanderung-garajonay-27-4-2023","status":"publish","type":"page","link":"https:\/\/www.freimarianne.ch\/?page_id=62270","title":{"rendered":"Gomera: Wanderung Garajonay  27.4.2023"},"content":{"rendered":"\n<p>Wanderung am Fu\u00dfe des Tafelberges Fortaleza mit Aufstieg auf den Garajonay, mit 1487 m \u00fc. M. die h\u00f6chste Erhebung der Insel. Bei guter Sicht genie\u00dfen wir die spektakul\u00e4ren Ausblicke auf den Nationalpark sowie die Nachbarinseln Teneriffa, La Palma und El Hierro. Die ehemalige Kultst\u00e4tte der Ureinwohner ist heute Weltnaturerbe der UNESCO.<br>Gehzeit ca. 3\u00bd h \/ Strecke 10 km \/ H\u00f6henmeter: + 630 m \/- 360 m leicht \u2013 mittel<\/p>\n\n\n\n<!-- index.php -->\n<div\n\tclass=\"ngg-galleryoverview ngg-ajax-pagination-none\"\n\tid=\"ngg-gallery-1146263f36106b88504c008db6d8f5ac-1\">\n\n    \t<div class=\"slideshowlink\">\n        <a href='https:\/\/www.freimarianne.ch\/index.php\/nggallery\/slideshow?page_id=62270'>[Show as slideshow]<\/a>\n\t\t\n\t<\/div>\n\t\t\t<!-- Thumbnails -->\n\t\t\t\t<div id=\"ngg-image-0\" class=\"ngg-gallery-thumbnail-box\" >\n\t\t\t\t        <div class=\"ngg-gallery-thumbnail\">\n            <a href=\"https:\/\/www.freimarianne.ch\/wp-content\/gallery\/garajonay-27-4-23\/IMG_3476.jpeg\"\n               title=\"Sicht auf den Teide\"\n               data-src=\"https:\/\/www.freimarianne.ch\/wp-content\/gallery\/garajonay-27-4-23\/IMG_3476.jpeg\"\n               data-thumbnail=\"https:\/\/www.freimarianne.ch\/wp-content\/gallery\/garajonay-27-4-23\/thumbs\/thumbs_IMG_3476.jpeg\"\n               data-image-id=\"31051\"\n               data-title=\"IMG_3476\"\n               data-description=\"Sicht auf den Teide\"\n               data-image-slug=\"img_3476-4\"\n               class=\"shutterset_1146263f36106b88504c008db6d8f5ac\">\n                <img\n                    title=\"IMG_3476\"\n                    alt=\"IMG_3476\"\n                    src=\"https:\/\/www.freimarianne.ch\/wp-content\/gallery\/garajonay-27-4-23\/cache\/IMG_3476.jpeg-nggid0531051-ngg0dyn-100x75x100-00f0w010c010r110f110r010t010.jpeg\"\n                    width=\"100\"\n                    height=\"75\"\n                    style=\"max-width:100%;\"\n                \/>\n            <\/a>\n        <\/div>\n\t\t\t\t\t\t\t<\/div> \n\t\t\t\n                            \n\t\t\t\t<div id=\"ngg-image-1\" class=\"ngg-gallery-thumbnail-box\" >\n\t\t\t\t        <div class=\"ngg-gallery-thumbnail\">\n            <a href=\"https:\/\/www.freimarianne.ch\/wp-content\/gallery\/garajonay-27-4-23\/IMG_3478.jpeg\"\n               title=\"hinauf zum Alto Garajonay\"\n               data-src=\"https:\/\/www.freimarianne.ch\/wp-content\/gallery\/garajonay-27-4-23\/IMG_3478.jpeg\"\n               data-thumbnail=\"https:\/\/www.freimarianne.ch\/wp-content\/gallery\/garajonay-27-4-23\/thumbs\/thumbs_IMG_3478.jpeg\"\n               data-image-id=\"31050\"\n               data-title=\"IMG_3478\"\n               data-description=\"hinauf zum Alto Garajonay\"\n               data-image-slug=\"img_3478-5\"\n               class=\"shutterset_1146263f36106b88504c008db6d8f5ac\">\n                <img\n                    title=\"IMG_3478\"\n                    alt=\"IMG_3478\"\n                    src=\"https:\/\/www.freimarianne.ch\/wp-content\/gallery\/garajonay-27-4-23\/cache\/IMG_3478.jpeg-nggid0531050-ngg0dyn-100x75x100-00f0w010c010r110f110r010t010.jpeg\"\n                    width=\"100\"\n                    height=\"75\"\n                    style=\"max-width:100%;\"\n                \/>\n            <\/a>\n        <\/div>\n\t\t\t\t\t\t\t<\/div> \n\t\t\t\n                            \n\t\t\t\t<div id=\"ngg-image-2\" class=\"ngg-gallery-thumbnail-box\" >\n\t\t\t\t        <div class=\"ngg-gallery-thumbnail\">\n            <a href=\"https:\/\/www.freimarianne.ch\/wp-content\/gallery\/garajonay-27-4-23\/IMG_3479.jpeg\"\n               title=\"Alto Garajonay  1487m\"\n               data-src=\"https:\/\/www.freimarianne.ch\/wp-content\/gallery\/garajonay-27-4-23\/IMG_3479.jpeg\"\n               data-thumbnail=\"https:\/\/www.freimarianne.ch\/wp-content\/gallery\/garajonay-27-4-23\/thumbs\/thumbs_IMG_3479.jpeg\"\n               data-image-id=\"31048\"\n               data-title=\"IMG_3479\"\n               data-description=\"Alto Garajonay  1487m\"\n               data-image-slug=\"img_3479-1\"\n               class=\"shutterset_1146263f36106b88504c008db6d8f5ac\">\n                <img\n                    title=\"IMG_3479\"\n                    alt=\"IMG_3479\"\n                    src=\"https:\/\/www.freimarianne.ch\/wp-content\/gallery\/garajonay-27-4-23\/cache\/IMG_3479.jpeg-nggid0531048-ngg0dyn-100x75x100-00f0w010c010r110f110r010t010.jpeg\"\n                    width=\"100\"\n                    height=\"75\"\n                    style=\"max-width:100%;\"\n                \/>\n            <\/a>\n        <\/div>\n\t\t\t\t\t\t\t<\/div> \n\t\t\t\n                            \n\t\t\t\t<div id=\"ngg-image-3\" class=\"ngg-gallery-thumbnail-box\" >\n\t\t\t\t        <div class=\"ngg-gallery-thumbnail\">\n            <a href=\"https:\/\/www.freimarianne.ch\/wp-content\/gallery\/garajonay-27-4-23\/IMG_3483.jpeg\"\n               title=\"Marianne auf dem Alto Garajonay\"\n               data-src=\"https:\/\/www.freimarianne.ch\/wp-content\/gallery\/garajonay-27-4-23\/IMG_3483.jpeg\"\n               data-thumbnail=\"https:\/\/www.freimarianne.ch\/wp-content\/gallery\/garajonay-27-4-23\/thumbs\/thumbs_IMG_3483.jpeg\"\n               data-image-id=\"31049\"\n               data-title=\"IMG_3483\"\n               data-description=\"Marianne auf dem Alto Garajonay\"\n               data-image-slug=\"img_3483-5\"\n               class=\"shutterset_1146263f36106b88504c008db6d8f5ac\">\n                <img\n                    title=\"IMG_3483\"\n                    alt=\"IMG_3483\"\n                    src=\"https:\/\/www.freimarianne.ch\/wp-content\/gallery\/garajonay-27-4-23\/cache\/IMG_3483.jpeg-nggid0531049-ngg0dyn-100x75x100-00f0w010c010r110f110r010t010.jpeg\"\n                    width=\"82\"\n                    height=\"75\"\n                    style=\"max-width:100%;\"\n                \/>\n            <\/a>\n        <\/div>\n\t\t\t\t\t\t\t<\/div> \n\t\t\t\n                                    <br style=\"clear: both\" \/>\n                    \n\t\t\t\t<div id=\"ngg-image-4\" class=\"ngg-gallery-thumbnail-box\" >\n\t\t\t\t        <div class=\"ngg-gallery-thumbnail\">\n            <a href=\"https:\/\/www.freimarianne.ch\/wp-content\/gallery\/garajonay-27-4-23\/IMG_3485.jpeg\"\n               title=\"\"\n               data-src=\"https:\/\/www.freimarianne.ch\/wp-content\/gallery\/garajonay-27-4-23\/IMG_3485.jpeg\"\n               data-thumbnail=\"https:\/\/www.freimarianne.ch\/wp-content\/gallery\/garajonay-27-4-23\/thumbs\/thumbs_IMG_3485.jpeg\"\n               data-image-id=\"31047\"\n               data-title=\"IMG_3485\"\n               data-description=\"\"\n               data-image-slug=\"img_3485\"\n               class=\"shutterset_1146263f36106b88504c008db6d8f5ac\">\n                <img\n                    title=\"IMG_3485\"\n                    alt=\"IMG_3485\"\n                    src=\"https:\/\/www.freimarianne.ch\/wp-content\/gallery\/garajonay-27-4-23\/cache\/IMG_3485.jpeg-nggid0531047-ngg0dyn-100x75x100-00f0w010c010r110f110r010t010.jpeg\"\n                    width=\"100\"\n                    height=\"75\"\n                    style=\"max-width:100%;\"\n                \/>\n            <\/a>\n        <\/div>\n\t\t\t\t\t\t\t<\/div> \n\t\t\t\n                            \n\t\t\t\t<div id=\"ngg-image-5\" class=\"ngg-gallery-thumbnail-box\" >\n\t\t\t\t        <div class=\"ngg-gallery-thumbnail\">\n            <a href=\"https:\/\/www.freimarianne.ch\/wp-content\/gallery\/garajonay-27-4-23\/IMG_3489.jpeg\"\n               title=\"\"\n               data-src=\"https:\/\/www.freimarianne.ch\/wp-content\/gallery\/garajonay-27-4-23\/IMG_3489.jpeg\"\n               data-thumbnail=\"https:\/\/www.freimarianne.ch\/wp-content\/gallery\/garajonay-27-4-23\/thumbs\/thumbs_IMG_3489.jpeg\"\n               data-image-id=\"31045\"\n               data-title=\"IMG_3489\"\n               data-description=\"\"\n               data-image-slug=\"img_3489-1\"\n               class=\"shutterset_1146263f36106b88504c008db6d8f5ac\">\n                <img\n                    title=\"IMG_3489\"\n                    alt=\"IMG_3489\"\n                    src=\"https:\/\/www.freimarianne.ch\/wp-content\/gallery\/garajonay-27-4-23\/cache\/IMG_3489.jpeg-nggid0531045-ngg0dyn-100x75x100-00f0w010c010r110f110r010t010.jpeg\"\n                    width=\"100\"\n                    height=\"75\"\n                    style=\"max-width:100%;\"\n                \/>\n            <\/a>\n        <\/div>\n\t\t\t\t\t\t\t<\/div> \n\t\t\t\n                            \n\t\t\t\t<div id=\"ngg-image-6\" class=\"ngg-gallery-thumbnail-box\" >\n\t\t\t\t        <div class=\"ngg-gallery-thumbnail\">\n            <a href=\"https:\/\/www.freimarianne.ch\/wp-content\/gallery\/garajonay-27-4-23\/IMG_3490.jpeg\"\n               title=\"\"\n               data-src=\"https:\/\/www.freimarianne.ch\/wp-content\/gallery\/garajonay-27-4-23\/IMG_3490.jpeg\"\n               data-thumbnail=\"https:\/\/www.freimarianne.ch\/wp-content\/gallery\/garajonay-27-4-23\/thumbs\/thumbs_IMG_3490.jpeg\"\n               data-image-id=\"31046\"\n               data-title=\"IMG_3490\"\n               data-description=\"\"\n               data-image-slug=\"img_3490-4\"\n               class=\"shutterset_1146263f36106b88504c008db6d8f5ac\">\n                <img\n                    title=\"IMG_3490\"\n                    alt=\"IMG_3490\"\n                    src=\"https:\/\/www.freimarianne.ch\/wp-content\/gallery\/garajonay-27-4-23\/cache\/IMG_3490.jpeg-nggid0531046-ngg0dyn-100x75x100-00f0w010c010r110f110r010t010.jpeg\"\n                    width=\"100\"\n                    height=\"75\"\n                    style=\"max-width:100%;\"\n                \/>\n            <\/a>\n        <\/div>\n\t\t\t\t\t\t\t<\/div> \n\t\t\t\n                            \n\t\t\t\t<div id=\"ngg-image-7\" class=\"ngg-gallery-thumbnail-box\" >\n\t\t\t\t        <div class=\"ngg-gallery-thumbnail\">\n            <a href=\"https:\/\/www.freimarianne.ch\/wp-content\/gallery\/garajonay-27-4-23\/IMG_3492.jpeg\"\n               title=\"\"\n               data-src=\"https:\/\/www.freimarianne.ch\/wp-content\/gallery\/garajonay-27-4-23\/IMG_3492.jpeg\"\n               data-thumbnail=\"https:\/\/www.freimarianne.ch\/wp-content\/gallery\/garajonay-27-4-23\/thumbs\/thumbs_IMG_3492.jpeg\"\n               data-image-id=\"31044\"\n               data-title=\"IMG_3492\"\n               data-description=\"\"\n               data-image-slug=\"img_3492-5\"\n               class=\"shutterset_1146263f36106b88504c008db6d8f5ac\">\n                <img\n                    title=\"IMG_3492\"\n                    alt=\"IMG_3492\"\n                    src=\"https:\/\/www.freimarianne.ch\/wp-content\/gallery\/garajonay-27-4-23\/cache\/IMG_3492.jpeg-nggid0531044-ngg0dyn-100x75x100-00f0w010c010r110f110r010t010.jpeg\"\n                    width=\"100\"\n                    height=\"75\"\n                    style=\"max-width:100%;\"\n                \/>\n            <\/a>\n        <\/div>\n\t\t\t\t\t\t\t<\/div> \n\t\t\t\n                                    <br style=\"clear: both\" \/>\n                    \n\t\t\t\t<div id=\"ngg-image-8\" class=\"ngg-gallery-thumbnail-box\" >\n\t\t\t\t        <div class=\"ngg-gallery-thumbnail\">\n            <a href=\"https:\/\/www.freimarianne.ch\/wp-content\/gallery\/garajonay-27-4-23\/IMG_3495.jpeg\"\n               title=\"sch\u00f6ner Pfad im Hang\"\n               data-src=\"https:\/\/www.freimarianne.ch\/wp-content\/gallery\/garajonay-27-4-23\/IMG_3495.jpeg\"\n               data-thumbnail=\"https:\/\/www.freimarianne.ch\/wp-content\/gallery\/garajonay-27-4-23\/thumbs\/thumbs_IMG_3495.jpeg\"\n               data-image-id=\"31042\"\n               data-title=\"IMG_3495\"\n               data-description=\"sch\u00f6ner Pfad im Hang\"\n               data-image-slug=\"img_3495-4\"\n               class=\"shutterset_1146263f36106b88504c008db6d8f5ac\">\n                <img\n                    title=\"IMG_3495\"\n                    alt=\"IMG_3495\"\n                    src=\"https:\/\/www.freimarianne.ch\/wp-content\/gallery\/garajonay-27-4-23\/cache\/IMG_3495.jpeg-nggid0531042-ngg0dyn-100x75x100-00f0w010c010r110f110r010t010.jpeg\"\n                    width=\"100\"\n                    height=\"75\"\n                    style=\"max-width:100%;\"\n                \/>\n            <\/a>\n        <\/div>\n\t\t\t\t\t\t\t<\/div> \n\t\t\t\n                            \n\t\t\t\t<div id=\"ngg-image-9\" class=\"ngg-gallery-thumbnail-box\" >\n\t\t\t\t        <div class=\"ngg-gallery-thumbnail\">\n            <a href=\"https:\/\/www.freimarianne.ch\/wp-content\/gallery\/garajonay-27-4-23\/IMG_3500.jpeg\"\n               title=\"\"\n               data-src=\"https:\/\/www.freimarianne.ch\/wp-content\/gallery\/garajonay-27-4-23\/IMG_3500.jpeg\"\n               data-thumbnail=\"https:\/\/www.freimarianne.ch\/wp-content\/gallery\/garajonay-27-4-23\/thumbs\/thumbs_IMG_3500.jpeg\"\n               data-image-id=\"31040\"\n               data-title=\"IMG_3500\"\n               data-description=\"\"\n               data-image-slug=\"img_3500-5\"\n               class=\"shutterset_1146263f36106b88504c008db6d8f5ac\">\n                <img\n                    title=\"IMG_3500\"\n                    alt=\"IMG_3500\"\n                    src=\"https:\/\/www.freimarianne.ch\/wp-content\/gallery\/garajonay-27-4-23\/cache\/IMG_3500.jpeg-nggid0531040-ngg0dyn-100x75x100-00f0w010c010r110f110r010t010.jpeg\"\n                    width=\"100\"\n                    height=\"75\"\n                    style=\"max-width:100%;\"\n                \/>\n            <\/a>\n        <\/div>\n\t\t\t\t\t\t\t<\/div> \n\t\t\t\n                            \n\t\t\t\t<div id=\"ngg-image-10\" class=\"ngg-gallery-thumbnail-box\" >\n\t\t\t\t        <div class=\"ngg-gallery-thumbnail\">\n            <a href=\"https:\/\/www.freimarianne.ch\/wp-content\/gallery\/garajonay-27-4-23\/IMG_3507.jpeg\"\n               title=\"\"\n               data-src=\"https:\/\/www.freimarianne.ch\/wp-content\/gallery\/garajonay-27-4-23\/IMG_3507.jpeg\"\n               data-thumbnail=\"https:\/\/www.freimarianne.ch\/wp-content\/gallery\/garajonay-27-4-23\/thumbs\/thumbs_IMG_3507.jpeg\"\n               data-image-id=\"31039\"\n               data-title=\"IMG_3507\"\n               data-description=\"\"\n               data-image-slug=\"img_3507-3\"\n               class=\"shutterset_1146263f36106b88504c008db6d8f5ac\">\n                <img\n                    title=\"IMG_3507\"\n                    alt=\"IMG_3507\"\n                    src=\"https:\/\/www.freimarianne.ch\/wp-content\/gallery\/garajonay-27-4-23\/cache\/IMG_3507.jpeg-nggid0531039-ngg0dyn-100x75x100-00f0w010c010r110f110r010t010.jpeg\"\n                    width=\"100\"\n                    height=\"75\"\n                    style=\"max-width:100%;\"\n                \/>\n            <\/a>\n        <\/div>\n\t\t\t\t\t\t\t<\/div> \n\t\t\t\n                            \n\t\t\t\t<div id=\"ngg-image-11\" class=\"ngg-gallery-thumbnail-box\" >\n\t\t\t\t        <div class=\"ngg-gallery-thumbnail\">\n            <a href=\"https:\/\/www.freimarianne.ch\/wp-content\/gallery\/garajonay-27-4-23\/IMG_3508.jpeg\"\n               title=\"\"\n               data-src=\"https:\/\/www.freimarianne.ch\/wp-content\/gallery\/garajonay-27-4-23\/IMG_3508.jpeg\"\n               data-thumbnail=\"https:\/\/www.freimarianne.ch\/wp-content\/gallery\/garajonay-27-4-23\/thumbs\/thumbs_IMG_3508.jpeg\"\n               data-image-id=\"31043\"\n               data-title=\"IMG_3508\"\n               data-description=\"\"\n               data-image-slug=\"img_3508-2\"\n               class=\"shutterset_1146263f36106b88504c008db6d8f5ac\">\n                <img\n                    title=\"IMG_3508\"\n                    alt=\"IMG_3508\"\n                    src=\"https:\/\/www.freimarianne.ch\/wp-content\/gallery\/garajonay-27-4-23\/cache\/IMG_3508.jpeg-nggid0531043-ngg0dyn-100x75x100-00f0w010c010r110f110r010t010.jpeg\"\n                    width=\"100\"\n                    height=\"75\"\n                    style=\"max-width:100%;\"\n                \/>\n            <\/a>\n        <\/div>\n\t\t\t\t\t\t\t<\/div> \n\t\t\t\n                                    <br style=\"clear: both\" \/>\n                    \n\t\t\t\t<div id=\"ngg-image-12\" class=\"ngg-gallery-thumbnail-box\" >\n\t\t\t\t        <div class=\"ngg-gallery-thumbnail\">\n            <a href=\"https:\/\/www.freimarianne.ch\/wp-content\/gallery\/garajonay-27-4-23\/IMG_3509.jpeg\"\n               title=\"\"\n               data-src=\"https:\/\/www.freimarianne.ch\/wp-content\/gallery\/garajonay-27-4-23\/IMG_3509.jpeg\"\n               data-thumbnail=\"https:\/\/www.freimarianne.ch\/wp-content\/gallery\/garajonay-27-4-23\/thumbs\/thumbs_IMG_3509.jpeg\"\n               data-image-id=\"31041\"\n               data-title=\"IMG_3509\"\n               data-description=\"\"\n               data-image-slug=\"img_3509-6\"\n               class=\"shutterset_1146263f36106b88504c008db6d8f5ac\">\n                <img\n                    title=\"IMG_3509\"\n                    alt=\"IMG_3509\"\n                    src=\"https:\/\/www.freimarianne.ch\/wp-content\/gallery\/garajonay-27-4-23\/cache\/IMG_3509.jpeg-nggid0531041-ngg0dyn-100x75x100-00f0w010c010r110f110r010t010.jpeg\"\n                    width=\"100\"\n                    height=\"75\"\n                    style=\"max-width:100%;\"\n                \/>\n            <\/a>\n        <\/div>\n\t\t\t\t\t\t\t<\/div> \n\t\t\t\n                            \n\t\t\t\t<div id=\"ngg-image-13\" class=\"ngg-gallery-thumbnail-box\" >\n\t\t\t\t        <div class=\"ngg-gallery-thumbnail\">\n            <a href=\"https:\/\/www.freimarianne.ch\/wp-content\/gallery\/garajonay-27-4-23\/IMG_3510.jpeg\"\n               title=\"\"\n               data-src=\"https:\/\/www.freimarianne.ch\/wp-content\/gallery\/garajonay-27-4-23\/IMG_3510.jpeg\"\n               data-thumbnail=\"https:\/\/www.freimarianne.ch\/wp-content\/gallery\/garajonay-27-4-23\/thumbs\/thumbs_IMG_3510.jpeg\"\n               data-image-id=\"31038\"\n               data-title=\"IMG_3510\"\n               data-description=\"\"\n               data-image-slug=\"img_3510-2\"\n               class=\"shutterset_1146263f36106b88504c008db6d8f5ac\">\n                <img\n                    title=\"IMG_3510\"\n                    alt=\"IMG_3510\"\n                    src=\"https:\/\/www.freimarianne.ch\/wp-content\/gallery\/garajonay-27-4-23\/cache\/IMG_3510.jpeg-nggid0531038-ngg0dyn-100x75x100-00f0w010c010r110f110r010t010.jpeg\"\n                    width=\"100\"\n                    height=\"75\"\n                    style=\"max-width:100%;\"\n                \/>\n            <\/a>\n        <\/div>\n\t\t\t\t\t\t\t<\/div> \n\t\t\t\n                            \n\t\t\n\t\t<!-- Pagination -->\n\t<div class='ngg-clear'><\/div>\t<\/div>\n\n","protected":false},"excerpt":{"rendered":"<p>Wanderung am Fu\u00dfe des Tafelberges Fortaleza mit Aufstieg auf den Garajonay, mit 1487 m \u00fc. M. die h\u00f6chste Erhebung der Insel. Bei guter Sicht genie\u00dfen wir die spektakul\u00e4ren Ausblicke auf den Nationalpark sowie die Nachbarinseln Teneriffa, La Palma und El Hierro. Die ehemalige Kultst\u00e4tte der Ureinwohner ist heute Weltnaturerbe der UNESCO.Gehzeit ca. 3\u00bd h \/ [&hellip;]<\/p>\n","protected":false},"author":1,"featured_media":0,"parent":62265,"menu_order":1,"comment_status":"closed","ping_status":"closed","template":"","meta":{"ngg_post_thumbnail":0},"_links":{"self":[{"href":"https:\/\/www.freimarianne.ch\/index.php?rest_route=\/wp\/v2\/pages\/62270"}],"collection":[{"href":"https:\/\/www.freimarianne.ch\/index.php?rest_route=\/wp\/v2\/pages"}],"about":[{"href":"https:\/\/www.freimarianne.ch\/index.php?rest_route=\/wp\/v2\/types\/page"}],"author":[{"embeddable":true,"href":"https:\/\/www.freimarianne.ch\/index.php?rest_route=\/wp\/v2\/users\/1"}],"replies":[{"embeddable":true,"href":"https:\/\/www.freimarianne.ch\/index.php?rest_route=%2Fwp%2Fv2%2Fcomments&post=62270"}],"version-history":[{"count":4,"href":"https:\/\/www.freimarianne.ch\/index.php?rest_route=\/wp\/v2\/pages\/62270\/revisions"}],"predecessor-version":[{"id":62501,"href":"https:\/\/www.freimarianne.ch\/index.php?rest_route=\/wp\/v2\/pages\/62270\/revisions\/62501"}],"up":[{"embeddable":true,"href":"https:\/\/www.freimarianne.ch\/index.php?rest_route=\/wp\/v2\/pages\/62265"}],"wp:attachment":[{"href":"https:\/\/www.freimarianne.ch\/index.php?rest_route=%2Fwp%2Fv2%2Fmedia&parent=62270"}],"curies":[{"name":"wp","href":"https:\/\/api.w.org\/{rel}","templated":true}]}}