{"id":62277,"date":"2023-06-03T09:50:43","date_gmt":"2023-06-03T08:50:43","guid":{"rendered":"http:\/\/www.freimarianne.ch\/?page_id=62277"},"modified":"2023-06-08T07:41:16","modified_gmt":"2023-06-08T06:41:16","slug":"gomera-wanderung-valle-gran-rey-29-4-2023","status":"publish","type":"page","link":"https:\/\/www.freimarianne.ch\/?page_id=62277","title":{"rendered":"Gomera: Wanderung Valle Gran Rey 29.4.2023"},"content":{"rendered":"\n<p>Heute steigen wir von Arure hinab ins Valle Gran Rey mit herrlichen Aussichten. Das Tal wurde ber\u00fchmt durch seinen steilen Terassenanbau von Avocados und Datteln. Ebenso ist der Palmhonig eine Spezialit\u00e4t dieser Gegend. Am Ende der Wanderung besteht die M\u00f6glichkeit zum Baden am schwarzen Sandstrand.<br>Gehzeit ca. 3,5 h \/ Strecke 9 km \/ H\u00f6henmeter +120 \/ -900 m mittelschwer<\/p>\n\n\n\n<!-- index.php -->\n<div\n\tclass=\"ngg-galleryoverview ngg-ajax-pagination-none\"\n\tid=\"ngg-gallery-131f88e2b7b1d5edfab5f225339d0883-1\">\n\n    \t<div class=\"slideshowlink\">\n        <a href='https:\/\/www.freimarianne.ch\/index.php\/nggallery\/slideshow?page_id=62277'>[Show as slideshow]<\/a>\n\t\t\n\t<\/div>\n\t\t\t<!-- Thumbnails -->\n\t\t\t\t<div id=\"ngg-image-0\" class=\"ngg-gallery-thumbnail-box\" >\n\t\t\t\t        <div class=\"ngg-gallery-thumbnail\">\n            <a href=\"https:\/\/www.freimarianne.ch\/wp-content\/gallery\/valle-grande-rey-29-4-23\/IMG_3563.jpeg\"\n               title=\"\"\n               data-src=\"https:\/\/www.freimarianne.ch\/wp-content\/gallery\/valle-grande-rey-29-4-23\/IMG_3563.jpeg\"\n               data-thumbnail=\"https:\/\/www.freimarianne.ch\/wp-content\/gallery\/valle-grande-rey-29-4-23\/thumbs\/thumbs_IMG_3563.jpeg\"\n               data-image-id=\"31208\"\n               data-title=\"IMG_3563\"\n               data-description=\"\"\n               data-image-slug=\"img_3563-7\"\n               class=\"shutterset_131f88e2b7b1d5edfab5f225339d0883\">\n                <img\n                    title=\"IMG_3563\"\n                    alt=\"IMG_3563\"\n                    src=\"https:\/\/www.freimarianne.ch\/wp-content\/gallery\/valle-grande-rey-29-4-23\/cache\/IMG_3563.jpeg-nggid0531208-ngg0dyn-100x75x100-00f0w010c010r110f110r010t010.jpeg\"\n                    width=\"100\"\n                    height=\"75\"\n                    style=\"max-width:100%;\"\n                \/>\n            <\/a>\n        <\/div>\n\t\t\t\t\t\t\t<\/div> \n\t\t\t\n                            \n\t\t\t\t<div id=\"ngg-image-1\" class=\"ngg-gallery-thumbnail-box\" >\n\t\t\t\t        <div class=\"ngg-gallery-thumbnail\">\n            <a href=\"https:\/\/www.freimarianne.ch\/wp-content\/gallery\/valle-grande-rey-29-4-23\/IMG_3564.jpeg\"\n               title=\"\"\n               data-src=\"https:\/\/www.freimarianne.ch\/wp-content\/gallery\/valle-grande-rey-29-4-23\/IMG_3564.jpeg\"\n               data-thumbnail=\"https:\/\/www.freimarianne.ch\/wp-content\/gallery\/valle-grande-rey-29-4-23\/thumbs\/thumbs_IMG_3564.jpeg\"\n               data-image-id=\"31211\"\n               data-title=\"IMG_3564\"\n               data-description=\"\"\n               data-image-slug=\"img_3564-5\"\n               class=\"shutterset_131f88e2b7b1d5edfab5f225339d0883\">\n                <img\n                    title=\"IMG_3564\"\n                    alt=\"IMG_3564\"\n                    src=\"https:\/\/www.freimarianne.ch\/wp-content\/gallery\/valle-grande-rey-29-4-23\/cache\/IMG_3564.jpeg-nggid0531211-ngg0dyn-100x75x100-00f0w010c010r110f110r010t010.jpeg\"\n                    width=\"100\"\n                    height=\"75\"\n                    style=\"max-width:100%;\"\n                \/>\n            <\/a>\n        <\/div>\n\t\t\t\t\t\t\t<\/div> \n\t\t\t\n                            \n\t\t\t\t<div id=\"ngg-image-2\" class=\"ngg-gallery-thumbnail-box\" >\n\t\t\t\t        <div class=\"ngg-gallery-thumbnail\">\n            <a href=\"https:\/\/www.freimarianne.ch\/wp-content\/gallery\/valle-grande-rey-29-4-23\/IMG_3566.jpeg\"\n               title=\"\"\n               data-src=\"https:\/\/www.freimarianne.ch\/wp-content\/gallery\/valle-grande-rey-29-4-23\/IMG_3566.jpeg\"\n               data-thumbnail=\"https:\/\/www.freimarianne.ch\/wp-content\/gallery\/valle-grande-rey-29-4-23\/thumbs\/thumbs_IMG_3566.jpeg\"\n               data-image-id=\"31207\"\n               data-title=\"IMG_3566\"\n               data-description=\"\"\n               data-image-slug=\"img_3566-2\"\n               class=\"shutterset_131f88e2b7b1d5edfab5f225339d0883\">\n                <img\n                    title=\"IMG_3566\"\n                    alt=\"IMG_3566\"\n                    src=\"https:\/\/www.freimarianne.ch\/wp-content\/gallery\/valle-grande-rey-29-4-23\/cache\/IMG_3566.jpeg-nggid0531207-ngg0dyn-100x75x100-00f0w010c010r110f110r010t010.jpeg\"\n                    width=\"100\"\n                    height=\"75\"\n                    style=\"max-width:100%;\"\n                \/>\n            <\/a>\n        <\/div>\n\t\t\t\t\t\t\t<\/div> \n\t\t\t\n                            \n\t\t\t\t<div id=\"ngg-image-3\" class=\"ngg-gallery-thumbnail-box\" >\n\t\t\t\t        <div class=\"ngg-gallery-thumbnail\">\n            <a href=\"https:\/\/www.freimarianne.ch\/wp-content\/gallery\/valle-grande-rey-29-4-23\/IMG_3571.jpeg\"\n               title=\"\"\n               data-src=\"https:\/\/www.freimarianne.ch\/wp-content\/gallery\/valle-grande-rey-29-4-23\/IMG_3571.jpeg\"\n               data-thumbnail=\"https:\/\/www.freimarianne.ch\/wp-content\/gallery\/valle-grande-rey-29-4-23\/thumbs\/thumbs_IMG_3571.jpeg\"\n               data-image-id=\"31209\"\n               data-title=\"IMG_3571\"\n               data-description=\"\"\n               data-image-slug=\"img_3571-2\"\n               class=\"shutterset_131f88e2b7b1d5edfab5f225339d0883\">\n                <img\n                    title=\"IMG_3571\"\n                    alt=\"IMG_3571\"\n                    src=\"https:\/\/www.freimarianne.ch\/wp-content\/gallery\/valle-grande-rey-29-4-23\/cache\/IMG_3571.jpeg-nggid0531209-ngg0dyn-100x75x100-00f0w010c010r110f110r010t010.jpeg\"\n                    width=\"100\"\n                    height=\"75\"\n                    style=\"max-width:100%;\"\n                \/>\n            <\/a>\n        <\/div>\n\t\t\t\t\t\t\t<\/div> \n\t\t\t\n                                    <br style=\"clear: both\" \/>\n                    \n\t\t\t\t<div id=\"ngg-image-4\" class=\"ngg-gallery-thumbnail-box\" >\n\t\t\t\t        <div class=\"ngg-gallery-thumbnail\">\n            <a href=\"https:\/\/www.freimarianne.ch\/wp-content\/gallery\/valle-grande-rey-29-4-23\/IMG_3572.jpeg\"\n               title=\"\"\n               data-src=\"https:\/\/www.freimarianne.ch\/wp-content\/gallery\/valle-grande-rey-29-4-23\/IMG_3572.jpeg\"\n               data-thumbnail=\"https:\/\/www.freimarianne.ch\/wp-content\/gallery\/valle-grande-rey-29-4-23\/thumbs\/thumbs_IMG_3572.jpeg\"\n               data-image-id=\"31210\"\n               data-title=\"IMG_3572\"\n               data-description=\"\"\n               data-image-slug=\"img_3572-6\"\n               class=\"shutterset_131f88e2b7b1d5edfab5f225339d0883\">\n                <img\n                    title=\"IMG_3572\"\n                    alt=\"IMG_3572\"\n                    src=\"https:\/\/www.freimarianne.ch\/wp-content\/gallery\/valle-grande-rey-29-4-23\/cache\/IMG_3572.jpeg-nggid0531210-ngg0dyn-100x75x100-00f0w010c010r110f110r010t010.jpeg\"\n                    width=\"100\"\n                    height=\"75\"\n                    style=\"max-width:100%;\"\n                \/>\n            <\/a>\n        <\/div>\n\t\t\t\t\t\t\t<\/div> \n\t\t\t\n                            \n\t\t\t\t<div id=\"ngg-image-5\" class=\"ngg-gallery-thumbnail-box\" >\n\t\t\t\t        <div class=\"ngg-gallery-thumbnail\">\n            <a href=\"https:\/\/www.freimarianne.ch\/wp-content\/gallery\/valle-grande-rey-29-4-23\/IMG_3574.jpeg\"\n               title=\"\"\n               data-src=\"https:\/\/www.freimarianne.ch\/wp-content\/gallery\/valle-grande-rey-29-4-23\/IMG_3574.jpeg\"\n               data-thumbnail=\"https:\/\/www.freimarianne.ch\/wp-content\/gallery\/valle-grande-rey-29-4-23\/thumbs\/thumbs_IMG_3574.jpeg\"\n               data-image-id=\"31206\"\n               data-title=\"IMG_3574\"\n               data-description=\"\"\n               data-image-slug=\"img_3574-3\"\n               class=\"shutterset_131f88e2b7b1d5edfab5f225339d0883\">\n                <img\n                    title=\"IMG_3574\"\n                    alt=\"IMG_3574\"\n                    src=\"https:\/\/www.freimarianne.ch\/wp-content\/gallery\/valle-grande-rey-29-4-23\/cache\/IMG_3574.jpeg-nggid0531206-ngg0dyn-100x75x100-00f0w010c010r110f110r010t010.jpeg\"\n                    width=\"100\"\n                    height=\"75\"\n                    style=\"max-width:100%;\"\n                \/>\n            <\/a>\n        <\/div>\n\t\t\t\t\t\t\t<\/div> \n\t\t\t\n                            \n\t\t\t\t<div id=\"ngg-image-6\" class=\"ngg-gallery-thumbnail-box\" >\n\t\t\t\t        <div class=\"ngg-gallery-thumbnail\">\n            <a href=\"https:\/\/www.freimarianne.ch\/wp-content\/gallery\/valle-grande-rey-29-4-23\/IMG_3576.jpeg\"\n               title=\"\"\n               data-src=\"https:\/\/www.freimarianne.ch\/wp-content\/gallery\/valle-grande-rey-29-4-23\/IMG_3576.jpeg\"\n               data-thumbnail=\"https:\/\/www.freimarianne.ch\/wp-content\/gallery\/valle-grande-rey-29-4-23\/thumbs\/thumbs_IMG_3576.jpeg\"\n               data-image-id=\"31205\"\n               data-title=\"IMG_3576\"\n               data-description=\"\"\n               data-image-slug=\"img_3576-6\"\n               class=\"shutterset_131f88e2b7b1d5edfab5f225339d0883\">\n                <img\n                    title=\"IMG_3576\"\n                    alt=\"IMG_3576\"\n                    src=\"https:\/\/www.freimarianne.ch\/wp-content\/gallery\/valle-grande-rey-29-4-23\/cache\/IMG_3576.jpeg-nggid0531205-ngg0dyn-100x75x100-00f0w010c010r110f110r010t010.jpeg\"\n                    width=\"100\"\n                    height=\"75\"\n                    style=\"max-width:100%;\"\n                \/>\n            <\/a>\n        <\/div>\n\t\t\t\t\t\t\t<\/div> \n\t\t\t\n                            \n\t\t\t\t<div id=\"ngg-image-7\" class=\"ngg-gallery-thumbnail-box\" >\n\t\t\t\t        <div class=\"ngg-gallery-thumbnail\">\n            <a href=\"https:\/\/www.freimarianne.ch\/wp-content\/gallery\/valle-grande-rey-29-4-23\/IMG_3578.jpeg\"\n               title=\"\"\n               data-src=\"https:\/\/www.freimarianne.ch\/wp-content\/gallery\/valle-grande-rey-29-4-23\/IMG_3578.jpeg\"\n               data-thumbnail=\"https:\/\/www.freimarianne.ch\/wp-content\/gallery\/valle-grande-rey-29-4-23\/thumbs\/thumbs_IMG_3578.jpeg\"\n               data-image-id=\"31204\"\n               data-title=\"IMG_3578\"\n               data-description=\"\"\n               data-image-slug=\"img_3578-3\"\n               class=\"shutterset_131f88e2b7b1d5edfab5f225339d0883\">\n                <img\n                    title=\"IMG_3578\"\n                    alt=\"IMG_3578\"\n                    src=\"https:\/\/www.freimarianne.ch\/wp-content\/gallery\/valle-grande-rey-29-4-23\/cache\/IMG_3578.jpeg-nggid0531204-ngg0dyn-100x75x100-00f0w010c010r110f110r010t010.jpeg\"\n                    width=\"100\"\n                    height=\"75\"\n                    style=\"max-width:100%;\"\n                \/>\n            <\/a>\n        <\/div>\n\t\t\t\t\t\t\t<\/div> \n\t\t\t\n                                    <br style=\"clear: both\" \/>\n                    \n\t\t\t\t<div id=\"ngg-image-8\" class=\"ngg-gallery-thumbnail-box\" >\n\t\t\t\t        <div class=\"ngg-gallery-thumbnail\">\n            <a href=\"https:\/\/www.freimarianne.ch\/wp-content\/gallery\/valle-grande-rey-29-4-23\/IMG_3579.jpeg\"\n               title=\"\"\n               data-src=\"https:\/\/www.freimarianne.ch\/wp-content\/gallery\/valle-grande-rey-29-4-23\/IMG_3579.jpeg\"\n               data-thumbnail=\"https:\/\/www.freimarianne.ch\/wp-content\/gallery\/valle-grande-rey-29-4-23\/thumbs\/thumbs_IMG_3579.jpeg\"\n               data-image-id=\"31203\"\n               data-title=\"IMG_3579\"\n               data-description=\"\"\n               data-image-slug=\"img_3579-1\"\n               class=\"shutterset_131f88e2b7b1d5edfab5f225339d0883\">\n                <img\n                    title=\"IMG_3579\"\n                    alt=\"IMG_3579\"\n                    src=\"https:\/\/www.freimarianne.ch\/wp-content\/gallery\/valle-grande-rey-29-4-23\/cache\/IMG_3579.jpeg-nggid0531203-ngg0dyn-100x75x100-00f0w010c010r110f110r010t010.jpeg\"\n                    width=\"100\"\n                    height=\"75\"\n                    style=\"max-width:100%;\"\n                \/>\n            <\/a>\n        <\/div>\n\t\t\t\t\t\t\t<\/div> \n\t\t\t\n                            \n\t\t\t\t<div id=\"ngg-image-9\" class=\"ngg-gallery-thumbnail-box\" >\n\t\t\t\t        <div class=\"ngg-gallery-thumbnail\">\n            <a href=\"https:\/\/www.freimarianne.ch\/wp-content\/gallery\/valle-grande-rey-29-4-23\/IMG_3580.jpeg\"\n               title=\"\"\n               data-src=\"https:\/\/www.freimarianne.ch\/wp-content\/gallery\/valle-grande-rey-29-4-23\/IMG_3580.jpeg\"\n               data-thumbnail=\"https:\/\/www.freimarianne.ch\/wp-content\/gallery\/valle-grande-rey-29-4-23\/thumbs\/thumbs_IMG_3580.jpeg\"\n               data-image-id=\"31200\"\n               data-title=\"IMG_3580\"\n               data-description=\"\"\n               data-image-slug=\"img_3580-2\"\n               class=\"shutterset_131f88e2b7b1d5edfab5f225339d0883\">\n                <img\n                    title=\"IMG_3580\"\n                    alt=\"IMG_3580\"\n                    src=\"https:\/\/www.freimarianne.ch\/wp-content\/gallery\/valle-grande-rey-29-4-23\/cache\/IMG_3580.jpeg-nggid0531200-ngg0dyn-100x75x100-00f0w010c010r110f110r010t010.jpeg\"\n                    width=\"100\"\n                    height=\"75\"\n                    style=\"max-width:100%;\"\n                \/>\n            <\/a>\n        <\/div>\n\t\t\t\t\t\t\t<\/div> \n\t\t\t\n                            \n\t\t\t\t<div id=\"ngg-image-10\" class=\"ngg-gallery-thumbnail-box\" >\n\t\t\t\t        <div class=\"ngg-gallery-thumbnail\">\n            <a href=\"https:\/\/www.freimarianne.ch\/wp-content\/gallery\/valle-grande-rey-29-4-23\/IMG_3587.jpeg\"\n               title=\"\"\n               data-src=\"https:\/\/www.freimarianne.ch\/wp-content\/gallery\/valle-grande-rey-29-4-23\/IMG_3587.jpeg\"\n               data-thumbnail=\"https:\/\/www.freimarianne.ch\/wp-content\/gallery\/valle-grande-rey-29-4-23\/thumbs\/thumbs_IMG_3587.jpeg\"\n               data-image-id=\"31202\"\n               data-title=\"IMG_3587\"\n               data-description=\"\"\n               data-image-slug=\"img_3587-2\"\n               class=\"shutterset_131f88e2b7b1d5edfab5f225339d0883\">\n                <img\n                    title=\"IMG_3587\"\n                    alt=\"IMG_3587\"\n                    src=\"https:\/\/www.freimarianne.ch\/wp-content\/gallery\/valle-grande-rey-29-4-23\/cache\/IMG_3587.jpeg-nggid0531202-ngg0dyn-100x75x100-00f0w010c010r110f110r010t010.jpeg\"\n                    width=\"100\"\n                    height=\"75\"\n                    style=\"max-width:100%;\"\n                \/>\n            <\/a>\n        <\/div>\n\t\t\t\t\t\t\t<\/div> \n\t\t\t\n                            \n\t\t\t\t<div id=\"ngg-image-11\" class=\"ngg-gallery-thumbnail-box\" >\n\t\t\t\t        <div class=\"ngg-gallery-thumbnail\">\n            <a href=\"https:\/\/www.freimarianne.ch\/wp-content\/gallery\/valle-grande-rey-29-4-23\/IMG_3588.jpeg\"\n               title=\"\"\n               data-src=\"https:\/\/www.freimarianne.ch\/wp-content\/gallery\/valle-grande-rey-29-4-23\/IMG_3588.jpeg\"\n               data-thumbnail=\"https:\/\/www.freimarianne.ch\/wp-content\/gallery\/valle-grande-rey-29-4-23\/thumbs\/thumbs_IMG_3588.jpeg\"\n               data-image-id=\"31201\"\n               data-title=\"IMG_3588\"\n               data-description=\"\"\n               data-image-slug=\"img_3588-7\"\n               class=\"shutterset_131f88e2b7b1d5edfab5f225339d0883\">\n                <img\n                    title=\"IMG_3588\"\n                    alt=\"IMG_3588\"\n                    src=\"https:\/\/www.freimarianne.ch\/wp-content\/gallery\/valle-grande-rey-29-4-23\/cache\/IMG_3588.jpeg-nggid0531201-ngg0dyn-100x75x100-00f0w010c010r110f110r010t010.jpeg\"\n                    width=\"100\"\n                    height=\"75\"\n                    style=\"max-width:100%;\"\n                \/>\n            <\/a>\n        <\/div>\n\t\t\t\t\t\t\t<\/div> \n\t\t\t\n                                    <br style=\"clear: both\" \/>\n                    \n\t\t\t\t<div id=\"ngg-image-12\" class=\"ngg-gallery-thumbnail-box\" >\n\t\t\t\t        <div class=\"ngg-gallery-thumbnail\">\n            <a href=\"https:\/\/www.freimarianne.ch\/wp-content\/gallery\/valle-grande-rey-29-4-23\/IMG_3589.jpeg\"\n               title=\"\"\n               data-src=\"https:\/\/www.freimarianne.ch\/wp-content\/gallery\/valle-grande-rey-29-4-23\/IMG_3589.jpeg\"\n               data-thumbnail=\"https:\/\/www.freimarianne.ch\/wp-content\/gallery\/valle-grande-rey-29-4-23\/thumbs\/thumbs_IMG_3589.jpeg\"\n               data-image-id=\"31199\"\n               data-title=\"IMG_3589\"\n               data-description=\"\"\n               data-image-slug=\"img_3589-2\"\n               class=\"shutterset_131f88e2b7b1d5edfab5f225339d0883\">\n                <img\n                    title=\"IMG_3589\"\n                    alt=\"IMG_3589\"\n                    src=\"https:\/\/www.freimarianne.ch\/wp-content\/gallery\/valle-grande-rey-29-4-23\/cache\/IMG_3589.jpeg-nggid0531199-ngg0dyn-100x75x100-00f0w010c010r110f110r010t010.jpeg\"\n                    width=\"100\"\n                    height=\"75\"\n                    style=\"max-width:100%;\"\n                \/>\n            <\/a>\n        <\/div>\n\t\t\t\t\t\t\t<\/div> \n\t\t\t\n                            \n\t\t\t\t<div id=\"ngg-image-13\" class=\"ngg-gallery-thumbnail-box\" >\n\t\t\t\t        <div class=\"ngg-gallery-thumbnail\">\n            <a href=\"https:\/\/www.freimarianne.ch\/wp-content\/gallery\/valle-grande-rey-29-4-23\/IMG_3591.jpeg\"\n               title=\"\"\n               data-src=\"https:\/\/www.freimarianne.ch\/wp-content\/gallery\/valle-grande-rey-29-4-23\/IMG_3591.jpeg\"\n               data-thumbnail=\"https:\/\/www.freimarianne.ch\/wp-content\/gallery\/valle-grande-rey-29-4-23\/thumbs\/thumbs_IMG_3591.jpeg\"\n               data-image-id=\"31198\"\n               data-title=\"IMG_3591\"\n               data-description=\"\"\n               data-image-slug=\"img_3591-3\"\n               class=\"shutterset_131f88e2b7b1d5edfab5f225339d0883\">\n                <img\n                    title=\"IMG_3591\"\n                    alt=\"IMG_3591\"\n                    src=\"https:\/\/www.freimarianne.ch\/wp-content\/gallery\/valle-grande-rey-29-4-23\/cache\/IMG_3591.jpeg-nggid0531198-ngg0dyn-100x75x100-00f0w010c010r110f110r010t010.jpeg\"\n                    width=\"100\"\n                    height=\"75\"\n                    style=\"max-width:100%;\"\n                \/>\n            <\/a>\n        <\/div>\n\t\t\t\t\t\t\t<\/div> \n\t\t\t\n                            \n\t\t\n\t\t<!-- Pagination -->\n\t<div class='ngg-clear'><\/div>\t<\/div>\n\n","protected":false},"excerpt":{"rendered":"<p>Heute steigen wir von Arure hinab ins Valle Gran Rey mit herrlichen Aussichten. Das Tal wurde ber\u00fchmt durch seinen steilen Terassenanbau von Avocados und Datteln. Ebenso ist der Palmhonig eine Spezialit\u00e4t dieser Gegend. Am Ende der Wanderung besteht die M\u00f6glichkeit zum Baden am schwarzen Sandstrand.Gehzeit ca. 3,5 h \/ Strecke 9 km \/ H\u00f6henmeter +120 [&hellip;]<\/p>\n","protected":false},"author":1,"featured_media":0,"parent":62265,"menu_order":3,"comment_status":"closed","ping_status":"closed","template":"","meta":{"ngg_post_thumbnail":0},"_links":{"self":[{"href":"https:\/\/www.freimarianne.ch\/index.php?rest_route=\/wp\/v2\/pages\/62277"}],"collection":[{"href":"https:\/\/www.freimarianne.ch\/index.php?rest_route=\/wp\/v2\/pages"}],"about":[{"href":"https:\/\/www.freimarianne.ch\/index.php?rest_route=\/wp\/v2\/types\/page"}],"author":[{"embeddable":true,"href":"https:\/\/www.freimarianne.ch\/index.php?rest_route=\/wp\/v2\/users\/1"}],"replies":[{"embeddable":true,"href":"https:\/\/www.freimarianne.ch\/index.php?rest_route=%2Fwp%2Fv2%2Fcomments&post=62277"}],"version-history":[{"count":4,"href":"https:\/\/www.freimarianne.ch\/index.php?rest_route=\/wp\/v2\/pages\/62277\/revisions"}],"predecessor-version":[{"id":62522,"href":"https:\/\/www.freimarianne.ch\/index.php?rest_route=\/wp\/v2\/pages\/62277\/revisions\/62522"}],"up":[{"embeddable":true,"href":"https:\/\/www.freimarianne.ch\/index.php?rest_route=\/wp\/v2\/pages\/62265"}],"wp:attachment":[{"href":"https:\/\/www.freimarianne.ch\/index.php?rest_route=%2Fwp%2Fv2%2Fmedia&parent=62277"}],"curies":[{"name":"wp","href":"https:\/\/api.w.org\/{rel}","templated":true}]}}