{"id":62307,"date":"2023-06-03T10:51:09","date_gmt":"2023-06-03T09:51:09","guid":{"rendered":"http:\/\/www.freimarianne.ch\/?page_id=62307"},"modified":"2023-06-08T07:51:42","modified_gmt":"2023-06-08T06:51:42","slug":"fuerteventura-sonntag-07-05-23-wanderung-montana-roja-barranco-las-pilas-7-5-2023","status":"publish","type":"page","link":"https:\/\/www.freimarianne.ch\/?page_id=62307","title":{"rendered":"Fuerteventura: Wanderung Monta\u00f1a Roja \u2013 Barranco Las Pilas 7.5.2023"},"content":{"rendered":"\n<p>Die Ostk\u00fcste wandern wir entlang bis es hinauf geht auf die Monta\u00f1a Roja, die ihren Namen der sch\u00f6nen roten F\u00e4rbung verdankt. Danach steigen wir ab in den Barranco de los Pilas.<br>Gehzeit: ca. 4 Std. \/ Strecke: 10km \/ H\u00f6henmeter: +300\/-250Hm<\/p>\n\n\n\n<!-- index.php -->\n<div\n\tclass=\"ngg-galleryoverview ngg-ajax-pagination-none\"\n\tid=\"ngg-gallery-ab877c7f5f49137f7276319b72a9977c-1\">\n\n    \t<div class=\"slideshowlink\">\n        <a href='https:\/\/www.freimarianne.ch\/index.php\/nggallery\/slideshow?page_id=62307'>[Show as slideshow]<\/a>\n\t\t\n\t<\/div>\n\t\t\t<!-- Thumbnails -->\n\t\t\t\t<div id=\"ngg-image-0\" class=\"ngg-gallery-thumbnail-box\" >\n\t\t\t\t        <div class=\"ngg-gallery-thumbnail\">\n            <a href=\"https:\/\/www.freimarianne.ch\/wp-content\/gallery\/montagna-roja-7-5-23\/IMG_3881.jpeg\"\n               title=\"unser Ziel:  Monta\u00f1a Roja\"\n               data-src=\"https:\/\/www.freimarianne.ch\/wp-content\/gallery\/montagna-roja-7-5-23\/IMG_3881.jpeg\"\n               data-thumbnail=\"https:\/\/www.freimarianne.ch\/wp-content\/gallery\/montagna-roja-7-5-23\/thumbs\/thumbs_IMG_3881.jpeg\"\n               data-image-id=\"31178\"\n               data-title=\"IMG_3881\"\n               data-description=\"unser Ziel:  Monta\u00f1a Roja\"\n               data-image-slug=\"img_3881-5\"\n               class=\"shutterset_ab877c7f5f49137f7276319b72a9977c\">\n                <img\n                    title=\"IMG_3881\"\n                    alt=\"IMG_3881\"\n                    src=\"https:\/\/www.freimarianne.ch\/wp-content\/gallery\/montagna-roja-7-5-23\/cache\/IMG_3881.jpeg-nggid0531178-ngg0dyn-100x75x100-00f0w010c010r110f110r010t010.jpeg\"\n                    width=\"100\"\n                    height=\"75\"\n                    style=\"max-width:100%;\"\n                \/>\n            <\/a>\n        <\/div>\n\t\t\t\t\t\t\t<\/div> \n\t\t\t\n                            \n\t\t\t\t<div id=\"ngg-image-1\" class=\"ngg-gallery-thumbnail-box\" >\n\t\t\t\t        <div class=\"ngg-gallery-thumbnail\">\n            <a href=\"https:\/\/www.freimarianne.ch\/wp-content\/gallery\/montagna-roja-7-5-23\/IMG_3882.jpeg\"\n               title=\"K\u00fcstenwanderung\"\n               data-src=\"https:\/\/www.freimarianne.ch\/wp-content\/gallery\/montagna-roja-7-5-23\/IMG_3882.jpeg\"\n               data-thumbnail=\"https:\/\/www.freimarianne.ch\/wp-content\/gallery\/montagna-roja-7-5-23\/thumbs\/thumbs_IMG_3882.jpeg\"\n               data-image-id=\"31179\"\n               data-title=\"IMG_3882\"\n               data-description=\"K\u00fcstenwanderung\"\n               data-image-slug=\"img_3882-6\"\n               class=\"shutterset_ab877c7f5f49137f7276319b72a9977c\">\n                <img\n                    title=\"IMG_3882\"\n                    alt=\"IMG_3882\"\n                    src=\"https:\/\/www.freimarianne.ch\/wp-content\/gallery\/montagna-roja-7-5-23\/cache\/IMG_3882.jpeg-nggid0531179-ngg0dyn-100x75x100-00f0w010c010r110f110r010t010.jpeg\"\n                    width=\"100\"\n                    height=\"75\"\n                    style=\"max-width:100%;\"\n                \/>\n            <\/a>\n        <\/div>\n\t\t\t\t\t\t\t<\/div> \n\t\t\t\n                            \n\t\t\t\t<div id=\"ngg-image-2\" class=\"ngg-gallery-thumbnail-box\" >\n\t\t\t\t        <div class=\"ngg-gallery-thumbnail\">\n            <a href=\"https:\/\/www.freimarianne.ch\/wp-content\/gallery\/montagna-roja-7-5-23\/IMG_3885.jpeg\"\n               title=\"Monta\u00f1a Roja\"\n               data-src=\"https:\/\/www.freimarianne.ch\/wp-content\/gallery\/montagna-roja-7-5-23\/IMG_3885.jpeg\"\n               data-thumbnail=\"https:\/\/www.freimarianne.ch\/wp-content\/gallery\/montagna-roja-7-5-23\/thumbs\/thumbs_IMG_3885.jpeg\"\n               data-image-id=\"31177\"\n               data-title=\"IMG_3885\"\n               data-description=\"Monta\u00f1a Roja\"\n               data-image-slug=\"img_3885-3\"\n               class=\"shutterset_ab877c7f5f49137f7276319b72a9977c\">\n                <img\n                    title=\"IMG_3885\"\n                    alt=\"IMG_3885\"\n                    src=\"https:\/\/www.freimarianne.ch\/wp-content\/gallery\/montagna-roja-7-5-23\/cache\/IMG_3885.jpeg-nggid0531177-ngg0dyn-100x75x100-00f0w010c010r110f110r010t010.jpeg\"\n                    width=\"100\"\n                    height=\"75\"\n                    style=\"max-width:100%;\"\n                \/>\n            <\/a>\n        <\/div>\n\t\t\t\t\t\t\t<\/div> \n\t\t\t\n                            \n\t\t\t\t<div id=\"ngg-image-3\" class=\"ngg-gallery-thumbnail-box\" >\n\t\t\t\t        <div class=\"ngg-gallery-thumbnail\">\n            <a href=\"https:\/\/www.freimarianne.ch\/wp-content\/gallery\/montagna-roja-7-5-23\/IMG_3892.jpeg\"\n               title=\"Blick auf die K\u00fcste\"\n               data-src=\"https:\/\/www.freimarianne.ch\/wp-content\/gallery\/montagna-roja-7-5-23\/IMG_3892.jpeg\"\n               data-thumbnail=\"https:\/\/www.freimarianne.ch\/wp-content\/gallery\/montagna-roja-7-5-23\/thumbs\/thumbs_IMG_3892.jpeg\"\n               data-image-id=\"31176\"\n               data-title=\"IMG_3892\"\n               data-description=\"Blick auf die K\u00fcste\"\n               data-image-slug=\"img_3892-4\"\n               class=\"shutterset_ab877c7f5f49137f7276319b72a9977c\">\n                <img\n                    title=\"IMG_3892\"\n                    alt=\"IMG_3892\"\n                    src=\"https:\/\/www.freimarianne.ch\/wp-content\/gallery\/montagna-roja-7-5-23\/cache\/IMG_3892.jpeg-nggid0531176-ngg0dyn-100x75x100-00f0w010c010r110f110r010t010.jpeg\"\n                    width=\"100\"\n                    height=\"75\"\n                    style=\"max-width:100%;\"\n                \/>\n            <\/a>\n        <\/div>\n\t\t\t\t\t\t\t<\/div> \n\t\t\t\n                                    <br style=\"clear: both\" \/>\n                    \n\t\t\t\t<div id=\"ngg-image-4\" class=\"ngg-gallery-thumbnail-box\" >\n\t\t\t\t        <div class=\"ngg-gallery-thumbnail\">\n            <a href=\"https:\/\/www.freimarianne.ch\/wp-content\/gallery\/montagna-roja-7-5-23\/IMG_3896.jpeg\"\n               title=\"zum Barranco de los Pilas\"\n               data-src=\"https:\/\/www.freimarianne.ch\/wp-content\/gallery\/montagna-roja-7-5-23\/IMG_3896.jpeg\"\n               data-thumbnail=\"https:\/\/www.freimarianne.ch\/wp-content\/gallery\/montagna-roja-7-5-23\/thumbs\/thumbs_IMG_3896.jpeg\"\n               data-image-id=\"31175\"\n               data-title=\"IMG_3896\"\n               data-description=\"zum Barranco de los Pilas\"\n               data-image-slug=\"img_3896-4\"\n               class=\"shutterset_ab877c7f5f49137f7276319b72a9977c\">\n                <img\n                    title=\"IMG_3896\"\n                    alt=\"IMG_3896\"\n                    src=\"https:\/\/www.freimarianne.ch\/wp-content\/gallery\/montagna-roja-7-5-23\/cache\/IMG_3896.jpeg-nggid0531175-ngg0dyn-100x75x100-00f0w010c010r110f110r010t010.jpeg\"\n                    width=\"100\"\n                    height=\"75\"\n                    style=\"max-width:100%;\"\n                \/>\n            <\/a>\n        <\/div>\n\t\t\t\t\t\t\t<\/div> \n\t\t\t\n                            \n\t\t\t\t<div id=\"ngg-image-5\" class=\"ngg-gallery-thumbnail-box\" >\n\t\t\t\t        <div class=\"ngg-gallery-thumbnail\">\n            <a href=\"https:\/\/www.freimarianne.ch\/wp-content\/gallery\/montagna-roja-7-5-23\/IMG_3897.jpeg\"\n               title=\"Barranco de los Pilas\"\n               data-src=\"https:\/\/www.freimarianne.ch\/wp-content\/gallery\/montagna-roja-7-5-23\/IMG_3897.jpeg\"\n               data-thumbnail=\"https:\/\/www.freimarianne.ch\/wp-content\/gallery\/montagna-roja-7-5-23\/thumbs\/thumbs_IMG_3897.jpeg\"\n               data-image-id=\"31174\"\n               data-title=\"IMG_3897\"\n               data-description=\"Barranco de los Pilas\"\n               data-image-slug=\"img_3897-6\"\n               class=\"shutterset_ab877c7f5f49137f7276319b72a9977c\">\n                <img\n                    title=\"IMG_3897\"\n                    alt=\"IMG_3897\"\n                    src=\"https:\/\/www.freimarianne.ch\/wp-content\/gallery\/montagna-roja-7-5-23\/cache\/IMG_3897.jpeg-nggid0531174-ngg0dyn-100x75x100-00f0w010c010r110f110r010t010.jpeg\"\n                    width=\"100\"\n                    height=\"75\"\n                    style=\"max-width:100%;\"\n                \/>\n            <\/a>\n        <\/div>\n\t\t\t\t\t\t\t<\/div> \n\t\t\t\n                            \n\t\t\t\t<div id=\"ngg-image-6\" class=\"ngg-gallery-thumbnail-box\" >\n\t\t\t\t        <div class=\"ngg-gallery-thumbnail\">\n            <a href=\"https:\/\/www.freimarianne.ch\/wp-content\/gallery\/montagna-roja-7-5-23\/IMG_4466.jpeg\"\n               title=\"Barranco de los Pilas\"\n               data-src=\"https:\/\/www.freimarianne.ch\/wp-content\/gallery\/montagna-roja-7-5-23\/IMG_4466.jpeg\"\n               data-thumbnail=\"https:\/\/www.freimarianne.ch\/wp-content\/gallery\/montagna-roja-7-5-23\/thumbs\/thumbs_IMG_4466.jpeg\"\n               data-image-id=\"31173\"\n               data-title=\"IMG_4466\"\n               data-description=\"Barranco de los Pilas\"\n               data-image-slug=\"img_4466-1\"\n               class=\"shutterset_ab877c7f5f49137f7276319b72a9977c\">\n                <img\n                    title=\"IMG_4466\"\n                    alt=\"IMG_4466\"\n                    src=\"https:\/\/www.freimarianne.ch\/wp-content\/gallery\/montagna-roja-7-5-23\/cache\/IMG_4466.jpeg-nggid0531173-ngg0dyn-100x75x100-00f0w010c010r110f110r010t010.jpeg\"\n                    width=\"100\"\n                    height=\"60\"\n                    style=\"max-width:100%;\"\n                \/>\n            <\/a>\n        <\/div>\n\t\t\t\t\t\t\t<\/div> \n\t\t\t\n                            \n\t\t\t\t<div id=\"ngg-image-7\" class=\"ngg-gallery-thumbnail-box\" >\n\t\t\t\t        <div class=\"ngg-gallery-thumbnail\">\n            <a href=\"https:\/\/www.freimarianne.ch\/wp-content\/gallery\/montagna-roja-7-5-23\/IMG_3903.jpeg\"\n               title=\"Barranco de los Pilas\"\n               data-src=\"https:\/\/www.freimarianne.ch\/wp-content\/gallery\/montagna-roja-7-5-23\/IMG_3903.jpeg\"\n               data-thumbnail=\"https:\/\/www.freimarianne.ch\/wp-content\/gallery\/montagna-roja-7-5-23\/thumbs\/thumbs_IMG_3903.jpeg\"\n               data-image-id=\"31172\"\n               data-title=\"IMG_3903\"\n               data-description=\"Barranco de los Pilas\"\n               data-image-slug=\"img_3903-7\"\n               class=\"shutterset_ab877c7f5f49137f7276319b72a9977c\">\n                <img\n                    title=\"IMG_3903\"\n                    alt=\"IMG_3903\"\n                    src=\"https:\/\/www.freimarianne.ch\/wp-content\/gallery\/montagna-roja-7-5-23\/cache\/IMG_3903.jpeg-nggid0531172-ngg0dyn-100x75x100-00f0w010c010r110f110r010t010.jpeg\"\n                    width=\"100\"\n                    height=\"75\"\n                    style=\"max-width:100%;\"\n                \/>\n            <\/a>\n        <\/div>\n\t\t\t\t\t\t\t<\/div> \n\t\t\t\n                                    <br style=\"clear: both\" \/>\n                    \n\t\t\t\t<div id=\"ngg-image-8\" class=\"ngg-gallery-thumbnail-box\" >\n\t\t\t\t        <div class=\"ngg-gallery-thumbnail\">\n            <a href=\"https:\/\/www.freimarianne.ch\/wp-content\/gallery\/montagna-roja-7-5-23\/IMG_4468.jpeg\"\n               title=\"Barranco de los Pilas\"\n               data-src=\"https:\/\/www.freimarianne.ch\/wp-content\/gallery\/montagna-roja-7-5-23\/IMG_4468.jpeg\"\n               data-thumbnail=\"https:\/\/www.freimarianne.ch\/wp-content\/gallery\/montagna-roja-7-5-23\/thumbs\/thumbs_IMG_4468.jpeg\"\n               data-image-id=\"31168\"\n               data-title=\"IMG_4468\"\n               data-description=\"Barranco de los Pilas\"\n               data-image-slug=\"img_4468-3\"\n               class=\"shutterset_ab877c7f5f49137f7276319b72a9977c\">\n                <img\n                    title=\"IMG_4468\"\n                    alt=\"IMG_4468\"\n                    src=\"https:\/\/www.freimarianne.ch\/wp-content\/gallery\/montagna-roja-7-5-23\/cache\/IMG_4468.jpeg-nggid0531168-ngg0dyn-100x75x100-00f0w010c010r110f110r010t010.jpeg\"\n                    width=\"100\"\n                    height=\"75\"\n                    style=\"max-width:100%;\"\n                \/>\n            <\/a>\n        <\/div>\n\t\t\t\t\t\t\t<\/div> \n\t\t\t\n                            \n\t\t\t\t<div id=\"ngg-image-9\" class=\"ngg-gallery-thumbnail-box\" >\n\t\t\t\t        <div class=\"ngg-gallery-thumbnail\">\n            <a href=\"https:\/\/www.freimarianne.ch\/wp-content\/gallery\/montagna-roja-7-5-23\/IMG_3908.jpeg\"\n               title=\"Barranco de los Pilas\"\n               data-src=\"https:\/\/www.freimarianne.ch\/wp-content\/gallery\/montagna-roja-7-5-23\/IMG_3908.jpeg\"\n               data-thumbnail=\"https:\/\/www.freimarianne.ch\/wp-content\/gallery\/montagna-roja-7-5-23\/thumbs\/thumbs_IMG_3908.jpeg\"\n               data-image-id=\"31169\"\n               data-title=\"IMG_3908\"\n               data-description=\"Barranco de los Pilas\"\n               data-image-slug=\"img_3908-2\"\n               class=\"shutterset_ab877c7f5f49137f7276319b72a9977c\">\n                <img\n                    title=\"IMG_3908\"\n                    alt=\"IMG_3908\"\n                    src=\"https:\/\/www.freimarianne.ch\/wp-content\/gallery\/montagna-roja-7-5-23\/cache\/IMG_3908.jpeg-nggid0531169-ngg0dyn-100x75x100-00f0w010c010r110f110r010t010.jpeg\"\n                    width=\"100\"\n                    height=\"75\"\n                    style=\"max-width:100%;\"\n                \/>\n            <\/a>\n        <\/div>\n\t\t\t\t\t\t\t<\/div> \n\t\t\t\n                            \n\t\t\t\t<div id=\"ngg-image-10\" class=\"ngg-gallery-thumbnail-box\" >\n\t\t\t\t        <div class=\"ngg-gallery-thumbnail\">\n            <a href=\"https:\/\/www.freimarianne.ch\/wp-content\/gallery\/montagna-roja-7-5-23\/IMG_3913.jpeg\"\n               title=\"Barranco de los Pilas\"\n               data-src=\"https:\/\/www.freimarianne.ch\/wp-content\/gallery\/montagna-roja-7-5-23\/IMG_3913.jpeg\"\n               data-thumbnail=\"https:\/\/www.freimarianne.ch\/wp-content\/gallery\/montagna-roja-7-5-23\/thumbs\/thumbs_IMG_3913.jpeg\"\n               data-image-id=\"31171\"\n               data-title=\"IMG_3913\"\n               data-description=\"Barranco de los Pilas\"\n               data-image-slug=\"img_3913-2\"\n               class=\"shutterset_ab877c7f5f49137f7276319b72a9977c\">\n                <img\n                    title=\"IMG_3913\"\n                    alt=\"IMG_3913\"\n                    src=\"https:\/\/www.freimarianne.ch\/wp-content\/gallery\/montagna-roja-7-5-23\/cache\/IMG_3913.jpeg-nggid0531171-ngg0dyn-100x75x100-00f0w010c010r110f110r010t010.jpeg\"\n                    width=\"100\"\n                    height=\"75\"\n                    style=\"max-width:100%;\"\n                \/>\n            <\/a>\n        <\/div>\n\t\t\t\t\t\t\t<\/div> \n\t\t\t\n                            \n\t\t\t\t<div id=\"ngg-image-11\" class=\"ngg-gallery-thumbnail-box\" >\n\t\t\t\t        <div class=\"ngg-gallery-thumbnail\">\n            <a href=\"https:\/\/www.freimarianne.ch\/wp-content\/gallery\/montagna-roja-7-5-23\/IMG_3918.jpeg\"\n               title=\"Barranco de los Pilas und Monta\u00f1a Roja\"\n               data-src=\"https:\/\/www.freimarianne.ch\/wp-content\/gallery\/montagna-roja-7-5-23\/IMG_3918.jpeg\"\n               data-thumbnail=\"https:\/\/www.freimarianne.ch\/wp-content\/gallery\/montagna-roja-7-5-23\/thumbs\/thumbs_IMG_3918.jpeg\"\n               data-image-id=\"31170\"\n               data-title=\"IMG_3918\"\n               data-description=\"Barranco de los Pilas und Monta\u00f1a Roja\"\n               data-image-slug=\"img_3918-6\"\n               class=\"shutterset_ab877c7f5f49137f7276319b72a9977c\">\n                <img\n                    title=\"IMG_3918\"\n                    alt=\"IMG_3918\"\n                    src=\"https:\/\/www.freimarianne.ch\/wp-content\/gallery\/montagna-roja-7-5-23\/cache\/IMG_3918.jpeg-nggid0531170-ngg0dyn-100x75x100-00f0w010c010r110f110r010t010.jpeg\"\n                    width=\"100\"\n                    height=\"75\"\n                    style=\"max-width:100%;\"\n                \/>\n            <\/a>\n        <\/div>\n\t\t\t\t\t\t\t<\/div> \n\t\t\t\n                                    <br style=\"clear: both\" \/>\n                    \n\t\t\t\t<div id=\"ngg-image-12\" class=\"ngg-gallery-thumbnail-box\" >\n\t\t\t\t        <div class=\"ngg-gallery-thumbnail\">\n            <a href=\"https:\/\/www.freimarianne.ch\/wp-content\/gallery\/montagna-roja-7-5-23\/IMG_3925.jpeg\"\n               title=\"wildes Meer\"\n               data-src=\"https:\/\/www.freimarianne.ch\/wp-content\/gallery\/montagna-roja-7-5-23\/IMG_3925.jpeg\"\n               data-thumbnail=\"https:\/\/www.freimarianne.ch\/wp-content\/gallery\/montagna-roja-7-5-23\/thumbs\/thumbs_IMG_3925.jpeg\"\n               data-image-id=\"31167\"\n               data-title=\"IMG_3925\"\n               data-description=\"wildes Meer\"\n               data-image-slug=\"img_3925-4\"\n               class=\"shutterset_ab877c7f5f49137f7276319b72a9977c\">\n                <img\n                    title=\"IMG_3925\"\n                    alt=\"IMG_3925\"\n                    src=\"https:\/\/www.freimarianne.ch\/wp-content\/gallery\/montagna-roja-7-5-23\/cache\/IMG_3925.jpeg-nggid0531167-ngg0dyn-100x75x100-00f0w010c010r110f110r010t010.jpeg\"\n                    width=\"100\"\n                    height=\"75\"\n                    style=\"max-width:100%;\"\n                \/>\n            <\/a>\n        <\/div>\n\t\t\t\t\t\t\t<\/div> \n\t\t\t\n                            \n\t\t\t\t<div id=\"ngg-image-13\" class=\"ngg-gallery-thumbnail-box\" >\n\t\t\t\t        <div class=\"ngg-gallery-thumbnail\">\n            <a href=\"https:\/\/www.freimarianne.ch\/wp-content\/gallery\/montagna-roja-7-5-23\/IMG_4473.jpeg\"\n               title=\"D\u00fcnen\"\n               data-src=\"https:\/\/www.freimarianne.ch\/wp-content\/gallery\/montagna-roja-7-5-23\/IMG_4473.jpeg\"\n               data-thumbnail=\"https:\/\/www.freimarianne.ch\/wp-content\/gallery\/montagna-roja-7-5-23\/thumbs\/thumbs_IMG_4473.jpeg\"\n               data-image-id=\"31166\"\n               data-title=\"IMG_4473\"\n               data-description=\"D\u00fcnen\"\n               data-image-slug=\"img_4473-3\"\n               class=\"shutterset_ab877c7f5f49137f7276319b72a9977c\">\n                <img\n                    title=\"IMG_4473\"\n                    alt=\"IMG_4473\"\n                    src=\"https:\/\/www.freimarianne.ch\/wp-content\/gallery\/montagna-roja-7-5-23\/cache\/IMG_4473.jpeg-nggid0531166-ngg0dyn-100x75x100-00f0w010c010r110f110r010t010.jpeg\"\n                    width=\"100\"\n                    height=\"55\"\n                    style=\"max-width:100%;\"\n                \/>\n            <\/a>\n        <\/div>\n\t\t\t\t\t\t\t<\/div> \n\t\t\t\n                            \n\t\t\n\t\t<!-- Pagination -->\n\t<div class='ngg-clear'><\/div>\t<\/div>\n\n","protected":false},"excerpt":{"rendered":"<p>Die Ostk\u00fcste wandern wir entlang bis es hinauf geht auf die Monta\u00f1a Roja, die ihren Namen der sch\u00f6nen roten F\u00e4rbung verdankt. Danach steigen wir ab in den Barranco de los Pilas.Gehzeit: ca. 4 Std. \/ Strecke: 10km \/ H\u00f6henmeter: +300\/-250Hm<\/p>\n","protected":false},"author":1,"featured_media":0,"parent":62265,"menu_order":10,"comment_status":"closed","ping_status":"closed","template":"","meta":{"ngg_post_thumbnail":0},"_links":{"self":[{"href":"https:\/\/www.freimarianne.ch\/index.php?rest_route=\/wp\/v2\/pages\/62307"}],"collection":[{"href":"https:\/\/www.freimarianne.ch\/index.php?rest_route=\/wp\/v2\/pages"}],"about":[{"href":"https:\/\/www.freimarianne.ch\/index.php?rest_route=\/wp\/v2\/types\/page"}],"author":[{"embeddable":true,"href":"https:\/\/www.freimarianne.ch\/index.php?rest_route=\/wp\/v2\/users\/1"}],"replies":[{"embeddable":true,"href":"https:\/\/www.freimarianne.ch\/index.php?rest_route=%2Fwp%2Fv2%2Fcomments&post=62307"}],"version-history":[{"count":3,"href":"https:\/\/www.freimarianne.ch\/index.php?rest_route=\/wp\/v2\/pages\/62307\/revisions"}],"predecessor-version":[{"id":62532,"href":"https:\/\/www.freimarianne.ch\/index.php?rest_route=\/wp\/v2\/pages\/62307\/revisions\/62532"}],"up":[{"embeddable":true,"href":"https:\/\/www.freimarianne.ch\/index.php?rest_route=\/wp\/v2\/pages\/62265"}],"wp:attachment":[{"href":"https:\/\/www.freimarianne.ch\/index.php?rest_route=%2Fwp%2Fv2%2Fmedia&parent=62307"}],"curies":[{"name":"wp","href":"https:\/\/api.w.org\/{rel}","templated":true}]}}