{"id":62309,"date":"2023-06-03T10:53:43","date_gmt":"2023-06-03T09:53:43","guid":{"rendered":"http:\/\/www.freimarianne.ch\/?page_id=62309"},"modified":"2023-06-08T07:52:56","modified_gmt":"2023-06-08T06:52:56","slug":"fuerteventura-wanderung-el-cotillo-playa-del-aguila-8-5-2023","status":"publish","type":"page","link":"https:\/\/www.freimarianne.ch\/?page_id=62309","title":{"rendered":"Fuerteventura: Wanderung El Cotillo \u2013 Playa del Aguila, 8.5.2023"},"content":{"rendered":"\n<p>Cotillo liegt  an der rauen Westk\u00fcste von Fuerteventura. Der Ort war bis vor Kurzem ein verschlafenes Fischerdorf ist aber heute bei Surfern und Kitern sehr beliebt. Der Weg f\u00fchrt uns entlang der Klippen mit st\u00e4ndigem Blick auf dem tosenden Meer. \u00dcber steile Treppen gelangt man hinunter zum Strand wo wir eine Pause nehmen bevor unsere R\u00fcckehr.<br>Gehzeit: ca. 3 Std. \/ Strecke: 8 km \/ H\u00f6henmeter: +100Hm \/ -100Hm<\/p>\n\n\n\n<!-- index.php -->\n<div\n\tclass=\"ngg-galleryoverview ngg-ajax-pagination-none\"\n\tid=\"ngg-gallery-ddbcc45d951d5c191ce2b0e18a9e95b1-1\">\n\n    \t<div class=\"slideshowlink\">\n        <a href='https:\/\/www.freimarianne.ch\/index.php\/nggallery\/slideshow?page_id=62309'>[Show as slideshow]<\/a>\n\t\t\n\t<\/div>\n\t\t\t<!-- Thumbnails -->\n\t\t\t\t<div id=\"ngg-image-0\" class=\"ngg-gallery-thumbnail-box\" >\n\t\t\t\t        <div class=\"ngg-gallery-thumbnail\">\n            <a href=\"https:\/\/www.freimarianne.ch\/wp-content\/gallery\/el-cotillo-8-5-23\/IMG_3926.jpeg\"\n               title=\"Hafen von El Cotillo\"\n               data-src=\"https:\/\/www.freimarianne.ch\/wp-content\/gallery\/el-cotillo-8-5-23\/IMG_3926.jpeg\"\n               data-thumbnail=\"https:\/\/www.freimarianne.ch\/wp-content\/gallery\/el-cotillo-8-5-23\/thumbs\/thumbs_IMG_3926.jpeg\"\n               data-image-id=\"31197\"\n               data-title=\"IMG_3926\"\n               data-description=\"Hafen von El Cotillo\"\n               data-image-slug=\"img_3926-7\"\n               class=\"shutterset_ddbcc45d951d5c191ce2b0e18a9e95b1\">\n                <img\n                    title=\"IMG_3926\"\n                    alt=\"IMG_3926\"\n                    src=\"https:\/\/www.freimarianne.ch\/wp-content\/gallery\/el-cotillo-8-5-23\/cache\/IMG_3926.jpeg-nggid0531197-ngg0dyn-100x75x100-00f0w010c010r110f110r010t010.jpeg\"\n                    width=\"100\"\n                    height=\"75\"\n                    style=\"max-width:100%;\"\n                \/>\n            <\/a>\n        <\/div>\n\t\t\t\t\t\t\t<\/div> \n\t\t\t\n                            \n\t\t\t\t<div id=\"ngg-image-1\" class=\"ngg-gallery-thumbnail-box\" >\n\t\t\t\t        <div class=\"ngg-gallery-thumbnail\">\n            <a href=\"https:\/\/www.freimarianne.ch\/wp-content\/gallery\/el-cotillo-8-5-23\/IMG_3931.jpeg\"\n               title=\"Sicht auf den Strand von El Cotillo\"\n               data-src=\"https:\/\/www.freimarianne.ch\/wp-content\/gallery\/el-cotillo-8-5-23\/IMG_3931.jpeg\"\n               data-thumbnail=\"https:\/\/www.freimarianne.ch\/wp-content\/gallery\/el-cotillo-8-5-23\/thumbs\/thumbs_IMG_3931.jpeg\"\n               data-image-id=\"31196\"\n               data-title=\"IMG_3931\"\n               data-description=\"Sicht auf den Strand von El Cotillo\"\n               data-image-slug=\"img_3931-8\"\n               class=\"shutterset_ddbcc45d951d5c191ce2b0e18a9e95b1\">\n                <img\n                    title=\"IMG_3931\"\n                    alt=\"IMG_3931\"\n                    src=\"https:\/\/www.freimarianne.ch\/wp-content\/gallery\/el-cotillo-8-5-23\/cache\/IMG_3931.jpeg-nggid0531196-ngg0dyn-100x75x100-00f0w010c010r110f110r010t010.jpeg\"\n                    width=\"100\"\n                    height=\"75\"\n                    style=\"max-width:100%;\"\n                \/>\n            <\/a>\n        <\/div>\n\t\t\t\t\t\t\t<\/div> \n\t\t\t\n                            \n\t\t\t\t<div id=\"ngg-image-2\" class=\"ngg-gallery-thumbnail-box\" >\n\t\t\t\t        <div class=\"ngg-gallery-thumbnail\">\n            <a href=\"https:\/\/www.freimarianne.ch\/wp-content\/gallery\/el-cotillo-8-5-23\/IMG_3933.jpeg\"\n               title=\"\"\n               data-src=\"https:\/\/www.freimarianne.ch\/wp-content\/gallery\/el-cotillo-8-5-23\/IMG_3933.jpeg\"\n               data-thumbnail=\"https:\/\/www.freimarianne.ch\/wp-content\/gallery\/el-cotillo-8-5-23\/thumbs\/thumbs_IMG_3933.jpeg\"\n               data-image-id=\"31195\"\n               data-title=\"IMG_3933\"\n               data-description=\"\"\n               data-image-slug=\"img_3933-3\"\n               class=\"shutterset_ddbcc45d951d5c191ce2b0e18a9e95b1\">\n                <img\n                    title=\"IMG_3933\"\n                    alt=\"IMG_3933\"\n                    src=\"https:\/\/www.freimarianne.ch\/wp-content\/gallery\/el-cotillo-8-5-23\/cache\/IMG_3933.jpeg-nggid0531195-ngg0dyn-100x75x100-00f0w010c010r110f110r010t010.jpeg\"\n                    width=\"100\"\n                    height=\"75\"\n                    style=\"max-width:100%;\"\n                \/>\n            <\/a>\n        <\/div>\n\t\t\t\t\t\t\t<\/div> \n\t\t\t\n                            \n\t\t\t\t<div id=\"ngg-image-3\" class=\"ngg-gallery-thumbnail-box\" >\n\t\t\t\t        <div class=\"ngg-gallery-thumbnail\">\n            <a href=\"https:\/\/www.freimarianne.ch\/wp-content\/gallery\/el-cotillo-8-5-23\/IMG_3934.jpeg\"\n               title=\"Strand von  El Cotillo\"\n               data-src=\"https:\/\/www.freimarianne.ch\/wp-content\/gallery\/el-cotillo-8-5-23\/IMG_3934.jpeg\"\n               data-thumbnail=\"https:\/\/www.freimarianne.ch\/wp-content\/gallery\/el-cotillo-8-5-23\/thumbs\/thumbs_IMG_3934.jpeg\"\n               data-image-id=\"31194\"\n               data-title=\"IMG_3934\"\n               data-description=\"Strand von  El Cotillo\"\n               data-image-slug=\"img_3934-3939\"\n               class=\"shutterset_ddbcc45d951d5c191ce2b0e18a9e95b1\">\n                <img\n                    title=\"IMG_3934\"\n                    alt=\"IMG_3934\"\n                    src=\"https:\/\/www.freimarianne.ch\/wp-content\/gallery\/el-cotillo-8-5-23\/cache\/IMG_3934.jpeg-nggid0531194-ngg0dyn-100x75x100-00f0w010c010r110f110r010t010.jpeg\"\n                    width=\"100\"\n                    height=\"57\"\n                    style=\"max-width:100%;\"\n                \/>\n            <\/a>\n        <\/div>\n\t\t\t\t\t\t\t<\/div> \n\t\t\t\n                                    <br style=\"clear: both\" \/>\n                    \n\t\t\t\t<div id=\"ngg-image-4\" class=\"ngg-gallery-thumbnail-box\" >\n\t\t\t\t        <div class=\"ngg-gallery-thumbnail\">\n            <a href=\"https:\/\/www.freimarianne.ch\/wp-content\/gallery\/el-cotillo-8-5-23\/IMG_3939.jpeg\"\n               title=\"Strand von  El Cotillo\"\n               data-src=\"https:\/\/www.freimarianne.ch\/wp-content\/gallery\/el-cotillo-8-5-23\/IMG_3939.jpeg\"\n               data-thumbnail=\"https:\/\/www.freimarianne.ch\/wp-content\/gallery\/el-cotillo-8-5-23\/thumbs\/thumbs_IMG_3939.jpeg\"\n               data-image-id=\"31193\"\n               data-title=\"IMG_3939\"\n               data-description=\"Strand von  El Cotillo\"\n               data-image-slug=\"img_3939-1\"\n               class=\"shutterset_ddbcc45d951d5c191ce2b0e18a9e95b1\">\n                <img\n                    title=\"IMG_3939\"\n                    alt=\"IMG_3939\"\n                    src=\"https:\/\/www.freimarianne.ch\/wp-content\/gallery\/el-cotillo-8-5-23\/cache\/IMG_3939.jpeg-nggid0531193-ngg0dyn-100x75x100-00f0w010c010r110f110r010t010.jpeg\"\n                    width=\"100\"\n                    height=\"75\"\n                    style=\"max-width:100%;\"\n                \/>\n            <\/a>\n        <\/div>\n\t\t\t\t\t\t\t<\/div> \n\t\t\t\n                            \n\t\t\t\t<div id=\"ngg-image-5\" class=\"ngg-gallery-thumbnail-box\" >\n\t\t\t\t        <div class=\"ngg-gallery-thumbnail\">\n            <a href=\"https:\/\/www.freimarianne.ch\/wp-content\/gallery\/el-cotillo-8-5-23\/IMG_3944.jpeg\"\n               title=\"Marianne am Strand von  El Cotillo\"\n               data-src=\"https:\/\/www.freimarianne.ch\/wp-content\/gallery\/el-cotillo-8-5-23\/IMG_3944.jpeg\"\n               data-thumbnail=\"https:\/\/www.freimarianne.ch\/wp-content\/gallery\/el-cotillo-8-5-23\/thumbs\/thumbs_IMG_3944.jpeg\"\n               data-image-id=\"31192\"\n               data-title=\"IMG_3944\"\n               data-description=\"Marianne am Strand von  El Cotillo\"\n               data-image-slug=\"img_3944\"\n               class=\"shutterset_ddbcc45d951d5c191ce2b0e18a9e95b1\">\n                <img\n                    title=\"IMG_3944\"\n                    alt=\"IMG_3944\"\n                    src=\"https:\/\/www.freimarianne.ch\/wp-content\/gallery\/el-cotillo-8-5-23\/cache\/IMG_3944.jpeg-nggid0531192-ngg0dyn-100x75x100-00f0w010c010r110f110r010t010.jpeg\"\n                    width=\"100\"\n                    height=\"66\"\n                    style=\"max-width:100%;\"\n                \/>\n            <\/a>\n        <\/div>\n\t\t\t\t\t\t\t<\/div> \n\t\t\t\n                            \n\t\t\t\t<div id=\"ngg-image-6\" class=\"ngg-gallery-thumbnail-box\" >\n\t\t\t\t        <div class=\"ngg-gallery-thumbnail\">\n            <a href=\"https:\/\/www.freimarianne.ch\/wp-content\/gallery\/el-cotillo-8-5-23\/IMG_4486.jpeg\"\n               title=\"\"\n               data-src=\"https:\/\/www.freimarianne.ch\/wp-content\/gallery\/el-cotillo-8-5-23\/IMG_4486.jpeg\"\n               data-thumbnail=\"https:\/\/www.freimarianne.ch\/wp-content\/gallery\/el-cotillo-8-5-23\/thumbs\/thumbs_IMG_4486.jpeg\"\n               data-image-id=\"31191\"\n               data-title=\"IMG_4486\"\n               data-description=\"\"\n               data-image-slug=\"img_4486-6\"\n               class=\"shutterset_ddbcc45d951d5c191ce2b0e18a9e95b1\">\n                <img\n                    title=\"IMG_4486\"\n                    alt=\"IMG_4486\"\n                    src=\"https:\/\/www.freimarianne.ch\/wp-content\/gallery\/el-cotillo-8-5-23\/cache\/IMG_4486.jpeg-nggid0531191-ngg0dyn-100x75x100-00f0w010c010r110f110r010t010.jpeg\"\n                    width=\"100\"\n                    height=\"75\"\n                    style=\"max-width:100%;\"\n                \/>\n            <\/a>\n        <\/div>\n\t\t\t\t\t\t\t<\/div> \n\t\t\t\n                            \n\t\t\t\t<div id=\"ngg-image-7\" class=\"ngg-gallery-thumbnail-box\" >\n\t\t\t\t        <div class=\"ngg-gallery-thumbnail\">\n            <a href=\"https:\/\/www.freimarianne.ch\/wp-content\/gallery\/el-cotillo-8-5-23\/IMG_3949.jpeg\"\n               title=\"am Strand von  El Cotillo\"\n               data-src=\"https:\/\/www.freimarianne.ch\/wp-content\/gallery\/el-cotillo-8-5-23\/IMG_3949.jpeg\"\n               data-thumbnail=\"https:\/\/www.freimarianne.ch\/wp-content\/gallery\/el-cotillo-8-5-23\/thumbs\/thumbs_IMG_3949.jpeg\"\n               data-image-id=\"31189\"\n               data-title=\"IMG_3949\"\n               data-description=\"am Strand von  El Cotillo\"\n               data-image-slug=\"img_3949-2\"\n               class=\"shutterset_ddbcc45d951d5c191ce2b0e18a9e95b1\">\n                <img\n                    title=\"IMG_3949\"\n                    alt=\"IMG_3949\"\n                    src=\"https:\/\/www.freimarianne.ch\/wp-content\/gallery\/el-cotillo-8-5-23\/cache\/IMG_3949.jpeg-nggid0531189-ngg0dyn-100x75x100-00f0w010c010r110f110r010t010.jpeg\"\n                    width=\"97\"\n                    height=\"75\"\n                    style=\"max-width:100%;\"\n                \/>\n            <\/a>\n        <\/div>\n\t\t\t\t\t\t\t<\/div> \n\t\t\t\n                                    <br style=\"clear: both\" \/>\n                    \n\t\t\t\t<div id=\"ngg-image-8\" class=\"ngg-gallery-thumbnail-box\" >\n\t\t\t\t        <div class=\"ngg-gallery-thumbnail\">\n            <a href=\"https:\/\/www.freimarianne.ch\/wp-content\/gallery\/el-cotillo-8-5-23\/IMG_3950.jpeg\"\n               title=\"am Strand von  El Cotillo\"\n               data-src=\"https:\/\/www.freimarianne.ch\/wp-content\/gallery\/el-cotillo-8-5-23\/IMG_3950.jpeg\"\n               data-thumbnail=\"https:\/\/www.freimarianne.ch\/wp-content\/gallery\/el-cotillo-8-5-23\/thumbs\/thumbs_IMG_3950.jpeg\"\n               data-image-id=\"31190\"\n               data-title=\"IMG_3950\"\n               data-description=\"am Strand von  El Cotillo\"\n               data-image-slug=\"img_3950-3\"\n               class=\"shutterset_ddbcc45d951d5c191ce2b0e18a9e95b1\">\n                <img\n                    title=\"IMG_3950\"\n                    alt=\"IMG_3950\"\n                    src=\"https:\/\/www.freimarianne.ch\/wp-content\/gallery\/el-cotillo-8-5-23\/cache\/IMG_3950.jpeg-nggid0531190-ngg0dyn-100x75x100-00f0w010c010r110f110r010t010.jpeg\"\n                    width=\"100\"\n                    height=\"75\"\n                    style=\"max-width:100%;\"\n                \/>\n            <\/a>\n        <\/div>\n\t\t\t\t\t\t\t<\/div> \n\t\t\t\n                            \n\t\t\t\t<div id=\"ngg-image-9\" class=\"ngg-gallery-thumbnail-box\" >\n\t\t\t\t        <div class=\"ngg-gallery-thumbnail\">\n            <a href=\"https:\/\/www.freimarianne.ch\/wp-content\/gallery\/el-cotillo-8-5-23\/IMG_3952.jpeg\"\n               title=\"am Strand von  El Cotillo\"\n               data-src=\"https:\/\/www.freimarianne.ch\/wp-content\/gallery\/el-cotillo-8-5-23\/IMG_3952.jpeg\"\n               data-thumbnail=\"https:\/\/www.freimarianne.ch\/wp-content\/gallery\/el-cotillo-8-5-23\/thumbs\/thumbs_IMG_3952.jpeg\"\n               data-image-id=\"31187\"\n               data-title=\"IMG_3952\"\n               data-description=\"am Strand von  El Cotillo\"\n               data-image-slug=\"img_3952-4\"\n               class=\"shutterset_ddbcc45d951d5c191ce2b0e18a9e95b1\">\n                <img\n                    title=\"IMG_3952\"\n                    alt=\"IMG_3952\"\n                    src=\"https:\/\/www.freimarianne.ch\/wp-content\/gallery\/el-cotillo-8-5-23\/cache\/IMG_3952.jpeg-nggid0531187-ngg0dyn-100x75x100-00f0w010c010r110f110r010t010.jpeg\"\n                    width=\"100\"\n                    height=\"62\"\n                    style=\"max-width:100%;\"\n                \/>\n            <\/a>\n        <\/div>\n\t\t\t\t\t\t\t<\/div> \n\t\t\t\n                            \n\t\t\t\t<div id=\"ngg-image-10\" class=\"ngg-gallery-thumbnail-box\" >\n\t\t\t\t        <div class=\"ngg-gallery-thumbnail\">\n            <a href=\"https:\/\/www.freimarianne.ch\/wp-content\/gallery\/el-cotillo-8-5-23\/IMG_4490.jpeg\"\n               title=\"\"\n               data-src=\"https:\/\/www.freimarianne.ch\/wp-content\/gallery\/el-cotillo-8-5-23\/IMG_4490.jpeg\"\n               data-thumbnail=\"https:\/\/www.freimarianne.ch\/wp-content\/gallery\/el-cotillo-8-5-23\/thumbs\/thumbs_IMG_4490.jpeg\"\n               data-image-id=\"31188\"\n               data-title=\"IMG_4490\"\n               data-description=\"\"\n               data-image-slug=\"img_4490-6\"\n               class=\"shutterset_ddbcc45d951d5c191ce2b0e18a9e95b1\">\n                <img\n                    title=\"IMG_4490\"\n                    alt=\"IMG_4490\"\n                    src=\"https:\/\/www.freimarianne.ch\/wp-content\/gallery\/el-cotillo-8-5-23\/cache\/IMG_4490.jpeg-nggid0531188-ngg0dyn-100x75x100-00f0w010c010r110f110r010t010.jpeg\"\n                    width=\"100\"\n                    height=\"75\"\n                    style=\"max-width:100%;\"\n                \/>\n            <\/a>\n        <\/div>\n\t\t\t\t\t\t\t<\/div> \n\t\t\t\n                            \n\t\t\t\t<div id=\"ngg-image-11\" class=\"ngg-gallery-thumbnail-box\" >\n\t\t\t\t        <div class=\"ngg-gallery-thumbnail\">\n            <a href=\"https:\/\/www.freimarianne.ch\/wp-content\/gallery\/el-cotillo-8-5-23\/IMG_3956.jpeg\"\n               title=\"\"\n               data-src=\"https:\/\/www.freimarianne.ch\/wp-content\/gallery\/el-cotillo-8-5-23\/IMG_3956.jpeg\"\n               data-thumbnail=\"https:\/\/www.freimarianne.ch\/wp-content\/gallery\/el-cotillo-8-5-23\/thumbs\/thumbs_IMG_3956.jpeg\"\n               data-image-id=\"31186\"\n               data-title=\"IMG_3956\"\n               data-description=\"\"\n               data-image-slug=\"img_3956-4\"\n               class=\"shutterset_ddbcc45d951d5c191ce2b0e18a9e95b1\">\n                <img\n                    title=\"IMG_3956\"\n                    alt=\"IMG_3956\"\n                    src=\"https:\/\/www.freimarianne.ch\/wp-content\/gallery\/el-cotillo-8-5-23\/cache\/IMG_3956.jpeg-nggid0531186-ngg0dyn-100x75x100-00f0w010c010r110f110r010t010.jpeg\"\n                    width=\"100\"\n                    height=\"75\"\n                    style=\"max-width:100%;\"\n                \/>\n            <\/a>\n        <\/div>\n\t\t\t\t\t\t\t<\/div> \n\t\t\t\n                                    <br style=\"clear: both\" \/>\n                    \n\t\t\t\t<div id=\"ngg-image-12\" class=\"ngg-gallery-thumbnail-box\" >\n\t\t\t\t        <div class=\"ngg-gallery-thumbnail\">\n            <a href=\"https:\/\/www.freimarianne.ch\/wp-content\/gallery\/el-cotillo-8-5-23\/IMG_3959.jpeg\"\n               title=\"\"\n               data-src=\"https:\/\/www.freimarianne.ch\/wp-content\/gallery\/el-cotillo-8-5-23\/IMG_3959.jpeg\"\n               data-thumbnail=\"https:\/\/www.freimarianne.ch\/wp-content\/gallery\/el-cotillo-8-5-23\/thumbs\/thumbs_IMG_3959.jpeg\"\n               data-image-id=\"31185\"\n               data-title=\"IMG_3959\"\n               data-description=\"\"\n               data-image-slug=\"img_3959-3\"\n               class=\"shutterset_ddbcc45d951d5c191ce2b0e18a9e95b1\">\n                <img\n                    title=\"IMG_3959\"\n                    alt=\"IMG_3959\"\n                    src=\"https:\/\/www.freimarianne.ch\/wp-content\/gallery\/el-cotillo-8-5-23\/cache\/IMG_3959.jpeg-nggid0531185-ngg0dyn-100x75x100-00f0w010c010r110f110r010t010.jpeg\"\n                    width=\"100\"\n                    height=\"75\"\n                    style=\"max-width:100%;\"\n                \/>\n            <\/a>\n        <\/div>\n\t\t\t\t\t\t\t<\/div> \n\t\t\t\n                            \n\t\t\t\t<div id=\"ngg-image-13\" class=\"ngg-gallery-thumbnail-box\" >\n\t\t\t\t        <div class=\"ngg-gallery-thumbnail\">\n            <a href=\"https:\/\/www.freimarianne.ch\/wp-content\/gallery\/el-cotillo-8-5-23\/IMG_3964.jpeg\"\n               title=\"\"\n               data-src=\"https:\/\/www.freimarianne.ch\/wp-content\/gallery\/el-cotillo-8-5-23\/IMG_3964.jpeg\"\n               data-thumbnail=\"https:\/\/www.freimarianne.ch\/wp-content\/gallery\/el-cotillo-8-5-23\/thumbs\/thumbs_IMG_3964.jpeg\"\n               data-image-id=\"31184\"\n               data-title=\"IMG_3964\"\n               data-description=\"\"\n               data-image-slug=\"img_3964-6\"\n               class=\"shutterset_ddbcc45d951d5c191ce2b0e18a9e95b1\">\n                <img\n                    title=\"IMG_3964\"\n                    alt=\"IMG_3964\"\n                    src=\"https:\/\/www.freimarianne.ch\/wp-content\/gallery\/el-cotillo-8-5-23\/cache\/IMG_3964.jpeg-nggid0531184-ngg0dyn-100x75x100-00f0w010c010r110f110r010t010.jpeg\"\n                    width=\"100\"\n                    height=\"75\"\n                    style=\"max-width:100%;\"\n                \/>\n            <\/a>\n        <\/div>\n\t\t\t\t\t\t\t<\/div> \n\t\t\t\n                            \n\t\t\t\t<div id=\"ngg-image-14\" class=\"ngg-gallery-thumbnail-box\" >\n\t\t\t\t        <div class=\"ngg-gallery-thumbnail\">\n            <a href=\"https:\/\/www.freimarianne.ch\/wp-content\/gallery\/el-cotillo-8-5-23\/IMG_3966.jpeg\"\n               title=\"Treppe hinunter zum Strand\"\n               data-src=\"https:\/\/www.freimarianne.ch\/wp-content\/gallery\/el-cotillo-8-5-23\/IMG_3966.jpeg\"\n               data-thumbnail=\"https:\/\/www.freimarianne.ch\/wp-content\/gallery\/el-cotillo-8-5-23\/thumbs\/thumbs_IMG_3966.jpeg\"\n               data-image-id=\"31182\"\n               data-title=\"IMG_3966\"\n               data-description=\"Treppe hinunter zum Strand\"\n               data-image-slug=\"img_3966-7\"\n               class=\"shutterset_ddbcc45d951d5c191ce2b0e18a9e95b1\">\n                <img\n                    title=\"IMG_3966\"\n                    alt=\"IMG_3966\"\n                    src=\"https:\/\/www.freimarianne.ch\/wp-content\/gallery\/el-cotillo-8-5-23\/cache\/IMG_3966.jpeg-nggid0531182-ngg0dyn-100x75x100-00f0w010c010r110f110r010t010.jpeg\"\n                    width=\"100\"\n                    height=\"75\"\n                    style=\"max-width:100%;\"\n                \/>\n            <\/a>\n        <\/div>\n\t\t\t\t\t\t\t<\/div> \n\t\t\t\n                            \n\t\t\t\t<div id=\"ngg-image-15\" class=\"ngg-gallery-thumbnail-box\" >\n\t\t\t\t        <div class=\"ngg-gallery-thumbnail\">\n            <a href=\"https:\/\/www.freimarianne.ch\/wp-content\/gallery\/el-cotillo-8-5-23\/IMG_3967.jpeg\"\n               title=\"\"\n               data-src=\"https:\/\/www.freimarianne.ch\/wp-content\/gallery\/el-cotillo-8-5-23\/IMG_3967.jpeg\"\n               data-thumbnail=\"https:\/\/www.freimarianne.ch\/wp-content\/gallery\/el-cotillo-8-5-23\/thumbs\/thumbs_IMG_3967.jpeg\"\n               data-image-id=\"31181\"\n               data-title=\"IMG_3967\"\n               data-description=\"\"\n               data-image-slug=\"img_3967-5\"\n               class=\"shutterset_ddbcc45d951d5c191ce2b0e18a9e95b1\">\n                <img\n                    title=\"IMG_3967\"\n                    alt=\"IMG_3967\"\n                    src=\"https:\/\/www.freimarianne.ch\/wp-content\/gallery\/el-cotillo-8-5-23\/cache\/IMG_3967.jpeg-nggid0531181-ngg0dyn-100x75x100-00f0w010c010r110f110r010t010.jpeg\"\n                    width=\"100\"\n                    height=\"75\"\n                    style=\"max-width:100%;\"\n                \/>\n            <\/a>\n        <\/div>\n\t\t\t\t\t\t\t<\/div> \n\t\t\t\n                                    <br style=\"clear: both\" \/>\n                    \n\t\t\t\t<div id=\"ngg-image-16\" class=\"ngg-gallery-thumbnail-box\" >\n\t\t\t\t        <div class=\"ngg-gallery-thumbnail\">\n            <a href=\"https:\/\/www.freimarianne.ch\/wp-content\/gallery\/el-cotillo-8-5-23\/IMG_3974.jpeg\"\n               title=\"\"\n               data-src=\"https:\/\/www.freimarianne.ch\/wp-content\/gallery\/el-cotillo-8-5-23\/IMG_3974.jpeg\"\n               data-thumbnail=\"https:\/\/www.freimarianne.ch\/wp-content\/gallery\/el-cotillo-8-5-23\/thumbs\/thumbs_IMG_3974.jpeg\"\n               data-image-id=\"31183\"\n               data-title=\"IMG_3974\"\n               data-description=\"\"\n               data-image-slug=\"img_3974-3\"\n               class=\"shutterset_ddbcc45d951d5c191ce2b0e18a9e95b1\">\n                <img\n                    title=\"IMG_3974\"\n                    alt=\"IMG_3974\"\n                    src=\"https:\/\/www.freimarianne.ch\/wp-content\/gallery\/el-cotillo-8-5-23\/cache\/IMG_3974.jpeg-nggid0531183-ngg0dyn-100x75x100-00f0w010c010r110f110r010t010.jpeg\"\n                    width=\"100\"\n                    height=\"75\"\n                    style=\"max-width:100%;\"\n                \/>\n            <\/a>\n        <\/div>\n\t\t\t\t\t\t\t<\/div> \n\t\t\t\n                            \n\t\t\t\t<div id=\"ngg-image-17\" class=\"ngg-gallery-thumbnail-box\" >\n\t\t\t\t        <div class=\"ngg-gallery-thumbnail\">\n            <a href=\"https:\/\/www.freimarianne.ch\/wp-content\/gallery\/el-cotillo-8-5-23\/IMG_4503.jpeg\"\n               title=\"El Cotillo\"\n               data-src=\"https:\/\/www.freimarianne.ch\/wp-content\/gallery\/el-cotillo-8-5-23\/IMG_4503.jpeg\"\n               data-thumbnail=\"https:\/\/www.freimarianne.ch\/wp-content\/gallery\/el-cotillo-8-5-23\/thumbs\/thumbs_IMG_4503.jpeg\"\n               data-image-id=\"31180\"\n               data-title=\"IMG_4503\"\n               data-description=\"El Cotillo\"\n               data-image-slug=\"img_4503-4\"\n               class=\"shutterset_ddbcc45d951d5c191ce2b0e18a9e95b1\">\n                <img\n                    title=\"IMG_4503\"\n                    alt=\"IMG_4503\"\n                    src=\"https:\/\/www.freimarianne.ch\/wp-content\/gallery\/el-cotillo-8-5-23\/cache\/IMG_4503.jpeg-nggid0531180-ngg0dyn-100x75x100-00f0w010c010r110f110r010t010.jpeg\"\n                    width=\"100\"\n                    height=\"75\"\n                    style=\"max-width:100%;\"\n                \/>\n            <\/a>\n        <\/div>\n\t\t\t\t\t\t\t<\/div> \n\t\t\t\n                            \n\t\t\n\t\t<!-- Pagination -->\n\t<div class='ngg-clear'><\/div>\t<\/div>\n\n","protected":false},"excerpt":{"rendered":"<p>Cotillo liegt an der rauen Westk\u00fcste von Fuerteventura. Der Ort war bis vor Kurzem ein verschlafenes Fischerdorf ist aber heute bei Surfern und Kitern sehr beliebt. Der Weg f\u00fchrt uns entlang der Klippen mit st\u00e4ndigem Blick auf dem tosenden Meer. \u00dcber steile Treppen gelangt man hinunter zum Strand wo wir eine Pause nehmen bevor unsere [&hellip;]<\/p>\n","protected":false},"author":1,"featured_media":0,"parent":62265,"menu_order":11,"comment_status":"closed","ping_status":"closed","template":"","meta":{"ngg_post_thumbnail":0},"_links":{"self":[{"href":"https:\/\/www.freimarianne.ch\/index.php?rest_route=\/wp\/v2\/pages\/62309"}],"collection":[{"href":"https:\/\/www.freimarianne.ch\/index.php?rest_route=\/wp\/v2\/pages"}],"about":[{"href":"https:\/\/www.freimarianne.ch\/index.php?rest_route=\/wp\/v2\/types\/page"}],"author":[{"embeddable":true,"href":"https:\/\/www.freimarianne.ch\/index.php?rest_route=\/wp\/v2\/users\/1"}],"replies":[{"embeddable":true,"href":"https:\/\/www.freimarianne.ch\/index.php?rest_route=%2Fwp%2Fv2%2Fcomments&post=62309"}],"version-history":[{"count":2,"href":"https:\/\/www.freimarianne.ch\/index.php?rest_route=\/wp\/v2\/pages\/62309\/revisions"}],"predecessor-version":[{"id":62533,"href":"https:\/\/www.freimarianne.ch\/index.php?rest_route=\/wp\/v2\/pages\/62309\/revisions\/62533"}],"up":[{"embeddable":true,"href":"https:\/\/www.freimarianne.ch\/index.php?rest_route=\/wp\/v2\/pages\/62265"}],"wp:attachment":[{"href":"https:\/\/www.freimarianne.ch\/index.php?rest_route=%2Fwp%2Fv2%2Fmedia&parent=62309"}],"curies":[{"name":"wp","href":"https:\/\/api.w.org\/{rel}","templated":true}]}}