{"id":62542,"date":"2023-06-19T09:01:48","date_gmt":"2023-06-19T08:01:48","guid":{"rendered":"http:\/\/www.freimarianne.ch\/?page_id=62542"},"modified":"2023-06-19T09:13:03","modified_gmt":"2023-06-19T08:13:03","slug":"iseltwald-brienz-be-17-6-2023","status":"publish","type":"page","link":"https:\/\/www.freimarianne.ch\/?page_id=62542","title":{"rendered":"Iseltwald &#8211; Brienz  BE   17.6.2023"},"content":{"rendered":"<p>&nbsp;<\/p>\n<div id=\"attachment_62541\" style=\"width: 510px\" class=\"wp-caption alignleft\"><img aria-describedby=\"caption-attachment-62541\" loading=\"lazy\" class=\"size-full wp-image-62541\" src=\"http:\/\/www.freimarianne.ch\/wp-content\/uploads\/2023\/06\/IMG_Iseltwald_500.jpeg\" alt=\"\" width=\"500\" height=\"428\" srcset=\"https:\/\/www.freimarianne.ch\/wp-content\/uploads\/2023\/06\/IMG_Iseltwald_500.jpeg 500w, https:\/\/www.freimarianne.ch\/wp-content\/uploads\/2023\/06\/IMG_Iseltwald_500-300x257.jpeg 300w, https:\/\/www.freimarianne.ch\/wp-content\/uploads\/2023\/06\/IMG_Iseltwald_500-350x300.jpeg 350w\" sizes=\"(max-width: 500px) 100vw, 500px\" \/><p id=\"caption-attachment-62541\" class=\"wp-caption-text\">Hotel Giessbach<\/p><\/div>\n<p>Heute an einem sch\u00f6nen Samstag habe ich offensichtlich den falschen Tag erwischt. Es sind so viele Leute unterwegs ( die 9 Millionen Schweiz l\u00e4sst gr\u00fcssen !!!).<br>Ich erreiche mein Zielort, Iseltwald mit einer Versp\u00e4tung von 1 1\/2 Stunden.<br>Eigentlich wollte ich den oberen Wanderweg im Wald nehmen um zu den den Giessbachf\u00e4llen zu wandern. Aber der Expressbus h\u00e4lt nur im Dorf. So nehme ich um ca. 11.30h den Seeuferweg unter die F\u00fcsse. Um 13.10h bin ich dann oben beim Hotel Giessbach 666m, wo ich im Park meine Mittagspause halte. Nachher steige ich hinauf zu den Giessbachf\u00e4llen und von dort nehme ich den Wanderweg nach Brienz, welcher zuerst hinauf in Wald f\u00fchrt. Der Abstieg ist recht rutschig aber ganz abwechslungsreich. Auf den Weg um den See nach Brienz h\u00e4tte ich verzichten k\u00f6nnen. Es gibt viel Hartbelag und es ist heiss.<br>Ich habe noch viel Zeit bis zur Zugsabfahrt um 15.37h. Auch hier bin ich wieder mit einer Menge Touristen konfrontiert.<\/p>\n<p>Diese Wanderung war genau richtig f\u00fcr den Wiedereinstieg !<\/p>\n<p>Laut Schweizmobil:<\/p>\n<p>Distanz: 10.98km; Aufstieg=Abstieg: 306m; Wanderzeit 3h.<\/p>\n<p><a href=\"_wp_link_placeholder\" data-wplink-edit=\"true\">Karte Schweizmobil:<\/a><\/p>\n<p>&nbsp;<\/p>\n\n\n<!-- index.php -->\n<div\n\tclass=\"ngg-galleryoverview ngg-ajax-pagination-none\"\n\tid=\"ngg-gallery-e7512d8d25fe5d7d3962387a1bd932b0-1\">\n\n    \t<div class=\"slideshowlink\">\n        <a href='https:\/\/www.freimarianne.ch\/index.php\/nggallery\/slideshow?page_id=62542'>[Show as slideshow]<\/a>\n\t\t\n\t<\/div>\n\t\t\t<!-- Thumbnails -->\n\t\t\t\t<div id=\"ngg-image-0\" class=\"ngg-gallery-thumbnail-box\" >\n\t\t\t\t        <div class=\"ngg-gallery-thumbnail\">\n            <a href=\"https:\/\/www.freimarianne.ch\/wp-content\/gallery\/iseltwald-brienz-17-6-23\/IMG_4529.jpeg\"\n               title=\"\"\n               data-src=\"https:\/\/www.freimarianne.ch\/wp-content\/gallery\/iseltwald-brienz-17-6-23\/IMG_4529.jpeg\"\n               data-thumbnail=\"https:\/\/www.freimarianne.ch\/wp-content\/gallery\/iseltwald-brienz-17-6-23\/thumbs\/thumbs_IMG_4529.jpeg\"\n               data-image-id=\"31221\"\n               data-title=\"IMG_4529\"\n               data-description=\"\"\n               data-image-slug=\"img_4529-3\"\n               class=\"shutterset_e7512d8d25fe5d7d3962387a1bd932b0\">\n                <img\n                    title=\"IMG_4529\"\n                    alt=\"IMG_4529\"\n                    src=\"https:\/\/www.freimarianne.ch\/wp-content\/gallery\/iseltwald-brienz-17-6-23\/cache\/IMG_4529.jpeg-nggid0531221-ngg0dyn-100x75x100-00f0w010c010r110f110r010t010.jpeg\"\n                    width=\"100\"\n                    height=\"75\"\n                    style=\"max-width:100%;\"\n                \/>\n            <\/a>\n        <\/div>\n\t\t\t\t\t\t\t<\/div> \n\t\t\t\n                            \n\t\t\t\t<div id=\"ngg-image-1\" class=\"ngg-gallery-thumbnail-box\" >\n\t\t\t\t        <div class=\"ngg-gallery-thumbnail\">\n            <a href=\"https:\/\/www.freimarianne.ch\/wp-content\/gallery\/iseltwald-brienz-17-6-23\/IMG_4530.jpeg\"\n               title=\"\"\n               data-src=\"https:\/\/www.freimarianne.ch\/wp-content\/gallery\/iseltwald-brienz-17-6-23\/IMG_4530.jpeg\"\n               data-thumbnail=\"https:\/\/www.freimarianne.ch\/wp-content\/gallery\/iseltwald-brienz-17-6-23\/thumbs\/thumbs_IMG_4530.jpeg\"\n               data-image-id=\"31220\"\n               data-title=\"IMG_4530\"\n               data-description=\"\"\n               data-image-slug=\"img_4530-6\"\n               class=\"shutterset_e7512d8d25fe5d7d3962387a1bd932b0\">\n                <img\n                    title=\"IMG_4530\"\n                    alt=\"IMG_4530\"\n                    src=\"https:\/\/www.freimarianne.ch\/wp-content\/gallery\/iseltwald-brienz-17-6-23\/cache\/IMG_4530.jpeg-nggid0531220-ngg0dyn-100x75x100-00f0w010c010r110f110r010t010.jpeg\"\n                    width=\"100\"\n                    height=\"72\"\n                    style=\"max-width:100%;\"\n                \/>\n            <\/a>\n        <\/div>\n\t\t\t\t\t\t\t<\/div> \n\t\t\t\n                            \n\t\t\t\t<div id=\"ngg-image-2\" class=\"ngg-gallery-thumbnail-box\" >\n\t\t\t\t        <div class=\"ngg-gallery-thumbnail\">\n            <a href=\"https:\/\/www.freimarianne.ch\/wp-content\/gallery\/iseltwald-brienz-17-6-23\/IMG_4546.jpeg\"\n               title=\"Giessbachfall\"\n               data-src=\"https:\/\/www.freimarianne.ch\/wp-content\/gallery\/iseltwald-brienz-17-6-23\/IMG_4546.jpeg\"\n               data-thumbnail=\"https:\/\/www.freimarianne.ch\/wp-content\/gallery\/iseltwald-brienz-17-6-23\/thumbs\/thumbs_IMG_4546.jpeg\"\n               data-image-id=\"31219\"\n               data-title=\"IMG_4546\"\n               data-description=\"Giessbachfall\"\n               data-image-slug=\"img_4546-4\"\n               class=\"shutterset_e7512d8d25fe5d7d3962387a1bd932b0\">\n                <img\n                    title=\"IMG_4546\"\n                    alt=\"IMG_4546\"\n                    src=\"https:\/\/www.freimarianne.ch\/wp-content\/gallery\/iseltwald-brienz-17-6-23\/cache\/IMG_4546.jpeg-nggid0531219-ngg0dyn-100x75x100-00f0w010c010r110f110r010t010.jpeg\"\n                    width=\"100\"\n                    height=\"75\"\n                    style=\"max-width:100%;\"\n                \/>\n            <\/a>\n        <\/div>\n\t\t\t\t\t\t\t<\/div> \n\t\t\t\n                            \n\t\t\t\t<div id=\"ngg-image-3\" class=\"ngg-gallery-thumbnail-box\" >\n\t\t\t\t        <div class=\"ngg-gallery-thumbnail\">\n            <a href=\"https:\/\/www.freimarianne.ch\/wp-content\/gallery\/iseltwald-brienz-17-6-23\/IMG_4548.jpeg\"\n               title=\"Hotel Giessbach\"\n               data-src=\"https:\/\/www.freimarianne.ch\/wp-content\/gallery\/iseltwald-brienz-17-6-23\/IMG_4548.jpeg\"\n               data-thumbnail=\"https:\/\/www.freimarianne.ch\/wp-content\/gallery\/iseltwald-brienz-17-6-23\/thumbs\/thumbs_IMG_4548.jpeg\"\n               data-image-id=\"31218\"\n               data-title=\"IMG_4548\"\n               data-description=\"Hotel Giessbach\"\n               data-image-slug=\"img_4548-3\"\n               class=\"shutterset_e7512d8d25fe5d7d3962387a1bd932b0\">\n                <img\n                    title=\"IMG_4548\"\n                    alt=\"IMG_4548\"\n                    src=\"https:\/\/www.freimarianne.ch\/wp-content\/gallery\/iseltwald-brienz-17-6-23\/cache\/IMG_4548.jpeg-nggid0531218-ngg0dyn-100x75x100-00f0w010c010r110f110r010t010.jpeg\"\n                    width=\"100\"\n                    height=\"75\"\n                    style=\"max-width:100%;\"\n                \/>\n            <\/a>\n        <\/div>\n\t\t\t\t\t\t\t<\/div> \n\t\t\t\n                                    <br style=\"clear: both\" \/>\n                    \n\t\t\t\t<div id=\"ngg-image-4\" class=\"ngg-gallery-thumbnail-box\" >\n\t\t\t\t        <div class=\"ngg-gallery-thumbnail\">\n            <a href=\"https:\/\/www.freimarianne.ch\/wp-content\/gallery\/iseltwald-brienz-17-6-23\/IMG_4549.jpeg\"\n               title=\"Giessbachfall\"\n               data-src=\"https:\/\/www.freimarianne.ch\/wp-content\/gallery\/iseltwald-brienz-17-6-23\/IMG_4549.jpeg\"\n               data-thumbnail=\"https:\/\/www.freimarianne.ch\/wp-content\/gallery\/iseltwald-brienz-17-6-23\/thumbs\/thumbs_IMG_4549.jpeg\"\n               data-image-id=\"31217\"\n               data-title=\"IMG_4549\"\n               data-description=\"Giessbachfall\"\n               data-image-slug=\"img_4549-3\"\n               class=\"shutterset_e7512d8d25fe5d7d3962387a1bd932b0\">\n                <img\n                    title=\"IMG_4549\"\n                    alt=\"IMG_4549\"\n                    src=\"https:\/\/www.freimarianne.ch\/wp-content\/gallery\/iseltwald-brienz-17-6-23\/cache\/IMG_4549.jpeg-nggid0531217-ngg0dyn-100x75x100-00f0w010c010r110f110r010t010.jpeg\"\n                    width=\"56\"\n                    height=\"75\"\n                    style=\"max-width:100%;\"\n                \/>\n            <\/a>\n        <\/div>\n\t\t\t\t\t\t\t<\/div> \n\t\t\t\n                            \n\t\t\t\t<div id=\"ngg-image-5\" class=\"ngg-gallery-thumbnail-box\" >\n\t\t\t\t        <div class=\"ngg-gallery-thumbnail\">\n            <a href=\"https:\/\/www.freimarianne.ch\/wp-content\/gallery\/iseltwald-brienz-17-6-23\/IMG_4566.jpeg\"\n               title=\"\"\n               data-src=\"https:\/\/www.freimarianne.ch\/wp-content\/gallery\/iseltwald-brienz-17-6-23\/IMG_4566.jpeg\"\n               data-thumbnail=\"https:\/\/www.freimarianne.ch\/wp-content\/gallery\/iseltwald-brienz-17-6-23\/thumbs\/thumbs_IMG_4566.jpeg\"\n               data-image-id=\"31214\"\n               data-title=\"IMG_4566\"\n               data-description=\"\"\n               data-image-slug=\"img_4566-4\"\n               class=\"shutterset_e7512d8d25fe5d7d3962387a1bd932b0\">\n                <img\n                    title=\"IMG_4566\"\n                    alt=\"IMG_4566\"\n                    src=\"https:\/\/www.freimarianne.ch\/wp-content\/gallery\/iseltwald-brienz-17-6-23\/cache\/IMG_4566.jpeg-nggid0531214-ngg0dyn-100x75x100-00f0w010c010r110f110r010t010.jpeg\"\n                    width=\"100\"\n                    height=\"56\"\n                    style=\"max-width:100%;\"\n                \/>\n            <\/a>\n        <\/div>\n\t\t\t\t\t\t\t<\/div> \n\t\t\t\n                            \n\t\t\t\t<div id=\"ngg-image-6\" class=\"ngg-gallery-thumbnail-box\" >\n\t\t\t\t        <div class=\"ngg-gallery-thumbnail\">\n            <a href=\"https:\/\/www.freimarianne.ch\/wp-content\/gallery\/iseltwald-brienz-17-6-23\/IMG_4565.jpeg\"\n               title=\"\"\n               data-src=\"https:\/\/www.freimarianne.ch\/wp-content\/gallery\/iseltwald-brienz-17-6-23\/IMG_4565.jpeg\"\n               data-thumbnail=\"https:\/\/www.freimarianne.ch\/wp-content\/gallery\/iseltwald-brienz-17-6-23\/thumbs\/thumbs_IMG_4565.jpeg\"\n               data-image-id=\"31216\"\n               data-title=\"IMG_4565\"\n               data-description=\"\"\n               data-image-slug=\"img_4565-2\"\n               class=\"shutterset_e7512d8d25fe5d7d3962387a1bd932b0\">\n                <img\n                    title=\"IMG_4565\"\n                    alt=\"IMG_4565\"\n                    src=\"https:\/\/www.freimarianne.ch\/wp-content\/gallery\/iseltwald-brienz-17-6-23\/cache\/IMG_4565.jpeg-nggid0531216-ngg0dyn-100x75x100-00f0w010c010r110f110r010t010.jpeg\"\n                    width=\"100\"\n                    height=\"56\"\n                    style=\"max-width:100%;\"\n                \/>\n            <\/a>\n        <\/div>\n\t\t\t\t\t\t\t<\/div> \n\t\t\t\n                            \n\t\t\t\t<div id=\"ngg-image-7\" class=\"ngg-gallery-thumbnail-box\" >\n\t\t\t\t        <div class=\"ngg-gallery-thumbnail\">\n            <a href=\"https:\/\/www.freimarianne.ch\/wp-content\/gallery\/iseltwald-brienz-17-6-23\/IMG_4564.jpeg\"\n               title=\"\"\n               data-src=\"https:\/\/www.freimarianne.ch\/wp-content\/gallery\/iseltwald-brienz-17-6-23\/IMG_4564.jpeg\"\n               data-thumbnail=\"https:\/\/www.freimarianne.ch\/wp-content\/gallery\/iseltwald-brienz-17-6-23\/thumbs\/thumbs_IMG_4564.jpeg\"\n               data-image-id=\"31215\"\n               data-title=\"IMG_4564\"\n               data-description=\"\"\n               data-image-slug=\"img_4564-3\"\n               class=\"shutterset_e7512d8d25fe5d7d3962387a1bd932b0\">\n                <img\n                    title=\"IMG_4564\"\n                    alt=\"IMG_4564\"\n                    src=\"https:\/\/www.freimarianne.ch\/wp-content\/gallery\/iseltwald-brienz-17-6-23\/cache\/IMG_4564.jpeg-nggid0531215-ngg0dyn-100x75x100-00f0w010c010r110f110r010t010.jpeg\"\n                    width=\"100\"\n                    height=\"56\"\n                    style=\"max-width:100%;\"\n                \/>\n            <\/a>\n        <\/div>\n\t\t\t\t\t\t\t<\/div> \n\t\t\t\n                                    <br style=\"clear: both\" \/>\n                    \n\t\t\t\t<div id=\"ngg-image-8\" class=\"ngg-gallery-thumbnail-box\" >\n\t\t\t\t        <div class=\"ngg-gallery-thumbnail\">\n            <a href=\"https:\/\/www.freimarianne.ch\/wp-content\/gallery\/iseltwald-brienz-17-6-23\/IMG_4560.jpeg\"\n               title=\"\"\n               data-src=\"https:\/\/www.freimarianne.ch\/wp-content\/gallery\/iseltwald-brienz-17-6-23\/IMG_4560.jpeg\"\n               data-thumbnail=\"https:\/\/www.freimarianne.ch\/wp-content\/gallery\/iseltwald-brienz-17-6-23\/thumbs\/thumbs_IMG_4560.jpeg\"\n               data-image-id=\"31213\"\n               data-title=\"IMG_4560\"\n               data-description=\"\"\n               data-image-slug=\"img_4560\"\n               class=\"shutterset_e7512d8d25fe5d7d3962387a1bd932b0\">\n                <img\n                    title=\"IMG_4560\"\n                    alt=\"IMG_4560\"\n                    src=\"https:\/\/www.freimarianne.ch\/wp-content\/gallery\/iseltwald-brienz-17-6-23\/cache\/IMG_4560.jpeg-nggid0531213-ngg0dyn-100x75x100-00f0w010c010r110f110r010t010.jpeg\"\n                    width=\"100\"\n                    height=\"56\"\n                    style=\"max-width:100%;\"\n                \/>\n            <\/a>\n        <\/div>\n\t\t\t\t\t\t\t<\/div> \n\t\t\t\n                            \n\t\t\t\t<div id=\"ngg-image-9\" class=\"ngg-gallery-thumbnail-box\" >\n\t\t\t\t        <div class=\"ngg-gallery-thumbnail\">\n            <a href=\"https:\/\/www.freimarianne.ch\/wp-content\/gallery\/iseltwald-brienz-17-6-23\/IMG_4557.jpeg\"\n               title=\"Brienz\"\n               data-src=\"https:\/\/www.freimarianne.ch\/wp-content\/gallery\/iseltwald-brienz-17-6-23\/IMG_4557.jpeg\"\n               data-thumbnail=\"https:\/\/www.freimarianne.ch\/wp-content\/gallery\/iseltwald-brienz-17-6-23\/thumbs\/thumbs_IMG_4557.jpeg\"\n               data-image-id=\"31212\"\n               data-title=\"IMG_4557\"\n               data-description=\"Brienz\"\n               data-image-slug=\"img_4557-1\"\n               class=\"shutterset_e7512d8d25fe5d7d3962387a1bd932b0\">\n                <img\n                    title=\"IMG_4557\"\n                    alt=\"IMG_4557\"\n                    src=\"https:\/\/www.freimarianne.ch\/wp-content\/gallery\/iseltwald-brienz-17-6-23\/cache\/IMG_4557.jpeg-nggid0531212-ngg0dyn-100x75x100-00f0w010c010r110f110r010t010.jpeg\"\n                    width=\"100\"\n                    height=\"64\"\n                    style=\"max-width:100%;\"\n                \/>\n            <\/a>\n        <\/div>\n\t\t\t\t\t\t\t<\/div> \n\t\t\t\n                            \n\t\t\n\t\t<!-- Pagination -->\n\t<div class='ngg-clear'><\/div>\t<\/div>\n\n","protected":false},"excerpt":{"rendered":"<p>&nbsp; Heute an einem sch\u00f6nen Samstag habe ich offensichtlich den falschen Tag erwischt. Es sind so viele Leute unterwegs ( die 9 Millionen Schweiz l\u00e4sst gr\u00fcssen !!!).Ich erreiche mein Zielort, Iseltwald mit einer Versp\u00e4tung von 1 1\/2 Stunden.Eigentlich wollte ich den oberen Wanderweg im Wald nehmen um zu den den Giessbachf\u00e4llen zu wandern. Aber der [&hellip;]<\/p>\n","protected":false},"author":1,"featured_media":0,"parent":62263,"menu_order":1,"comment_status":"closed","ping_status":"closed","template":"","meta":{"ngg_post_thumbnail":0},"_links":{"self":[{"href":"https:\/\/www.freimarianne.ch\/index.php?rest_route=\/wp\/v2\/pages\/62542"}],"collection":[{"href":"https:\/\/www.freimarianne.ch\/index.php?rest_route=\/wp\/v2\/pages"}],"about":[{"href":"https:\/\/www.freimarianne.ch\/index.php?rest_route=\/wp\/v2\/types\/page"}],"author":[{"embeddable":true,"href":"https:\/\/www.freimarianne.ch\/index.php?rest_route=\/wp\/v2\/users\/1"}],"replies":[{"embeddable":true,"href":"https:\/\/www.freimarianne.ch\/index.php?rest_route=%2Fwp%2Fv2%2Fcomments&post=62542"}],"version-history":[{"count":6,"href":"https:\/\/www.freimarianne.ch\/index.php?rest_route=\/wp\/v2\/pages\/62542\/revisions"}],"predecessor-version":[{"id":62562,"href":"https:\/\/www.freimarianne.ch\/index.php?rest_route=\/wp\/v2\/pages\/62542\/revisions\/62562"}],"up":[{"embeddable":true,"href":"https:\/\/www.freimarianne.ch\/index.php?rest_route=\/wp\/v2\/pages\/62263"}],"wp:attachment":[{"href":"https:\/\/www.freimarianne.ch\/index.php?rest_route=%2Fwp%2Fv2%2Fmedia&parent=62542"}],"curies":[{"name":"wp","href":"https:\/\/api.w.org\/{rel}","templated":true}]}}