{"id":62649,"date":"2023-07-09T10:20:32","date_gmt":"2023-07-09T09:20:32","guid":{"rendered":"http:\/\/www.freimarianne.ch\/?page_id=62649"},"modified":"2023-09-16T10:10:59","modified_gmt":"2023-09-16T09:10:59","slug":"simplonpass-bergalpe-7-7-2023","status":"publish","type":"page","link":"https:\/\/www.freimarianne.ch\/?page_id=62649","title":{"rendered":"Simplonpass, Bergalpe   VS 7.7.2023"},"content":{"rendered":"\n<p><strong>Wanderung mit der Gruppe Alpenblick<\/strong><\/p>\n\n\n<div id=\"attachment_62648\" style=\"width: 510px\" class=\"wp-caption alignleft\"><img aria-describedby=\"caption-attachment-62648\" loading=\"lazy\" class=\"size-full wp-image-62648\" src=\"http:\/\/www.freimarianne.ch\/wp-content\/uploads\/2023\/07\/IMG_4103_simplo-7.7.23_500.jpeg\" alt=\"\" width=\"500\" height=\"370\" srcset=\"https:\/\/www.freimarianne.ch\/wp-content\/uploads\/2023\/07\/IMG_4103_simplo-7.7.23_500.jpeg 500w, https:\/\/www.freimarianne.ch\/wp-content\/uploads\/2023\/07\/IMG_4103_simplo-7.7.23_500-300x222.jpeg 300w, https:\/\/www.freimarianne.ch\/wp-content\/uploads\/2023\/07\/IMG_4103_simplo-7.7.23_500-405x300.jpeg 405w\" sizes=\"(max-width: 500px) 100vw, 500px\" \/><p id=\"caption-attachment-62648\" class=\"wp-caption-text\">Hopschu See mt B\u00f6shorn 3269m, Galehorn 2797m, Magerhorn 2621m<\/p><\/div>\n<p>m 10h kommen wir auf Simplon Hospiz an. Wir werden von eine Kuhherde empfangen !<br>Wir machen uns dann auf den Weg und kommen an der kleinen Siedlung vorbei. Die Blumenwiesen sind pr\u00e4chtig hier oben. Wir haben eine gute Sicht hinauf gegen den Monte Leone. Sp\u00e4ter k\u00f6nnen wir in einem Tunnel die Autostrasse queren und steigen auf einem schmalen Pfad leicht hinunter. Der Weg f\u00fchrt uns am P.1984m vorbei und steigt dann leicht an. Bald haben wir eine gute Sicht auf den Hopschusee. Am See windet es recht stark und wir verziehen uns an eine windstille Stelle, um unsere fr\u00fche Mittagsrast zu halten. Dann gehen wir dem See entlang und erreichen in einer leichten Steigung die kleine Siedlung Hopsche 2048m. Wir steigen dann an einer etwas schwierigeren Stelle als geplant etwas hinunter und folgen dem Pfad in Richtung Bistinenpass. <br>So kommen wir hinunter zur Bergalpe Blatt 1900m, wo wir eine kurze Pause einlegen. Dann steigen wir auf einem sch\u00f6nen malerischen Weg hinauf zum Restaurant Monte Leone. Es ist 13.45h und nun w\u00fcrde gleich der Bus fahren. Wir entscheiden uns, diesen Bus zu nehmen und in Brig einzukehren, was auch so gelingt. So gibt es noch ein gem\u00fctliches Zusammensein im Bahnhof Restaurant bevor wir um 15.18h den direkten Zug nach Basel nehmen. So haben wir wenigstens Sitzpl\u00e4tze!<\/p>\n<p>Dies war eine eher gem\u00fctliche Wanderungen&nbsp; bei sch\u00f6nsten Sommerwetter in einer wundersch\u00f6nen Gegend.<\/p>\n<p>Danke allen der Gruppe Alpenblick f\u00fcrs Mitmachen.<\/p>\n<p>&nbsp;<\/p>\n\n\n<!-- index.php -->\n<div\n\tclass=\"ngg-galleryoverview ngg-ajax-pagination-none\"\n\tid=\"ngg-gallery-5616502a5ab4681bd8c8f5965dd7817a-1\">\n\n    \t<div class=\"slideshowlink\">\n        <a href='https:\/\/www.freimarianne.ch\/index.php\/nggallery\/slideshow?page_id=62649'>[Show as slideshow]<\/a>\n\t\t\n\t<\/div>\n\t\t\t<!-- Thumbnails -->\n\t\t\t\t<div id=\"ngg-image-0\" class=\"ngg-gallery-thumbnail-box\" >\n\t\t\t\t        <div class=\"ngg-gallery-thumbnail\">\n            <a href=\"https:\/\/www.freimarianne.ch\/wp-content\/gallery\/simplonpass-7-7-23\/IMG_4088.jpeg\"\n               title=\"Simplon Hospiz; wir werden erwartet\"\n               data-src=\"https:\/\/www.freimarianne.ch\/wp-content\/gallery\/simplonpass-7-7-23\/IMG_4088.jpeg\"\n               data-thumbnail=\"https:\/\/www.freimarianne.ch\/wp-content\/gallery\/simplonpass-7-7-23\/thumbs\/thumbs_IMG_4088.jpeg\"\n               data-image-id=\"31278\"\n               data-title=\"IMG_4088\"\n               data-description=\"Simplon Hospiz; wir werden erwartet\"\n               data-image-slug=\"img_4088-5\"\n               class=\"shutterset_5616502a5ab4681bd8c8f5965dd7817a\">\n                <img\n                    title=\"IMG_4088\"\n                    alt=\"IMG_4088\"\n                    src=\"https:\/\/www.freimarianne.ch\/wp-content\/gallery\/simplonpass-7-7-23\/cache\/IMG_4088.jpeg-nggid0531278-ngg0dyn-100x75x100-00f0w010c010r110f110r010t010.jpeg\"\n                    width=\"100\"\n                    height=\"75\"\n                    style=\"max-width:100%;\"\n                \/>\n            <\/a>\n        <\/div>\n\t\t\t\t\t\t\t<\/div> \n\t\t\t\n                            \n\t\t\t\t<div id=\"ngg-image-1\" class=\"ngg-gallery-thumbnail-box\" >\n\t\t\t\t        <div class=\"ngg-gallery-thumbnail\">\n            <a href=\"https:\/\/www.freimarianne.ch\/wp-content\/gallery\/simplonpass-7-7-23\/IMG_4090.jpeg\"\n               title=\"Fletschhorn  3939m, B\u00f6shorn 3269m\"\n               data-src=\"https:\/\/www.freimarianne.ch\/wp-content\/gallery\/simplonpass-7-7-23\/IMG_4090.jpeg\"\n               data-thumbnail=\"https:\/\/www.freimarianne.ch\/wp-content\/gallery\/simplonpass-7-7-23\/thumbs\/thumbs_IMG_4090.jpeg\"\n               data-image-id=\"31277\"\n               data-title=\"IMG_4090\"\n               data-description=\"Fletschhorn  3939m, B\u00f6shorn 3269m\"\n               data-image-slug=\"img_4090-8\"\n               class=\"shutterset_5616502a5ab4681bd8c8f5965dd7817a\">\n                <img\n                    title=\"IMG_4090\"\n                    alt=\"IMG_4090\"\n                    src=\"https:\/\/www.freimarianne.ch\/wp-content\/gallery\/simplonpass-7-7-23\/cache\/IMG_4090.jpeg-nggid0531277-ngg0dyn-100x75x100-00f0w010c010r110f110r010t010.jpeg\"\n                    width=\"100\"\n                    height=\"75\"\n                    style=\"max-width:100%;\"\n                \/>\n            <\/a>\n        <\/div>\n\t\t\t\t\t\t\t<\/div> \n\t\t\t\n                            \n\t\t\t\t<div id=\"ngg-image-2\" class=\"ngg-gallery-thumbnail-box\" >\n\t\t\t\t        <div class=\"ngg-gallery-thumbnail\">\n            <a href=\"https:\/\/www.freimarianne.ch\/wp-content\/gallery\/simplonpass-7-7-23\/IMG_4095.jpeg\"\n               title=\"Wanderweg mit mi  Aletschhorn\"\n               data-src=\"https:\/\/www.freimarianne.ch\/wp-content\/gallery\/simplonpass-7-7-23\/IMG_4095.jpeg\"\n               data-thumbnail=\"https:\/\/www.freimarianne.ch\/wp-content\/gallery\/simplonpass-7-7-23\/thumbs\/thumbs_IMG_4095.jpeg\"\n               data-image-id=\"31276\"\n               data-title=\"IMG_4095\"\n               data-description=\"Wanderweg mit mi  Aletschhorn\"\n               data-image-slug=\"img_4095-4\"\n               class=\"shutterset_5616502a5ab4681bd8c8f5965dd7817a\">\n                <img\n                    title=\"IMG_4095\"\n                    alt=\"IMG_4095\"\n                    src=\"https:\/\/www.freimarianne.ch\/wp-content\/gallery\/simplonpass-7-7-23\/cache\/IMG_4095.jpeg-nggid0531276-ngg0dyn-100x75x100-00f0w010c010r110f110r010t010.jpeg\"\n                    width=\"100\"\n                    height=\"75\"\n                    style=\"max-width:100%;\"\n                \/>\n            <\/a>\n        <\/div>\n\t\t\t\t\t\t\t<\/div> \n\t\t\t\n                            \n\t\t\t\t<div id=\"ngg-image-3\" class=\"ngg-gallery-thumbnail-box\" >\n\t\t\t\t        <div class=\"ngg-gallery-thumbnail\">\n            <a href=\"https:\/\/www.freimarianne.ch\/wp-content\/gallery\/simplonpass-7-7-23\/IMG_4623.jpeg\"\n               title=\"\"\n               data-src=\"https:\/\/www.freimarianne.ch\/wp-content\/gallery\/simplonpass-7-7-23\/IMG_4623.jpeg\"\n               data-thumbnail=\"https:\/\/www.freimarianne.ch\/wp-content\/gallery\/simplonpass-7-7-23\/thumbs\/thumbs_IMG_4623.jpeg\"\n               data-image-id=\"31275\"\n               data-title=\"IMG_4623\"\n               data-description=\"\"\n               data-image-slug=\"img_4623-2\"\n               class=\"shutterset_5616502a5ab4681bd8c8f5965dd7817a\">\n                <img\n                    title=\"IMG_4623\"\n                    alt=\"IMG_4623\"\n                    src=\"https:\/\/www.freimarianne.ch\/wp-content\/gallery\/simplonpass-7-7-23\/cache\/IMG_4623.jpeg-nggid0531275-ngg0dyn-100x75x100-00f0w010c010r110f110r010t010.jpeg\"\n                    width=\"100\"\n                    height=\"56\"\n                    style=\"max-width:100%;\"\n                \/>\n            <\/a>\n        <\/div>\n\t\t\t\t\t\t\t<\/div> \n\t\t\t\n                                    <br style=\"clear: both\" \/>\n                    \n\t\t\t\t<div id=\"ngg-image-4\" class=\"ngg-gallery-thumbnail-box\" >\n\t\t\t\t        <div class=\"ngg-gallery-thumbnail\">\n            <a href=\"https:\/\/www.freimarianne.ch\/wp-content\/gallery\/simplonpass-7-7-23\/IMG_4099.jpeg\"\n               title=\"Alpenrosen \u00fcberall\"\n               data-src=\"https:\/\/www.freimarianne.ch\/wp-content\/gallery\/simplonpass-7-7-23\/IMG_4099.jpeg\"\n               data-thumbnail=\"https:\/\/www.freimarianne.ch\/wp-content\/gallery\/simplonpass-7-7-23\/thumbs\/thumbs_IMG_4099.jpeg\"\n               data-image-id=\"31274\"\n               data-title=\"IMG_4099\"\n               data-description=\"Alpenrosen \u00fcberall\"\n               data-image-slug=\"img_4099-6\"\n               class=\"shutterset_5616502a5ab4681bd8c8f5965dd7817a\">\n                <img\n                    title=\"IMG_4099\"\n                    alt=\"IMG_4099\"\n                    src=\"https:\/\/www.freimarianne.ch\/wp-content\/gallery\/simplonpass-7-7-23\/cache\/IMG_4099.jpeg-nggid0531274-ngg0dyn-100x75x100-00f0w010c010r110f110r010t010.jpeg\"\n                    width=\"100\"\n                    height=\"75\"\n                    style=\"max-width:100%;\"\n                \/>\n            <\/a>\n        <\/div>\n\t\t\t\t\t\t\t<\/div> \n\t\t\t\n                            \n\t\t\t\t<div id=\"ngg-image-5\" class=\"ngg-gallery-thumbnail-box\" >\n\t\t\t\t        <div class=\"ngg-gallery-thumbnail\">\n            <a href=\"https:\/\/www.freimarianne.ch\/wp-content\/gallery\/simplonpass-7-7-23\/IMG_4100.jpeg\"\n               title=\"wundersch\u00f6ne Landschaft mit F\u00fclhorn Huwetz und B\u00e4ttlihorn\"\n               data-src=\"https:\/\/www.freimarianne.ch\/wp-content\/gallery\/simplonpass-7-7-23\/IMG_4100.jpeg\"\n               data-thumbnail=\"https:\/\/www.freimarianne.ch\/wp-content\/gallery\/simplonpass-7-7-23\/thumbs\/thumbs_IMG_4100.jpeg\"\n               data-image-id=\"31273\"\n               data-title=\"IMG_4100\"\n               data-description=\"wundersch\u00f6ne Landschaft mit F\u00fclhorn Huwetz und B\u00e4ttlihorn\"\n               data-image-slug=\"img_4100-8\"\n               class=\"shutterset_5616502a5ab4681bd8c8f5965dd7817a\">\n                <img\n                    title=\"IMG_4100\"\n                    alt=\"IMG_4100\"\n                    src=\"https:\/\/www.freimarianne.ch\/wp-content\/gallery\/simplonpass-7-7-23\/cache\/IMG_4100.jpeg-nggid0531273-ngg0dyn-100x75x100-00f0w010c010r110f110r010t010.jpeg\"\n                    width=\"100\"\n                    height=\"65\"\n                    style=\"max-width:100%;\"\n                \/>\n            <\/a>\n        <\/div>\n\t\t\t\t\t\t\t<\/div> \n\t\t\t\n                            \n\t\t\t\t<div id=\"ngg-image-6\" class=\"ngg-gallery-thumbnail-box\" >\n\t\t\t\t        <div class=\"ngg-gallery-thumbnail\">\n            <a href=\"https:\/\/www.freimarianne.ch\/wp-content\/gallery\/simplonpass-7-7-23\/IMG_4101.jpeg\"\n               title=\"Hopschu See mt B\u00f6shorn 3269m, Galehorn 2797m, Magerhorn 2621m\"\n               data-src=\"https:\/\/www.freimarianne.ch\/wp-content\/gallery\/simplonpass-7-7-23\/IMG_4101.jpeg\"\n               data-thumbnail=\"https:\/\/www.freimarianne.ch\/wp-content\/gallery\/simplonpass-7-7-23\/thumbs\/thumbs_IMG_4101.jpeg\"\n               data-image-id=\"31272\"\n               data-title=\"IMG_4101\"\n               data-description=\"Hopschu See mt B\u00f6shorn 3269m, Galehorn 2797m, Magerhorn 2621m\"\n               data-image-slug=\"img_4101-3\"\n               class=\"shutterset_5616502a5ab4681bd8c8f5965dd7817a\">\n                <img\n                    title=\"IMG_4101\"\n                    alt=\"IMG_4101\"\n                    src=\"https:\/\/www.freimarianne.ch\/wp-content\/gallery\/simplonpass-7-7-23\/cache\/IMG_4101.jpeg-nggid0531272-ngg0dyn-100x75x100-00f0w010c010r110f110r010t010.jpeg\"\n                    width=\"100\"\n                    height=\"75\"\n                    style=\"max-width:100%;\"\n                \/>\n            <\/a>\n        <\/div>\n\t\t\t\t\t\t\t<\/div> \n\t\t\t\n                            \n\t\t\t\t<div id=\"ngg-image-7\" class=\"ngg-gallery-thumbnail-box\" >\n\t\t\t\t        <div class=\"ngg-gallery-thumbnail\">\n            <a href=\"https:\/\/www.freimarianne.ch\/wp-content\/gallery\/simplonpass-7-7-23\/IMG_4104.jpeg\"\n               title=\"Hopschu See mt B\u00f6shorn 3269m, Galehorn 2797m, Magerhorn 2621m\"\n               data-src=\"https:\/\/www.freimarianne.ch\/wp-content\/gallery\/simplonpass-7-7-23\/IMG_4104.jpeg\"\n               data-thumbnail=\"https:\/\/www.freimarianne.ch\/wp-content\/gallery\/simplonpass-7-7-23\/thumbs\/thumbs_IMG_4104.jpeg\"\n               data-image-id=\"31267\"\n               data-title=\"IMG_4104\"\n               data-description=\"Hopschu See mt B\u00f6shorn 3269m, Galehorn 2797m, Magerhorn 2621m\"\n               data-image-slug=\"img_4104-6\"\n               class=\"shutterset_5616502a5ab4681bd8c8f5965dd7817a\">\n                <img\n                    title=\"IMG_4104\"\n                    alt=\"IMG_4104\"\n                    src=\"https:\/\/www.freimarianne.ch\/wp-content\/gallery\/simplonpass-7-7-23\/cache\/IMG_4104.jpeg-nggid0531267-ngg0dyn-100x75x100-00f0w010c010r110f110r010t010.jpeg\"\n                    width=\"100\"\n                    height=\"67\"\n                    style=\"max-width:100%;\"\n                \/>\n            <\/a>\n        <\/div>\n\t\t\t\t\t\t\t<\/div> \n\t\t\t\n                                    <br style=\"clear: both\" \/>\n                    \n\t\t\t\t<div id=\"ngg-image-8\" class=\"ngg-gallery-thumbnail-box\" >\n\t\t\t\t        <div class=\"ngg-gallery-thumbnail\">\n            <a href=\"https:\/\/www.freimarianne.ch\/wp-content\/gallery\/simplonpass-7-7-23\/IMG_4621.jpeg\"\n               title=\"\"\n               data-src=\"https:\/\/www.freimarianne.ch\/wp-content\/gallery\/simplonpass-7-7-23\/IMG_4621.jpeg\"\n               data-thumbnail=\"https:\/\/www.freimarianne.ch\/wp-content\/gallery\/simplonpass-7-7-23\/thumbs\/thumbs_IMG_4621.jpeg\"\n               data-image-id=\"31268\"\n               data-title=\"IMG_4621\"\n               data-description=\"\"\n               data-image-slug=\"img_4621\"\n               class=\"shutterset_5616502a5ab4681bd8c8f5965dd7817a\">\n                <img\n                    title=\"IMG_4621\"\n                    alt=\"IMG_4621\"\n                    src=\"https:\/\/www.freimarianne.ch\/wp-content\/gallery\/simplonpass-7-7-23\/cache\/IMG_4621.jpeg-nggid0531268-ngg0dyn-100x75x100-00f0w010c010r110f110r010t010.jpeg\"\n                    width=\"100\"\n                    height=\"56\"\n                    style=\"max-width:100%;\"\n                \/>\n            <\/a>\n        <\/div>\n\t\t\t\t\t\t\t<\/div> \n\t\t\t\n                            \n\t\t\t\t<div id=\"ngg-image-9\" class=\"ngg-gallery-thumbnail-box\" >\n\t\t\t\t        <div class=\"ngg-gallery-thumbnail\">\n            <a href=\"https:\/\/www.freimarianne.ch\/wp-content\/gallery\/simplonpass-7-7-23\/IMG_4105.jpeg\"\n               title=\"Siedlung Hopsche mit B\u00f6shorn\"\n               data-src=\"https:\/\/www.freimarianne.ch\/wp-content\/gallery\/simplonpass-7-7-23\/IMG_4105.jpeg\"\n               data-thumbnail=\"https:\/\/www.freimarianne.ch\/wp-content\/gallery\/simplonpass-7-7-23\/thumbs\/thumbs_IMG_4105.jpeg\"\n               data-image-id=\"31271\"\n               data-title=\"IMG_4105\"\n               data-description=\"Siedlung Hopsche mit B\u00f6shorn\"\n               data-image-slug=\"img_4105-5\"\n               class=\"shutterset_5616502a5ab4681bd8c8f5965dd7817a\">\n                <img\n                    title=\"IMG_4105\"\n                    alt=\"IMG_4105\"\n                    src=\"https:\/\/www.freimarianne.ch\/wp-content\/gallery\/simplonpass-7-7-23\/cache\/IMG_4105.jpeg-nggid0531271-ngg0dyn-100x75x100-00f0w010c010r110f110r010t010.jpeg\"\n                    width=\"100\"\n                    height=\"72\"\n                    style=\"max-width:100%;\"\n                \/>\n            <\/a>\n        <\/div>\n\t\t\t\t\t\t\t<\/div> \n\t\t\t\n                            \n\t\t\t\t<div id=\"ngg-image-10\" class=\"ngg-gallery-thumbnail-box\" >\n\t\t\t\t        <div class=\"ngg-gallery-thumbnail\">\n            <a href=\"https:\/\/www.freimarianne.ch\/wp-content\/gallery\/simplonpass-7-7-23\/IMG_4106.jpeg\"\n               title=\"Blick zur\u00fcck auf den Hopschusee; Wasenhorn 3246m,  Monte Leone 3552m, Breithorn 3438m, H\u00fcbschhorn 3192m\"\n               data-src=\"https:\/\/www.freimarianne.ch\/wp-content\/gallery\/simplonpass-7-7-23\/IMG_4106.jpeg\"\n               data-thumbnail=\"https:\/\/www.freimarianne.ch\/wp-content\/gallery\/simplonpass-7-7-23\/thumbs\/thumbs_IMG_4106.jpeg\"\n               data-image-id=\"31270\"\n               data-title=\"IMG_4106\"\n               data-description=\"Blick zur\u00fcck auf den Hopschusee; Wasenhorn 3246m,  Monte Leone 3552m, Breithorn 3438m, H\u00fcbschhorn 3192m\"\n               data-image-slug=\"img_4106-2\"\n               class=\"shutterset_5616502a5ab4681bd8c8f5965dd7817a\">\n                <img\n                    title=\"IMG_4106\"\n                    alt=\"IMG_4106\"\n                    src=\"https:\/\/www.freimarianne.ch\/wp-content\/gallery\/simplonpass-7-7-23\/cache\/IMG_4106.jpeg-nggid0531270-ngg0dyn-100x75x100-00f0w010c010r110f110r010t010.jpeg\"\n                    width=\"100\"\n                    height=\"75\"\n                    style=\"max-width:100%;\"\n                \/>\n            <\/a>\n        <\/div>\n\t\t\t\t\t\t\t<\/div> \n\t\t\t\n                            \n\t\t\t\t<div id=\"ngg-image-11\" class=\"ngg-gallery-thumbnail-box\" >\n\t\t\t\t        <div class=\"ngg-gallery-thumbnail\">\n            <a href=\"https:\/\/www.freimarianne.ch\/wp-content\/gallery\/simplonpass-7-7-23\/IMG_4108.jpeg\"\n               title=\"Hopsche;  Monte Leone 3552m, Breithorn 3438m, H\u00fcbschhorn 3192m\"\n               data-src=\"https:\/\/www.freimarianne.ch\/wp-content\/gallery\/simplonpass-7-7-23\/IMG_4108.jpeg\"\n               data-thumbnail=\"https:\/\/www.freimarianne.ch\/wp-content\/gallery\/simplonpass-7-7-23\/thumbs\/thumbs_IMG_4108.jpeg\"\n               data-image-id=\"31269\"\n               data-title=\"IMG_4108\"\n               data-description=\"Hopsche;  Monte Leone 3552m, Breithorn 3438m, H\u00fcbschhorn 3192m\"\n               data-image-slug=\"img_4108-1\"\n               class=\"shutterset_5616502a5ab4681bd8c8f5965dd7817a\">\n                <img\n                    title=\"IMG_4108\"\n                    alt=\"IMG_4108\"\n                    src=\"https:\/\/www.freimarianne.ch\/wp-content\/gallery\/simplonpass-7-7-23\/cache\/IMG_4108.jpeg-nggid0531269-ngg0dyn-100x75x100-00f0w010c010r110f110r010t010.jpeg\"\n                    width=\"100\"\n                    height=\"75\"\n                    style=\"max-width:100%;\"\n                \/>\n            <\/a>\n        <\/div>\n\t\t\t\t\t\t\t<\/div> \n\t\t\t\n                                    <br style=\"clear: both\" \/>\n                    \n\t\t\n\t\t<!-- Pagination -->\n\t<div class='ngg-clear'><\/div>\t<\/div>\n\n","protected":false},"excerpt":{"rendered":"<p>Wanderung mit der Gruppe Alpenblick m 10h kommen wir auf Simplon Hospiz an. Wir werden von eine Kuhherde empfangen !Wir machen uns dann auf den Weg und kommen an der kleinen Siedlung vorbei. Die Blumenwiesen sind pr\u00e4chtig hier oben. Wir haben eine gute Sicht hinauf gegen den Monte Leone. Sp\u00e4ter k\u00f6nnen wir in einem Tunnel [&hellip;]<\/p>\n","protected":false},"author":1,"featured_media":0,"parent":62263,"menu_order":5,"comment_status":"closed","ping_status":"closed","template":"","meta":{"ngg_post_thumbnail":0},"_links":{"self":[{"href":"https:\/\/www.freimarianne.ch\/index.php?rest_route=\/wp\/v2\/pages\/62649"}],"collection":[{"href":"https:\/\/www.freimarianne.ch\/index.php?rest_route=\/wp\/v2\/pages"}],"about":[{"href":"https:\/\/www.freimarianne.ch\/index.php?rest_route=\/wp\/v2\/types\/page"}],"author":[{"embeddable":true,"href":"https:\/\/www.freimarianne.ch\/index.php?rest_route=\/wp\/v2\/users\/1"}],"replies":[{"embeddable":true,"href":"https:\/\/www.freimarianne.ch\/index.php?rest_route=%2Fwp%2Fv2%2Fcomments&post=62649"}],"version-history":[{"count":4,"href":"https:\/\/www.freimarianne.ch\/index.php?rest_route=\/wp\/v2\/pages\/62649\/revisions"}],"predecessor-version":[{"id":63114,"href":"https:\/\/www.freimarianne.ch\/index.php?rest_route=\/wp\/v2\/pages\/62649\/revisions\/63114"}],"up":[{"embeddable":true,"href":"https:\/\/www.freimarianne.ch\/index.php?rest_route=\/wp\/v2\/pages\/62263"}],"wp:attachment":[{"href":"https:\/\/www.freimarianne.ch\/index.php?rest_route=%2Fwp%2Fv2%2Fmedia&parent=62649"}],"curies":[{"name":"wp","href":"https:\/\/api.w.org\/{rel}","templated":true}]}}