{"id":62686,"date":"2023-08-01T10:31:19","date_gmt":"2023-08-01T09:31:19","guid":{"rendered":"http:\/\/www.freimarianne.ch\/?page_id=62686"},"modified":"2023-08-01T13:34:02","modified_gmt":"2023-08-01T12:34:02","slug":"grono-weg-nach-sta-maria-ti-17-7-2023","status":"publish","type":"page","link":"https:\/\/www.freimarianne.ch\/?page_id=62686","title":{"rendered":"Grono &#8211; Weg nach Sta. Maria  TI  17.7.2023"},"content":{"rendered":"\n<p><strong>Wanderung<\/strong> <strong>am Eingang des Calancatals<\/strong><\/p>\n\n\n<div id=\"attachment_62681\" style=\"width: 510px\" class=\"wp-caption alignleft\"><img aria-describedby=\"caption-attachment-62681\" loading=\"lazy\" class=\"size-full wp-image-62681\" src=\"http:\/\/www.freimarianne.ch\/wp-content\/uploads\/2023\/08\/IMG_4135_grono_7.23_500.jpeg\" alt=\"\" width=\"500\" height=\"375\" srcset=\"https:\/\/www.freimarianne.ch\/wp-content\/uploads\/2023\/08\/IMG_4135_grono_7.23_500.jpeg 500w, https:\/\/www.freimarianne.ch\/wp-content\/uploads\/2023\/08\/IMG_4135_grono_7.23_500-300x225.jpeg 300w, https:\/\/www.freimarianne.ch\/wp-content\/uploads\/2023\/08\/IMG_4135_grono_7.23_500-400x300.jpeg 400w\" sizes=\"(max-width: 500px) 100vw, 500px\" \/><p id=\"caption-attachment-62681\" class=\"wp-caption-text\">im Bergwald<\/p><\/div>\n<p>Um ca.10h beginge ich meine Wanderung in Grono. Ich m\u00f6chte heute hinauf zum Dorf Sta.Maria steigen. Es ist heute im Tessin sehr heiss und feucht und ich komme bald ins Schwitzen, denn der Weg ist steil und anspruchsvoll, denn es gibt viel hohe Tritte zu bew\u00e4ltigen. Um 11.07h bin ich bei der Abzweigung hinauf in den steilen Hang, PIisella 614m. ich gehe ein St\u00fcck hinauf kehre dann aber wieder zur\u00fcck. Warum soll ich mir das bei dieser Hitze antun?<br>So wandere ich wieder zur\u00fcck und mache oberhalb dem Dorf Grono bei einer H\u00fctte einen Mittagshalt. In Grono finde ich ein nettes Caf\u00e9, wo ich auf den Bus um 13.37h warten kann.<\/p>\n<p>Es war heute sehr heiss aber ich bin auch noch nicht fit. Ich musste eine l\u00e4ngere Pause einschalten.<\/p>\n<p>Laut Schweizmobil:<br>Distanz: 4.26km; Aufstieg=Abstieg: 300m<br>Wanderzeit: 1h 37min<\/p>\n<p><a href=\"https:\/\/map.schweizmobil.ch\/?lang=de&amp;bgLayer=pk&amp;logo=yes&amp;season=summer&amp;resolution=2.5&amp;E=2731557&amp;N=1123364&amp;photos=yes&amp;detours=yes&amp;layers=Wanderland%2CStation&amp;trackId=1089634466\">Karte Schweizmobil:<\/a><\/p>\n\n\n<!-- index.php -->\n<div\n\tclass=\"ngg-galleryoverview ngg-ajax-pagination-none\"\n\tid=\"ngg-gallery-d0b485035f6136ca26204e009c6bf1e6-1\">\n\n    \t<div class=\"slideshowlink\">\n        <a href='https:\/\/www.freimarianne.ch\/index.php\/nggallery\/slideshow?page_id=62686'>[Show as slideshow]<\/a>\n\t\t\n\t<\/div>\n\t\t\t<!-- Thumbnails -->\n\t\t\t\t<div id=\"ngg-image-0\" class=\"ngg-gallery-thumbnail-box\" >\n\t\t\t\t        <div class=\"ngg-gallery-thumbnail\">\n            <a href=\"https:\/\/www.freimarianne.ch\/wp-content\/gallery\/grono-17-7-23-1\/IMG_4124.jpeg\"\n               title=\"in Grono\"\n               data-src=\"https:\/\/www.freimarianne.ch\/wp-content\/gallery\/grono-17-7-23-1\/IMG_4124.jpeg\"\n               data-thumbnail=\"https:\/\/www.freimarianne.ch\/wp-content\/gallery\/grono-17-7-23-1\/thumbs\/thumbs_IMG_4124.jpeg\"\n               data-image-id=\"31287\"\n               data-title=\"IMG_4124\"\n               data-description=\"in Grono\"\n               data-image-slug=\"img_4124-2\"\n               class=\"shutterset_d0b485035f6136ca26204e009c6bf1e6\">\n                <img\n                    title=\"IMG_4124\"\n                    alt=\"IMG_4124\"\n                    src=\"https:\/\/www.freimarianne.ch\/wp-content\/gallery\/grono-17-7-23-1\/cache\/IMG_4124.jpeg-nggid0531287-ngg0dyn-100x75x100-00f0w010c010r110f110r010t010.jpeg\"\n                    width=\"100\"\n                    height=\"75\"\n                    style=\"max-width:100%;\"\n                \/>\n            <\/a>\n        <\/div>\n\t\t\t\t\t\t\t<\/div> \n\t\t\t\n                            \n\t\t\t\t<div id=\"ngg-image-1\" class=\"ngg-gallery-thumbnail-box\" >\n\t\t\t\t        <div class=\"ngg-gallery-thumbnail\">\n            <a href=\"https:\/\/www.freimarianne.ch\/wp-content\/gallery\/grono-17-7-23-1\/IMG_4126.jpeg\"\n               title=\"in Grono\"\n               data-src=\"https:\/\/www.freimarianne.ch\/wp-content\/gallery\/grono-17-7-23-1\/IMG_4126.jpeg\"\n               data-thumbnail=\"https:\/\/www.freimarianne.ch\/wp-content\/gallery\/grono-17-7-23-1\/thumbs\/thumbs_IMG_4126.jpeg\"\n               data-image-id=\"31289\"\n               data-title=\"IMG_4126\"\n               data-description=\"in Grono\"\n               data-image-slug=\"img_4126-4\"\n               class=\"shutterset_d0b485035f6136ca26204e009c6bf1e6\">\n                <img\n                    title=\"IMG_4126\"\n                    alt=\"IMG_4126\"\n                    src=\"https:\/\/www.freimarianne.ch\/wp-content\/gallery\/grono-17-7-23-1\/cache\/IMG_4126.jpeg-nggid0531289-ngg0dyn-100x75x100-00f0w010c010r110f110r010t010.jpeg\"\n                    width=\"100\"\n                    height=\"75\"\n                    style=\"max-width:100%;\"\n                \/>\n            <\/a>\n        <\/div>\n\t\t\t\t\t\t\t<\/div> \n\t\t\t\n                            \n\t\t\t\t<div id=\"ngg-image-2\" class=\"ngg-gallery-thumbnail-box\" >\n\t\t\t\t        <div class=\"ngg-gallery-thumbnail\">\n            <a href=\"https:\/\/www.freimarianne.ch\/wp-content\/gallery\/grono-17-7-23-1\/IMG_4127.jpeg\"\n               title=\"Einstieg in den Wanderweg\"\n               data-src=\"https:\/\/www.freimarianne.ch\/wp-content\/gallery\/grono-17-7-23-1\/IMG_4127.jpeg\"\n               data-thumbnail=\"https:\/\/www.freimarianne.ch\/wp-content\/gallery\/grono-17-7-23-1\/thumbs\/thumbs_IMG_4127.jpeg\"\n               data-image-id=\"31291\"\n               data-title=\"IMG_4127\"\n               data-description=\"Einstieg in den Wanderweg\"\n               data-image-slug=\"img_4127-4\"\n               class=\"shutterset_d0b485035f6136ca26204e009c6bf1e6\">\n                <img\n                    title=\"IMG_4127\"\n                    alt=\"IMG_4127\"\n                    src=\"https:\/\/www.freimarianne.ch\/wp-content\/gallery\/grono-17-7-23-1\/cache\/IMG_4127.jpeg-nggid0531291-ngg0dyn-100x75x100-00f0w010c010r110f110r010t010.jpeg\"\n                    width=\"100\"\n                    height=\"75\"\n                    style=\"max-width:100%;\"\n                \/>\n            <\/a>\n        <\/div>\n\t\t\t\t\t\t\t<\/div> \n\t\t\t\n                            \n\t\t\t\t<div id=\"ngg-image-3\" class=\"ngg-gallery-thumbnail-box\" >\n\t\t\t\t        <div class=\"ngg-gallery-thumbnail\">\n            <a href=\"https:\/\/www.freimarianne.ch\/wp-content\/gallery\/grono-17-7-23-1\/IMG_4128.jpeg\"\n               title=\"Blick  auf den Fluss  aus dem Calancatal\"\n               data-src=\"https:\/\/www.freimarianne.ch\/wp-content\/gallery\/grono-17-7-23-1\/IMG_4128.jpeg\"\n               data-thumbnail=\"https:\/\/www.freimarianne.ch\/wp-content\/gallery\/grono-17-7-23-1\/thumbs\/thumbs_IMG_4128.jpeg\"\n               data-image-id=\"31292\"\n               data-title=\"IMG_4128\"\n               data-description=\"Blick  auf den Fluss  aus dem Calancatal\"\n               data-image-slug=\"img_4128-2\"\n               class=\"shutterset_d0b485035f6136ca26204e009c6bf1e6\">\n                <img\n                    title=\"IMG_4128\"\n                    alt=\"IMG_4128\"\n                    src=\"https:\/\/www.freimarianne.ch\/wp-content\/gallery\/grono-17-7-23-1\/cache\/IMG_4128.jpeg-nggid0531292-ngg0dyn-100x75x100-00f0w010c010r110f110r010t010.jpeg\"\n                    width=\"100\"\n                    height=\"75\"\n                    style=\"max-width:100%;\"\n                \/>\n            <\/a>\n        <\/div>\n\t\t\t\t\t\t\t<\/div> \n\t\t\t\n                                    <br style=\"clear: both\" \/>\n                    \n\t\t\t\t<div id=\"ngg-image-4\" class=\"ngg-gallery-thumbnail-box\" >\n\t\t\t\t        <div class=\"ngg-gallery-thumbnail\">\n            <a href=\"https:\/\/www.freimarianne.ch\/wp-content\/gallery\/grono-17-7-23-1\/IMG_4129.jpeg\"\n               title=\"Blick hinunter ins Tal\"\n               data-src=\"https:\/\/www.freimarianne.ch\/wp-content\/gallery\/grono-17-7-23-1\/IMG_4129.jpeg\"\n               data-thumbnail=\"https:\/\/www.freimarianne.ch\/wp-content\/gallery\/grono-17-7-23-1\/thumbs\/thumbs_IMG_4129.jpeg\"\n               data-image-id=\"31290\"\n               data-title=\"IMG_4129\"\n               data-description=\"Blick hinunter ins Tal\"\n               data-image-slug=\"img_4129-2\"\n               class=\"shutterset_d0b485035f6136ca26204e009c6bf1e6\">\n                <img\n                    title=\"IMG_4129\"\n                    alt=\"IMG_4129\"\n                    src=\"https:\/\/www.freimarianne.ch\/wp-content\/gallery\/grono-17-7-23-1\/cache\/IMG_4129.jpeg-nggid0531290-ngg0dyn-100x75x100-00f0w010c010r110f110r010t010.jpeg\"\n                    width=\"100\"\n                    height=\"75\"\n                    style=\"max-width:100%;\"\n                \/>\n            <\/a>\n        <\/div>\n\t\t\t\t\t\t\t<\/div> \n\t\t\t\n                            \n\t\t\t\t<div id=\"ngg-image-5\" class=\"ngg-gallery-thumbnail-box\" >\n\t\t\t\t        <div class=\"ngg-gallery-thumbnail\">\n            <a href=\"https:\/\/www.freimarianne.ch\/wp-content\/gallery\/grono-17-7-23-1\/IMG_4134.jpeg\"\n               title=\"bei Pisella 614m\"\n               data-src=\"https:\/\/www.freimarianne.ch\/wp-content\/gallery\/grono-17-7-23-1\/IMG_4134.jpeg\"\n               data-thumbnail=\"https:\/\/www.freimarianne.ch\/wp-content\/gallery\/grono-17-7-23-1\/thumbs\/thumbs_IMG_4134.jpeg\"\n               data-image-id=\"31288\"\n               data-title=\"IMG_4134\"\n               data-description=\"bei Pisella 614m\"\n               data-image-slug=\"img_4134-2\"\n               class=\"shutterset_d0b485035f6136ca26204e009c6bf1e6\">\n                <img\n                    title=\"IMG_4134\"\n                    alt=\"IMG_4134\"\n                    src=\"https:\/\/www.freimarianne.ch\/wp-content\/gallery\/grono-17-7-23-1\/cache\/IMG_4134.jpeg-nggid0531288-ngg0dyn-100x75x100-00f0w010c010r110f110r010t010.jpeg\"\n                    width=\"100\"\n                    height=\"75\"\n                    style=\"max-width:100%;\"\n                \/>\n            <\/a>\n        <\/div>\n\t\t\t\t\t\t\t<\/div> \n\t\t\t\n                            \n\t\t\t\t<div id=\"ngg-image-6\" class=\"ngg-gallery-thumbnail-box\" >\n\t\t\t\t        <div class=\"ngg-gallery-thumbnail\">\n            <a href=\"https:\/\/www.freimarianne.ch\/wp-content\/gallery\/grono-17-7-23-1\/IMG_4136.jpeg\"\n               title=\"im Bergwald\"\n               data-src=\"https:\/\/www.freimarianne.ch\/wp-content\/gallery\/grono-17-7-23-1\/IMG_4136.jpeg\"\n               data-thumbnail=\"https:\/\/www.freimarianne.ch\/wp-content\/gallery\/grono-17-7-23-1\/thumbs\/thumbs_IMG_4136.jpeg\"\n               data-image-id=\"31293\"\n               data-title=\"IMG_4136\"\n               data-description=\"im Bergwald\"\n               data-image-slug=\"img_4136-3\"\n               class=\"shutterset_d0b485035f6136ca26204e009c6bf1e6\">\n                <img\n                    title=\"IMG_4136\"\n                    alt=\"IMG_4136\"\n                    src=\"https:\/\/www.freimarianne.ch\/wp-content\/gallery\/grono-17-7-23-1\/cache\/IMG_4136.jpeg-nggid0531293-ngg0dyn-100x75x100-00f0w010c010r110f110r010t010.jpeg\"\n                    width=\"100\"\n                    height=\"75\"\n                    style=\"max-width:100%;\"\n                \/>\n            <\/a>\n        <\/div>\n\t\t\t\t\t\t\t<\/div> \n\t\t\t\n                            \n\t\t\t\t<div id=\"ngg-image-7\" class=\"ngg-gallery-thumbnail-box\" >\n\t\t\t\t        <div class=\"ngg-gallery-thumbnail\">\n            <a href=\"https:\/\/www.freimarianne.ch\/wp-content\/gallery\/grono-17-7-23-1\/IMG_4137.jpeg\"\n               title=\"fat unten; hier ist der Weg nicht sichtbar\"\n               data-src=\"https:\/\/www.freimarianne.ch\/wp-content\/gallery\/grono-17-7-23-1\/IMG_4137.jpeg\"\n               data-thumbnail=\"https:\/\/www.freimarianne.ch\/wp-content\/gallery\/grono-17-7-23-1\/thumbs\/thumbs_IMG_4137.jpeg\"\n               data-image-id=\"31294\"\n               data-title=\"IMG_4137\"\n               data-description=\"fat unten; hier ist der Weg nicht sichtbar\"\n               data-image-slug=\"img_4137-5\"\n               class=\"shutterset_d0b485035f6136ca26204e009c6bf1e6\">\n                <img\n                    title=\"IMG_4137\"\n                    alt=\"IMG_4137\"\n                    src=\"https:\/\/www.freimarianne.ch\/wp-content\/gallery\/grono-17-7-23-1\/cache\/IMG_4137.jpeg-nggid0531294-ngg0dyn-100x75x100-00f0w010c010r110f110r010t010.jpeg\"\n                    width=\"100\"\n                    height=\"75\"\n                    style=\"max-width:100%;\"\n                \/>\n            <\/a>\n        <\/div>\n\t\t\t\t\t\t\t<\/div> \n\t\t\t\n                                    <br style=\"clear: both\" \/>\n                    \n\t\t\n\t\t<!-- Pagination -->\n\t<div class='ngg-clear'><\/div>\t<\/div>\n\n","protected":false},"excerpt":{"rendered":"<p>Wanderung am Eingang des Calancatals Um ca.10h beginge ich meine Wanderung in Grono. Ich m\u00f6chte heute hinauf zum Dorf Sta.Maria steigen. Es ist heute im Tessin sehr heiss und feucht und ich komme bald ins Schwitzen, denn der Weg ist steil und anspruchsvoll, denn es gibt viel hohe Tritte zu bew\u00e4ltigen. Um 11.07h bin ich [&hellip;]<\/p>\n","protected":false},"author":1,"featured_media":0,"parent":62263,"menu_order":7,"comment_status":"closed","ping_status":"closed","template":"","meta":{"ngg_post_thumbnail":0},"_links":{"self":[{"href":"https:\/\/www.freimarianne.ch\/index.php?rest_route=\/wp\/v2\/pages\/62686"}],"collection":[{"href":"https:\/\/www.freimarianne.ch\/index.php?rest_route=\/wp\/v2\/pages"}],"about":[{"href":"https:\/\/www.freimarianne.ch\/index.php?rest_route=\/wp\/v2\/types\/page"}],"author":[{"embeddable":true,"href":"https:\/\/www.freimarianne.ch\/index.php?rest_route=\/wp\/v2\/users\/1"}],"replies":[{"embeddable":true,"href":"https:\/\/www.freimarianne.ch\/index.php?rest_route=%2Fwp%2Fv2%2Fcomments&post=62686"}],"version-history":[{"count":4,"href":"https:\/\/www.freimarianne.ch\/index.php?rest_route=\/wp\/v2\/pages\/62686\/revisions"}],"predecessor-version":[{"id":62786,"href":"https:\/\/www.freimarianne.ch\/index.php?rest_route=\/wp\/v2\/pages\/62686\/revisions\/62786"}],"up":[{"embeddable":true,"href":"https:\/\/www.freimarianne.ch\/index.php?rest_route=\/wp\/v2\/pages\/62263"}],"wp:attachment":[{"href":"https:\/\/www.freimarianne.ch\/index.php?rest_route=%2Fwp%2Fv2%2Fmedia&parent=62686"}],"curies":[{"name":"wp","href":"https:\/\/api.w.org\/{rel}","templated":true}]}}