{"id":62693,"date":"2023-08-01T10:41:16","date_gmt":"2023-08-01T09:41:16","guid":{"rendered":"http:\/\/www.freimarianne.ch\/?page_id=62693"},"modified":"2023-08-01T14:10:24","modified_gmt":"2023-08-01T13:10:24","slug":"quinten-walenstadt-sg-23-7-2023","status":"publish","type":"page","link":"https:\/\/www.freimarianne.ch\/?page_id=62693","title":{"rendered":"Quinten &#8211; Walenstadt  SG  23.7.2023"},"content":{"rendered":"<div id=\"attachment_62683\" style=\"width: 510px\" class=\"wp-caption alignleft\"><img aria-describedby=\"caption-attachment-62683\" loading=\"lazy\" class=\"size-full wp-image-62683\" src=\"http:\/\/www.freimarianne.ch\/wp-content\/uploads\/2023\/08\/Quinten_7.23_500.jpeg\" alt=\"\" width=\"500\" height=\"396\" srcset=\"https:\/\/www.freimarianne.ch\/wp-content\/uploads\/2023\/08\/Quinten_7.23_500.jpeg 500w, https:\/\/www.freimarianne.ch\/wp-content\/uploads\/2023\/08\/Quinten_7.23_500-300x238.jpeg 300w, https:\/\/www.freimarianne.ch\/wp-content\/uploads\/2023\/08\/Quinten_7.23_500-379x300.jpeg 379w\" sizes=\"(max-width: 500px) 100vw, 500px\" \/><p id=\"caption-attachment-62683\" class=\"wp-caption-text\">auf dem Wanderweg<\/p><\/div>\n<p>ch bin heute unterwegs mit dem Novartis Berg&amp;Skiclub. In Murg erwischen wir wegen einer Versp\u00e4tung das Schiff nach Quinten leider nicht mehr. Daf\u00fcr gibt es einen Kaffeehalt im sch\u00f6nen, noblen Restaurant.So beginnen wir unsere Wanderung von Au aus eine Stunde sp\u00e4ter. Wir wandern \u00fcber Schilt, Gand, Josenhaab, Gandhi, Garadur 829m, im teils steilen Gel\u00e4nde hinauf nach \u00c4nge 851m, wo wir unseren Mittagshalt machen. Dann geht es auf der Waldstrasse hinunter nach Walenstadt . Der Weg vom See zum Bahnhof zieht sich in die L\u00e4nge. Am Bahnhof ist das Restaurant geschlossen! Aber es findet sich ein Kiosk, wo die Leute Bier kaufen k\u00f6nnen.<\/p>\n<p>Laut Schweizmobil:<\/p>\n<p>Distanz: 9.61km; Aufstieg 512m; Abstieg: 509m, Wanderzeit: 3h 10 min<\/p>\n<p><a href=\"https:\/\/map.schweizmobil.ch\/?lang=de&amp;bgLayer=pk&amp;logo=yes&amp;season=summer&amp;resolution=2.5&amp;E=2741795&amp;N=1220592&amp;photos=yes&amp;detours=yes&amp;layers=Wanderland%2CStation&amp;trackId=53491416\">Karte Schweizmobil:<\/a><\/p>\n\n\n<!-- index.php -->\n<div\n\tclass=\"ngg-galleryoverview ngg-ajax-pagination-none\"\n\tid=\"ngg-gallery-f7d863c35467e72dc403384368b0842c-1\">\n\n    \t<div class=\"slideshowlink\">\n        <a href='https:\/\/www.freimarianne.ch\/index.php\/nggallery\/slideshow?page_id=62693'>[Show as slideshow]<\/a>\n\t\t\n\t<\/div>\n\t\t\t<!-- Thumbnails -->\n\t\t\t\t<div id=\"ngg-image-0\" class=\"ngg-gallery-thumbnail-box\" >\n\t\t\t\t        <div class=\"ngg-gallery-thumbnail\">\n            <a href=\"https:\/\/www.freimarianne.ch\/wp-content\/gallery\/walensee-23-7-23\/IMG_4208.jpeg\"\n               title=\"pr\u00e4chtiger Walensee; mi Sichelchamm\"\n               data-src=\"https:\/\/www.freimarianne.ch\/wp-content\/gallery\/walensee-23-7-23\/IMG_4208.jpeg\"\n               data-thumbnail=\"https:\/\/www.freimarianne.ch\/wp-content\/gallery\/walensee-23-7-23\/thumbs\/thumbs_IMG_4208.jpeg\"\n               data-image-id=\"31307\"\n               data-title=\"pr\u00e4chtiger Walensee; mi Sichelchamm\"\n               data-description=\"pr\u00e4chtiger Walensee; mi Sichelchamm\"\n               data-image-slug=\"img_4208-2\"\n               class=\"shutterset_f7d863c35467e72dc403384368b0842c\">\n                <img\n                    title=\"pr\u00e4chtiger Walensee; mi Sichelchamm\"\n                    alt=\"pr\u00e4chtiger Walensee; mi Sichelchamm\"\n                    src=\"https:\/\/www.freimarianne.ch\/wp-content\/gallery\/walensee-23-7-23\/cache\/IMG_4208.jpeg-nggid0531307-ngg0dyn-100x75x100-00f0w010c010r110f110r010t010.jpeg\"\n                    width=\"100\"\n                    height=\"75\"\n                    style=\"max-width:100%;\"\n                \/>\n            <\/a>\n        <\/div>\n\t\t\t\t\t\t\t<\/div> \n\t\t\t\n                            \n\t\t\t\t<div id=\"ngg-image-1\" class=\"ngg-gallery-thumbnail-box\" >\n\t\t\t\t        <div class=\"ngg-gallery-thumbnail\">\n            <a href=\"https:\/\/www.freimarianne.ch\/wp-content\/gallery\/walensee-23-7-23\/IMG_4209.jpeg\"\n               title=\"pr\u00e4chtiger Walensee; Badem\u00f6glichkeit\"\n               data-src=\"https:\/\/www.freimarianne.ch\/wp-content\/gallery\/walensee-23-7-23\/IMG_4209.jpeg\"\n               data-thumbnail=\"https:\/\/www.freimarianne.ch\/wp-content\/gallery\/walensee-23-7-23\/thumbs\/thumbs_IMG_4209.jpeg\"\n               data-image-id=\"31308\"\n               data-title=\"pr\u00e4chtiger Walensee; Badem\u00f6glichkeit\"\n               data-description=\"pr\u00e4chtiger Walensee; Badem\u00f6glichkeit\"\n               data-image-slug=\"img_4209\"\n               class=\"shutterset_f7d863c35467e72dc403384368b0842c\">\n                <img\n                    title=\"pr\u00e4chtiger Walensee; Badem\u00f6glichkeit\"\n                    alt=\"pr\u00e4chtiger Walensee; Badem\u00f6glichkeit\"\n                    src=\"https:\/\/www.freimarianne.ch\/wp-content\/gallery\/walensee-23-7-23\/cache\/IMG_4209.jpeg-nggid0531308-ngg0dyn-100x75x100-00f0w010c010r110f110r010t010.jpeg\"\n                    width=\"100\"\n                    height=\"75\"\n                    style=\"max-width:100%;\"\n                \/>\n            <\/a>\n        <\/div>\n\t\t\t\t\t\t\t<\/div> \n\t\t\t\n                            \n\t\t\t\t<div id=\"ngg-image-2\" class=\"ngg-gallery-thumbnail-box\" >\n\t\t\t\t        <div class=\"ngg-gallery-thumbnail\">\n            <a href=\"https:\/\/www.freimarianne.ch\/wp-content\/gallery\/walensee-23-7-23\/IMG_4210.jpeg\"\n               title=\"in Au\"\n               data-src=\"https:\/\/www.freimarianne.ch\/wp-content\/gallery\/walensee-23-7-23\/IMG_4210.jpeg\"\n               data-thumbnail=\"https:\/\/www.freimarianne.ch\/wp-content\/gallery\/walensee-23-7-23\/thumbs\/thumbs_IMG_4210.jpeg\"\n               data-image-id=\"31311\"\n               data-title=\"in Au\"\n               data-description=\"in Au\"\n               data-image-slug=\"img_4210-3\"\n               class=\"shutterset_f7d863c35467e72dc403384368b0842c\">\n                <img\n                    title=\"in Au\"\n                    alt=\"in Au\"\n                    src=\"https:\/\/www.freimarianne.ch\/wp-content\/gallery\/walensee-23-7-23\/cache\/IMG_4210.jpeg-nggid0531311-ngg0dyn-100x75x100-00f0w010c010r110f110r010t010.jpeg\"\n                    width=\"100\"\n                    height=\"75\"\n                    style=\"max-width:100%;\"\n                \/>\n            <\/a>\n        <\/div>\n\t\t\t\t\t\t\t<\/div> \n\t\t\t\n                            \n\t\t\t\t<div id=\"ngg-image-3\" class=\"ngg-gallery-thumbnail-box\" >\n\t\t\t\t        <div class=\"ngg-gallery-thumbnail\">\n            <a href=\"https:\/\/www.freimarianne.ch\/wp-content\/gallery\/walensee-23-7-23\/IMG_4212.jpeg\"\n               title=\"Palme und Reben\"\n               data-src=\"https:\/\/www.freimarianne.ch\/wp-content\/gallery\/walensee-23-7-23\/IMG_4212.jpeg\"\n               data-thumbnail=\"https:\/\/www.freimarianne.ch\/wp-content\/gallery\/walensee-23-7-23\/thumbs\/thumbs_IMG_4212.jpeg\"\n               data-image-id=\"31312\"\n               data-title=\"Palme und Reben\"\n               data-description=\"Palme und Reben\"\n               data-image-slug=\"img_4212-3\"\n               class=\"shutterset_f7d863c35467e72dc403384368b0842c\">\n                <img\n                    title=\"Palme und Reben\"\n                    alt=\"Palme und Reben\"\n                    src=\"https:\/\/www.freimarianne.ch\/wp-content\/gallery\/walensee-23-7-23\/cache\/IMG_4212.jpeg-nggid0531312-ngg0dyn-100x75x100-00f0w010c010r110f110r010t010.jpeg\"\n                    width=\"89\"\n                    height=\"75\"\n                    style=\"max-width:100%;\"\n                \/>\n            <\/a>\n        <\/div>\n\t\t\t\t\t\t\t<\/div> \n\t\t\t\n                                    <br style=\"clear: both\" \/>\n                    \n\t\t\t\t<div id=\"ngg-image-4\" class=\"ngg-gallery-thumbnail-box\" >\n\t\t\t\t        <div class=\"ngg-gallery-thumbnail\">\n            <a href=\"https:\/\/www.freimarianne.ch\/wp-content\/gallery\/walensee-23-7-23\/IMG_4215.jpeg\"\n               title=\"pr\u00e4chige Sicht\"\n               data-src=\"https:\/\/www.freimarianne.ch\/wp-content\/gallery\/walensee-23-7-23\/IMG_4215.jpeg\"\n               data-thumbnail=\"https:\/\/www.freimarianne.ch\/wp-content\/gallery\/walensee-23-7-23\/thumbs\/thumbs_IMG_4215.jpeg\"\n               data-image-id=\"31310\"\n               data-title=\"pr\u00e4chige Sicht\"\n               data-description=\"pr\u00e4chige Sicht\"\n               data-image-slug=\"img_4215-5\"\n               class=\"shutterset_f7d863c35467e72dc403384368b0842c\">\n                <img\n                    title=\"pr\u00e4chige Sicht\"\n                    alt=\"pr\u00e4chige Sicht\"\n                    src=\"https:\/\/www.freimarianne.ch\/wp-content\/gallery\/walensee-23-7-23\/cache\/IMG_4215.jpeg-nggid0531310-ngg0dyn-100x75x100-00f0w010c010r110f110r010t010.jpeg\"\n                    width=\"100\"\n                    height=\"75\"\n                    style=\"max-width:100%;\"\n                \/>\n            <\/a>\n        <\/div>\n\t\t\t\t\t\t\t<\/div> \n\t\t\t\n                            \n\t\t\t\t<div id=\"ngg-image-5\" class=\"ngg-gallery-thumbnail-box\" >\n\t\t\t\t        <div class=\"ngg-gallery-thumbnail\">\n            <a href=\"https:\/\/www.freimarianne.ch\/wp-content\/gallery\/walensee-23-7-23\/IMG_4218.jpeg\"\n               title=\"endlich oben\"\n               data-src=\"https:\/\/www.freimarianne.ch\/wp-content\/gallery\/walensee-23-7-23\/IMG_4218.jpeg\"\n               data-thumbnail=\"https:\/\/www.freimarianne.ch\/wp-content\/gallery\/walensee-23-7-23\/thumbs\/thumbs_IMG_4218.jpeg\"\n               data-image-id=\"31309\"\n               data-title=\"endlich oben\"\n               data-description=\"endlich oben\"\n               data-image-slug=\"img_4218-5\"\n               class=\"shutterset_f7d863c35467e72dc403384368b0842c\">\n                <img\n                    title=\"endlich oben\"\n                    alt=\"endlich oben\"\n                    src=\"https:\/\/www.freimarianne.ch\/wp-content\/gallery\/walensee-23-7-23\/cache\/IMG_4218.jpeg-nggid0531309-ngg0dyn-100x75x100-00f0w010c010r110f110r010t010.jpeg\"\n                    width=\"100\"\n                    height=\"71\"\n                    style=\"max-width:100%;\"\n                \/>\n            <\/a>\n        <\/div>\n\t\t\t\t\t\t\t<\/div> \n\t\t\t\n                            \n\t\t\t\t<div id=\"ngg-image-6\" class=\"ngg-gallery-thumbnail-box\" >\n\t\t\t\t        <div class=\"ngg-gallery-thumbnail\">\n            <a href=\"https:\/\/www.freimarianne.ch\/wp-content\/gallery\/walensee-23-7-23\/IMG_4222.jpeg\"\n               title=\"Blick auf die Churfirsten;\"\n               data-src=\"https:\/\/www.freimarianne.ch\/wp-content\/gallery\/walensee-23-7-23\/IMG_4222.jpeg\"\n               data-thumbnail=\"https:\/\/www.freimarianne.ch\/wp-content\/gallery\/walensee-23-7-23\/thumbs\/thumbs_IMG_4222.jpeg\"\n               data-image-id=\"31313\"\n               data-title=\"Blick auf die Churfirsten;\"\n               data-description=\"Blick auf die Churfirsten;\"\n               data-image-slug=\"img_4222-6\"\n               class=\"shutterset_f7d863c35467e72dc403384368b0842c\">\n                <img\n                    title=\"Blick auf die Churfirsten;\"\n                    alt=\"Blick auf die Churfirsten;\"\n                    src=\"https:\/\/www.freimarianne.ch\/wp-content\/gallery\/walensee-23-7-23\/cache\/IMG_4222.jpeg-nggid0531313-ngg0dyn-100x75x100-00f0w010c010r110f110r010t010.jpeg\"\n                    width=\"100\"\n                    height=\"75\"\n                    style=\"max-width:100%;\"\n                \/>\n            <\/a>\n        <\/div>\n\t\t\t\t\t\t\t<\/div> \n\t\t\t\n                            \n\t\t\t\t<div id=\"ngg-image-7\" class=\"ngg-gallery-thumbnail-box\" >\n\t\t\t\t        <div class=\"ngg-gallery-thumbnail\">\n            <a href=\"https:\/\/www.freimarianne.ch\/wp-content\/gallery\/walensee-23-7-23\/IMG_4224.jpeg\"\n               title=\"Sichelchamm\"\n               data-src=\"https:\/\/www.freimarianne.ch\/wp-content\/gallery\/walensee-23-7-23\/IMG_4224.jpeg\"\n               data-thumbnail=\"https:\/\/www.freimarianne.ch\/wp-content\/gallery\/walensee-23-7-23\/thumbs\/thumbs_IMG_4224.jpeg\"\n               data-image-id=\"31314\"\n               data-title=\"Sichelchamm\"\n               data-description=\"Sichelchamm\"\n               data-image-slug=\"img_4224-7\"\n               class=\"shutterset_f7d863c35467e72dc403384368b0842c\">\n                <img\n                    title=\"Sichelchamm\"\n                    alt=\"Sichelchamm\"\n                    src=\"https:\/\/www.freimarianne.ch\/wp-content\/gallery\/walensee-23-7-23\/cache\/IMG_4224.jpeg-nggid0531314-ngg0dyn-100x75x100-00f0w010c010r110f110r010t010.jpeg\"\n                    width=\"100\"\n                    height=\"71\"\n                    style=\"max-width:100%;\"\n                \/>\n            <\/a>\n        <\/div>\n\t\t\t\t\t\t\t<\/div> \n\t\t\t\n                                    <br style=\"clear: both\" \/>\n                    \n\t\t\t\t<div id=\"ngg-image-8\" class=\"ngg-gallery-thumbnail-box\" >\n\t\t\t\t        <div class=\"ngg-gallery-thumbnail\">\n            <a href=\"https:\/\/www.freimarianne.ch\/wp-content\/gallery\/walensee-23-7-23\/IMG_4225.jpeg\"\n               title=\"Sicht auf Walenstadt und See\"\n               data-src=\"https:\/\/www.freimarianne.ch\/wp-content\/gallery\/walensee-23-7-23\/IMG_4225.jpeg\"\n               data-thumbnail=\"https:\/\/www.freimarianne.ch\/wp-content\/gallery\/walensee-23-7-23\/thumbs\/thumbs_IMG_4225.jpeg\"\n               data-image-id=\"31315\"\n               data-title=\"Sicht auf Walenstadt und See\"\n               data-description=\"Sicht auf Walenstadt und See\"\n               data-image-slug=\"img_4225-5\"\n               class=\"shutterset_f7d863c35467e72dc403384368b0842c\">\n                <img\n                    title=\"Sicht auf Walenstadt und See\"\n                    alt=\"Sicht auf Walenstadt und See\"\n                    src=\"https:\/\/www.freimarianne.ch\/wp-content\/gallery\/walensee-23-7-23\/cache\/IMG_4225.jpeg-nggid0531315-ngg0dyn-100x75x100-00f0w010c010r110f110r010t010.jpeg\"\n                    width=\"100\"\n                    height=\"70\"\n                    style=\"max-width:100%;\"\n                \/>\n            <\/a>\n        <\/div>\n\t\t\t\t\t\t\t<\/div> \n\t\t\t\n                            \n\t\t\n\t\t<!-- Pagination -->\n\t<div class='ngg-clear'><\/div>\t<\/div>\n\n","protected":false},"excerpt":{"rendered":"<p>ch bin heute unterwegs mit dem Novartis Berg&amp;Skiclub. In Murg erwischen wir wegen einer Versp\u00e4tung das Schiff nach Quinten leider nicht mehr. Daf\u00fcr gibt es einen Kaffeehalt im sch\u00f6nen, noblen Restaurant.So beginnen wir unsere Wanderung von Au aus eine Stunde sp\u00e4ter. Wir wandern \u00fcber Schilt, Gand, Josenhaab, Gandhi, Garadur 829m, im teils steilen Gel\u00e4nde hinauf [&hellip;]<\/p>\n","protected":false},"author":1,"featured_media":0,"parent":62263,"menu_order":9,"comment_status":"closed","ping_status":"closed","template":"","meta":{"ngg_post_thumbnail":0},"_links":{"self":[{"href":"https:\/\/www.freimarianne.ch\/index.php?rest_route=\/wp\/v2\/pages\/62693"}],"collection":[{"href":"https:\/\/www.freimarianne.ch\/index.php?rest_route=\/wp\/v2\/pages"}],"about":[{"href":"https:\/\/www.freimarianne.ch\/index.php?rest_route=\/wp\/v2\/types\/page"}],"author":[{"embeddable":true,"href":"https:\/\/www.freimarianne.ch\/index.php?rest_route=\/wp\/v2\/users\/1"}],"replies":[{"embeddable":true,"href":"https:\/\/www.freimarianne.ch\/index.php?rest_route=%2Fwp%2Fv2%2Fcomments&post=62693"}],"version-history":[{"count":2,"href":"https:\/\/www.freimarianne.ch\/index.php?rest_route=\/wp\/v2\/pages\/62693\/revisions"}],"predecessor-version":[{"id":62819,"href":"https:\/\/www.freimarianne.ch\/index.php?rest_route=\/wp\/v2\/pages\/62693\/revisions\/62819"}],"up":[{"embeddable":true,"href":"https:\/\/www.freimarianne.ch\/index.php?rest_route=\/wp\/v2\/pages\/62263"}],"wp:attachment":[{"href":"https:\/\/www.freimarianne.ch\/index.php?rest_route=%2Fwp%2Fv2%2Fmedia&parent=62693"}],"curies":[{"name":"wp","href":"https:\/\/api.w.org\/{rel}","templated":true}]}}