{"id":63044,"date":"2023-09-16T09:46:30","date_gmt":"2023-09-16T08:46:30","guid":{"rendered":"http:\/\/www.freimarianne.ch\/?page_id=63044"},"modified":"2023-09-16T09:58:26","modified_gmt":"2023-09-16T08:58:26","slug":"gorges-du-pilouvi-be-9-9-2023","status":"publish","type":"page","link":"https:\/\/www.freimarianne.ch\/?page_id=63044","title":{"rendered":"Gorges du Pilouvi  BE 9.9.2023"},"content":{"rendered":"\n<p><strong>Von La Neuveville durch die Combe de Pilouvi nach Ligni\u00e8res und hinunter nach le Landeron<\/strong><\/p>\n\n\n<div id=\"attachment_63042\" style=\"width: 510px\" class=\"wp-caption alignleft\"><img aria-describedby=\"caption-attachment-63042\" loading=\"lazy\" class=\"size-full wp-image-63042\" src=\"http:\/\/www.freimarianne.ch\/wp-content\/uploads\/2023\/09\/IMG_4633._pilouvi_9.23_500.jpeg\" alt=\"\" width=\"500\" height=\"394\" srcset=\"https:\/\/www.freimarianne.ch\/wp-content\/uploads\/2023\/09\/IMG_4633._pilouvi_9.23_500.jpeg 500w, https:\/\/www.freimarianne.ch\/wp-content\/uploads\/2023\/09\/IMG_4633._pilouvi_9.23_500-300x236.jpeg 300w, https:\/\/www.freimarianne.ch\/wp-content\/uploads\/2023\/09\/IMG_4633._pilouvi_9.23_500-381x300.jpeg 381w\" sizes=\"(max-width: 500px) 100vw, 500px\" \/><p id=\"caption-attachment-63042\" class=\"wp-caption-text\">sch\u00f6ner Weg zu den Gorges Pilouvi<\/p><\/div>\n<p>Heute soll es nochmals heiss werden!<br>Da ist eine Schluchtwanderung gerade das Richtige ! Ich war bereits einmal in La Neuveville und habe auf der Karte den Weg durch die Gorges Pilouvie gesehen und m\u00f6chte sie kennenlernen.<br>Wir kommen um 9.51h in la Neuveville an. Das malerische St\u00e4dtchen r\u00fcstet sich f\u00fcr das F\u00eate de Vin, das heute stattfinden wird. Daher ist die Hauptgasse nicht im besten Licht zu sehen!<br>Aber wir kommen schnell aus dem Ort hinaus und befinden uns bald auf einem Pfad, der mitten durch die Weinberge f\u00fchrt.<br>Es ist eine Freude, die voll mit Trauben behangenen Weinst\u00f6cke anzusehen! <br>Wir erreichen dann den Wald und damit den Beginn der eigentlichen Schlucht und es geht gleich \u00fcber Stufen und gewundene Wege bergauf. Weiter oben folgt eine Hangpartie und dann geht es weiter in die Combe hinein. Der Aufstieg bringt uns zum Schwitzen. Wir erreichen dann das Ende der Combe, die von einer halbrunden Felswand gebildet wird. Hier hinten w\u00e4re der gr\u00f6sste Wasserfall sehen. Man m\u00fcsste im Fr\u00fchling hieher kommen wenn das Bach, der Ruissaux de Vaux viel Wasser f\u00fchrt ! Das erfahren wir von einer Frau als wir \u00fcber eine Holztreppe aus der Combe herausgekommen sind und eine Pause auf einem Baumstamm einlegen. Es ergibt sich ein langes Gespr\u00e4ch mit dieser Frau, die aus der Gegend kommt.<\/p>\n<p>Auf dem Weiterweg gibt es nicht mehr viel Steigung. Nach 12h erreichen wir das Dorf Ligni\u00e8res. Hier halten wir unsere Mittagspause auf einer schattigen Bank vor der Kirche. Dann folgt der lange Abstieg durch den Wald Le Chanet. Vor Montet du Haut kommen wir kurz auf die Strasse, dann befinden wir uns wieder auf dem Wanderweg. Bei Montet-Dessus kommen wir wieder auf die Strasse und sehen eine Postautohaltestelle. Da es um 13.40h eine Verbindung gibt, warten wir auf den Bus und ersparen uns den weiteren Abstieg. In le Landeron m\u00fcssen wir zuerst die Altstadt finden, wo wir dann unter B\u00e4umen ein Glas Weisswein trinken, sind wir doch inmitten der Weingegend!<\/p>\n<p>Dies war eine ganz interessante Wanderung. Besonders der Weg in die Schlucht hinein hat mir sehr gut gefallen.<\/p>\n<p>Laut Schweizmobil:<\/p>\n<p>Distanz: 8.01km; Aufstieg=Abstieg: 400m; Wanderzeit: 2h 33min<\/p>\n<p><a href=\"https:\/\/map.schweizmobil.ch\/?lang=de&amp;bgLayer=pk&amp;logo=yes&amp;season=summer&amp;resolution=5.45&amp;E=2572693&amp;N=1213208&amp;photos=yes&amp;detours=yes&amp;layers=Wanderland%2CStation&amp;trackId=686527454\">Karte Schweizmobil:<\/a><\/p>\n\n\n<!-- index.php -->\n<div\n\tclass=\"ngg-galleryoverview ngg-ajax-pagination-none\"\n\tid=\"ngg-gallery-a5930cd19a48d854b55a70b09a403ee2-1\">\n\n    \t<div class=\"slideshowlink\">\n        <a href='https:\/\/www.freimarianne.ch\/index.php\/nggallery\/slideshow?page_id=63044'>[Show as slideshow]<\/a>\n\t\t\n\t<\/div>\n\t\t\t<!-- Thumbnails -->\n\t\t\t\t<div id=\"ngg-image-0\" class=\"ngg-gallery-thumbnail-box\" >\n\t\t\t\t        <div class=\"ngg-gallery-thumbnail\">\n            <a href=\"https:\/\/www.freimarianne.ch\/wp-content\/gallery\/gorges-pilouvi-9-9-23\/IMG_4634.jpeg\"\n               title=\"sch\u00f6ner Weg zu den Gorges Pilouvi\"\n               data-src=\"https:\/\/www.freimarianne.ch\/wp-content\/gallery\/gorges-pilouvi-9-9-23\/IMG_4634.jpeg\"\n               data-thumbnail=\"https:\/\/www.freimarianne.ch\/wp-content\/gallery\/gorges-pilouvi-9-9-23\/thumbs\/thumbs_IMG_4634.jpeg\"\n               data-image-id=\"31557\"\n               data-title=\"sch\u00f6ner Weg zu den Gorges Pilouvi\"\n               data-description=\"sch\u00f6ner Weg zu den Gorges Pilouvi\"\n               data-image-slug=\"img_4634-3\"\n               class=\"shutterset_a5930cd19a48d854b55a70b09a403ee2\">\n                <img\n                    title=\"sch\u00f6ner Weg zu den Gorges Pilouvi\"\n                    alt=\"sch\u00f6ner Weg zu den Gorges Pilouvi\"\n                    src=\"https:\/\/www.freimarianne.ch\/wp-content\/gallery\/gorges-pilouvi-9-9-23\/cache\/IMG_4634.jpeg-nggid0531557-ngg0dyn-100x75x100-00f0w010c010r110f110r010t010.jpeg\"\n                    width=\"100\"\n                    height=\"75\"\n                    style=\"max-width:100%;\"\n                \/>\n            <\/a>\n        <\/div>\n\t\t\t\t\t\t\t<\/div> \n\t\t\t\n                            \n\t\t\t\t<div id=\"ngg-image-1\" class=\"ngg-gallery-thumbnail-box\" >\n\t\t\t\t        <div class=\"ngg-gallery-thumbnail\">\n            <a href=\"https:\/\/www.freimarianne.ch\/wp-content\/gallery\/gorges-pilouvi-9-9-23\/IMG_4635.jpeg\"\n               title=\"Sicht auf das Schloss\"\n               data-src=\"https:\/\/www.freimarianne.ch\/wp-content\/gallery\/gorges-pilouvi-9-9-23\/IMG_4635.jpeg\"\n               data-thumbnail=\"https:\/\/www.freimarianne.ch\/wp-content\/gallery\/gorges-pilouvi-9-9-23\/thumbs\/thumbs_IMG_4635.jpeg\"\n               data-image-id=\"31555\"\n               data-title=\"Sicht auf das Schloss\"\n               data-description=\"Sicht auf das Schloss\"\n               data-image-slug=\"img_4635-1\"\n               class=\"shutterset_a5930cd19a48d854b55a70b09a403ee2\">\n                <img\n                    title=\"Sicht auf das Schloss\"\n                    alt=\"Sicht auf das Schloss\"\n                    src=\"https:\/\/www.freimarianne.ch\/wp-content\/gallery\/gorges-pilouvi-9-9-23\/cache\/IMG_4635.jpeg-nggid0531555-ngg0dyn-100x75x100-00f0w010c010r110f110r010t010.jpeg\"\n                    width=\"100\"\n                    height=\"75\"\n                    style=\"max-width:100%;\"\n                \/>\n            <\/a>\n        <\/div>\n\t\t\t\t\t\t\t<\/div> \n\t\t\t\n                            \n\t\t\t\t<div id=\"ngg-image-2\" class=\"ngg-gallery-thumbnail-box\" >\n\t\t\t\t        <div class=\"ngg-gallery-thumbnail\">\n            <a href=\"https:\/\/www.freimarianne.ch\/wp-content\/gallery\/gorges-pilouvi-9-9-23\/IMG_4638.jpeg\"\n               title=\"durch die Pilouvi Schlucht\"\n               data-src=\"https:\/\/www.freimarianne.ch\/wp-content\/gallery\/gorges-pilouvi-9-9-23\/IMG_4638.jpeg\"\n               data-thumbnail=\"https:\/\/www.freimarianne.ch\/wp-content\/gallery\/gorges-pilouvi-9-9-23\/thumbs\/thumbs_IMG_4638.jpeg\"\n               data-image-id=\"31556\"\n               data-title=\"durch die Pilouvi Schlucht\"\n               data-description=\"durch die Pilouvi Schlucht\"\n               data-image-slug=\"img_4638-2\"\n               class=\"shutterset_a5930cd19a48d854b55a70b09a403ee2\">\n                <img\n                    title=\"durch die Pilouvi Schlucht\"\n                    alt=\"durch die Pilouvi Schlucht\"\n                    src=\"https:\/\/www.freimarianne.ch\/wp-content\/gallery\/gorges-pilouvi-9-9-23\/cache\/IMG_4638.jpeg-nggid0531556-ngg0dyn-100x75x100-00f0w010c010r110f110r010t010.jpeg\"\n                    width=\"100\"\n                    height=\"75\"\n                    style=\"max-width:100%;\"\n                \/>\n            <\/a>\n        <\/div>\n\t\t\t\t\t\t\t<\/div> \n\t\t\t\n                            \n\t\t\t\t<div id=\"ngg-image-3\" class=\"ngg-gallery-thumbnail-box\" >\n\t\t\t\t        <div class=\"ngg-gallery-thumbnail\">\n            <a href=\"https:\/\/www.freimarianne.ch\/wp-content\/gallery\/gorges-pilouvi-9-9-23\/IMG_4639.jpeg\"\n               title=\"durch die Pilouvi Schlucht\"\n               data-src=\"https:\/\/www.freimarianne.ch\/wp-content\/gallery\/gorges-pilouvi-9-9-23\/IMG_4639.jpeg\"\n               data-thumbnail=\"https:\/\/www.freimarianne.ch\/wp-content\/gallery\/gorges-pilouvi-9-9-23\/thumbs\/thumbs_IMG_4639.jpeg\"\n               data-image-id=\"31553\"\n               data-title=\"durch die Pilouvi Schlucht\"\n               data-description=\"durch die Pilouvi Schlucht\"\n               data-image-slug=\"img_4639-3\"\n               class=\"shutterset_a5930cd19a48d854b55a70b09a403ee2\">\n                <img\n                    title=\"durch die Pilouvi Schlucht\"\n                    alt=\"durch die Pilouvi Schlucht\"\n                    src=\"https:\/\/www.freimarianne.ch\/wp-content\/gallery\/gorges-pilouvi-9-9-23\/cache\/IMG_4639.jpeg-nggid0531553-ngg0dyn-100x75x100-00f0w010c010r110f110r010t010.jpeg\"\n                    width=\"100\"\n                    height=\"75\"\n                    style=\"max-width:100%;\"\n                \/>\n            <\/a>\n        <\/div>\n\t\t\t\t\t\t\t<\/div> \n\t\t\t\n                                    <br style=\"clear: both\" \/>\n                    \n\t\t\t\t<div id=\"ngg-image-4\" class=\"ngg-gallery-thumbnail-box\" >\n\t\t\t\t        <div class=\"ngg-gallery-thumbnail\">\n            <a href=\"https:\/\/www.freimarianne.ch\/wp-content\/gallery\/gorges-pilouvi-9-9-23\/IMG_4640.jpeg\"\n               title=\"durch die Pilouvi Schlucht\"\n               data-src=\"https:\/\/www.freimarianne.ch\/wp-content\/gallery\/gorges-pilouvi-9-9-23\/IMG_4640.jpeg\"\n               data-thumbnail=\"https:\/\/www.freimarianne.ch\/wp-content\/gallery\/gorges-pilouvi-9-9-23\/thumbs\/thumbs_IMG_4640.jpeg\"\n               data-image-id=\"31554\"\n               data-title=\"durch die Pilouvi Schlucht\"\n               data-description=\"durch die Pilouvi Schlucht\"\n               data-image-slug=\"img_4640-3\"\n               class=\"shutterset_a5930cd19a48d854b55a70b09a403ee2\">\n                <img\n                    title=\"durch die Pilouvi Schlucht\"\n                    alt=\"durch die Pilouvi Schlucht\"\n                    src=\"https:\/\/www.freimarianne.ch\/wp-content\/gallery\/gorges-pilouvi-9-9-23\/cache\/IMG_4640.jpeg-nggid0531554-ngg0dyn-100x75x100-00f0w010c010r110f110r010t010.jpeg\"\n                    width=\"100\"\n                    height=\"75\"\n                    style=\"max-width:100%;\"\n                \/>\n            <\/a>\n        <\/div>\n\t\t\t\t\t\t\t<\/div> \n\t\t\t\n                            \n\t\t\t\t<div id=\"ngg-image-5\" class=\"ngg-gallery-thumbnail-box\" >\n\t\t\t\t        <div class=\"ngg-gallery-thumbnail\">\n            <a href=\"https:\/\/www.freimarianne.ch\/wp-content\/gallery\/gorges-pilouvi-9-9-23\/IMG_4641.jpeg\"\n               title=\"Wasserfall\"\n               data-src=\"https:\/\/www.freimarianne.ch\/wp-content\/gallery\/gorges-pilouvi-9-9-23\/IMG_4641.jpeg\"\n               data-thumbnail=\"https:\/\/www.freimarianne.ch\/wp-content\/gallery\/gorges-pilouvi-9-9-23\/thumbs\/thumbs_IMG_4641.jpeg\"\n               data-image-id=\"31552\"\n               data-title=\"Wasserfall\"\n               data-description=\"Wasserfall\"\n               data-image-slug=\"img_4641-4\"\n               class=\"shutterset_a5930cd19a48d854b55a70b09a403ee2\">\n                <img\n                    title=\"Wasserfall\"\n                    alt=\"Wasserfall\"\n                    src=\"https:\/\/www.freimarianne.ch\/wp-content\/gallery\/gorges-pilouvi-9-9-23\/cache\/IMG_4641.jpeg-nggid0531552-ngg0dyn-100x75x100-00f0w010c010r110f110r010t010.jpeg\"\n                    width=\"56\"\n                    height=\"75\"\n                    style=\"max-width:100%;\"\n                \/>\n            <\/a>\n        <\/div>\n\t\t\t\t\t\t\t<\/div> \n\t\t\t\n                            \n\t\t\t\t<div id=\"ngg-image-6\" class=\"ngg-gallery-thumbnail-box\" >\n\t\t\t\t        <div class=\"ngg-gallery-thumbnail\">\n            <a href=\"https:\/\/www.freimarianne.ch\/wp-content\/gallery\/gorges-pilouvi-9-9-23\/IMG_4645.jpeg\"\n               title=\"der Felsrand der Combe Pilouvi\"\n               data-src=\"https:\/\/www.freimarianne.ch\/wp-content\/gallery\/gorges-pilouvi-9-9-23\/IMG_4645.jpeg\"\n               data-thumbnail=\"https:\/\/www.freimarianne.ch\/wp-content\/gallery\/gorges-pilouvi-9-9-23\/thumbs\/thumbs_IMG_4645.jpeg\"\n               data-image-id=\"31551\"\n               data-title=\"der Felsrand der Combe Pilouvi\"\n               data-description=\"der Felsrand der Combe Pilouvi\"\n               data-image-slug=\"img_4645-3\"\n               class=\"shutterset_a5930cd19a48d854b55a70b09a403ee2\">\n                <img\n                    title=\"der Felsrand der Combe Pilouvi\"\n                    alt=\"der Felsrand der Combe Pilouvi\"\n                    src=\"https:\/\/www.freimarianne.ch\/wp-content\/gallery\/gorges-pilouvi-9-9-23\/cache\/IMG_4645.jpeg-nggid0531551-ngg0dyn-100x75x100-00f0w010c010r110f110r010t010.jpeg\"\n                    width=\"100\"\n                    height=\"75\"\n                    style=\"max-width:100%;\"\n                \/>\n            <\/a>\n        <\/div>\n\t\t\t\t\t\t\t<\/div> \n\t\t\t\n                            \n\t\t\t\t<div id=\"ngg-image-7\" class=\"ngg-gallery-thumbnail-box\" >\n\t\t\t\t        <div class=\"ngg-gallery-thumbnail\">\n            <a href=\"https:\/\/www.freimarianne.ch\/wp-content\/gallery\/gorges-pilouvi-9-9-23\/IMG_4649.jpeg\"\n               title=\"durch die Pilouvi Schlucht\"\n               data-src=\"https:\/\/www.freimarianne.ch\/wp-content\/gallery\/gorges-pilouvi-9-9-23\/IMG_4649.jpeg\"\n               data-thumbnail=\"https:\/\/www.freimarianne.ch\/wp-content\/gallery\/gorges-pilouvi-9-9-23\/thumbs\/thumbs_IMG_4649.jpeg\"\n               data-image-id=\"31548\"\n               data-title=\"durch die Pilouvi Schlucht\"\n               data-description=\"durch die Pilouvi Schlucht\"\n               data-image-slug=\"img_4649-3\"\n               class=\"shutterset_a5930cd19a48d854b55a70b09a403ee2\">\n                <img\n                    title=\"durch die Pilouvi Schlucht\"\n                    alt=\"durch die Pilouvi Schlucht\"\n                    src=\"https:\/\/www.freimarianne.ch\/wp-content\/gallery\/gorges-pilouvi-9-9-23\/cache\/IMG_4649.jpeg-nggid0531548-ngg0dyn-100x75x100-00f0w010c010r110f110r010t010.jpeg\"\n                    width=\"100\"\n                    height=\"75\"\n                    style=\"max-width:100%;\"\n                \/>\n            <\/a>\n        <\/div>\n\t\t\t\t\t\t\t<\/div> \n\t\t\t\n                                    <br style=\"clear: both\" \/>\n                    \n\t\t\t\t<div id=\"ngg-image-8\" class=\"ngg-gallery-thumbnail-box\" >\n\t\t\t\t        <div class=\"ngg-gallery-thumbnail\">\n            <a href=\"https:\/\/www.freimarianne.ch\/wp-content\/gallery\/gorges-pilouvi-9-9-23\/IMG_4653.jpeg\"\n               title=\"Ligni\u00e8res\"\n               data-src=\"https:\/\/www.freimarianne.ch\/wp-content\/gallery\/gorges-pilouvi-9-9-23\/IMG_4653.jpeg\"\n               data-thumbnail=\"https:\/\/www.freimarianne.ch\/wp-content\/gallery\/gorges-pilouvi-9-9-23\/thumbs\/thumbs_IMG_4653.jpeg\"\n               data-image-id=\"31550\"\n               data-title=\"Ligni\u00e8res\"\n               data-description=\"Ligni\u00e8res\"\n               data-image-slug=\"img_4653-2\"\n               class=\"shutterset_a5930cd19a48d854b55a70b09a403ee2\">\n                <img\n                    title=\"Ligni\u00e8res\"\n                    alt=\"Ligni\u00e8res\"\n                    src=\"https:\/\/www.freimarianne.ch\/wp-content\/gallery\/gorges-pilouvi-9-9-23\/cache\/IMG_4653.jpeg-nggid0531550-ngg0dyn-100x75x100-00f0w010c010r110f110r010t010.jpeg\"\n                    width=\"100\"\n                    height=\"75\"\n                    style=\"max-width:100%;\"\n                \/>\n            <\/a>\n        <\/div>\n\t\t\t\t\t\t\t<\/div> \n\t\t\t\n                            \n\t\t\t\t<div id=\"ngg-image-9\" class=\"ngg-gallery-thumbnail-box\" >\n\t\t\t\t        <div class=\"ngg-gallery-thumbnail\">\n            <a href=\"https:\/\/www.freimarianne.ch\/wp-content\/gallery\/gorges-pilouvi-9-9-23\/IMG_4656.jpeg\"\n               title=\"Malerei an einem Haus in  Ligni\u00e9res\"\n               data-src=\"https:\/\/www.freimarianne.ch\/wp-content\/gallery\/gorges-pilouvi-9-9-23\/IMG_4656.jpeg\"\n               data-thumbnail=\"https:\/\/www.freimarianne.ch\/wp-content\/gallery\/gorges-pilouvi-9-9-23\/thumbs\/thumbs_IMG_4656.jpeg\"\n               data-image-id=\"31547\"\n               data-title=\"Malerei an einem Haus in  Ligni\u00e9res\"\n               data-description=\"Malerei an einem Haus in  Ligni\u00e9res\"\n               data-image-slug=\"img_4656-2\"\n               class=\"shutterset_a5930cd19a48d854b55a70b09a403ee2\">\n                <img\n                    title=\"Malerei an einem Haus in  Ligni\u00e9res\"\n                    alt=\"Malerei an einem Haus in  Ligni\u00e9res\"\n                    src=\"https:\/\/www.freimarianne.ch\/wp-content\/gallery\/gorges-pilouvi-9-9-23\/cache\/IMG_4656.jpeg-nggid0531547-ngg0dyn-100x75x100-00f0w010c010r110f110r010t010.jpeg\"\n                    width=\"100\"\n                    height=\"75\"\n                    style=\"max-width:100%;\"\n                \/>\n            <\/a>\n        <\/div>\n\t\t\t\t\t\t\t<\/div> \n\t\t\t\n                            \n\t\t\t\t<div id=\"ngg-image-10\" class=\"ngg-gallery-thumbnail-box\" >\n\t\t\t\t        <div class=\"ngg-gallery-thumbnail\">\n            <a href=\"https:\/\/www.freimarianne.ch\/wp-content\/gallery\/gorges-pilouvi-9-9-23\/IMG_4657.jpeg\"\n               title=\"Kirch von  Ligni\u00e9res\"\n               data-src=\"https:\/\/www.freimarianne.ch\/wp-content\/gallery\/gorges-pilouvi-9-9-23\/IMG_4657.jpeg\"\n               data-thumbnail=\"https:\/\/www.freimarianne.ch\/wp-content\/gallery\/gorges-pilouvi-9-9-23\/thumbs\/thumbs_IMG_4657.jpeg\"\n               data-image-id=\"31549\"\n               data-title=\"Kirch von  Ligni\u00e9res\"\n               data-description=\"Kirch von  Ligni\u00e9res\"\n               data-image-slug=\"img_4657-4\"\n               class=\"shutterset_a5930cd19a48d854b55a70b09a403ee2\">\n                <img\n                    title=\"Kirch von  Ligni\u00e9res\"\n                    alt=\"Kirch von  Ligni\u00e9res\"\n                    src=\"https:\/\/www.freimarianne.ch\/wp-content\/gallery\/gorges-pilouvi-9-9-23\/cache\/IMG_4657.jpeg-nggid0531549-ngg0dyn-100x75x100-00f0w010c010r110f110r010t010.jpeg\"\n                    width=\"100\"\n                    height=\"75\"\n                    style=\"max-width:100%;\"\n                \/>\n            <\/a>\n        <\/div>\n\t\t\t\t\t\t\t<\/div> \n\t\t\t\n                            \n\t\t\t\t<div id=\"ngg-image-11\" class=\"ngg-gallery-thumbnail-box\" >\n\t\t\t\t        <div class=\"ngg-gallery-thumbnail\">\n            <a href=\"https:\/\/www.freimarianne.ch\/wp-content\/gallery\/gorges-pilouvi-9-9-23\/IMG_4660.jpeg\"\n               title=\"oberhalb les Landeron\"\n               data-src=\"https:\/\/www.freimarianne.ch\/wp-content\/gallery\/gorges-pilouvi-9-9-23\/IMG_4660.jpeg\"\n               data-thumbnail=\"https:\/\/www.freimarianne.ch\/wp-content\/gallery\/gorges-pilouvi-9-9-23\/thumbs\/thumbs_IMG_4660.jpeg\"\n               data-image-id=\"31546\"\n               data-title=\"oberhalb les Landeron\"\n               data-description=\"oberhalb les Landeron\"\n               data-image-slug=\"img_4660-5\"\n               class=\"shutterset_a5930cd19a48d854b55a70b09a403ee2\">\n                <img\n                    title=\"oberhalb les Landeron\"\n                    alt=\"oberhalb les Landeron\"\n                    src=\"https:\/\/www.freimarianne.ch\/wp-content\/gallery\/gorges-pilouvi-9-9-23\/cache\/IMG_4660.jpeg-nggid0531546-ngg0dyn-100x75x100-00f0w010c010r110f110r010t010.jpeg\"\n                    width=\"100\"\n                    height=\"75\"\n                    style=\"max-width:100%;\"\n                \/>\n            <\/a>\n        <\/div>\n\t\t\t\t\t\t\t<\/div> \n\t\t\t\n                                    <br style=\"clear: both\" \/>\n                    \n\t\t\n\t\t<!-- Pagination -->\n\t<div class='ngg-clear'><\/div>\t<\/div>\n\n","protected":false},"excerpt":{"rendered":"<p>Von La Neuveville durch die Combe de Pilouvi nach Ligni\u00e8res und hinunter nach le Landeron Heute soll es nochmals heiss werden!Da ist eine Schluchtwanderung gerade das Richtige ! Ich war bereits einmal in La Neuveville und habe auf der Karte den Weg durch die Gorges Pilouvie gesehen und m\u00f6chte sie kennenlernen.Wir kommen um 9.51h in [&hellip;]<\/p>\n","protected":false},"author":1,"featured_media":0,"parent":62970,"menu_order":3,"comment_status":"closed","ping_status":"closed","template":"","meta":{"ngg_post_thumbnail":0},"_links":{"self":[{"href":"https:\/\/www.freimarianne.ch\/index.php?rest_route=\/wp\/v2\/pages\/63044"}],"collection":[{"href":"https:\/\/www.freimarianne.ch\/index.php?rest_route=\/wp\/v2\/pages"}],"about":[{"href":"https:\/\/www.freimarianne.ch\/index.php?rest_route=\/wp\/v2\/types\/page"}],"author":[{"embeddable":true,"href":"https:\/\/www.freimarianne.ch\/index.php?rest_route=\/wp\/v2\/users\/1"}],"replies":[{"embeddable":true,"href":"https:\/\/www.freimarianne.ch\/index.php?rest_route=%2Fwp%2Fv2%2Fcomments&post=63044"}],"version-history":[{"count":2,"href":"https:\/\/www.freimarianne.ch\/index.php?rest_route=\/wp\/v2\/pages\/63044\/revisions"}],"predecessor-version":[{"id":63111,"href":"https:\/\/www.freimarianne.ch\/index.php?rest_route=\/wp\/v2\/pages\/63044\/revisions\/63111"}],"up":[{"embeddable":true,"href":"https:\/\/www.freimarianne.ch\/index.php?rest_route=\/wp\/v2\/pages\/62970"}],"wp:attachment":[{"href":"https:\/\/www.freimarianne.ch\/index.php?rest_route=%2Fwp%2Fv2%2Fmedia&parent=63044"}],"curies":[{"name":"wp","href":"https:\/\/api.w.org\/{rel}","templated":true}]}}