{"id":64023,"date":"2024-02-22T10:55:54","date_gmt":"2024-02-22T09:55:54","guid":{"rendered":"http:\/\/www.freimarianne.ch\/?page_id=64023"},"modified":"2024-02-23T09:47:42","modified_gmt":"2024-02-23T08:47:42","slug":"bealp-vs-20-2-2024","status":"publish","type":"page","link":"https:\/\/www.freimarianne.ch\/?page_id=64023","title":{"rendered":"Belalp  VS  20.2.2024"},"content":{"rendered":"\n<p><strong>Winterwanderung<\/strong><\/p>\n\n\n<div id=\"attachment_63999\" style=\"width: 510px\" class=\"wp-caption alignleft\"><img aria-describedby=\"caption-attachment-63999\" loading=\"lazy\" class=\"size-full wp-image-63999\" src=\"http:\/\/www.freimarianne.ch\/wp-content\/uploads\/2024\/02\/IMG_5924._belalp-20.2.24_500.jpeg\" alt=\"\" width=\"500\" height=\"375\" srcset=\"https:\/\/www.freimarianne.ch\/wp-content\/uploads\/2024\/02\/IMG_5924._belalp-20.2.24_500.jpeg 500w, https:\/\/www.freimarianne.ch\/wp-content\/uploads\/2024\/02\/IMG_5924._belalp-20.2.24_500-300x225.jpeg 300w, https:\/\/www.freimarianne.ch\/wp-content\/uploads\/2024\/02\/IMG_5924._belalp-20.2.24_500-400x300.jpeg 400w\" sizes=\"(max-width: 500px) 100vw, 500px\" \/><p id=\"caption-attachment-63999\" class=\"wp-caption-text\">Winterstimmung auf der Belalp<\/p><\/div>\n<p>Heute habe ich eine Begleiterin , die sich auf ein Wintererlebnis auf der tief verschneiten Belalp freut.<br>Leider ist der Wetterbericht f \u00fcrheute nicht so gut. Daf\u00fcr erleben wir in kurzer Zeit diaverschiedensten Winterstimmungen auf dem Weg zum Aletschbord und zur\u00fcck zur Chiematte. Unterbrochen wird die kleine Wanderung durch eine Rast auf einer Bank vor einer H\u00fctte und sp\u00e4ter von einer Einkehr im Restaurant bei der Bruchegg.<\/p>\n<p>Wir sind zufrieden mil dem heutigen Tag.<\/p>\n\n\n<p><\/p>\n\n\n\n<!-- index.php -->\n<div\n\tclass=\"ngg-galleryoverview ngg-ajax-pagination-none\"\n\tid=\"ngg-gallery-5906a67c293722a046de958d19dfa1b1-1\">\n\n    \t<div class=\"slideshowlink\">\n        <a href='https:\/\/www.freimarianne.ch\/index.php\/nggallery\/slideshow?page_id=64023'>[Show as slideshow]<\/a>\n\t\t\n\t<\/div>\n\t\t\t<!-- Thumbnails -->\n\t\t\t\t<div id=\"ngg-image-0\" class=\"ngg-gallery-thumbnail-box\" >\n\t\t\t\t        <div class=\"ngg-gallery-thumbnail\">\n            <a href=\"https:\/\/www.freimarianne.ch\/wp-content\/gallery\/belalp-20-2-24\/IMG_5919.jpeg\"\n               title=\"Blatten von der Seilbahn aus\"\n               data-src=\"https:\/\/www.freimarianne.ch\/wp-content\/gallery\/belalp-20-2-24\/IMG_5919.jpeg\"\n               data-thumbnail=\"https:\/\/www.freimarianne.ch\/wp-content\/gallery\/belalp-20-2-24\/thumbs\/thumbs_IMG_5919.jpeg\"\n               data-image-id=\"32291\"\n               data-title=\"Blatten von der Seilbahn aus\"\n               data-description=\"Blatten von der Seilbahn aus\"\n               data-image-slug=\"img_5919-5\"\n               class=\"shutterset_5906a67c293722a046de958d19dfa1b1\">\n                <img\n                    title=\"Blatten von der Seilbahn aus\"\n                    alt=\"Blatten von der Seilbahn aus\"\n                    src=\"https:\/\/www.freimarianne.ch\/wp-content\/gallery\/belalp-20-2-24\/cache\/IMG_5919.jpeg-nggid0532291-ngg0dyn-100x75x100-00f0w010c010r110f110r010t010.jpeg\"\n                    width=\"100\"\n                    height=\"75\"\n                    style=\"max-width:100%;\"\n                \/>\n            <\/a>\n        <\/div>\n\t\t\t\t\t\t\t<\/div> \n\t\t\t\n                            \n\t\t\t\t<div id=\"ngg-image-1\" class=\"ngg-gallery-thumbnail-box\" >\n\t\t\t\t        <div class=\"ngg-gallery-thumbnail\">\n            <a href=\"https:\/\/www.freimarianne.ch\/wp-content\/gallery\/belalp-20-2-24\/IMG_5921.jpeg\"\n               title=\"Winterstimmung auf der Belalp\"\n               data-src=\"https:\/\/www.freimarianne.ch\/wp-content\/gallery\/belalp-20-2-24\/IMG_5921.jpeg\"\n               data-thumbnail=\"https:\/\/www.freimarianne.ch\/wp-content\/gallery\/belalp-20-2-24\/thumbs\/thumbs_IMG_5921.jpeg\"\n               data-image-id=\"32290\"\n               data-title=\"Winterstimmung auf der Belalp\"\n               data-description=\"Winterstimmung auf der Belalp\"\n               data-image-slug=\"img_5921-1\"\n               class=\"shutterset_5906a67c293722a046de958d19dfa1b1\">\n                <img\n                    title=\"Winterstimmung auf der Belalp\"\n                    alt=\"Winterstimmung auf der Belalp\"\n                    src=\"https:\/\/www.freimarianne.ch\/wp-content\/gallery\/belalp-20-2-24\/cache\/IMG_5921.jpeg-nggid0532290-ngg0dyn-100x75x100-00f0w010c010r110f110r010t010.jpeg\"\n                    width=\"100\"\n                    height=\"67\"\n                    style=\"max-width:100%;\"\n                \/>\n            <\/a>\n        <\/div>\n\t\t\t\t\t\t\t<\/div> \n\t\t\t\n                            \n\t\t\t\t<div id=\"ngg-image-2\" class=\"ngg-gallery-thumbnail-box\" >\n\t\t\t\t        <div class=\"ngg-gallery-thumbnail\">\n            <a href=\"https:\/\/www.freimarianne.ch\/wp-content\/gallery\/belalp-20-2-24\/IMG_5925.jpeg\"\n               title=\"Winterstimmung auf der Belalp\"\n               data-src=\"https:\/\/www.freimarianne.ch\/wp-content\/gallery\/belalp-20-2-24\/IMG_5925.jpeg\"\n               data-thumbnail=\"https:\/\/www.freimarianne.ch\/wp-content\/gallery\/belalp-20-2-24\/thumbs\/thumbs_IMG_5925.jpeg\"\n               data-image-id=\"32288\"\n               data-title=\"Winterstimmung auf der Belalp\"\n               data-description=\"Winterstimmung auf der Belalp\"\n               data-image-slug=\"img_5925-8\"\n               class=\"shutterset_5906a67c293722a046de958d19dfa1b1\">\n                <img\n                    title=\"Winterstimmung auf der Belalp\"\n                    alt=\"Winterstimmung auf der Belalp\"\n                    src=\"https:\/\/www.freimarianne.ch\/wp-content\/gallery\/belalp-20-2-24\/cache\/IMG_5925.jpeg-nggid0532288-ngg0dyn-100x75x100-00f0w010c010r110f110r010t010.jpeg\"\n                    width=\"100\"\n                    height=\"72\"\n                    style=\"max-width:100%;\"\n                \/>\n            <\/a>\n        <\/div>\n\t\t\t\t\t\t\t<\/div> \n\t\t\t\n                            \n\t\t\t\t<div id=\"ngg-image-3\" class=\"ngg-gallery-thumbnail-box\" >\n\t\t\t\t        <div class=\"ngg-gallery-thumbnail\">\n            <a href=\"https:\/\/www.freimarianne.ch\/wp-content\/gallery\/belalp-20-2-24\/IMG_5927.jpeg\"\n               title=\"Schene B\u00e4rg 2844m, Hofathorn 2344m, Grisighorn 3177m\"\n               data-src=\"https:\/\/www.freimarianne.ch\/wp-content\/gallery\/belalp-20-2-24\/IMG_5927.jpeg\"\n               data-thumbnail=\"https:\/\/www.freimarianne.ch\/wp-content\/gallery\/belalp-20-2-24\/thumbs\/thumbs_IMG_5927.jpeg\"\n               data-image-id=\"32289\"\n               data-title=\"Schene B\u00e4rg 2844m, Hofathorn 2344m, Grisighorn 3177m\"\n               data-description=\"Schene B\u00e4rg 2844m, Hofathorn 2344m, Grisighorn 3177m\"\n               data-image-slug=\"img_5927-4\"\n               class=\"shutterset_5906a67c293722a046de958d19dfa1b1\">\n                <img\n                    title=\"Schene B\u00e4rg 2844m, Hofathorn 2344m, Grisighorn 3177m\"\n                    alt=\"Schene B\u00e4rg 2844m, Hofathorn 2344m, Grisighorn 3177m\"\n                    src=\"https:\/\/www.freimarianne.ch\/wp-content\/gallery\/belalp-20-2-24\/cache\/IMG_5927.jpeg-nggid0532289-ngg0dyn-100x75x100-00f0w010c010r110f110r010t010.jpeg\"\n                    width=\"100\"\n                    height=\"75\"\n                    style=\"max-width:100%;\"\n                \/>\n            <\/a>\n        <\/div>\n\t\t\t\t\t\t\t<\/div> \n\t\t\t\n                                    <br style=\"clear: both\" \/>\n                    \n\t\t\t\t<div id=\"ngg-image-4\" class=\"ngg-gallery-thumbnail-box\" >\n\t\t\t\t        <div class=\"ngg-gallery-thumbnail\">\n            <a href=\"https:\/\/www.freimarianne.ch\/wp-content\/gallery\/belalp-20-2-24\/IMG_5929.jpeg\"\n               title=\"Kapelle am Aletschbord\"\n               data-src=\"https:\/\/www.freimarianne.ch\/wp-content\/gallery\/belalp-20-2-24\/IMG_5929.jpeg\"\n               data-thumbnail=\"https:\/\/www.freimarianne.ch\/wp-content\/gallery\/belalp-20-2-24\/thumbs\/thumbs_IMG_5929.jpeg\"\n               data-image-id=\"32287\"\n               data-title=\"Kapelle am Aletschbord\"\n               data-description=\"Kapelle am Aletschbord\"\n               data-image-slug=\"img_5929-5\"\n               class=\"shutterset_5906a67c293722a046de958d19dfa1b1\">\n                <img\n                    title=\"Kapelle am Aletschbord\"\n                    alt=\"Kapelle am Aletschbord\"\n                    src=\"https:\/\/www.freimarianne.ch\/wp-content\/gallery\/belalp-20-2-24\/cache\/IMG_5929.jpeg-nggid0532287-ngg0dyn-100x75x100-00f0w010c010r110f110r010t010.jpeg\"\n                    width=\"100\"\n                    height=\"75\"\n                    style=\"max-width:100%;\"\n                \/>\n            <\/a>\n        <\/div>\n\t\t\t\t\t\t\t<\/div> \n\t\t\t\n                            \n\t\t\t\t<div id=\"ngg-image-5\" class=\"ngg-gallery-thumbnail-box\" >\n\t\t\t\t        <div class=\"ngg-gallery-thumbnail\">\n            <a href=\"https:\/\/www.freimarianne.ch\/wp-content\/gallery\/belalp-20-2-24\/IMG_5930.jpeg\"\n               title=\"Schene B\u00e4rg 2844m, Hofathorn 2344m, Grisighorn 3177m,\"\n               data-src=\"https:\/\/www.freimarianne.ch\/wp-content\/gallery\/belalp-20-2-24\/IMG_5930.jpeg\"\n               data-thumbnail=\"https:\/\/www.freimarianne.ch\/wp-content\/gallery\/belalp-20-2-24\/thumbs\/thumbs_IMG_5930.jpeg\"\n               data-image-id=\"32285\"\n               data-title=\"Schene B\u00e4rg 2844m, Hofathorn 2344m, Grisighorn 3177m,\"\n               data-description=\"Schene B\u00e4rg 2844m, Hofathorn 2344m, Grisighorn 3177m,\"\n               data-image-slug=\"img_5930-6\"\n               class=\"shutterset_5906a67c293722a046de958d19dfa1b1\">\n                <img\n                    title=\"Schene B\u00e4rg 2844m, Hofathorn 2344m, Grisighorn 3177m,\"\n                    alt=\"Schene B\u00e4rg 2844m, Hofathorn 2344m, Grisighorn 3177m,\"\n                    src=\"https:\/\/www.freimarianne.ch\/wp-content\/gallery\/belalp-20-2-24\/cache\/IMG_5930.jpeg-nggid0532285-ngg0dyn-100x75x100-00f0w010c010r110f110r010t010.jpeg\"\n                    width=\"100\"\n                    height=\"70\"\n                    style=\"max-width:100%;\"\n                \/>\n            <\/a>\n        <\/div>\n\t\t\t\t\t\t\t<\/div> \n\t\t\t\n                            \n\t\t\t\t<div id=\"ngg-image-6\" class=\"ngg-gallery-thumbnail-box\" >\n\t\t\t\t        <div class=\"ngg-gallery-thumbnail\">\n            <a href=\"https:\/\/www.freimarianne.ch\/wp-content\/gallery\/belalp-20-2-24\/IMG_5933.jpeg\"\n               title=\"Sicht ins Aletschi\"\n               data-src=\"https:\/\/www.freimarianne.ch\/wp-content\/gallery\/belalp-20-2-24\/IMG_5933.jpeg\"\n               data-thumbnail=\"https:\/\/www.freimarianne.ch\/wp-content\/gallery\/belalp-20-2-24\/thumbs\/thumbs_IMG_5933.jpeg\"\n               data-image-id=\"32286\"\n               data-title=\"Sicht ins Aletschi\"\n               data-description=\"Sicht ins Aletschi\"\n               data-image-slug=\"img_5933-3\"\n               class=\"shutterset_5906a67c293722a046de958d19dfa1b1\">\n                <img\n                    title=\"Sicht ins Aletschi\"\n                    alt=\"Sicht ins Aletschi\"\n                    src=\"https:\/\/www.freimarianne.ch\/wp-content\/gallery\/belalp-20-2-24\/cache\/IMG_5933.jpeg-nggid0532286-ngg0dyn-100x75x100-00f0w010c010r110f110r010t010.jpeg\"\n                    width=\"100\"\n                    height=\"75\"\n                    style=\"max-width:100%;\"\n                \/>\n            <\/a>\n        <\/div>\n\t\t\t\t\t\t\t<\/div> \n\t\t\t\n                            \n\t\t\t\t<div id=\"ngg-image-7\" class=\"ngg-gallery-thumbnail-box\" >\n\t\t\t\t        <div class=\"ngg-gallery-thumbnail\">\n            <a href=\"https:\/\/www.freimarianne.ch\/wp-content\/gallery\/belalp-20-2-24\/IMG_5935.jpeg\"\n               title=\"Kapelle am Aletschbord\"\n               data-src=\"https:\/\/www.freimarianne.ch\/wp-content\/gallery\/belalp-20-2-24\/IMG_5935.jpeg\"\n               data-thumbnail=\"https:\/\/www.freimarianne.ch\/wp-content\/gallery\/belalp-20-2-24\/thumbs\/thumbs_IMG_5935.jpeg\"\n               data-image-id=\"32283\"\n               data-title=\"Kapelle am Aletschbord\"\n               data-description=\"Kapelle am Aletschbord\"\n               data-image-slug=\"img_5935-2\"\n               class=\"shutterset_5906a67c293722a046de958d19dfa1b1\">\n                <img\n                    title=\"Kapelle am Aletschbord\"\n                    alt=\"Kapelle am Aletschbord\"\n                    src=\"https:\/\/www.freimarianne.ch\/wp-content\/gallery\/belalp-20-2-24\/cache\/IMG_5935.jpeg-nggid0532283-ngg0dyn-100x75x100-00f0w010c010r110f110r010t010.jpeg\"\n                    width=\"100\"\n                    height=\"75\"\n                    style=\"max-width:100%;\"\n                \/>\n            <\/a>\n        <\/div>\n\t\t\t\t\t\t\t<\/div> \n\t\t\t\n                                    <br style=\"clear: both\" \/>\n                    \n\t\t\t\t<div id=\"ngg-image-8\" class=\"ngg-gallery-thumbnail-box\" >\n\t\t\t\t        <div class=\"ngg-gallery-thumbnail\">\n            <a href=\"https:\/\/www.freimarianne.ch\/wp-content\/gallery\/belalp-20-2-24\/IMG_5937.jpeg\"\n               title=\"Sicht auf Blatten\"\n               data-src=\"https:\/\/www.freimarianne.ch\/wp-content\/gallery\/belalp-20-2-24\/IMG_5937.jpeg\"\n               data-thumbnail=\"https:\/\/www.freimarianne.ch\/wp-content\/gallery\/belalp-20-2-24\/thumbs\/thumbs_IMG_5937.jpeg\"\n               data-image-id=\"32282\"\n               data-title=\"Sicht auf Blatten\"\n               data-description=\"Sicht auf Blatten\"\n               data-image-slug=\"img_5937-2\"\n               class=\"shutterset_5906a67c293722a046de958d19dfa1b1\">\n                <img\n                    title=\"Sicht auf Blatten\"\n                    alt=\"Sicht auf Blatten\"\n                    src=\"https:\/\/www.freimarianne.ch\/wp-content\/gallery\/belalp-20-2-24\/cache\/IMG_5937.jpeg-nggid0532282-ngg0dyn-100x75x100-00f0w010c010r110f110r010t010.jpeg\"\n                    width=\"100\"\n                    height=\"75\"\n                    style=\"max-width:100%;\"\n                \/>\n            <\/a>\n        <\/div>\n\t\t\t\t\t\t\t<\/div> \n\t\t\t\n                            \n\t\t\t\t<div id=\"ngg-image-9\" class=\"ngg-gallery-thumbnail-box\" >\n\t\t\t\t        <div class=\"ngg-gallery-thumbnail\">\n            <a href=\"https:\/\/www.freimarianne.ch\/wp-content\/gallery\/belalp-20-2-24\/IMG_5938.jpeg\"\n               title=\"B\u00e4ttlihorn im Fenster\"\n               data-src=\"https:\/\/www.freimarianne.ch\/wp-content\/gallery\/belalp-20-2-24\/IMG_5938.jpeg\"\n               data-thumbnail=\"https:\/\/www.freimarianne.ch\/wp-content\/gallery\/belalp-20-2-24\/thumbs\/thumbs_IMG_5938.jpeg\"\n               data-image-id=\"32284\"\n               data-title=\"B\u00e4ttlihorn im Fenster\"\n               data-description=\"B\u00e4ttlihorn im Fenster\"\n               data-image-slug=\"img_5938-1\"\n               class=\"shutterset_5906a67c293722a046de958d19dfa1b1\">\n                <img\n                    title=\"B\u00e4ttlihorn im Fenster\"\n                    alt=\"B\u00e4ttlihorn im Fenster\"\n                    src=\"https:\/\/www.freimarianne.ch\/wp-content\/gallery\/belalp-20-2-24\/cache\/IMG_5938.jpeg-nggid0532284-ngg0dyn-100x75x100-00f0w010c010r110f110r010t010.jpeg\"\n                    width=\"100\"\n                    height=\"75\"\n                    style=\"max-width:100%;\"\n                \/>\n            <\/a>\n        <\/div>\n\t\t\t\t\t\t\t<\/div> \n\t\t\t\n                            \n\t\t\t\t<div id=\"ngg-image-10\" class=\"ngg-gallery-thumbnail-box\" >\n\t\t\t\t        <div class=\"ngg-gallery-thumbnail\">\n            <a href=\"https:\/\/www.freimarianne.ch\/wp-content\/gallery\/belalp-20-2-24\/IMG_5939.jpeg\"\n               title=\"B\u00e4ttlihorn im Fenster\"\n               data-src=\"https:\/\/www.freimarianne.ch\/wp-content\/gallery\/belalp-20-2-24\/IMG_5939.jpeg\"\n               data-thumbnail=\"https:\/\/www.freimarianne.ch\/wp-content\/gallery\/belalp-20-2-24\/thumbs\/thumbs_IMG_5939.jpeg\"\n               data-image-id=\"32279\"\n               data-title=\"B\u00e4ttlihorn im Fenster\"\n               data-description=\"B\u00e4ttlihorn im Fenster\"\n               data-image-slug=\"img_5939-5\"\n               class=\"shutterset_5906a67c293722a046de958d19dfa1b1\">\n                <img\n                    title=\"B\u00e4ttlihorn im Fenster\"\n                    alt=\"B\u00e4ttlihorn im Fenster\"\n                    src=\"https:\/\/www.freimarianne.ch\/wp-content\/gallery\/belalp-20-2-24\/cache\/IMG_5939.jpeg-nggid0532279-ngg0dyn-100x75x100-00f0w010c010r110f110r010t010.jpeg\"\n                    width=\"100\"\n                    height=\"75\"\n                    style=\"max-width:100%;\"\n                \/>\n            <\/a>\n        <\/div>\n\t\t\t\t\t\t\t<\/div> \n\t\t\t\n                            \n\t\t\t\t<div id=\"ngg-image-11\" class=\"ngg-gallery-thumbnail-box\" >\n\t\t\t\t        <div class=\"ngg-gallery-thumbnail\">\n            <a href=\"https:\/\/www.freimarianne.ch\/wp-content\/gallery\/belalp-20-2-24\/IMG_5941.jpeg\"\n               title=\"ein Blick zur\u00fcck auf das Aletschbord\"\n               data-src=\"https:\/\/www.freimarianne.ch\/wp-content\/gallery\/belalp-20-2-24\/IMG_5941.jpeg\"\n               data-thumbnail=\"https:\/\/www.freimarianne.ch\/wp-content\/gallery\/belalp-20-2-24\/thumbs\/thumbs_IMG_5941.jpeg\"\n               data-image-id=\"32277\"\n               data-title=\"ein Blick zur\u00fcck auf das Aletschbord\"\n               data-description=\"ein Blick zur\u00fcck auf das Aletschbord\"\n               data-image-slug=\"img_5941-3\"\n               class=\"shutterset_5906a67c293722a046de958d19dfa1b1\">\n                <img\n                    title=\"ein Blick zur\u00fcck auf das Aletschbord\"\n                    alt=\"ein Blick zur\u00fcck auf das Aletschbord\"\n                    src=\"https:\/\/www.freimarianne.ch\/wp-content\/gallery\/belalp-20-2-24\/cache\/IMG_5941.jpeg-nggid0532277-ngg0dyn-100x75x100-00f0w010c010r110f110r010t010.jpeg\"\n                    width=\"100\"\n                    height=\"75\"\n                    style=\"max-width:100%;\"\n                \/>\n            <\/a>\n        <\/div>\n\t\t\t\t\t\t\t<\/div> \n\t\t\t\n                                    <br style=\"clear: both\" \/>\n                    \n\t\t\t\t<div id=\"ngg-image-12\" class=\"ngg-gallery-thumbnail-box\" >\n\t\t\t\t        <div class=\"ngg-gallery-thumbnail\">\n            <a href=\"https:\/\/www.freimarianne.ch\/wp-content\/gallery\/belalp-20-2-24\/IMG_5942.jpeg\"\n               title=\"Blick  ins Rhonetal\"\n               data-src=\"https:\/\/www.freimarianne.ch\/wp-content\/gallery\/belalp-20-2-24\/IMG_5942.jpeg\"\n               data-thumbnail=\"https:\/\/www.freimarianne.ch\/wp-content\/gallery\/belalp-20-2-24\/thumbs\/thumbs_IMG_5942.jpeg\"\n               data-image-id=\"32280\"\n               data-title=\"Blick  ins Rhonetal\"\n               data-description=\"Blick  ins Rhonetal\"\n               data-image-slug=\"img_5942-49\"\n               class=\"shutterset_5906a67c293722a046de958d19dfa1b1\">\n                <img\n                    title=\"Blick  ins Rhonetal\"\n                    alt=\"Blick  ins Rhonetal\"\n                    src=\"https:\/\/www.freimarianne.ch\/wp-content\/gallery\/belalp-20-2-24\/cache\/IMG_5942.jpeg-nggid0532280-ngg0dyn-100x75x100-00f0w010c010r110f110r010t010.jpeg\"\n                    width=\"100\"\n                    height=\"73\"\n                    style=\"max-width:100%;\"\n                \/>\n            <\/a>\n        <\/div>\n\t\t\t\t\t\t\t<\/div> \n\t\t\t\n                            \n\t\t\t\t<div id=\"ngg-image-13\" class=\"ngg-gallery-thumbnail-box\" >\n\t\t\t\t        <div class=\"ngg-gallery-thumbnail\">\n            <a href=\"https:\/\/www.freimarianne.ch\/wp-content\/gallery\/belalp-20-2-24\/IMG_5943.jpeg\"\n               title=\"ein Blick zur\u00fcck auf das Aletschbord\"\n               data-src=\"https:\/\/www.freimarianne.ch\/wp-content\/gallery\/belalp-20-2-24\/IMG_5943.jpeg\"\n               data-thumbnail=\"https:\/\/www.freimarianne.ch\/wp-content\/gallery\/belalp-20-2-24\/thumbs\/thumbs_IMG_5943.jpeg\"\n               data-image-id=\"32278\"\n               data-title=\"ein Blick zur\u00fcck auf das Aletschbord\"\n               data-description=\"ein Blick zur\u00fcck auf das Aletschbord\"\n               data-image-slug=\"img_5943-3\"\n               class=\"shutterset_5906a67c293722a046de958d19dfa1b1\">\n                <img\n                    title=\"ein Blick zur\u00fcck auf das Aletschbord\"\n                    alt=\"ein Blick zur\u00fcck auf das Aletschbord\"\n                    src=\"https:\/\/www.freimarianne.ch\/wp-content\/gallery\/belalp-20-2-24\/cache\/IMG_5943.jpeg-nggid0532278-ngg0dyn-100x75x100-00f0w010c010r110f110r010t010.jpeg\"\n                    width=\"100\"\n                    height=\"75\"\n                    style=\"max-width:100%;\"\n                \/>\n            <\/a>\n        <\/div>\n\t\t\t\t\t\t\t<\/div> \n\t\t\t\n                            \n\t\t\t\t<div id=\"ngg-image-14\" class=\"ngg-gallery-thumbnail-box\" >\n\t\t\t\t        <div class=\"ngg-gallery-thumbnail\">\n            <a href=\"https:\/\/www.freimarianne.ch\/wp-content\/gallery\/belalp-20-2-24\/IMG_5945.jpeg\"\n               title=\"Foggenhorn 2569m, Schene B\u00e4rg 2844m\"\n               data-src=\"https:\/\/www.freimarianne.ch\/wp-content\/gallery\/belalp-20-2-24\/IMG_5945.jpeg\"\n               data-thumbnail=\"https:\/\/www.freimarianne.ch\/wp-content\/gallery\/belalp-20-2-24\/thumbs\/thumbs_IMG_5945.jpeg\"\n               data-image-id=\"32281\"\n               data-title=\"Foggenhorn 2569m, Schene B\u00e4rg 2844m\"\n               data-description=\"Foggenhorn 2569m, Schene B\u00e4rg 2844m\"\n               data-image-slug=\"img_5945-1\"\n               class=\"shutterset_5906a67c293722a046de958d19dfa1b1\">\n                <img\n                    title=\"Foggenhorn 2569m, Schene B\u00e4rg 2844m\"\n                    alt=\"Foggenhorn 2569m, Schene B\u00e4rg 2844m\"\n                    src=\"https:\/\/www.freimarianne.ch\/wp-content\/gallery\/belalp-20-2-24\/cache\/IMG_5945.jpeg-nggid0532281-ngg0dyn-100x75x100-00f0w010c010r110f110r010t010.jpeg\"\n                    width=\"100\"\n                    height=\"75\"\n                    style=\"max-width:100%;\"\n                \/>\n            <\/a>\n        <\/div>\n\t\t\t\t\t\t\t<\/div> \n\t\t\t\n                            \n\t\t\t\t<div id=\"ngg-image-15\" class=\"ngg-gallery-thumbnail-box\" >\n\t\t\t\t        <div class=\"ngg-gallery-thumbnail\">\n            <a href=\"https:\/\/www.freimarianne.ch\/wp-content\/gallery\/belalp-20-2-24\/IMG_5946.jpeg\"\n               title=\"H\u00fcbschhorn 3192m, Staldhorn 2463m, Tochuhorn 2661m, Spitzhorli 2737m\"\n               data-src=\"https:\/\/www.freimarianne.ch\/wp-content\/gallery\/belalp-20-2-24\/IMG_5946.jpeg\"\n               data-thumbnail=\"https:\/\/www.freimarianne.ch\/wp-content\/gallery\/belalp-20-2-24\/thumbs\/thumbs_IMG_5946.jpeg\"\n               data-image-id=\"32276\"\n               data-title=\"H\u00fcbschhorn 3192m, Staldhorn 2463m, Tochuhorn 2661m, Spitzhorli 2737m\"\n               data-description=\"H\u00fcbschhorn 3192m, Staldhorn 2463m, Tochuhorn 2661m, Spitzhorli 2737m\"\n               data-image-slug=\"img_5946-5\"\n               class=\"shutterset_5906a67c293722a046de958d19dfa1b1\">\n                <img\n                    title=\"H\u00fcbschhorn 3192m, Staldhorn 2463m, Tochuhorn 2661m, Spitzhorli 2737m\"\n                    alt=\"H\u00fcbschhorn 3192m, Staldhorn 2463m, Tochuhorn 2661m, Spitzhorli 2737m\"\n                    src=\"https:\/\/www.freimarianne.ch\/wp-content\/gallery\/belalp-20-2-24\/cache\/IMG_5946.jpeg-nggid0532276-ngg0dyn-100x75x100-00f0w010c010r110f110r010t010.jpeg\"\n                    width=\"100\"\n                    height=\"70\"\n                    style=\"max-width:100%;\"\n                \/>\n            <\/a>\n        <\/div>\n\t\t\t\t\t\t\t<\/div> \n\t\t\t\n                                    <br style=\"clear: both\" \/>\n                    \n\t\t\n\t\t<!-- Pagination -->\n\t<div class='ngg-clear'><\/div>\t<\/div>\n\n","protected":false},"excerpt":{"rendered":"<p>Winterwanderung Heute habe ich eine Begleiterin , die sich auf ein Wintererlebnis auf der tief verschneiten Belalp freut.Leider ist der Wetterbericht f \u00fcrheute nicht so gut. Daf\u00fcr erleben wir in kurzer Zeit diaverschiedensten Winterstimmungen auf dem Weg zum Aletschbord und zur\u00fcck zur Chiematte. Unterbrochen wird die kleine Wanderung durch eine Rast auf einer Bank vor [&hellip;]<\/p>\n","protected":false},"author":1,"featured_media":0,"parent":63673,"menu_order":13,"comment_status":"closed","ping_status":"closed","template":"","meta":{"ngg_post_thumbnail":0},"_links":{"self":[{"href":"https:\/\/www.freimarianne.ch\/index.php?rest_route=\/wp\/v2\/pages\/64023"}],"collection":[{"href":"https:\/\/www.freimarianne.ch\/index.php?rest_route=\/wp\/v2\/pages"}],"about":[{"href":"https:\/\/www.freimarianne.ch\/index.php?rest_route=\/wp\/v2\/types\/page"}],"author":[{"embeddable":true,"href":"https:\/\/www.freimarianne.ch\/index.php?rest_route=\/wp\/v2\/users\/1"}],"replies":[{"embeddable":true,"href":"https:\/\/www.freimarianne.ch\/index.php?rest_route=%2Fwp%2Fv2%2Fcomments&post=64023"}],"version-history":[{"count":2,"href":"https:\/\/www.freimarianne.ch\/index.php?rest_route=\/wp\/v2\/pages\/64023\/revisions"}],"predecessor-version":[{"id":64121,"href":"https:\/\/www.freimarianne.ch\/index.php?rest_route=\/wp\/v2\/pages\/64023\/revisions\/64121"}],"up":[{"embeddable":true,"href":"https:\/\/www.freimarianne.ch\/index.php?rest_route=\/wp\/v2\/pages\/63673"}],"wp:attachment":[{"href":"https:\/\/www.freimarianne.ch\/index.php?rest_route=%2Fwp%2Fv2%2Fmedia&parent=64023"}],"curies":[{"name":"wp","href":"https:\/\/api.w.org\/{rel}","templated":true}]}}