{"id":64789,"date":"2024-05-21T16:08:09","date_gmt":"2024-05-21T15:08:09","guid":{"rendered":"http:\/\/www.freimarianne.ch\/?page_id=64789"},"modified":"2024-05-21T16:21:35","modified_gmt":"2024-05-21T15:21:35","slug":"aarberg-lyss-be-17-5-24","status":"publish","type":"page","link":"https:\/\/www.freimarianne.ch\/?page_id=64789","title":{"rendered":"Aarberg &#8211; Lyss  BE  17.5.24"},"content":{"rendered":"\n<p><strong>Von Aarberg nach Lyss: Eine kurze Wanderung im Narurschutzgebiet der Alten Aare<\/strong><\/p>\n\n\n<div id=\"attachment_64787\" style=\"width: 510px\" class=\"wp-caption alignleft\"><img aria-describedby=\"caption-attachment-64787\" loading=\"lazy\" class=\"size-full wp-image-64787\" src=\"http:\/\/www.freimarianne.ch\/wp-content\/uploads\/2024\/05\/IMG_6631._aarberg-5.24_500.jpeg\" alt=\"\" width=\"500\" height=\"375\" srcset=\"https:\/\/www.freimarianne.ch\/wp-content\/uploads\/2024\/05\/IMG_6631._aarberg-5.24_500.jpeg 500w, https:\/\/www.freimarianne.ch\/wp-content\/uploads\/2024\/05\/IMG_6631._aarberg-5.24_500-300x225.jpeg 300w, https:\/\/www.freimarianne.ch\/wp-content\/uploads\/2024\/05\/IMG_6631._aarberg-5.24_500-400x300.jpeg 400w\" sizes=\"(max-width: 500px) 100vw, 500px\" \/><p id=\"caption-attachment-64787\" class=\"wp-caption-text\">an der Alten Aare<\/p><\/div>\n<p>Heute m\u00f6chte ich vom Sch\u00f6nwetterfenster profitieren ! Erst um 12h fahre ich in Basel ab, um \u00fcber Biel und Lyss nach Aarberg zu fahren. Ich m\u00f6chte zuerst das St\u00e4dtchen kennenlernen, wobei die gedeckte Holzbr\u00fccke nicht fehlen darf. Von hier aus beginne ich meine Wanderung an der Alten Aare, die immer wieder neue Ausblicke in die versteckte Wasserlandschaft bietet. So gelange ich nach Lyss. Der Weg zum Bahnhof ist etwas schwierig zu finden.<\/p>\n<p>Dies war eine ganz interessante und lehrreiche Nachmittagswanderung in einer mir unbekannten Umgebung. Ich habe auch zwei f\u00fcr mich neue Bahnstrecken befahren.<\/p>\n<p><a href=\"https:\/\/map.schweizmobil.ch\/?lang=de&amp;bgLayer=pk&amp;logo=yes&amp;season=summer&amp;resolution=1&amp;E=2589682&amp;N=1213924&amp;photos=yes&amp;detours=yes&amp;layers=Wanderland%2CStation&amp;trackId=289904268\">Karte Schweizmobil:<\/a><\/p>\n<p>&nbsp;<\/p>\n\n\n<!-- index.php -->\n<div\n\tclass=\"ngg-galleryoverview ngg-ajax-pagination-none\"\n\tid=\"ngg-gallery-d4893db50dd5fb4cfdbf53db8bb63b28-1\">\n\n    \t<div class=\"slideshowlink\">\n        <a href='https:\/\/www.freimarianne.ch\/index.php\/nggallery\/slideshow?page_id=64789'>[Show as slideshow]<\/a>\n\t\t\n\t<\/div>\n\t\t\t<!-- Thumbnails -->\n\t\t\t\t<div id=\"ngg-image-0\" class=\"ngg-gallery-thumbnail-box\" >\n\t\t\t\t        <div class=\"ngg-gallery-thumbnail\">\n            <a href=\"https:\/\/www.freimarianne.ch\/wp-content\/gallery\/aarberg-17-5-24\/IMG_6856.jpeg\"\n               title=\"Aarberg\"\n               data-src=\"https:\/\/www.freimarianne.ch\/wp-content\/gallery\/aarberg-17-5-24\/IMG_6856.jpeg\"\n               data-thumbnail=\"https:\/\/www.freimarianne.ch\/wp-content\/gallery\/aarberg-17-5-24\/thumbs\/thumbs_IMG_6856.jpeg\"\n               data-image-id=\"32793\"\n               data-title=\"Aarberg\"\n               data-description=\"Aarberg\"\n               data-image-slug=\"img_6856-5\"\n               class=\"shutterset_d4893db50dd5fb4cfdbf53db8bb63b28\">\n                <img\n                    title=\"Aarberg\"\n                    alt=\"Aarberg\"\n                    src=\"https:\/\/www.freimarianne.ch\/wp-content\/gallery\/aarberg-17-5-24\/cache\/IMG_6856.jpeg-nggid0532793-ngg0dyn-100x75x100-00f0w010c010r110f110r010t010.jpeg\"\n                    width=\"100\"\n                    height=\"75\"\n                    style=\"max-width:100%;\"\n                \/>\n            <\/a>\n        <\/div>\n\t\t\t\t\t\t\t<\/div> \n\t\t\t\n                            \n\t\t\t\t<div id=\"ngg-image-1\" class=\"ngg-gallery-thumbnail-box\" >\n\t\t\t\t        <div class=\"ngg-gallery-thumbnail\">\n            <a href=\"https:\/\/www.freimarianne.ch\/wp-content\/gallery\/aarberg-17-5-24\/IMG_6857.jpeg\"\n               title=\"Aarberg\"\n               data-src=\"https:\/\/www.freimarianne.ch\/wp-content\/gallery\/aarberg-17-5-24\/IMG_6857.jpeg\"\n               data-thumbnail=\"https:\/\/www.freimarianne.ch\/wp-content\/gallery\/aarberg-17-5-24\/thumbs\/thumbs_IMG_6857.jpeg\"\n               data-image-id=\"32792\"\n               data-title=\"Aarberg\"\n               data-description=\"Aarberg\"\n               data-image-slug=\"img_6857-5\"\n               class=\"shutterset_d4893db50dd5fb4cfdbf53db8bb63b28\">\n                <img\n                    title=\"Aarberg\"\n                    alt=\"Aarberg\"\n                    src=\"https:\/\/www.freimarianne.ch\/wp-content\/gallery\/aarberg-17-5-24\/cache\/IMG_6857.jpeg-nggid0532792-ngg0dyn-100x75x100-00f0w010c010r110f110r010t010.jpeg\"\n                    width=\"100\"\n                    height=\"75\"\n                    style=\"max-width:100%;\"\n                \/>\n            <\/a>\n        <\/div>\n\t\t\t\t\t\t\t<\/div> \n\t\t\t\n                            \n\t\t\t\t<div id=\"ngg-image-2\" class=\"ngg-gallery-thumbnail-box\" >\n\t\t\t\t        <div class=\"ngg-gallery-thumbnail\">\n            <a href=\"https:\/\/www.freimarianne.ch\/wp-content\/gallery\/aarberg-17-5-24\/IMG_6860.jpeg\"\n               title=\"Sicht von der Br\u00fccke \u00fcber die alte Aare\"\n               data-src=\"https:\/\/www.freimarianne.ch\/wp-content\/gallery\/aarberg-17-5-24\/IMG_6860.jpeg\"\n               data-thumbnail=\"https:\/\/www.freimarianne.ch\/wp-content\/gallery\/aarberg-17-5-24\/thumbs\/thumbs_IMG_6860.jpeg\"\n               data-image-id=\"32790\"\n               data-title=\"Sicht von der Br\u00fccke \u00fcber die alte Aare\"\n               data-description=\"Sicht von der Br\u00fccke \u00fcber die alte Aare\"\n               data-image-slug=\"img_6860-2\"\n               class=\"shutterset_d4893db50dd5fb4cfdbf53db8bb63b28\">\n                <img\n                    title=\"Sicht von der Br\u00fccke \u00fcber die alte Aare\"\n                    alt=\"Sicht von der Br\u00fccke \u00fcber die alte Aare\"\n                    src=\"https:\/\/www.freimarianne.ch\/wp-content\/gallery\/aarberg-17-5-24\/cache\/IMG_6860.jpeg-nggid0532790-ngg0dyn-100x75x100-00f0w010c010r110f110r010t010.jpeg\"\n                    width=\"100\"\n                    height=\"70\"\n                    style=\"max-width:100%;\"\n                \/>\n            <\/a>\n        <\/div>\n\t\t\t\t\t\t\t<\/div> \n\t\t\t\n                            \n\t\t\t\t<div id=\"ngg-image-3\" class=\"ngg-gallery-thumbnail-box\" >\n\t\t\t\t        <div class=\"ngg-gallery-thumbnail\">\n            <a href=\"https:\/\/www.freimarianne.ch\/wp-content\/gallery\/aarberg-17-5-24\/IMG_6861.jpeg\"\n               title=\"Sicht von der Br\u00fccke \u00fcber die alte Aare\"\n               data-src=\"https:\/\/www.freimarianne.ch\/wp-content\/gallery\/aarberg-17-5-24\/IMG_6861.jpeg\"\n               data-thumbnail=\"https:\/\/www.freimarianne.ch\/wp-content\/gallery\/aarberg-17-5-24\/thumbs\/thumbs_IMG_6861.jpeg\"\n               data-image-id=\"32791\"\n               data-title=\"Sicht von der Br\u00fccke \u00fcber die alte Aare\"\n               data-description=\"Sicht von der Br\u00fccke \u00fcber die alte Aare\"\n               data-image-slug=\"img_6861-3\"\n               class=\"shutterset_d4893db50dd5fb4cfdbf53db8bb63b28\">\n                <img\n                    title=\"Sicht von der Br\u00fccke \u00fcber die alte Aare\"\n                    alt=\"Sicht von der Br\u00fccke \u00fcber die alte Aare\"\n                    src=\"https:\/\/www.freimarianne.ch\/wp-content\/gallery\/aarberg-17-5-24\/cache\/IMG_6861.jpeg-nggid0532791-ngg0dyn-100x75x100-00f0w010c010r110f110r010t010.jpeg\"\n                    width=\"100\"\n                    height=\"75\"\n                    style=\"max-width:100%;\"\n                \/>\n            <\/a>\n        <\/div>\n\t\t\t\t\t\t\t<\/div> \n\t\t\t\n                                    <br style=\"clear: both\" \/>\n                    \n\t\t\t\t<div id=\"ngg-image-4\" class=\"ngg-gallery-thumbnail-box\" >\n\t\t\t\t        <div class=\"ngg-gallery-thumbnail\">\n            <a href=\"https:\/\/www.freimarianne.ch\/wp-content\/gallery\/aarberg-17-5-24\/IMG_6864.jpeg\"\n               title=\"Br\u00fccke \u00fcber die alte Aare\"\n               data-src=\"https:\/\/www.freimarianne.ch\/wp-content\/gallery\/aarberg-17-5-24\/IMG_6864.jpeg\"\n               data-thumbnail=\"https:\/\/www.freimarianne.ch\/wp-content\/gallery\/aarberg-17-5-24\/thumbs\/thumbs_IMG_6864.jpeg\"\n               data-image-id=\"32788\"\n               data-title=\"Br\u00fccke \u00fcber die alte Aare\"\n               data-description=\"Br\u00fccke \u00fcber die alte Aare\"\n               data-image-slug=\"img_6864-8\"\n               class=\"shutterset_d4893db50dd5fb4cfdbf53db8bb63b28\">\n                <img\n                    title=\"Br\u00fccke \u00fcber die alte Aare\"\n                    alt=\"Br\u00fccke \u00fcber die alte Aare\"\n                    src=\"https:\/\/www.freimarianne.ch\/wp-content\/gallery\/aarberg-17-5-24\/cache\/IMG_6864.jpeg-nggid0532788-ngg0dyn-100x75x100-00f0w010c010r110f110r010t010.jpeg\"\n                    width=\"100\"\n                    height=\"75\"\n                    style=\"max-width:100%;\"\n                \/>\n            <\/a>\n        <\/div>\n\t\t\t\t\t\t\t<\/div> \n\t\t\t\n                            \n\t\t\t\t<div id=\"ngg-image-5\" class=\"ngg-gallery-thumbnail-box\" >\n\t\t\t\t        <div class=\"ngg-gallery-thumbnail\">\n            <a href=\"https:\/\/www.freimarianne.ch\/wp-content\/gallery\/aarberg-17-5-24\/IMG_6865.jpeg\"\n               title=\"Br\u00fccke \u00fcber die alte Aare\"\n               data-src=\"https:\/\/www.freimarianne.ch\/wp-content\/gallery\/aarberg-17-5-24\/IMG_6865.jpeg\"\n               data-thumbnail=\"https:\/\/www.freimarianne.ch\/wp-content\/gallery\/aarberg-17-5-24\/thumbs\/thumbs_IMG_6865.jpeg\"\n               data-image-id=\"32789\"\n               data-title=\"Br\u00fccke \u00fcber die alte Aare\"\n               data-description=\"Br\u00fccke \u00fcber die alte Aare\"\n               data-image-slug=\"img_6865-4\"\n               class=\"shutterset_d4893db50dd5fb4cfdbf53db8bb63b28\">\n                <img\n                    title=\"Br\u00fccke \u00fcber die alte Aare\"\n                    alt=\"Br\u00fccke \u00fcber die alte Aare\"\n                    src=\"https:\/\/www.freimarianne.ch\/wp-content\/gallery\/aarberg-17-5-24\/cache\/IMG_6865.jpeg-nggid0532789-ngg0dyn-100x75x100-00f0w010c010r110f110r010t010.jpeg\"\n                    width=\"96\"\n                    height=\"75\"\n                    style=\"max-width:100%;\"\n                \/>\n            <\/a>\n        <\/div>\n\t\t\t\t\t\t\t<\/div> \n\t\t\t\n                            \n\t\t\t\t<div id=\"ngg-image-6\" class=\"ngg-gallery-thumbnail-box\" >\n\t\t\t\t        <div class=\"ngg-gallery-thumbnail\">\n            <a href=\"https:\/\/www.freimarianne.ch\/wp-content\/gallery\/aarberg-17-5-24\/IMG_6618.jpeg\"\n               title=\"Holzbr\u00fccke \u00fcber die  Alte  Aare\"\n               data-src=\"https:\/\/www.freimarianne.ch\/wp-content\/gallery\/aarberg-17-5-24\/IMG_6618.jpeg\"\n               data-thumbnail=\"https:\/\/www.freimarianne.ch\/wp-content\/gallery\/aarberg-17-5-24\/thumbs\/thumbs_IMG_6618.jpeg\"\n               data-image-id=\"32787\"\n               data-title=\"Holzbr\u00fccke \u00fcber die  Alte  Aare\"\n               data-description=\"Holzbr\u00fccke \u00fcber die  Alte  Aare\"\n               data-image-slug=\"img_6618-4\"\n               class=\"shutterset_d4893db50dd5fb4cfdbf53db8bb63b28\">\n                <img\n                    title=\"Holzbr\u00fccke \u00fcber die  Alte  Aare\"\n                    alt=\"Holzbr\u00fccke \u00fcber die  Alte  Aare\"\n                    src=\"https:\/\/www.freimarianne.ch\/wp-content\/gallery\/aarberg-17-5-24\/cache\/IMG_6618.jpeg-nggid0532787-ngg0dyn-100x75x100-00f0w010c010r110f110r010t010.jpeg\"\n                    width=\"100\"\n                    height=\"75\"\n                    style=\"max-width:100%;\"\n                \/>\n            <\/a>\n        <\/div>\n\t\t\t\t\t\t\t<\/div> \n\t\t\t\n                            \n\t\t\t\t<div id=\"ngg-image-7\" class=\"ngg-gallery-thumbnail-box\" >\n\t\t\t\t        <div class=\"ngg-gallery-thumbnail\">\n            <a href=\"https:\/\/www.freimarianne.ch\/wp-content\/gallery\/aarberg-17-5-24\/IMG_6621.jpeg\"\n               title=\"an der Alten  Aare\"\n               data-src=\"https:\/\/www.freimarianne.ch\/wp-content\/gallery\/aarberg-17-5-24\/IMG_6621.jpeg\"\n               data-thumbnail=\"https:\/\/www.freimarianne.ch\/wp-content\/gallery\/aarberg-17-5-24\/thumbs\/thumbs_IMG_6621.jpeg\"\n               data-image-id=\"32786\"\n               data-title=\"an der Alten  Aare\"\n               data-description=\"an der Alten  Aare\"\n               data-image-slug=\"img_6621-3\"\n               class=\"shutterset_d4893db50dd5fb4cfdbf53db8bb63b28\">\n                <img\n                    title=\"an der Alten  Aare\"\n                    alt=\"an der Alten  Aare\"\n                    src=\"https:\/\/www.freimarianne.ch\/wp-content\/gallery\/aarberg-17-5-24\/cache\/IMG_6621.jpeg-nggid0532786-ngg0dyn-100x75x100-00f0w010c010r110f110r010t010.jpeg\"\n                    width=\"100\"\n                    height=\"75\"\n                    style=\"max-width:100%;\"\n                \/>\n            <\/a>\n        <\/div>\n\t\t\t\t\t\t\t<\/div> \n\t\t\t\n                                    <br style=\"clear: both\" \/>\n                    \n\t\t\t\t<div id=\"ngg-image-8\" class=\"ngg-gallery-thumbnail-box\" >\n\t\t\t\t        <div class=\"ngg-gallery-thumbnail\">\n            <a href=\"https:\/\/www.freimarianne.ch\/wp-content\/gallery\/aarberg-17-5-24\/IMG_6868.jpeg\"\n               title=\"alte Weide an der Alten  Aare\"\n               data-src=\"https:\/\/www.freimarianne.ch\/wp-content\/gallery\/aarberg-17-5-24\/IMG_6868.jpeg\"\n               data-thumbnail=\"https:\/\/www.freimarianne.ch\/wp-content\/gallery\/aarberg-17-5-24\/thumbs\/thumbs_IMG_6868.jpeg\"\n               data-image-id=\"32781\"\n               data-title=\"alte Weide an der Alten  Aare\"\n               data-description=\"alte Weide an der Alten  Aare\"\n               data-image-slug=\"img_6868-3\"\n               class=\"shutterset_d4893db50dd5fb4cfdbf53db8bb63b28\">\n                <img\n                    title=\"alte Weide an der Alten  Aare\"\n                    alt=\"alte Weide an der Alten  Aare\"\n                    src=\"https:\/\/www.freimarianne.ch\/wp-content\/gallery\/aarberg-17-5-24\/cache\/IMG_6868.jpeg-nggid0532781-ngg0dyn-100x75x100-00f0w010c010r110f110r010t010.jpeg\"\n                    width=\"100\"\n                    height=\"75\"\n                    style=\"max-width:100%;\"\n                \/>\n            <\/a>\n        <\/div>\n\t\t\t\t\t\t\t<\/div> \n\t\t\t\n                            \n\t\t\t\t<div id=\"ngg-image-9\" class=\"ngg-gallery-thumbnail-box\" >\n\t\t\t\t        <div class=\"ngg-gallery-thumbnail\">\n            <a href=\"https:\/\/www.freimarianne.ch\/wp-content\/gallery\/aarberg-17-5-24\/IMG_6629.jpeg\"\n               title=\"an der Alten  Aare\"\n               data-src=\"https:\/\/www.freimarianne.ch\/wp-content\/gallery\/aarberg-17-5-24\/IMG_6629.jpeg\"\n               data-thumbnail=\"https:\/\/www.freimarianne.ch\/wp-content\/gallery\/aarberg-17-5-24\/thumbs\/thumbs_IMG_6629.jpeg\"\n               data-image-id=\"32784\"\n               data-title=\"an der Alten  Aare\"\n               data-description=\"an der Alten  Aare\"\n               data-image-slug=\"img_6629-3\"\n               class=\"shutterset_d4893db50dd5fb4cfdbf53db8bb63b28\">\n                <img\n                    title=\"an der Alten  Aare\"\n                    alt=\"an der Alten  Aare\"\n                    src=\"https:\/\/www.freimarianne.ch\/wp-content\/gallery\/aarberg-17-5-24\/cache\/IMG_6629.jpeg-nggid0532784-ngg0dyn-100x75x100-00f0w010c010r110f110r010t010.jpeg\"\n                    width=\"100\"\n                    height=\"75\"\n                    style=\"max-width:100%;\"\n                \/>\n            <\/a>\n        <\/div>\n\t\t\t\t\t\t\t<\/div> \n\t\t\t\n                            \n\t\t\t\t<div id=\"ngg-image-10\" class=\"ngg-gallery-thumbnail-box\" >\n\t\t\t\t        <div class=\"ngg-gallery-thumbnail\">\n            <a href=\"https:\/\/www.freimarianne.ch\/wp-content\/gallery\/aarberg-17-5-24\/IMG_6871.jpeg\"\n               title=\"Gew\u00e4sser  der Alten  Aare\"\n               data-src=\"https:\/\/www.freimarianne.ch\/wp-content\/gallery\/aarberg-17-5-24\/IMG_6871.jpeg\"\n               data-thumbnail=\"https:\/\/www.freimarianne.ch\/wp-content\/gallery\/aarberg-17-5-24\/thumbs\/thumbs_IMG_6871.jpeg\"\n               data-image-id=\"32785\"\n               data-title=\"Gew\u00e4sser  der Alten  Aare\"\n               data-description=\"Gew\u00e4sser  der Alten  Aare\"\n               data-image-slug=\"img_6871-2\"\n               class=\"shutterset_d4893db50dd5fb4cfdbf53db8bb63b28\">\n                <img\n                    title=\"Gew\u00e4sser  der Alten  Aare\"\n                    alt=\"Gew\u00e4sser  der Alten  Aare\"\n                    src=\"https:\/\/www.freimarianne.ch\/wp-content\/gallery\/aarberg-17-5-24\/cache\/IMG_6871.jpeg-nggid0532785-ngg0dyn-100x75x100-00f0w010c010r110f110r010t010.jpeg\"\n                    width=\"100\"\n                    height=\"75\"\n                    style=\"max-width:100%;\"\n                \/>\n            <\/a>\n        <\/div>\n\t\t\t\t\t\t\t<\/div> \n\t\t\t\n                            \n\t\t\t\t<div id=\"ngg-image-11\" class=\"ngg-gallery-thumbnail-box\" >\n\t\t\t\t        <div class=\"ngg-gallery-thumbnail\">\n            <a href=\"https:\/\/www.freimarianne.ch\/wp-content\/gallery\/aarberg-17-5-24\/IMG_6873.jpeg\"\n               title=\"an der Alten  Aare\"\n               data-src=\"https:\/\/www.freimarianne.ch\/wp-content\/gallery\/aarberg-17-5-24\/IMG_6873.jpeg\"\n               data-thumbnail=\"https:\/\/www.freimarianne.ch\/wp-content\/gallery\/aarberg-17-5-24\/thumbs\/thumbs_IMG_6873.jpeg\"\n               data-image-id=\"32782\"\n               data-title=\"an der Alten  Aare\"\n               data-description=\"an der Alten  Aare\"\n               data-image-slug=\"img_6873-1\"\n               class=\"shutterset_d4893db50dd5fb4cfdbf53db8bb63b28\">\n                <img\n                    title=\"an der Alten  Aare\"\n                    alt=\"an der Alten  Aare\"\n                    src=\"https:\/\/www.freimarianne.ch\/wp-content\/gallery\/aarberg-17-5-24\/cache\/IMG_6873.jpeg-nggid0532782-ngg0dyn-100x75x100-00f0w010c010r110f110r010t010.jpeg\"\n                    width=\"100\"\n                    height=\"75\"\n                    style=\"max-width:100%;\"\n                \/>\n            <\/a>\n        <\/div>\n\t\t\t\t\t\t\t<\/div> \n\t\t\t\n                                    <br style=\"clear: both\" \/>\n                    \n\t\t\t\t<div id=\"ngg-image-12\" class=\"ngg-gallery-thumbnail-box\" >\n\t\t\t\t        <div class=\"ngg-gallery-thumbnail\">\n            <a href=\"https:\/\/www.freimarianne.ch\/wp-content\/gallery\/aarberg-17-5-24\/IMG_6876.jpeg\"\n               title=\"an der Alten  Aare\"\n               data-src=\"https:\/\/www.freimarianne.ch\/wp-content\/gallery\/aarberg-17-5-24\/IMG_6876.jpeg\"\n               data-thumbnail=\"https:\/\/www.freimarianne.ch\/wp-content\/gallery\/aarberg-17-5-24\/thumbs\/thumbs_IMG_6876.jpeg\"\n               data-image-id=\"32780\"\n               data-title=\"an der Alten  Aare\"\n               data-description=\"an der Alten  Aare\"\n               data-image-slug=\"img_6876-5\"\n               class=\"shutterset_d4893db50dd5fb4cfdbf53db8bb63b28\">\n                <img\n                    title=\"an der Alten  Aare\"\n                    alt=\"an der Alten  Aare\"\n                    src=\"https:\/\/www.freimarianne.ch\/wp-content\/gallery\/aarberg-17-5-24\/cache\/IMG_6876.jpeg-nggid0532780-ngg0dyn-100x75x100-00f0w010c010r110f110r010t010.jpeg\"\n                    width=\"100\"\n                    height=\"75\"\n                    style=\"max-width:100%;\"\n                \/>\n            <\/a>\n        <\/div>\n\t\t\t\t\t\t\t<\/div> \n\t\t\t\n                            \n\t\t\t\t<div id=\"ngg-image-13\" class=\"ngg-gallery-thumbnail-box\" >\n\t\t\t\t        <div class=\"ngg-gallery-thumbnail\">\n            <a href=\"https:\/\/www.freimarianne.ch\/wp-content\/gallery\/aarberg-17-5-24\/IMG_6636.jpeg\"\n               title=\"\"\n               data-src=\"https:\/\/www.freimarianne.ch\/wp-content\/gallery\/aarberg-17-5-24\/IMG_6636.jpeg\"\n               data-thumbnail=\"https:\/\/www.freimarianne.ch\/wp-content\/gallery\/aarberg-17-5-24\/thumbs\/thumbs_IMG_6636.jpeg\"\n               data-image-id=\"32783\"\n               data-title=\"IMG_6636\"\n               data-description=\"\"\n               data-image-slug=\"img_6636-1\"\n               class=\"shutterset_d4893db50dd5fb4cfdbf53db8bb63b28\">\n                <img\n                    title=\"IMG_6636\"\n                    alt=\"IMG_6636\"\n                    src=\"https:\/\/www.freimarianne.ch\/wp-content\/gallery\/aarberg-17-5-24\/cache\/IMG_6636.jpeg-nggid0532783-ngg0dyn-100x75x100-00f0w010c010r110f110r010t010.jpeg\"\n                    width=\"100\"\n                    height=\"75\"\n                    style=\"max-width:100%;\"\n                \/>\n            <\/a>\n        <\/div>\n\t\t\t\t\t\t\t<\/div> \n\t\t\t\n                            \n\t\t\n\t\t<!-- Pagination -->\n\t<div class='ngg-clear'><\/div>\t<\/div>\n\n","protected":false},"excerpt":{"rendered":"<p>Von Aarberg nach Lyss: Eine kurze Wanderung im Narurschutzgebiet der Alten Aare Heute m\u00f6chte ich vom Sch\u00f6nwetterfenster profitieren ! Erst um 12h fahre ich in Basel ab, um \u00fcber Biel und Lyss nach Aarberg zu fahren. Ich m\u00f6chte zuerst das St\u00e4dtchen kennenlernen, wobei die gedeckte Holzbr\u00fccke nicht fehlen darf. Von hier aus beginne ich meine [&hellip;]<\/p>\n","protected":false},"author":1,"featured_media":0,"parent":64165,"menu_order":16,"comment_status":"closed","ping_status":"closed","template":"","meta":{"ngg_post_thumbnail":0},"_links":{"self":[{"href":"https:\/\/www.freimarianne.ch\/index.php?rest_route=\/wp\/v2\/pages\/64789"}],"collection":[{"href":"https:\/\/www.freimarianne.ch\/index.php?rest_route=\/wp\/v2\/pages"}],"about":[{"href":"https:\/\/www.freimarianne.ch\/index.php?rest_route=\/wp\/v2\/types\/page"}],"author":[{"embeddable":true,"href":"https:\/\/www.freimarianne.ch\/index.php?rest_route=\/wp\/v2\/users\/1"}],"replies":[{"embeddable":true,"href":"https:\/\/www.freimarianne.ch\/index.php?rest_route=%2Fwp%2Fv2%2Fcomments&post=64789"}],"version-history":[{"count":2,"href":"https:\/\/www.freimarianne.ch\/index.php?rest_route=\/wp\/v2\/pages\/64789\/revisions"}],"predecessor-version":[{"id":64839,"href":"https:\/\/www.freimarianne.ch\/index.php?rest_route=\/wp\/v2\/pages\/64789\/revisions\/64839"}],"up":[{"embeddable":true,"href":"https:\/\/www.freimarianne.ch\/index.php?rest_route=\/wp\/v2\/pages\/64165"}],"wp:attachment":[{"href":"https:\/\/www.freimarianne.ch\/index.php?rest_route=%2Fwp%2Fv2%2Fmedia&parent=64789"}],"curies":[{"name":"wp","href":"https:\/\/api.w.org\/{rel}","templated":true}]}}