{"id":64869,"date":"2024-07-05T09:12:48","date_gmt":"2024-07-05T08:12:48","guid":{"rendered":"http:\/\/www.freimarianne.ch\/?page_id=64869"},"modified":"2024-07-05T09:55:28","modified_gmt":"2024-07-05T08:55:28","slug":"ponte-romano-bei-intragna-ti-27-5-2024","status":"publish","type":"page","link":"https:\/\/www.freimarianne.ch\/?page_id=64869","title":{"rendered":"Ponte romano bei Intragna TI 27.5.2024"},"content":{"rendered":"\n<p><strong>Dritter Tag meiner Kurzferien in Cavigliano im Centovalli<\/strong><\/p>\n\n\n\n<p><strong>Wanderung zum Ponte romano<\/strong><\/p>\n\n\n<p><img loading=\"lazy\" class=\"alignleft size-full wp-image-64858\" src=\"http:\/\/www.freimarianne.ch\/wp-content\/uploads\/2024\/07\/IMG_6753_ponte-roman_5.24_500.jpeg\" alt=\"\" width=\"500\" height=\"375\" srcset=\"https:\/\/www.freimarianne.ch\/wp-content\/uploads\/2024\/07\/IMG_6753_ponte-roman_5.24_500.jpeg 500w, https:\/\/www.freimarianne.ch\/wp-content\/uploads\/2024\/07\/IMG_6753_ponte-roman_5.24_500-300x225.jpeg 300w, https:\/\/www.freimarianne.ch\/wp-content\/uploads\/2024\/07\/IMG_6753_ponte-roman_5.24_500-400x300.jpeg 400w\" sizes=\"(max-width: 500px) 100vw, 500px\" \/><\/p>\n<p>F\u00fcr heute ist der Wetterbericht nicht gut. Am fr\u00fchen Morgen regnet es und es wird den ganzen Tag bew\u00f6lkt bleiben. Also kann ich nicht eine gr\u00f6ssere Wanderung planen, da ich nicht in ein evt. Gewitter kommen m\u00f6chte.<br>Daher beschlie\u00dfe, ich, zum Ponte romano zu wandern, den ich vom Zug aus gesehen habe. Da ich gestern nicht nach Intragna gewandert bin, kenne ich diese Br\u00fccke noch nicht. Ich fahre um die gewohnte Zeit nach Intragna und wandere auf dem Wanderweg durch das Dorf und quere die Bahnlinie. Dieser Pfad f\u00fchrt durch eine malerische, lauschige Gegend. Schon gehe ich \u00fcber eine alte Steinbr\u00fccke. Es folgt ein kurzer Strassenabschnitt, bevor ich \u00fcber eine Bahn\u00fcberf\u00fchrung zum Einstieg in den Weg hinunter an die Melezza gelange. Nun steige ich auf einem typischen Steinplattenweg in vielen Kehren hinunter zum Ponte Romano.<br>Nat\u00fcrlich ist es hier unten wegen des Wetters d\u00fcster. Nach einer ausf\u00fchrlichen Besichtigung steige ich wieder hinauf zum Bahn\u00fcbergang. Oben folge ich der Strasse in den Ort hinein und bummle durch die engen Gassen. Es bleibt mir heute noch viel Zeit! Daher fahre ich nach Ponte Brolla, zum in die Schlucht zu schauen und dann zur\u00fcck nach Cavigliano.<\/p>\n<p>Sp\u00e4ter wandere ich von Cavigliano aus der Melezza entlang bis nach Verscio. Dieser Weg ist nicht besonders attraktiv, (Weg f\u00fcr Hundespazierg\u00e4nge ) da man kaum den Fluss sieht. Aber Hauptsache, ich habe mich bewegt. <br>In Verscio finde ich kein Caf\u00e9 ! Nach einem Rundgang durch das Dorf fahre ich zur\u00fcck nach Cavigliano.<\/p>\n<p>Laut Schweizmobil:<\/p>\n<p>Distanz: 3.65km; Aufstieg=Abstieg; 1900m; Wanderzeit: 1h 12min<\/p>\n<p><a href=\"https:\/\/map.schweizmobil.ch\/?lang=de&amp;bgLayer=pk&amp;logo=yes&amp;season=summer&amp;resolution=1&amp;E=2697223&amp;N=1114764&amp;photos=yes&amp;detours=yes&amp;layers=Wanderland%2CStation&amp;trackId=399914846\">Karte Schweizmobil:<\/a><\/p>\n\n\n<!-- index.php -->\n<div\n\tclass=\"ngg-galleryoverview ngg-ajax-pagination-none\"\n\tid=\"ngg-gallery-a35987fc821d927ad838ac80f87fd2d0-1\">\n\n    \t<div class=\"slideshowlink\">\n        <a href='https:\/\/www.freimarianne.ch\/index.php\/nggallery\/slideshow?page_id=64869'>[Show as slideshow]<\/a>\n\t\t\n\t<\/div>\n\t\t\t<!-- Thumbnails -->\n\t\t\t\t<div id=\"ngg-image-0\" class=\"ngg-gallery-thumbnail-box\" >\n\t\t\t\t        <div class=\"ngg-gallery-thumbnail\">\n            <a href=\"https:\/\/www.freimarianne.ch\/wp-content\/gallery\/ponte-romano-27-5-24\/IMG_6751.jpeg\"\n               title=\"Einstieg in den Wanderweg\"\n               data-src=\"https:\/\/www.freimarianne.ch\/wp-content\/gallery\/ponte-romano-27-5-24\/IMG_6751.jpeg\"\n               data-thumbnail=\"https:\/\/www.freimarianne.ch\/wp-content\/gallery\/ponte-romano-27-5-24\/thumbs\/thumbs_IMG_6751.jpeg\"\n               data-image-id=\"32903\"\n               data-title=\"Einstieg in den Wanderweg\"\n               data-description=\"Einstieg in den Wanderweg\"\n               data-image-slug=\"img_6751-2\"\n               class=\"shutterset_a35987fc821d927ad838ac80f87fd2d0\">\n                <img\n                    title=\"Einstieg in den Wanderweg\"\n                    alt=\"Einstieg in den Wanderweg\"\n                    src=\"https:\/\/www.freimarianne.ch\/wp-content\/gallery\/ponte-romano-27-5-24\/cache\/IMG_6751.jpeg-nggid0532903-ngg0dyn-100x75x100-00f0w010c010r110f110r010t010.jpeg\"\n                    width=\"100\"\n                    height=\"75\"\n                    style=\"max-width:100%;\"\n                \/>\n            <\/a>\n        <\/div>\n\t\t\t\t\t\t\t<\/div> \n\t\t\t\n                            \n\t\t\t\t<div id=\"ngg-image-1\" class=\"ngg-gallery-thumbnail-box\" >\n\t\t\t\t        <div class=\"ngg-gallery-thumbnail\">\n            <a href=\"https:\/\/www.freimarianne.ch\/wp-content\/gallery\/ponte-romano-27-5-24\/IMG_6757.jpeg\"\n               title=\"Ponte romano\"\n               data-src=\"https:\/\/www.freimarianne.ch\/wp-content\/gallery\/ponte-romano-27-5-24\/IMG_6757.jpeg\"\n               data-thumbnail=\"https:\/\/www.freimarianne.ch\/wp-content\/gallery\/ponte-romano-27-5-24\/thumbs\/thumbs_IMG_6757.jpeg\"\n               data-image-id=\"32896\"\n               data-title=\"Ponte romano\"\n               data-description=\"Ponte romano\"\n               data-image-slug=\"img_6757-1\"\n               class=\"shutterset_a35987fc821d927ad838ac80f87fd2d0\">\n                <img\n                    title=\"Ponte romano\"\n                    alt=\"Ponte romano\"\n                    src=\"https:\/\/www.freimarianne.ch\/wp-content\/gallery\/ponte-romano-27-5-24\/cache\/IMG_6757.jpeg-nggid0532896-ngg0dyn-100x75x100-00f0w010c010r110f110r010t010.jpeg\"\n                    width=\"100\"\n                    height=\"75\"\n                    style=\"max-width:100%;\"\n                \/>\n            <\/a>\n        <\/div>\n\t\t\t\t\t\t\t<\/div> \n\t\t\t\n                            \n\t\t\t\t<div id=\"ngg-image-2\" class=\"ngg-gallery-thumbnail-box\" >\n\t\t\t\t        <div class=\"ngg-gallery-thumbnail\">\n            <a href=\"https:\/\/www.freimarianne.ch\/wp-content\/gallery\/ponte-romano-27-5-24\/IMG_6766.jpeg\"\n               title=\"der Wanderweg: Via del Mercato\"\n               data-src=\"https:\/\/www.freimarianne.ch\/wp-content\/gallery\/ponte-romano-27-5-24\/IMG_6766.jpeg\"\n               data-thumbnail=\"https:\/\/www.freimarianne.ch\/wp-content\/gallery\/ponte-romano-27-5-24\/thumbs\/thumbs_IMG_6766.jpeg\"\n               data-image-id=\"32894\"\n               data-title=\"der Wanderweg: Via del Mercato\"\n               data-description=\"der Wanderweg: Via del Mercato\"\n               data-image-slug=\"img_6766-3\"\n               class=\"shutterset_a35987fc821d927ad838ac80f87fd2d0\">\n                <img\n                    title=\"der Wanderweg: Via del Mercato\"\n                    alt=\"der Wanderweg: Via del Mercato\"\n                    src=\"https:\/\/www.freimarianne.ch\/wp-content\/gallery\/ponte-romano-27-5-24\/cache\/IMG_6766.jpeg-nggid0532894-ngg0dyn-100x75x100-00f0w010c010r110f110r010t010.jpeg\"\n                    width=\"100\"\n                    height=\"75\"\n                    style=\"max-width:100%;\"\n                \/>\n            <\/a>\n        <\/div>\n\t\t\t\t\t\t\t<\/div> \n\t\t\t\n                            \n\t\t\t\t<div id=\"ngg-image-3\" class=\"ngg-gallery-thumbnail-box\" >\n\t\t\t\t        <div class=\"ngg-gallery-thumbnail\">\n            <a href=\"https:\/\/www.freimarianne.ch\/wp-content\/gallery\/ponte-romano-27-5-24\/IMG_6770.jpeg\"\n               title=\"im Ponte Brolla\"\n               data-src=\"https:\/\/www.freimarianne.ch\/wp-content\/gallery\/ponte-romano-27-5-24\/IMG_6770.jpeg\"\n               data-thumbnail=\"https:\/\/www.freimarianne.ch\/wp-content\/gallery\/ponte-romano-27-5-24\/thumbs\/thumbs_IMG_6770.jpeg\"\n               data-image-id=\"32893\"\n               data-title=\"im Ponte Brolla\"\n               data-description=\"im Ponte Brolla\"\n               data-image-slug=\"img_6770-3\"\n               class=\"shutterset_a35987fc821d927ad838ac80f87fd2d0\">\n                <img\n                    title=\"im Ponte Brolla\"\n                    alt=\"im Ponte Brolla\"\n                    src=\"https:\/\/www.freimarianne.ch\/wp-content\/gallery\/ponte-romano-27-5-24\/cache\/IMG_6770.jpeg-nggid0532893-ngg0dyn-100x75x100-00f0w010c010r110f110r010t010.jpeg\"\n                    width=\"100\"\n                    height=\"75\"\n                    style=\"max-width:100%;\"\n                \/>\n            <\/a>\n        <\/div>\n\t\t\t\t\t\t\t<\/div> \n\t\t\t\n                                    <br style=\"clear: both\" \/>\n                    \n\t\t\t\t<div id=\"ngg-image-4\" class=\"ngg-gallery-thumbnail-box\" >\n\t\t\t\t        <div class=\"ngg-gallery-thumbnail\">\n            <a href=\"https:\/\/www.freimarianne.ch\/wp-content\/gallery\/ponte-romano-27-5-24\/IMG_7069.jpeg\"\n               title=\"Waschhaus\"\n               data-src=\"https:\/\/www.freimarianne.ch\/wp-content\/gallery\/ponte-romano-27-5-24\/IMG_7069.jpeg\"\n               data-thumbnail=\"https:\/\/www.freimarianne.ch\/wp-content\/gallery\/ponte-romano-27-5-24\/thumbs\/thumbs_IMG_7069.jpeg\"\n               data-image-id=\"32904\"\n               data-title=\"Waschhaus\"\n               data-description=\"Waschhaus\"\n               data-image-slug=\"img_7069-2\"\n               class=\"shutterset_a35987fc821d927ad838ac80f87fd2d0\">\n                <img\n                    title=\"Waschhaus\"\n                    alt=\"Waschhaus\"\n                    src=\"https:\/\/www.freimarianne.ch\/wp-content\/gallery\/ponte-romano-27-5-24\/cache\/IMG_7069.jpeg-nggid0532904-ngg0dyn-100x75x100-00f0w010c010r110f110r010t010.jpeg\"\n                    width=\"97\"\n                    height=\"75\"\n                    style=\"max-width:100%;\"\n                \/>\n            <\/a>\n        <\/div>\n\t\t\t\t\t\t\t<\/div> \n\t\t\t\n                            \n\t\t\t\t<div id=\"ngg-image-5\" class=\"ngg-gallery-thumbnail-box\" >\n\t\t\t\t        <div class=\"ngg-gallery-thumbnail\">\n            <a href=\"https:\/\/www.freimarianne.ch\/wp-content\/gallery\/ponte-romano-27-5-24\/IMG_7071.jpeg\"\n               title=\"uf dem Pfad zum Ponte romano\"\n               data-src=\"https:\/\/www.freimarianne.ch\/wp-content\/gallery\/ponte-romano-27-5-24\/IMG_7071.jpeg\"\n               data-thumbnail=\"https:\/\/www.freimarianne.ch\/wp-content\/gallery\/ponte-romano-27-5-24\/thumbs\/thumbs_IMG_7071.jpeg\"\n               data-image-id=\"32902\"\n               data-title=\"uf dem Pfad zum Ponte romano\"\n               data-description=\"uf dem Pfad zum Ponte romano\"\n               data-image-slug=\"img_7071-4\"\n               class=\"shutterset_a35987fc821d927ad838ac80f87fd2d0\">\n                <img\n                    title=\"uf dem Pfad zum Ponte romano\"\n                    alt=\"uf dem Pfad zum Ponte romano\"\n                    src=\"https:\/\/www.freimarianne.ch\/wp-content\/gallery\/ponte-romano-27-5-24\/cache\/IMG_7071.jpeg-nggid0532902-ngg0dyn-100x75x100-00f0w010c010r110f110r010t010.jpeg\"\n                    width=\"100\"\n                    height=\"75\"\n                    style=\"max-width:100%;\"\n                \/>\n            <\/a>\n        <\/div>\n\t\t\t\t\t\t\t<\/div> \n\t\t\t\n                            \n\t\t\t\t<div id=\"ngg-image-6\" class=\"ngg-gallery-thumbnail-box\" >\n\t\t\t\t        <div class=\"ngg-gallery-thumbnail\">\n            <a href=\"https:\/\/www.freimarianne.ch\/wp-content\/gallery\/ponte-romano-27-5-24\/IMG_7072.jpeg\"\n               title=\"uf dem Pfad zum Ponte romano\"\n               data-src=\"https:\/\/www.freimarianne.ch\/wp-content\/gallery\/ponte-romano-27-5-24\/IMG_7072.jpeg\"\n               data-thumbnail=\"https:\/\/www.freimarianne.ch\/wp-content\/gallery\/ponte-romano-27-5-24\/thumbs\/thumbs_IMG_7072.jpeg\"\n               data-image-id=\"32901\"\n               data-title=\"uf dem Pfad zum Ponte romano\"\n               data-description=\"uf dem Pfad zum Ponte romano\"\n               data-image-slug=\"img_7072-3\"\n               class=\"shutterset_a35987fc821d927ad838ac80f87fd2d0\">\n                <img\n                    title=\"uf dem Pfad zum Ponte romano\"\n                    alt=\"uf dem Pfad zum Ponte romano\"\n                    src=\"https:\/\/www.freimarianne.ch\/wp-content\/gallery\/ponte-romano-27-5-24\/cache\/IMG_7072.jpeg-nggid0532901-ngg0dyn-100x75x100-00f0w010c010r110f110r010t010.jpeg\"\n                    width=\"100\"\n                    height=\"75\"\n                    style=\"max-width:100%;\"\n                \/>\n            <\/a>\n        <\/div>\n\t\t\t\t\t\t\t<\/div> \n\t\t\t\n                            \n\t\t\t\t<div id=\"ngg-image-7\" class=\"ngg-gallery-thumbnail-box\" >\n\t\t\t\t        <div class=\"ngg-gallery-thumbnail\">\n            <a href=\"https:\/\/www.freimarianne.ch\/wp-content\/gallery\/ponte-romano-27-5-24\/IMG_7073.jpeg\"\n               title=\"uf dem Pfad zum Ponte romano\"\n               data-src=\"https:\/\/www.freimarianne.ch\/wp-content\/gallery\/ponte-romano-27-5-24\/IMG_7073.jpeg\"\n               data-thumbnail=\"https:\/\/www.freimarianne.ch\/wp-content\/gallery\/ponte-romano-27-5-24\/thumbs\/thumbs_IMG_7073.jpeg\"\n               data-image-id=\"32899\"\n               data-title=\"uf dem Pfad zum Ponte romano\"\n               data-description=\"uf dem Pfad zum Ponte romano\"\n               data-image-slug=\"img_7073-1\"\n               class=\"shutterset_a35987fc821d927ad838ac80f87fd2d0\">\n                <img\n                    title=\"uf dem Pfad zum Ponte romano\"\n                    alt=\"uf dem Pfad zum Ponte romano\"\n                    src=\"https:\/\/www.freimarianne.ch\/wp-content\/gallery\/ponte-romano-27-5-24\/cache\/IMG_7073.jpeg-nggid0532899-ngg0dyn-100x75x100-00f0w010c010r110f110r010t010.jpeg\"\n                    width=\"100\"\n                    height=\"75\"\n                    style=\"max-width:100%;\"\n                \/>\n            <\/a>\n        <\/div>\n\t\t\t\t\t\t\t<\/div> \n\t\t\t\n                                    <br style=\"clear: both\" \/>\n                    \n\t\t\t\t<div id=\"ngg-image-8\" class=\"ngg-gallery-thumbnail-box\" >\n\t\t\t\t        <div class=\"ngg-gallery-thumbnail\">\n            <a href=\"https:\/\/www.freimarianne.ch\/wp-content\/gallery\/ponte-romano-27-5-24\/IMG_7076.jpeg\"\n               title=\"Bahn\u00fcbergang\"\n               data-src=\"https:\/\/www.freimarianne.ch\/wp-content\/gallery\/ponte-romano-27-5-24\/IMG_7076.jpeg\"\n               data-thumbnail=\"https:\/\/www.freimarianne.ch\/wp-content\/gallery\/ponte-romano-27-5-24\/thumbs\/thumbs_IMG_7076.jpeg\"\n               data-image-id=\"32900\"\n               data-title=\"Bahn\u00fcbergang\"\n               data-description=\"Bahn\u00fcbergang\"\n               data-image-slug=\"img_7076-4\"\n               class=\"shutterset_a35987fc821d927ad838ac80f87fd2d0\">\n                <img\n                    title=\"Bahn\u00fcbergang\"\n                    alt=\"Bahn\u00fcbergang\"\n                    src=\"https:\/\/www.freimarianne.ch\/wp-content\/gallery\/ponte-romano-27-5-24\/cache\/IMG_7076.jpeg-nggid0532900-ngg0dyn-100x75x100-00f0w010c010r110f110r010t010.jpeg\"\n                    width=\"100\"\n                    height=\"75\"\n                    style=\"max-width:100%;\"\n                \/>\n            <\/a>\n        <\/div>\n\t\t\t\t\t\t\t<\/div> \n\t\t\t\n                            \n\t\t\t\t<div id=\"ngg-image-9\" class=\"ngg-gallery-thumbnail-box\" >\n\t\t\t\t        <div class=\"ngg-gallery-thumbnail\">\n            <a href=\"https:\/\/www.freimarianne.ch\/wp-content\/gallery\/ponte-romano-27-5-24\/IMG_7077.jpeg\"\n               title=\"Centovallibahn\"\n               data-src=\"https:\/\/www.freimarianne.ch\/wp-content\/gallery\/ponte-romano-27-5-24\/IMG_7077.jpeg\"\n               data-thumbnail=\"https:\/\/www.freimarianne.ch\/wp-content\/gallery\/ponte-romano-27-5-24\/thumbs\/thumbs_IMG_7077.jpeg\"\n               data-image-id=\"32898\"\n               data-title=\"Centovallibahn\"\n               data-description=\"Centovallibahn\"\n               data-image-slug=\"img_7077\"\n               class=\"shutterset_a35987fc821d927ad838ac80f87fd2d0\">\n                <img\n                    title=\"Centovallibahn\"\n                    alt=\"Centovallibahn\"\n                    src=\"https:\/\/www.freimarianne.ch\/wp-content\/gallery\/ponte-romano-27-5-24\/cache\/IMG_7077.jpeg-nggid0532898-ngg0dyn-100x75x100-00f0w010c010r110f110r010t010.jpeg\"\n                    width=\"97\"\n                    height=\"75\"\n                    style=\"max-width:100%;\"\n                \/>\n            <\/a>\n        <\/div>\n\t\t\t\t\t\t\t<\/div> \n\t\t\t\n                            \n\t\t\t\t<div id=\"ngg-image-10\" class=\"ngg-gallery-thumbnail-box\" >\n\t\t\t\t        <div class=\"ngg-gallery-thumbnail\">\n            <a href=\"https:\/\/www.freimarianne.ch\/wp-content\/gallery\/ponte-romano-27-5-24\/IMG_7079.jpeg\"\n               title=\"auf  dem Weg zum Ponte romano\"\n               data-src=\"https:\/\/www.freimarianne.ch\/wp-content\/gallery\/ponte-romano-27-5-24\/IMG_7079.jpeg\"\n               data-thumbnail=\"https:\/\/www.freimarianne.ch\/wp-content\/gallery\/ponte-romano-27-5-24\/thumbs\/thumbs_IMG_7079.jpeg\"\n               data-image-id=\"32897\"\n               data-title=\"auf  dem Weg zum Ponte romano\"\n               data-description=\"auf  dem Weg zum Ponte romano\"\n               data-image-slug=\"img_7079-2\"\n               class=\"shutterset_a35987fc821d927ad838ac80f87fd2d0\">\n                <img\n                    title=\"auf  dem Weg zum Ponte romano\"\n                    alt=\"auf  dem Weg zum Ponte romano\"\n                    src=\"https:\/\/www.freimarianne.ch\/wp-content\/gallery\/ponte-romano-27-5-24\/cache\/IMG_7079.jpeg-nggid0532897-ngg0dyn-100x75x100-00f0w010c010r110f110r010t010.jpeg\"\n                    width=\"100\"\n                    height=\"75\"\n                    style=\"max-width:100%;\"\n                \/>\n            <\/a>\n        <\/div>\n\t\t\t\t\t\t\t<\/div> \n\t\t\t\n                            \n\t\t\t\t<div id=\"ngg-image-11\" class=\"ngg-gallery-thumbnail-box\" >\n\t\t\t\t        <div class=\"ngg-gallery-thumbnail\">\n            <a href=\"https:\/\/www.freimarianne.ch\/wp-content\/gallery\/ponte-romano-27-5-24\/IMG_7080.jpeg\"\n               title=\"uf dem Pfad zum Ponte romano\"\n               data-src=\"https:\/\/www.freimarianne.ch\/wp-content\/gallery\/ponte-romano-27-5-24\/IMG_7080.jpeg\"\n               data-thumbnail=\"https:\/\/www.freimarianne.ch\/wp-content\/gallery\/ponte-romano-27-5-24\/thumbs\/thumbs_IMG_7080.jpeg\"\n               data-image-id=\"32895\"\n               data-title=\"uf dem Pfad zum Ponte romano\"\n               data-description=\"uf dem Pfad zum Ponte romano\"\n               data-image-slug=\"img_7080-1\"\n               class=\"shutterset_a35987fc821d927ad838ac80f87fd2d0\">\n                <img\n                    title=\"uf dem Pfad zum Ponte romano\"\n                    alt=\"uf dem Pfad zum Ponte romano\"\n                    src=\"https:\/\/www.freimarianne.ch\/wp-content\/gallery\/ponte-romano-27-5-24\/cache\/IMG_7080.jpeg-nggid0532895-ngg0dyn-100x75x100-00f0w010c010r110f110r010t010.jpeg\"\n                    width=\"100\"\n                    height=\"75\"\n                    style=\"max-width:100%;\"\n                \/>\n            <\/a>\n        <\/div>\n\t\t\t\t\t\t\t<\/div> \n\t\t\t\n                                    <br style=\"clear: both\" \/>\n                    \n\t\t\t\t<div id=\"ngg-image-12\" class=\"ngg-gallery-thumbnail-box\" >\n\t\t\t\t        <div class=\"ngg-gallery-thumbnail\">\n            <a href=\"https:\/\/www.freimarianne.ch\/wp-content\/gallery\/ponte-romano-27-5-24\/IMG_7082.jpeg\"\n               title=\"Marianne beim Ponte Romano\"\n               data-src=\"https:\/\/www.freimarianne.ch\/wp-content\/gallery\/ponte-romano-27-5-24\/IMG_7082.jpeg\"\n               data-thumbnail=\"https:\/\/www.freimarianne.ch\/wp-content\/gallery\/ponte-romano-27-5-24\/thumbs\/thumbs_IMG_7082.jpeg\"\n               data-image-id=\"32891\"\n               data-title=\"Marianne beim Ponte Romano\"\n               data-description=\"Marianne beim Ponte Romano\"\n               data-image-slug=\"img_7082-3\"\n               class=\"shutterset_a35987fc821d927ad838ac80f87fd2d0\">\n                <img\n                    title=\"Marianne beim Ponte Romano\"\n                    alt=\"Marianne beim Ponte Romano\"\n                    src=\"https:\/\/www.freimarianne.ch\/wp-content\/gallery\/ponte-romano-27-5-24\/cache\/IMG_7082.jpeg-nggid0532891-ngg0dyn-100x75x100-00f0w010c010r110f110r010t010.jpeg\"\n                    width=\"100\"\n                    height=\"75\"\n                    style=\"max-width:100%;\"\n                \/>\n            <\/a>\n        <\/div>\n\t\t\t\t\t\t\t<\/div> \n\t\t\t\n                            \n\t\t\t\t<div id=\"ngg-image-13\" class=\"ngg-gallery-thumbnail-box\" >\n\t\t\t\t        <div class=\"ngg-gallery-thumbnail\">\n            <a href=\"https:\/\/www.freimarianne.ch\/wp-content\/gallery\/ponte-romano-27-5-24\/IMG_7084.jpeg\"\n               title=\"die Kirche von Intragna\"\n               data-src=\"https:\/\/www.freimarianne.ch\/wp-content\/gallery\/ponte-romano-27-5-24\/IMG_7084.jpeg\"\n               data-thumbnail=\"https:\/\/www.freimarianne.ch\/wp-content\/gallery\/ponte-romano-27-5-24\/thumbs\/thumbs_IMG_7084.jpeg\"\n               data-image-id=\"32890\"\n               data-title=\"die Kirche von Intragna\"\n               data-description=\"die Kirche von Intragna\"\n               data-image-slug=\"img_7084-1\"\n               class=\"shutterset_a35987fc821d927ad838ac80f87fd2d0\">\n                <img\n                    title=\"die Kirche von Intragna\"\n                    alt=\"die Kirche von Intragna\"\n                    src=\"https:\/\/www.freimarianne.ch\/wp-content\/gallery\/ponte-romano-27-5-24\/cache\/IMG_7084.jpeg-nggid0532890-ngg0dyn-100x75x100-00f0w010c010r110f110r010t010.jpeg\"\n                    width=\"90\"\n                    height=\"75\"\n                    style=\"max-width:100%;\"\n                \/>\n            <\/a>\n        <\/div>\n\t\t\t\t\t\t\t<\/div> \n\t\t\t\n                            \n\t\t\t\t<div id=\"ngg-image-14\" class=\"ngg-gallery-thumbnail-box\" >\n\t\t\t\t        <div class=\"ngg-gallery-thumbnail\">\n            <a href=\"https:\/\/www.freimarianne.ch\/wp-content\/gallery\/ponte-romano-27-5-24\/IMG_7085.jpeg\"\n               title=\"bei Ponte Brolla; Blick in das Tobel der Maggia\"\n               data-src=\"https:\/\/www.freimarianne.ch\/wp-content\/gallery\/ponte-romano-27-5-24\/IMG_7085.jpeg\"\n               data-thumbnail=\"https:\/\/www.freimarianne.ch\/wp-content\/gallery\/ponte-romano-27-5-24\/thumbs\/thumbs_IMG_7085.jpeg\"\n               data-image-id=\"32892\"\n               data-title=\"bei Ponte Brolla; Blick in das Tobel der Maggia\"\n               data-description=\"bei Ponte Brolla; Blick in das Tobel der Maggia\"\n               data-image-slug=\"img_7085-5\"\n               class=\"shutterset_a35987fc821d927ad838ac80f87fd2d0\">\n                <img\n                    title=\"bei Ponte Brolla; Blick in das Tobel der Maggia\"\n                    alt=\"bei Ponte Brolla; Blick in das Tobel der Maggia\"\n                    src=\"https:\/\/www.freimarianne.ch\/wp-content\/gallery\/ponte-romano-27-5-24\/cache\/IMG_7085.jpeg-nggid0532892-ngg0dyn-100x75x100-00f0w010c010r110f110r010t010.jpeg\"\n                    width=\"100\"\n                    height=\"75\"\n                    style=\"max-width:100%;\"\n                \/>\n            <\/a>\n        <\/div>\n\t\t\t\t\t\t\t<\/div> \n\t\t\t\n                            \n\t\t\t\t<div id=\"ngg-image-15\" class=\"ngg-gallery-thumbnail-box\" >\n\t\t\t\t        <div class=\"ngg-gallery-thumbnail\">\n            <a href=\"https:\/\/www.freimarianne.ch\/wp-content\/gallery\/ponte-romano-27-5-24\/IMG_7093.jpeg\"\n               title=\"in Verscio\"\n               data-src=\"https:\/\/www.freimarianne.ch\/wp-content\/gallery\/ponte-romano-27-5-24\/IMG_7093.jpeg\"\n               data-thumbnail=\"https:\/\/www.freimarianne.ch\/wp-content\/gallery\/ponte-romano-27-5-24\/thumbs\/thumbs_IMG_7093.jpeg\"\n               data-image-id=\"32889\"\n               data-title=\"in Verscio\"\n               data-description=\"in Verscio\"\n               data-image-slug=\"img_7093-3\"\n               class=\"shutterset_a35987fc821d927ad838ac80f87fd2d0\">\n                <img\n                    title=\"in Verscio\"\n                    alt=\"in Verscio\"\n                    src=\"https:\/\/www.freimarianne.ch\/wp-content\/gallery\/ponte-romano-27-5-24\/cache\/IMG_7093.jpeg-nggid0532889-ngg0dyn-100x75x100-00f0w010c010r110f110r010t010.jpeg\"\n                    width=\"95\"\n                    height=\"75\"\n                    style=\"max-width:100%;\"\n                \/>\n            <\/a>\n        <\/div>\n\t\t\t\t\t\t\t<\/div> \n\t\t\t\n                                    <br style=\"clear: both\" \/>\n                    \n\t\t\n\t\t<!-- Pagination -->\n\t<div class='ngg-clear'><\/div>\t<\/div>\n\n","protected":false},"excerpt":{"rendered":"<p>Dritter Tag meiner Kurzferien in Cavigliano im Centovalli Wanderung zum Ponte romano F\u00fcr heute ist der Wetterbericht nicht gut. Am fr\u00fchen Morgen regnet es und es wird den ganzen Tag bew\u00f6lkt bleiben. Also kann ich nicht eine gr\u00f6ssere Wanderung planen, da ich nicht in ein evt. Gewitter kommen m\u00f6chte.Daher beschlie\u00dfe, ich, zum Ponte romano zu [&hellip;]<\/p>\n","protected":false},"author":1,"featured_media":0,"parent":64165,"menu_order":20,"comment_status":"closed","ping_status":"closed","template":"","meta":{"ngg_post_thumbnail":0},"_links":{"self":[{"href":"https:\/\/www.freimarianne.ch\/index.php?rest_route=\/wp\/v2\/pages\/64869"}],"collection":[{"href":"https:\/\/www.freimarianne.ch\/index.php?rest_route=\/wp\/v2\/pages"}],"about":[{"href":"https:\/\/www.freimarianne.ch\/index.php?rest_route=\/wp\/v2\/types\/page"}],"author":[{"embeddable":true,"href":"https:\/\/www.freimarianne.ch\/index.php?rest_route=\/wp\/v2\/users\/1"}],"replies":[{"embeddable":true,"href":"https:\/\/www.freimarianne.ch\/index.php?rest_route=%2Fwp%2Fv2%2Fcomments&post=64869"}],"version-history":[{"count":3,"href":"https:\/\/www.freimarianne.ch\/index.php?rest_route=\/wp\/v2\/pages\/64869\/revisions"}],"predecessor-version":[{"id":65067,"href":"https:\/\/www.freimarianne.ch\/index.php?rest_route=\/wp\/v2\/pages\/64869\/revisions\/65067"}],"up":[{"embeddable":true,"href":"https:\/\/www.freimarianne.ch\/index.php?rest_route=\/wp\/v2\/pages\/64165"}],"wp:attachment":[{"href":"https:\/\/www.freimarianne.ch\/index.php?rest_route=%2Fwp%2Fv2%2Fmedia&parent=64869"}],"curies":[{"name":"wp","href":"https:\/\/api.w.org\/{rel}","templated":true}]}}