{"id":65914,"date":"2024-08-24T14:30:46","date_gmt":"2024-08-24T13:30:46","guid":{"rendered":"http:\/\/www.freimarianne.ch\/?page_id=65914"},"modified":"2024-08-24T14:40:11","modified_gmt":"2024-08-24T13:40:11","slug":"rigi-kulm-rigi-scheidegg-sz-20-8-2024","status":"publish","type":"page","link":"https:\/\/www.freimarianne.ch\/?page_id=65914","title":{"rendered":"Rigi Kulm &#8211; Rigi Scheidegg SZ  20.8.2024"},"content":{"rendered":"<div id=\"attachment_65912\" style=\"width: 510px\" class=\"wp-caption alignleft\"><img aria-describedby=\"caption-attachment-65912\" loading=\"lazy\" class=\"size-full wp-image-65912\" src=\"http:\/\/www.freimarianne.ch\/wp-content\/uploads\/2024\/08\/IMG_8233._rigi-8.24_500.jpeg\" alt=\"\" width=\"500\" height=\"380\" srcset=\"https:\/\/www.freimarianne.ch\/wp-content\/uploads\/2024\/08\/IMG_8233._rigi-8.24_500.jpeg 500w, https:\/\/www.freimarianne.ch\/wp-content\/uploads\/2024\/08\/IMG_8233._rigi-8.24_500-300x228.jpeg 300w, https:\/\/www.freimarianne.ch\/wp-content\/uploads\/2024\/08\/IMG_8233._rigi-8.24_500-395x300.jpeg 395w\" sizes=\"(max-width: 500px) 100vw, 500px\" \/><p id=\"caption-attachment-65912\" class=\"wp-caption-text\">wolkiges Panorama<\/p><\/div>\n<p>igentlich wollte ich heute ins Wallis fahren. Da mein Tram nicht fuhr, verpasste ich den Zug um 2 Minuten!!<br>\nIch konnte einen Zug nehmen, der 10 Minuten sp\u00e4ter abfuhr &#8211; aber nicht ins Wallis sondern ins Tessin !<br>\nIch plante, in Schwyz umzusteigen und hinauf auf die Rotflue zu fahren. Aber wieder gab es ein Hindernis: In Arth Goldau fuhr der Zug nicht weiter! Es gelang mir, auszusteigen und die Bahn um 10.08 auf den Rigi Kulm zu erreichen!<br>\nAuf dem Rigi Kulm ist es kalt und windig. Rund um den Kulm werden die weissen Wolken hin und her getrieben.<br>\nIch wandere hinter zum Stafel und nehme von dort aus den Weg in Richtung Scheidegg. Beim Picknick H\u00e4uschen auf der Anh\u00f6he halte ich meine Mittagsrast. Den folgenden Weg bin ich schon oft gewandert. eigentlich h\u00e4tte ich den ersten Teil der Naturstrasse auf einem Wanderweg umgehen k\u00f6nnen, was ich erst sp\u00e4ter bemerke. So gehe ich die ganze Zeit auf der etwas langweiligen Naturstrasse bis zur Abzweigung Hindere Dossen, wo ich hinauf auf den Grat steige, von wo aus ich die Rigi Scheidegg erreiche. Auch von hier ist das Panorama nicht gut zu sehen.<br>\nIch fahre mit der Seilbahn hinunter nach Kr\u00e4bel und mit der Bahn zum Bahnhof Arth Goldau.<\/p>\n<p>Ich bin heute an einem ganz anderen Ort gelandet als ich geplant hatte. Das kann vorkommen! Es war auch nicht des erste Mal\u00a8<\/p>\n<p>Laut Schweizmobil:<\/p>\n<p>Distanz: 9.65km; Aufstieg: 300m; Abstieg: 410m; Wanderzeit: 2h 42min<\/p>\n<p><a href=\"https:\/\/map.schweizmobil.ch\/?lang=de&amp;bgLayer=pk&amp;logo=yes&amp;season=summer&amp;resolution=2.5&amp;E=2682041&amp;N=1208851&amp;photos=yes&amp;detours=yes&amp;layers=Wanderland%2CStation&amp;trackId=750165717\">Karte Schweizmobil:<\/a><\/p>\n\n\n<!-- index.php -->\n<div\n\tclass=\"ngg-galleryoverview ngg-ajax-pagination-none\"\n\tid=\"ngg-gallery-441a21c0ddf29d3b2c5171b3b85a5c1f-1\">\n\n    \t<div class=\"slideshowlink\">\n        <a href='https:\/\/www.freimarianne.ch\/index.php\/nggallery\/slideshow?page_id=65914'>[Show as slideshow]<\/a>\n\t\t\n\t<\/div>\n\t\t\t<!-- Thumbnails -->\n\t\t\t\t<div id=\"ngg-image-0\" class=\"ngg-gallery-thumbnail-box\" >\n\t\t\t\t        <div class=\"ngg-gallery-thumbnail\">\n            <a href=\"https:\/\/www.freimarianne.ch\/wp-content\/gallery\/rigi-kulm-rigi-scheidegg-20-8-24\/IMG_8228.jpeg\"\n               title=\"wolkiges Panorama vom Rigi Kulm\"\n               data-src=\"https:\/\/www.freimarianne.ch\/wp-content\/gallery\/rigi-kulm-rigi-scheidegg-20-8-24\/IMG_8228.jpeg\"\n               data-thumbnail=\"https:\/\/www.freimarianne.ch\/wp-content\/gallery\/rigi-kulm-rigi-scheidegg-20-8-24\/thumbs\/thumbs_IMG_8228.jpeg\"\n               data-image-id=\"33678\"\n               data-title=\"wolkiges Panorama vom Rigi Kulm\"\n               data-description=\"wolkiges Panorama vom Rigi Kulm\"\n               data-image-slug=\"img_8228-2\"\n               class=\"shutterset_441a21c0ddf29d3b2c5171b3b85a5c1f\">\n                <img\n                    title=\"wolkiges Panorama vom Rigi Kulm\"\n                    alt=\"wolkiges Panorama vom Rigi Kulm\"\n                    src=\"https:\/\/www.freimarianne.ch\/wp-content\/gallery\/rigi-kulm-rigi-scheidegg-20-8-24\/cache\/IMG_8228.jpeg-nggid0533678-ngg0dyn-100x75x100-00f0w010c010r110f110r010t010.jpeg\"\n                    width=\"100\"\n                    height=\"71\"\n                    style=\"max-width:100%;\"\n                \/>\n            <\/a>\n        <\/div>\n\t\t\t\t\t\t\t<\/div> \n\t\t\t\n                            \n\t\t\t\t<div id=\"ngg-image-1\" class=\"ngg-gallery-thumbnail-box\" >\n\t\t\t\t        <div class=\"ngg-gallery-thumbnail\">\n            <a href=\"https:\/\/www.freimarianne.ch\/wp-content\/gallery\/rigi-kulm-rigi-scheidegg-20-8-24\/IMG_7595.jpeg\"\n               title=\"Panorama vom Rigi Kulm; Finsteraarhorn, Schreckhorn, Wetterhorn, M\u00f6nch,  Eiger, Jungfrau\"\n               data-src=\"https:\/\/www.freimarianne.ch\/wp-content\/gallery\/rigi-kulm-rigi-scheidegg-20-8-24\/IMG_7595.jpeg\"\n               data-thumbnail=\"https:\/\/www.freimarianne.ch\/wp-content\/gallery\/rigi-kulm-rigi-scheidegg-20-8-24\/thumbs\/thumbs_IMG_7595.jpeg\"\n               data-image-id=\"33677\"\n               data-title=\"Panorama vom Rigi Kulm; Finsteraarhorn, Schreckhorn, Wetterhorn, M\u00f6nch,  Eiger, Jungfrau\"\n               data-description=\"Panorama vom Rigi Kulm; Finsteraarhorn, Schreckhorn, Wetterhorn, M\u00f6nch,  Eiger, Jungfrau\"\n               data-image-slug=\"img_7595-3\"\n               class=\"shutterset_441a21c0ddf29d3b2c5171b3b85a5c1f\">\n                <img\n                    title=\"Panorama vom Rigi Kulm; Finsteraarhorn, Schreckhorn, Wetterhorn, M\u00f6nch,  Eiger, Jungfrau\"\n                    alt=\"Panorama vom Rigi Kulm; Finsteraarhorn, Schreckhorn, Wetterhorn, M\u00f6nch,  Eiger, Jungfrau\"\n                    src=\"https:\/\/www.freimarianne.ch\/wp-content\/gallery\/rigi-kulm-rigi-scheidegg-20-8-24\/cache\/IMG_7595.jpeg-nggid0533677-ngg0dyn-100x75x100-00f0w010c010r110f110r010t010.jpeg\"\n                    width=\"100\"\n                    height=\"75\"\n                    style=\"max-width:100%;\"\n                \/>\n            <\/a>\n        <\/div>\n\t\t\t\t\t\t\t<\/div> \n\t\t\t\n                            \n\t\t\t\t<div id=\"ngg-image-2\" class=\"ngg-gallery-thumbnail-box\" >\n\t\t\t\t        <div class=\"ngg-gallery-thumbnail\">\n            <a href=\"https:\/\/www.freimarianne.ch\/wp-content\/gallery\/rigi-kulm-rigi-scheidegg-20-8-24\/IMG_8231.jpeg\"\n               title=\"wolkiges Panorama vom Rigi Kulm\"\n               data-src=\"https:\/\/www.freimarianne.ch\/wp-content\/gallery\/rigi-kulm-rigi-scheidegg-20-8-24\/IMG_8231.jpeg\"\n               data-thumbnail=\"https:\/\/www.freimarianne.ch\/wp-content\/gallery\/rigi-kulm-rigi-scheidegg-20-8-24\/thumbs\/thumbs_IMG_8231.jpeg\"\n               data-image-id=\"33676\"\n               data-title=\"wolkiges Panorama vom Rigi Kulm\"\n               data-description=\"wolkiges Panorama vom Rigi Kulm\"\n               data-image-slug=\"img_8231-3\"\n               class=\"shutterset_441a21c0ddf29d3b2c5171b3b85a5c1f\">\n                <img\n                    title=\"wolkiges Panorama vom Rigi Kulm\"\n                    alt=\"wolkiges Panorama vom Rigi Kulm\"\n                    src=\"https:\/\/www.freimarianne.ch\/wp-content\/gallery\/rigi-kulm-rigi-scheidegg-20-8-24\/cache\/IMG_8231.jpeg-nggid0533676-ngg0dyn-100x75x100-00f0w010c010r110f110r010t010.jpeg\"\n                    width=\"100\"\n                    height=\"69\"\n                    style=\"max-width:100%;\"\n                \/>\n            <\/a>\n        <\/div>\n\t\t\t\t\t\t\t<\/div> \n\t\t\t\n                            \n\t\t\t\t<div id=\"ngg-image-3\" class=\"ngg-gallery-thumbnail-box\" >\n\t\t\t\t        <div class=\"ngg-gallery-thumbnail\">\n            <a href=\"https:\/\/www.freimarianne.ch\/wp-content\/gallery\/rigi-kulm-rigi-scheidegg-20-8-24\/IMG_7598.jpeg\"\n               title=\"spezielles Panorama vom Rigi Kulm\"\n               data-src=\"https:\/\/www.freimarianne.ch\/wp-content\/gallery\/rigi-kulm-rigi-scheidegg-20-8-24\/IMG_7598.jpeg\"\n               data-thumbnail=\"https:\/\/www.freimarianne.ch\/wp-content\/gallery\/rigi-kulm-rigi-scheidegg-20-8-24\/thumbs\/thumbs_IMG_7598.jpeg\"\n               data-image-id=\"33675\"\n               data-title=\"spezielles Panorama vom Rigi Kulm\"\n               data-description=\"spezielles Panorama vom Rigi Kulm\"\n               data-image-slug=\"img_7598-3\"\n               class=\"shutterset_441a21c0ddf29d3b2c5171b3b85a5c1f\">\n                <img\n                    title=\"spezielles Panorama vom Rigi Kulm\"\n                    alt=\"spezielles Panorama vom Rigi Kulm\"\n                    src=\"https:\/\/www.freimarianne.ch\/wp-content\/gallery\/rigi-kulm-rigi-scheidegg-20-8-24\/cache\/IMG_7598.jpeg-nggid0533675-ngg0dyn-100x75x100-00f0w010c010r110f110r010t010.jpeg\"\n                    width=\"100\"\n                    height=\"61\"\n                    style=\"max-width:100%;\"\n                \/>\n            <\/a>\n        <\/div>\n\t\t\t\t\t\t\t<\/div> \n\t\t\t\n                                    <br style=\"clear: both\" \/>\n                    \n\t\t\t\t<div id=\"ngg-image-4\" class=\"ngg-gallery-thumbnail-box\" >\n\t\t\t\t        <div class=\"ngg-gallery-thumbnail\">\n            <a href=\"https:\/\/www.freimarianne.ch\/wp-content\/gallery\/rigi-kulm-rigi-scheidegg-20-8-24\/IMG_7599.jpeg\"\n               title=\"mi Buochserhorn\"\n               data-src=\"https:\/\/www.freimarianne.ch\/wp-content\/gallery\/rigi-kulm-rigi-scheidegg-20-8-24\/IMG_7599.jpeg\"\n               data-thumbnail=\"https:\/\/www.freimarianne.ch\/wp-content\/gallery\/rigi-kulm-rigi-scheidegg-20-8-24\/thumbs\/thumbs_IMG_7599.jpeg\"\n               data-image-id=\"33673\"\n               data-title=\"mi Buochserhorn\"\n               data-description=\"mi Buochserhorn\"\n               data-image-slug=\"img_7599-1\"\n               class=\"shutterset_441a21c0ddf29d3b2c5171b3b85a5c1f\">\n                <img\n                    title=\"mi Buochserhorn\"\n                    alt=\"mi Buochserhorn\"\n                    src=\"https:\/\/www.freimarianne.ch\/wp-content\/gallery\/rigi-kulm-rigi-scheidegg-20-8-24\/cache\/IMG_7599.jpeg-nggid0533673-ngg0dyn-100x75x100-00f0w010c010r110f110r010t010.jpeg\"\n                    width=\"100\"\n                    height=\"60\"\n                    style=\"max-width:100%;\"\n                \/>\n            <\/a>\n        <\/div>\n\t\t\t\t\t\t\t<\/div> \n\t\t\t\n                            \n\t\t\t\t<div id=\"ngg-image-5\" class=\"ngg-gallery-thumbnail-box\" >\n\t\t\t\t        <div class=\"ngg-gallery-thumbnail\">\n            <a href=\"https:\/\/www.freimarianne.ch\/wp-content\/gallery\/rigi-kulm-rigi-scheidegg-20-8-24\/IMG_8234.jpeg\"\n               title=\"Rigi Idyll\"\n               data-src=\"https:\/\/www.freimarianne.ch\/wp-content\/gallery\/rigi-kulm-rigi-scheidegg-20-8-24\/IMG_8234.jpeg\"\n               data-thumbnail=\"https:\/\/www.freimarianne.ch\/wp-content\/gallery\/rigi-kulm-rigi-scheidegg-20-8-24\/thumbs\/thumbs_IMG_8234.jpeg\"\n               data-image-id=\"33672\"\n               data-title=\"Rigi Idyll\"\n               data-description=\"Rigi Idyll\"\n               data-image-slug=\"img_8234-1\"\n               class=\"shutterset_441a21c0ddf29d3b2c5171b3b85a5c1f\">\n                <img\n                    title=\"Rigi Idyll\"\n                    alt=\"Rigi Idyll\"\n                    src=\"https:\/\/www.freimarianne.ch\/wp-content\/gallery\/rigi-kulm-rigi-scheidegg-20-8-24\/cache\/IMG_8234.jpeg-nggid0533672-ngg0dyn-100x75x100-00f0w010c010r110f110r010t010.jpeg\"\n                    width=\"100\"\n                    height=\"67\"\n                    style=\"max-width:100%;\"\n                \/>\n            <\/a>\n        <\/div>\n\t\t\t\t\t\t\t<\/div> \n\t\t\t\n                            \n\t\t\t\t<div id=\"ngg-image-6\" class=\"ngg-gallery-thumbnail-box\" >\n\t\t\t\t        <div class=\"ngg-gallery-thumbnail\">\n            <a href=\"https:\/\/www.freimarianne.ch\/wp-content\/gallery\/rigi-kulm-rigi-scheidegg-20-8-24\/IMG_8235.jpeg\"\n               title=\"Blick zur\u00fcck auf den Kulm\"\n               data-src=\"https:\/\/www.freimarianne.ch\/wp-content\/gallery\/rigi-kulm-rigi-scheidegg-20-8-24\/IMG_8235.jpeg\"\n               data-thumbnail=\"https:\/\/www.freimarianne.ch\/wp-content\/gallery\/rigi-kulm-rigi-scheidegg-20-8-24\/thumbs\/thumbs_IMG_8235.jpeg\"\n               data-image-id=\"33674\"\n               data-title=\"Blick zur\u00fcck auf den Kulm\"\n               data-description=\"Blick zur\u00fcck auf den Kulm\"\n               data-image-slug=\"img_8235-1\"\n               class=\"shutterset_441a21c0ddf29d3b2c5171b3b85a5c1f\">\n                <img\n                    title=\"Blick zur\u00fcck auf den Kulm\"\n                    alt=\"Blick zur\u00fcck auf den Kulm\"\n                    src=\"https:\/\/www.freimarianne.ch\/wp-content\/gallery\/rigi-kulm-rigi-scheidegg-20-8-24\/cache\/IMG_8235.jpeg-nggid0533674-ngg0dyn-100x75x100-00f0w010c010r110f110r010t010.jpeg\"\n                    width=\"100\"\n                    height=\"75\"\n                    style=\"max-width:100%;\"\n                \/>\n            <\/a>\n        <\/div>\n\t\t\t\t\t\t\t<\/div> \n\t\t\t\n                            \n\t\t\t\t<div id=\"ngg-image-7\" class=\"ngg-gallery-thumbnail-box\" >\n\t\t\t\t        <div class=\"ngg-gallery-thumbnail\">\n            <a href=\"https:\/\/www.freimarianne.ch\/wp-content\/gallery\/rigi-kulm-rigi-scheidegg-20-8-24\/IMG_8240.jpeg\"\n               title=\"bei Hinder Dossen 1546m\"\n               data-src=\"https:\/\/www.freimarianne.ch\/wp-content\/gallery\/rigi-kulm-rigi-scheidegg-20-8-24\/IMG_8240.jpeg\"\n               data-thumbnail=\"https:\/\/www.freimarianne.ch\/wp-content\/gallery\/rigi-kulm-rigi-scheidegg-20-8-24\/thumbs\/thumbs_IMG_8240.jpeg\"\n               data-image-id=\"33671\"\n               data-title=\"bei Hinder Dossen 1546m\"\n               data-description=\"bei Hinder Dossen 1546m\"\n               data-image-slug=\"img_8240-5\"\n               class=\"shutterset_441a21c0ddf29d3b2c5171b3b85a5c1f\">\n                <img\n                    title=\"bei Hinder Dossen 1546m\"\n                    alt=\"bei Hinder Dossen 1546m\"\n                    src=\"https:\/\/www.freimarianne.ch\/wp-content\/gallery\/rigi-kulm-rigi-scheidegg-20-8-24\/cache\/IMG_8240.jpeg-nggid0533671-ngg0dyn-100x75x100-00f0w010c010r110f110r010t010.jpeg\"\n                    width=\"100\"\n                    height=\"73\"\n                    style=\"max-width:100%;\"\n                \/>\n            <\/a>\n        <\/div>\n\t\t\t\t\t\t\t<\/div> \n\t\t\t\n                                    <br style=\"clear: both\" \/>\n                    \n\t\t\n\t\t<!-- Pagination -->\n\t<div class='ngg-clear'><\/div>\t<\/div>\n\n","protected":false},"excerpt":{"rendered":"<p>igentlich wollte ich heute ins Wallis fahren. Da mein Tram nicht fuhr, verpasste ich den Zug um 2 Minuten!! Ich konnte einen Zug nehmen, der 10 Minuten sp\u00e4ter abfuhr &#8211; aber nicht ins Wallis sondern ins Tessin ! Ich plante, in Schwyz umzusteigen und hinauf auf die Rotflue zu fahren. Aber wieder gab es ein [&hellip;]<\/p>\n","protected":false},"author":1,"featured_media":0,"parent":64849,"menu_order":17,"comment_status":"closed","ping_status":"closed","template":"","meta":{"ngg_post_thumbnail":0},"_links":{"self":[{"href":"https:\/\/www.freimarianne.ch\/index.php?rest_route=\/wp\/v2\/pages\/65914"}],"collection":[{"href":"https:\/\/www.freimarianne.ch\/index.php?rest_route=\/wp\/v2\/pages"}],"about":[{"href":"https:\/\/www.freimarianne.ch\/index.php?rest_route=\/wp\/v2\/types\/page"}],"author":[{"embeddable":true,"href":"https:\/\/www.freimarianne.ch\/index.php?rest_route=\/wp\/v2\/users\/1"}],"replies":[{"embeddable":true,"href":"https:\/\/www.freimarianne.ch\/index.php?rest_route=%2Fwp%2Fv2%2Fcomments&post=65914"}],"version-history":[{"count":2,"href":"https:\/\/www.freimarianne.ch\/index.php?rest_route=\/wp\/v2\/pages\/65914\/revisions"}],"predecessor-version":[{"id":65953,"href":"https:\/\/www.freimarianne.ch\/index.php?rest_route=\/wp\/v2\/pages\/65914\/revisions\/65953"}],"up":[{"embeddable":true,"href":"https:\/\/www.freimarianne.ch\/index.php?rest_route=\/wp\/v2\/pages\/64849"}],"wp:attachment":[{"href":"https:\/\/www.freimarianne.ch\/index.php?rest_route=%2Fwp%2Fv2%2Fmedia&parent=65914"}],"curies":[{"name":"wp","href":"https:\/\/api.w.org\/{rel}","templated":true}]}}