{"id":66446,"date":"2024-11-24T11:33:44","date_gmt":"2024-11-24T10:33:44","guid":{"rendered":"http:\/\/www.freimarianne.ch\/?page_id=66446"},"modified":"2024-11-24T12:06:36","modified_gmt":"2024-11-24T11:06:36","slug":"wisen-zeglingen-so-bl-29-10-2024","status":"publish","type":"page","link":"https:\/\/www.freimarianne.ch\/?page_id=66446","title":{"rendered":"Wisen &#8211; Zeglingen  SO, BL 29.10.2024"},"content":{"rendered":"\n<div class=\"wp-block-image\"><figure class=\"alignleft\"><img loading=\"lazy\" width=\"500\" height=\"412\" src=\"http:\/\/www.freimarianne.ch\/wp-content\/uploads\/2024\/11\/IMG_8918._wisen29.10.24_500.jpeg\" alt=\"\" class=\"wp-image-66435\" srcset=\"https:\/\/www.freimarianne.ch\/wp-content\/uploads\/2024\/11\/IMG_8918._wisen29.10.24_500.jpeg 500w, https:\/\/www.freimarianne.ch\/wp-content\/uploads\/2024\/11\/IMG_8918._wisen29.10.24_500-300x247.jpeg 300w, https:\/\/www.freimarianne.ch\/wp-content\/uploads\/2024\/11\/IMG_8918._wisen29.10.24_500-364x300.jpeg 364w\" sizes=\"(max-width: 500px) 100vw, 500px\" \/><\/figure><\/div>\n\n\n\n<p><\/p>\n\n\n<p>Jurawanderung von Wisen nach Zeglingen<\/p>\n<p>Dies ist die letzte Wanderung im Jahr 24 mit der Gruppe Alpenblick. Wir mussten dieses Jahr leider einige Wanderungen wegen schlechten Wetters absagen.<br>Aber heute haben wir Gl\u00fcck. Ein strahlender Herbsttag erwartet uns !<br>Aber zuerst m\u00fcssen wir aus dem Nebel herauskommen !<br>Wir fahren von Olten mit dem Postauto hinauf nach Wisen. Schon vor dem Dorf lassen wir den Nebel &#8211; abgesehen von wandernden Nebelschwaden &#8211; hinter uns. Im Restaurant k\u00f6nnen wir sogar unseren Startkaffee draussen an der Sonne trinken.<br>Dann geht es los hinauf auf die Wisnerh\u00f6chi 766m. Von dort wandern wir in einem Auf und Ab \u00fcber den Dottenberg unterhalb der Burgflue \u00fcber Alpweiden. Wir finden einen netten Picknickplatz und k\u00f6nnen den Sonnenschein geniessen. Weiter geht es hinauf gegen Leutschenberg und D\u00fcrrhalde. Dann wendet sich der Weg nach links auf eine offenen Fl\u00e4che.Es folgt ein Waldabschnitt, der uns hinunter nach Zeglingen bringt. Bald haben wir einen Bus nach Gelterkinden.<\/p>\n<p>Dies war eine sehr sch\u00f6ne Jurawanderung, die sicher alle genossen haben.<\/p>\n<p>Danke Daniela f\u00fcr die Organisation.<\/p>\n<p>Laut Schweizmobil:<\/p>\n<p>Distanz: 11.95km; Aufstieg: 364m; Abstieg: 541m; Wanderzeit: 3h 16min<\/p>\n<p><a href=\"https:\/\/map.schweizmobil.ch\/?lang=de&amp;photos=yes&amp;logo=yes&amp;detours=yes&amp;season=summer&amp;bgLayer=pk&amp;resolution=6.38&amp;E=2635881&amp;N=1250135&amp;trackId=1329196477\">Karte Schweizmobil:<\/a><\/p>\n<p>&nbsp;<\/p>\n\n\n<!-- index.php -->\n<div\n\tclass=\"ngg-galleryoverview ngg-ajax-pagination-none\"\n\tid=\"ngg-gallery-ebb361da95886ae155227fb15645af7b-1\">\n\n    \t<div class=\"slideshowlink\">\n        <a href='https:\/\/www.freimarianne.ch\/index.php\/nggallery\/slideshow?page_id=66446'>[Show as slideshow]<\/a>\n\t\t\n\t<\/div>\n\t\t\t<!-- Thumbnails -->\n\t\t\t\t<div id=\"ngg-image-0\" class=\"ngg-gallery-thumbnail-box\" >\n\t\t\t\t        <div class=\"ngg-gallery-thumbnail\">\n            <a href=\"https:\/\/www.freimarianne.ch\/wp-content\/gallery\/wisen-zeglingen-29-10-24\/IMG_8911.jpeg\"\n               title=\"Wisen\"\n               data-src=\"https:\/\/www.freimarianne.ch\/wp-content\/gallery\/wisen-zeglingen-29-10-24\/IMG_8911.jpeg\"\n               data-thumbnail=\"https:\/\/www.freimarianne.ch\/wp-content\/gallery\/wisen-zeglingen-29-10-24\/thumbs\/thumbs_IMG_8911.jpeg\"\n               data-image-id=\"34081\"\n               data-title=\"Wisen\"\n               data-description=\"Wisen\"\n               data-image-slug=\"img_8911-4\"\n               class=\"shutterset_ebb361da95886ae155227fb15645af7b\">\n                <img\n                    title=\"Wisen\"\n                    alt=\"Wisen\"\n                    src=\"https:\/\/www.freimarianne.ch\/wp-content\/gallery\/wisen-zeglingen-29-10-24\/cache\/IMG_8911.jpeg-nggid0534081-ngg0dyn-100x75x100-00f0w010c010r110f110r010t010.jpeg\"\n                    width=\"100\"\n                    height=\"73\"\n                    style=\"max-width:100%;\"\n                \/>\n            <\/a>\n        <\/div>\n\t\t\t\t\t\t\t<\/div> \n\t\t\t\n                            \n\t\t\t\t<div id=\"ngg-image-1\" class=\"ngg-gallery-thumbnail-box\" >\n\t\t\t\t        <div class=\"ngg-gallery-thumbnail\">\n            <a href=\"https:\/\/www.freimarianne.ch\/wp-content\/gallery\/wisen-zeglingen-29-10-24\/IMG_8912.jpeg\"\n               title=\"Wisen\"\n               data-src=\"https:\/\/www.freimarianne.ch\/wp-content\/gallery\/wisen-zeglingen-29-10-24\/IMG_8912.jpeg\"\n               data-thumbnail=\"https:\/\/www.freimarianne.ch\/wp-content\/gallery\/wisen-zeglingen-29-10-24\/thumbs\/thumbs_IMG_8912.jpeg\"\n               data-image-id=\"34080\"\n               data-title=\"Wisen\"\n               data-description=\"Wisen\"\n               data-image-slug=\"img_8912-8915\"\n               class=\"shutterset_ebb361da95886ae155227fb15645af7b\">\n                <img\n                    title=\"Wisen\"\n                    alt=\"Wisen\"\n                    src=\"https:\/\/www.freimarianne.ch\/wp-content\/gallery\/wisen-zeglingen-29-10-24\/cache\/IMG_8912.jpeg-nggid0534080-ngg0dyn-100x75x100-00f0w010c010r110f110r010t010.jpeg\"\n                    width=\"92\"\n                    height=\"75\"\n                    style=\"max-width:100%;\"\n                \/>\n            <\/a>\n        <\/div>\n\t\t\t\t\t\t\t<\/div> \n\t\t\t\n                            \n\t\t\t\t<div id=\"ngg-image-2\" class=\"ngg-gallery-thumbnail-box\" >\n\t\t\t\t        <div class=\"ngg-gallery-thumbnail\">\n            <a href=\"https:\/\/www.freimarianne.ch\/wp-content\/gallery\/wisen-zeglingen-29-10-24\/IMG_8918.jpeg\"\n               title=\"\"\n               data-src=\"https:\/\/www.freimarianne.ch\/wp-content\/gallery\/wisen-zeglingen-29-10-24\/IMG_8918.jpeg\"\n               data-thumbnail=\"https:\/\/www.freimarianne.ch\/wp-content\/gallery\/wisen-zeglingen-29-10-24\/thumbs\/thumbs_IMG_8918.jpeg\"\n               data-image-id=\"34078\"\n               data-title=\"IMG_8918\"\n               data-description=\"\"\n               data-image-slug=\"img_8918-3\"\n               class=\"shutterset_ebb361da95886ae155227fb15645af7b\">\n                <img\n                    title=\"IMG_8918\"\n                    alt=\"IMG_8918\"\n                    src=\"https:\/\/www.freimarianne.ch\/wp-content\/gallery\/wisen-zeglingen-29-10-24\/cache\/IMG_8918.jpeg-nggid0534078-ngg0dyn-100x75x100-00f0w010c010r110f110r010t010.jpeg\"\n                    width=\"91\"\n                    height=\"75\"\n                    style=\"max-width:100%;\"\n                \/>\n            <\/a>\n        <\/div>\n\t\t\t\t\t\t\t<\/div> \n\t\t\t\n                            \n\t\t\t\t<div id=\"ngg-image-3\" class=\"ngg-gallery-thumbnail-box\" >\n\t\t\t\t        <div class=\"ngg-gallery-thumbnail\">\n            <a href=\"https:\/\/www.freimarianne.ch\/wp-content\/gallery\/wisen-zeglingen-29-10-24\/IMG_8919.jpeg\"\n               title=\"\"\n               data-src=\"https:\/\/www.freimarianne.ch\/wp-content\/gallery\/wisen-zeglingen-29-10-24\/IMG_8919.jpeg\"\n               data-thumbnail=\"https:\/\/www.freimarianne.ch\/wp-content\/gallery\/wisen-zeglingen-29-10-24\/thumbs\/thumbs_IMG_8919.jpeg\"\n               data-image-id=\"34076\"\n               data-title=\"IMG_8919\"\n               data-description=\"\"\n               data-image-slug=\"img_8919-3\"\n               class=\"shutterset_ebb361da95886ae155227fb15645af7b\">\n                <img\n                    title=\"IMG_8919\"\n                    alt=\"IMG_8919\"\n                    src=\"https:\/\/www.freimarianne.ch\/wp-content\/gallery\/wisen-zeglingen-29-10-24\/cache\/IMG_8919.jpeg-nggid0534076-ngg0dyn-100x75x100-00f0w010c010r110f110r010t010.jpeg\"\n                    width=\"94\"\n                    height=\"75\"\n                    style=\"max-width:100%;\"\n                \/>\n            <\/a>\n        <\/div>\n\t\t\t\t\t\t\t<\/div> \n\t\t\t\n                                    <br style=\"clear: both\" \/>\n                    \n\t\t\t\t<div id=\"ngg-image-4\" class=\"ngg-gallery-thumbnail-box\" >\n\t\t\t\t        <div class=\"ngg-gallery-thumbnail\">\n            <a href=\"https:\/\/www.freimarianne.ch\/wp-content\/gallery\/wisen-zeglingen-29-10-24\/IMG_8924.jpeg\"\n               title=\"unterwegs\"\n               data-src=\"https:\/\/www.freimarianne.ch\/wp-content\/gallery\/wisen-zeglingen-29-10-24\/IMG_8924.jpeg\"\n               data-thumbnail=\"https:\/\/www.freimarianne.ch\/wp-content\/gallery\/wisen-zeglingen-29-10-24\/thumbs\/thumbs_IMG_8924.jpeg\"\n               data-image-id=\"34079\"\n               data-title=\"unterwegs\"\n               data-description=\"unterwegs\"\n               data-image-slug=\"img_8924-4\"\n               class=\"shutterset_ebb361da95886ae155227fb15645af7b\">\n                <img\n                    title=\"unterwegs\"\n                    alt=\"unterwegs\"\n                    src=\"https:\/\/www.freimarianne.ch\/wp-content\/gallery\/wisen-zeglingen-29-10-24\/cache\/IMG_8924.jpeg-nggid0534079-ngg0dyn-100x75x100-00f0w010c010r110f110r010t010.jpeg\"\n                    width=\"100\"\n                    height=\"75\"\n                    style=\"max-width:100%;\"\n                \/>\n            <\/a>\n        <\/div>\n\t\t\t\t\t\t\t<\/div> \n\t\t\t\n                            \n\t\t\t\t<div id=\"ngg-image-5\" class=\"ngg-gallery-thumbnail-box\" >\n\t\t\t\t        <div class=\"ngg-gallery-thumbnail\">\n            <a href=\"https:\/\/www.freimarianne.ch\/wp-content\/gallery\/wisen-zeglingen-29-10-24\/IMG_8925.jpeg\"\n               title=\"unterwegs\"\n               data-src=\"https:\/\/www.freimarianne.ch\/wp-content\/gallery\/wisen-zeglingen-29-10-24\/IMG_8925.jpeg\"\n               data-thumbnail=\"https:\/\/www.freimarianne.ch\/wp-content\/gallery\/wisen-zeglingen-29-10-24\/thumbs\/thumbs_IMG_8925.jpeg\"\n               data-image-id=\"34077\"\n               data-title=\"unterwegs\"\n               data-description=\"unterwegs\"\n               data-image-slug=\"img_8925-6\"\n               class=\"shutterset_ebb361da95886ae155227fb15645af7b\">\n                <img\n                    title=\"unterwegs\"\n                    alt=\"unterwegs\"\n                    src=\"https:\/\/www.freimarianne.ch\/wp-content\/gallery\/wisen-zeglingen-29-10-24\/cache\/IMG_8925.jpeg-nggid0534077-ngg0dyn-100x75x100-00f0w010c010r110f110r010t010.jpeg\"\n                    width=\"96\"\n                    height=\"75\"\n                    style=\"max-width:100%;\"\n                \/>\n            <\/a>\n        <\/div>\n\t\t\t\t\t\t\t<\/div> \n\t\t\t\n                            \n\t\t\t\t<div id=\"ngg-image-6\" class=\"ngg-gallery-thumbnail-box\" >\n\t\t\t\t        <div class=\"ngg-gallery-thumbnail\">\n            <a href=\"https:\/\/www.freimarianne.ch\/wp-content\/gallery\/wisen-zeglingen-29-10-24\/IMG_8928.jpeg\"\n               title=\"Herbststimmung\"\n               data-src=\"https:\/\/www.freimarianne.ch\/wp-content\/gallery\/wisen-zeglingen-29-10-24\/IMG_8928.jpeg\"\n               data-thumbnail=\"https:\/\/www.freimarianne.ch\/wp-content\/gallery\/wisen-zeglingen-29-10-24\/thumbs\/thumbs_IMG_8928.jpeg\"\n               data-image-id=\"34075\"\n               data-title=\"Herbststimmung\"\n               data-description=\"Herbststimmung\"\n               data-image-slug=\"img_8928-2\"\n               class=\"shutterset_ebb361da95886ae155227fb15645af7b\">\n                <img\n                    title=\"Herbststimmung\"\n                    alt=\"Herbststimmung\"\n                    src=\"https:\/\/www.freimarianne.ch\/wp-content\/gallery\/wisen-zeglingen-29-10-24\/cache\/IMG_8928.jpeg-nggid0534075-ngg0dyn-100x75x100-00f0w010c010r110f110r010t010.jpeg\"\n                    width=\"100\"\n                    height=\"75\"\n                    style=\"max-width:100%;\"\n                \/>\n            <\/a>\n        <\/div>\n\t\t\t\t\t\t\t<\/div> \n\t\t\t\n                            \n\t\t\t\t<div id=\"ngg-image-7\" class=\"ngg-gallery-thumbnail-box\" >\n\t\t\t\t        <div class=\"ngg-gallery-thumbnail\">\n            <a href=\"https:\/\/www.freimarianne.ch\/wp-content\/gallery\/wisen-zeglingen-29-10-24\/IMG_8941.jpeg\"\n               title=\"unterwegs\"\n               data-src=\"https:\/\/www.freimarianne.ch\/wp-content\/gallery\/wisen-zeglingen-29-10-24\/IMG_8941.jpeg\"\n               data-thumbnail=\"https:\/\/www.freimarianne.ch\/wp-content\/gallery\/wisen-zeglingen-29-10-24\/thumbs\/thumbs_IMG_8941.jpeg\"\n               data-image-id=\"34074\"\n               data-title=\"unterwegs\"\n               data-description=\"unterwegs\"\n               data-image-slug=\"img_8941-2\"\n               class=\"shutterset_ebb361da95886ae155227fb15645af7b\">\n                <img\n                    title=\"unterwegs\"\n                    alt=\"unterwegs\"\n                    src=\"https:\/\/www.freimarianne.ch\/wp-content\/gallery\/wisen-zeglingen-29-10-24\/cache\/IMG_8941.jpeg-nggid0534074-ngg0dyn-100x75x100-00f0w010c010r110f110r010t010.jpeg\"\n                    width=\"100\"\n                    height=\"75\"\n                    style=\"max-width:100%;\"\n                \/>\n            <\/a>\n        <\/div>\n\t\t\t\t\t\t\t<\/div> \n\t\t\t\n                                    <br style=\"clear: both\" \/>\n                    \n\t\t\n\t\t<!-- Pagination -->\n\t<div class='ngg-clear'><\/div>\t<\/div>\n\n\n\n\n<!-- index.php -->\n<div\n\tclass=\"ngg-galleryoverview ngg-ajax-pagination-none\"\n\tid=\"ngg-gallery-84e592a64eb367756f0096996760b946-1\">\n\n    \t<div class=\"slideshowlink\">\n        <a href='https:\/\/www.freimarianne.ch\/index.php\/nggallery\/slideshow?page_id=66446'>[Show as slideshow]<\/a>\n\t\t\n\t<\/div>\n\t\t\t<!-- Thumbnails -->\n\t\t\t\t<div id=\"ngg-image-0\" class=\"ngg-gallery-thumbnail-box\" >\n\t\t\t\t        <div class=\"ngg-gallery-thumbnail\">\n            <a href=\"https:\/\/www.freimarianne.ch\/wp-content\/gallery\/wisen-zeglingen-iph-29-10-24\/IMG_8266.jpeg\"\n               title=\"Wisen\"\n               data-src=\"https:\/\/www.freimarianne.ch\/wp-content\/gallery\/wisen-zeglingen-iph-29-10-24\/IMG_8266.jpeg\"\n               data-thumbnail=\"https:\/\/www.freimarianne.ch\/wp-content\/gallery\/wisen-zeglingen-iph-29-10-24\/thumbs\/thumbs_IMG_8266.jpeg\"\n               data-image-id=\"34088\"\n               data-title=\"Wisen\"\n               data-description=\"Wisen\"\n               data-image-slug=\"img_8266-5\"\n               class=\"shutterset_84e592a64eb367756f0096996760b946\">\n                <img\n                    title=\"Wisen\"\n                    alt=\"Wisen\"\n                    src=\"https:\/\/www.freimarianne.ch\/wp-content\/gallery\/wisen-zeglingen-iph-29-10-24\/cache\/IMG_8266.jpeg-nggid0534088-ngg0dyn-100x75x100-00f0w010c010r110f110r010t010.jpeg\"\n                    width=\"100\"\n                    height=\"75\"\n                    style=\"max-width:100%;\"\n                \/>\n            <\/a>\n        <\/div>\n\t\t\t\t\t\t\t<\/div> \n\t\t\t\n                            \n\t\t\t\t<div id=\"ngg-image-1\" class=\"ngg-gallery-thumbnail-box\" >\n\t\t\t\t        <div class=\"ngg-gallery-thumbnail\">\n            <a href=\"https:\/\/www.freimarianne.ch\/wp-content\/gallery\/wisen-zeglingen-iph-29-10-24\/IMG_8268.jpeg\"\n               title=\"\"\n               data-src=\"https:\/\/www.freimarianne.ch\/wp-content\/gallery\/wisen-zeglingen-iph-29-10-24\/IMG_8268.jpeg\"\n               data-thumbnail=\"https:\/\/www.freimarianne.ch\/wp-content\/gallery\/wisen-zeglingen-iph-29-10-24\/thumbs\/thumbs_IMG_8268.jpeg\"\n               data-image-id=\"34084\"\n               data-title=\"IMG_8268\"\n               data-description=\"\"\n               data-image-slug=\"img_8268-3\"\n               class=\"shutterset_84e592a64eb367756f0096996760b946\">\n                <img\n                    title=\"IMG_8268\"\n                    alt=\"IMG_8268\"\n                    src=\"https:\/\/www.freimarianne.ch\/wp-content\/gallery\/wisen-zeglingen-iph-29-10-24\/cache\/IMG_8268.jpeg-nggid0534084-ngg0dyn-100x75x100-00f0w010c010r110f110r010t010.jpeg\"\n                    width=\"100\"\n                    height=\"75\"\n                    style=\"max-width:100%;\"\n                \/>\n            <\/a>\n        <\/div>\n\t\t\t\t\t\t\t<\/div> \n\t\t\t\n                            \n\t\t\t\t<div id=\"ngg-image-2\" class=\"ngg-gallery-thumbnail-box\" >\n\t\t\t\t        <div class=\"ngg-gallery-thumbnail\">\n            <a href=\"https:\/\/www.freimarianne.ch\/wp-content\/gallery\/wisen-zeglingen-iph-29-10-24\/IMG_8269.jpeg\"\n               title=\"\"\n               data-src=\"https:\/\/www.freimarianne.ch\/wp-content\/gallery\/wisen-zeglingen-iph-29-10-24\/IMG_8269.jpeg\"\n               data-thumbnail=\"https:\/\/www.freimarianne.ch\/wp-content\/gallery\/wisen-zeglingen-iph-29-10-24\/thumbs\/thumbs_IMG_8269.jpeg\"\n               data-image-id=\"34086\"\n               data-title=\"IMG_8269\"\n               data-description=\"\"\n               data-image-slug=\"img_8269-5\"\n               class=\"shutterset_84e592a64eb367756f0096996760b946\">\n                <img\n                    title=\"IMG_8269\"\n                    alt=\"IMG_8269\"\n                    src=\"https:\/\/www.freimarianne.ch\/wp-content\/gallery\/wisen-zeglingen-iph-29-10-24\/cache\/IMG_8269.jpeg-nggid0534086-ngg0dyn-100x75x100-00f0w010c010r110f110r010t010.jpeg\"\n                    width=\"100\"\n                    height=\"75\"\n                    style=\"max-width:100%;\"\n                \/>\n            <\/a>\n        <\/div>\n\t\t\t\t\t\t\t<\/div> \n\t\t\t\n                            \n\t\t\t\t<div id=\"ngg-image-3\" class=\"ngg-gallery-thumbnail-box\" >\n\t\t\t\t        <div class=\"ngg-gallery-thumbnail\">\n            <a href=\"https:\/\/www.freimarianne.ch\/wp-content\/gallery\/wisen-zeglingen-iph-29-10-24\/IMG_8271.jpeg\"\n               title=\"\"\n               data-src=\"https:\/\/www.freimarianne.ch\/wp-content\/gallery\/wisen-zeglingen-iph-29-10-24\/IMG_8271.jpeg\"\n               data-thumbnail=\"https:\/\/www.freimarianne.ch\/wp-content\/gallery\/wisen-zeglingen-iph-29-10-24\/thumbs\/thumbs_IMG_8271.jpeg\"\n               data-image-id=\"34087\"\n               data-title=\"IMG_8271\"\n               data-description=\"\"\n               data-image-slug=\"img_8271-5\"\n               class=\"shutterset_84e592a64eb367756f0096996760b946\">\n                <img\n                    title=\"IMG_8271\"\n                    alt=\"IMG_8271\"\n                    src=\"https:\/\/www.freimarianne.ch\/wp-content\/gallery\/wisen-zeglingen-iph-29-10-24\/cache\/IMG_8271.jpeg-nggid0534087-ngg0dyn-100x75x100-00f0w010c010r110f110r010t010.jpeg\"\n                    width=\"100\"\n                    height=\"75\"\n                    style=\"max-width:100%;\"\n                \/>\n            <\/a>\n        <\/div>\n\t\t\t\t\t\t\t<\/div> \n\t\t\t\n                                    <br style=\"clear: both\" \/>\n                    \n\t\t\t\t<div id=\"ngg-image-4\" class=\"ngg-gallery-thumbnail-box\" >\n\t\t\t\t        <div class=\"ngg-gallery-thumbnail\">\n            <a href=\"https:\/\/www.freimarianne.ch\/wp-content\/gallery\/wisen-zeglingen-iph-29-10-24\/IMG_8273.jpeg\"\n               title=\"\"\n               data-src=\"https:\/\/www.freimarianne.ch\/wp-content\/gallery\/wisen-zeglingen-iph-29-10-24\/IMG_8273.jpeg\"\n               data-thumbnail=\"https:\/\/www.freimarianne.ch\/wp-content\/gallery\/wisen-zeglingen-iph-29-10-24\/thumbs\/thumbs_IMG_8273.jpeg\"\n               data-image-id=\"34085\"\n               data-title=\"IMG_8273\"\n               data-description=\"\"\n               data-image-slug=\"img_8273-1\"\n               class=\"shutterset_84e592a64eb367756f0096996760b946\">\n                <img\n                    title=\"IMG_8273\"\n                    alt=\"IMG_8273\"\n                    src=\"https:\/\/www.freimarianne.ch\/wp-content\/gallery\/wisen-zeglingen-iph-29-10-24\/cache\/IMG_8273.jpeg-nggid0534085-ngg0dyn-100x75x100-00f0w010c010r110f110r010t010.jpeg\"\n                    width=\"100\"\n                    height=\"75\"\n                    style=\"max-width:100%;\"\n                \/>\n            <\/a>\n        <\/div>\n\t\t\t\t\t\t\t<\/div> \n\t\t\t\n                            \n\t\t\t\t<div id=\"ngg-image-5\" class=\"ngg-gallery-thumbnail-box\" >\n\t\t\t\t        <div class=\"ngg-gallery-thumbnail\">\n            <a href=\"https:\/\/www.freimarianne.ch\/wp-content\/gallery\/wisen-zeglingen-iph-29-10-24\/IMG_8276.jpeg\"\n               title=\"gegen Zeglingen\"\n               data-src=\"https:\/\/www.freimarianne.ch\/wp-content\/gallery\/wisen-zeglingen-iph-29-10-24\/IMG_8276.jpeg\"\n               data-thumbnail=\"https:\/\/www.freimarianne.ch\/wp-content\/gallery\/wisen-zeglingen-iph-29-10-24\/thumbs\/thumbs_IMG_8276.jpeg\"\n               data-image-id=\"34083\"\n               data-title=\"gegen Zeglingen\"\n               data-description=\"gegen Zeglingen\"\n               data-image-slug=\"img_8276\"\n               class=\"shutterset_84e592a64eb367756f0096996760b946\">\n                <img\n                    title=\"gegen Zeglingen\"\n                    alt=\"gegen Zeglingen\"\n                    src=\"https:\/\/www.freimarianne.ch\/wp-content\/gallery\/wisen-zeglingen-iph-29-10-24\/cache\/IMG_8276.jpeg-nggid0534083-ngg0dyn-100x75x100-00f0w010c010r110f110r010t010.jpeg\"\n                    width=\"100\"\n                    height=\"75\"\n                    style=\"max-width:100%;\"\n                \/>\n            <\/a>\n        <\/div>\n\t\t\t\t\t\t\t<\/div> \n\t\t\t\n                            \n\t\t\t\t<div id=\"ngg-image-6\" class=\"ngg-gallery-thumbnail-box\" >\n\t\t\t\t        <div class=\"ngg-gallery-thumbnail\">\n            <a href=\"https:\/\/www.freimarianne.ch\/wp-content\/gallery\/wisen-zeglingen-iph-29-10-24\/IMG_8277.jpeg\"\n               title=\"Jura Herbstlandschaft\"\n               data-src=\"https:\/\/www.freimarianne.ch\/wp-content\/gallery\/wisen-zeglingen-iph-29-10-24\/IMG_8277.jpeg\"\n               data-thumbnail=\"https:\/\/www.freimarianne.ch\/wp-content\/gallery\/wisen-zeglingen-iph-29-10-24\/thumbs\/thumbs_IMG_8277.jpeg\"\n               data-image-id=\"34082\"\n               data-title=\"Jura Herbstlandschaft\"\n               data-description=\"Jura Herbstlandschaft\"\n               data-image-slug=\"img_8277-7\"\n               class=\"shutterset_84e592a64eb367756f0096996760b946\">\n                <img\n                    title=\"Jura Herbstlandschaft\"\n                    alt=\"Jura Herbstlandschaft\"\n                    src=\"https:\/\/www.freimarianne.ch\/wp-content\/gallery\/wisen-zeglingen-iph-29-10-24\/cache\/IMG_8277.jpeg-nggid0534082-ngg0dyn-100x75x100-00f0w010c010r110f110r010t010.jpeg\"\n                    width=\"100\"\n                    height=\"75\"\n                    style=\"max-width:100%;\"\n                \/>\n            <\/a>\n        <\/div>\n\t\t\t\t\t\t\t<\/div> \n\t\t\t\n                            \n\t\t\n\t\t<!-- Pagination -->\n\t<div class='ngg-clear'><\/div>\t<\/div>\n\n","protected":false},"excerpt":{"rendered":"<p>Jurawanderung von Wisen nach Zeglingen Dies ist die letzte Wanderung im Jahr 24 mit der Gruppe Alpenblick. Wir mussten dieses Jahr leider einige Wanderungen wegen schlechten Wetters absagen.Aber heute haben wir Gl\u00fcck. Ein strahlender Herbsttag erwartet uns !Aber zuerst m\u00fcssen wir aus dem Nebel herauskommen !Wir fahren von Olten mit dem Postauto hinauf nach Wisen. [&hellip;]<\/p>\n","protected":false},"author":1,"featured_media":0,"parent":65961,"menu_order":15,"comment_status":"closed","ping_status":"closed","template":"","meta":{"ngg_post_thumbnail":0},"_links":{"self":[{"href":"https:\/\/www.freimarianne.ch\/index.php?rest_route=\/wp\/v2\/pages\/66446"}],"collection":[{"href":"https:\/\/www.freimarianne.ch\/index.php?rest_route=\/wp\/v2\/pages"}],"about":[{"href":"https:\/\/www.freimarianne.ch\/index.php?rest_route=\/wp\/v2\/types\/page"}],"author":[{"embeddable":true,"href":"https:\/\/www.freimarianne.ch\/index.php?rest_route=\/wp\/v2\/users\/1"}],"replies":[{"embeddable":true,"href":"https:\/\/www.freimarianne.ch\/index.php?rest_route=%2Fwp%2Fv2%2Fcomments&post=66446"}],"version-history":[{"count":4,"href":"https:\/\/www.freimarianne.ch\/index.php?rest_route=\/wp\/v2\/pages\/66446\/revisions"}],"predecessor-version":[{"id":66556,"href":"https:\/\/www.freimarianne.ch\/index.php?rest_route=\/wp\/v2\/pages\/66446\/revisions\/66556"}],"up":[{"embeddable":true,"href":"https:\/\/www.freimarianne.ch\/index.php?rest_route=\/wp\/v2\/pages\/65961"}],"wp:attachment":[{"href":"https:\/\/www.freimarianne.ch\/index.php?rest_route=%2Fwp%2Fv2%2Fmedia&parent=66446"}],"curies":[{"name":"wp","href":"https:\/\/api.w.org\/{rel}","templated":true}]}}