{"id":66453,"date":"2024-11-24T11:42:37","date_gmt":"2024-11-24T10:42:37","guid":{"rendered":"http:\/\/www.freimarianne.ch\/?page_id=66453"},"modified":"2024-11-24T12:26:26","modified_gmt":"2024-11-24T11:26:26","slug":"flims-trin-platta-gr-9-11-2024","status":"publish","type":"page","link":"https:\/\/www.freimarianne.ch\/?page_id=66453","title":{"rendered":"Flims &#8211; Trin, Platta  GR  9.11.2024"},"content":{"rendered":"<div id=\"attachment_66438\" style=\"width: 510px\" class=\"wp-caption alignleft\"><img aria-describedby=\"caption-attachment-66438\" loading=\"lazy\" class=\"size-full wp-image-66438\" src=\"http:\/\/www.freimarianne.ch\/wp-content\/uploads\/2024\/11\/IMG_9016._flims9.11.24_500.jpeg\" alt=\"\" width=\"500\" height=\"365\" srcset=\"https:\/\/www.freimarianne.ch\/wp-content\/uploads\/2024\/11\/IMG_9016._flims9.11.24_500.jpeg 500w, https:\/\/www.freimarianne.ch\/wp-content\/uploads\/2024\/11\/IMG_9016._flims9.11.24_500-300x219.jpeg 300w, https:\/\/www.freimarianne.ch\/wp-content\/uploads\/2024\/11\/IMG_9016._flims9.11.24_500-411x300.jpeg 411w\" sizes=\"(max-width: 500px) 100vw, 500px\" \/><p id=\"caption-attachment-66438\" class=\"wp-caption-text\">Sicht von Digg nach Trin Mulin<\/p><\/div>\n<p>Wanderung von Flims, Waldhaus zum Lag Prau Tulerita &#8211; Caumasee &#8211; Conn &#8211; Digg &#8211; Trin,Platta<\/p>\n<p>Heute kehre ich nochmals nach Flims zur\u00fcck, da ich den Lag Prau Tulerita sehen m\u00f6chte. Welche Entt\u00e4uschung! Da liegt in der Senke mitten im Wald kein See sondern eine Wiese! So wandere ich weiter am Caumasee vorbei und erreiche Conn auf einem mir neuen Weg von einer anderen Seite. Nach Conn senkt sich der Weg ab und f\u00fchrt durch ein ansprechende Landschaft hinunter zur Schlucht des Flem, die ich auf einer Br\u00fccke queren muss. Nun folgt ein kurzer Aufstieg auf eine Kuppe. Vor mir liegt eine weitl\u00e4ufige gr\u00fcne Landschaft. Ich komme beim grossen Stall bei Plaun Las\u00e9az vorbei und erreiche dann das Dorf Digg. Von hier aus bietet sich eine pr\u00e4chtige Sicht auf Trin Mulin und die Burgruine Canaschal. Weiter geht es \u00fcber Wiesen und dann durch einen steilen Bergwald. Hier ist der Pfad stellenweise mit Ketten gesichert.<br>\nIch erreiche die Autostrasse, wo es wieder eine Abzweigung zum Wanderweg gibt. Da ich zeitlich etwas knapp bin und den Bus um 14.10h nehmen m\u00f6chte, beschliesse ich auf dar Strasse zu gehen.<\/p>\n<p>Dies war eine interessante Wanderung in einer Gegend, die ich kennenlernen wollte.<\/p>\n<p>Laut Schweizmobil:<\/p>\n<p>Distanz: 11.41km; Aufstieg: 275m; Abstieg: 586m; Wanderzeit: 3h 4 min<\/p>\n<p><a href=\"https:\/\/map.schweizmobil.ch\/?lang=de&amp;bgLayer=pk&amp;logo=yes&amp;season=summer&amp;resolution=5&amp;E=2740411&amp;N=1187208&amp;photos=yes&amp;detours=yes&amp;layers=Wanderland%2CStation&amp;trackId=2043484808\">Karte Schweizmobil:<\/a><\/p>\n\n\n<!-- index.php -->\n<div\n\tclass=\"ngg-galleryoverview ngg-ajax-pagination-none\"\n\tid=\"ngg-gallery-937cd78dededc3853f2049328b67d558-1\">\n\n    \t<div class=\"slideshowlink\">\n        <a href='https:\/\/www.freimarianne.ch\/index.php\/nggallery\/slideshow?page_id=66453'>[Show as slideshow]<\/a>\n\t\t\n\t<\/div>\n\t\t\t<!-- Thumbnails -->\n\t\t\t\t<div id=\"ngg-image-0\" class=\"ngg-gallery-thumbnail-box\" >\n\t\t\t\t        <div class=\"ngg-gallery-thumbnail\">\n            <a href=\"https:\/\/www.freimarianne.ch\/wp-content\/gallery\/flims-trinplatta-9-11-24\/IMG_8319.jpeg\"\n               title=\"Lag Prau Tulerita 1015m; eine Wiese\"\n               data-src=\"https:\/\/www.freimarianne.ch\/wp-content\/gallery\/flims-trinplatta-9-11-24\/IMG_8319.jpeg\"\n               data-thumbnail=\"https:\/\/www.freimarianne.ch\/wp-content\/gallery\/flims-trinplatta-9-11-24\/thumbs\/thumbs_IMG_8319.jpeg\"\n               data-image-id=\"34111\"\n               data-title=\"Lag Prau Tulerita 1015m; eine Wiese\"\n               data-description=\"Lag Prau Tulerita 1015m; eine Wiese\"\n               data-image-slug=\"img_8319-4\"\n               class=\"shutterset_937cd78dededc3853f2049328b67d558\">\n                <img\n                    title=\"Lag Prau Tulerita 1015m; eine Wiese\"\n                    alt=\"Lag Prau Tulerita 1015m; eine Wiese\"\n                    src=\"https:\/\/www.freimarianne.ch\/wp-content\/gallery\/flims-trinplatta-9-11-24\/cache\/IMG_8319.jpeg-nggid0534111-ngg0dyn-100x75x100-00f0w010c010r110f110r010t010.jpeg\"\n                    width=\"100\"\n                    height=\"75\"\n                    style=\"max-width:100%;\"\n                \/>\n            <\/a>\n        <\/div>\n\t\t\t\t\t\t\t<\/div> \n\t\t\t\n                            \n\t\t\t\t<div id=\"ngg-image-1\" class=\"ngg-gallery-thumbnail-box\" >\n\t\t\t\t        <div class=\"ngg-gallery-thumbnail\">\n            <a href=\"https:\/\/www.freimarianne.ch\/wp-content\/gallery\/flims-trinplatta-9-11-24\/IMG_8322.jpeg\"\n               title=\"am Caumasee\"\n               data-src=\"https:\/\/www.freimarianne.ch\/wp-content\/gallery\/flims-trinplatta-9-11-24\/IMG_8322.jpeg\"\n               data-thumbnail=\"https:\/\/www.freimarianne.ch\/wp-content\/gallery\/flims-trinplatta-9-11-24\/thumbs\/thumbs_IMG_8322.jpeg\"\n               data-image-id=\"34112\"\n               data-title=\"am Caumasee\"\n               data-description=\"am Caumasee\"\n               data-image-slug=\"img_8322-1\"\n               class=\"shutterset_937cd78dededc3853f2049328b67d558\">\n                <img\n                    title=\"am Caumasee\"\n                    alt=\"am Caumasee\"\n                    src=\"https:\/\/www.freimarianne.ch\/wp-content\/gallery\/flims-trinplatta-9-11-24\/cache\/IMG_8322.jpeg-nggid0534112-ngg0dyn-100x75x100-00f0w010c010r110f110r010t010.jpeg\"\n                    width=\"100\"\n                    height=\"75\"\n                    style=\"max-width:100%;\"\n                \/>\n            <\/a>\n        <\/div>\n\t\t\t\t\t\t\t<\/div> \n\t\t\t\n                            \n\t\t\t\t<div id=\"ngg-image-2\" class=\"ngg-gallery-thumbnail-box\" >\n\t\t\t\t        <div class=\"ngg-gallery-thumbnail\">\n            <a href=\"https:\/\/www.freimarianne.ch\/wp-content\/gallery\/flims-trinplatta-9-11-24\/IMG_8330.jpeg\"\n               title=\"bei Conn\"\n               data-src=\"https:\/\/www.freimarianne.ch\/wp-content\/gallery\/flims-trinplatta-9-11-24\/IMG_8330.jpeg\"\n               data-thumbnail=\"https:\/\/www.freimarianne.ch\/wp-content\/gallery\/flims-trinplatta-9-11-24\/thumbs\/thumbs_IMG_8330.jpeg\"\n               data-image-id=\"34114\"\n               data-title=\"bei Conn\"\n               data-description=\"bei Conn\"\n               data-image-slug=\"img_8330-3\"\n               class=\"shutterset_937cd78dededc3853f2049328b67d558\">\n                <img\n                    title=\"bei Conn\"\n                    alt=\"bei Conn\"\n                    src=\"https:\/\/www.freimarianne.ch\/wp-content\/gallery\/flims-trinplatta-9-11-24\/cache\/IMG_8330.jpeg-nggid0534114-ngg0dyn-100x75x100-00f0w010c010r110f110r010t010.jpeg\"\n                    width=\"100\"\n                    height=\"69\"\n                    style=\"max-width:100%;\"\n                \/>\n            <\/a>\n        <\/div>\n\t\t\t\t\t\t\t<\/div> \n\t\t\t\n                            \n\t\t\t\t<div id=\"ngg-image-3\" class=\"ngg-gallery-thumbnail-box\" >\n\t\t\t\t        <div class=\"ngg-gallery-thumbnail\">\n            <a href=\"https:\/\/www.freimarianne.ch\/wp-content\/gallery\/flims-trinplatta-9-11-24\/IMG_8333.jpeg\"\n               title=\"Pintrum\"\n               data-src=\"https:\/\/www.freimarianne.ch\/wp-content\/gallery\/flims-trinplatta-9-11-24\/IMG_8333.jpeg\"\n               data-thumbnail=\"https:\/\/www.freimarianne.ch\/wp-content\/gallery\/flims-trinplatta-9-11-24\/thumbs\/thumbs_IMG_8333.jpeg\"\n               data-image-id=\"34113\"\n               data-title=\"Pintrum\"\n               data-description=\"Pintrum\"\n               data-image-slug=\"img_8333-1\"\n               class=\"shutterset_937cd78dededc3853f2049328b67d558\">\n                <img\n                    title=\"Pintrum\"\n                    alt=\"Pintrum\"\n                    src=\"https:\/\/www.freimarianne.ch\/wp-content\/gallery\/flims-trinplatta-9-11-24\/cache\/IMG_8333.jpeg-nggid0534113-ngg0dyn-100x75x100-00f0w010c010r110f110r010t010.jpeg\"\n                    width=\"100\"\n                    height=\"75\"\n                    style=\"max-width:100%;\"\n                \/>\n            <\/a>\n        <\/div>\n\t\t\t\t\t\t\t<\/div> \n\t\t\t\n                                    <br style=\"clear: both\" \/>\n                    \n\t\t\t\t<div id=\"ngg-image-4\" class=\"ngg-gallery-thumbnail-box\" >\n\t\t\t\t        <div class=\"ngg-gallery-thumbnail\">\n            <a href=\"https:\/\/www.freimarianne.ch\/wp-content\/gallery\/flims-trinplatta-9-11-24\/IMG_8342.jpeg\"\n               title=\"Blick zur\u00fcck auf Flims\"\n               data-src=\"https:\/\/www.freimarianne.ch\/wp-content\/gallery\/flims-trinplatta-9-11-24\/IMG_8342.jpeg\"\n               data-thumbnail=\"https:\/\/www.freimarianne.ch\/wp-content\/gallery\/flims-trinplatta-9-11-24\/thumbs\/thumbs_IMG_8342.jpeg\"\n               data-image-id=\"34110\"\n               data-title=\"Blick zur\u00fcck auf Flims\"\n               data-description=\"Blick zur\u00fcck auf Flims\"\n               data-image-slug=\"img_8342-4\"\n               class=\"shutterset_937cd78dededc3853f2049328b67d558\">\n                <img\n                    title=\"Blick zur\u00fcck auf Flims\"\n                    alt=\"Blick zur\u00fcck auf Flims\"\n                    src=\"https:\/\/www.freimarianne.ch\/wp-content\/gallery\/flims-trinplatta-9-11-24\/cache\/IMG_8342.jpeg-nggid0534110-ngg0dyn-100x75x100-00f0w010c010r110f110r010t010.jpeg\"\n                    width=\"100\"\n                    height=\"73\"\n                    style=\"max-width:100%;\"\n                \/>\n            <\/a>\n        <\/div>\n\t\t\t\t\t\t\t<\/div> \n\t\t\t\n                            \n\t\t\t\t<div id=\"ngg-image-5\" class=\"ngg-gallery-thumbnail-box\" >\n\t\t\t\t        <div class=\"ngg-gallery-thumbnail\">\n            <a href=\"https:\/\/www.freimarianne.ch\/wp-content\/gallery\/flims-trinplatta-9-11-24\/IMG_8339.jpeg\"\n               title=\"Blick auf Trin,Mulin\"\n               data-src=\"https:\/\/www.freimarianne.ch\/wp-content\/gallery\/flims-trinplatta-9-11-24\/IMG_8339.jpeg\"\n               data-thumbnail=\"https:\/\/www.freimarianne.ch\/wp-content\/gallery\/flims-trinplatta-9-11-24\/thumbs\/thumbs_IMG_8339.jpeg\"\n               data-image-id=\"34109\"\n               data-title=\"Blick auf Trin,Mulin\"\n               data-description=\"Blick auf Trin,Mulin\"\n               data-image-slug=\"img_8339-3\"\n               class=\"shutterset_937cd78dededc3853f2049328b67d558\">\n                <img\n                    title=\"Blick auf Trin,Mulin\"\n                    alt=\"Blick auf Trin,Mulin\"\n                    src=\"https:\/\/www.freimarianne.ch\/wp-content\/gallery\/flims-trinplatta-9-11-24\/cache\/IMG_8339.jpeg-nggid0534109-ngg0dyn-100x75x100-00f0w010c010r110f110r010t010.jpeg\"\n                    width=\"98\"\n                    height=\"75\"\n                    style=\"max-width:100%;\"\n                \/>\n            <\/a>\n        <\/div>\n\t\t\t\t\t\t\t<\/div> \n\t\t\t\n                            \n\t\t\n\t\t<!-- Pagination -->\n\t<div class='ngg-clear'><\/div>\t<\/div>\n\n\n\n\n\n\n<!-- index.php -->\n<div\n\tclass=\"ngg-galleryoverview ngg-ajax-pagination-none\"\n\tid=\"ngg-gallery-da76c8a237612cd518f5dea0d16a58b9-1\">\n\n    \t<div class=\"slideshowlink\">\n        <a href='https:\/\/www.freimarianne.ch\/index.php\/nggallery\/slideshow?page_id=66453'>[Show as slideshow]<\/a>\n\t\t\n\t<\/div>\n\t\t\t<!-- Thumbnails -->\n\t\t\t\t<div id=\"ngg-image-0\" class=\"ngg-gallery-thumbnail-box\" >\n\t\t\t\t        <div class=\"ngg-gallery-thumbnail\">\n            <a href=\"https:\/\/www.freimarianne.ch\/wp-content\/gallery\/flims-trin-platte-iph_-9-11-24\/IMG_8319.jpeg\"\n               title=\"Lag Prau Tulerita 1015m; eine Wiese\"\n               data-src=\"https:\/\/www.freimarianne.ch\/wp-content\/gallery\/flims-trin-platte-iph_-9-11-24\/IMG_8319.jpeg\"\n               data-thumbnail=\"https:\/\/www.freimarianne.ch\/wp-content\/gallery\/flims-trin-platte-iph_-9-11-24\/thumbs\/thumbs_IMG_8319.jpeg\"\n               data-image-id=\"34132\"\n               data-title=\"Lag Prau Tulerita 1015m; eine Wiese\"\n               data-description=\"Lag Prau Tulerita 1015m; eine Wiese\"\n               data-image-slug=\"img_8319-5\"\n               class=\"shutterset_da76c8a237612cd518f5dea0d16a58b9\">\n                <img\n                    title=\"Lag Prau Tulerita 1015m; eine Wiese\"\n                    alt=\"Lag Prau Tulerita 1015m; eine Wiese\"\n                    src=\"https:\/\/www.freimarianne.ch\/wp-content\/gallery\/flims-trin-platte-iph_-9-11-24\/cache\/IMG_8319.jpeg-nggid0534132-ngg0dyn-100x75x100-00f0w010c010r110f110r010t010.jpeg\"\n                    width=\"100\"\n                    height=\"75\"\n                    style=\"max-width:100%;\"\n                \/>\n            <\/a>\n        <\/div>\n\t\t\t\t\t\t\t<\/div> \n\t\t\t\n                            \n\t\t\t\t<div id=\"ngg-image-1\" class=\"ngg-gallery-thumbnail-box\" >\n\t\t\t\t        <div class=\"ngg-gallery-thumbnail\">\n            <a href=\"https:\/\/www.freimarianne.ch\/wp-content\/gallery\/flims-trin-platte-iph_-9-11-24\/IMG_8322.jpeg\"\n               title=\"am Caumasee\"\n               data-src=\"https:\/\/www.freimarianne.ch\/wp-content\/gallery\/flims-trin-platte-iph_-9-11-24\/IMG_8322.jpeg\"\n               data-thumbnail=\"https:\/\/www.freimarianne.ch\/wp-content\/gallery\/flims-trin-platte-iph_-9-11-24\/thumbs\/thumbs_IMG_8322.jpeg\"\n               data-image-id=\"34131\"\n               data-title=\"am Caumasee\"\n               data-description=\"am Caumasee\"\n               data-image-slug=\"img_8322-2\"\n               class=\"shutterset_da76c8a237612cd518f5dea0d16a58b9\">\n                <img\n                    title=\"am Caumasee\"\n                    alt=\"am Caumasee\"\n                    src=\"https:\/\/www.freimarianne.ch\/wp-content\/gallery\/flims-trin-platte-iph_-9-11-24\/cache\/IMG_8322.jpeg-nggid0534131-ngg0dyn-100x75x100-00f0w010c010r110f110r010t010.jpeg\"\n                    width=\"100\"\n                    height=\"75\"\n                    style=\"max-width:100%;\"\n                \/>\n            <\/a>\n        <\/div>\n\t\t\t\t\t\t\t<\/div> \n\t\t\t\n                            \n\t\t\t\t<div id=\"ngg-image-2\" class=\"ngg-gallery-thumbnail-box\" >\n\t\t\t\t        <div class=\"ngg-gallery-thumbnail\">\n            <a href=\"https:\/\/www.freimarianne.ch\/wp-content\/gallery\/flims-trin-platte-iph_-9-11-24\/IMG_8330.jpeg\"\n               title=\"bei Conn\"\n               data-src=\"https:\/\/www.freimarianne.ch\/wp-content\/gallery\/flims-trin-platte-iph_-9-11-24\/IMG_8330.jpeg\"\n               data-thumbnail=\"https:\/\/www.freimarianne.ch\/wp-content\/gallery\/flims-trin-platte-iph_-9-11-24\/thumbs\/thumbs_IMG_8330.jpeg\"\n               data-image-id=\"34130\"\n               data-title=\"bei Conn\"\n               data-description=\"bei Conn\"\n               data-image-slug=\"img_8330-4\"\n               class=\"shutterset_da76c8a237612cd518f5dea0d16a58b9\">\n                <img\n                    title=\"bei Conn\"\n                    alt=\"bei Conn\"\n                    src=\"https:\/\/www.freimarianne.ch\/wp-content\/gallery\/flims-trin-platte-iph_-9-11-24\/cache\/IMG_8330.jpeg-nggid0534130-ngg0dyn-100x75x100-00f0w010c010r110f110r010t010.jpeg\"\n                    width=\"100\"\n                    height=\"69\"\n                    style=\"max-width:100%;\"\n                \/>\n            <\/a>\n        <\/div>\n\t\t\t\t\t\t\t<\/div> \n\t\t\t\n                            \n\t\t\t\t<div id=\"ngg-image-3\" class=\"ngg-gallery-thumbnail-box\" >\n\t\t\t\t        <div class=\"ngg-gallery-thumbnail\">\n            <a href=\"https:\/\/www.freimarianne.ch\/wp-content\/gallery\/flims-trin-platte-iph_-9-11-24\/IMG_8333.jpeg\"\n               title=\"Pintrum\"\n               data-src=\"https:\/\/www.freimarianne.ch\/wp-content\/gallery\/flims-trin-platte-iph_-9-11-24\/IMG_8333.jpeg\"\n               data-thumbnail=\"https:\/\/www.freimarianne.ch\/wp-content\/gallery\/flims-trin-platte-iph_-9-11-24\/thumbs\/thumbs_IMG_8333.jpeg\"\n               data-image-id=\"34133\"\n               data-title=\"Pintrum\"\n               data-description=\"Pintrum\"\n               data-image-slug=\"img_8333-2\"\n               class=\"shutterset_da76c8a237612cd518f5dea0d16a58b9\">\n                <img\n                    title=\"Pintrum\"\n                    alt=\"Pintrum\"\n                    src=\"https:\/\/www.freimarianne.ch\/wp-content\/gallery\/flims-trin-platte-iph_-9-11-24\/cache\/IMG_8333.jpeg-nggid0534133-ngg0dyn-100x75x100-00f0w010c010r110f110r010t010.jpeg\"\n                    width=\"100\"\n                    height=\"75\"\n                    style=\"max-width:100%;\"\n                \/>\n            <\/a>\n        <\/div>\n\t\t\t\t\t\t\t<\/div> \n\t\t\t\n                                    <br style=\"clear: both\" \/>\n                    \n\t\t\t\t<div id=\"ngg-image-4\" class=\"ngg-gallery-thumbnail-box\" >\n\t\t\t\t        <div class=\"ngg-gallery-thumbnail\">\n            <a href=\"https:\/\/www.freimarianne.ch\/wp-content\/gallery\/flims-trin-platte-iph_-9-11-24\/IMG_8342.jpeg\"\n               title=\"Blick zur\u00fcck auf Flims\"\n               data-src=\"https:\/\/www.freimarianne.ch\/wp-content\/gallery\/flims-trin-platte-iph_-9-11-24\/IMG_8342.jpeg\"\n               data-thumbnail=\"https:\/\/www.freimarianne.ch\/wp-content\/gallery\/flims-trin-platte-iph_-9-11-24\/thumbs\/thumbs_IMG_8342.jpeg\"\n               data-image-id=\"34128\"\n               data-title=\"Blick zur\u00fcck auf Flims\"\n               data-description=\"Blick zur\u00fcck auf Flims\"\n               data-image-slug=\"img_8342-5\"\n               class=\"shutterset_da76c8a237612cd518f5dea0d16a58b9\">\n                <img\n                    title=\"Blick zur\u00fcck auf Flims\"\n                    alt=\"Blick zur\u00fcck auf Flims\"\n                    src=\"https:\/\/www.freimarianne.ch\/wp-content\/gallery\/flims-trin-platte-iph_-9-11-24\/cache\/IMG_8342.jpeg-nggid0534128-ngg0dyn-100x75x100-00f0w010c010r110f110r010t010.jpeg\"\n                    width=\"100\"\n                    height=\"73\"\n                    style=\"max-width:100%;\"\n                \/>\n            <\/a>\n        <\/div>\n\t\t\t\t\t\t\t<\/div> \n\t\t\t\n                            \n\t\t\t\t<div id=\"ngg-image-5\" class=\"ngg-gallery-thumbnail-box\" >\n\t\t\t\t        <div class=\"ngg-gallery-thumbnail\">\n            <a href=\"https:\/\/www.freimarianne.ch\/wp-content\/gallery\/flims-trin-platte-iph_-9-11-24\/IMG_8339.jpeg\"\n               title=\"Blick auf Trin,Mulin\"\n               data-src=\"https:\/\/www.freimarianne.ch\/wp-content\/gallery\/flims-trin-platte-iph_-9-11-24\/IMG_8339.jpeg\"\n               data-thumbnail=\"https:\/\/www.freimarianne.ch\/wp-content\/gallery\/flims-trin-platte-iph_-9-11-24\/thumbs\/thumbs_IMG_8339.jpeg\"\n               data-image-id=\"34129\"\n               data-title=\"Blick auf Trin,Mulin\"\n               data-description=\"Blick auf Trin,Mulin\"\n               data-image-slug=\"img_8339-4\"\n               class=\"shutterset_da76c8a237612cd518f5dea0d16a58b9\">\n                <img\n                    title=\"Blick auf Trin,Mulin\"\n                    alt=\"Blick auf Trin,Mulin\"\n                    src=\"https:\/\/www.freimarianne.ch\/wp-content\/gallery\/flims-trin-platte-iph_-9-11-24\/cache\/IMG_8339.jpeg-nggid0534129-ngg0dyn-100x75x100-00f0w010c010r110f110r010t010.jpeg\"\n                    width=\"98\"\n                    height=\"75\"\n                    style=\"max-width:100%;\"\n                \/>\n            <\/a>\n        <\/div>\n\t\t\t\t\t\t\t<\/div> \n\t\t\t\n                            \n\t\t\n\t\t<!-- Pagination -->\n\t<div class='ngg-clear'><\/div>\t<\/div>\n\n","protected":false},"excerpt":{"rendered":"<p>Wanderung von Flims, Waldhaus zum Lag Prau Tulerita &#8211; Caumasee &#8211; Conn &#8211; Digg &#8211; Trin,Platta Heute kehre ich nochmals nach Flims zur\u00fcck, da ich den Lag Prau Tulerita sehen m\u00f6chte. Welche Entt\u00e4uschung! Da liegt in der Senke mitten im Wald kein See sondern eine Wiese! So wandere ich weiter am Caumasee vorbei und erreiche [&hellip;]<\/p>\n","protected":false},"author":1,"featured_media":0,"parent":65961,"menu_order":18,"comment_status":"closed","ping_status":"closed","template":"","meta":{"ngg_post_thumbnail":0},"_links":{"self":[{"href":"https:\/\/www.freimarianne.ch\/index.php?rest_route=\/wp\/v2\/pages\/66453"}],"collection":[{"href":"https:\/\/www.freimarianne.ch\/index.php?rest_route=\/wp\/v2\/pages"}],"about":[{"href":"https:\/\/www.freimarianne.ch\/index.php?rest_route=\/wp\/v2\/types\/page"}],"author":[{"embeddable":true,"href":"https:\/\/www.freimarianne.ch\/index.php?rest_route=\/wp\/v2\/users\/1"}],"replies":[{"embeddable":true,"href":"https:\/\/www.freimarianne.ch\/index.php?rest_route=%2Fwp%2Fv2%2Fcomments&post=66453"}],"version-history":[{"count":3,"href":"https:\/\/www.freimarianne.ch\/index.php?rest_route=\/wp\/v2\/pages\/66453\/revisions"}],"predecessor-version":[{"id":66584,"href":"https:\/\/www.freimarianne.ch\/index.php?rest_route=\/wp\/v2\/pages\/66453\/revisions\/66584"}],"up":[{"embeddable":true,"href":"https:\/\/www.freimarianne.ch\/index.php?rest_route=\/wp\/v2\/pages\/65961"}],"wp:attachment":[{"href":"https:\/\/www.freimarianne.ch\/index.php?rest_route=%2Fwp%2Fv2%2Fmedia&parent=66453"}],"curies":[{"name":"wp","href":"https:\/\/api.w.org\/{rel}","templated":true}]}}