{"id":67203,"date":"2025-03-13T15:16:31","date_gmt":"2025-03-13T14:16:31","guid":{"rendered":"https:\/\/www.freimarianne.ch\/?page_id=67203"},"modified":"2025-03-13T15:47:35","modified_gmt":"2025-03-13T14:47:35","slug":"simplonpass-vs-5-3-2025","status":"publish","type":"page","link":"https:\/\/www.freimarianne.ch\/?page_id=67203","title":{"rendered":"Simplonpass  VS  5.3.2025"},"content":{"rendered":"\n<p><strong>Winterwanderung<\/strong><\/p>\n\n\n<div id=\"attachment_67201\" style=\"width: 510px\" class=\"wp-caption alignleft\"><img aria-describedby=\"caption-attachment-67201\" loading=\"lazy\" class=\"size-full wp-image-67201\" src=\"http:\/\/www.freimarianne.ch\/wp-content\/uploads\/2025\/03\/IMG_9770._simplon_3.25_500.jpeg\" alt=\"\" width=\"500\" height=\"418\" srcset=\"https:\/\/www.freimarianne.ch\/wp-content\/uploads\/2025\/03\/IMG_9770._simplon_3.25_500.jpeg 500w, https:\/\/www.freimarianne.ch\/wp-content\/uploads\/2025\/03\/IMG_9770._simplon_3.25_500-300x251.jpeg 300w, https:\/\/www.freimarianne.ch\/wp-content\/uploads\/2025\/03\/IMG_9770._simplon_3.25_500-359x300.jpeg 359w\" sizes=\"(max-width: 500px) 100vw, 500px\" \/><p id=\"caption-attachment-67201\" class=\"wp-caption-text\">B\u00f6shorn 3268m, Simpler Weizstadel 2854m, Hotosse 2509m, Galehorn 2797m, Magehorn 2621m<\/p><\/div>\n<p>Heute fahren wir auf den Simplonpass, wo wir Sonnenschein erwarten k\u00f6nnen. Aber es bl\u00e4st ein kalter Wind !<br>Meteo Schweiz hat einen Fr\u00fchlingstag versprochen aber hier oben ist richtiges, kaltes Winterwetter. Wir steigen beim Restaurant Simplonblick aus und wandern in Richtung Rest. Monte Leone, wobei wir noch einen Abstecher machen, um einen Platz f\u00fcr die Mittagspause zu suchen, was uns dann auch gelingt. Darnach beginnen wir unsere geplante Winterwanderung hinunter in die Ebene von Gampisch.<br>Bald sind wir auf dem Winterwanderwg, wo die Schneebedingungen ideal sind. So geniessen wir den Abstieg in der pr\u00e4chtigen, einsamen Winterlandschaft. Unten in der Ebene, mit Sicht auf den alten Spittel und das Barralhaus machen wir eine Pause bei dem einzigen kleinen Geb\u00e4ude und geniessen den Sonnenschein. Dann machen wir uns auf den R\u00fcckweg zur Passh\u00f6he Monte Leone, wo es noch zu einem Kaffee an der Sonne reicht.<\/p>\n<p>Dies war ein sch\u00f6ner Winterauslflug.<\/p>\n<p>Laut Schweizmobil:<\/p>\n<p>Distanz: 6.76km; Aufstieg: 208m; Abstieg: 2227m; Wanderzeit: 1h 49min ( Sommer)<\/p>\n<p><a href=\"https:\/\/map.schweizmobil.ch\/?lang=de&amp;bgLayer=pk&amp;logo=yes&amp;season=winter&amp;resolution=2.5&amp;E=2644979&amp;N=1121666&amp;photos=yes&amp;detours=yes&amp;layers=Winterhiking%2CStation&amp;trackId=653491741\">Karte Schweizmobil:<\/a><\/p>\n\n\n<!-- index.php -->\n<div\n\tclass=\"ngg-galleryoverview ngg-ajax-pagination-none\"\n\tid=\"ngg-gallery-ef6b9cb62cba5a3a3663bca66395d8f2-1\">\n\n    \t<div class=\"slideshowlink\">\n        <a href='https:\/\/www.freimarianne.ch\/index.php\/nggallery\/slideshow?page_id=67203'>[Show as slideshow]<\/a>\n\t\t\n\t<\/div>\n\t\t\t<!-- Thumbnails -->\n\t\t\t\t<div id=\"ngg-image-0\" class=\"ngg-gallery-thumbnail-box\" >\n\t\t\t\t        <div class=\"ngg-gallery-thumbnail\">\n            <a href=\"https:\/\/www.freimarianne.ch\/wp-content\/gallery\/simplon-5-3-25\/IMG_9765.jpeg\"\n               title=\"Wasenhorn 3245m,  M\u00e4derhorn 2852m, Monte Leone 3552m, Breithorn 3438m, H\u00fcbschhorn 3192m\"\n               data-src=\"https:\/\/www.freimarianne.ch\/wp-content\/gallery\/simplon-5-3-25\/IMG_9765.jpeg\"\n               data-thumbnail=\"https:\/\/www.freimarianne.ch\/wp-content\/gallery\/simplon-5-3-25\/thumbs\/thumbs_IMG_9765.jpeg\"\n               data-image-id=\"34579\"\n               data-title=\"Wasenhorn 3245m,  M\u00e4derhorn 2852m, Monte Leone 3552m, Breithorn 3438m, H\u00fcbschhorn 3192m\"\n               data-description=\"Wasenhorn 3245m,  M\u00e4derhorn 2852m, Monte Leone 3552m, Breithorn 3438m, H\u00fcbschhorn 3192m\"\n               data-image-slug=\"img_9765-1\"\n               class=\"shutterset_ef6b9cb62cba5a3a3663bca66395d8f2\">\n                <img\n                    title=\"Wasenhorn 3245m,  M\u00e4derhorn 2852m, Monte Leone 3552m, Breithorn 3438m, H\u00fcbschhorn 3192m\"\n                    alt=\"Wasenhorn 3245m,  M\u00e4derhorn 2852m, Monte Leone 3552m, Breithorn 3438m, H\u00fcbschhorn 3192m\"\n                    src=\"https:\/\/www.freimarianne.ch\/wp-content\/gallery\/simplon-5-3-25\/cache\/IMG_9765.jpeg-nggid0534579-ngg0dyn-100x75x100-00f0w010c010r110f110r010t010.jpeg\"\n                    width=\"100\"\n                    height=\"72\"\n                    style=\"max-width:100%;\"\n                \/>\n            <\/a>\n        <\/div>\n\t\t\t\t\t\t\t<\/div> \n\t\t\t\n                            \n\t\t\t\t<div id=\"ngg-image-1\" class=\"ngg-gallery-thumbnail-box\" >\n\t\t\t\t        <div class=\"ngg-gallery-thumbnail\">\n            <a href=\"https:\/\/www.freimarianne.ch\/wp-content\/gallery\/simplon-5-3-25\/IMG_9767.jpeg\"\n               title=\"Fletschhorn 3904m, B\u00f6shorn 3268m, Simpler Weizstadel 2854m, Hotosse 2509m, Galehorn 2797m\"\n               data-src=\"https:\/\/www.freimarianne.ch\/wp-content\/gallery\/simplon-5-3-25\/IMG_9767.jpeg\"\n               data-thumbnail=\"https:\/\/www.freimarianne.ch\/wp-content\/gallery\/simplon-5-3-25\/thumbs\/thumbs_IMG_9767.jpeg\"\n               data-image-id=\"34578\"\n               data-title=\"Fletschhorn 3904m, B\u00f6shorn 3268m, Simpler Weizstadel 2854m, Hotosse 2509m, Galehorn 2797m\"\n               data-description=\"Fletschhorn 3904m, B\u00f6shorn 3268m, Simpler Weizstadel 2854m, Hotosse 2509m, Galehorn 2797m\"\n               data-image-slug=\"img_9767-4\"\n               class=\"shutterset_ef6b9cb62cba5a3a3663bca66395d8f2\">\n                <img\n                    title=\"Fletschhorn 3904m, B\u00f6shorn 3268m, Simpler Weizstadel 2854m, Hotosse 2509m, Galehorn 2797m\"\n                    alt=\"Fletschhorn 3904m, B\u00f6shorn 3268m, Simpler Weizstadel 2854m, Hotosse 2509m, Galehorn 2797m\"\n                    src=\"https:\/\/www.freimarianne.ch\/wp-content\/gallery\/simplon-5-3-25\/cache\/IMG_9767.jpeg-nggid0534578-ngg0dyn-100x75x100-00f0w010c010r110f110r010t010.jpeg\"\n                    width=\"100\"\n                    height=\"75\"\n                    style=\"max-width:100%;\"\n                \/>\n            <\/a>\n        <\/div>\n\t\t\t\t\t\t\t<\/div> \n\t\t\t\n                            \n\t\t\t\t<div id=\"ngg-image-2\" class=\"ngg-gallery-thumbnail-box\" >\n\t\t\t\t        <div class=\"ngg-gallery-thumbnail\">\n            <a href=\"https:\/\/www.freimarianne.ch\/wp-content\/gallery\/simplon-5-3-25\/IMG_9768.jpeg\"\n               title=\"B\u00f6shorn 3268m, Simpler Weizstadel 2854m, Hotosse 2509m, Galehorn 2797m, Magehorn  2621m\"\n               data-src=\"https:\/\/www.freimarianne.ch\/wp-content\/gallery\/simplon-5-3-25\/IMG_9768.jpeg\"\n               data-thumbnail=\"https:\/\/www.freimarianne.ch\/wp-content\/gallery\/simplon-5-3-25\/thumbs\/thumbs_IMG_9768.jpeg\"\n               data-image-id=\"34575\"\n               data-title=\"B\u00f6shorn 3268m, Simpler Weizstadel 2854m, Hotosse 2509m, Galehorn 2797m, Magehorn  2621m\"\n               data-description=\"B\u00f6shorn 3268m, Simpler Weizstadel 2854m, Hotosse 2509m, Galehorn 2797m, Magehorn  2621m\"\n               data-image-slug=\"img_9768-3\"\n               class=\"shutterset_ef6b9cb62cba5a3a3663bca66395d8f2\">\n                <img\n                    title=\"B\u00f6shorn 3268m, Simpler Weizstadel 2854m, Hotosse 2509m, Galehorn 2797m, Magehorn  2621m\"\n                    alt=\"B\u00f6shorn 3268m, Simpler Weizstadel 2854m, Hotosse 2509m, Galehorn 2797m, Magehorn  2621m\"\n                    src=\"https:\/\/www.freimarianne.ch\/wp-content\/gallery\/simplon-5-3-25\/cache\/IMG_9768.jpeg-nggid0534575-ngg0dyn-100x75x100-00f0w010c010r110f110r010t010.jpeg\"\n                    width=\"100\"\n                    height=\"72\"\n                    style=\"max-width:100%;\"\n                \/>\n            <\/a>\n        <\/div>\n\t\t\t\t\t\t\t<\/div> \n\t\t\t\n                            \n\t\t\t\t<div id=\"ngg-image-3\" class=\"ngg-gallery-thumbnail-box\" >\n\t\t\t\t        <div class=\"ngg-gallery-thumbnail\">\n            <a href=\"https:\/\/www.freimarianne.ch\/wp-content\/gallery\/simplon-5-3-25\/IMG_9769.jpeg\"\n               title=\"Wasenhorn 3246m, M\u00e4derhorn 2900m,  H\u00fcbschhorn 3192m\"\n               data-src=\"https:\/\/www.freimarianne.ch\/wp-content\/gallery\/simplon-5-3-25\/IMG_9769.jpeg\"\n               data-thumbnail=\"https:\/\/www.freimarianne.ch\/wp-content\/gallery\/simplon-5-3-25\/thumbs\/thumbs_IMG_9769.jpeg\"\n               data-image-id=\"34576\"\n               data-title=\"Wasenhorn 3246m, M\u00e4derhorn 2900m,  H\u00fcbschhorn 3192m\"\n               data-description=\"Wasenhorn 3246m, M\u00e4derhorn 2900m,  H\u00fcbschhorn 3192m\"\n               data-image-slug=\"img_9769-1\"\n               class=\"shutterset_ef6b9cb62cba5a3a3663bca66395d8f2\">\n                <img\n                    title=\"Wasenhorn 3246m, M\u00e4derhorn 2900m,  H\u00fcbschhorn 3192m\"\n                    alt=\"Wasenhorn 3246m, M\u00e4derhorn 2900m,  H\u00fcbschhorn 3192m\"\n                    src=\"https:\/\/www.freimarianne.ch\/wp-content\/gallery\/simplon-5-3-25\/cache\/IMG_9769.jpeg-nggid0534576-ngg0dyn-100x75x100-00f0w010c010r110f110r010t010.jpeg\"\n                    width=\"100\"\n                    height=\"75\"\n                    style=\"max-width:100%;\"\n                \/>\n            <\/a>\n        <\/div>\n\t\t\t\t\t\t\t<\/div> \n\t\t\t\n                                    <br style=\"clear: both\" \/>\n                    \n\t\t\t\t<div id=\"ngg-image-4\" class=\"ngg-gallery-thumbnail-box\" >\n\t\t\t\t        <div class=\"ngg-gallery-thumbnail\">\n            <a href=\"https:\/\/www.freimarianne.ch\/wp-content\/gallery\/simplon-5-3-25\/IMG_9771.jpeg\"\n               title=\"H\u00fcbschhorn 3192m; Ebene von Gampisch mit Alten Spittel und das Barralhaus\"\n               data-src=\"https:\/\/www.freimarianne.ch\/wp-content\/gallery\/simplon-5-3-25\/IMG_9771.jpeg\"\n               data-thumbnail=\"https:\/\/www.freimarianne.ch\/wp-content\/gallery\/simplon-5-3-25\/thumbs\/thumbs_IMG_9771.jpeg\"\n               data-image-id=\"34577\"\n               data-title=\"H\u00fcbschhorn 3192m; Ebene von Gampisch mit Alten Spittel und das Barralhaus\"\n               data-description=\"H\u00fcbschhorn 3192m; Ebene von Gampisch mit Alten Spittel und das Barralhaus\"\n               data-image-slug=\"img_9771-3\"\n               class=\"shutterset_ef6b9cb62cba5a3a3663bca66395d8f2\">\n                <img\n                    title=\"H\u00fcbschhorn 3192m; Ebene von Gampisch mit Alten Spittel und das Barralhaus\"\n                    alt=\"H\u00fcbschhorn 3192m; Ebene von Gampisch mit Alten Spittel und das Barralhaus\"\n                    src=\"https:\/\/www.freimarianne.ch\/wp-content\/gallery\/simplon-5-3-25\/cache\/IMG_9771.jpeg-nggid0534577-ngg0dyn-100x75x100-00f0w010c010r110f110r010t010.jpeg\"\n                    width=\"95\"\n                    height=\"75\"\n                    style=\"max-width:100%;\"\n                \/>\n            <\/a>\n        <\/div>\n\t\t\t\t\t\t\t<\/div> \n\t\t\t\n                            \n\t\t\t\t<div id=\"ngg-image-5\" class=\"ngg-gallery-thumbnail-box\" >\n\t\t\t\t        <div class=\"ngg-gallery-thumbnail\">\n            <a href=\"https:\/\/www.freimarianne.ch\/wp-content\/gallery\/simplon-5-3-25\/IMG_9773.jpeg\"\n               title=\"Marianne; Wasenhorn 3246m, M\u00e4derhorn 2900m,  H\u00fcbschhorn 3192m\"\n               data-src=\"https:\/\/www.freimarianne.ch\/wp-content\/gallery\/simplon-5-3-25\/IMG_9773.jpeg\"\n               data-thumbnail=\"https:\/\/www.freimarianne.ch\/wp-content\/gallery\/simplon-5-3-25\/thumbs\/thumbs_IMG_9773.jpeg\"\n               data-image-id=\"34574\"\n               data-title=\"Marianne; Wasenhorn 3246m, M\u00e4derhorn 2900m,  H\u00fcbschhorn 3192m\"\n               data-description=\"Marianne; Wasenhorn 3246m, M\u00e4derhorn 2900m,  H\u00fcbschhorn 3192m\"\n               data-image-slug=\"img_9773-2\"\n               class=\"shutterset_ef6b9cb62cba5a3a3663bca66395d8f2\">\n                <img\n                    title=\"Marianne; Wasenhorn 3246m, M\u00e4derhorn 2900m,  H\u00fcbschhorn 3192m\"\n                    alt=\"Marianne; Wasenhorn 3246m, M\u00e4derhorn 2900m,  H\u00fcbschhorn 3192m\"\n                    src=\"https:\/\/www.freimarianne.ch\/wp-content\/gallery\/simplon-5-3-25\/cache\/IMG_9773.jpeg-nggid0534574-ngg0dyn-100x75x100-00f0w010c010r110f110r010t010.jpeg\"\n                    width=\"84\"\n                    height=\"75\"\n                    style=\"max-width:100%;\"\n                \/>\n            <\/a>\n        <\/div>\n\t\t\t\t\t\t\t<\/div> \n\t\t\t\n                            \n\t\t\t\t<div id=\"ngg-image-6\" class=\"ngg-gallery-thumbnail-box\" >\n\t\t\t\t        <div class=\"ngg-gallery-thumbnail\">\n            <a href=\"https:\/\/www.freimarianne.ch\/wp-content\/gallery\/simplon-5-3-25\/IMG_9774.jpeg\"\n               title=\"auf dem R\u00fcckweg\"\n               data-src=\"https:\/\/www.freimarianne.ch\/wp-content\/gallery\/simplon-5-3-25\/IMG_9774.jpeg\"\n               data-thumbnail=\"https:\/\/www.freimarianne.ch\/wp-content\/gallery\/simplon-5-3-25\/thumbs\/thumbs_IMG_9774.jpeg\"\n               data-image-id=\"34573\"\n               data-title=\"auf dem R\u00fcckweg\"\n               data-description=\"auf dem R\u00fcckweg\"\n               data-image-slug=\"img_9774\"\n               class=\"shutterset_ef6b9cb62cba5a3a3663bca66395d8f2\">\n                <img\n                    title=\"auf dem R\u00fcckweg\"\n                    alt=\"auf dem R\u00fcckweg\"\n                    src=\"https:\/\/www.freimarianne.ch\/wp-content\/gallery\/simplon-5-3-25\/cache\/IMG_9774.jpeg-nggid0534573-ngg0dyn-100x75x100-00f0w010c010r110f110r010t010.jpeg\"\n                    width=\"100\"\n                    height=\"75\"\n                    style=\"max-width:100%;\"\n                \/>\n            <\/a>\n        <\/div>\n\t\t\t\t\t\t\t<\/div> \n\t\t\t\n                            \n\t\t\n\t\t<!-- Pagination -->\n\t<div class='ngg-clear'><\/div>\t<\/div>\n\n\n\n\n<!-- index.php -->\n<div\n\tclass=\"ngg-galleryoverview ngg-ajax-pagination-none\"\n\tid=\"ngg-gallery-e82f72ef6b8084375ccb50f8d1c4c006-1\">\n\n    \t<div class=\"slideshowlink\">\n        <a href='https:\/\/www.freimarianne.ch\/index.php\/nggallery\/slideshow?page_id=67203'>[Show as slideshow]<\/a>\n\t\t\n\t<\/div>\n\t\t\t<!-- Thumbnails -->\n\t\t\t\t<div id=\"ngg-image-0\" class=\"ngg-gallery-thumbnail-box\" >\n\t\t\t\t        <div class=\"ngg-gallery-thumbnail\">\n            <a href=\"https:\/\/www.freimarianne.ch\/wp-content\/gallery\/simplon-iph-5-3-25\/IMG_9066.jpeg\"\n               title=\"Straffelgrat 2633m, Tochuhorn 2625m\"\n               data-src=\"https:\/\/www.freimarianne.ch\/wp-content\/gallery\/simplon-iph-5-3-25\/IMG_9066.jpeg\"\n               data-thumbnail=\"https:\/\/www.freimarianne.ch\/wp-content\/gallery\/simplon-iph-5-3-25\/thumbs\/thumbs_IMG_9066.jpeg\"\n               data-image-id=\"34581\"\n               data-title=\"Straffelgrat 2633m, Tochuhorn 2625m\"\n               data-description=\"Straffelgrat 2633m, Tochuhorn 2625m\"\n               data-image-slug=\"img_9066-2\"\n               class=\"shutterset_e82f72ef6b8084375ccb50f8d1c4c006\">\n                <img\n                    title=\"Straffelgrat 2633m, Tochuhorn 2625m\"\n                    alt=\"Straffelgrat 2633m, Tochuhorn 2625m\"\n                    src=\"https:\/\/www.freimarianne.ch\/wp-content\/gallery\/simplon-iph-5-3-25\/cache\/IMG_9066.jpeg-nggid0534581-ngg0dyn-100x75x100-00f0w010c010r110f110r010t010.jpeg\"\n                    width=\"100\"\n                    height=\"64\"\n                    style=\"max-width:100%;\"\n                \/>\n            <\/a>\n        <\/div>\n\t\t\t\t\t\t\t<\/div> \n\t\t\t\n                            \n\t\t\t\t<div id=\"ngg-image-1\" class=\"ngg-gallery-thumbnail-box\" >\n\t\t\t\t        <div class=\"ngg-gallery-thumbnail\">\n            <a href=\"https:\/\/www.freimarianne.ch\/wp-content\/gallery\/simplon-iph-5-3-25\/IMG_9065.jpeg\"\n               title=\"Ebene von Gampisch; B\u00f6shorn 3268m, Simpler Weizstadel 2854m\"\n               data-src=\"https:\/\/www.freimarianne.ch\/wp-content\/gallery\/simplon-iph-5-3-25\/IMG_9065.jpeg\"\n               data-thumbnail=\"https:\/\/www.freimarianne.ch\/wp-content\/gallery\/simplon-iph-5-3-25\/thumbs\/thumbs_IMG_9065.jpeg\"\n               data-image-id=\"34582\"\n               data-title=\"Ebene von Gampisch; B\u00f6shorn 3268m, Simpler Weizstadel 2854m\"\n               data-description=\"Ebene von Gampisch; B\u00f6shorn 3268m, Simpler Weizstadel 2854m\"\n               data-image-slug=\"img_9065-1\"\n               class=\"shutterset_e82f72ef6b8084375ccb50f8d1c4c006\">\n                <img\n                    title=\"Ebene von Gampisch; B\u00f6shorn 3268m, Simpler Weizstadel 2854m\"\n                    alt=\"Ebene von Gampisch; B\u00f6shorn 3268m, Simpler Weizstadel 2854m\"\n                    src=\"https:\/\/www.freimarianne.ch\/wp-content\/gallery\/simplon-iph-5-3-25\/cache\/IMG_9065.jpeg-nggid0534582-ngg0dyn-100x75x100-00f0w010c010r110f110r010t010.jpeg\"\n                    width=\"100\"\n                    height=\"75\"\n                    style=\"max-width:100%;\"\n                \/>\n            <\/a>\n        <\/div>\n\t\t\t\t\t\t\t<\/div> \n\t\t\t\n                            \n\t\t\t\t<div id=\"ngg-image-2\" class=\"ngg-gallery-thumbnail-box\" >\n\t\t\t\t        <div class=\"ngg-gallery-thumbnail\">\n            <a href=\"https:\/\/www.freimarianne.ch\/wp-content\/gallery\/simplon-iph-5-3-25\/IMG_9064.jpeg\"\n               title=\"B\u00f6shorn 3268m, Simpler Weizstadel 2854m, Hotosse 2509m, Galehorn 2797m\"\n               data-src=\"https:\/\/www.freimarianne.ch\/wp-content\/gallery\/simplon-iph-5-3-25\/IMG_9064.jpeg\"\n               data-thumbnail=\"https:\/\/www.freimarianne.ch\/wp-content\/gallery\/simplon-iph-5-3-25\/thumbs\/thumbs_IMG_9064.jpeg\"\n               data-image-id=\"34580\"\n               data-title=\"B\u00f6shorn 3268m, Simpler Weizstadel 2854m, Hotosse 2509m, Galehorn 2797m\"\n               data-description=\"B\u00f6shorn 3268m, Simpler Weizstadel 2854m, Hotosse 2509m, Galehorn 2797m\"\n               data-image-slug=\"img_9064-4\"\n               class=\"shutterset_e82f72ef6b8084375ccb50f8d1c4c006\">\n                <img\n                    title=\"B\u00f6shorn 3268m, Simpler Weizstadel 2854m, Hotosse 2509m, Galehorn 2797m\"\n                    alt=\"B\u00f6shorn 3268m, Simpler Weizstadel 2854m, Hotosse 2509m, Galehorn 2797m\"\n                    src=\"https:\/\/www.freimarianne.ch\/wp-content\/gallery\/simplon-iph-5-3-25\/cache\/IMG_9064.jpeg-nggid0534580-ngg0dyn-100x75x100-00f0w010c010r110f110r010t010.jpeg\"\n                    width=\"96\"\n                    height=\"75\"\n                    style=\"max-width:100%;\"\n                \/>\n            <\/a>\n        <\/div>\n\t\t\t\t\t\t\t<\/div> \n\t\t\t\n                            \n\t\t\n\t\t<!-- Pagination -->\n\t<div class='ngg-clear'><\/div>\t<\/div>\n\n","protected":false},"excerpt":{"rendered":"<p>Winterwanderung Heute fahren wir auf den Simplonpass, wo wir Sonnenschein erwarten k\u00f6nnen. Aber es bl\u00e4st ein kalter Wind !Meteo Schweiz hat einen Fr\u00fchlingstag versprochen aber hier oben ist richtiges, kaltes Winterwetter. Wir steigen beim Restaurant Simplonblick aus und wandern in Richtung Rest. Monte Leone, wobei wir noch einen Abstecher machen, um einen Platz f\u00fcr die [&hellip;]<\/p>\n","protected":false},"author":1,"featured_media":0,"parent":67194,"menu_order":1,"comment_status":"closed","ping_status":"closed","template":"","meta":{"ngg_post_thumbnail":0},"_links":{"self":[{"href":"https:\/\/www.freimarianne.ch\/index.php?rest_route=\/wp\/v2\/pages\/67203"}],"collection":[{"href":"https:\/\/www.freimarianne.ch\/index.php?rest_route=\/wp\/v2\/pages"}],"about":[{"href":"https:\/\/www.freimarianne.ch\/index.php?rest_route=\/wp\/v2\/types\/page"}],"author":[{"embeddable":true,"href":"https:\/\/www.freimarianne.ch\/index.php?rest_route=\/wp\/v2\/users\/1"}],"replies":[{"embeddable":true,"href":"https:\/\/www.freimarianne.ch\/index.php?rest_route=%2Fwp%2Fv2%2Fcomments&post=67203"}],"version-history":[{"count":2,"href":"https:\/\/www.freimarianne.ch\/index.php?rest_route=\/wp\/v2\/pages\/67203\/revisions"}],"predecessor-version":[{"id":67275,"href":"https:\/\/www.freimarianne.ch\/index.php?rest_route=\/wp\/v2\/pages\/67203\/revisions\/67275"}],"up":[{"embeddable":true,"href":"https:\/\/www.freimarianne.ch\/index.php?rest_route=\/wp\/v2\/pages\/67194"}],"wp:attachment":[{"href":"https:\/\/www.freimarianne.ch\/index.php?rest_route=%2Fwp%2Fv2%2Fmedia&parent=67203"}],"curies":[{"name":"wp","href":"https:\/\/api.w.org\/{rel}","templated":true}]}}