{"id":68037,"date":"2025-06-29T09:58:45","date_gmt":"2025-06-29T08:58:45","guid":{"rendered":"https:\/\/www.freimarianne.ch\/?page_id=68037"},"modified":"2025-06-29T10:59:26","modified_gmt":"2025-06-29T09:59:26","slug":"monte-san-giorgio-ti","status":"publish","type":"page","link":"https:\/\/www.freimarianne.ch\/?page_id=68037","title":{"rendered":"Monte San Giorgio TI"},"content":{"rendered":"\n<p><strong>2.Tag der Ferien in Mendrisio<\/strong><\/p>\n\n\n\n<p><strong>Wanderung von Meride \u00fcber den Monte San Giorgio nach Arsizio Brusino<\/strong><\/p>\n\n\n<div id=\"attachment_68028\" style=\"width: 510px\" class=\"wp-caption alignleft\"><img aria-describedby=\"caption-attachment-68028\" loading=\"lazy\" class=\"size-full wp-image-68028\" src=\"http:\/\/www.freimarianne.ch\/wp-content\/uploads\/2025\/06\/IMG_9931_giorgio_6.25_500.jpeg\" alt=\"\" width=\"500\" height=\"375\" srcset=\"https:\/\/www.freimarianne.ch\/wp-content\/uploads\/2025\/06\/IMG_9931_giorgio_6.25_500.jpeg 500w, https:\/\/www.freimarianne.ch\/wp-content\/uploads\/2025\/06\/IMG_9931_giorgio_6.25_500-300x225.jpeg 300w, https:\/\/www.freimarianne.ch\/wp-content\/uploads\/2025\/06\/IMG_9931_giorgio_6.25_500-400x300.jpeg 400w\" sizes=\"(max-width: 500px) 100vw, 500px\" \/><p id=\"caption-attachment-68028\" class=\"wp-caption-text\">Aussicht vom Monte San Giorgio 1097m<\/p><\/div>\n<p>&nbsp;<\/p>\n<p>Heute fahre ich mit dem Bus hinauf ins Dorf<\/p>\n<p>fMeride 578m, wo sich das Fossilien Museum befindet, das ich morgen besuchen m\u00f6chte.<\/p>\n<p>Heute m\u00f6chte ich den Berg Monte San Giorgio besteigen, in dessen Schichten die vielen Fossilien gefunden wurden, welche nun im Museum gezeigt werden. Hier sah es vor ca 2 Millionen Jahren ganz anders aus !<\/p>\n<p>In Meride finde ich im Dorf bald den Einstieg (9.00h) in den Wanderweg, welcher zur Kirche hinauff\u00fchrt. Bald befinde ich mich auf einem Saumweg, der mich in Kehren hinauf auf eine Art Plateau bringt. Heute ist es wieder heiss und der Weg ist schweisstreibend. Es folgt ein fast ebener Wegabschnitt, der Ausblicke auf eine Baum durchsetzte Lichtung bietet und mich zur Kapelle und Rastplatz La Cassina bringt (10.13h). <br>Ich brauche einen Trinkhalt und eine kurze Rast<br>Ca. 10.39h mache ich mich an die zweite Etappe. Der Weg ist nun abwechslungsreicher weil man nicht st\u00e4ndig im Wald geht. Ich steige \u00fcber verschiedene Steinplatten in Kehren hinauf zu einem Haus. Von dort steigt der Weg nochmals an und um 11.22h habe ich das Oratorio di Monte San Giorgio 1097m und somit den Gipfel erreicht. Hinter der Kirche gibt es eine B\u00e4nke. Der Bergkante f\u00e4llt gegen Norden steil ab. Von hier g\u00e4be es ein pr\u00e4chtiges Panorama zu besichtigen wenn dieser Rauch aus Kanada nicht w\u00e4re !! Es ist dasselbe wir gestern auf dem Monte Generoso !<\/p>\n<p>Ich mache eine Pause und schaue mir die Gegend hier oben an und halte meine Mittagspause, denn auf dem Abstieg nach Arsizio werde ich wohl keinen Bank antreffen!<br>ich steige hinunter zur Abzweigung nach Arsiszio und habe nun einen langen Abstieg durch den steilen Bergwald zu bew\u00e4ltigen, welcher viel Vorsicht und Konzentration braucht ( der Weg ist ein typischer rauer Tessinerpfad ) Um 13h erreiche ich Alpe di Brusino und kann im Grotto eine wohlverdiente Pause machen.<br>Hier verbringe ich fast eine Stunde, da ich ins Gespr\u00e4ch mit anderen Leuten komme.<br>Bevor ich weitergehe, fotografiere ich noch die uralten Kastanienb\u00e4ume, die rund um das Grotte wachsen. Der weitere Abstieg ist wieder eine Herausforderung und zieht sich in die L\u00e4nge. Endliche erreiche ich um 15.40h den Ort Arsizio Brusino, wo ich die Zeit bis zur Abfahrt des Buses am See verbringe.<\/p>\n<p>Auch diese Wanderung ist zu meiner Zufriedenheit verlaufen.<\/p>\n<p>Laut Schweizmobil:<\/p>\n<p>Distanz: 7.29km; Aufstieg: 530m; Abstieg: 834m;Wanderzeit: 3h 2min<\/p>\n<p><a href=\"https:\/\/map.schweizmobil.ch\/?lang=de&amp;bgLayer=pk&amp;logo=yes&amp;season=summer&amp;resolution=5.96&amp;E=2716746&amp;N=1084878&amp;photos=yes&amp;detours=yes&amp;layers=Wanderland&amp;trackId=1297981937\">Karte Schweizmobil:<\/a><\/p>\n\n\n<p><\/p>\n","protected":false},"excerpt":{"rendered":"<p>2.Tag der Ferien in Mendrisio Wanderung von Meride \u00fcber den Monte San Giorgio nach Arsizio Brusino &nbsp; Heute fahre ich mit dem Bus hinauf ins Dorf fMeride 578m, wo sich das Fossilien Museum befindet, das ich morgen besuchen m\u00f6chte. Heute m\u00f6chte ich den Berg Monte San Giorgio besteigen, in dessen Schichten die vielen Fossilien gefunden [&hellip;]<\/p>\n","protected":false},"author":1,"featured_media":0,"parent":67938,"menu_order":3,"comment_status":"closed","ping_status":"closed","template":"","meta":{"ngg_post_thumbnail":0},"_links":{"self":[{"href":"https:\/\/www.freimarianne.ch\/index.php?rest_route=\/wp\/v2\/pages\/68037"}],"collection":[{"href":"https:\/\/www.freimarianne.ch\/index.php?rest_route=\/wp\/v2\/pages"}],"about":[{"href":"https:\/\/www.freimarianne.ch\/index.php?rest_route=\/wp\/v2\/types\/page"}],"author":[{"embeddable":true,"href":"https:\/\/www.freimarianne.ch\/index.php?rest_route=\/wp\/v2\/users\/1"}],"replies":[{"embeddable":true,"href":"https:\/\/www.freimarianne.ch\/index.php?rest_route=%2Fwp%2Fv2%2Fcomments&post=68037"}],"version-history":[{"count":4,"href":"https:\/\/www.freimarianne.ch\/index.php?rest_route=\/wp\/v2\/pages\/68037\/revisions"}],"predecessor-version":[{"id":68240,"href":"https:\/\/www.freimarianne.ch\/index.php?rest_route=\/wp\/v2\/pages\/68037\/revisions\/68240"}],"up":[{"embeddable":true,"href":"https:\/\/www.freimarianne.ch\/index.php?rest_route=\/wp\/v2\/pages\/67938"}],"wp:attachment":[{"href":"https:\/\/www.freimarianne.ch\/index.php?rest_route=%2Fwp%2Fv2%2Fmedia&parent=68037"}],"curies":[{"name":"wp","href":"https:\/\/api.w.org\/{rel}","templated":true}]}}