{"id":6819,"date":"2014-09-14T07:07:48","date_gmt":"2014-09-14T06:07:48","guid":{"rendered":"http:\/\/www.freimarianne.ch\/?page_id=6819"},"modified":"2021-10-05T10:37:12","modified_gmt":"2021-10-05T09:37:12","slug":"euseigen-veysonnaz-vs-12-9-2014","status":"publish","type":"page","link":"https:\/\/www.freimarianne.ch\/?page_id=6819","title":{"rendered":"Euseigne &#8211; Veysonnaz, VS   12.9.2014"},"content":{"rendered":"<p><strong>Wanderung von Euseigne \u00fcber H\u00e9r\u00e9mence nach Veysonnaz; Bisse de Vex<br \/>\n<\/strong><br \/>\n<a href=\"http:\/\/www.freimarianne.ch\/wp-content\/uploads\/2014\/09\/IMG_0836-heremence_500.jpg\"><img loading=\"lazy\" class=\"aligncenter size-full wp-image-6824\" src=\"http:\/\/www.freimarianne.ch\/wp-content\/uploads\/2014\/09\/IMG_0836-heremence_500.jpg\" alt=\"IMG_0836- heremence_500\" width=\"500\" height=\"333\" srcset=\"https:\/\/www.freimarianne.ch\/wp-content\/uploads\/2014\/09\/IMG_0836-heremence_500.jpg 500w, https:\/\/www.freimarianne.ch\/wp-content\/uploads\/2014\/09\/IMG_0836-heremence_500-300x199.jpg 300w, https:\/\/www.freimarianne.ch\/wp-content\/uploads\/2014\/09\/IMG_0836-heremence_500-450x300.jpg 450w\" sizes=\"(max-width: 500px) 100vw, 500px\" \/><\/a><\/p>\n<p>Nochmals wage ich den Versuch nachdem wi im Fr\u00fchling den Weg nicht gefunden haben, der hinunter zum Pont de Let\u00e9v\u00e8no f\u00fchrt !<br \/>\nIn Euseigne gibt es nun tats\u00e4chlich neue Wanderwegschilder !! Wir finden den Einstieg von der Strasse hinunter zum Pont de Let\u00e9v\u00e8no, den wir auf einer alten Br\u00fccke \u00fcberqueren. Nun k\u00f6nnen wir auf einem sehr sch\u00f6nen Wiesenpfad im lichten Wald oberhalb des Flusses wandern und so erreichen wir das Dorf H\u00e9r\u00e9mence 1237m. Von hier aus geht es zuerst auf einer Schotterstrasse und dann auf einem Weg dem Hang entlang bis Bon Accueil 1370m. Von hier aus m\u00fcssen wir auf der Teerstrasse durch die Streusiedlung Les Mayens-de-Sion gehen, was uns entt\u00e4uscht auch weil wir noch immer keine Bisses gesehen haben.<br \/>\nDie Bisses de Vex beginnen erst bei Punkt 1333m und sind sch\u00f6n angelegt. Durch den Wald gelangen wir nach Veysonnaz, ein typischer Walliser Ferienort mit viel zu vielen Ferienh\u00e4usern.<br \/>\nAm anderen Dorfende k\u00f6nnten wir weiter den Bisses de Vex nach Planchouet hinten im Val Nendaz wandern, eine Strecke, die ich schon kenne.<br \/>\nMit ewas M\u00fche finden wir den Weg zur Postauthaltestelle. Es reicht noch zu einem Kaffee im dortigen Restaurant bevor wir das Postauto besteigen.<br \/>\nDiese Wanderung, die mir empfohlen wurde hat mich nicht ganz \u00fcberzeugt. Nur die Strecke vom Fluss hinauf nach H\u00e9r\u00e9mence&nbsp; und ein Abschnitt&nbsp; nach Accueil ist sehr sch\u00f6n und die eigentliche Bissenwanderung ist zu kurz.<\/p>\n<p>Laut Swissmap:<br \/>\nDistanz: 12.5km; Aufstieg: 766m; Abstieg: 456m; Marschzeit: 4.9 h.<\/p>\n<p><p>Invalid Displayed Gallery<\/p><\/p>\n","protected":false},"excerpt":{"rendered":"<p>Wanderung von Euseigne \u00fcber H\u00e9r\u00e9mence nach Veysonnaz; Bisse de Vex Nochmals wage ich den Versuch nachdem wi im Fr\u00fchling den Weg nicht gefunden haben, der hinunter zum Pont de Let\u00e9v\u00e8no f\u00fchrt ! In Euseigne gibt es nun tats\u00e4chlich neue Wanderwegschilder !! Wir finden den Einstieg von der Strasse hinunter zum Pont de Let\u00e9v\u00e8no, den wir [&hellip;]<\/p>\n","protected":false},"author":1,"featured_media":0,"parent":6625,"menu_order":4,"comment_status":"closed","ping_status":"closed","template":"","meta":{"ngg_post_thumbnail":0},"_links":{"self":[{"href":"https:\/\/www.freimarianne.ch\/index.php?rest_route=\/wp\/v2\/pages\/6819"}],"collection":[{"href":"https:\/\/www.freimarianne.ch\/index.php?rest_route=\/wp\/v2\/pages"}],"about":[{"href":"https:\/\/www.freimarianne.ch\/index.php?rest_route=\/wp\/v2\/types\/page"}],"author":[{"embeddable":true,"href":"https:\/\/www.freimarianne.ch\/index.php?rest_route=\/wp\/v2\/users\/1"}],"replies":[{"embeddable":true,"href":"https:\/\/www.freimarianne.ch\/index.php?rest_route=%2Fwp%2Fv2%2Fcomments&post=6819"}],"version-history":[{"count":11,"href":"https:\/\/www.freimarianne.ch\/index.php?rest_route=\/wp\/v2\/pages\/6819\/revisions"}],"predecessor-version":[{"id":57413,"href":"https:\/\/www.freimarianne.ch\/index.php?rest_route=\/wp\/v2\/pages\/6819\/revisions\/57413"}],"up":[{"embeddable":true,"href":"https:\/\/www.freimarianne.ch\/index.php?rest_route=\/wp\/v2\/pages\/6625"}],"wp:attachment":[{"href":"https:\/\/www.freimarianne.ch\/index.php?rest_route=%2Fwp%2Fv2%2Fmedia&parent=6819"}],"curies":[{"name":"wp","href":"https:\/\/api.w.org\/{rel}","templated":true}]}}