{"id":68699,"date":"2025-08-23T14:07:38","date_gmt":"2025-08-23T13:07:38","guid":{"rendered":"https:\/\/www.freimarianne.ch\/?page_id=68699"},"modified":"2025-08-23T14:29:39","modified_gmt":"2025-08-23T13:29:39","slug":"hebrig-gais-gabris-trogen-ar-19-8-25","status":"publish","type":"page","link":"https:\/\/www.freimarianne.ch\/?page_id=68699","title":{"rendered":"Hebrig (Gais) &#8211; G\u00e4bris &#8211; Trogen AR 19.8.25"},"content":{"rendered":"\n<p><strong>Route: Hebrig &#8211; Sommersberg &#8211; Schw\u00e4brig &#8211; G\u00e4brisseelein- Ob.G\u00e4bris &#8211; Trogen<\/strong><\/p>\n\n\n\n<p><strong>Wanderung mit der Gruppe Alpenblick<\/strong><\/p>\n\n\n<div id=\"attachment_68686\" style=\"width: 510px\" class=\"wp-caption alignleft\"><img aria-describedby=\"caption-attachment-68686\" loading=\"lazy\" class=\"size-full wp-image-68686\" src=\"http:\/\/www.freimarianne.ch\/wp-content\/uploads\/2025\/08\/IMG_1770_ga\u0308bris-19.8.25_500.jpeg\" alt=\"\" width=\"500\" height=\"282\" srcset=\"https:\/\/www.freimarianne.ch\/wp-content\/uploads\/2025\/08\/IMG_1770_ga\u0308bris-19.8.25_500.jpeg 500w, https:\/\/www.freimarianne.ch\/wp-content\/uploads\/2025\/08\/IMG_1770_ga\u0308bris-19.8.25_500-300x169.jpeg 300w\" sizes=\"(max-width: 500px) 100vw, 500px\" \/><p id=\"caption-attachment-68686\" class=\"wp-caption-text\">Blick hin\u00fcber auf den G\u00e4bris<\/p><\/div>\n<p>Heute ist der letzte sch\u00f6ne Sommertag, bevor der Regen kommt !<\/p>\n<p>Wir beginnen unsere Wanderung bei der Bahnhaltestelle Hebrig und steigen von dort \u00fcber gr\u00fcne Matten und sp\u00e4ter im Wald hinauf auf den Sommersberg 1073m. Hier braucht die Gruppe eine kurze Trinkpause im Schatten des einzigen Hauses.<br>Wir wandern auf der Anh\u00f6he des Sommerberg hin\u00fcber zur Abzweigung nach Altst\u00e4tten und dann hinunter ins gr\u00fcne Wiesental. Nochmals gibt es eine kurzen Aufstieg zum Schw\u00e4brig. Von dort wandern wir hinauf zum G\u00e4brisseelein, in dessen N\u00e4he es einen Picknickplatz gibt, den unsere Gruppe (10 Personen) schon braucht. Hier gibt es B\u00e4nke, wo wir im Schatten sitzen k\u00f6nnen. Nach einer gem\u00fctliche Rast umrunden wir das malerische G\u00e4brisseelein. Nun folgt ein Wegabschnitt auf Hartbelag. Bald gelangen wir zum kleinen Wiesenpfad, der uns hinauf auf den Oberen G\u00e4bris 1245m bringt. Von dort aus sind wir bald beim Restaurant, wo wir es uns auf der schattigen Terrasse an einem Tisch gem\u00fctlich machen. Alle geniessen diesen Ort und das Zusammensein. Dann geht es an den Abstieg, der recht abwechslungsreich ist.<br>Schon bald sehen wir die hohen H\u00e4user von Trogen. Es dauert aber noch eine Weile, bis unten im Ort sind, wo wir uns an den Bahnhof begeben. Um 15.25h k\u00f6nnen wir die Appenzellerbahn besteigen, die uns hinunter nach St. Gallen bringt.<\/p>\n<p>Dies war eine sehr sch\u00f6ne Wanderung in einer gr\u00fcnen, wundersch\u00f6nen Landschaft, die alle genossen haben.<\/p>\n<p>Laut Schweizmobil:<\/p>\n<p>Distanz: 9.95km; Aufstieg: 439m; Abstieg: 504m; Wanderzeit; 3h<\/p>\n<p><a href=\"https:\/\/map.schweizmobil.ch\/?lang=de&amp;bgLayer=pk&amp;logo=yes&amp;season=summer&amp;resolution=2.5&amp;E=2752642&amp;N=1252448&amp;photos=yes&amp;detours=yes&amp;layers=Wanderland%2CStation&amp;trackId=1664838110\">Karte Schweizmobil<\/a><\/p>\n\n\n<!-- index.php -->\n<div\n\tclass=\"ngg-galleryoverview ngg-ajax-pagination-none\"\n\tid=\"ngg-gallery-ed70fb508ee3bfadd040d28350ac1b52-1\">\n\n    \t<div class=\"slideshowlink\">\n        <a href='https:\/\/www.freimarianne.ch\/index.php\/nggallery\/slideshow?page_id=68699'>[Show as slideshow]<\/a>\n\t\t\n\t<\/div>\n\t\t\t<!-- Thumbnails -->\n\t\t\t\t<div id=\"ngg-image-0\" class=\"ngg-gallery-thumbnail-box\" >\n\t\t\t\t        <div class=\"ngg-gallery-thumbnail\">\n            <a href=\"https:\/\/www.freimarianne.ch\/wp-content\/gallery\/gabris-togen-19-8-25\/IMG_1804.jpeg\"\n               title=\"Aufstieg zum Sommersberg; S\u00e4ntis und Kronberg\"\n               data-src=\"https:\/\/www.freimarianne.ch\/wp-content\/gallery\/gabris-togen-19-8-25\/IMG_1804.jpeg\"\n               data-thumbnail=\"https:\/\/www.freimarianne.ch\/wp-content\/gallery\/gabris-togen-19-8-25\/thumbs\/thumbs_IMG_1804.jpeg\"\n               data-image-id=\"35732\"\n               data-title=\"Aufstieg zum Sommersberg; S\u00e4ntis und Kronberg\"\n               data-description=\"Aufstieg zum Sommersberg; S\u00e4ntis und Kronberg\"\n               data-image-slug=\"img_1804-5\"\n               class=\"shutterset_ed70fb508ee3bfadd040d28350ac1b52\">\n                <img\n                    title=\"Aufstieg zum Sommersberg; S\u00e4ntis und Kronberg\"\n                    alt=\"Aufstieg zum Sommersberg; S\u00e4ntis und Kronberg\"\n                    src=\"https:\/\/www.freimarianne.ch\/wp-content\/gallery\/gabris-togen-19-8-25\/cache\/IMG_1804.jpeg-nggid0535732-ngg0dyn-100x75x100-00f0w010c010r110f110r010t010.jpeg\"\n                    width=\"96\"\n                    height=\"75\"\n                    style=\"max-width:100%;\"\n                \/>\n            <\/a>\n        <\/div>\n\t\t\t\t\t\t\t<\/div> \n\t\t\t\n                            \n\t\t\t\t<div id=\"ngg-image-1\" class=\"ngg-gallery-thumbnail-box\" >\n\t\t\t\t        <div class=\"ngg-gallery-thumbnail\">\n            <a href=\"https:\/\/www.freimarianne.ch\/wp-content\/gallery\/gabris-togen-19-8-25\/IMG_1805.jpeg\"\n               title=\"Aufstieg zum Sommersberg; re Gais\"\n               data-src=\"https:\/\/www.freimarianne.ch\/wp-content\/gallery\/gabris-togen-19-8-25\/IMG_1805.jpeg\"\n               data-thumbnail=\"https:\/\/www.freimarianne.ch\/wp-content\/gallery\/gabris-togen-19-8-25\/thumbs\/thumbs_IMG_1805.jpeg\"\n               data-image-id=\"35733\"\n               data-title=\"Aufstieg zum Sommersberg; re Gais\"\n               data-description=\"Aufstieg zum Sommersberg; re Gais\"\n               data-image-slug=\"img_1805-6\"\n               class=\"shutterset_ed70fb508ee3bfadd040d28350ac1b52\">\n                <img\n                    title=\"Aufstieg zum Sommersberg; re Gais\"\n                    alt=\"Aufstieg zum Sommersberg; re Gais\"\n                    src=\"https:\/\/www.freimarianne.ch\/wp-content\/gallery\/gabris-togen-19-8-25\/cache\/IMG_1805.jpeg-nggid0535733-ngg0dyn-100x75x100-00f0w010c010r110f110r010t010.jpeg\"\n                    width=\"100\"\n                    height=\"73\"\n                    style=\"max-width:100%;\"\n                \/>\n            <\/a>\n        <\/div>\n\t\t\t\t\t\t\t<\/div> \n\t\t\t\n                            \n\t\t\t\t<div id=\"ngg-image-2\" class=\"ngg-gallery-thumbnail-box\" >\n\t\t\t\t        <div class=\"ngg-gallery-thumbnail\">\n            <a href=\"https:\/\/www.freimarianne.ch\/wp-content\/gallery\/gabris-togen-19-8-25\/IMG_1806.jpeg\"\n               title=\"\u00fcber den Sommersberg\"\n               data-src=\"https:\/\/www.freimarianne.ch\/wp-content\/gallery\/gabris-togen-19-8-25\/IMG_1806.jpeg\"\n               data-thumbnail=\"https:\/\/www.freimarianne.ch\/wp-content\/gallery\/gabris-togen-19-8-25\/thumbs\/thumbs_IMG_1806.jpeg\"\n               data-image-id=\"35731\"\n               data-title=\"\u00fcber den Sommersberg\"\n               data-description=\"\u00fcber den Sommersberg\"\n               data-image-slug=\"img_1806-2\"\n               class=\"shutterset_ed70fb508ee3bfadd040d28350ac1b52\">\n                <img\n                    title=\"\u00fcber den Sommersberg\"\n                    alt=\"\u00fcber den Sommersberg\"\n                    src=\"https:\/\/www.freimarianne.ch\/wp-content\/gallery\/gabris-togen-19-8-25\/cache\/IMG_1806.jpeg-nggid0535731-ngg0dyn-100x75x100-00f0w010c010r110f110r010t010.jpeg\"\n                    width=\"100\"\n                    height=\"72\"\n                    style=\"max-width:100%;\"\n                \/>\n            <\/a>\n        <\/div>\n\t\t\t\t\t\t\t<\/div> \n\t\t\t\n                            \n\t\t\t\t<div id=\"ngg-image-3\" class=\"ngg-gallery-thumbnail-box\" >\n\t\t\t\t        <div class=\"ngg-gallery-thumbnail\">\n            <a href=\"https:\/\/www.freimarianne.ch\/wp-content\/gallery\/gabris-togen-19-8-25\/IMG_1807.jpeg\"\n               title=\"hinunter ins kleine Tal; Weg zum Schw\u00e4brig\"\n               data-src=\"https:\/\/www.freimarianne.ch\/wp-content\/gallery\/gabris-togen-19-8-25\/IMG_1807.jpeg\"\n               data-thumbnail=\"https:\/\/www.freimarianne.ch\/wp-content\/gallery\/gabris-togen-19-8-25\/thumbs\/thumbs_IMG_1807.jpeg\"\n               data-image-id=\"35730\"\n               data-title=\"hinunter ins kleine Tal; Weg zum Schw\u00e4brig\"\n               data-description=\"hinunter ins kleine Tal; Weg zum Schw\u00e4brig\"\n               data-image-slug=\"img_1807-4\"\n               class=\"shutterset_ed70fb508ee3bfadd040d28350ac1b52\">\n                <img\n                    title=\"hinunter ins kleine Tal; Weg zum Schw\u00e4brig\"\n                    alt=\"hinunter ins kleine Tal; Weg zum Schw\u00e4brig\"\n                    src=\"https:\/\/www.freimarianne.ch\/wp-content\/gallery\/gabris-togen-19-8-25\/cache\/IMG_1807.jpeg-nggid0535730-ngg0dyn-100x75x100-00f0w010c010r110f110r010t010.jpeg\"\n                    width=\"100\"\n                    height=\"75\"\n                    style=\"max-width:100%;\"\n                \/>\n            <\/a>\n        <\/div>\n\t\t\t\t\t\t\t<\/div> \n\t\t\t\n                                    <br style=\"clear: both\" \/>\n                    \n\t\t\t\t<div id=\"ngg-image-4\" class=\"ngg-gallery-thumbnail-box\" >\n\t\t\t\t        <div class=\"ngg-gallery-thumbnail\">\n            <a href=\"https:\/\/www.freimarianne.ch\/wp-content\/gallery\/gabris-togen-19-8-25\/IMG_1808.jpeg\"\n               title=\"Oberes Hofgut; S\u00e4ntis und Kkronberg\"\n               data-src=\"https:\/\/www.freimarianne.ch\/wp-content\/gallery\/gabris-togen-19-8-25\/IMG_1808.jpeg\"\n               data-thumbnail=\"https:\/\/www.freimarianne.ch\/wp-content\/gallery\/gabris-togen-19-8-25\/thumbs\/thumbs_IMG_1808.jpeg\"\n               data-image-id=\"35729\"\n               data-title=\"Oberes Hofgut; S\u00e4ntis und Kkronberg\"\n               data-description=\"Oberes Hofgut; S\u00e4ntis und Kkronberg\"\n               data-image-slug=\"img_1808-4\"\n               class=\"shutterset_ed70fb508ee3bfadd040d28350ac1b52\">\n                <img\n                    title=\"Oberes Hofgut; S\u00e4ntis und Kkronberg\"\n                    alt=\"Oberes Hofgut; S\u00e4ntis und Kkronberg\"\n                    src=\"https:\/\/www.freimarianne.ch\/wp-content\/gallery\/gabris-togen-19-8-25\/cache\/IMG_1808.jpeg-nggid0535729-ngg0dyn-100x75x100-00f0w010c010r110f110r010t010.jpeg\"\n                    width=\"100\"\n                    height=\"69\"\n                    style=\"max-width:100%;\"\n                \/>\n            <\/a>\n        <\/div>\n\t\t\t\t\t\t\t<\/div> \n\t\t\t\n                            \n\t\t\t\t<div id=\"ngg-image-5\" class=\"ngg-gallery-thumbnail-box\" >\n\t\t\t\t        <div class=\"ngg-gallery-thumbnail\">\n            <a href=\"https:\/\/www.freimarianne.ch\/wp-content\/gallery\/gabris-togen-19-8-25\/IMG_1809.jpeg\"\n               title=\"G\u00e4brisseelein\"\n               data-src=\"https:\/\/www.freimarianne.ch\/wp-content\/gallery\/gabris-togen-19-8-25\/IMG_1809.jpeg\"\n               data-thumbnail=\"https:\/\/www.freimarianne.ch\/wp-content\/gallery\/gabris-togen-19-8-25\/thumbs\/thumbs_IMG_1809.jpeg\"\n               data-image-id=\"35727\"\n               data-title=\"G\u00e4brisseelein\"\n               data-description=\"G\u00e4brisseelein\"\n               data-image-slug=\"img_1809-3\"\n               class=\"shutterset_ed70fb508ee3bfadd040d28350ac1b52\">\n                <img\n                    title=\"G\u00e4brisseelein\"\n                    alt=\"G\u00e4brisseelein\"\n                    src=\"https:\/\/www.freimarianne.ch\/wp-content\/gallery\/gabris-togen-19-8-25\/cache\/IMG_1809.jpeg-nggid0535727-ngg0dyn-100x75x100-00f0w010c010r110f110r010t010.jpeg\"\n                    width=\"100\"\n                    height=\"75\"\n                    style=\"max-width:100%;\"\n                \/>\n            <\/a>\n        <\/div>\n\t\t\t\t\t\t\t<\/div> \n\t\t\t\n                            \n\t\t\t\t<div id=\"ngg-image-6\" class=\"ngg-gallery-thumbnail-box\" >\n\t\t\t\t        <div class=\"ngg-gallery-thumbnail\">\n            <a href=\"https:\/\/www.freimarianne.ch\/wp-content\/gallery\/gabris-togen-19-8-25\/IMG_1811.jpeg\"\n               title=\"auf dem G\u00e4bris\"\n               data-src=\"https:\/\/www.freimarianne.ch\/wp-content\/gallery\/gabris-togen-19-8-25\/IMG_1811.jpeg\"\n               data-thumbnail=\"https:\/\/www.freimarianne.ch\/wp-content\/gallery\/gabris-togen-19-8-25\/thumbs\/thumbs_IMG_1811.jpeg\"\n               data-image-id=\"35726\"\n               data-title=\"auf dem G\u00e4bris\"\n               data-description=\"auf dem G\u00e4bris\"\n               data-image-slug=\"img_1811-4\"\n               class=\"shutterset_ed70fb508ee3bfadd040d28350ac1b52\">\n                <img\n                    title=\"auf dem G\u00e4bris\"\n                    alt=\"auf dem G\u00e4bris\"\n                    src=\"https:\/\/www.freimarianne.ch\/wp-content\/gallery\/gabris-togen-19-8-25\/cache\/IMG_1811.jpeg-nggid0535726-ngg0dyn-100x75x100-00f0w010c010r110f110r010t010.jpeg\"\n                    width=\"100\"\n                    height=\"70\"\n                    style=\"max-width:100%;\"\n                \/>\n            <\/a>\n        <\/div>\n\t\t\t\t\t\t\t<\/div> \n\t\t\t\n                            \n\t\t\t\t<div id=\"ngg-image-7\" class=\"ngg-gallery-thumbnail-box\" >\n\t\t\t\t        <div class=\"ngg-gallery-thumbnail\">\n            <a href=\"https:\/\/www.freimarianne.ch\/wp-content\/gallery\/gabris-togen-19-8-25\/IMG_1813.jpeg\"\n               title=\"Abstieg nach Trogen\"\n               data-src=\"https:\/\/www.freimarianne.ch\/wp-content\/gallery\/gabris-togen-19-8-25\/IMG_1813.jpeg\"\n               data-thumbnail=\"https:\/\/www.freimarianne.ch\/wp-content\/gallery\/gabris-togen-19-8-25\/thumbs\/thumbs_IMG_1813.jpeg\"\n               data-image-id=\"35728\"\n               data-title=\"Abstieg nach Trogen\"\n               data-description=\"Abstieg nach Trogen\"\n               data-image-slug=\"img_1813-1\"\n               class=\"shutterset_ed70fb508ee3bfadd040d28350ac1b52\">\n                <img\n                    title=\"Abstieg nach Trogen\"\n                    alt=\"Abstieg nach Trogen\"\n                    src=\"https:\/\/www.freimarianne.ch\/wp-content\/gallery\/gabris-togen-19-8-25\/cache\/IMG_1813.jpeg-nggid0535728-ngg0dyn-100x75x100-00f0w010c010r110f110r010t010.jpeg\"\n                    width=\"97\"\n                    height=\"75\"\n                    style=\"max-width:100%;\"\n                \/>\n            <\/a>\n        <\/div>\n\t\t\t\t\t\t\t<\/div> \n\t\t\t\n                                    <br style=\"clear: both\" \/>\n                    \n\t\t\n\t\t<!-- Pagination -->\n\t<div class='ngg-clear'><\/div>\t<\/div>\n\n","protected":false},"excerpt":{"rendered":"<p>Route: Hebrig &#8211; Sommersberg &#8211; Schw\u00e4brig &#8211; G\u00e4brisseelein- Ob.G\u00e4bris &#8211; Trogen Wanderung mit der Gruppe Alpenblick Heute ist der letzte sch\u00f6ne Sommertag, bevor der Regen kommt ! Wir beginnen unsere Wanderung bei der Bahnhaltestelle Hebrig und steigen von dort \u00fcber gr\u00fcne Matten und sp\u00e4ter im Wald hinauf auf den Sommersberg 1073m. Hier braucht die Gruppe [&hellip;]<\/p>\n","protected":false},"author":1,"featured_media":0,"parent":67938,"menu_order":21,"comment_status":"closed","ping_status":"closed","template":"","meta":{"ngg_post_thumbnail":0},"_links":{"self":[{"href":"https:\/\/www.freimarianne.ch\/index.php?rest_route=\/wp\/v2\/pages\/68699"}],"collection":[{"href":"https:\/\/www.freimarianne.ch\/index.php?rest_route=\/wp\/v2\/pages"}],"about":[{"href":"https:\/\/www.freimarianne.ch\/index.php?rest_route=\/wp\/v2\/types\/page"}],"author":[{"embeddable":true,"href":"https:\/\/www.freimarianne.ch\/index.php?rest_route=\/wp\/v2\/users\/1"}],"replies":[{"embeddable":true,"href":"https:\/\/www.freimarianne.ch\/index.php?rest_route=%2Fwp%2Fv2%2Fcomments&post=68699"}],"version-history":[{"count":4,"href":"https:\/\/www.freimarianne.ch\/index.php?rest_route=\/wp\/v2\/pages\/68699\/revisions"}],"predecessor-version":[{"id":68833,"href":"https:\/\/www.freimarianne.ch\/index.php?rest_route=\/wp\/v2\/pages\/68699\/revisions\/68833"}],"up":[{"embeddable":true,"href":"https:\/\/www.freimarianne.ch\/index.php?rest_route=\/wp\/v2\/pages\/67938"}],"wp:attachment":[{"href":"https:\/\/www.freimarianne.ch\/index.php?rest_route=%2Fwp%2Fv2%2Fmedia&parent=68699"}],"curies":[{"name":"wp","href":"https:\/\/api.w.org\/{rel}","templated":true}]}}