{"id":68918,"date":"2025-09-25T08:04:24","date_gmt":"2025-09-25T07:04:24","guid":{"rendered":"https:\/\/www.freimarianne.ch\/?page_id=68918"},"modified":"2025-09-25T09:44:25","modified_gmt":"2025-09-25T08:44:25","slug":"lugano-ti-14-9-2025","status":"publish","type":"page","link":"https:\/\/www.freimarianne.ch\/?page_id=68918","title":{"rendered":"Lugano  TI 14.9.2025"},"content":{"rendered":"\n<p>Wegen des Beeren Wetters im S\u00fcden fahre ich heute nach Lugano. Der Himmel ist aber auch hier noch    <\/p>\n\n\n\n<p>etwas \u00fcberzogen. Mein Plan hier ist der Besuch des MASI (Museo d\u2019arte della Svizzera italiana)<br>ich schaue mir die Aussstellung \u201eStimmung und Beobachtung. Kunst im Tessin 1850-1950<\/p>\n\n\n\n<p>Dann spaziere ich auf der Uferpromenade und f\u00fchle mich wie in den Ferien. Pl\u00f6tzlich f\u00e4llt mir ein, dass ich evt.eine Schifffahrt unternehmen k\u00f6nnte. Und tats\u00e4chlich! Ich finde ein Schiff, das bald nach Gandria f\u00e4hrt. Von dort m\u00f6chte ich dann zur\u00fcck nach Lugano wandern.<br>Die Fahrt auf dem See bietet einen sch\u00f6nen Ausblick auf den Monte San Giorgio und den San Salvatore, die ich diesen Sommer besucht habe. Ich geniesse die Fahrt und das Gespr\u00e4ch mit den Mitfahrenden. In Gandria mache ich mich gleich auf den Weg nach Lugano. Der Olivenweg ist immer wieder sch\u00f6n. Ich erreiche am Ende des Spaziergangs gleich den Bus, der mich hinauf zum Bahnhof bringt.<\/p>\n\n\n\n<p>Um 14.02h besteige ich den Zug in Lugano. Dies war ein kurzer Ausflug in den S\u00fcdenWegen des Beeren Wetters im S\u00fcden fahre ich heute nach Lugano. Der Himmel ist aber auch hier noch etwas \u00fcberzogen. Mein Plan hieWegen des Beeren Wetters im S\u00fcden fahre ich heute nach Lugano. Der Himmel ist aber auch hier noch etwas \u00fcberzogen. Mein Plan hierWegen des Beeren Wetters im S\u00fcden fahre ich heute nach Lugano. Der Himmel ist aber auch hier noch etwas \u00fcberzogen. Mein Plan hier<\/p>\n\n\n\n<!-- index.php -->\n<div\n\tclass=\"ngg-galleryoverview ngg-ajax-pagination-none\"\n\tid=\"ngg-gallery-0a3d32082a4562cb2a2439ddeee1afd2-1\">\n\n    \t<div class=\"slideshowlink\">\n        <a href='https:\/\/www.freimarianne.ch\/index.php\/nggallery\/slideshow?page_id=68918'>[Show as slideshow]<\/a>\n\t\t\n\t<\/div>\n\t\t\t<!-- Thumbnails -->\n\t\t\t\t<div id=\"ngg-image-0\" class=\"ngg-gallery-thumbnail-box\" >\n\t\t\t\t        <div class=\"ngg-gallery-thumbnail\">\n            <a href=\"https:\/\/www.freimarianne.ch\/wp-content\/gallery\/lugano-14-9-25\/IMG_0892.jpeg\"\n               title=\"von Gandria nach Lugano\"\n               data-src=\"https:\/\/www.freimarianne.ch\/wp-content\/gallery\/lugano-14-9-25\/IMG_0892.jpeg\"\n               data-thumbnail=\"https:\/\/www.freimarianne.ch\/wp-content\/gallery\/lugano-14-9-25\/thumbs\/thumbs_IMG_0892.jpeg\"\n               data-image-id=\"35881\"\n               data-title=\"von Gandria nach Lugano\"\n               data-description=\"von Gandria nach Lugano\"\n               data-image-slug=\"img_0892-6\"\n               class=\"shutterset_0a3d32082a4562cb2a2439ddeee1afd2\">\n                <img\n                    title=\"von Gandria nach Lugano\"\n                    alt=\"von Gandria nach Lugano\"\n                    src=\"https:\/\/www.freimarianne.ch\/wp-content\/gallery\/lugano-14-9-25\/cache\/IMG_0892.jpeg-nggid0535881-ngg0dyn-100x75x100-00f0w010c010r110f110r010t010.jpeg\"\n                    width=\"100\"\n                    height=\"75\"\n                    style=\"max-width:100%;\"\n                \/>\n            <\/a>\n        <\/div>\n\t\t\t\t\t\t\t<\/div> \n\t\t\t\n                            \n\t\t\t\t<div id=\"ngg-image-1\" class=\"ngg-gallery-thumbnail-box\" >\n\t\t\t\t        <div class=\"ngg-gallery-thumbnail\">\n            <a href=\"https:\/\/www.freimarianne.ch\/wp-content\/gallery\/lugano-14-9-25\/IMG_0890.jpeg\"\n               title=\"von Gandria nach Lugano; San Salvatore\"\n               data-src=\"https:\/\/www.freimarianne.ch\/wp-content\/gallery\/lugano-14-9-25\/IMG_0890.jpeg\"\n               data-thumbnail=\"https:\/\/www.freimarianne.ch\/wp-content\/gallery\/lugano-14-9-25\/thumbs\/thumbs_IMG_0890.jpeg\"\n               data-image-id=\"35882\"\n               data-title=\"von Gandria nach Lugano; San Salvatore\"\n               data-description=\"von Gandria nach Lugano; San Salvatore\"\n               data-image-slug=\"img_0890-8\"\n               class=\"shutterset_0a3d32082a4562cb2a2439ddeee1afd2\">\n                <img\n                    title=\"von Gandria nach Lugano; San Salvatore\"\n                    alt=\"von Gandria nach Lugano; San Salvatore\"\n                    src=\"https:\/\/www.freimarianne.ch\/wp-content\/gallery\/lugano-14-9-25\/cache\/IMG_0890.jpeg-nggid0535882-ngg0dyn-100x75x100-00f0w010c010r110f110r010t010.jpeg\"\n                    width=\"100\"\n                    height=\"75\"\n                    style=\"max-width:100%;\"\n                \/>\n            <\/a>\n        <\/div>\n\t\t\t\t\t\t\t<\/div> \n\t\t\t\n                            \n\t\t\t\t<div id=\"ngg-image-2\" class=\"ngg-gallery-thumbnail-box\" >\n\t\t\t\t        <div class=\"ngg-gallery-thumbnail\">\n            <a href=\"https:\/\/www.freimarianne.ch\/wp-content\/gallery\/lugano-14-9-25\/IMG_0888.jpeg\"\n               title=\"von Gandria nach Lugano\"\n               data-src=\"https:\/\/www.freimarianne.ch\/wp-content\/gallery\/lugano-14-9-25\/IMG_0888.jpeg\"\n               data-thumbnail=\"https:\/\/www.freimarianne.ch\/wp-content\/gallery\/lugano-14-9-25\/thumbs\/thumbs_IMG_0888.jpeg\"\n               data-image-id=\"35883\"\n               data-title=\"von Gandria nach Lugano\"\n               data-description=\"von Gandria nach Lugano\"\n               data-image-slug=\"img_0888-3\"\n               class=\"shutterset_0a3d32082a4562cb2a2439ddeee1afd2\">\n                <img\n                    title=\"von Gandria nach Lugano\"\n                    alt=\"von Gandria nach Lugano\"\n                    src=\"https:\/\/www.freimarianne.ch\/wp-content\/gallery\/lugano-14-9-25\/cache\/IMG_0888.jpeg-nggid0535883-ngg0dyn-100x75x100-00f0w010c010r110f110r010t010.jpeg\"\n                    width=\"100\"\n                    height=\"75\"\n                    style=\"max-width:100%;\"\n                \/>\n            <\/a>\n        <\/div>\n\t\t\t\t\t\t\t<\/div> \n\t\t\t\n                            \n\t\t\t\t<div id=\"ngg-image-3\" class=\"ngg-gallery-thumbnail-box\" >\n\t\t\t\t        <div class=\"ngg-gallery-thumbnail\">\n            <a href=\"https:\/\/www.freimarianne.ch\/wp-content\/gallery\/lugano-14-9-25\/IMG_0885.jpeg\"\n               title=\"von Gandria nach Lugano\"\n               data-src=\"https:\/\/www.freimarianne.ch\/wp-content\/gallery\/lugano-14-9-25\/IMG_0885.jpeg\"\n               data-thumbnail=\"https:\/\/www.freimarianne.ch\/wp-content\/gallery\/lugano-14-9-25\/thumbs\/thumbs_IMG_0885.jpeg\"\n               data-image-id=\"35884\"\n               data-title=\"von Gandria nach Lugano\"\n               data-description=\"von Gandria nach Lugano\"\n               data-image-slug=\"img_0885-2\"\n               class=\"shutterset_0a3d32082a4562cb2a2439ddeee1afd2\">\n                <img\n                    title=\"von Gandria nach Lugano\"\n                    alt=\"von Gandria nach Lugano\"\n                    src=\"https:\/\/www.freimarianne.ch\/wp-content\/gallery\/lugano-14-9-25\/cache\/IMG_0885.jpeg-nggid0535884-ngg0dyn-100x75x100-00f0w010c010r110f110r010t010.jpeg\"\n                    width=\"100\"\n                    height=\"75\"\n                    style=\"max-width:100%;\"\n                \/>\n            <\/a>\n        <\/div>\n\t\t\t\t\t\t\t<\/div> \n\t\t\t\n                                    <br style=\"clear: both\" \/>\n                    \n\t\t\t\t<div id=\"ngg-image-4\" class=\"ngg-gallery-thumbnail-box\" >\n\t\t\t\t        <div class=\"ngg-gallery-thumbnail\">\n            <a href=\"https:\/\/www.freimarianne.ch\/wp-content\/gallery\/lugano-14-9-25\/IMG_0883.jpeg\"\n               title=\"Monte San Giorgio und San Salvatore\"\n               data-src=\"https:\/\/www.freimarianne.ch\/wp-content\/gallery\/lugano-14-9-25\/IMG_0883.jpeg\"\n               data-thumbnail=\"https:\/\/www.freimarianne.ch\/wp-content\/gallery\/lugano-14-9-25\/thumbs\/thumbs_IMG_0883.jpeg\"\n               data-image-id=\"35885\"\n               data-title=\"Monte San Giorgio und San Salvatore\"\n               data-description=\"Monte San Giorgio und San Salvatore\"\n               data-image-slug=\"img_0883-2\"\n               class=\"shutterset_0a3d32082a4562cb2a2439ddeee1afd2\">\n                <img\n                    title=\"Monte San Giorgio und San Salvatore\"\n                    alt=\"Monte San Giorgio und San Salvatore\"\n                    src=\"https:\/\/www.freimarianne.ch\/wp-content\/gallery\/lugano-14-9-25\/cache\/IMG_0883.jpeg-nggid0535885-ngg0dyn-100x75x100-00f0w010c010r110f110r010t010.jpeg\"\n                    width=\"100\"\n                    height=\"75\"\n                    style=\"max-width:100%;\"\n                \/>\n            <\/a>\n        <\/div>\n\t\t\t\t\t\t\t<\/div> \n\t\t\t\n                            \n\t\t\t\t<div id=\"ngg-image-5\" class=\"ngg-gallery-thumbnail-box\" >\n\t\t\t\t        <div class=\"ngg-gallery-thumbnail\">\n            <a href=\"https:\/\/www.freimarianne.ch\/wp-content\/gallery\/lugano-14-9-25\/IMG_0886.jpeg\"\n               title=\"von Gandria nach Lugano\"\n               data-src=\"https:\/\/www.freimarianne.ch\/wp-content\/gallery\/lugano-14-9-25\/IMG_0886.jpeg\"\n               data-thumbnail=\"https:\/\/www.freimarianne.ch\/wp-content\/gallery\/lugano-14-9-25\/thumbs\/thumbs_IMG_0886.jpeg\"\n               data-image-id=\"35886\"\n               data-title=\"von Gandria nach Lugano\"\n               data-description=\"von Gandria nach Lugano\"\n               data-image-slug=\"img_0886-2\"\n               class=\"shutterset_0a3d32082a4562cb2a2439ddeee1afd2\">\n                <img\n                    title=\"von Gandria nach Lugano\"\n                    alt=\"von Gandria nach Lugano\"\n                    src=\"https:\/\/www.freimarianne.ch\/wp-content\/gallery\/lugano-14-9-25\/cache\/IMG_0886.jpeg-nggid0535886-ngg0dyn-100x75x100-00f0w010c010r110f110r010t010.jpeg\"\n                    width=\"100\"\n                    height=\"75\"\n                    style=\"max-width:100%;\"\n                \/>\n            <\/a>\n        <\/div>\n\t\t\t\t\t\t\t<\/div> \n\t\t\t\n                            \n\t\t\t\t<div id=\"ngg-image-6\" class=\"ngg-gallery-thumbnail-box\" >\n\t\t\t\t        <div class=\"ngg-gallery-thumbnail\">\n            <a href=\"https:\/\/www.freimarianne.ch\/wp-content\/gallery\/lugano-14-9-25\/IMG_0878.jpeg\"\n               title=\"\"\n               data-src=\"https:\/\/www.freimarianne.ch\/wp-content\/gallery\/lugano-14-9-25\/IMG_0878.jpeg\"\n               data-thumbnail=\"https:\/\/www.freimarianne.ch\/wp-content\/gallery\/lugano-14-9-25\/thumbs\/thumbs_IMG_0878.jpeg\"\n               data-image-id=\"35887\"\n               data-title=\"IMG_0878\"\n               data-description=\"\"\n               data-image-slug=\"img_0878-2\"\n               class=\"shutterset_0a3d32082a4562cb2a2439ddeee1afd2\">\n                <img\n                    title=\"IMG_0878\"\n                    alt=\"IMG_0878\"\n                    src=\"https:\/\/www.freimarianne.ch\/wp-content\/gallery\/lugano-14-9-25\/cache\/IMG_0878.jpeg-nggid0535887-ngg0dyn-100x75x100-00f0w010c010r110f110r010t010.jpeg\"\n                    width=\"100\"\n                    height=\"75\"\n                    style=\"max-width:100%;\"\n                \/>\n            <\/a>\n        <\/div>\n\t\t\t\t\t\t\t<\/div> \n\t\t\t\n                            \n\t\t\n\t\t<!-- Pagination -->\n\t<div class='ngg-clear'><\/div>\t<\/div>\n\n","protected":false},"excerpt":{"rendered":"<p>Wegen des Beeren Wetters im S\u00fcden fahre ich heute nach Lugano. Der Himmel ist aber auch hier noch etwas \u00fcberzogen. Mein Plan hier ist der Besuch des MASI (Museo d\u2019arte della Svizzera italiana)ich schaue mir die Aussstellung \u201eStimmung und Beobachtung. Kunst im Tessin 1850-1950 Dann spaziere ich auf der Uferpromenade und f\u00fchle mich wie in [&hellip;]<\/p>\n","protected":false},"author":1,"featured_media":0,"parent":68899,"menu_order":4,"comment_status":"closed","ping_status":"closed","template":"","meta":{"ngg_post_thumbnail":0},"_links":{"self":[{"href":"https:\/\/www.freimarianne.ch\/index.php?rest_route=\/wp\/v2\/pages\/68918"}],"collection":[{"href":"https:\/\/www.freimarianne.ch\/index.php?rest_route=\/wp\/v2\/pages"}],"about":[{"href":"https:\/\/www.freimarianne.ch\/index.php?rest_route=\/wp\/v2\/types\/page"}],"author":[{"embeddable":true,"href":"https:\/\/www.freimarianne.ch\/index.php?rest_route=\/wp\/v2\/users\/1"}],"replies":[{"embeddable":true,"href":"https:\/\/www.freimarianne.ch\/index.php?rest_route=%2Fwp%2Fv2%2Fcomments&post=68918"}],"version-history":[{"count":3,"href":"https:\/\/www.freimarianne.ch\/index.php?rest_route=\/wp\/v2\/pages\/68918\/revisions"}],"predecessor-version":[{"id":69155,"href":"https:\/\/www.freimarianne.ch\/index.php?rest_route=\/wp\/v2\/pages\/68918\/revisions\/69155"}],"up":[{"embeddable":true,"href":"https:\/\/www.freimarianne.ch\/index.php?rest_route=\/wp\/v2\/pages\/68899"}],"wp:attachment":[{"href":"https:\/\/www.freimarianne.ch\/index.php?rest_route=%2Fwp%2Fv2%2Fmedia&parent=68918"}],"curies":[{"name":"wp","href":"https:\/\/api.w.org\/{rel}","templated":true}]}}