{"id":68921,"date":"2025-09-25T08:09:00","date_gmt":"2025-09-25T07:09:00","guid":{"rendered":"https:\/\/www.freimarianne.ch\/?page_id=68921"},"modified":"2025-09-25T09:45:27","modified_gmt":"2025-09-25T08:45:27","slug":"pilouvi-preles-twann-16-9-2025","status":"publish","type":"page","link":"https:\/\/www.freimarianne.ch\/?page_id=68921","title":{"rendered":"Pilouvi &#8211; Pr\u00eales -Twann 16.9.2025"},"content":{"rendered":"<p><img loading=\"lazy\" class=\"alignleft size-full wp-image-68894\" src=\"http:\/\/www.freimarianne.ch\/wp-content\/uploads\/2025\/09\/IMG_0894._pilouvi_16.9.25_500.jpeg\" alt=\"\" width=\"500\" height=\"377\" srcset=\"https:\/\/www.freimarianne.ch\/wp-content\/uploads\/2025\/09\/IMG_0894._pilouvi_16.9.25_500.jpeg 500w, https:\/\/www.freimarianne.ch\/wp-content\/uploads\/2025\/09\/IMG_0894._pilouvi_16.9.25_500-300x226.jpeg 300w, https:\/\/www.freimarianne.ch\/wp-content\/uploads\/2025\/09\/IMG_0894._pilouvi_16.9.25_500-398x300.jpeg 398w\" sizes=\"(max-width: 500px) 100vw, 500px\" \/><\/p>\n<p>Die Gruppe \u201eAlpenblick\u201c f\u00e4hrt heute nach La Neuveville am Bielersee. Am Ende der Hauptgasse des sch\u00f6nen St\u00e4dtchens finden wir ein kleines Restaurant, wo wir drinnen bei gem\u00fctlichen Zusammensein unseren Startkaffee trinken k\u00f6nnen.<br>\nWohlgest\u00e4rkt machen wir uns auf den Weg zur Pilouvi Schlucht. Der Zugang zur Schlucht f\u00fchrt durch die Rebg\u00e4rten. Der Aufstieg durch die malerische Schlucht, vorbei an den zwei Wasserf\u00e4llen ist sehr sch\u00f6n aber auch etwas anstrengen wegen der hohen Treppenstufen. Nach Erreichen der Strasse weiter oben geht es dann gem\u00e4chlicher weiter dem Hang entlang in die Schlucht hinein. Wir gehen weit oben im Hang und sehen hinunter in den Bachlauf. In Kehren steigen wir weiter hinauf und kommen so zu der eigentlichen Combe, dem Endpunkt der Schlucht. Von einer Felswand st\u00fcrzt der Bach, Ruisseau de Vaux<br>\nhinunter in ein Felsbecken. Alle sind beeindruckt von dieser Szenerie.<br>\n\u00dcber eine Holztreppe gelangen wir hinauf in den Wald, Combe du Pilouvi 710m. Hier gibt es eine kurze Rast. Dann geht es weiter durch den Wald hinauf nach Bas de la Praye 802m. Hier befinden wir uns in einer gr\u00fcnen Juralandschaft. Am Horizont sehen wir die Chasseral-Kette. Wir sind froh, im Sonnenschein zu wandern aber wegen dem echt starker Wind brauchen wir unsere Jacken. Lange m\u00fcssen wir gehen, bis wir einen geeigneten Picknickplatz finden. Allzulange halten wir es hier nicht aus. So wandern wir weiter und n\u00e4hern uns dem Dorf Pr\u00eales. Zuvor kommen wir an einem grossen Hof vorbei. K\u00fche und Pferde weiden gemeinsam auf den typischen Jurawiesen. Ein sch\u00f6ner Anblick ! In Pr\u00eales marschieren wir auf der Strasse zur Funi Station. Wir nehmen unsere Wanderung bei der Haltestelle Pilgerweg wieder auf. Alle freuen sich, in dieser wundersch\u00f6nen Gegend zu weilen und die Sicht auf die Rebberge und den Bielersee zu geniessen. In Twann kehrt die Gruppe im Hotel B\u00e4ren ein. Bei Weissewein feiern wir einen Geburtstag und den Abschluss dieser Wanderung. Das Wetter war viel besser als erwartet. Wir haben den Herbsttag genossen.<\/p>\n<p>La Neuveville-Pilouvie &#8211; Pr\u00eales<\/p>\n<p>Laut Schweizmobil:Distanz: 9.2km; Aufstieg: 504m; Abstieg: 119m; Wanderzeit: 2h 52min<\/p>\n<p><a href=\"https:\/\/schweizmobil.ch\/de\/tour\/691950360\">Karte Schweizmobil:<\/a><\/p>\n<p>Pilgerweg: Ligerz &#8211; Twann:<\/p>\n<p>Laut Schweizmobil:<\/p>\n<p>Distanz: 2.9km; Aufstieg: 47m; Abstieg: 100m; Wanderzeit: 45 min<\/p>\n<p><a href=\"https:\/\/schweizmobil.ch\/de\/tour\/305477311\">Karte Schweizmobil:<\/a><\/p>\n<p>&nbsp;<\/p>\n<p>&nbsp;<\/p>\n\n\n<!-- index.php -->\n<div\n\tclass=\"ngg-galleryoverview ngg-ajax-pagination-none\"\n\tid=\"ngg-gallery-ab460c8effe1944ce611e148f14baaa6-1\">\n\n    \t<div class=\"slideshowlink\">\n        <a href='https:\/\/www.freimarianne.ch\/index.php\/nggallery\/slideshow?page_id=68921'>[Show as slideshow]<\/a>\n\t\t\n\t<\/div>\n\t\t\t<!-- Thumbnails -->\n\t\t\t\t<div id=\"ngg-image-0\" class=\"ngg-gallery-thumbnail-box\" >\n\t\t\t\t        <div class=\"ngg-gallery-thumbnail\">\n            <a href=\"https:\/\/www.freimarianne.ch\/wp-content\/gallery\/pilouvi-preles-16-9-25\/IMG_0894.jpeg\"\n               title=\"\"\n               data-src=\"https:\/\/www.freimarianne.ch\/wp-content\/gallery\/pilouvi-preles-16-9-25\/IMG_0894.jpeg\"\n               data-thumbnail=\"https:\/\/www.freimarianne.ch\/wp-content\/gallery\/pilouvi-preles-16-9-25\/thumbs\/thumbs_IMG_0894.jpeg\"\n               data-image-id=\"35895\"\n               data-title=\"IMG_0894\"\n               data-description=\"\"\n               data-image-slug=\"img_0894-3\"\n               class=\"shutterset_ab460c8effe1944ce611e148f14baaa6\">\n                <img\n                    title=\"IMG_0894\"\n                    alt=\"IMG_0894\"\n                    src=\"https:\/\/www.freimarianne.ch\/wp-content\/gallery\/pilouvi-preles-16-9-25\/cache\/IMG_0894.jpeg-nggid0535895-ngg0dyn-100x75x100-00f0w010c010r110f110r010t010.jpeg\"\n                    width=\"100\"\n                    height=\"75\"\n                    style=\"max-width:100%;\"\n                \/>\n            <\/a>\n        <\/div>\n\t\t\t\t\t\t\t<\/div> \n\t\t\t\n                            \n\t\t\t\t<div id=\"ngg-image-1\" class=\"ngg-gallery-thumbnail-box\" >\n\t\t\t\t        <div class=\"ngg-gallery-thumbnail\">\n            <a href=\"https:\/\/www.freimarianne.ch\/wp-content\/gallery\/pilouvi-preles-16-9-25\/IMG_2241.jpeg\"\n               title=\"\"\n               data-src=\"https:\/\/www.freimarianne.ch\/wp-content\/gallery\/pilouvi-preles-16-9-25\/IMG_2241.jpeg\"\n               data-thumbnail=\"https:\/\/www.freimarianne.ch\/wp-content\/gallery\/pilouvi-preles-16-9-25\/thumbs\/thumbs_IMG_2241.jpeg\"\n               data-image-id=\"35894\"\n               data-title=\"IMG_2241\"\n               data-description=\"\"\n               data-image-slug=\"img_2241-4\"\n               class=\"shutterset_ab460c8effe1944ce611e148f14baaa6\">\n                <img\n                    title=\"IMG_2241\"\n                    alt=\"IMG_2241\"\n                    src=\"https:\/\/www.freimarianne.ch\/wp-content\/gallery\/pilouvi-preles-16-9-25\/cache\/IMG_2241.jpeg-nggid0535894-ngg0dyn-100x75x100-00f0w010c010r110f110r010t010.jpeg\"\n                    width=\"100\"\n                    height=\"73\"\n                    style=\"max-width:100%;\"\n                \/>\n            <\/a>\n        <\/div>\n\t\t\t\t\t\t\t<\/div> \n\t\t\t\n                            \n\t\t\t\t<div id=\"ngg-image-2\" class=\"ngg-gallery-thumbnail-box\" >\n\t\t\t\t        <div class=\"ngg-gallery-thumbnail\">\n            <a href=\"https:\/\/www.freimarianne.ch\/wp-content\/gallery\/pilouvi-preles-16-9-25\/IMG_2244.jpeg\"\n               title=\"Sicht gegen Le Landeron\"\n               data-src=\"https:\/\/www.freimarianne.ch\/wp-content\/gallery\/pilouvi-preles-16-9-25\/IMG_2244.jpeg\"\n               data-thumbnail=\"https:\/\/www.freimarianne.ch\/wp-content\/gallery\/pilouvi-preles-16-9-25\/thumbs\/thumbs_IMG_2244.jpeg\"\n               data-image-id=\"35893\"\n               data-title=\"Sicht gegen Le Landeron\"\n               data-description=\"Sicht gegen Le Landeron\"\n               data-image-slug=\"img_2244-3\"\n               class=\"shutterset_ab460c8effe1944ce611e148f14baaa6\">\n                <img\n                    title=\"Sicht gegen Le Landeron\"\n                    alt=\"Sicht gegen Le Landeron\"\n                    src=\"https:\/\/www.freimarianne.ch\/wp-content\/gallery\/pilouvi-preles-16-9-25\/cache\/IMG_2244.jpeg-nggid0535893-ngg0dyn-100x75x100-00f0w010c010r110f110r010t010.jpeg\"\n                    width=\"100\"\n                    height=\"72\"\n                    style=\"max-width:100%;\"\n                \/>\n            <\/a>\n        <\/div>\n\t\t\t\t\t\t\t<\/div> \n\t\t\t\n                            \n\t\t\t\t<div id=\"ngg-image-3\" class=\"ngg-gallery-thumbnail-box\" >\n\t\t\t\t        <div class=\"ngg-gallery-thumbnail\">\n            <a href=\"https:\/\/www.freimarianne.ch\/wp-content\/gallery\/pilouvi-preles-16-9-25\/IMG_2252.jpeg\"\n               title=\"Blick zum Chasseral; Juralandschaft\"\n               data-src=\"https:\/\/www.freimarianne.ch\/wp-content\/gallery\/pilouvi-preles-16-9-25\/IMG_2252.jpeg\"\n               data-thumbnail=\"https:\/\/www.freimarianne.ch\/wp-content\/gallery\/pilouvi-preles-16-9-25\/thumbs\/thumbs_IMG_2252.jpeg\"\n               data-image-id=\"35892\"\n               data-title=\"Blick zum Chasseral; Juralandschaft\"\n               data-description=\"Blick zum Chasseral; Juralandschaft\"\n               data-image-slug=\"img_2252-6\"\n               class=\"shutterset_ab460c8effe1944ce611e148f14baaa6\">\n                <img\n                    title=\"Blick zum Chasseral; Juralandschaft\"\n                    alt=\"Blick zum Chasseral; Juralandschaft\"\n                    src=\"https:\/\/www.freimarianne.ch\/wp-content\/gallery\/pilouvi-preles-16-9-25\/cache\/IMG_2252.jpeg-nggid0535892-ngg0dyn-100x75x100-00f0w010c010r110f110r010t010.jpeg\"\n                    width=\"98\"\n                    height=\"75\"\n                    style=\"max-width:100%;\"\n                \/>\n            <\/a>\n        <\/div>\n\t\t\t\t\t\t\t<\/div> \n\t\t\t\n                                    <br style=\"clear: both\" \/>\n                    \n\t\t\t\t<div id=\"ngg-image-4\" class=\"ngg-gallery-thumbnail-box\" >\n\t\t\t\t        <div class=\"ngg-gallery-thumbnail\">\n            <a href=\"https:\/\/www.freimarianne.ch\/wp-content\/gallery\/pilouvi-preles-16-9-25\/IMG_2253.jpeg\"\n               title=\"Bas de la Praye 802m mit Chasseral\"\n               data-src=\"https:\/\/www.freimarianne.ch\/wp-content\/gallery\/pilouvi-preles-16-9-25\/IMG_2253.jpeg\"\n               data-thumbnail=\"https:\/\/www.freimarianne.ch\/wp-content\/gallery\/pilouvi-preles-16-9-25\/thumbs\/thumbs_IMG_2253.jpeg\"\n               data-image-id=\"35891\"\n               data-title=\"Bas de la Praye 802m mit Chasseral\"\n               data-description=\"Bas de la Praye 802m mit Chasseral\"\n               data-image-slug=\"img_2253-3\"\n               class=\"shutterset_ab460c8effe1944ce611e148f14baaa6\">\n                <img\n                    title=\"Bas de la Praye 802m mit Chasseral\"\n                    alt=\"Bas de la Praye 802m mit Chasseral\"\n                    src=\"https:\/\/www.freimarianne.ch\/wp-content\/gallery\/pilouvi-preles-16-9-25\/cache\/IMG_2253.jpeg-nggid0535891-ngg0dyn-100x75x100-00f0w010c010r110f110r010t010.jpeg\"\n                    width=\"100\"\n                    height=\"71\"\n                    style=\"max-width:100%;\"\n                \/>\n            <\/a>\n        <\/div>\n\t\t\t\t\t\t\t<\/div> \n\t\t\t\n                            \n\t\t\t\t<div id=\"ngg-image-5\" class=\"ngg-gallery-thumbnail-box\" >\n\t\t\t\t        <div class=\"ngg-gallery-thumbnail\">\n            <a href=\"https:\/\/www.freimarianne.ch\/wp-content\/gallery\/pilouvi-preles-16-9-25\/IMG_2256.jpeg\"\n               title=\"eine sch\u00f6ne Kuh\"\n               data-src=\"https:\/\/www.freimarianne.ch\/wp-content\/gallery\/pilouvi-preles-16-9-25\/IMG_2256.jpeg\"\n               data-thumbnail=\"https:\/\/www.freimarianne.ch\/wp-content\/gallery\/pilouvi-preles-16-9-25\/thumbs\/thumbs_IMG_2256.jpeg\"\n               data-image-id=\"35890\"\n               data-title=\"eine sch\u00f6ne Kuh\"\n               data-description=\"eine sch\u00f6ne Kuh\"\n               data-image-slug=\"img_2256-2\"\n               class=\"shutterset_ab460c8effe1944ce611e148f14baaa6\">\n                <img\n                    title=\"eine sch\u00f6ne Kuh\"\n                    alt=\"eine sch\u00f6ne Kuh\"\n                    src=\"https:\/\/www.freimarianne.ch\/wp-content\/gallery\/pilouvi-preles-16-9-25\/cache\/IMG_2256.jpeg-nggid0535890-ngg0dyn-100x75x100-00f0w010c010r110f110r010t010.jpeg\"\n                    width=\"95\"\n                    height=\"75\"\n                    style=\"max-width:100%;\"\n                \/>\n            <\/a>\n        <\/div>\n\t\t\t\t\t\t\t<\/div> \n\t\t\t\n                            \n\t\t\t\t<div id=\"ngg-image-6\" class=\"ngg-gallery-thumbnail-box\" >\n\t\t\t\t        <div class=\"ngg-gallery-thumbnail\">\n            <a href=\"https:\/\/www.freimarianne.ch\/wp-content\/gallery\/pilouvi-preles-16-9-25\/IMG_2259.jpeg\"\n               title=\"wir sind im Jura\"\n               data-src=\"https:\/\/www.freimarianne.ch\/wp-content\/gallery\/pilouvi-preles-16-9-25\/IMG_2259.jpeg\"\n               data-thumbnail=\"https:\/\/www.freimarianne.ch\/wp-content\/gallery\/pilouvi-preles-16-9-25\/thumbs\/thumbs_IMG_2259.jpeg\"\n               data-image-id=\"35889\"\n               data-title=\"wir sind im Jura\"\n               data-description=\"wir sind im Jura\"\n               data-image-slug=\"img_2259-4\"\n               class=\"shutterset_ab460c8effe1944ce611e148f14baaa6\">\n                <img\n                    title=\"wir sind im Jura\"\n                    alt=\"wir sind im Jura\"\n                    src=\"https:\/\/www.freimarianne.ch\/wp-content\/gallery\/pilouvi-preles-16-9-25\/cache\/IMG_2259.jpeg-nggid0535889-ngg0dyn-100x75x100-00f0w010c010r110f110r010t010.jpeg\"\n                    width=\"98\"\n                    height=\"75\"\n                    style=\"max-width:100%;\"\n                \/>\n            <\/a>\n        <\/div>\n\t\t\t\t\t\t\t<\/div> \n\t\t\t\n                            \n\t\t\t\t<div id=\"ngg-image-7\" class=\"ngg-gallery-thumbnail-box\" >\n\t\t\t\t        <div class=\"ngg-gallery-thumbnail\">\n            <a href=\"https:\/\/www.freimarianne.ch\/wp-content\/gallery\/pilouvi-preles-16-9-25\/IMG_2262.jpeg\"\n               title=\"am Bielersee\"\n               data-src=\"https:\/\/www.freimarianne.ch\/wp-content\/gallery\/pilouvi-preles-16-9-25\/IMG_2262.jpeg\"\n               data-thumbnail=\"https:\/\/www.freimarianne.ch\/wp-content\/gallery\/pilouvi-preles-16-9-25\/thumbs\/thumbs_IMG_2262.jpeg\"\n               data-image-id=\"35888\"\n               data-title=\"am Bielersee\"\n               data-description=\"am Bielersee\"\n               data-image-slug=\"img_2262-6\"\n               class=\"shutterset_ab460c8effe1944ce611e148f14baaa6\">\n                <img\n                    title=\"am Bielersee\"\n                    alt=\"am Bielersee\"\n                    src=\"https:\/\/www.freimarianne.ch\/wp-content\/gallery\/pilouvi-preles-16-9-25\/cache\/IMG_2262.jpeg-nggid0535888-ngg0dyn-100x75x100-00f0w010c010r110f110r010t010.jpeg\"\n                    width=\"97\"\n                    height=\"75\"\n                    style=\"max-width:100%;\"\n                \/>\n            <\/a>\n        <\/div>\n\t\t\t\t\t\t\t<\/div> \n\t\t\t\n                                    <br style=\"clear: both\" \/>\n                    \n\t\t\n\t\t<!-- Pagination -->\n\t<div class='ngg-clear'><\/div>\t<\/div>\n\n","protected":false},"excerpt":{"rendered":"<p>Die Gruppe \u201eAlpenblick\u201c f\u00e4hrt heute nach La Neuveville am Bielersee. Am Ende der Hauptgasse des sch\u00f6nen St\u00e4dtchens finden wir ein kleines Restaurant, wo wir drinnen bei gem\u00fctlichen Zusammensein unseren Startkaffee trinken k\u00f6nnen. Wohlgest\u00e4rkt machen wir uns auf den Weg zur Pilouvi Schlucht. Der Zugang zur Schlucht f\u00fchrt durch die Rebg\u00e4rten. Der Aufstieg durch die malerische [&hellip;]<\/p>\n","protected":false},"author":1,"featured_media":0,"parent":68899,"menu_order":5,"comment_status":"closed","ping_status":"closed","template":"","meta":{"ngg_post_thumbnail":0},"_links":{"self":[{"href":"https:\/\/www.freimarianne.ch\/index.php?rest_route=\/wp\/v2\/pages\/68921"}],"collection":[{"href":"https:\/\/www.freimarianne.ch\/index.php?rest_route=\/wp\/v2\/pages"}],"about":[{"href":"https:\/\/www.freimarianne.ch\/index.php?rest_route=\/wp\/v2\/types\/page"}],"author":[{"embeddable":true,"href":"https:\/\/www.freimarianne.ch\/index.php?rest_route=\/wp\/v2\/users\/1"}],"replies":[{"embeddable":true,"href":"https:\/\/www.freimarianne.ch\/index.php?rest_route=%2Fwp%2Fv2%2Fcomments&post=68921"}],"version-history":[{"count":8,"href":"https:\/\/www.freimarianne.ch\/index.php?rest_route=\/wp\/v2\/pages\/68921\/revisions"}],"predecessor-version":[{"id":69156,"href":"https:\/\/www.freimarianne.ch\/index.php?rest_route=\/wp\/v2\/pages\/68921\/revisions\/69156"}],"up":[{"embeddable":true,"href":"https:\/\/www.freimarianne.ch\/index.php?rest_route=\/wp\/v2\/pages\/68899"}],"wp:attachment":[{"href":"https:\/\/www.freimarianne.ch\/index.php?rest_route=%2Fwp%2Fv2%2Fmedia&parent=68921"}],"curies":[{"name":"wp","href":"https:\/\/api.w.org\/{rel}","templated":true}]}}