{"id":7644,"date":"2014-10-15T08:22:30","date_gmt":"2014-10-15T07:22:30","guid":{"rendered":"http:\/\/www.freimarianne.ch\/?page_id=7644"},"modified":"2014-10-15T17:47:56","modified_gmt":"2014-10-15T16:47:56","slug":"feldis-alp-dil-plaun-churwalden-gr-11-10-2014","status":"publish","type":"page","link":"https:\/\/www.freimarianne.ch\/?page_id=7644","title":{"rendered":"Feldis &#8211; Alp dil Plaun &#8211;  Churwalden, GR  11.10.2014"},"content":{"rendered":"<p><strong>Bergwanderung von Feldis \u00fcber die Alp dil Plaun hinunter nach Pargitsch &#8211; Chloster bei Churwalden<\/strong><\/p>\n<p><img loading=\"lazy\" class=\"aligncenter size-full wp-image-7638\" src=\"http:\/\/www.freimarianne.ch\/wp-content\/uploads\/2014\/10\/IMG_1953_Feldis_500.jpg\" alt=\"IMG_1953_Feldis_500\" width=\"500\" height=\"333\" srcset=\"https:\/\/www.freimarianne.ch\/wp-content\/uploads\/2014\/10\/IMG_1953_Feldis_500.jpg 500w, https:\/\/www.freimarianne.ch\/wp-content\/uploads\/2014\/10\/IMG_1953_Feldis_500-300x199.jpg 300w, https:\/\/www.freimarianne.ch\/wp-content\/uploads\/2014\/10\/IMG_1953_Feldis_500-450x300.jpg 450w\" sizes=\"(max-width: 500px) 100vw, 500px\" \/><\/p>\n<p>Wir kommen um 10.17 h in Feldis 1480m und m\u00fcssen uns gleich einmal warm anziehen, denn draussen bl\u00e4st ein kalter Wind.<br \/>\nUm 10.30 wandern wir durch das Dorf Feldis mit dem sch\u00f6nen Dorfplatz und folgen dem Wegweiser Alp dil Plaun ( 2h). Wie es sich sp\u00e4ter herausstellt, sind wir nicht auf dem von mir geplanten Weg ! Wieder einmal habe ich nur einen Kartenausdruck gemacht, der wegen der L\u00e4nge der Wanderung in einem zu kleinen Massstab erscheint!<br \/>\nDen Wanderweg, dem n wir nehmen ist aber sehr sch\u00f6n angelegt und f\u00fchrt uns unter der Sesselbahn hindurch \u00fcber Rumadetsch zur Abzweigung Plaun Dills.<br \/>\nAb hier finden wir keine Wanderwegzeichen mehr und gehen einfach in die richtige Richtung \u00fcber steile Alpweiden. Wir halten unsere Mittagsrast und beginnen dann mir neuen Kr\u00e4ften den Pfad zu finden, was uns bald auch gelingt. So kommen wir auf Umwegen zur Alp Raguta 1960m, wo es wieder Wegweiser gibt. Wir umrunden auf der Alp Veulden den Berg Tgom Aula 2085m und erreichen dann die Alp dil Plaun 1953m. Nun gibt es nochmals eine Steigung hinauf zu Culm Alt 2065m mit seinem Alpgeb\u00e4ude und dann folgen wir den rot- weissen Pf\u00e4hlen durch eine bizarre H\u00f6ckerlandschaft an kleinen Seen vorbei bis zum Grat, dem Glatten B\u00f6den 2115m. Vorher gibt es nochmals eine kurzen Halt zum Essen und Fotografieren. Zwischendurch scheint die Sonne durch die Wolken hindurch und es gelingen uns einige interessante Bilder.<br \/>\nNun haben wir eine ganz andere Sicht. Wir sehen hin\u00fcber ins Schanfigg und auf die Bergkette vom G\u00fcrgaletsch 2441m; hi Weisshorn 2653m; Parpaner Schwarzhorn 2683m, Parpaner Weisshorn 2824m bis hin\u00fcber zum \u00c4lplihorn 2842m.<br \/>\nDie Aussicht auf dieser Wanderung ist wirklich pr\u00e4chtig und gibt eine gute Lektion in Geographie !<br \/>\n<a href=\"http:\/\/www.churtourismus.ch\/fileadmin\/user_upload\/customers\/churtourismus\/06_Bergbahnen\/Sommer\/GZD_Panoramatafeln.pdf\">Ein guter Link zum Panorama<\/a><br \/>\nNun geht es auf einem schmalen Pfad teilweise sehr steil hinunter gegen Gr\u00fcenenb\u00fcel und dann dem Hang entlang gegen die Sesselbahnstation Pargitsch 1724m.<br \/>\nAb hier folgen wir eine Weile einem Pfad in der Falllinie bis wir keine Pf\u00e4hle mehr sehen k\u00f6nnen. Aber daf\u00fcr finden wir einen breiteren Weg, dem wir hinunter nach Pradaschier 1355m folgen. Von dort aus erreichen wir um 15.15 h eine Postautohaltestelle in Chloster 1210m. Damit haben wir uns den weiteren steilen Abstieg erspart und mussten auch nicht nach Churwalden gehen.<\/p>\n<p>Laut Swissmap:<br \/>\nDistanz: 14km; Aufstieg: 794m; Abstieg: 1036m; Marschzeit: 4. 48 h.<br \/>\nWir waren von ca. 10.30 h bis 15.15 h unterwegs und haben wegen des etwas wechselhaften Wetters keine langen Pausen gemacht.<\/p>\n<p>Dies war eine interessante Wanderung aber der Abstieg nach Churwalden kann man sich ersparen. Man kann besser eine Rundwanderug \u00fcber den Dreib\u00fcndenstein machen und wieder nach Feldis zur\u00fcckkehren.<\/p>\n<p><!-- index.php -->\n<div\n\tclass=\"ngg-galleryoverview ngg-ajax-pagination-none\"\n\tid=\"ngg-gallery-7792-1\">\n\n    \t<div class=\"slideshowlink\">\n        <a href='https:\/\/www.freimarianne.ch\/index.php\/nggallery\/slideshow?page_id=7644'>[Show as slideshow]<\/a>\n\t\t\n\t<\/div>\n\t\t\t<!-- Thumbnails -->\n\t\t\t\t<div id=\"ngg-image-0\" class=\"ngg-gallery-thumbnail-box\" >\n\t\t\t\t        <div class=\"ngg-gallery-thumbnail\">\n            <a href=\"https:\/\/www.freimarianne.ch\/wp-content\/gallery\/feldis-churwalden-12-10-2014\/IMG_1913.jpg\"\n               title=\"\"\n               data-src=\"https:\/\/www.freimarianne.ch\/wp-content\/gallery\/feldis-churwalden-12-10-2014\/IMG_1913.jpg\"\n               data-thumbnail=\"https:\/\/www.freimarianne.ch\/wp-content\/gallery\/feldis-churwalden-12-10-2014\/thumbs\/thumbs_IMG_1913.jpg\"\n               data-image-id=\"9661\"\n               data-title=\"IMG_1913\"\n               data-description=\"\"\n               data-image-slug=\"img_1913\"\n               class=\"shutterset_7792\">\n                <img\n                    title=\"IMG_1913\"\n                    alt=\"IMG_1913\"\n                    src=\"https:\/\/www.freimarianne.ch\/wp-content\/gallery\/feldis-churwalden-12-10-2014\/thumbs\/thumbs_IMG_1913.jpg\"\n                    width=\"100\"\n                    height=\"75\"\n                    style=\"max-width:100%;\"\n                \/>\n            <\/a>\n        <\/div>\n\t\t\t\t\t\t\t<\/div> \n\t\t\t\n        \n\t\t\t\t<div id=\"ngg-image-1\" class=\"ngg-gallery-thumbnail-box\" >\n\t\t\t\t        <div class=\"ngg-gallery-thumbnail\">\n            <a href=\"https:\/\/www.freimarianne.ch\/wp-content\/gallery\/feldis-churwalden-12-10-2014\/IMG_1915.jpg\"\n               title=\"\"\n               data-src=\"https:\/\/www.freimarianne.ch\/wp-content\/gallery\/feldis-churwalden-12-10-2014\/IMG_1915.jpg\"\n               data-thumbnail=\"https:\/\/www.freimarianne.ch\/wp-content\/gallery\/feldis-churwalden-12-10-2014\/thumbs\/thumbs_IMG_1915.jpg\"\n               data-image-id=\"9662\"\n               data-title=\"IMG_1915\"\n               data-description=\"\"\n               data-image-slug=\"img_1915\"\n               class=\"shutterset_7792\">\n                <img\n                    title=\"IMG_1915\"\n                    alt=\"IMG_1915\"\n                    src=\"https:\/\/www.freimarianne.ch\/wp-content\/gallery\/feldis-churwalden-12-10-2014\/thumbs\/thumbs_IMG_1915.jpg\"\n                    width=\"100\"\n                    height=\"75\"\n                    style=\"max-width:100%;\"\n                \/>\n            <\/a>\n        <\/div>\n\t\t\t\t\t\t\t<\/div> \n\t\t\t\n        \n\t\t\t\t<div id=\"ngg-image-2\" class=\"ngg-gallery-thumbnail-box\" >\n\t\t\t\t        <div class=\"ngg-gallery-thumbnail\">\n            <a href=\"https:\/\/www.freimarianne.ch\/wp-content\/gallery\/feldis-churwalden-12-10-2014\/IMG_1918.jpg\"\n               title=\"\"\n               data-src=\"https:\/\/www.freimarianne.ch\/wp-content\/gallery\/feldis-churwalden-12-10-2014\/IMG_1918.jpg\"\n               data-thumbnail=\"https:\/\/www.freimarianne.ch\/wp-content\/gallery\/feldis-churwalden-12-10-2014\/thumbs\/thumbs_IMG_1918.jpg\"\n               data-image-id=\"9663\"\n               data-title=\"IMG_1918\"\n               data-description=\"\"\n               data-image-slug=\"img_1918-3\"\n               class=\"shutterset_7792\">\n                <img\n                    title=\"IMG_1918\"\n                    alt=\"IMG_1918\"\n                    src=\"https:\/\/www.freimarianne.ch\/wp-content\/gallery\/feldis-churwalden-12-10-2014\/thumbs\/thumbs_IMG_1918.jpg\"\n                    width=\"100\"\n                    height=\"75\"\n                    style=\"max-width:100%;\"\n                \/>\n            <\/a>\n        <\/div>\n\t\t\t\t\t\t\t<\/div> \n\t\t\t\n        \n\t\t\t\t<div id=\"ngg-image-3\" class=\"ngg-gallery-thumbnail-box\" >\n\t\t\t\t        <div class=\"ngg-gallery-thumbnail\">\n            <a href=\"https:\/\/www.freimarianne.ch\/wp-content\/gallery\/feldis-churwalden-12-10-2014\/IMG_1921.jpg\"\n               title=\"\"\n               data-src=\"https:\/\/www.freimarianne.ch\/wp-content\/gallery\/feldis-churwalden-12-10-2014\/IMG_1921.jpg\"\n               data-thumbnail=\"https:\/\/www.freimarianne.ch\/wp-content\/gallery\/feldis-churwalden-12-10-2014\/thumbs\/thumbs_IMG_1921.jpg\"\n               data-image-id=\"9664\"\n               data-title=\"IMG_1921\"\n               data-description=\"\"\n               data-image-slug=\"img_1921-1\"\n               class=\"shutterset_7792\">\n                <img\n                    title=\"IMG_1921\"\n                    alt=\"IMG_1921\"\n                    src=\"https:\/\/www.freimarianne.ch\/wp-content\/gallery\/feldis-churwalden-12-10-2014\/thumbs\/thumbs_IMG_1921.jpg\"\n                    width=\"100\"\n                    height=\"75\"\n                    style=\"max-width:100%;\"\n                \/>\n            <\/a>\n        <\/div>\n\t\t\t\t\t\t\t<\/div> \n\t\t\t\n        \n\t\t\t\t<div id=\"ngg-image-4\" class=\"ngg-gallery-thumbnail-box\" >\n\t\t\t\t        <div class=\"ngg-gallery-thumbnail\">\n            <a href=\"https:\/\/www.freimarianne.ch\/wp-content\/gallery\/feldis-churwalden-12-10-2014\/IMG_1923.jpg\"\n               title=\"\"\n               data-src=\"https:\/\/www.freimarianne.ch\/wp-content\/gallery\/feldis-churwalden-12-10-2014\/IMG_1923.jpg\"\n               data-thumbnail=\"https:\/\/www.freimarianne.ch\/wp-content\/gallery\/feldis-churwalden-12-10-2014\/thumbs\/thumbs_IMG_1923.jpg\"\n               data-image-id=\"9665\"\n               data-title=\"IMG_1923\"\n               data-description=\"\"\n               data-image-slug=\"img_1923-2\"\n               class=\"shutterset_7792\">\n                <img\n                    title=\"IMG_1923\"\n                    alt=\"IMG_1923\"\n                    src=\"https:\/\/www.freimarianne.ch\/wp-content\/gallery\/feldis-churwalden-12-10-2014\/thumbs\/thumbs_IMG_1923.jpg\"\n                    width=\"100\"\n                    height=\"75\"\n                    style=\"max-width:100%;\"\n                \/>\n            <\/a>\n        <\/div>\n\t\t\t\t\t\t\t<\/div> \n\t\t\t\n        \n\t\t\t\t<div id=\"ngg-image-5\" class=\"ngg-gallery-thumbnail-box\" >\n\t\t\t\t        <div class=\"ngg-gallery-thumbnail\">\n            <a href=\"https:\/\/www.freimarianne.ch\/wp-content\/gallery\/feldis-churwalden-12-10-2014\/IMG_1926.jpg\"\n               title=\"\"\n               data-src=\"https:\/\/www.freimarianne.ch\/wp-content\/gallery\/feldis-churwalden-12-10-2014\/IMG_1926.jpg\"\n               data-thumbnail=\"https:\/\/www.freimarianne.ch\/wp-content\/gallery\/feldis-churwalden-12-10-2014\/thumbs\/thumbs_IMG_1926.jpg\"\n               data-image-id=\"9666\"\n               data-title=\"IMG_1926\"\n               data-description=\"\"\n               data-image-slug=\"img_1926-3\"\n               class=\"shutterset_7792\">\n                <img\n                    title=\"IMG_1926\"\n                    alt=\"IMG_1926\"\n                    src=\"https:\/\/www.freimarianne.ch\/wp-content\/gallery\/feldis-churwalden-12-10-2014\/thumbs\/thumbs_IMG_1926.jpg\"\n                    width=\"100\"\n                    height=\"75\"\n                    style=\"max-width:100%;\"\n                \/>\n            <\/a>\n        <\/div>\n\t\t\t\t\t\t\t<\/div> \n\t\t\t\n        \n\t\t\t\t<div id=\"ngg-image-6\" class=\"ngg-gallery-thumbnail-box\" >\n\t\t\t\t        <div class=\"ngg-gallery-thumbnail\">\n            <a href=\"https:\/\/www.freimarianne.ch\/wp-content\/gallery\/feldis-churwalden-12-10-2014\/IMG_1935.jpg\"\n               title=\"\"\n               data-src=\"https:\/\/www.freimarianne.ch\/wp-content\/gallery\/feldis-churwalden-12-10-2014\/IMG_1935.jpg\"\n               data-thumbnail=\"https:\/\/www.freimarianne.ch\/wp-content\/gallery\/feldis-churwalden-12-10-2014\/thumbs\/thumbs_IMG_1935.jpg\"\n               data-image-id=\"9667\"\n               data-title=\"IMG_1935\"\n               data-description=\"\"\n               data-image-slug=\"img_1935-1\"\n               class=\"shutterset_7792\">\n                <img\n                    title=\"IMG_1935\"\n                    alt=\"IMG_1935\"\n                    src=\"https:\/\/www.freimarianne.ch\/wp-content\/gallery\/feldis-churwalden-12-10-2014\/thumbs\/thumbs_IMG_1935.jpg\"\n                    width=\"100\"\n                    height=\"75\"\n                    style=\"max-width:100%;\"\n                \/>\n            <\/a>\n        <\/div>\n\t\t\t\t\t\t\t<\/div> \n\t\t\t\n        \n\t\t\t\t<div id=\"ngg-image-7\" class=\"ngg-gallery-thumbnail-box\" >\n\t\t\t\t        <div class=\"ngg-gallery-thumbnail\">\n            <a href=\"https:\/\/www.freimarianne.ch\/wp-content\/gallery\/feldis-churwalden-12-10-2014\/IMG_1937.jpg\"\n               title=\"\"\n               data-src=\"https:\/\/www.freimarianne.ch\/wp-content\/gallery\/feldis-churwalden-12-10-2014\/IMG_1937.jpg\"\n               data-thumbnail=\"https:\/\/www.freimarianne.ch\/wp-content\/gallery\/feldis-churwalden-12-10-2014\/thumbs\/thumbs_IMG_1937.jpg\"\n               data-image-id=\"9668\"\n               data-title=\"IMG_1937\"\n               data-description=\"\"\n               data-image-slug=\"img_1937-1\"\n               class=\"shutterset_7792\">\n                <img\n                    title=\"IMG_1937\"\n                    alt=\"IMG_1937\"\n                    src=\"https:\/\/www.freimarianne.ch\/wp-content\/gallery\/feldis-churwalden-12-10-2014\/thumbs\/thumbs_IMG_1937.jpg\"\n                    width=\"100\"\n                    height=\"75\"\n                    style=\"max-width:100%;\"\n                \/>\n            <\/a>\n        <\/div>\n\t\t\t\t\t\t\t<\/div> \n\t\t\t\n        \n\t\t\t\t<div id=\"ngg-image-8\" class=\"ngg-gallery-thumbnail-box\" >\n\t\t\t\t        <div class=\"ngg-gallery-thumbnail\">\n            <a href=\"https:\/\/www.freimarianne.ch\/wp-content\/gallery\/feldis-churwalden-12-10-2014\/IMG_1939.jpg\"\n               title=\"\"\n               data-src=\"https:\/\/www.freimarianne.ch\/wp-content\/gallery\/feldis-churwalden-12-10-2014\/IMG_1939.jpg\"\n               data-thumbnail=\"https:\/\/www.freimarianne.ch\/wp-content\/gallery\/feldis-churwalden-12-10-2014\/thumbs\/thumbs_IMG_1939.jpg\"\n               data-image-id=\"9669\"\n               data-title=\"IMG_1939\"\n               data-description=\"\"\n               data-image-slug=\"img_1939-3\"\n               class=\"shutterset_7792\">\n                <img\n                    title=\"IMG_1939\"\n                    alt=\"IMG_1939\"\n                    src=\"https:\/\/www.freimarianne.ch\/wp-content\/gallery\/feldis-churwalden-12-10-2014\/thumbs\/thumbs_IMG_1939.jpg\"\n                    width=\"100\"\n                    height=\"75\"\n                    style=\"max-width:100%;\"\n                \/>\n            <\/a>\n        <\/div>\n\t\t\t\t\t\t\t<\/div> \n\t\t\t\n        \n\t\t\t\t<div id=\"ngg-image-9\" class=\"ngg-gallery-thumbnail-box\" >\n\t\t\t\t        <div class=\"ngg-gallery-thumbnail\">\n            <a href=\"https:\/\/www.freimarianne.ch\/wp-content\/gallery\/feldis-churwalden-12-10-2014\/IMG_1940.jpg\"\n               title=\"\"\n               data-src=\"https:\/\/www.freimarianne.ch\/wp-content\/gallery\/feldis-churwalden-12-10-2014\/IMG_1940.jpg\"\n               data-thumbnail=\"https:\/\/www.freimarianne.ch\/wp-content\/gallery\/feldis-churwalden-12-10-2014\/thumbs\/thumbs_IMG_1940.jpg\"\n               data-image-id=\"9670\"\n               data-title=\"IMG_1940\"\n               data-description=\"\"\n               data-image-slug=\"img_1940-1\"\n               class=\"shutterset_7792\">\n                <img\n                    title=\"IMG_1940\"\n                    alt=\"IMG_1940\"\n                    src=\"https:\/\/www.freimarianne.ch\/wp-content\/gallery\/feldis-churwalden-12-10-2014\/thumbs\/thumbs_IMG_1940.jpg\"\n                    width=\"100\"\n                    height=\"75\"\n                    style=\"max-width:100%;\"\n                \/>\n            <\/a>\n        <\/div>\n\t\t\t\t\t\t\t<\/div> \n\t\t\t\n        \n\t\t\t\t<div id=\"ngg-image-10\" class=\"ngg-gallery-thumbnail-box\" >\n\t\t\t\t        <div class=\"ngg-gallery-thumbnail\">\n            <a href=\"https:\/\/www.freimarianne.ch\/wp-content\/gallery\/feldis-churwalden-12-10-2014\/IMG_1943.jpg\"\n               title=\"\"\n               data-src=\"https:\/\/www.freimarianne.ch\/wp-content\/gallery\/feldis-churwalden-12-10-2014\/IMG_1943.jpg\"\n               data-thumbnail=\"https:\/\/www.freimarianne.ch\/wp-content\/gallery\/feldis-churwalden-12-10-2014\/thumbs\/thumbs_IMG_1943.jpg\"\n               data-image-id=\"9671\"\n               data-title=\"IMG_1943\"\n               data-description=\"\"\n               data-image-slug=\"img_1943-1\"\n               class=\"shutterset_7792\">\n                <img\n                    title=\"IMG_1943\"\n                    alt=\"IMG_1943\"\n                    src=\"https:\/\/www.freimarianne.ch\/wp-content\/gallery\/feldis-churwalden-12-10-2014\/thumbs\/thumbs_IMG_1943.jpg\"\n                    width=\"100\"\n                    height=\"75\"\n                    style=\"max-width:100%;\"\n                \/>\n            <\/a>\n        <\/div>\n\t\t\t\t\t\t\t<\/div> \n\t\t\t\n        \n\t\t\t\t<div id=\"ngg-image-11\" class=\"ngg-gallery-thumbnail-box\" >\n\t\t\t\t        <div class=\"ngg-gallery-thumbnail\">\n            <a href=\"https:\/\/www.freimarianne.ch\/wp-content\/gallery\/feldis-churwalden-12-10-2014\/IMG_1953.jpg\"\n               title=\"\"\n               data-src=\"https:\/\/www.freimarianne.ch\/wp-content\/gallery\/feldis-churwalden-12-10-2014\/IMG_1953.jpg\"\n               data-thumbnail=\"https:\/\/www.freimarianne.ch\/wp-content\/gallery\/feldis-churwalden-12-10-2014\/thumbs\/thumbs_IMG_1953.jpg\"\n               data-image-id=\"9672\"\n               data-title=\"IMG_1953\"\n               data-description=\"\"\n               data-image-slug=\"img_1953-3\"\n               class=\"shutterset_7792\">\n                <img\n                    title=\"IMG_1953\"\n                    alt=\"IMG_1953\"\n                    src=\"https:\/\/www.freimarianne.ch\/wp-content\/gallery\/feldis-churwalden-12-10-2014\/thumbs\/thumbs_IMG_1953.jpg\"\n                    width=\"100\"\n                    height=\"75\"\n                    style=\"max-width:100%;\"\n                \/>\n            <\/a>\n        <\/div>\n\t\t\t\t\t\t\t<\/div> \n\t\t\t\n        \n\t\t\t\t<div id=\"ngg-image-12\" class=\"ngg-gallery-thumbnail-box\" >\n\t\t\t\t        <div class=\"ngg-gallery-thumbnail\">\n            <a href=\"https:\/\/www.freimarianne.ch\/wp-content\/gallery\/feldis-churwalden-12-10-2014\/IMG_1955.jpg\"\n               title=\"\"\n               data-src=\"https:\/\/www.freimarianne.ch\/wp-content\/gallery\/feldis-churwalden-12-10-2014\/IMG_1955.jpg\"\n               data-thumbnail=\"https:\/\/www.freimarianne.ch\/wp-content\/gallery\/feldis-churwalden-12-10-2014\/thumbs\/thumbs_IMG_1955.jpg\"\n               data-image-id=\"9673\"\n               data-title=\"IMG_1955\"\n               data-description=\"\"\n               data-image-slug=\"img_1955-1\"\n               class=\"shutterset_7792\">\n                <img\n                    title=\"IMG_1955\"\n                    alt=\"IMG_1955\"\n                    src=\"https:\/\/www.freimarianne.ch\/wp-content\/gallery\/feldis-churwalden-12-10-2014\/thumbs\/thumbs_IMG_1955.jpg\"\n                    width=\"100\"\n                    height=\"75\"\n                    style=\"max-width:100%;\"\n                \/>\n            <\/a>\n        <\/div>\n\t\t\t\t\t\t\t<\/div> \n\t\t\t\n        \n\t\t\t\t<div id=\"ngg-image-13\" class=\"ngg-gallery-thumbnail-box\" >\n\t\t\t\t        <div class=\"ngg-gallery-thumbnail\">\n            <a href=\"https:\/\/www.freimarianne.ch\/wp-content\/gallery\/feldis-churwalden-12-10-2014\/IMG_1967.jpg\"\n               title=\"\"\n               data-src=\"https:\/\/www.freimarianne.ch\/wp-content\/gallery\/feldis-churwalden-12-10-2014\/IMG_1967.jpg\"\n               data-thumbnail=\"https:\/\/www.freimarianne.ch\/wp-content\/gallery\/feldis-churwalden-12-10-2014\/thumbs\/thumbs_IMG_1967.jpg\"\n               data-image-id=\"9674\"\n               data-title=\"IMG_1967\"\n               data-description=\"\"\n               data-image-slug=\"img_1967\"\n               class=\"shutterset_7792\">\n                <img\n                    title=\"IMG_1967\"\n                    alt=\"IMG_1967\"\n                    src=\"https:\/\/www.freimarianne.ch\/wp-content\/gallery\/feldis-churwalden-12-10-2014\/thumbs\/thumbs_IMG_1967.jpg\"\n                    width=\"100\"\n                    height=\"75\"\n                    style=\"max-width:100%;\"\n                \/>\n            <\/a>\n        <\/div>\n\t\t\t\t\t\t\t<\/div> \n\t\t\t\n        \n\t\t\t\t<div id=\"ngg-image-14\" class=\"ngg-gallery-thumbnail-box\" >\n\t\t\t\t        <div class=\"ngg-gallery-thumbnail\">\n            <a href=\"https:\/\/www.freimarianne.ch\/wp-content\/gallery\/feldis-churwalden-12-10-2014\/IMG_1970.jpg\"\n               title=\"\"\n               data-src=\"https:\/\/www.freimarianne.ch\/wp-content\/gallery\/feldis-churwalden-12-10-2014\/IMG_1970.jpg\"\n               data-thumbnail=\"https:\/\/www.freimarianne.ch\/wp-content\/gallery\/feldis-churwalden-12-10-2014\/thumbs\/thumbs_IMG_1970.jpg\"\n               data-image-id=\"9675\"\n               data-title=\"IMG_1970\"\n               data-description=\"\"\n               data-image-slug=\"img_1970\"\n               class=\"shutterset_7792\">\n                <img\n                    title=\"IMG_1970\"\n                    alt=\"IMG_1970\"\n                    src=\"https:\/\/www.freimarianne.ch\/wp-content\/gallery\/feldis-churwalden-12-10-2014\/thumbs\/thumbs_IMG_1970.jpg\"\n                    width=\"100\"\n                    height=\"75\"\n                    style=\"max-width:100%;\"\n                \/>\n            <\/a>\n        <\/div>\n\t\t\t\t\t\t\t<\/div> \n\t\t\t\n        \n\t\t\t\t<div id=\"ngg-image-15\" class=\"ngg-gallery-thumbnail-box\" >\n\t\t\t\t        <div class=\"ngg-gallery-thumbnail\">\n            <a href=\"https:\/\/www.freimarianne.ch\/wp-content\/gallery\/feldis-churwalden-12-10-2014\/IMG_1975.jpg\"\n               title=\"\"\n               data-src=\"https:\/\/www.freimarianne.ch\/wp-content\/gallery\/feldis-churwalden-12-10-2014\/IMG_1975.jpg\"\n               data-thumbnail=\"https:\/\/www.freimarianne.ch\/wp-content\/gallery\/feldis-churwalden-12-10-2014\/thumbs\/thumbs_IMG_1975.jpg\"\n               data-image-id=\"9676\"\n               data-title=\"IMG_1975\"\n               data-description=\"\"\n               data-image-slug=\"img_1975-1\"\n               class=\"shutterset_7792\">\n                <img\n                    title=\"IMG_1975\"\n                    alt=\"IMG_1975\"\n                    src=\"https:\/\/www.freimarianne.ch\/wp-content\/gallery\/feldis-churwalden-12-10-2014\/thumbs\/thumbs_IMG_1975.jpg\"\n                    width=\"100\"\n                    height=\"75\"\n                    style=\"max-width:100%;\"\n                \/>\n            <\/a>\n        <\/div>\n\t\t\t\t\t\t\t<\/div> \n\t\t\t\n        \n\t\t\t\t<div id=\"ngg-image-16\" class=\"ngg-gallery-thumbnail-box\" >\n\t\t\t\t        <div class=\"ngg-gallery-thumbnail\">\n            <a href=\"https:\/\/www.freimarianne.ch\/wp-content\/gallery\/feldis-churwalden-12-10-2014\/IMG_1977.jpg\"\n               title=\"\"\n               data-src=\"https:\/\/www.freimarianne.ch\/wp-content\/gallery\/feldis-churwalden-12-10-2014\/IMG_1977.jpg\"\n               data-thumbnail=\"https:\/\/www.freimarianne.ch\/wp-content\/gallery\/feldis-churwalden-12-10-2014\/thumbs\/thumbs_IMG_1977.jpg\"\n               data-image-id=\"9677\"\n               data-title=\"IMG_1977\"\n               data-description=\"\"\n               data-image-slug=\"img_1977-1\"\n               class=\"shutterset_7792\">\n                <img\n                    title=\"IMG_1977\"\n                    alt=\"IMG_1977\"\n                    src=\"https:\/\/www.freimarianne.ch\/wp-content\/gallery\/feldis-churwalden-12-10-2014\/thumbs\/thumbs_IMG_1977.jpg\"\n                    width=\"100\"\n                    height=\"75\"\n                    style=\"max-width:100%;\"\n                \/>\n            <\/a>\n        <\/div>\n\t\t\t\t\t\t\t<\/div> \n\t\t\t\n        \n\t\t\t\t<div id=\"ngg-image-17\" class=\"ngg-gallery-thumbnail-box\" >\n\t\t\t\t        <div class=\"ngg-gallery-thumbnail\">\n            <a href=\"https:\/\/www.freimarianne.ch\/wp-content\/gallery\/feldis-churwalden-12-10-2014\/IMG_1985.jpg\"\n               title=\"\"\n               data-src=\"https:\/\/www.freimarianne.ch\/wp-content\/gallery\/feldis-churwalden-12-10-2014\/IMG_1985.jpg\"\n               data-thumbnail=\"https:\/\/www.freimarianne.ch\/wp-content\/gallery\/feldis-churwalden-12-10-2014\/thumbs\/thumbs_IMG_1985.jpg\"\n               data-image-id=\"9678\"\n               data-title=\"IMG_1985\"\n               data-description=\"\"\n               data-image-slug=\"img_1985-3\"\n               class=\"shutterset_7792\">\n                <img\n                    title=\"IMG_1985\"\n                    alt=\"IMG_1985\"\n                    src=\"https:\/\/www.freimarianne.ch\/wp-content\/gallery\/feldis-churwalden-12-10-2014\/thumbs\/thumbs_IMG_1985.jpg\"\n                    width=\"100\"\n                    height=\"75\"\n                    style=\"max-width:100%;\"\n                \/>\n            <\/a>\n        <\/div>\n\t\t\t\t\t\t\t<\/div> \n\t\t\t\n        \n\t\t\n\t\t<!-- Pagination -->\n\t<div class='ngg-clear'><\/div>\t<\/div>\n<\/p>\n","protected":false},"excerpt":{"rendered":"<p>Bergwanderung von Feldis \u00fcber die Alp dil Plaun hinunter nach Pargitsch &#8211; Chloster bei Churwalden Wir kommen um 10.17 h in Feldis 1480m und m\u00fcssen uns gleich einmal warm anziehen, denn draussen bl\u00e4st ein kalter Wind. Um 10.30 wandern wir durch das Dorf Feldis mit dem sch\u00f6nen Dorfplatz und folgen dem Wegweiser Alp dil Plaun [&hellip;]<\/p>\n","protected":false},"author":1,"featured_media":0,"parent":6625,"menu_order":16,"comment_status":"closed","ping_status":"closed","template":"","meta":{"ngg_post_thumbnail":0},"_links":{"self":[{"href":"https:\/\/www.freimarianne.ch\/index.php?rest_route=\/wp\/v2\/pages\/7644"}],"collection":[{"href":"https:\/\/www.freimarianne.ch\/index.php?rest_route=\/wp\/v2\/pages"}],"about":[{"href":"https:\/\/www.freimarianne.ch\/index.php?rest_route=\/wp\/v2\/types\/page"}],"author":[{"embeddable":true,"href":"https:\/\/www.freimarianne.ch\/index.php?rest_route=\/wp\/v2\/users\/1"}],"replies":[{"embeddable":true,"href":"https:\/\/www.freimarianne.ch\/index.php?rest_route=%2Fwp%2Fv2%2Fcomments&post=7644"}],"version-history":[{"count":6,"href":"https:\/\/www.freimarianne.ch\/index.php?rest_route=\/wp\/v2\/pages\/7644\/revisions"}],"predecessor-version":[{"id":7793,"href":"https:\/\/www.freimarianne.ch\/index.php?rest_route=\/wp\/v2\/pages\/7644\/revisions\/7793"}],"up":[{"embeddable":true,"href":"https:\/\/www.freimarianne.ch\/index.php?rest_route=\/wp\/v2\/pages\/6625"}],"wp:attachment":[{"href":"https:\/\/www.freimarianne.ch\/index.php?rest_route=%2Fwp%2Fv2%2Fmedia&parent=7644"}],"curies":[{"name":"wp","href":"https:\/\/api.w.org\/{rel}","templated":true}]}}