{"id":8375,"date":"2014-11-30T11:54:23","date_gmt":"2014-11-30T10:54:23","guid":{"rendered":"http:\/\/www.freimarianne.ch\/?page_id=8375"},"modified":"2014-12-05T15:11:56","modified_gmt":"2014-12-05T14:11:56","slug":"tweralpspitz-sg-27-11-2014","status":"publish","type":"page","link":"https:\/\/www.freimarianne.ch\/?page_id=8375","title":{"rendered":"Tweralpspitz, SG  27.11.2014"},"content":{"rendered":"<p><strong>Herbstwanderung im St. Gallerland<\/strong><br \/>\n<img loading=\"lazy\" class=\"aligncenter size-full wp-image-8372\" src=\"http:\/\/www.freimarianne.ch\/wp-content\/uploads\/2014\/11\/IMG_6715_tweralpspit_500.jpg\" alt=\"IMG_6715_tweralpspit_500\" width=\"500\" height=\"375\" srcset=\"https:\/\/www.freimarianne.ch\/wp-content\/uploads\/2014\/11\/IMG_6715_tweralpspit_500.jpg 500w, https:\/\/www.freimarianne.ch\/wp-content\/uploads\/2014\/11\/IMG_6715_tweralpspit_500-300x225.jpg 300w, https:\/\/www.freimarianne.ch\/wp-content\/uploads\/2014\/11\/IMG_6715_tweralpspit_500-400x300.jpg 400w\" sizes=\"(max-width: 500px) 100vw, 500px\" \/><br \/>\nUm 10.00 Wattwil.<br \/>\n10.15h Abmarsch in Wattwil.<br \/>\nVon Wattwil auf Wanderweg hinauf zu Schlosswis 731m und weiter \u00fcber in Laad 940m steil hinauf auf\u00a0 Hin. Eggli 1203m. Hier halten wir unsere erste Rast. Dann geht es weiter \u00fcber einen sehr schmalen Glattweg zur Unt. Tweralp 1234m. Wieder m\u00fcssen wir steil hinaufgehen und kommen dann in einem Bogen zur Ob. Tweralp 1249m. Von dort gibt es nochmals einige H\u00f6henmeter bis hinauf zur Tweralpspitz 1324m zu \u00fcberwinden. Hier halten wir unsere kurze Mittagsrast. Wir sind recht verschwitzt vom Anstieg und frieren bald. Also machen wir uns wieder auf den Gratweg zum Hind. Rotstein 1269m. Nun gehr es abw\u00e4rts zum Vord. Rotstein 1220m und dann wieder hinauf zur Schwammegg 1282m. Ab hier geht es hinunter zur Bergstation Atzm\u00e4nnig 1174m. Beim Restaurant gelingen uns einige Panoramafotos und ein Gruppenbild.<br \/>\nAnstatt direkt \u00fcber die Skipiste hinunterzugehen h\u00e4tten wir es einfacher gehabt, wenn wir bis zur Brustenegg gelaufen w\u00e4ren, um dann hinunter nach Schutt Atzm\u00e4nnig 824m zu kommen. Hier m\u00fcssen wir eine halbe Stunde auf den Bus warten, der uns nach Eschenbach bringt.<br \/>\nDiese Wanderung k\u00f6nnte man im Fr\u00fchling an einem Tag mit Fernsicht machen, denn das Panorama ist eindr\u00fccklich. Es erstreckt sich vom S\u00e4ntis bis zum Pilatus.<\/p>\n<p>Laut Swissmap:<br \/>\nDistanz: 11.0km; Aufstieg: 950m; Abstieg: 744m; Marschzeit: 4.22h<\/p>\n<p><!-- index.php -->\n<div\n\tclass=\"ngg-galleryoverview ngg-ajax-pagination-none\"\n\tid=\"ngg-gallery-8438-1\">\n\n    \t<div class=\"slideshowlink\">\n        <a href='https:\/\/www.freimarianne.ch\/index.php\/nggallery\/slideshow?page_id=8375'>[Show as slideshow]<\/a>\n\t\t\n\t<\/div>\n\t\t\t<!-- Thumbnails -->\n\t\t\t\t<div id=\"ngg-image-0\" class=\"ngg-gallery-thumbnail-box\" >\n\t\t\t\t        <div class=\"ngg-gallery-thumbnail\">\n            <a href=\"https:\/\/www.freimarianne.ch\/wp-content\/gallery\/tweralpspitz-27-11-14\/IMG_6695.jpg\"\n               title=\"\"\n               data-src=\"https:\/\/www.freimarianne.ch\/wp-content\/gallery\/tweralpspitz-27-11-14\/IMG_6695.jpg\"\n               data-thumbnail=\"https:\/\/www.freimarianne.ch\/wp-content\/gallery\/tweralpspitz-27-11-14\/thumbs\/thumbs_IMG_6695.jpg\"\n               data-image-id=\"9918\"\n               data-title=\"IMG_6695\"\n               data-description=\"\"\n               data-image-slug=\"img_6695\"\n               class=\"shutterset_8438\">\n                <img\n                    title=\"IMG_6695\"\n                    alt=\"IMG_6695\"\n                    src=\"https:\/\/www.freimarianne.ch\/wp-content\/gallery\/tweralpspitz-27-11-14\/thumbs\/thumbs_IMG_6695.jpg\"\n                    width=\"100\"\n                    height=\"75\"\n                    style=\"max-width:100%;\"\n                \/>\n            <\/a>\n        <\/div>\n\t\t\t\t\t\t\t<\/div> \n\t\t\t\n        \n\t\t\t\t<div id=\"ngg-image-1\" class=\"ngg-gallery-thumbnail-box\" >\n\t\t\t\t        <div class=\"ngg-gallery-thumbnail\">\n            <a href=\"https:\/\/www.freimarianne.ch\/wp-content\/gallery\/tweralpspitz-27-11-14\/IMG_6697.jpg\"\n               title=\"\"\n               data-src=\"https:\/\/www.freimarianne.ch\/wp-content\/gallery\/tweralpspitz-27-11-14\/IMG_6697.jpg\"\n               data-thumbnail=\"https:\/\/www.freimarianne.ch\/wp-content\/gallery\/tweralpspitz-27-11-14\/thumbs\/thumbs_IMG_6697.jpg\"\n               data-image-id=\"9919\"\n               data-title=\"IMG_6697\"\n               data-description=\"\"\n               data-image-slug=\"img_6697-1\"\n               class=\"shutterset_8438\">\n                <img\n                    title=\"IMG_6697\"\n                    alt=\"IMG_6697\"\n                    src=\"https:\/\/www.freimarianne.ch\/wp-content\/gallery\/tweralpspitz-27-11-14\/thumbs\/thumbs_IMG_6697.jpg\"\n                    width=\"100\"\n                    height=\"75\"\n                    style=\"max-width:100%;\"\n                \/>\n            <\/a>\n        <\/div>\n\t\t\t\t\t\t\t<\/div> \n\t\t\t\n        \n\t\t\t\t<div id=\"ngg-image-2\" class=\"ngg-gallery-thumbnail-box\" >\n\t\t\t\t        <div class=\"ngg-gallery-thumbnail\">\n            <a href=\"https:\/\/www.freimarianne.ch\/wp-content\/gallery\/tweralpspitz-27-11-14\/IMG_6701.jpg\"\n               title=\"\"\n               data-src=\"https:\/\/www.freimarianne.ch\/wp-content\/gallery\/tweralpspitz-27-11-14\/IMG_6701.jpg\"\n               data-thumbnail=\"https:\/\/www.freimarianne.ch\/wp-content\/gallery\/tweralpspitz-27-11-14\/thumbs\/thumbs_IMG_6701.jpg\"\n               data-image-id=\"9920\"\n               data-title=\"IMG_6701\"\n               data-description=\"\"\n               data-image-slug=\"img_6701\"\n               class=\"shutterset_8438\">\n                <img\n                    title=\"IMG_6701\"\n                    alt=\"IMG_6701\"\n                    src=\"https:\/\/www.freimarianne.ch\/wp-content\/gallery\/tweralpspitz-27-11-14\/thumbs\/thumbs_IMG_6701.jpg\"\n                    width=\"100\"\n                    height=\"75\"\n                    style=\"max-width:100%;\"\n                \/>\n            <\/a>\n        <\/div>\n\t\t\t\t\t\t\t<\/div> \n\t\t\t\n        \n\t\t\t\t<div id=\"ngg-image-3\" class=\"ngg-gallery-thumbnail-box\" >\n\t\t\t\t        <div class=\"ngg-gallery-thumbnail\">\n            <a href=\"https:\/\/www.freimarianne.ch\/wp-content\/gallery\/tweralpspitz-27-11-14\/IMG_6702.jpg\"\n               title=\"\"\n               data-src=\"https:\/\/www.freimarianne.ch\/wp-content\/gallery\/tweralpspitz-27-11-14\/IMG_6702.jpg\"\n               data-thumbnail=\"https:\/\/www.freimarianne.ch\/wp-content\/gallery\/tweralpspitz-27-11-14\/thumbs\/thumbs_IMG_6702.jpg\"\n               data-image-id=\"9921\"\n               data-title=\"IMG_6702\"\n               data-description=\"\"\n               data-image-slug=\"img_6702-4\"\n               class=\"shutterset_8438\">\n                <img\n                    title=\"IMG_6702\"\n                    alt=\"IMG_6702\"\n                    src=\"https:\/\/www.freimarianne.ch\/wp-content\/gallery\/tweralpspitz-27-11-14\/thumbs\/thumbs_IMG_6702.jpg\"\n                    width=\"100\"\n                    height=\"75\"\n                    style=\"max-width:100%;\"\n                \/>\n            <\/a>\n        <\/div>\n\t\t\t\t\t\t\t<\/div> \n\t\t\t\n        \n\t\t\t\t<div id=\"ngg-image-4\" class=\"ngg-gallery-thumbnail-box\" >\n\t\t\t\t        <div class=\"ngg-gallery-thumbnail\">\n            <a href=\"https:\/\/www.freimarianne.ch\/wp-content\/gallery\/tweralpspitz-27-11-14\/IMG_6714.jpg\"\n               title=\"\"\n               data-src=\"https:\/\/www.freimarianne.ch\/wp-content\/gallery\/tweralpspitz-27-11-14\/IMG_6714.jpg\"\n               data-thumbnail=\"https:\/\/www.freimarianne.ch\/wp-content\/gallery\/tweralpspitz-27-11-14\/thumbs\/thumbs_IMG_6714.jpg\"\n               data-image-id=\"9922\"\n               data-title=\"IMG_6714\"\n               data-description=\"\"\n               data-image-slug=\"img_6714-1\"\n               class=\"shutterset_8438\">\n                <img\n                    title=\"IMG_6714\"\n                    alt=\"IMG_6714\"\n                    src=\"https:\/\/www.freimarianne.ch\/wp-content\/gallery\/tweralpspitz-27-11-14\/thumbs\/thumbs_IMG_6714.jpg\"\n                    width=\"100\"\n                    height=\"75\"\n                    style=\"max-width:100%;\"\n                \/>\n            <\/a>\n        <\/div>\n\t\t\t\t\t\t\t<\/div> \n\t\t\t\n        \n\t\t\t\t<div id=\"ngg-image-5\" class=\"ngg-gallery-thumbnail-box\" >\n\t\t\t\t        <div class=\"ngg-gallery-thumbnail\">\n            <a href=\"https:\/\/www.freimarianne.ch\/wp-content\/gallery\/tweralpspitz-27-11-14\/IMG_6728.jpg\"\n               title=\"\"\n               data-src=\"https:\/\/www.freimarianne.ch\/wp-content\/gallery\/tweralpspitz-27-11-14\/IMG_6728.jpg\"\n               data-thumbnail=\"https:\/\/www.freimarianne.ch\/wp-content\/gallery\/tweralpspitz-27-11-14\/thumbs\/thumbs_IMG_6728.jpg\"\n               data-image-id=\"9923\"\n               data-title=\"IMG_6728\"\n               data-description=\"\"\n               data-image-slug=\"img_6728-1\"\n               class=\"shutterset_8438\">\n                <img\n                    title=\"IMG_6728\"\n                    alt=\"IMG_6728\"\n                    src=\"https:\/\/www.freimarianne.ch\/wp-content\/gallery\/tweralpspitz-27-11-14\/thumbs\/thumbs_IMG_6728.jpg\"\n                    width=\"100\"\n                    height=\"75\"\n                    style=\"max-width:100%;\"\n                \/>\n            <\/a>\n        <\/div>\n\t\t\t\t\t\t\t<\/div> \n\t\t\t\n        \n\t\t\t\t<div id=\"ngg-image-6\" class=\"ngg-gallery-thumbnail-box\" >\n\t\t\t\t        <div class=\"ngg-gallery-thumbnail\">\n            <a href=\"https:\/\/www.freimarianne.ch\/wp-content\/gallery\/tweralpspitz-27-11-14\/IMG_6738.jpg\"\n               title=\"\"\n               data-src=\"https:\/\/www.freimarianne.ch\/wp-content\/gallery\/tweralpspitz-27-11-14\/IMG_6738.jpg\"\n               data-thumbnail=\"https:\/\/www.freimarianne.ch\/wp-content\/gallery\/tweralpspitz-27-11-14\/thumbs\/thumbs_IMG_6738.jpg\"\n               data-image-id=\"9924\"\n               data-title=\"IMG_6738\"\n               data-description=\"\"\n               data-image-slug=\"img_6738-3\"\n               class=\"shutterset_8438\">\n                <img\n                    title=\"IMG_6738\"\n                    alt=\"IMG_6738\"\n                    src=\"https:\/\/www.freimarianne.ch\/wp-content\/gallery\/tweralpspitz-27-11-14\/thumbs\/thumbs_IMG_6738.jpg\"\n                    width=\"100\"\n                    height=\"75\"\n                    style=\"max-width:100%;\"\n                \/>\n            <\/a>\n        <\/div>\n\t\t\t\t\t\t\t<\/div> \n\t\t\t\n        \n\t\t\t\t<div id=\"ngg-image-7\" class=\"ngg-gallery-thumbnail-box\" >\n\t\t\t\t        <div class=\"ngg-gallery-thumbnail\">\n            <a href=\"https:\/\/www.freimarianne.ch\/wp-content\/gallery\/tweralpspitz-27-11-14\/IMG_6741.jpg\"\n               title=\"\"\n               data-src=\"https:\/\/www.freimarianne.ch\/wp-content\/gallery\/tweralpspitz-27-11-14\/IMG_6741.jpg\"\n               data-thumbnail=\"https:\/\/www.freimarianne.ch\/wp-content\/gallery\/tweralpspitz-27-11-14\/thumbs\/thumbs_IMG_6741.jpg\"\n               data-image-id=\"9925\"\n               data-title=\"IMG_6741\"\n               data-description=\"\"\n               data-image-slug=\"img_6741\"\n               class=\"shutterset_8438\">\n                <img\n                    title=\"IMG_6741\"\n                    alt=\"IMG_6741\"\n                    src=\"https:\/\/www.freimarianne.ch\/wp-content\/gallery\/tweralpspitz-27-11-14\/thumbs\/thumbs_IMG_6741.jpg\"\n                    width=\"100\"\n                    height=\"75\"\n                    style=\"max-width:100%;\"\n                \/>\n            <\/a>\n        <\/div>\n\t\t\t\t\t\t\t<\/div> \n\t\t\t\n        \n\t\t\t\t<div id=\"ngg-image-8\" class=\"ngg-gallery-thumbnail-box\" >\n\t\t\t\t        <div class=\"ngg-gallery-thumbnail\">\n            <a href=\"https:\/\/www.freimarianne.ch\/wp-content\/gallery\/tweralpspitz-27-11-14\/IMG_6748.jpg\"\n               title=\"\"\n               data-src=\"https:\/\/www.freimarianne.ch\/wp-content\/gallery\/tweralpspitz-27-11-14\/IMG_6748.jpg\"\n               data-thumbnail=\"https:\/\/www.freimarianne.ch\/wp-content\/gallery\/tweralpspitz-27-11-14\/thumbs\/thumbs_IMG_6748.jpg\"\n               data-image-id=\"9926\"\n               data-title=\"IMG_6748\"\n               data-description=\"\"\n               data-image-slug=\"img_6748-4\"\n               class=\"shutterset_8438\">\n                <img\n                    title=\"IMG_6748\"\n                    alt=\"IMG_6748\"\n                    src=\"https:\/\/www.freimarianne.ch\/wp-content\/gallery\/tweralpspitz-27-11-14\/thumbs\/thumbs_IMG_6748.jpg\"\n                    width=\"100\"\n                    height=\"75\"\n                    style=\"max-width:100%;\"\n                \/>\n            <\/a>\n        <\/div>\n\t\t\t\t\t\t\t<\/div> \n\t\t\t\n        \n\t\t\n\t\t<!-- Pagination -->\n\t<div class='ngg-clear'><\/div>\t<\/div>\n<\/p>\n","protected":false},"excerpt":{"rendered":"<p>Herbstwanderung im St. Gallerland Um 10.00 Wattwil. 10.15h Abmarsch in Wattwil. Von Wattwil auf Wanderweg hinauf zu Schlosswis 731m und weiter \u00fcber in Laad 940m steil hinauf auf\u00a0 Hin. Eggli 1203m. Hier halten wir unsere erste Rast. Dann geht es weiter \u00fcber einen sehr schmalen Glattweg zur Unt. Tweralp 1234m. Wieder m\u00fcssen wir steil hinaufgehen [&hellip;]<\/p>\n","protected":false},"author":1,"featured_media":0,"parent":6625,"menu_order":29,"comment_status":"closed","ping_status":"closed","template":"","meta":{"ngg_post_thumbnail":0},"_links":{"self":[{"href":"https:\/\/www.freimarianne.ch\/index.php?rest_route=\/wp\/v2\/pages\/8375"}],"collection":[{"href":"https:\/\/www.freimarianne.ch\/index.php?rest_route=\/wp\/v2\/pages"}],"about":[{"href":"https:\/\/www.freimarianne.ch\/index.php?rest_route=\/wp\/v2\/types\/page"}],"author":[{"embeddable":true,"href":"https:\/\/www.freimarianne.ch\/index.php?rest_route=\/wp\/v2\/users\/1"}],"replies":[{"embeddable":true,"href":"https:\/\/www.freimarianne.ch\/index.php?rest_route=%2Fwp%2Fv2%2Fcomments&post=8375"}],"version-history":[{"count":5,"href":"https:\/\/www.freimarianne.ch\/index.php?rest_route=\/wp\/v2\/pages\/8375\/revisions"}],"predecessor-version":[{"id":8441,"href":"https:\/\/www.freimarianne.ch\/index.php?rest_route=\/wp\/v2\/pages\/8375\/revisions\/8441"}],"up":[{"embeddable":true,"href":"https:\/\/www.freimarianne.ch\/index.php?rest_route=\/wp\/v2\/pages\/6625"}],"wp:attachment":[{"href":"https:\/\/www.freimarianne.ch\/index.php?rest_route=%2Fwp%2Fv2%2Fmedia&parent=8375"}],"curies":[{"name":"wp","href":"https:\/\/api.w.org\/{rel}","templated":true}]}}