{"id":8542,"date":"2014-12-22T10:55:16","date_gmt":"2014-12-22T09:55:16","guid":{"rendered":"http:\/\/www.freimarianne.ch\/?page_id=8542"},"modified":"2014-12-26T15:26:08","modified_gmt":"2014-12-26T14:26:08","slug":"moosalp-stand-vs-20-12-2014","status":"publish","type":"page","link":"https:\/\/www.freimarianne.ch\/?page_id=8542","title":{"rendered":"Moosalp &#8211; Stand, VS 20.12.2014"},"content":{"rendered":"<p><strong>Winterwanderung von\u00a0 B\u00fcrchen auf den Stand, Moosalp<\/strong><\/p>\n<p><img loading=\"lazy\" class=\"aligncenter size-full wp-image-8549\" src=\"http:\/\/www.freimarianne.ch\/wp-content\/uploads\/2014\/12\/IMG_6976_moosalp_500.jpg\" alt=\"IMG_6976_moosalp_500\" width=\"500\" height=\"375\" srcset=\"https:\/\/www.freimarianne.ch\/wp-content\/uploads\/2014\/12\/IMG_6976_moosalp_500.jpg 500w, https:\/\/www.freimarianne.ch\/wp-content\/uploads\/2014\/12\/IMG_6976_moosalp_500-300x225.jpg 300w, https:\/\/www.freimarianne.ch\/wp-content\/uploads\/2014\/12\/IMG_6976_moosalp_500-400x300.jpg 400w\" sizes=\"(max-width: 500px) 100vw, 500px\" \/><\/p>\n<p>Ich beginne die Wanderung kurz vor 11h in B\u00fcrchen, wo ich den Wanderweg hinauf\u00a0 zur\u00a0 Teiffi Matte nehme.<br \/>\nEs hat wenig gefrorenen Schnee auf dem Pfad und der Gebrauch der\u00a0 St\u00f6cke\u00a0 ist angesagt!<br \/>\nSteil durch den Wald hinauf\u00a0 folge ich den Spuren.\u00a0 Diese h\u00f6ren dann\u00a0 aber auf und ich orientiere mich am Trassee des Wanderweges. Pl\u00f6tzlich finde ich den Weg nicht mehr aber ich weiss, dass ich oben auf die Strasse komme, was dann auch so ist. Ich treffe auf die\u00a0 Picknickstelle, wo wir auch schon waren. Der Versuch, weiter auf dem Wanderweg zu gehen, scheitert wegen dem tiefen Schnee. Ohne Schneeschuhe\u00a0 geht das nicht und ich wate durch den tiefen Schnee\u00a0 hin\u00fcber auf die Strasse, die mich in Kurven auf die B\u00fccheneralp\u00a0 bringt. Hier ist der Einstieg zum Wanderweg, der quer durch den Wald f\u00fchrt. Hier finde ich \u00fcberschneite Wegpuren. Eigentlich w\u00e4re ich dann gerne auf einem nicht markierten Weg\u00a0\u00a0 hinauf zum Stand gegangen, was mir doch etwas riskant ist, denn ist alles tief verschneit. So folge ich dem Weg hin\u00fcber zur Breitmatt 1993m, von wo es eine pr\u00e4chtige Aussicht gibt hinein ins Saasertal, auf den Balfrin und die Mischabelgruppe.<br \/>\nBei der H\u00fctte halte ich eine kurze versp\u00e4tete Mittagsrast im Sonnenschein\u00a0 und geniesse die wunderbare\u00a0 Winterstimmung.<br \/>\nIch nehme dann den unteren Wanderweg zur Moosalp\u00a0 \u00fcber Trichelbodu , auf welchem der Schnee etwas weniger hoch ist. Bei der Abzweigung zum Stand gehe ich in ebendiese Richtung &#8211; m\u00f6chte ich doch den Stand 2119m\u00a0 einmal im Winter erleben. Oben\u00a0 bl\u00e4st ein kalter Wind und ich mache bald kehrt, um zur Moosalp zu wandern, was auch etwas Zeit braucht. Die Moosalp liegt\u00a0 kurz vor 15 h schon im Schatten.<br \/>\nNun habe ich noch 1. 30 h um hinunter nach B\u00fcrchen zu gehen, wozu ich diesmal die Strasse ausw\u00e4hle.\u00a0 Zuf\u00e4llig ergibt es sich, dass ich mit dem Alpuschnagger hinunterfahren kann und so reicht es noch zuvor zu einem Kaffee im Restaurant, wo ich mich etwas trocknen kann, denn ich bin durch den tiefen Schnee arg nass geworden.\u00a0 So erreiche ich noch den\u00a0 Zug um 16.57 h in Visp.<br \/>\nDie Abendstimmung mit den Walliseralpen war\u00a0 wundersch\u00f6n!<\/p>\n<p>Laut Swissmap:<br \/>\nDistanz: 9.76km; Aufstieg: 730m; Abstieg: 269m; Marschzeit: 3.20 h<br \/>\nIch war von 10.45 bis 15.45 h unterwegs mit nur einer kurzen Pause. Das Gehen im Schnee brauchte viel Zeit!<\/p>\n<p><!-- index.php -->\n<div\n\tclass=\"ngg-galleryoverview ngg-ajax-pagination-none\"\n\tid=\"ngg-gallery-8611-1\">\n\n    \t<div class=\"slideshowlink\">\n        <a href='https:\/\/www.freimarianne.ch\/index.php\/nggallery\/slideshow?page_id=8542'>[Show as slideshow]<\/a>\n\t\t\n\t<\/div>\n\t\t\t<!-- Thumbnails -->\n\t\t\t\t<div id=\"ngg-image-0\" class=\"ngg-gallery-thumbnail-box\" >\n\t\t\t\t        <div class=\"ngg-gallery-thumbnail\">\n            <a href=\"https:\/\/www.freimarianne.ch\/wp-content\/gallery\/moosalp-20-12-2014\/IMG_6936.jpg\"\n               title=\"\"\n               data-src=\"https:\/\/www.freimarianne.ch\/wp-content\/gallery\/moosalp-20-12-2014\/IMG_6936.jpg\"\n               data-thumbnail=\"https:\/\/www.freimarianne.ch\/wp-content\/gallery\/moosalp-20-12-2014\/thumbs\/thumbs_IMG_6936.jpg\"\n               data-image-id=\"9954\"\n               data-title=\"IMG_6936\"\n               data-description=\"\"\n               data-image-slug=\"img_6936-1\"\n               class=\"shutterset_8611\">\n                <img\n                    title=\"IMG_6936\"\n                    alt=\"IMG_6936\"\n                    src=\"https:\/\/www.freimarianne.ch\/wp-content\/gallery\/moosalp-20-12-2014\/thumbs\/thumbs_IMG_6936.jpg\"\n                    width=\"100\"\n                    height=\"75\"\n                    style=\"max-width:100%;\"\n                \/>\n            <\/a>\n        <\/div>\n\t\t\t\t\t\t\t<\/div> \n\t\t\t\n        \n\t\t\t\t<div id=\"ngg-image-1\" class=\"ngg-gallery-thumbnail-box\" >\n\t\t\t\t        <div class=\"ngg-gallery-thumbnail\">\n            <a href=\"https:\/\/www.freimarianne.ch\/wp-content\/gallery\/moosalp-20-12-2014\/IMG_6942.jpg\"\n               title=\"\"\n               data-src=\"https:\/\/www.freimarianne.ch\/wp-content\/gallery\/moosalp-20-12-2014\/IMG_6942.jpg\"\n               data-thumbnail=\"https:\/\/www.freimarianne.ch\/wp-content\/gallery\/moosalp-20-12-2014\/thumbs\/thumbs_IMG_6942.jpg\"\n               data-image-id=\"9955\"\n               data-title=\"IMG_6942\"\n               data-description=\"\"\n               data-image-slug=\"img_6942-1\"\n               class=\"shutterset_8611\">\n                <img\n                    title=\"IMG_6942\"\n                    alt=\"IMG_6942\"\n                    src=\"https:\/\/www.freimarianne.ch\/wp-content\/gallery\/moosalp-20-12-2014\/thumbs\/thumbs_IMG_6942.jpg\"\n                    width=\"100\"\n                    height=\"75\"\n                    style=\"max-width:100%;\"\n                \/>\n            <\/a>\n        <\/div>\n\t\t\t\t\t\t\t<\/div> \n\t\t\t\n        \n\t\t\t\t<div id=\"ngg-image-2\" class=\"ngg-gallery-thumbnail-box\" >\n\t\t\t\t        <div class=\"ngg-gallery-thumbnail\">\n            <a href=\"https:\/\/www.freimarianne.ch\/wp-content\/gallery\/moosalp-20-12-2014\/IMG_6950.jpg\"\n               title=\"\"\n               data-src=\"https:\/\/www.freimarianne.ch\/wp-content\/gallery\/moosalp-20-12-2014\/IMG_6950.jpg\"\n               data-thumbnail=\"https:\/\/www.freimarianne.ch\/wp-content\/gallery\/moosalp-20-12-2014\/thumbs\/thumbs_IMG_6950.jpg\"\n               data-image-id=\"9956\"\n               data-title=\"IMG_6950\"\n               data-description=\"\"\n               data-image-slug=\"img_6950\"\n               class=\"shutterset_8611\">\n                <img\n                    title=\"IMG_6950\"\n                    alt=\"IMG_6950\"\n                    src=\"https:\/\/www.freimarianne.ch\/wp-content\/gallery\/moosalp-20-12-2014\/thumbs\/thumbs_IMG_6950.jpg\"\n                    width=\"100\"\n                    height=\"75\"\n                    style=\"max-width:100%;\"\n                \/>\n            <\/a>\n        <\/div>\n\t\t\t\t\t\t\t<\/div> \n\t\t\t\n        \n\t\t\t\t<div id=\"ngg-image-3\" class=\"ngg-gallery-thumbnail-box\" >\n\t\t\t\t        <div class=\"ngg-gallery-thumbnail\">\n            <a href=\"https:\/\/www.freimarianne.ch\/wp-content\/gallery\/moosalp-20-12-2014\/IMG_6951.jpg\"\n               title=\"\"\n               data-src=\"https:\/\/www.freimarianne.ch\/wp-content\/gallery\/moosalp-20-12-2014\/IMG_6951.jpg\"\n               data-thumbnail=\"https:\/\/www.freimarianne.ch\/wp-content\/gallery\/moosalp-20-12-2014\/thumbs\/thumbs_IMG_6951.jpg\"\n               data-image-id=\"9957\"\n               data-title=\"IMG_6951\"\n               data-description=\"\"\n               data-image-slug=\"img_6951\"\n               class=\"shutterset_8611\">\n                <img\n                    title=\"IMG_6951\"\n                    alt=\"IMG_6951\"\n                    src=\"https:\/\/www.freimarianne.ch\/wp-content\/gallery\/moosalp-20-12-2014\/thumbs\/thumbs_IMG_6951.jpg\"\n                    width=\"100\"\n                    height=\"75\"\n                    style=\"max-width:100%;\"\n                \/>\n            <\/a>\n        <\/div>\n\t\t\t\t\t\t\t<\/div> \n\t\t\t\n        \n\t\t\t\t<div id=\"ngg-image-4\" class=\"ngg-gallery-thumbnail-box\" >\n\t\t\t\t        <div class=\"ngg-gallery-thumbnail\">\n            <a href=\"https:\/\/www.freimarianne.ch\/wp-content\/gallery\/moosalp-20-12-2014\/IMG_6963.jpg\"\n               title=\"\"\n               data-src=\"https:\/\/www.freimarianne.ch\/wp-content\/gallery\/moosalp-20-12-2014\/IMG_6963.jpg\"\n               data-thumbnail=\"https:\/\/www.freimarianne.ch\/wp-content\/gallery\/moosalp-20-12-2014\/thumbs\/thumbs_IMG_6963.jpg\"\n               data-image-id=\"9958\"\n               data-title=\"IMG_6963\"\n               data-description=\"\"\n               data-image-slug=\"img_6963-3\"\n               class=\"shutterset_8611\">\n                <img\n                    title=\"IMG_6963\"\n                    alt=\"IMG_6963\"\n                    src=\"https:\/\/www.freimarianne.ch\/wp-content\/gallery\/moosalp-20-12-2014\/thumbs\/thumbs_IMG_6963.jpg\"\n                    width=\"100\"\n                    height=\"75\"\n                    style=\"max-width:100%;\"\n                \/>\n            <\/a>\n        <\/div>\n\t\t\t\t\t\t\t<\/div> \n\t\t\t\n        \n\t\t\t\t<div id=\"ngg-image-5\" class=\"ngg-gallery-thumbnail-box\" >\n\t\t\t\t        <div class=\"ngg-gallery-thumbnail\">\n            <a href=\"https:\/\/www.freimarianne.ch\/wp-content\/gallery\/moosalp-20-12-2014\/IMG_6968.jpg\"\n               title=\"\"\n               data-src=\"https:\/\/www.freimarianne.ch\/wp-content\/gallery\/moosalp-20-12-2014\/IMG_6968.jpg\"\n               data-thumbnail=\"https:\/\/www.freimarianne.ch\/wp-content\/gallery\/moosalp-20-12-2014\/thumbs\/thumbs_IMG_6968.jpg\"\n               data-image-id=\"9959\"\n               data-title=\"IMG_6968\"\n               data-description=\"\"\n               data-image-slug=\"img_6968-1\"\n               class=\"shutterset_8611\">\n                <img\n                    title=\"IMG_6968\"\n                    alt=\"IMG_6968\"\n                    src=\"https:\/\/www.freimarianne.ch\/wp-content\/gallery\/moosalp-20-12-2014\/thumbs\/thumbs_IMG_6968.jpg\"\n                    width=\"100\"\n                    height=\"75\"\n                    style=\"max-width:100%;\"\n                \/>\n            <\/a>\n        <\/div>\n\t\t\t\t\t\t\t<\/div> \n\t\t\t\n        \n\t\t\t\t<div id=\"ngg-image-6\" class=\"ngg-gallery-thumbnail-box\" >\n\t\t\t\t        <div class=\"ngg-gallery-thumbnail\">\n            <a href=\"https:\/\/www.freimarianne.ch\/wp-content\/gallery\/moosalp-20-12-2014\/IMG_6976.jpg\"\n               title=\"\"\n               data-src=\"https:\/\/www.freimarianne.ch\/wp-content\/gallery\/moosalp-20-12-2014\/IMG_6976.jpg\"\n               data-thumbnail=\"https:\/\/www.freimarianne.ch\/wp-content\/gallery\/moosalp-20-12-2014\/thumbs\/thumbs_IMG_6976.jpg\"\n               data-image-id=\"9960\"\n               data-title=\"IMG_6976\"\n               data-description=\"\"\n               data-image-slug=\"img_6976-1\"\n               class=\"shutterset_8611\">\n                <img\n                    title=\"IMG_6976\"\n                    alt=\"IMG_6976\"\n                    src=\"https:\/\/www.freimarianne.ch\/wp-content\/gallery\/moosalp-20-12-2014\/thumbs\/thumbs_IMG_6976.jpg\"\n                    width=\"100\"\n                    height=\"75\"\n                    style=\"max-width:100%;\"\n                \/>\n            <\/a>\n        <\/div>\n\t\t\t\t\t\t\t<\/div> \n\t\t\t\n        \n\t\t\t\t<div id=\"ngg-image-7\" class=\"ngg-gallery-thumbnail-box\" >\n\t\t\t\t        <div class=\"ngg-gallery-thumbnail\">\n            <a href=\"https:\/\/www.freimarianne.ch\/wp-content\/gallery\/moosalp-20-12-2014\/IMG_6978.jpg\"\n               title=\"\"\n               data-src=\"https:\/\/www.freimarianne.ch\/wp-content\/gallery\/moosalp-20-12-2014\/IMG_6978.jpg\"\n               data-thumbnail=\"https:\/\/www.freimarianne.ch\/wp-content\/gallery\/moosalp-20-12-2014\/thumbs\/thumbs_IMG_6978.jpg\"\n               data-image-id=\"9961\"\n               data-title=\"IMG_6978\"\n               data-description=\"\"\n               data-image-slug=\"img_6978\"\n               class=\"shutterset_8611\">\n                <img\n                    title=\"IMG_6978\"\n                    alt=\"IMG_6978\"\n                    src=\"https:\/\/www.freimarianne.ch\/wp-content\/gallery\/moosalp-20-12-2014\/thumbs\/thumbs_IMG_6978.jpg\"\n                    width=\"100\"\n                    height=\"75\"\n                    style=\"max-width:100%;\"\n                \/>\n            <\/a>\n        <\/div>\n\t\t\t\t\t\t\t<\/div> \n\t\t\t\n        \n\t\t\t\t<div id=\"ngg-image-8\" class=\"ngg-gallery-thumbnail-box\" >\n\t\t\t\t        <div class=\"ngg-gallery-thumbnail\">\n            <a href=\"https:\/\/www.freimarianne.ch\/wp-content\/gallery\/moosalp-20-12-2014\/IMG_6984.jpg\"\n               title=\"\"\n               data-src=\"https:\/\/www.freimarianne.ch\/wp-content\/gallery\/moosalp-20-12-2014\/IMG_6984.jpg\"\n               data-thumbnail=\"https:\/\/www.freimarianne.ch\/wp-content\/gallery\/moosalp-20-12-2014\/thumbs\/thumbs_IMG_6984.jpg\"\n               data-image-id=\"9962\"\n               data-title=\"IMG_6984\"\n               data-description=\"\"\n               data-image-slug=\"img_6984-1\"\n               class=\"shutterset_8611\">\n                <img\n                    title=\"IMG_6984\"\n                    alt=\"IMG_6984\"\n                    src=\"https:\/\/www.freimarianne.ch\/wp-content\/gallery\/moosalp-20-12-2014\/thumbs\/thumbs_IMG_6984.jpg\"\n                    width=\"100\"\n                    height=\"75\"\n                    style=\"max-width:100%;\"\n                \/>\n            <\/a>\n        <\/div>\n\t\t\t\t\t\t\t<\/div> \n\t\t\t\n        \n\t\t\t\t<div id=\"ngg-image-9\" class=\"ngg-gallery-thumbnail-box\" >\n\t\t\t\t        <div class=\"ngg-gallery-thumbnail\">\n            <a href=\"https:\/\/www.freimarianne.ch\/wp-content\/gallery\/moosalp-20-12-2014\/IMG_6986.jpg\"\n               title=\"\"\n               data-src=\"https:\/\/www.freimarianne.ch\/wp-content\/gallery\/moosalp-20-12-2014\/IMG_6986.jpg\"\n               data-thumbnail=\"https:\/\/www.freimarianne.ch\/wp-content\/gallery\/moosalp-20-12-2014\/thumbs\/thumbs_IMG_6986.jpg\"\n               data-image-id=\"9963\"\n               data-title=\"IMG_6986\"\n               data-description=\"\"\n               data-image-slug=\"img_6986\"\n               class=\"shutterset_8611\">\n                <img\n                    title=\"IMG_6986\"\n                    alt=\"IMG_6986\"\n                    src=\"https:\/\/www.freimarianne.ch\/wp-content\/gallery\/moosalp-20-12-2014\/thumbs\/thumbs_IMG_6986.jpg\"\n                    width=\"100\"\n                    height=\"75\"\n                    style=\"max-width:100%;\"\n                \/>\n            <\/a>\n        <\/div>\n\t\t\t\t\t\t\t<\/div> \n\t\t\t\n        \n\t\t\t\t<div id=\"ngg-image-10\" class=\"ngg-gallery-thumbnail-box\" >\n\t\t\t\t        <div class=\"ngg-gallery-thumbnail\">\n            <a href=\"https:\/\/www.freimarianne.ch\/wp-content\/gallery\/moosalp-20-12-2014\/IMG_6996.jpg\"\n               title=\"\"\n               data-src=\"https:\/\/www.freimarianne.ch\/wp-content\/gallery\/moosalp-20-12-2014\/IMG_6996.jpg\"\n               data-thumbnail=\"https:\/\/www.freimarianne.ch\/wp-content\/gallery\/moosalp-20-12-2014\/thumbs\/thumbs_IMG_6996.jpg\"\n               data-image-id=\"9964\"\n               data-title=\"IMG_6996\"\n               data-description=\"\"\n               data-image-slug=\"img_6996-1\"\n               class=\"shutterset_8611\">\n                <img\n                    title=\"IMG_6996\"\n                    alt=\"IMG_6996\"\n                    src=\"https:\/\/www.freimarianne.ch\/wp-content\/gallery\/moosalp-20-12-2014\/thumbs\/thumbs_IMG_6996.jpg\"\n                    width=\"100\"\n                    height=\"75\"\n                    style=\"max-width:100%;\"\n                \/>\n            <\/a>\n        <\/div>\n\t\t\t\t\t\t\t<\/div> \n\t\t\t\n        \n\t\t\t\t<div id=\"ngg-image-11\" class=\"ngg-gallery-thumbnail-box\" >\n\t\t\t\t        <div class=\"ngg-gallery-thumbnail\">\n            <a href=\"https:\/\/www.freimarianne.ch\/wp-content\/gallery\/moosalp-20-12-2014\/Moosalp.jpg\"\n               title=\"\"\n               data-src=\"https:\/\/www.freimarianne.ch\/wp-content\/gallery\/moosalp-20-12-2014\/Moosalp.jpg\"\n               data-thumbnail=\"https:\/\/www.freimarianne.ch\/wp-content\/gallery\/moosalp-20-12-2014\/thumbs\/thumbs_Moosalp.jpg\"\n               data-image-id=\"9965\"\n               data-title=\"Moosalp\"\n               data-description=\"\"\n               data-image-slug=\"moosalp\"\n               class=\"shutterset_8611\">\n                <img\n                    title=\"Moosalp\"\n                    alt=\"Moosalp\"\n                    src=\"https:\/\/www.freimarianne.ch\/wp-content\/gallery\/moosalp-20-12-2014\/thumbs\/thumbs_Moosalp.jpg\"\n                    width=\"100\"\n                    height=\"75\"\n                    style=\"max-width:100%;\"\n                \/>\n            <\/a>\n        <\/div>\n\t\t\t\t\t\t\t<\/div> \n\t\t\t\n        \n\t\t\n\t\t<!-- Pagination -->\n\t<div class='ngg-clear'><\/div>\t<\/div>\n<\/p>\n","protected":false},"excerpt":{"rendered":"<p>Winterwanderung von\u00a0 B\u00fcrchen auf den Stand, Moosalp Ich beginne die Wanderung kurz vor 11h in B\u00fcrchen, wo ich den Wanderweg hinauf\u00a0 zur\u00a0 Teiffi Matte nehme. Es hat wenig gefrorenen Schnee auf dem Pfad und der Gebrauch der\u00a0 St\u00f6cke\u00a0 ist angesagt! Steil durch den Wald hinauf\u00a0 folge ich den Spuren.\u00a0 Diese h\u00f6ren dann\u00a0 aber auf und [&hellip;]<\/p>\n","protected":false},"author":1,"featured_media":0,"parent":4769,"menu_order":23,"comment_status":"closed","ping_status":"closed","template":"","meta":{"ngg_post_thumbnail":0},"_links":{"self":[{"href":"https:\/\/www.freimarianne.ch\/index.php?rest_route=\/wp\/v2\/pages\/8542"}],"collection":[{"href":"https:\/\/www.freimarianne.ch\/index.php?rest_route=\/wp\/v2\/pages"}],"about":[{"href":"https:\/\/www.freimarianne.ch\/index.php?rest_route=\/wp\/v2\/types\/page"}],"author":[{"embeddable":true,"href":"https:\/\/www.freimarianne.ch\/index.php?rest_route=\/wp\/v2\/users\/1"}],"replies":[{"embeddable":true,"href":"https:\/\/www.freimarianne.ch\/index.php?rest_route=%2Fwp%2Fv2%2Fcomments&post=8542"}],"version-history":[{"count":7,"href":"https:\/\/www.freimarianne.ch\/index.php?rest_route=\/wp\/v2\/pages\/8542\/revisions"}],"predecessor-version":[{"id":8612,"href":"https:\/\/www.freimarianne.ch\/index.php?rest_route=\/wp\/v2\/pages\/8542\/revisions\/8612"}],"up":[{"embeddable":true,"href":"https:\/\/www.freimarianne.ch\/index.php?rest_route=\/wp\/v2\/pages\/4769"}],"wp:attachment":[{"href":"https:\/\/www.freimarianne.ch\/index.php?rest_route=%2Fwp%2Fv2%2Fmedia&parent=8542"}],"curies":[{"name":"wp","href":"https:\/\/api.w.org\/{rel}","templated":true}]}}