{"id":8628,"date":"2015-01-02T16:28:42","date_gmt":"2015-01-02T15:28:42","guid":{"rendered":"http:\/\/www.freimarianne.ch\/?page_id=8628"},"modified":"2015-01-04T09:10:33","modified_gmt":"2015-01-04T08:10:33","slug":"janzi-glauberberg-ow-1-1-2015","status":"publish","type":"page","link":"https:\/\/www.freimarianne.ch\/?page_id=8628","title":{"rendered":"J\u00e4nzi, Glauberberg, OW 1.1.2015"},"content":{"rendered":"<p><strong>Schneeschuhtour auf den J\u00e4nzi, Glauberberg<\/strong><br \/>\nmit den Novartis Ski &amp; Berg Club<\/p>\n<p><img loading=\"lazy\" class=\"aligncenter size-full wp-image-8630\" src=\"http:\/\/www.freimarianne.ch\/wp-content\/uploads\/2015\/01\/IMG_7124_Ja\u0308nzi15_500.jpg\" alt=\"IMG_7124_Ja\u0308nzi15_500\" width=\"500\" height=\"396\" srcset=\"https:\/\/www.freimarianne.ch\/wp-content\/uploads\/2015\/01\/IMG_7124_Ja\u0308nzi15_500.jpg 500w, https:\/\/www.freimarianne.ch\/wp-content\/uploads\/2015\/01\/IMG_7124_Ja\u0308nzi15_500-300x237.jpg 300w, https:\/\/www.freimarianne.ch\/wp-content\/uploads\/2015\/01\/IMG_7124_Ja\u0308nzi15_500-378x300.jpg 378w\" sizes=\"(max-width: 500px) 100vw, 500px\" \/><\/p>\n<p>Dies ist die vierte J\u00e4nzitour mit dem Sportclub! Nur findet sie zum ersten Mal im neuen Jahr und nicht im alten Jahr statt! Es k\u00f6nnte also sein, dass wir im Jahre 2015 zweimal den J\u00e4nzi machen werden.<\/p>\n<p>Wegen dem Datum ( Neujahr) wollen nicht so viele Leute mitkommen &#8211; aber wir m\u00fcssen den guten Tag ausnutzen!<\/p>\n<p>So wind wir sieben Unentwegte, die sich am Bahnhof treffen\u00a0 ( der Zug f\u00e4hrt erst um 8.30h)<\/p>\n<p>Von Langis 1442m stapfen wir hin\u00fcber nach Schwendi Kaltbad 1440m. Dem Bach Schlieren entlang f\u00fchrt uns der Weg durch eine zauberhafte Winterlandschaft zum Punkt 1440m, von wo aus es hinaufgeht zuerst durch offenes Gel\u00e4nde und dann durch den Wald nach Egg, Waldh\u00fctte,1611m. Von dort aus steigen wir \u00fcber den H\u00fcenerg\u00fctsch hinauf auf den langgezogenen Grat des J\u00e4nzi, von wo aus wir ein grossartiges Panorama vor uns haben. Hier halten wir Mittagsrast unter dem Gipfelkreuz. Wir geniessen die pr\u00e4chtige Aussicht und brechen dann zur R\u00fcckehr auf, denn es weht ein kalter Wind. Durch eine wundersch\u00f6ne Winterlandschaft &#8211; die B\u00e4ume sind voller Schnee &#8211; wandern wir zur\u00fcck nach Schwendi und nach Langis, wo es noch zur Einkehr im Restaurant reicht.<br \/>\nDies war ein super Start in die neue Wintersaison!<\/p>\n<p>Laut Swissmap: Distanz: 11.35km; Aufstieg: 511m; Abstieg: 511m; Marschzeit: 4 h<br \/>\n<strong><!-- index.php -->\n<div\n\tclass=\"ngg-galleryoverview ngg-ajax-pagination-none\"\n\tid=\"ngg-gallery-8667-1\">\n\n    \t<div class=\"slideshowlink\">\n        <a href='https:\/\/www.freimarianne.ch\/index.php\/nggallery\/slideshow?page_id=8628'>[Show as slideshow]<\/a>\n\t\t\n\t<\/div>\n\t\t\t<!-- Thumbnails -->\n\t\t\t\t<div id=\"ngg-image-0\" class=\"ngg-gallery-thumbnail-box\" >\n\t\t\t\t        <div class=\"ngg-gallery-thumbnail\">\n            <a href=\"https:\/\/www.freimarianne.ch\/wp-content\/gallery\/janzi-1-1-2015\/IMG_7091.jpg\"\n               title=\"\"\n               data-src=\"https:\/\/www.freimarianne.ch\/wp-content\/gallery\/janzi-1-1-2015\/IMG_7091.jpg\"\n               data-thumbnail=\"https:\/\/www.freimarianne.ch\/wp-content\/gallery\/janzi-1-1-2015\/thumbs\/thumbs_IMG_7091.jpg\"\n               data-image-id=\"9978\"\n               data-title=\"IMG_7091\"\n               data-description=\"\"\n               data-image-slug=\"img_7091\"\n               class=\"shutterset_8667\">\n                <img\n                    title=\"IMG_7091\"\n                    alt=\"IMG_7091\"\n                    src=\"https:\/\/www.freimarianne.ch\/wp-content\/gallery\/janzi-1-1-2015\/thumbs\/thumbs_IMG_7091.jpg\"\n                    width=\"100\"\n                    height=\"75\"\n                    style=\"max-width:100%;\"\n                \/>\n            <\/a>\n        <\/div>\n\t\t\t\t\t\t\t<\/div> \n\t\t\t\n        \n\t\t\t\t<div id=\"ngg-image-1\" class=\"ngg-gallery-thumbnail-box\" >\n\t\t\t\t        <div class=\"ngg-gallery-thumbnail\">\n            <a href=\"https:\/\/www.freimarianne.ch\/wp-content\/gallery\/janzi-1-1-2015\/IMG_7095.jpg\"\n               title=\"\"\n               data-src=\"https:\/\/www.freimarianne.ch\/wp-content\/gallery\/janzi-1-1-2015\/IMG_7095.jpg\"\n               data-thumbnail=\"https:\/\/www.freimarianne.ch\/wp-content\/gallery\/janzi-1-1-2015\/thumbs\/thumbs_IMG_7095.jpg\"\n               data-image-id=\"9979\"\n               data-title=\"IMG_7095\"\n               data-description=\"\"\n               data-image-slug=\"img_7095\"\n               class=\"shutterset_8667\">\n                <img\n                    title=\"IMG_7095\"\n                    alt=\"IMG_7095\"\n                    src=\"https:\/\/www.freimarianne.ch\/wp-content\/gallery\/janzi-1-1-2015\/thumbs\/thumbs_IMG_7095.jpg\"\n                    width=\"100\"\n                    height=\"75\"\n                    style=\"max-width:100%;\"\n                \/>\n            <\/a>\n        <\/div>\n\t\t\t\t\t\t\t<\/div> \n\t\t\t\n        \n\t\t\t\t<div id=\"ngg-image-2\" class=\"ngg-gallery-thumbnail-box\" >\n\t\t\t\t        <div class=\"ngg-gallery-thumbnail\">\n            <a href=\"https:\/\/www.freimarianne.ch\/wp-content\/gallery\/janzi-1-1-2015\/IMG_7098.jpg\"\n               title=\"\"\n               data-src=\"https:\/\/www.freimarianne.ch\/wp-content\/gallery\/janzi-1-1-2015\/IMG_7098.jpg\"\n               data-thumbnail=\"https:\/\/www.freimarianne.ch\/wp-content\/gallery\/janzi-1-1-2015\/thumbs\/thumbs_IMG_7098.jpg\"\n               data-image-id=\"9980\"\n               data-title=\"IMG_7098\"\n               data-description=\"\"\n               data-image-slug=\"img_7098\"\n               class=\"shutterset_8667\">\n                <img\n                    title=\"IMG_7098\"\n                    alt=\"IMG_7098\"\n                    src=\"https:\/\/www.freimarianne.ch\/wp-content\/gallery\/janzi-1-1-2015\/thumbs\/thumbs_IMG_7098.jpg\"\n                    width=\"100\"\n                    height=\"75\"\n                    style=\"max-width:100%;\"\n                \/>\n            <\/a>\n        <\/div>\n\t\t\t\t\t\t\t<\/div> \n\t\t\t\n        \n\t\t\t\t<div id=\"ngg-image-3\" class=\"ngg-gallery-thumbnail-box\" >\n\t\t\t\t        <div class=\"ngg-gallery-thumbnail\">\n            <a href=\"https:\/\/www.freimarianne.ch\/wp-content\/gallery\/janzi-1-1-2015\/IMG_7099.jpg\"\n               title=\"\"\n               data-src=\"https:\/\/www.freimarianne.ch\/wp-content\/gallery\/janzi-1-1-2015\/IMG_7099.jpg\"\n               data-thumbnail=\"https:\/\/www.freimarianne.ch\/wp-content\/gallery\/janzi-1-1-2015\/thumbs\/thumbs_IMG_7099.jpg\"\n               data-image-id=\"9981\"\n               data-title=\"IMG_7099\"\n               data-description=\"\"\n               data-image-slug=\"img_7099\"\n               class=\"shutterset_8667\">\n                <img\n                    title=\"IMG_7099\"\n                    alt=\"IMG_7099\"\n                    src=\"https:\/\/www.freimarianne.ch\/wp-content\/gallery\/janzi-1-1-2015\/thumbs\/thumbs_IMG_7099.jpg\"\n                    width=\"100\"\n                    height=\"75\"\n                    style=\"max-width:100%;\"\n                \/>\n            <\/a>\n        <\/div>\n\t\t\t\t\t\t\t<\/div> \n\t\t\t\n        \n\t\t\t\t<div id=\"ngg-image-4\" class=\"ngg-gallery-thumbnail-box\" >\n\t\t\t\t        <div class=\"ngg-gallery-thumbnail\">\n            <a href=\"https:\/\/www.freimarianne.ch\/wp-content\/gallery\/janzi-1-1-2015\/IMG_7102.jpg\"\n               title=\"\"\n               data-src=\"https:\/\/www.freimarianne.ch\/wp-content\/gallery\/janzi-1-1-2015\/IMG_7102.jpg\"\n               data-thumbnail=\"https:\/\/www.freimarianne.ch\/wp-content\/gallery\/janzi-1-1-2015\/thumbs\/thumbs_IMG_7102.jpg\"\n               data-image-id=\"9982\"\n               data-title=\"IMG_7102\"\n               data-description=\"\"\n               data-image-slug=\"img_7102-1\"\n               class=\"shutterset_8667\">\n                <img\n                    title=\"IMG_7102\"\n                    alt=\"IMG_7102\"\n                    src=\"https:\/\/www.freimarianne.ch\/wp-content\/gallery\/janzi-1-1-2015\/thumbs\/thumbs_IMG_7102.jpg\"\n                    width=\"100\"\n                    height=\"75\"\n                    style=\"max-width:100%;\"\n                \/>\n            <\/a>\n        <\/div>\n\t\t\t\t\t\t\t<\/div> \n\t\t\t\n        \n\t\t\t\t<div id=\"ngg-image-5\" class=\"ngg-gallery-thumbnail-box\" >\n\t\t\t\t        <div class=\"ngg-gallery-thumbnail\">\n            <a href=\"https:\/\/www.freimarianne.ch\/wp-content\/gallery\/janzi-1-1-2015\/IMG_7111.jpg\"\n               title=\"\"\n               data-src=\"https:\/\/www.freimarianne.ch\/wp-content\/gallery\/janzi-1-1-2015\/IMG_7111.jpg\"\n               data-thumbnail=\"https:\/\/www.freimarianne.ch\/wp-content\/gallery\/janzi-1-1-2015\/thumbs\/thumbs_IMG_7111.jpg\"\n               data-image-id=\"9983\"\n               data-title=\"IMG_7111\"\n               data-description=\"\"\n               data-image-slug=\"img_7111-1\"\n               class=\"shutterset_8667\">\n                <img\n                    title=\"IMG_7111\"\n                    alt=\"IMG_7111\"\n                    src=\"https:\/\/www.freimarianne.ch\/wp-content\/gallery\/janzi-1-1-2015\/thumbs\/thumbs_IMG_7111.jpg\"\n                    width=\"100\"\n                    height=\"75\"\n                    style=\"max-width:100%;\"\n                \/>\n            <\/a>\n        <\/div>\n\t\t\t\t\t\t\t<\/div> \n\t\t\t\n        \n\t\t\t\t<div id=\"ngg-image-6\" class=\"ngg-gallery-thumbnail-box\" >\n\t\t\t\t        <div class=\"ngg-gallery-thumbnail\">\n            <a href=\"https:\/\/www.freimarianne.ch\/wp-content\/gallery\/janzi-1-1-2015\/IMG_7113.jpg\"\n               title=\"\"\n               data-src=\"https:\/\/www.freimarianne.ch\/wp-content\/gallery\/janzi-1-1-2015\/IMG_7113.jpg\"\n               data-thumbnail=\"https:\/\/www.freimarianne.ch\/wp-content\/gallery\/janzi-1-1-2015\/thumbs\/thumbs_IMG_7113.jpg\"\n               data-image-id=\"9984\"\n               data-title=\"IMG_7113\"\n               data-description=\"\"\n               data-image-slug=\"img_7113\"\n               class=\"shutterset_8667\">\n                <img\n                    title=\"IMG_7113\"\n                    alt=\"IMG_7113\"\n                    src=\"https:\/\/www.freimarianne.ch\/wp-content\/gallery\/janzi-1-1-2015\/thumbs\/thumbs_IMG_7113.jpg\"\n                    width=\"100\"\n                    height=\"75\"\n                    style=\"max-width:100%;\"\n                \/>\n            <\/a>\n        <\/div>\n\t\t\t\t\t\t\t<\/div> \n\t\t\t\n        \n\t\t\t\t<div id=\"ngg-image-7\" class=\"ngg-gallery-thumbnail-box\" >\n\t\t\t\t        <div class=\"ngg-gallery-thumbnail\">\n            <a href=\"https:\/\/www.freimarianne.ch\/wp-content\/gallery\/janzi-1-1-2015\/IMG_7122.jpg\"\n               title=\"\"\n               data-src=\"https:\/\/www.freimarianne.ch\/wp-content\/gallery\/janzi-1-1-2015\/IMG_7122.jpg\"\n               data-thumbnail=\"https:\/\/www.freimarianne.ch\/wp-content\/gallery\/janzi-1-1-2015\/thumbs\/thumbs_IMG_7122.jpg\"\n               data-image-id=\"9985\"\n               data-title=\"IMG_7122\"\n               data-description=\"\"\n               data-image-slug=\"img_7122\"\n               class=\"shutterset_8667\">\n                <img\n                    title=\"IMG_7122\"\n                    alt=\"IMG_7122\"\n                    src=\"https:\/\/www.freimarianne.ch\/wp-content\/gallery\/janzi-1-1-2015\/thumbs\/thumbs_IMG_7122.jpg\"\n                    width=\"100\"\n                    height=\"75\"\n                    style=\"max-width:100%;\"\n                \/>\n            <\/a>\n        <\/div>\n\t\t\t\t\t\t\t<\/div> \n\t\t\t\n        \n\t\t\t\t<div id=\"ngg-image-8\" class=\"ngg-gallery-thumbnail-box\" >\n\t\t\t\t        <div class=\"ngg-gallery-thumbnail\">\n            <a href=\"https:\/\/www.freimarianne.ch\/wp-content\/gallery\/janzi-1-1-2015\/IMG_7130.jpg\"\n               title=\"\"\n               data-src=\"https:\/\/www.freimarianne.ch\/wp-content\/gallery\/janzi-1-1-2015\/IMG_7130.jpg\"\n               data-thumbnail=\"https:\/\/www.freimarianne.ch\/wp-content\/gallery\/janzi-1-1-2015\/thumbs\/thumbs_IMG_7130.jpg\"\n               data-image-id=\"9986\"\n               data-title=\"IMG_7130\"\n               data-description=\"\"\n               data-image-slug=\"img_7130\"\n               class=\"shutterset_8667\">\n                <img\n                    title=\"IMG_7130\"\n                    alt=\"IMG_7130\"\n                    src=\"https:\/\/www.freimarianne.ch\/wp-content\/gallery\/janzi-1-1-2015\/thumbs\/thumbs_IMG_7130.jpg\"\n                    width=\"100\"\n                    height=\"75\"\n                    style=\"max-width:100%;\"\n                \/>\n            <\/a>\n        <\/div>\n\t\t\t\t\t\t\t<\/div> \n\t\t\t\n        \n\t\t\t\t<div id=\"ngg-image-9\" class=\"ngg-gallery-thumbnail-box\" >\n\t\t\t\t        <div class=\"ngg-gallery-thumbnail\">\n            <a href=\"https:\/\/www.freimarianne.ch\/wp-content\/gallery\/janzi-1-1-2015\/IMG_7131.jpg\"\n               title=\"\"\n               data-src=\"https:\/\/www.freimarianne.ch\/wp-content\/gallery\/janzi-1-1-2015\/IMG_7131.jpg\"\n               data-thumbnail=\"https:\/\/www.freimarianne.ch\/wp-content\/gallery\/janzi-1-1-2015\/thumbs\/thumbs_IMG_7131.jpg\"\n               data-image-id=\"9987\"\n               data-title=\"IMG_7131\"\n               data-description=\"\"\n               data-image-slug=\"img_7131\"\n               class=\"shutterset_8667\">\n                <img\n                    title=\"IMG_7131\"\n                    alt=\"IMG_7131\"\n                    src=\"https:\/\/www.freimarianne.ch\/wp-content\/gallery\/janzi-1-1-2015\/thumbs\/thumbs_IMG_7131.jpg\"\n                    width=\"100\"\n                    height=\"75\"\n                    style=\"max-width:100%;\"\n                \/>\n            <\/a>\n        <\/div>\n\t\t\t\t\t\t\t<\/div> \n\t\t\t\n        \n\t\t\t\t<div id=\"ngg-image-10\" class=\"ngg-gallery-thumbnail-box\" >\n\t\t\t\t        <div class=\"ngg-gallery-thumbnail\">\n            <a href=\"https:\/\/www.freimarianne.ch\/wp-content\/gallery\/janzi-1-1-2015\/IMG_7139.jpg\"\n               title=\"\"\n               data-src=\"https:\/\/www.freimarianne.ch\/wp-content\/gallery\/janzi-1-1-2015\/IMG_7139.jpg\"\n               data-thumbnail=\"https:\/\/www.freimarianne.ch\/wp-content\/gallery\/janzi-1-1-2015\/thumbs\/thumbs_IMG_7139.jpg\"\n               data-image-id=\"9988\"\n               data-title=\"IMG_7139\"\n               data-description=\"\"\n               data-image-slug=\"img_7139\"\n               class=\"shutterset_8667\">\n                <img\n                    title=\"IMG_7139\"\n                    alt=\"IMG_7139\"\n                    src=\"https:\/\/www.freimarianne.ch\/wp-content\/gallery\/janzi-1-1-2015\/thumbs\/thumbs_IMG_7139.jpg\"\n                    width=\"100\"\n                    height=\"75\"\n                    style=\"max-width:100%;\"\n                \/>\n            <\/a>\n        <\/div>\n\t\t\t\t\t\t\t<\/div> \n\t\t\t\n        \n\t\t\t\t<div id=\"ngg-image-11\" class=\"ngg-gallery-thumbnail-box\" >\n\t\t\t\t        <div class=\"ngg-gallery-thumbnail\">\n            <a href=\"https:\/\/www.freimarianne.ch\/wp-content\/gallery\/janzi-1-1-2015\/IMG_7150.jpg\"\n               title=\"\"\n               data-src=\"https:\/\/www.freimarianne.ch\/wp-content\/gallery\/janzi-1-1-2015\/IMG_7150.jpg\"\n               data-thumbnail=\"https:\/\/www.freimarianne.ch\/wp-content\/gallery\/janzi-1-1-2015\/thumbs\/thumbs_IMG_7150.jpg\"\n               data-image-id=\"9989\"\n               data-title=\"IMG_7150\"\n               data-description=\"\"\n               data-image-slug=\"img_7150\"\n               class=\"shutterset_8667\">\n                <img\n                    title=\"IMG_7150\"\n                    alt=\"IMG_7150\"\n                    src=\"https:\/\/www.freimarianne.ch\/wp-content\/gallery\/janzi-1-1-2015\/thumbs\/thumbs_IMG_7150.jpg\"\n                    width=\"100\"\n                    height=\"75\"\n                    style=\"max-width:100%;\"\n                \/>\n            <\/a>\n        <\/div>\n\t\t\t\t\t\t\t<\/div> \n\t\t\t\n        \n\t\t\t\t<div id=\"ngg-image-12\" class=\"ngg-gallery-thumbnail-box\" >\n\t\t\t\t        <div class=\"ngg-gallery-thumbnail\">\n            <a href=\"https:\/\/www.freimarianne.ch\/wp-content\/gallery\/janzi-1-1-2015\/IMG_7154.jpg\"\n               title=\"\"\n               data-src=\"https:\/\/www.freimarianne.ch\/wp-content\/gallery\/janzi-1-1-2015\/IMG_7154.jpg\"\n               data-thumbnail=\"https:\/\/www.freimarianne.ch\/wp-content\/gallery\/janzi-1-1-2015\/thumbs\/thumbs_IMG_7154.jpg\"\n               data-image-id=\"9990\"\n               data-title=\"IMG_7154\"\n               data-description=\"\"\n               data-image-slug=\"img_7154-1\"\n               class=\"shutterset_8667\">\n                <img\n                    title=\"IMG_7154\"\n                    alt=\"IMG_7154\"\n                    src=\"https:\/\/www.freimarianne.ch\/wp-content\/gallery\/janzi-1-1-2015\/thumbs\/thumbs_IMG_7154.jpg\"\n                    width=\"100\"\n                    height=\"75\"\n                    style=\"max-width:100%;\"\n                \/>\n            <\/a>\n        <\/div>\n\t\t\t\t\t\t\t<\/div> \n\t\t\t\n        \n\t\t\t\t<div id=\"ngg-image-13\" class=\"ngg-gallery-thumbnail-box\" >\n\t\t\t\t        <div class=\"ngg-gallery-thumbnail\">\n            <a href=\"https:\/\/www.freimarianne.ch\/wp-content\/gallery\/janzi-1-1-2015\/IMG_7161.jpg\"\n               title=\"\"\n               data-src=\"https:\/\/www.freimarianne.ch\/wp-content\/gallery\/janzi-1-1-2015\/IMG_7161.jpg\"\n               data-thumbnail=\"https:\/\/www.freimarianne.ch\/wp-content\/gallery\/janzi-1-1-2015\/thumbs\/thumbs_IMG_7161.jpg\"\n               data-image-id=\"9991\"\n               data-title=\"IMG_7161\"\n               data-description=\"\"\n               data-image-slug=\"img_7161-1\"\n               class=\"shutterset_8667\">\n                <img\n                    title=\"IMG_7161\"\n                    alt=\"IMG_7161\"\n                    src=\"https:\/\/www.freimarianne.ch\/wp-content\/gallery\/janzi-1-1-2015\/thumbs\/thumbs_IMG_7161.jpg\"\n                    width=\"100\"\n                    height=\"75\"\n                    style=\"max-width:100%;\"\n                \/>\n            <\/a>\n        <\/div>\n\t\t\t\t\t\t\t<\/div> \n\t\t\t\n        \n\t\t\t\t<div id=\"ngg-image-14\" class=\"ngg-gallery-thumbnail-box\" >\n\t\t\t\t        <div class=\"ngg-gallery-thumbnail\">\n            <a href=\"https:\/\/www.freimarianne.ch\/wp-content\/gallery\/janzi-1-1-2015\/IMG_7168.jpg\"\n               title=\"\"\n               data-src=\"https:\/\/www.freimarianne.ch\/wp-content\/gallery\/janzi-1-1-2015\/IMG_7168.jpg\"\n               data-thumbnail=\"https:\/\/www.freimarianne.ch\/wp-content\/gallery\/janzi-1-1-2015\/thumbs\/thumbs_IMG_7168.jpg\"\n               data-image-id=\"9992\"\n               data-title=\"IMG_7168\"\n               data-description=\"\"\n               data-image-slug=\"img_7168\"\n               class=\"shutterset_8667\">\n                <img\n                    title=\"IMG_7168\"\n                    alt=\"IMG_7168\"\n                    src=\"https:\/\/www.freimarianne.ch\/wp-content\/gallery\/janzi-1-1-2015\/thumbs\/thumbs_IMG_7168.jpg\"\n                    width=\"100\"\n                    height=\"75\"\n                    style=\"max-width:100%;\"\n                \/>\n            <\/a>\n        <\/div>\n\t\t\t\t\t\t\t<\/div> \n\t\t\t\n        \n\t\t\n\t\t<!-- Pagination -->\n\t<div class='ngg-clear'><\/div>\t<\/div>\n<\/strong><\/p>\n","protected":false},"excerpt":{"rendered":"<p>Schneeschuhtour auf den J\u00e4nzi, Glauberberg mit den Novartis Ski &amp; Berg Club Dies ist die vierte J\u00e4nzitour mit dem Sportclub! Nur findet sie zum ersten Mal im neuen Jahr und nicht im alten Jahr statt! Es k\u00f6nnte also sein, dass wir im Jahre 2015 zweimal den J\u00e4nzi machen werden. Wegen dem Datum ( Neujahr) wollen [&hellip;]<\/p>\n","protected":false},"author":1,"featured_media":0,"parent":8619,"menu_order":1,"comment_status":"closed","ping_status":"closed","template":"","meta":{"ngg_post_thumbnail":0},"_links":{"self":[{"href":"https:\/\/www.freimarianne.ch\/index.php?rest_route=\/wp\/v2\/pages\/8628"}],"collection":[{"href":"https:\/\/www.freimarianne.ch\/index.php?rest_route=\/wp\/v2\/pages"}],"about":[{"href":"https:\/\/www.freimarianne.ch\/index.php?rest_route=\/wp\/v2\/types\/page"}],"author":[{"embeddable":true,"href":"https:\/\/www.freimarianne.ch\/index.php?rest_route=\/wp\/v2\/users\/1"}],"replies":[{"embeddable":true,"href":"https:\/\/www.freimarianne.ch\/index.php?rest_route=%2Fwp%2Fv2%2Fcomments&post=8628"}],"version-history":[{"count":11,"href":"https:\/\/www.freimarianne.ch\/index.php?rest_route=\/wp\/v2\/pages\/8628\/revisions"}],"predecessor-version":[{"id":8823,"href":"https:\/\/www.freimarianne.ch\/index.php?rest_route=\/wp\/v2\/pages\/8628\/revisions\/8823"}],"up":[{"embeddable":true,"href":"https:\/\/www.freimarianne.ch\/index.php?rest_route=\/wp\/v2\/pages\/8619"}],"wp:attachment":[{"href":"https:\/\/www.freimarianne.ch\/index.php?rest_route=%2Fwp%2Fv2%2Fmedia&parent=8628"}],"curies":[{"name":"wp","href":"https:\/\/api.w.org\/{rel}","templated":true}]}}