{"id":8829,"date":"2015-01-12T16:59:24","date_gmt":"2015-01-12T15:59:24","guid":{"rendered":"http:\/\/www.freimarianne.ch\/?page_id=8829"},"modified":"2015-01-12T17:23:57","modified_gmt":"2015-01-12T16:23:57","slug":"engadin-5-1-2015","status":"publish","type":"page","link":"https:\/\/www.freimarianne.ch\/?page_id=8829","title":{"rendered":"Engadin 5.1.2015"},"content":{"rendered":"<p><strong>Schlittenfahrt ins Rosegtal, Pontresina<\/strong><\/p>\n<p><img loading=\"lazy\" class=\"aligncenter size-full wp-image-8826\" src=\"http:\/\/www.freimarianne.ch\/wp-content\/uploads\/2015\/01\/IMG_2897_enga_500.jpg\" alt=\"IMG_2897_enga_500\" width=\"500\" height=\"333\" srcset=\"https:\/\/www.freimarianne.ch\/wp-content\/uploads\/2015\/01\/IMG_2897_enga_500.jpg 500w, https:\/\/www.freimarianne.ch\/wp-content\/uploads\/2015\/01\/IMG_2897_enga_500-300x199.jpg 300w, https:\/\/www.freimarianne.ch\/wp-content\/uploads\/2015\/01\/IMG_2897_enga_500-450x300.jpg 450w\" sizes=\"(max-width: 500px) 100vw, 500px\" \/><br \/>\nIch verbringe einige Tage im immer wieder sch\u00f6nen Engadin.<br \/>\nHeute fahren wir mit dem Pferdeomnibus ins Val Roseg. Die Fahrt ist lange und wir frieren trotz den Wolldecken, in die wir gewickelt sind. Wir sind froh als wir endlich hinten in Val Roseg beim Restaurant ankommen und hinein an die W\u00e4rme gehen k\u00f6nnen. Es gibt ein gutes Geburtstagsessen und so machen wir uns wohlgest\u00e4rkt auf den R\u00fcckweg durch die wundersch\u00f6ne Winterlandschaft.<br \/>\nDieser besondere Tag ist ganz normal verlaufen und so war es gut.<br \/>\nLaut Swissmap:<br \/>\nDistanz: 6.18km; Aufstieg: 42m; Abstieg: 235m; Marschzeit: 1.28 h<\/p>\n<p><!-- index.php -->\n<div\n\tclass=\"ngg-galleryoverview ngg-ajax-pagination-none\"\n\tid=\"ngg-gallery-8932-1\">\n\n    \t<div class=\"slideshowlink\">\n        <a href='https:\/\/www.freimarianne.ch\/index.php\/nggallery\/slideshow?page_id=8829'>[Show as slideshow]<\/a>\n\t\t\n\t<\/div>\n\t\t\t<!-- Thumbnails -->\n\t\t\t\t<div id=\"ngg-image-0\" class=\"ngg-gallery-thumbnail-box\" >\n\t\t\t\t        <div class=\"ngg-gallery-thumbnail\">\n            <a href=\"https:\/\/www.freimarianne.ch\/wp-content\/gallery\/engadin-5-1-15\/IMG_2885_geburi.jpg\"\n               title=\"\"\n               data-src=\"https:\/\/www.freimarianne.ch\/wp-content\/gallery\/engadin-5-1-15\/IMG_2885_geburi.jpg\"\n               data-thumbnail=\"https:\/\/www.freimarianne.ch\/wp-content\/gallery\/engadin-5-1-15\/thumbs\/thumbs_IMG_2885_geburi.jpg\"\n               data-image-id=\"9993\"\n               data-title=\"IMG_2885_geburi\"\n               data-description=\"\"\n               data-image-slug=\"img_2885_geburi\"\n               class=\"shutterset_8932\">\n                <img\n                    title=\"IMG_2885_geburi\"\n                    alt=\"IMG_2885_geburi\"\n                    src=\"https:\/\/www.freimarianne.ch\/wp-content\/gallery\/engadin-5-1-15\/thumbs\/thumbs_IMG_2885_geburi.jpg\"\n                    width=\"100\"\n                    height=\"75\"\n                    style=\"max-width:100%;\"\n                \/>\n            <\/a>\n        <\/div>\n\t\t\t\t\t\t\t<\/div> \n\t\t\t\n        \n\t\t\t\t<div id=\"ngg-image-1\" class=\"ngg-gallery-thumbnail-box\" >\n\t\t\t\t        <div class=\"ngg-gallery-thumbnail\">\n            <a href=\"https:\/\/www.freimarianne.ch\/wp-content\/gallery\/engadin-5-1-15\/IMG_2888.jpg\"\n               title=\"\"\n               data-src=\"https:\/\/www.freimarianne.ch\/wp-content\/gallery\/engadin-5-1-15\/IMG_2888.jpg\"\n               data-thumbnail=\"https:\/\/www.freimarianne.ch\/wp-content\/gallery\/engadin-5-1-15\/thumbs\/thumbs_IMG_2888.jpg\"\n               data-image-id=\"9994\"\n               data-title=\"IMG_2888\"\n               data-description=\"\"\n               data-image-slug=\"img_2888\"\n               class=\"shutterset_8932\">\n                <img\n                    title=\"IMG_2888\"\n                    alt=\"IMG_2888\"\n                    src=\"https:\/\/www.freimarianne.ch\/wp-content\/gallery\/engadin-5-1-15\/thumbs\/thumbs_IMG_2888.jpg\"\n                    width=\"100\"\n                    height=\"75\"\n                    style=\"max-width:100%;\"\n                \/>\n            <\/a>\n        <\/div>\n\t\t\t\t\t\t\t<\/div> \n\t\t\t\n        \n\t\t\t\t<div id=\"ngg-image-2\" class=\"ngg-gallery-thumbnail-box\" >\n\t\t\t\t        <div class=\"ngg-gallery-thumbnail\">\n            <a href=\"https:\/\/www.freimarianne.ch\/wp-content\/gallery\/engadin-5-1-15\/IMG_2899.jpg\"\n               title=\"\"\n               data-src=\"https:\/\/www.freimarianne.ch\/wp-content\/gallery\/engadin-5-1-15\/IMG_2899.jpg\"\n               data-thumbnail=\"https:\/\/www.freimarianne.ch\/wp-content\/gallery\/engadin-5-1-15\/thumbs\/thumbs_IMG_2899.jpg\"\n               data-image-id=\"9995\"\n               data-title=\"IMG_2899\"\n               data-description=\"\"\n               data-image-slug=\"img_2899-1\"\n               class=\"shutterset_8932\">\n                <img\n                    title=\"IMG_2899\"\n                    alt=\"IMG_2899\"\n                    src=\"https:\/\/www.freimarianne.ch\/wp-content\/gallery\/engadin-5-1-15\/thumbs\/thumbs_IMG_2899.jpg\"\n                    width=\"100\"\n                    height=\"75\"\n                    style=\"max-width:100%;\"\n                \/>\n            <\/a>\n        <\/div>\n\t\t\t\t\t\t\t<\/div> \n\t\t\t\n        \n\t\t\t\t<div id=\"ngg-image-3\" class=\"ngg-gallery-thumbnail-box\" >\n\t\t\t\t        <div class=\"ngg-gallery-thumbnail\">\n            <a href=\"https:\/\/www.freimarianne.ch\/wp-content\/gallery\/engadin-5-1-15\/IMG_2901.jpg\"\n               title=\"\"\n               data-src=\"https:\/\/www.freimarianne.ch\/wp-content\/gallery\/engadin-5-1-15\/IMG_2901.jpg\"\n               data-thumbnail=\"https:\/\/www.freimarianne.ch\/wp-content\/gallery\/engadin-5-1-15\/thumbs\/thumbs_IMG_2901.jpg\"\n               data-image-id=\"9996\"\n               data-title=\"IMG_2901\"\n               data-description=\"\"\n               data-image-slug=\"img_2901-3\"\n               class=\"shutterset_8932\">\n                <img\n                    title=\"IMG_2901\"\n                    alt=\"IMG_2901\"\n                    src=\"https:\/\/www.freimarianne.ch\/wp-content\/gallery\/engadin-5-1-15\/thumbs\/thumbs_IMG_2901.jpg\"\n                    width=\"100\"\n                    height=\"75\"\n                    style=\"max-width:100%;\"\n                \/>\n            <\/a>\n        <\/div>\n\t\t\t\t\t\t\t<\/div> \n\t\t\t\n        \n\t\t\t\t<div id=\"ngg-image-4\" class=\"ngg-gallery-thumbnail-box\" >\n\t\t\t\t        <div class=\"ngg-gallery-thumbnail\">\n            <a href=\"https:\/\/www.freimarianne.ch\/wp-content\/gallery\/engadin-5-1-15\/IMG_2906.jpg\"\n               title=\"\"\n               data-src=\"https:\/\/www.freimarianne.ch\/wp-content\/gallery\/engadin-5-1-15\/IMG_2906.jpg\"\n               data-thumbnail=\"https:\/\/www.freimarianne.ch\/wp-content\/gallery\/engadin-5-1-15\/thumbs\/thumbs_IMG_2906.jpg\"\n               data-image-id=\"9997\"\n               data-title=\"IMG_2906\"\n               data-description=\"\"\n               data-image-slug=\"img_2906-1\"\n               class=\"shutterset_8932\">\n                <img\n                    title=\"IMG_2906\"\n                    alt=\"IMG_2906\"\n                    src=\"https:\/\/www.freimarianne.ch\/wp-content\/gallery\/engadin-5-1-15\/thumbs\/thumbs_IMG_2906.jpg\"\n                    width=\"100\"\n                    height=\"75\"\n                    style=\"max-width:100%;\"\n                \/>\n            <\/a>\n        <\/div>\n\t\t\t\t\t\t\t<\/div> \n\t\t\t\n        \n\t\t\t\t<div id=\"ngg-image-5\" class=\"ngg-gallery-thumbnail-box\" >\n\t\t\t\t        <div class=\"ngg-gallery-thumbnail\">\n            <a href=\"https:\/\/www.freimarianne.ch\/wp-content\/gallery\/engadin-5-1-15\/IMG_2915.jpg\"\n               title=\"\"\n               data-src=\"https:\/\/www.freimarianne.ch\/wp-content\/gallery\/engadin-5-1-15\/IMG_2915.jpg\"\n               data-thumbnail=\"https:\/\/www.freimarianne.ch\/wp-content\/gallery\/engadin-5-1-15\/thumbs\/thumbs_IMG_2915.jpg\"\n               data-image-id=\"9998\"\n               data-title=\"IMG_2915\"\n               data-description=\"\"\n               data-image-slug=\"img_2915-3\"\n               class=\"shutterset_8932\">\n                <img\n                    title=\"IMG_2915\"\n                    alt=\"IMG_2915\"\n                    src=\"https:\/\/www.freimarianne.ch\/wp-content\/gallery\/engadin-5-1-15\/thumbs\/thumbs_IMG_2915.jpg\"\n                    width=\"100\"\n                    height=\"75\"\n                    style=\"max-width:100%;\"\n                \/>\n            <\/a>\n        <\/div>\n\t\t\t\t\t\t\t<\/div> \n\t\t\t\n        \n\t\t\t\t<div id=\"ngg-image-6\" class=\"ngg-gallery-thumbnail-box\" >\n\t\t\t\t        <div class=\"ngg-gallery-thumbnail\">\n            <a href=\"https:\/\/www.freimarianne.ch\/wp-content\/gallery\/engadin-5-1-15\/IMG_2918.jpg\"\n               title=\"\"\n               data-src=\"https:\/\/www.freimarianne.ch\/wp-content\/gallery\/engadin-5-1-15\/IMG_2918.jpg\"\n               data-thumbnail=\"https:\/\/www.freimarianne.ch\/wp-content\/gallery\/engadin-5-1-15\/thumbs\/thumbs_IMG_2918.jpg\"\n               data-image-id=\"9999\"\n               data-title=\"IMG_2918\"\n               data-description=\"\"\n               data-image-slug=\"img_2918\"\n               class=\"shutterset_8932\">\n                <img\n                    title=\"IMG_2918\"\n                    alt=\"IMG_2918\"\n                    src=\"https:\/\/www.freimarianne.ch\/wp-content\/gallery\/engadin-5-1-15\/thumbs\/thumbs_IMG_2918.jpg\"\n                    width=\"100\"\n                    height=\"75\"\n                    style=\"max-width:100%;\"\n                \/>\n            <\/a>\n        <\/div>\n\t\t\t\t\t\t\t<\/div> \n\t\t\t\n        \n\t\t\t\t<div id=\"ngg-image-7\" class=\"ngg-gallery-thumbnail-box\" >\n\t\t\t\t        <div class=\"ngg-gallery-thumbnail\">\n            <a href=\"https:\/\/www.freimarianne.ch\/wp-content\/gallery\/engadin-5-1-15\/IMG_2923.jpg\"\n               title=\"\"\n               data-src=\"https:\/\/www.freimarianne.ch\/wp-content\/gallery\/engadin-5-1-15\/IMG_2923.jpg\"\n               data-thumbnail=\"https:\/\/www.freimarianne.ch\/wp-content\/gallery\/engadin-5-1-15\/thumbs\/thumbs_IMG_2923.jpg\"\n               data-image-id=\"10000\"\n               data-title=\"IMG_2923\"\n               data-description=\"\"\n               data-image-slug=\"img_2923-3\"\n               class=\"shutterset_8932\">\n                <img\n                    title=\"IMG_2923\"\n                    alt=\"IMG_2923\"\n                    src=\"https:\/\/www.freimarianne.ch\/wp-content\/gallery\/engadin-5-1-15\/thumbs\/thumbs_IMG_2923.jpg\"\n                    width=\"100\"\n                    height=\"75\"\n                    style=\"max-width:100%;\"\n                \/>\n            <\/a>\n        <\/div>\n\t\t\t\t\t\t\t<\/div> \n\t\t\t\n        \n\t\t\t\t<div id=\"ngg-image-8\" class=\"ngg-gallery-thumbnail-box\" >\n\t\t\t\t        <div class=\"ngg-gallery-thumbnail\">\n            <a href=\"https:\/\/www.freimarianne.ch\/wp-content\/gallery\/engadin-5-1-15\/IMG_2925.jpg\"\n               title=\"\"\n               data-src=\"https:\/\/www.freimarianne.ch\/wp-content\/gallery\/engadin-5-1-15\/IMG_2925.jpg\"\n               data-thumbnail=\"https:\/\/www.freimarianne.ch\/wp-content\/gallery\/engadin-5-1-15\/thumbs\/thumbs_IMG_2925.jpg\"\n               data-image-id=\"10001\"\n               data-title=\"IMG_2925\"\n               data-description=\"\"\n               data-image-slug=\"img_2925\"\n               class=\"shutterset_8932\">\n                <img\n                    title=\"IMG_2925\"\n                    alt=\"IMG_2925\"\n                    src=\"https:\/\/www.freimarianne.ch\/wp-content\/gallery\/engadin-5-1-15\/thumbs\/thumbs_IMG_2925.jpg\"\n                    width=\"100\"\n                    height=\"75\"\n                    style=\"max-width:100%;\"\n                \/>\n            <\/a>\n        <\/div>\n\t\t\t\t\t\t\t<\/div> \n\t\t\t\n        \n\t\t\t\t<div id=\"ngg-image-9\" class=\"ngg-gallery-thumbnail-box\" >\n\t\t\t\t        <div class=\"ngg-gallery-thumbnail\">\n            <a href=\"https:\/\/www.freimarianne.ch\/wp-content\/gallery\/engadin-5-1-15\/IMG_2930.jpg\"\n               title=\"\"\n               data-src=\"https:\/\/www.freimarianne.ch\/wp-content\/gallery\/engadin-5-1-15\/IMG_2930.jpg\"\n               data-thumbnail=\"https:\/\/www.freimarianne.ch\/wp-content\/gallery\/engadin-5-1-15\/thumbs\/thumbs_IMG_2930.jpg\"\n               data-image-id=\"10002\"\n               data-title=\"IMG_2930\"\n               data-description=\"\"\n               data-image-slug=\"img_2930-3\"\n               class=\"shutterset_8932\">\n                <img\n                    title=\"IMG_2930\"\n                    alt=\"IMG_2930\"\n                    src=\"https:\/\/www.freimarianne.ch\/wp-content\/gallery\/engadin-5-1-15\/thumbs\/thumbs_IMG_2930.jpg\"\n                    width=\"100\"\n                    height=\"75\"\n                    style=\"max-width:100%;\"\n                \/>\n            <\/a>\n        <\/div>\n\t\t\t\t\t\t\t<\/div> \n\t\t\t\n        \n\t\t\t\t<div id=\"ngg-image-10\" class=\"ngg-gallery-thumbnail-box\" >\n\t\t\t\t        <div class=\"ngg-gallery-thumbnail\">\n            <a href=\"https:\/\/www.freimarianne.ch\/wp-content\/gallery\/engadin-5-1-15\/IMG_2935.jpg\"\n               title=\"\"\n               data-src=\"https:\/\/www.freimarianne.ch\/wp-content\/gallery\/engadin-5-1-15\/IMG_2935.jpg\"\n               data-thumbnail=\"https:\/\/www.freimarianne.ch\/wp-content\/gallery\/engadin-5-1-15\/thumbs\/thumbs_IMG_2935.jpg\"\n               data-image-id=\"10003\"\n               data-title=\"IMG_2935\"\n               data-description=\"\"\n               data-image-slug=\"img_2935\"\n               class=\"shutterset_8932\">\n                <img\n                    title=\"IMG_2935\"\n                    alt=\"IMG_2935\"\n                    src=\"https:\/\/www.freimarianne.ch\/wp-content\/gallery\/engadin-5-1-15\/thumbs\/thumbs_IMG_2935.jpg\"\n                    width=\"100\"\n                    height=\"75\"\n                    style=\"max-width:100%;\"\n                \/>\n            <\/a>\n        <\/div>\n\t\t\t\t\t\t\t<\/div> \n\t\t\t\n        \n\t\t\t\t<div id=\"ngg-image-11\" class=\"ngg-gallery-thumbnail-box\" >\n\t\t\t\t        <div class=\"ngg-gallery-thumbnail\">\n            <a href=\"https:\/\/www.freimarianne.ch\/wp-content\/gallery\/engadin-5-1-15\/IMG_2944.jpg\"\n               title=\"\"\n               data-src=\"https:\/\/www.freimarianne.ch\/wp-content\/gallery\/engadin-5-1-15\/IMG_2944.jpg\"\n               data-thumbnail=\"https:\/\/www.freimarianne.ch\/wp-content\/gallery\/engadin-5-1-15\/thumbs\/thumbs_IMG_2944.jpg\"\n               data-image-id=\"10004\"\n               data-title=\"IMG_2944\"\n               data-description=\"\"\n               data-image-slug=\"img_2944-1\"\n               class=\"shutterset_8932\">\n                <img\n                    title=\"IMG_2944\"\n                    alt=\"IMG_2944\"\n                    src=\"https:\/\/www.freimarianne.ch\/wp-content\/gallery\/engadin-5-1-15\/thumbs\/thumbs_IMG_2944.jpg\"\n                    width=\"100\"\n                    height=\"75\"\n                    style=\"max-width:100%;\"\n                \/>\n            <\/a>\n        <\/div>\n\t\t\t\t\t\t\t<\/div> \n\t\t\t\n        \n\t\t\t\t<div id=\"ngg-image-12\" class=\"ngg-gallery-thumbnail-box\" >\n\t\t\t\t        <div class=\"ngg-gallery-thumbnail\">\n            <a href=\"https:\/\/www.freimarianne.ch\/wp-content\/gallery\/engadin-5-1-15\/IMG_2950.jpg\"\n               title=\"\"\n               data-src=\"https:\/\/www.freimarianne.ch\/wp-content\/gallery\/engadin-5-1-15\/IMG_2950.jpg\"\n               data-thumbnail=\"https:\/\/www.freimarianne.ch\/wp-content\/gallery\/engadin-5-1-15\/thumbs\/thumbs_IMG_2950.jpg\"\n               data-image-id=\"10005\"\n               data-title=\"IMG_2950\"\n               data-description=\"\"\n               data-image-slug=\"img_2950\"\n               class=\"shutterset_8932\">\n                <img\n                    title=\"IMG_2950\"\n                    alt=\"IMG_2950\"\n                    src=\"https:\/\/www.freimarianne.ch\/wp-content\/gallery\/engadin-5-1-15\/thumbs\/thumbs_IMG_2950.jpg\"\n                    width=\"100\"\n                    height=\"75\"\n                    style=\"max-width:100%;\"\n                \/>\n            <\/a>\n        <\/div>\n\t\t\t\t\t\t\t<\/div> \n\t\t\t\n        \n\t\t\t\t<div id=\"ngg-image-13\" class=\"ngg-gallery-thumbnail-box\" >\n\t\t\t\t        <div class=\"ngg-gallery-thumbnail\">\n            <a href=\"https:\/\/www.freimarianne.ch\/wp-content\/gallery\/engadin-5-1-15\/IMG_2958.jpg\"\n               title=\"\"\n               data-src=\"https:\/\/www.freimarianne.ch\/wp-content\/gallery\/engadin-5-1-15\/IMG_2958.jpg\"\n               data-thumbnail=\"https:\/\/www.freimarianne.ch\/wp-content\/gallery\/engadin-5-1-15\/thumbs\/thumbs_IMG_2958.jpg\"\n               data-image-id=\"10006\"\n               data-title=\"IMG_2958\"\n               data-description=\"\"\n               data-image-slug=\"img_2958\"\n               class=\"shutterset_8932\">\n                <img\n                    title=\"IMG_2958\"\n                    alt=\"IMG_2958\"\n                    src=\"https:\/\/www.freimarianne.ch\/wp-content\/gallery\/engadin-5-1-15\/thumbs\/thumbs_IMG_2958.jpg\"\n                    width=\"100\"\n                    height=\"75\"\n                    style=\"max-width:100%;\"\n                \/>\n            <\/a>\n        <\/div>\n\t\t\t\t\t\t\t<\/div> \n\t\t\t\n        \n\t\t\n\t\t<!-- Pagination -->\n\t<div class='ngg-clear'><\/div>\t<\/div>\n<\/p>\n","protected":false},"excerpt":{"rendered":"<p>Schlittenfahrt ins Rosegtal, Pontresina Ich verbringe einige Tage im immer wieder sch\u00f6nen Engadin. Heute fahren wir mit dem Pferdeomnibus ins Val Roseg. Die Fahrt ist lange und wir frieren trotz den Wolldecken, in die wir gewickelt sind. Wir sind froh als wir endlich hinten in Val Roseg beim Restaurant ankommen und hinein an die W\u00e4rme [&hellip;]<\/p>\n","protected":false},"author":1,"featured_media":0,"parent":8619,"menu_order":2,"comment_status":"closed","ping_status":"closed","template":"","meta":{"ngg_post_thumbnail":0},"_links":{"self":[{"href":"https:\/\/www.freimarianne.ch\/index.php?rest_route=\/wp\/v2\/pages\/8829"}],"collection":[{"href":"https:\/\/www.freimarianne.ch\/index.php?rest_route=\/wp\/v2\/pages"}],"about":[{"href":"https:\/\/www.freimarianne.ch\/index.php?rest_route=\/wp\/v2\/types\/page"}],"author":[{"embeddable":true,"href":"https:\/\/www.freimarianne.ch\/index.php?rest_route=\/wp\/v2\/users\/1"}],"replies":[{"embeddable":true,"href":"https:\/\/www.freimarianne.ch\/index.php?rest_route=%2Fwp%2Fv2%2Fcomments&post=8829"}],"version-history":[{"count":4,"href":"https:\/\/www.freimarianne.ch\/index.php?rest_route=\/wp\/v2\/pages\/8829\/revisions"}],"predecessor-version":[{"id":8933,"href":"https:\/\/www.freimarianne.ch\/index.php?rest_route=\/wp\/v2\/pages\/8829\/revisions\/8933"}],"up":[{"embeddable":true,"href":"https:\/\/www.freimarianne.ch\/index.php?rest_route=\/wp\/v2\/pages\/8619"}],"wp:attachment":[{"href":"https:\/\/www.freimarianne.ch\/index.php?rest_route=%2Fwp%2Fv2%2Fmedia&parent=8829"}],"curies":[{"name":"wp","href":"https:\/\/api.w.org\/{rel}","templated":true}]}}