{"id":8941,"date":"2015-01-16T15:15:17","date_gmt":"2015-01-16T14:15:17","guid":{"rendered":"http:\/\/www.freimarianne.ch\/?page_id=8941"},"modified":"2015-01-26T17:09:53","modified_gmt":"2015-01-26T16:09:53","slug":"simmental-be-13-1-2015","status":"publish","type":"page","link":"https:\/\/www.freimarianne.ch\/?page_id=8941","title":{"rendered":"Simmental, BE  13.1.2015"},"content":{"rendered":"<p><strong>Winterwanderung von Saanenm\u00f6ser \u00fcber Wittere  nach Gstaad<\/strong><br \/>\n<img loading=\"lazy\" class=\"alignleft size-full wp-image-8949\" src=\"http:\/\/www.freimarianne.ch\/wp-content\/uploads\/2015\/01\/IMG_3098_gstaad_500.jpg\" alt=\"IMG_3098_gstaad_500\" width=\"500\" height=\"333\" srcset=\"https:\/\/www.freimarianne.ch\/wp-content\/uploads\/2015\/01\/IMG_3098_gstaad_500.jpg 500w, https:\/\/www.freimarianne.ch\/wp-content\/uploads\/2015\/01\/IMG_3098_gstaad_500-300x199.jpg 300w, https:\/\/www.freimarianne.ch\/wp-content\/uploads\/2015\/01\/IMG_3098_gstaad_500-450x300.jpg 450w\" sizes=\"(max-width: 500px) 100vw, 500px\" \/><\/a><br \/>\nIch komme um 10.39 h in Saanenm\u00f6ser an und finde gleich  links vom Bahnhof den Einstieg in den Winterwanderweg.<br \/>\nHeute  ist laut Wetterbericht der einzig sch\u00f6ne Tag dieser Woche, weshalb ich die Gelegenheit benutzt habe.<br \/>\nWegen Schneemangels und  st\u00e4ndigen Temperaturschwankungen ist der Weg in einem schlechten Zustand, es gibt viele eisige, rutschige Stellen und Vorsicht ist angebracht!  Aber die Gegend und das Wetter sind sch\u00f6n!<br \/>\n Ich folge  ausserhalb des Dorfes dem Wegweiser nach Wittere, was sich als sehr guten Entscheid herausstellt. So komme ich etwas in die H\u00f6he und muss gar nicht nach Sch\u00f6nried hinuntergehen sondern kann die Richtung Gruben, Gstaad nehmen.  Der Winterwanderweg ist mit violetten Stecken gut ausgesteckt und er f\u00fchrt manchmal quer \u00fcber die Wiesen. Nur hat es auf den H\u00e4ngen oberhalb Gstaad sehr wenig Schnee und man w\u00e4hnt sich an einem Fr\u00fchlingstag unterwegs zu sein &#8211;  die warme F\u00f6hnluft   tr\u00e4gt dazu bei!<br \/>\nDie Sicht aber ist wundersch\u00f6n. Sie geht \u00fcber das Wildhorn, Oldenhorn, Furggenspitz, Wittenberghorn hin\u00fcber zur Gummfluh und den Rubli.<br \/>\nIch bin nun zwei Stunden unterwegs aber ich habe keine Lust, noch eine Wanderung anzuh\u00e4ngen, da ich viel zu warm gekleidet bin f\u00fcr dieses Wetter. So  kann ich schon den Zug um 13.05 h in Gstaad nehmen.<br \/>\nDaf\u00fcr schalte ich noch eine Stunde in Thun ein, um die F\u00f6hnstimmung am Thunersee zu fotographieren.<\/p>\n<p><!-- index.php -->\n<div\n\tclass=\"ngg-galleryoverview ngg-ajax-pagination-none\"\n\tid=\"ngg-gallery-8992-1\">\n\n    \t<div class=\"slideshowlink\">\n        <a href='https:\/\/www.freimarianne.ch\/index.php\/nggallery\/slideshow?page_id=8941'>[Show as slideshow]<\/a>\n\t\t\n\t<\/div>\n\t\t\t<!-- Thumbnails -->\n\t\t\t\t<div id=\"ngg-image-0\" class=\"ngg-gallery-thumbnail-box\" >\n\t\t\t\t        <div class=\"ngg-gallery-thumbnail\">\n            <a href=\"https:\/\/www.freimarianne.ch\/wp-content\/gallery\/simmental-13-1-15\/IMG_3085.jpg\"\n               title=\"\"\n               data-src=\"https:\/\/www.freimarianne.ch\/wp-content\/gallery\/simmental-13-1-15\/IMG_3085.jpg\"\n               data-thumbnail=\"https:\/\/www.freimarianne.ch\/wp-content\/gallery\/simmental-13-1-15\/thumbs\/thumbs_IMG_3085.jpg\"\n               data-image-id=\"10036\"\n               data-title=\"IMG_3085\"\n               data-description=\"\"\n               data-image-slug=\"img_3085-3\"\n               class=\"shutterset_8992\">\n                <img\n                    title=\"IMG_3085\"\n                    alt=\"IMG_3085\"\n                    src=\"https:\/\/www.freimarianne.ch\/wp-content\/gallery\/simmental-13-1-15\/thumbs\/thumbs_IMG_3085.jpg\"\n                    width=\"100\"\n                    height=\"75\"\n                    style=\"max-width:100%;\"\n                \/>\n            <\/a>\n        <\/div>\n\t\t\t\t\t\t\t<\/div> \n\t\t\t\n        \n\t\t\t\t<div id=\"ngg-image-1\" class=\"ngg-gallery-thumbnail-box\" >\n\t\t\t\t        <div class=\"ngg-gallery-thumbnail\">\n            <a href=\"https:\/\/www.freimarianne.ch\/wp-content\/gallery\/simmental-13-1-15\/IMG_3089.jpg\"\n               title=\"\"\n               data-src=\"https:\/\/www.freimarianne.ch\/wp-content\/gallery\/simmental-13-1-15\/IMG_3089.jpg\"\n               data-thumbnail=\"https:\/\/www.freimarianne.ch\/wp-content\/gallery\/simmental-13-1-15\/thumbs\/thumbs_IMG_3089.jpg\"\n               data-image-id=\"10037\"\n               data-title=\"IMG_3089\"\n               data-description=\"\"\n               data-image-slug=\"img_3089-1\"\n               class=\"shutterset_8992\">\n                <img\n                    title=\"IMG_3089\"\n                    alt=\"IMG_3089\"\n                    src=\"https:\/\/www.freimarianne.ch\/wp-content\/gallery\/simmental-13-1-15\/thumbs\/thumbs_IMG_3089.jpg\"\n                    width=\"100\"\n                    height=\"75\"\n                    style=\"max-width:100%;\"\n                \/>\n            <\/a>\n        <\/div>\n\t\t\t\t\t\t\t<\/div> \n\t\t\t\n        \n\t\t\t\t<div id=\"ngg-image-2\" class=\"ngg-gallery-thumbnail-box\" >\n\t\t\t\t        <div class=\"ngg-gallery-thumbnail\">\n            <a href=\"https:\/\/www.freimarianne.ch\/wp-content\/gallery\/simmental-13-1-15\/IMG_3090.jpg\"\n               title=\"\"\n               data-src=\"https:\/\/www.freimarianne.ch\/wp-content\/gallery\/simmental-13-1-15\/IMG_3090.jpg\"\n               data-thumbnail=\"https:\/\/www.freimarianne.ch\/wp-content\/gallery\/simmental-13-1-15\/thumbs\/thumbs_IMG_3090.jpg\"\n               data-image-id=\"10038\"\n               data-title=\"IMG_3090\"\n               data-description=\"\"\n               data-image-slug=\"img_3090-1\"\n               class=\"shutterset_8992\">\n                <img\n                    title=\"IMG_3090\"\n                    alt=\"IMG_3090\"\n                    src=\"https:\/\/www.freimarianne.ch\/wp-content\/gallery\/simmental-13-1-15\/thumbs\/thumbs_IMG_3090.jpg\"\n                    width=\"100\"\n                    height=\"75\"\n                    style=\"max-width:100%;\"\n                \/>\n            <\/a>\n        <\/div>\n\t\t\t\t\t\t\t<\/div> \n\t\t\t\n        \n\t\t\t\t<div id=\"ngg-image-3\" class=\"ngg-gallery-thumbnail-box\" >\n\t\t\t\t        <div class=\"ngg-gallery-thumbnail\">\n            <a href=\"https:\/\/www.freimarianne.ch\/wp-content\/gallery\/simmental-13-1-15\/IMG_3093.jpg\"\n               title=\"\"\n               data-src=\"https:\/\/www.freimarianne.ch\/wp-content\/gallery\/simmental-13-1-15\/IMG_3093.jpg\"\n               data-thumbnail=\"https:\/\/www.freimarianne.ch\/wp-content\/gallery\/simmental-13-1-15\/thumbs\/thumbs_IMG_3093.jpg\"\n               data-image-id=\"10039\"\n               data-title=\"IMG_3093\"\n               data-description=\"\"\n               data-image-slug=\"img_3093\"\n               class=\"shutterset_8992\">\n                <img\n                    title=\"IMG_3093\"\n                    alt=\"IMG_3093\"\n                    src=\"https:\/\/www.freimarianne.ch\/wp-content\/gallery\/simmental-13-1-15\/thumbs\/thumbs_IMG_3093.jpg\"\n                    width=\"100\"\n                    height=\"75\"\n                    style=\"max-width:100%;\"\n                \/>\n            <\/a>\n        <\/div>\n\t\t\t\t\t\t\t<\/div> \n\t\t\t\n        \n\t\t\t\t<div id=\"ngg-image-4\" class=\"ngg-gallery-thumbnail-box\" >\n\t\t\t\t        <div class=\"ngg-gallery-thumbnail\">\n            <a href=\"https:\/\/www.freimarianne.ch\/wp-content\/gallery\/simmental-13-1-15\/IMG_3095.jpg\"\n               title=\"\"\n               data-src=\"https:\/\/www.freimarianne.ch\/wp-content\/gallery\/simmental-13-1-15\/IMG_3095.jpg\"\n               data-thumbnail=\"https:\/\/www.freimarianne.ch\/wp-content\/gallery\/simmental-13-1-15\/thumbs\/thumbs_IMG_3095.jpg\"\n               data-image-id=\"10040\"\n               data-title=\"IMG_3095\"\n               data-description=\"\"\n               data-image-slug=\"img_3095-3\"\n               class=\"shutterset_8992\">\n                <img\n                    title=\"IMG_3095\"\n                    alt=\"IMG_3095\"\n                    src=\"https:\/\/www.freimarianne.ch\/wp-content\/gallery\/simmental-13-1-15\/thumbs\/thumbs_IMG_3095.jpg\"\n                    width=\"100\"\n                    height=\"75\"\n                    style=\"max-width:100%;\"\n                \/>\n            <\/a>\n        <\/div>\n\t\t\t\t\t\t\t<\/div> \n\t\t\t\n        \n\t\t\t\t<div id=\"ngg-image-5\" class=\"ngg-gallery-thumbnail-box\" >\n\t\t\t\t        <div class=\"ngg-gallery-thumbnail\">\n            <a href=\"https:\/\/www.freimarianne.ch\/wp-content\/gallery\/simmental-13-1-15\/IMG_3103.jpg\"\n               title=\"\"\n               data-src=\"https:\/\/www.freimarianne.ch\/wp-content\/gallery\/simmental-13-1-15\/IMG_3103.jpg\"\n               data-thumbnail=\"https:\/\/www.freimarianne.ch\/wp-content\/gallery\/simmental-13-1-15\/thumbs\/thumbs_IMG_3103.jpg\"\n               data-image-id=\"10041\"\n               data-title=\"IMG_3103\"\n               data-description=\"\"\n               data-image-slug=\"img_3103-3\"\n               class=\"shutterset_8992\">\n                <img\n                    title=\"IMG_3103\"\n                    alt=\"IMG_3103\"\n                    src=\"https:\/\/www.freimarianne.ch\/wp-content\/gallery\/simmental-13-1-15\/thumbs\/thumbs_IMG_3103.jpg\"\n                    width=\"100\"\n                    height=\"75\"\n                    style=\"max-width:100%;\"\n                \/>\n            <\/a>\n        <\/div>\n\t\t\t\t\t\t\t<\/div> \n\t\t\t\n        \n\t\t\t\t<div id=\"ngg-image-6\" class=\"ngg-gallery-thumbnail-box\" >\n\t\t\t\t        <div class=\"ngg-gallery-thumbnail\">\n            <a href=\"https:\/\/www.freimarianne.ch\/wp-content\/gallery\/simmental-13-1-15\/IMG_3104.jpg\"\n               title=\"\"\n               data-src=\"https:\/\/www.freimarianne.ch\/wp-content\/gallery\/simmental-13-1-15\/IMG_3104.jpg\"\n               data-thumbnail=\"https:\/\/www.freimarianne.ch\/wp-content\/gallery\/simmental-13-1-15\/thumbs\/thumbs_IMG_3104.jpg\"\n               data-image-id=\"10042\"\n               data-title=\"IMG_3104\"\n               data-description=\"\"\n               data-image-slug=\"img_3104-1\"\n               class=\"shutterset_8992\">\n                <img\n                    title=\"IMG_3104\"\n                    alt=\"IMG_3104\"\n                    src=\"https:\/\/www.freimarianne.ch\/wp-content\/gallery\/simmental-13-1-15\/thumbs\/thumbs_IMG_3104.jpg\"\n                    width=\"100\"\n                    height=\"75\"\n                    style=\"max-width:100%;\"\n                \/>\n            <\/a>\n        <\/div>\n\t\t\t\t\t\t\t<\/div> \n\t\t\t\n        \n\t\t\t\t<div id=\"ngg-image-7\" class=\"ngg-gallery-thumbnail-box\" >\n\t\t\t\t        <div class=\"ngg-gallery-thumbnail\">\n            <a href=\"https:\/\/www.freimarianne.ch\/wp-content\/gallery\/simmental-13-1-15\/IMG_3110.jpg\"\n               title=\"\"\n               data-src=\"https:\/\/www.freimarianne.ch\/wp-content\/gallery\/simmental-13-1-15\/IMG_3110.jpg\"\n               data-thumbnail=\"https:\/\/www.freimarianne.ch\/wp-content\/gallery\/simmental-13-1-15\/thumbs\/thumbs_IMG_3110.jpg\"\n               data-image-id=\"10043\"\n               data-title=\"IMG_3110\"\n               data-description=\"\"\n               data-image-slug=\"img_3110-1\"\n               class=\"shutterset_8992\">\n                <img\n                    title=\"IMG_3110\"\n                    alt=\"IMG_3110\"\n                    src=\"https:\/\/www.freimarianne.ch\/wp-content\/gallery\/simmental-13-1-15\/thumbs\/thumbs_IMG_3110.jpg\"\n                    width=\"100\"\n                    height=\"75\"\n                    style=\"max-width:100%;\"\n                \/>\n            <\/a>\n        <\/div>\n\t\t\t\t\t\t\t<\/div> \n\t\t\t\n        \n\t\t\t\t<div id=\"ngg-image-8\" class=\"ngg-gallery-thumbnail-box\" >\n\t\t\t\t        <div class=\"ngg-gallery-thumbnail\">\n            <a href=\"https:\/\/www.freimarianne.ch\/wp-content\/gallery\/simmental-13-1-15\/IMG_3111.jpg\"\n               title=\"\"\n               data-src=\"https:\/\/www.freimarianne.ch\/wp-content\/gallery\/simmental-13-1-15\/IMG_3111.jpg\"\n               data-thumbnail=\"https:\/\/www.freimarianne.ch\/wp-content\/gallery\/simmental-13-1-15\/thumbs\/thumbs_IMG_3111.jpg\"\n               data-image-id=\"10044\"\n               data-title=\"IMG_3111\"\n               data-description=\"\"\n               data-image-slug=\"img_3111-1\"\n               class=\"shutterset_8992\">\n                <img\n                    title=\"IMG_3111\"\n                    alt=\"IMG_3111\"\n                    src=\"https:\/\/www.freimarianne.ch\/wp-content\/gallery\/simmental-13-1-15\/thumbs\/thumbs_IMG_3111.jpg\"\n                    width=\"100\"\n                    height=\"75\"\n                    style=\"max-width:100%;\"\n                \/>\n            <\/a>\n        <\/div>\n\t\t\t\t\t\t\t<\/div> \n\t\t\t\n        \n\t\t\t\t<div id=\"ngg-image-9\" class=\"ngg-gallery-thumbnail-box\" >\n\t\t\t\t        <div class=\"ngg-gallery-thumbnail\">\n            <a href=\"https:\/\/www.freimarianne.ch\/wp-content\/gallery\/simmental-13-1-15\/IMG_3113.jpg\"\n               title=\"\"\n               data-src=\"https:\/\/www.freimarianne.ch\/wp-content\/gallery\/simmental-13-1-15\/IMG_3113.jpg\"\n               data-thumbnail=\"https:\/\/www.freimarianne.ch\/wp-content\/gallery\/simmental-13-1-15\/thumbs\/thumbs_IMG_3113.jpg\"\n               data-image-id=\"10045\"\n               data-title=\"IMG_3113\"\n               data-description=\"\"\n               data-image-slug=\"img_3113-3\"\n               class=\"shutterset_8992\">\n                <img\n                    title=\"IMG_3113\"\n                    alt=\"IMG_3113\"\n                    src=\"https:\/\/www.freimarianne.ch\/wp-content\/gallery\/simmental-13-1-15\/thumbs\/thumbs_IMG_3113.jpg\"\n                    width=\"100\"\n                    height=\"75\"\n                    style=\"max-width:100%;\"\n                \/>\n            <\/a>\n        <\/div>\n\t\t\t\t\t\t\t<\/div> \n\t\t\t\n        \n\t\t\n\t\t<!-- Pagination -->\n\t<div class='ngg-clear'><\/div>\t<\/div>\n<\/p>\n","protected":false},"excerpt":{"rendered":"<p>Winterwanderung von Saanenm\u00f6ser \u00fcber Wittere nach Gstaad Ich komme um 10.39 h in Saanenm\u00f6ser an und finde gleich links vom Bahnhof den Einstieg in den Winterwanderweg. Heute ist laut Wetterbericht der einzig sch\u00f6ne Tag dieser Woche, weshalb ich die Gelegenheit benutzt habe. Wegen Schneemangels und st\u00e4ndigen Temperaturschwankungen ist der Weg in einem schlechten Zustand, es [&hellip;]<\/p>\n","protected":false},"author":1,"featured_media":0,"parent":8619,"menu_order":5,"comment_status":"closed","ping_status":"closed","template":"","meta":{"ngg_post_thumbnail":0},"_links":{"self":[{"href":"https:\/\/www.freimarianne.ch\/index.php?rest_route=\/wp\/v2\/pages\/8941"}],"collection":[{"href":"https:\/\/www.freimarianne.ch\/index.php?rest_route=\/wp\/v2\/pages"}],"about":[{"href":"https:\/\/www.freimarianne.ch\/index.php?rest_route=\/wp\/v2\/types\/page"}],"author":[{"embeddable":true,"href":"https:\/\/www.freimarianne.ch\/index.php?rest_route=\/wp\/v2\/users\/1"}],"replies":[{"embeddable":true,"href":"https:\/\/www.freimarianne.ch\/index.php?rest_route=%2Fwp%2Fv2%2Fcomments&post=8941"}],"version-history":[{"count":12,"href":"https:\/\/www.freimarianne.ch\/index.php?rest_route=\/wp\/v2\/pages\/8941\/revisions"}],"predecessor-version":[{"id":9155,"href":"https:\/\/www.freimarianne.ch\/index.php?rest_route=\/wp\/v2\/pages\/8941\/revisions\/9155"}],"up":[{"embeddable":true,"href":"https:\/\/www.freimarianne.ch\/index.php?rest_route=\/wp\/v2\/pages\/8619"}],"wp:attachment":[{"href":"https:\/\/www.freimarianne.ch\/index.php?rest_route=%2Fwp%2Fv2%2Fmedia&parent=8941"}],"curies":[{"name":"wp","href":"https:\/\/api.w.org\/{rel}","templated":true}]}}