{"id":8943,"date":"2015-01-16T15:16:18","date_gmt":"2015-01-16T14:16:18","guid":{"rendered":"http:\/\/www.freimarianne.ch\/?page_id=8943"},"modified":"2015-01-17T10:20:54","modified_gmt":"2015-01-17T09:20:54","slug":"thun-panorama-13-1-2015","status":"publish","type":"page","link":"https:\/\/www.freimarianne.ch\/?page_id=8943","title":{"rendered":"Thun: Panorama  13.1.2015"},"content":{"rendered":"<p style=\"text-align: left;\"><strong>Thuner Panorama <\/strong>vom Seeufer aus<\/p>\n<p><img loading=\"lazy\" class=\"aligncenter size-large wp-image-8945\" src=\"http:\/\/www.freimarianne.ch\/wp-content\/uploads\/2015\/01\/Pano-3118-21-Thun_1500-1024x233.jpg\" alt=\"Pano 3118-21 Thun_1500\" width=\"1024\" height=\"233\" srcset=\"https:\/\/www.freimarianne.ch\/wp-content\/uploads\/2015\/01\/Pano-3118-21-Thun_1500-1024x233.jpg 1024w, https:\/\/www.freimarianne.ch\/wp-content\/uploads\/2015\/01\/Pano-3118-21-Thun_1500-300x68.jpg 300w, https:\/\/www.freimarianne.ch\/wp-content\/uploads\/2015\/01\/Pano-3118-21-Thun_1500-500x114.jpg 500w, https:\/\/www.freimarianne.ch\/wp-content\/uploads\/2015\/01\/Pano-3118-21-Thun_1500.jpg 1500w\" sizes=\"(max-width: 1024px) 100vw, 1024px\" \/><br \/>\n<strong><!-- index.php -->\n<div\n\tclass=\"ngg-galleryoverview ngg-ajax-pagination-none\"\n\tid=\"ngg-gallery-8985-1\">\n\n    \t<div class=\"slideshowlink\">\n        <a href='https:\/\/www.freimarianne.ch\/index.php\/nggallery\/slideshow?page_id=8943'>[Show as slideshow]<\/a>\n\t\t\n\t<\/div>\n\t\t\t<!-- Thumbnails -->\n\t\t\t\t<div id=\"ngg-image-0\" class=\"ngg-gallery-thumbnail-box\" >\n\t\t\t\t        <div class=\"ngg-gallery-thumbnail\">\n            <a href=\"https:\/\/www.freimarianne.ch\/wp-content\/gallery\/thun-13-1-15\/IMG_3118.jpg\"\n               title=\"\"\n               data-src=\"https:\/\/www.freimarianne.ch\/wp-content\/gallery\/thun-13-1-15\/IMG_3118.jpg\"\n               data-thumbnail=\"https:\/\/www.freimarianne.ch\/wp-content\/gallery\/thun-13-1-15\/thumbs\/thumbs_IMG_3118.jpg\"\n               data-image-id=\"10046\"\n               data-title=\"IMG_3118\"\n               data-description=\"\"\n               data-image-slug=\"img_3118\"\n               class=\"shutterset_8985\">\n                <img\n                    title=\"IMG_3118\"\n                    alt=\"IMG_3118\"\n                    src=\"https:\/\/www.freimarianne.ch\/wp-content\/gallery\/thun-13-1-15\/thumbs\/thumbs_IMG_3118.jpg\"\n                    width=\"100\"\n                    height=\"75\"\n                    style=\"max-width:100%;\"\n                \/>\n            <\/a>\n        <\/div>\n\t\t\t\t\t\t\t<\/div> \n\t\t\t\n        \n\t\t\t\t<div id=\"ngg-image-1\" class=\"ngg-gallery-thumbnail-box\" >\n\t\t\t\t        <div class=\"ngg-gallery-thumbnail\">\n            <a href=\"https:\/\/www.freimarianne.ch\/wp-content\/gallery\/thun-13-1-15\/IMG_3125.jpg\"\n               title=\"\"\n               data-src=\"https:\/\/www.freimarianne.ch\/wp-content\/gallery\/thun-13-1-15\/IMG_3125.jpg\"\n               data-thumbnail=\"https:\/\/www.freimarianne.ch\/wp-content\/gallery\/thun-13-1-15\/thumbs\/thumbs_IMG_3125.jpg\"\n               data-image-id=\"10047\"\n               data-title=\"IMG_3125\"\n               data-description=\"\"\n               data-image-slug=\"img_3125-1\"\n               class=\"shutterset_8985\">\n                <img\n                    title=\"IMG_3125\"\n                    alt=\"IMG_3125\"\n                    src=\"https:\/\/www.freimarianne.ch\/wp-content\/gallery\/thun-13-1-15\/thumbs\/thumbs_IMG_3125.jpg\"\n                    width=\"100\"\n                    height=\"75\"\n                    style=\"max-width:100%;\"\n                \/>\n            <\/a>\n        <\/div>\n\t\t\t\t\t\t\t<\/div> \n\t\t\t\n        \n\t\t\t\t<div id=\"ngg-image-2\" class=\"ngg-gallery-thumbnail-box\" >\n\t\t\t\t        <div class=\"ngg-gallery-thumbnail\">\n            <a href=\"https:\/\/www.freimarianne.ch\/wp-content\/gallery\/thun-13-1-15\/IMG_3131.jpg\"\n               title=\"\"\n               data-src=\"https:\/\/www.freimarianne.ch\/wp-content\/gallery\/thun-13-1-15\/IMG_3131.jpg\"\n               data-thumbnail=\"https:\/\/www.freimarianne.ch\/wp-content\/gallery\/thun-13-1-15\/thumbs\/thumbs_IMG_3131.jpg\"\n               data-image-id=\"10048\"\n               data-title=\"IMG_3131\"\n               data-description=\"\"\n               data-image-slug=\"img_3131-1\"\n               class=\"shutterset_8985\">\n                <img\n                    title=\"IMG_3131\"\n                    alt=\"IMG_3131\"\n                    src=\"https:\/\/www.freimarianne.ch\/wp-content\/gallery\/thun-13-1-15\/thumbs\/thumbs_IMG_3131.jpg\"\n                    width=\"100\"\n                    height=\"75\"\n                    style=\"max-width:100%;\"\n                \/>\n            <\/a>\n        <\/div>\n\t\t\t\t\t\t\t<\/div> \n\t\t\t\n        \n\t\t\t\t<div id=\"ngg-image-3\" class=\"ngg-gallery-thumbnail-box\" >\n\t\t\t\t        <div class=\"ngg-gallery-thumbnail\">\n            <a href=\"https:\/\/www.freimarianne.ch\/wp-content\/gallery\/thun-13-1-15\/IMG_3133.jpg\"\n               title=\"\"\n               data-src=\"https:\/\/www.freimarianne.ch\/wp-content\/gallery\/thun-13-1-15\/IMG_3133.jpg\"\n               data-thumbnail=\"https:\/\/www.freimarianne.ch\/wp-content\/gallery\/thun-13-1-15\/thumbs\/thumbs_IMG_3133.jpg\"\n               data-image-id=\"10049\"\n               data-title=\"IMG_3133\"\n               data-description=\"\"\n               data-image-slug=\"img_3133\"\n               class=\"shutterset_8985\">\n                <img\n                    title=\"IMG_3133\"\n                    alt=\"IMG_3133\"\n                    src=\"https:\/\/www.freimarianne.ch\/wp-content\/gallery\/thun-13-1-15\/thumbs\/thumbs_IMG_3133.jpg\"\n                    width=\"100\"\n                    height=\"75\"\n                    style=\"max-width:100%;\"\n                \/>\n            <\/a>\n        <\/div>\n\t\t\t\t\t\t\t<\/div> \n\t\t\t\n        \n\t\t\t\t<div id=\"ngg-image-4\" class=\"ngg-gallery-thumbnail-box\" >\n\t\t\t\t        <div class=\"ngg-gallery-thumbnail\">\n            <a href=\"https:\/\/www.freimarianne.ch\/wp-content\/gallery\/thun-13-1-15\/Pan-3114-16-Thun.jpg\"\n               title=\"\"\n               data-src=\"https:\/\/www.freimarianne.ch\/wp-content\/gallery\/thun-13-1-15\/Pan-3114-16-Thun.jpg\"\n               data-thumbnail=\"https:\/\/www.freimarianne.ch\/wp-content\/gallery\/thun-13-1-15\/thumbs\/thumbs_Pan-3114-16-Thun.jpg\"\n               data-image-id=\"10050\"\n               data-title=\"Pan 3114-16 Thun\"\n               data-description=\"\"\n               data-image-slug=\"pan-3114-16-thun\"\n               class=\"shutterset_8985\">\n                <img\n                    title=\"Pan 3114-16 Thun\"\n                    alt=\"Pan 3114-16 Thun\"\n                    src=\"https:\/\/www.freimarianne.ch\/wp-content\/gallery\/thun-13-1-15\/thumbs\/thumbs_Pan-3114-16-Thun.jpg\"\n                    width=\"100\"\n                    height=\"75\"\n                    style=\"max-width:100%;\"\n                \/>\n            <\/a>\n        <\/div>\n\t\t\t\t\t\t\t<\/div> \n\t\t\t\n        \n\t\t\n\t\t<!-- Pagination -->\n\t<div class='ngg-clear'><\/div>\t<\/div>\n<\/strong><\/p>\n<p>Eiger, M\u00f6nch und Jungfrau; davor\u00a0 D\u00e4rligengrat, Leissigengrat; mit B\u00e4llenh\u00f6chtst und H\u00f6hj Sulegg dahinter\u00a0 Morgenberghorn, dahinter Schwalmere, Lobh\u00f6rner,\u00a0 First, Dreispitz, Wetterlatte, Morgenhorn, davor\u00a0 Wilde Frau, Weisse Frau, Bl\u00fcemlisalphorn,\u00a0 \u00d6schinenhorn, Fr\u00fcndenhorn , hi \u00c4rmighorn, Doldenhorn<\/p>\n","protected":false},"excerpt":{"rendered":"<p>Thuner Panorama vom Seeufer aus [Show as slideshow] Eiger, M\u00f6nch und Jungfrau; davor\u00a0 D\u00e4rligengrat, Leissigengrat; mit B\u00e4llenh\u00f6chtst und H\u00f6hj Sulegg dahinter\u00a0 Morgenberghorn, dahinter Schwalmere, Lobh\u00f6rner,\u00a0 First, Dreispitz, Wetterlatte, Morgenhorn, davor\u00a0 Wilde Frau, Weisse Frau, Bl\u00fcemlisalphorn,\u00a0 \u00d6schinenhorn, Fr\u00fcndenhorn , hi \u00c4rmighorn, Doldenhorn<\/p>\n","protected":false},"author":1,"featured_media":0,"parent":8619,"menu_order":6,"comment_status":"closed","ping_status":"closed","template":"","meta":{"ngg_post_thumbnail":0},"_links":{"self":[{"href":"https:\/\/www.freimarianne.ch\/index.php?rest_route=\/wp\/v2\/pages\/8943"}],"collection":[{"href":"https:\/\/www.freimarianne.ch\/index.php?rest_route=\/wp\/v2\/pages"}],"about":[{"href":"https:\/\/www.freimarianne.ch\/index.php?rest_route=\/wp\/v2\/types\/page"}],"author":[{"embeddable":true,"href":"https:\/\/www.freimarianne.ch\/index.php?rest_route=\/wp\/v2\/users\/1"}],"replies":[{"embeddable":true,"href":"https:\/\/www.freimarianne.ch\/index.php?rest_route=%2Fwp%2Fv2%2Fcomments&post=8943"}],"version-history":[{"count":17,"href":"https:\/\/www.freimarianne.ch\/index.php?rest_route=\/wp\/v2\/pages\/8943\/revisions"}],"predecessor-version":[{"id":9009,"href":"https:\/\/www.freimarianne.ch\/index.php?rest_route=\/wp\/v2\/pages\/8943\/revisions\/9009"}],"up":[{"embeddable":true,"href":"https:\/\/www.freimarianne.ch\/index.php?rest_route=\/wp\/v2\/pages\/8619"}],"wp:attachment":[{"href":"https:\/\/www.freimarianne.ch\/index.php?rest_route=%2Fwp%2Fv2%2Fmedia&parent=8943"}],"curies":[{"name":"wp","href":"https:\/\/api.w.org\/{rel}","templated":true}]}}