{"id":9237,"date":"2015-02-16T16:07:36","date_gmt":"2015-02-16T15:07:36","guid":{"rendered":"http:\/\/www.freimarianne.ch\/?page_id=9237"},"modified":"2015-02-23T16:00:41","modified_gmt":"2015-02-23T15:00:41","slug":"engelberg-ow-10-2-2015","status":"publish","type":"page","link":"https:\/\/www.freimarianne.ch\/?page_id=9237","title":{"rendered":"Engelberg,  OW 10.2.2015"},"content":{"rendered":"<p><strong>Winterwanderung in Engelberg<\/strong><br \/>\nvon Engelberg &#8211; Waldegg &#8211; Schwand &#8211; Spisboden &#8211; etwas weiter gegen Ristis. Zur\u00fcck \u00fcber Bergli nach Fellenr\u00fcti.<\/p>\n<p><img loading=\"lazy\" class=\"alignleft size-full wp-image-9245\" src=\"http:\/\/www.freimarianne.ch\/wp-content\/uploads\/2015\/02\/IMG_7441_engelberg_500.jpg\" alt=\"IMG_7441_engelberg_500\" width=\"500\" height=\"375\" srcset=\"https:\/\/www.freimarianne.ch\/wp-content\/uploads\/2015\/02\/IMG_7441_engelberg_500.jpg 500w, https:\/\/www.freimarianne.ch\/wp-content\/uploads\/2015\/02\/IMG_7441_engelberg_500-300x225.jpg 300w, https:\/\/www.freimarianne.ch\/wp-content\/uploads\/2015\/02\/IMG_7441_engelberg_500-400x300.jpg 400w\" sizes=\"(max-width: 500px) 100vw, 500px\" \/><\/p>\n<p><!-- index.php -->\n<div\n\tclass=\"ngg-galleryoverview ngg-ajax-pagination-none\"\n\tid=\"ngg-gallery-9598-1\">\n\n    \t<div class=\"slideshowlink\">\n        <a href='https:\/\/www.freimarianne.ch\/index.php\/nggallery\/slideshow?page_id=9237'>[Show as slideshow]<\/a>\n\t\t\n\t<\/div>\n\t\t\t<!-- Thumbnails -->\n\t\t\t\t<div id=\"ngg-image-0\" class=\"ngg-gallery-thumbnail-box\" >\n\t\t\t\t        <div class=\"ngg-gallery-thumbnail\">\n            <a href=\"https:\/\/www.freimarianne.ch\/wp-content\/gallery\/engelberg-10-2-15\/IMG_4362.jpg\"\n               title=\"\"\n               data-src=\"https:\/\/www.freimarianne.ch\/wp-content\/gallery\/engelberg-10-2-15\/IMG_4362.jpg\"\n               data-thumbnail=\"https:\/\/www.freimarianne.ch\/wp-content\/gallery\/engelberg-10-2-15\/thumbs\/thumbs_IMG_4362.jpg\"\n               data-image-id=\"10147\"\n               data-title=\"IMG_4362\"\n               data-description=\"\"\n               data-image-slug=\"img_4362-1\"\n               class=\"shutterset_9598\">\n                <img\n                    title=\"IMG_4362\"\n                    alt=\"IMG_4362\"\n                    src=\"https:\/\/www.freimarianne.ch\/wp-content\/gallery\/engelberg-10-2-15\/thumbs\/thumbs_IMG_4362.jpg\"\n                    width=\"100\"\n                    height=\"75\"\n                    style=\"max-width:100%;\"\n                \/>\n            <\/a>\n        <\/div>\n\t\t\t\t\t\t\t<\/div> \n\t\t\t\n        \n\t\t\t\t<div id=\"ngg-image-1\" class=\"ngg-gallery-thumbnail-box\" >\n\t\t\t\t        <div class=\"ngg-gallery-thumbnail\">\n            <a href=\"https:\/\/www.freimarianne.ch\/wp-content\/gallery\/engelberg-10-2-15\/IMG_7410.jpg\"\n               title=\"\"\n               data-src=\"https:\/\/www.freimarianne.ch\/wp-content\/gallery\/engelberg-10-2-15\/IMG_7410.jpg\"\n               data-thumbnail=\"https:\/\/www.freimarianne.ch\/wp-content\/gallery\/engelberg-10-2-15\/thumbs\/thumbs_IMG_7410.jpg\"\n               data-image-id=\"10148\"\n               data-title=\"IMG_7410\"\n               data-description=\"\"\n               data-image-slug=\"img_7410\"\n               class=\"shutterset_9598\">\n                <img\n                    title=\"IMG_7410\"\n                    alt=\"IMG_7410\"\n                    src=\"https:\/\/www.freimarianne.ch\/wp-content\/gallery\/engelberg-10-2-15\/thumbs\/thumbs_IMG_7410.jpg\"\n                    width=\"100\"\n                    height=\"75\"\n                    style=\"max-width:100%;\"\n                \/>\n            <\/a>\n        <\/div>\n\t\t\t\t\t\t\t<\/div> \n\t\t\t\n        \n\t\t\t\t<div id=\"ngg-image-2\" class=\"ngg-gallery-thumbnail-box\" >\n\t\t\t\t        <div class=\"ngg-gallery-thumbnail\">\n            <a href=\"https:\/\/www.freimarianne.ch\/wp-content\/gallery\/engelberg-10-2-15\/IMG_7417.jpg\"\n               title=\"\"\n               data-src=\"https:\/\/www.freimarianne.ch\/wp-content\/gallery\/engelberg-10-2-15\/IMG_7417.jpg\"\n               data-thumbnail=\"https:\/\/www.freimarianne.ch\/wp-content\/gallery\/engelberg-10-2-15\/thumbs\/thumbs_IMG_7417.jpg\"\n               data-image-id=\"10149\"\n               data-title=\"IMG_7417\"\n               data-description=\"\"\n               data-image-slug=\"img_7417\"\n               class=\"shutterset_9598\">\n                <img\n                    title=\"IMG_7417\"\n                    alt=\"IMG_7417\"\n                    src=\"https:\/\/www.freimarianne.ch\/wp-content\/gallery\/engelberg-10-2-15\/thumbs\/thumbs_IMG_7417.jpg\"\n                    width=\"100\"\n                    height=\"75\"\n                    style=\"max-width:100%;\"\n                \/>\n            <\/a>\n        <\/div>\n\t\t\t\t\t\t\t<\/div> \n\t\t\t\n        \n\t\t\t\t<div id=\"ngg-image-3\" class=\"ngg-gallery-thumbnail-box\" >\n\t\t\t\t        <div class=\"ngg-gallery-thumbnail\">\n            <a href=\"https:\/\/www.freimarianne.ch\/wp-content\/gallery\/engelberg-10-2-15\/IMG_7422.jpg\"\n               title=\"\"\n               data-src=\"https:\/\/www.freimarianne.ch\/wp-content\/gallery\/engelberg-10-2-15\/IMG_7422.jpg\"\n               data-thumbnail=\"https:\/\/www.freimarianne.ch\/wp-content\/gallery\/engelberg-10-2-15\/thumbs\/thumbs_IMG_7422.jpg\"\n               data-image-id=\"10150\"\n               data-title=\"IMG_7422\"\n               data-description=\"\"\n               data-image-slug=\"img_7422-1\"\n               class=\"shutterset_9598\">\n                <img\n                    title=\"IMG_7422\"\n                    alt=\"IMG_7422\"\n                    src=\"https:\/\/www.freimarianne.ch\/wp-content\/gallery\/engelberg-10-2-15\/thumbs\/thumbs_IMG_7422.jpg\"\n                    width=\"100\"\n                    height=\"75\"\n                    style=\"max-width:100%;\"\n                \/>\n            <\/a>\n        <\/div>\n\t\t\t\t\t\t\t<\/div> \n\t\t\t\n        \n\t\t\t\t<div id=\"ngg-image-4\" class=\"ngg-gallery-thumbnail-box\" >\n\t\t\t\t        <div class=\"ngg-gallery-thumbnail\">\n            <a href=\"https:\/\/www.freimarianne.ch\/wp-content\/gallery\/engelberg-10-2-15\/IMG_7423.jpg\"\n               title=\"\"\n               data-src=\"https:\/\/www.freimarianne.ch\/wp-content\/gallery\/engelberg-10-2-15\/IMG_7423.jpg\"\n               data-thumbnail=\"https:\/\/www.freimarianne.ch\/wp-content\/gallery\/engelberg-10-2-15\/thumbs\/thumbs_IMG_7423.jpg\"\n               data-image-id=\"10151\"\n               data-title=\"IMG_7423\"\n               data-description=\"\"\n               data-image-slug=\"img_7423\"\n               class=\"shutterset_9598\">\n                <img\n                    title=\"IMG_7423\"\n                    alt=\"IMG_7423\"\n                    src=\"https:\/\/www.freimarianne.ch\/wp-content\/gallery\/engelberg-10-2-15\/thumbs\/thumbs_IMG_7423.jpg\"\n                    width=\"100\"\n                    height=\"75\"\n                    style=\"max-width:100%;\"\n                \/>\n            <\/a>\n        <\/div>\n\t\t\t\t\t\t\t<\/div> \n\t\t\t\n        \n\t\t\t\t<div id=\"ngg-image-5\" class=\"ngg-gallery-thumbnail-box\" >\n\t\t\t\t        <div class=\"ngg-gallery-thumbnail\">\n            <a href=\"https:\/\/www.freimarianne.ch\/wp-content\/gallery\/engelberg-10-2-15\/IMG_7434.jpg\"\n               title=\"\"\n               data-src=\"https:\/\/www.freimarianne.ch\/wp-content\/gallery\/engelberg-10-2-15\/IMG_7434.jpg\"\n               data-thumbnail=\"https:\/\/www.freimarianne.ch\/wp-content\/gallery\/engelberg-10-2-15\/thumbs\/thumbs_IMG_7434.jpg\"\n               data-image-id=\"10152\"\n               data-title=\"IMG_7434\"\n               data-description=\"\"\n               data-image-slug=\"img_7434-1\"\n               class=\"shutterset_9598\">\n                <img\n                    title=\"IMG_7434\"\n                    alt=\"IMG_7434\"\n                    src=\"https:\/\/www.freimarianne.ch\/wp-content\/gallery\/engelberg-10-2-15\/thumbs\/thumbs_IMG_7434.jpg\"\n                    width=\"100\"\n                    height=\"75\"\n                    style=\"max-width:100%;\"\n                \/>\n            <\/a>\n        <\/div>\n\t\t\t\t\t\t\t<\/div> \n\t\t\t\n        \n\t\t\t\t<div id=\"ngg-image-6\" class=\"ngg-gallery-thumbnail-box\" >\n\t\t\t\t        <div class=\"ngg-gallery-thumbnail\">\n            <a href=\"https:\/\/www.freimarianne.ch\/wp-content\/gallery\/engelberg-10-2-15\/IMG_7441.jpg\"\n               title=\"\"\n               data-src=\"https:\/\/www.freimarianne.ch\/wp-content\/gallery\/engelberg-10-2-15\/IMG_7441.jpg\"\n               data-thumbnail=\"https:\/\/www.freimarianne.ch\/wp-content\/gallery\/engelberg-10-2-15\/thumbs\/thumbs_IMG_7441.jpg\"\n               data-image-id=\"10153\"\n               data-title=\"IMG_7441\"\n               data-description=\"\"\n               data-image-slug=\"img_7441-1\"\n               class=\"shutterset_9598\">\n                <img\n                    title=\"IMG_7441\"\n                    alt=\"IMG_7441\"\n                    src=\"https:\/\/www.freimarianne.ch\/wp-content\/gallery\/engelberg-10-2-15\/thumbs\/thumbs_IMG_7441.jpg\"\n                    width=\"100\"\n                    height=\"75\"\n                    style=\"max-width:100%;\"\n                \/>\n            <\/a>\n        <\/div>\n\t\t\t\t\t\t\t<\/div> \n\t\t\t\n        \n\t\t\t\t<div id=\"ngg-image-7\" class=\"ngg-gallery-thumbnail-box\" >\n\t\t\t\t        <div class=\"ngg-gallery-thumbnail\">\n            <a href=\"https:\/\/www.freimarianne.ch\/wp-content\/gallery\/engelberg-10-2-15\/IMG_7442.jpg\"\n               title=\"\"\n               data-src=\"https:\/\/www.freimarianne.ch\/wp-content\/gallery\/engelberg-10-2-15\/IMG_7442.jpg\"\n               data-thumbnail=\"https:\/\/www.freimarianne.ch\/wp-content\/gallery\/engelberg-10-2-15\/thumbs\/thumbs_IMG_7442.jpg\"\n               data-image-id=\"10154\"\n               data-title=\"IMG_7442\"\n               data-description=\"\"\n               data-image-slug=\"img_7442\"\n               class=\"shutterset_9598\">\n                <img\n                    title=\"IMG_7442\"\n                    alt=\"IMG_7442\"\n                    src=\"https:\/\/www.freimarianne.ch\/wp-content\/gallery\/engelberg-10-2-15\/thumbs\/thumbs_IMG_7442.jpg\"\n                    width=\"100\"\n                    height=\"75\"\n                    style=\"max-width:100%;\"\n                \/>\n            <\/a>\n        <\/div>\n\t\t\t\t\t\t\t<\/div> \n\t\t\t\n        \n\t\t\t\t<div id=\"ngg-image-8\" class=\"ngg-gallery-thumbnail-box\" >\n\t\t\t\t        <div class=\"ngg-gallery-thumbnail\">\n            <a href=\"https:\/\/www.freimarianne.ch\/wp-content\/gallery\/engelberg-10-2-15\/IMG_7451.jpg\"\n               title=\"\"\n               data-src=\"https:\/\/www.freimarianne.ch\/wp-content\/gallery\/engelberg-10-2-15\/IMG_7451.jpg\"\n               data-thumbnail=\"https:\/\/www.freimarianne.ch\/wp-content\/gallery\/engelberg-10-2-15\/thumbs\/thumbs_IMG_7451.jpg\"\n               data-image-id=\"10155\"\n               data-title=\"IMG_7451\"\n               data-description=\"\"\n               data-image-slug=\"img_7451-3\"\n               class=\"shutterset_9598\">\n                <img\n                    title=\"IMG_7451\"\n                    alt=\"IMG_7451\"\n                    src=\"https:\/\/www.freimarianne.ch\/wp-content\/gallery\/engelberg-10-2-15\/thumbs\/thumbs_IMG_7451.jpg\"\n                    width=\"100\"\n                    height=\"75\"\n                    style=\"max-width:100%;\"\n                \/>\n            <\/a>\n        <\/div>\n\t\t\t\t\t\t\t<\/div> \n\t\t\t\n        \n\t\t\t\t<div id=\"ngg-image-9\" class=\"ngg-gallery-thumbnail-box\" >\n\t\t\t\t        <div class=\"ngg-gallery-thumbnail\">\n            <a href=\"https:\/\/www.freimarianne.ch\/wp-content\/gallery\/engelberg-10-2-15\/IMG_7456.jpg\"\n               title=\"\"\n               data-src=\"https:\/\/www.freimarianne.ch\/wp-content\/gallery\/engelberg-10-2-15\/IMG_7456.jpg\"\n               data-thumbnail=\"https:\/\/www.freimarianne.ch\/wp-content\/gallery\/engelberg-10-2-15\/thumbs\/thumbs_IMG_7456.jpg\"\n               data-image-id=\"10156\"\n               data-title=\"IMG_7456\"\n               data-description=\"\"\n               data-image-slug=\"img_7456\"\n               class=\"shutterset_9598\">\n                <img\n                    title=\"IMG_7456\"\n                    alt=\"IMG_7456\"\n                    src=\"https:\/\/www.freimarianne.ch\/wp-content\/gallery\/engelberg-10-2-15\/thumbs\/thumbs_IMG_7456.jpg\"\n                    width=\"100\"\n                    height=\"75\"\n                    style=\"max-width:100%;\"\n                \/>\n            <\/a>\n        <\/div>\n\t\t\t\t\t\t\t<\/div> \n\t\t\t\n        \n\t\t\t\t<div id=\"ngg-image-10\" class=\"ngg-gallery-thumbnail-box\" >\n\t\t\t\t        <div class=\"ngg-gallery-thumbnail\">\n            <a href=\"https:\/\/www.freimarianne.ch\/wp-content\/gallery\/engelberg-10-2-15\/IMG_7460.jpg\"\n               title=\"\"\n               data-src=\"https:\/\/www.freimarianne.ch\/wp-content\/gallery\/engelberg-10-2-15\/IMG_7460.jpg\"\n               data-thumbnail=\"https:\/\/www.freimarianne.ch\/wp-content\/gallery\/engelberg-10-2-15\/thumbs\/thumbs_IMG_7460.jpg\"\n               data-image-id=\"10157\"\n               data-title=\"IMG_7460\"\n               data-description=\"\"\n               data-image-slug=\"img_7460\"\n               class=\"shutterset_9598\">\n                <img\n                    title=\"IMG_7460\"\n                    alt=\"IMG_7460\"\n                    src=\"https:\/\/www.freimarianne.ch\/wp-content\/gallery\/engelberg-10-2-15\/thumbs\/thumbs_IMG_7460.jpg\"\n                    width=\"100\"\n                    height=\"75\"\n                    style=\"max-width:100%;\"\n                \/>\n            <\/a>\n        <\/div>\n\t\t\t\t\t\t\t<\/div> \n\t\t\t\n        \n\t\t\t\t<div id=\"ngg-image-11\" class=\"ngg-gallery-thumbnail-box\" >\n\t\t\t\t        <div class=\"ngg-gallery-thumbnail\">\n            <a href=\"https:\/\/www.freimarianne.ch\/wp-content\/gallery\/engelberg-10-2-15\/IMG_7464.jpg\"\n               title=\"\"\n               data-src=\"https:\/\/www.freimarianne.ch\/wp-content\/gallery\/engelberg-10-2-15\/IMG_7464.jpg\"\n               data-thumbnail=\"https:\/\/www.freimarianne.ch\/wp-content\/gallery\/engelberg-10-2-15\/thumbs\/thumbs_IMG_7464.jpg\"\n               data-image-id=\"10158\"\n               data-title=\"IMG_7464\"\n               data-description=\"\"\n               data-image-slug=\"img_7464\"\n               class=\"shutterset_9598\">\n                <img\n                    title=\"IMG_7464\"\n                    alt=\"IMG_7464\"\n                    src=\"https:\/\/www.freimarianne.ch\/wp-content\/gallery\/engelberg-10-2-15\/thumbs\/thumbs_IMG_7464.jpg\"\n                    width=\"100\"\n                    height=\"75\"\n                    style=\"max-width:100%;\"\n                \/>\n            <\/a>\n        <\/div>\n\t\t\t\t\t\t\t<\/div> \n\t\t\t\n        \n\t\t\t\t<div id=\"ngg-image-12\" class=\"ngg-gallery-thumbnail-box\" >\n\t\t\t\t        <div class=\"ngg-gallery-thumbnail\">\n            <a href=\"https:\/\/www.freimarianne.ch\/wp-content\/gallery\/engelberg-10-2-15\/IMG_7468.jpg\"\n               title=\"\"\n               data-src=\"https:\/\/www.freimarianne.ch\/wp-content\/gallery\/engelberg-10-2-15\/IMG_7468.jpg\"\n               data-thumbnail=\"https:\/\/www.freimarianne.ch\/wp-content\/gallery\/engelberg-10-2-15\/thumbs\/thumbs_IMG_7468.jpg\"\n               data-image-id=\"10159\"\n               data-title=\"IMG_7468\"\n               data-description=\"\"\n               data-image-slug=\"img_7468\"\n               class=\"shutterset_9598\">\n                <img\n                    title=\"IMG_7468\"\n                    alt=\"IMG_7468\"\n                    src=\"https:\/\/www.freimarianne.ch\/wp-content\/gallery\/engelberg-10-2-15\/thumbs\/thumbs_IMG_7468.jpg\"\n                    width=\"100\"\n                    height=\"75\"\n                    style=\"max-width:100%;\"\n                \/>\n            <\/a>\n        <\/div>\n\t\t\t\t\t\t\t<\/div> \n\t\t\t\n        \n\t\t\t\t<div id=\"ngg-image-13\" class=\"ngg-gallery-thumbnail-box\" >\n\t\t\t\t        <div class=\"ngg-gallery-thumbnail\">\n            <a href=\"https:\/\/www.freimarianne.ch\/wp-content\/gallery\/engelberg-10-2-15\/IMG_7475.jpg\"\n               title=\"\"\n               data-src=\"https:\/\/www.freimarianne.ch\/wp-content\/gallery\/engelberg-10-2-15\/IMG_7475.jpg\"\n               data-thumbnail=\"https:\/\/www.freimarianne.ch\/wp-content\/gallery\/engelberg-10-2-15\/thumbs\/thumbs_IMG_7475.jpg\"\n               data-image-id=\"10160\"\n               data-title=\"IMG_7475\"\n               data-description=\"\"\n               data-image-slug=\"img_7475\"\n               class=\"shutterset_9598\">\n                <img\n                    title=\"IMG_7475\"\n                    alt=\"IMG_7475\"\n                    src=\"https:\/\/www.freimarianne.ch\/wp-content\/gallery\/engelberg-10-2-15\/thumbs\/thumbs_IMG_7475.jpg\"\n                    width=\"100\"\n                    height=\"75\"\n                    style=\"max-width:100%;\"\n                \/>\n            <\/a>\n        <\/div>\n\t\t\t\t\t\t\t<\/div> \n\t\t\t\n        \n\t\t\t\t<div id=\"ngg-image-14\" class=\"ngg-gallery-thumbnail-box\" >\n\t\t\t\t        <div class=\"ngg-gallery-thumbnail\">\n            <a href=\"https:\/\/www.freimarianne.ch\/wp-content\/gallery\/engelberg-10-2-15\/IMG_7478.jpg\"\n               title=\"\"\n               data-src=\"https:\/\/www.freimarianne.ch\/wp-content\/gallery\/engelberg-10-2-15\/IMG_7478.jpg\"\n               data-thumbnail=\"https:\/\/www.freimarianne.ch\/wp-content\/gallery\/engelberg-10-2-15\/thumbs\/thumbs_IMG_7478.jpg\"\n               data-image-id=\"10161\"\n               data-title=\"IMG_7478\"\n               data-description=\"\"\n               data-image-slug=\"img_7478\"\n               class=\"shutterset_9598\">\n                <img\n                    title=\"IMG_7478\"\n                    alt=\"IMG_7478\"\n                    src=\"https:\/\/www.freimarianne.ch\/wp-content\/gallery\/engelberg-10-2-15\/thumbs\/thumbs_IMG_7478.jpg\"\n                    width=\"100\"\n                    height=\"75\"\n                    style=\"max-width:100%;\"\n                \/>\n            <\/a>\n        <\/div>\n\t\t\t\t\t\t\t<\/div> \n\t\t\t\n        \n\t\t\n\t\t<!-- Pagination -->\n\t<div class='ngg-clear'><\/div>\t<\/div>\n<\/p>\n","protected":false},"excerpt":{"rendered":"<p>Winterwanderung in Engelberg von Engelberg &#8211; Waldegg &#8211; Schwand &#8211; Spisboden &#8211; etwas weiter gegen Ristis. Zur\u00fcck \u00fcber Bergli nach Fellenr\u00fcti. [Show as slideshow]<\/p>\n","protected":false},"author":1,"featured_media":0,"parent":8619,"menu_order":14,"comment_status":"closed","ping_status":"closed","template":"","meta":{"ngg_post_thumbnail":0},"_links":{"self":[{"href":"https:\/\/www.freimarianne.ch\/index.php?rest_route=\/wp\/v2\/pages\/9237"}],"collection":[{"href":"https:\/\/www.freimarianne.ch\/index.php?rest_route=\/wp\/v2\/pages"}],"about":[{"href":"https:\/\/www.freimarianne.ch\/index.php?rest_route=\/wp\/v2\/types\/page"}],"author":[{"embeddable":true,"href":"https:\/\/www.freimarianne.ch\/index.php?rest_route=\/wp\/v2\/users\/1"}],"replies":[{"embeddable":true,"href":"https:\/\/www.freimarianne.ch\/index.php?rest_route=%2Fwp%2Fv2%2Fcomments&post=9237"}],"version-history":[{"count":5,"href":"https:\/\/www.freimarianne.ch\/index.php?rest_route=\/wp\/v2\/pages\/9237\/revisions"}],"predecessor-version":[{"id":9600,"href":"https:\/\/www.freimarianne.ch\/index.php?rest_route=\/wp\/v2\/pages\/9237\/revisions\/9600"}],"up":[{"embeddable":true,"href":"https:\/\/www.freimarianne.ch\/index.php?rest_route=\/wp\/v2\/pages\/8619"}],"wp:attachment":[{"href":"https:\/\/www.freimarianne.ch\/index.php?rest_route=%2Fwp%2Fv2%2Fmedia&parent=9237"}],"curies":[{"name":"wp","href":"https:\/\/api.w.org\/{rel}","templated":true}]}}