{"id":9241,"date":"2015-02-16T16:18:38","date_gmt":"2015-02-16T15:18:38","guid":{"rendered":"http:\/\/www.freimarianne.ch\/?page_id=9241"},"modified":"2015-03-04T16:50:36","modified_gmt":"2015-03-04T15:50:36","slug":"klosters-gr-15-2-2015","status":"publish","type":"page","link":"https:\/\/www.freimarianne.ch\/?page_id=9241","title":{"rendered":"Klosters, GR  15.2.2015"},"content":{"rendered":"<p><strong>Winterwanderung in Klosters <\/strong><br \/>\nKlosters Platz &#8211; Montbiel &#8211; Schwendi &#8211; Alp Novai und zur\u00fcck nach Montbiel.<\/p>\n<p><img loading=\"lazy\" class=\"alignleft size-full wp-image-9247\" src=\"http:\/\/www.freimarianne.ch\/wp-content\/uploads\/2015\/02\/IMG_3355_klosteers_500.jpg\" alt=\"IMG_3355_klosteers_500\" width=\"500\" height=\"333\" srcset=\"https:\/\/www.freimarianne.ch\/wp-content\/uploads\/2015\/02\/IMG_3355_klosteers_500.jpg 500w, https:\/\/www.freimarianne.ch\/wp-content\/uploads\/2015\/02\/IMG_3355_klosteers_500-300x199.jpg 300w, https:\/\/www.freimarianne.ch\/wp-content\/uploads\/2015\/02\/IMG_3355_klosteers_500-450x300.jpg 450w\" sizes=\"(max-width: 500px) 100vw, 500px\" \/><br \/>\nWinterwanderung in Klosters<br \/>\nDer Wetterbericht war f\u00fcr die Ostschweiz  besser . Also fahren wir ins B\u00fcndnerland nach Klosters und  erkundigen uns wegen einer Winterwanderung. Da wir schon in Klosters Platz sind, bietet sich die Wanderung nach Montbiel  &#8211; Schwendi &#8211; Alp Novai an. Je weiter wir ins Tal hineinkommen, desto weniger Leute hat es. Den Hausberg von Klosters, das Canardhorn 2607m haben wir st\u00e4ndig vor uns w\u00e4hrend wir ins Tal hineinfanden. Von der Alp Novai aus k\u00f6nnte man im Sommer zur Vereinah\u00fctte  und dann zu den J\u00f6riseen gelangen.<br \/>\nWie m\u00fcssen denselben Weg zur\u00fcck nehmen, steigen dann aber in Montbiel ins Postauto, das uns wieder zum Zug bringt.<br \/>\nLaut Swissmap:<br \/>\nHinweg: Klosters- Alp Novai:<br \/>\nDistanz: 6.77km; Aufstieg: 245m; Abstieg: 68m; Marschzeit 1.49h<br \/>\nR\u00fcckweg: Alp Novai- Montbiel:<br \/>\nDistanz: 2.01 km; Aufstieg: 29m; Abstieg: 55m; Marschzeit 29 min<br \/>\nDie Wanderung im Schnee dauerte ca. 3 Stunden<br \/>\n<strong><!-- index.php -->\n<div\n\tclass=\"ngg-galleryoverview ngg-ajax-pagination-none\"\n\tid=\"ngg-gallery-9604-1\">\n\n    \t<div class=\"slideshowlink\">\n        <a href='https:\/\/www.freimarianne.ch\/index.php\/nggallery\/slideshow?page_id=9241'>[Show as slideshow]<\/a>\n\t\t\n\t<\/div>\n\t\t\t<!-- Thumbnails -->\n\t\t\t\t<div id=\"ngg-image-0\" class=\"ngg-gallery-thumbnail-box\" >\n\t\t\t\t        <div class=\"ngg-gallery-thumbnail\">\n            <a href=\"https:\/\/www.freimarianne.ch\/wp-content\/gallery\/klosters-15-2-15\/IMG_3345.jpg\"\n               title=\"\"\n               data-src=\"https:\/\/www.freimarianne.ch\/wp-content\/gallery\/klosters-15-2-15\/IMG_3345.jpg\"\n               data-thumbnail=\"https:\/\/www.freimarianne.ch\/wp-content\/gallery\/klosters-15-2-15\/thumbs\/thumbs_IMG_3345.jpg\"\n               data-image-id=\"10186\"\n               data-title=\"IMG_3345\"\n               data-description=\"\"\n               data-image-slug=\"img_3345\"\n               class=\"shutterset_9604\">\n                <img\n                    title=\"IMG_3345\"\n                    alt=\"IMG_3345\"\n                    src=\"https:\/\/www.freimarianne.ch\/wp-content\/gallery\/klosters-15-2-15\/thumbs\/thumbs_IMG_3345.jpg\"\n                    width=\"100\"\n                    height=\"75\"\n                    style=\"max-width:100%;\"\n                \/>\n            <\/a>\n        <\/div>\n\t\t\t\t\t\t\t<\/div> \n\t\t\t\n        \n\t\t\t\t<div id=\"ngg-image-1\" class=\"ngg-gallery-thumbnail-box\" >\n\t\t\t\t        <div class=\"ngg-gallery-thumbnail\">\n            <a href=\"https:\/\/www.freimarianne.ch\/wp-content\/gallery\/klosters-15-2-15\/IMG_3347.jpg\"\n               title=\"\"\n               data-src=\"https:\/\/www.freimarianne.ch\/wp-content\/gallery\/klosters-15-2-15\/IMG_3347.jpg\"\n               data-thumbnail=\"https:\/\/www.freimarianne.ch\/wp-content\/gallery\/klosters-15-2-15\/thumbs\/thumbs_IMG_3347.jpg\"\n               data-image-id=\"10187\"\n               data-title=\"IMG_3347\"\n               data-description=\"\"\n               data-image-slug=\"img_3347\"\n               class=\"shutterset_9604\">\n                <img\n                    title=\"IMG_3347\"\n                    alt=\"IMG_3347\"\n                    src=\"https:\/\/www.freimarianne.ch\/wp-content\/gallery\/klosters-15-2-15\/thumbs\/thumbs_IMG_3347.jpg\"\n                    width=\"100\"\n                    height=\"75\"\n                    style=\"max-width:100%;\"\n                \/>\n            <\/a>\n        <\/div>\n\t\t\t\t\t\t\t<\/div> \n\t\t\t\n        \n\t\t\t\t<div id=\"ngg-image-2\" class=\"ngg-gallery-thumbnail-box\" >\n\t\t\t\t        <div class=\"ngg-gallery-thumbnail\">\n            <a href=\"https:\/\/www.freimarianne.ch\/wp-content\/gallery\/klosters-15-2-15\/IMG_3348.jpg\"\n               title=\"\"\n               data-src=\"https:\/\/www.freimarianne.ch\/wp-content\/gallery\/klosters-15-2-15\/IMG_3348.jpg\"\n               data-thumbnail=\"https:\/\/www.freimarianne.ch\/wp-content\/gallery\/klosters-15-2-15\/thumbs\/thumbs_IMG_3348.jpg\"\n               data-image-id=\"10188\"\n               data-title=\"IMG_3348\"\n               data-description=\"\"\n               data-image-slug=\"img_3348-3\"\n               class=\"shutterset_9604\">\n                <img\n                    title=\"IMG_3348\"\n                    alt=\"IMG_3348\"\n                    src=\"https:\/\/www.freimarianne.ch\/wp-content\/gallery\/klosters-15-2-15\/thumbs\/thumbs_IMG_3348.jpg\"\n                    width=\"100\"\n                    height=\"75\"\n                    style=\"max-width:100%;\"\n                \/>\n            <\/a>\n        <\/div>\n\t\t\t\t\t\t\t<\/div> \n\t\t\t\n        \n\t\t\t\t<div id=\"ngg-image-3\" class=\"ngg-gallery-thumbnail-box\" >\n\t\t\t\t        <div class=\"ngg-gallery-thumbnail\">\n            <a href=\"https:\/\/www.freimarianne.ch\/wp-content\/gallery\/klosters-15-2-15\/IMG_3352.jpg\"\n               title=\"\"\n               data-src=\"https:\/\/www.freimarianne.ch\/wp-content\/gallery\/klosters-15-2-15\/IMG_3352.jpg\"\n               data-thumbnail=\"https:\/\/www.freimarianne.ch\/wp-content\/gallery\/klosters-15-2-15\/thumbs\/thumbs_IMG_3352.jpg\"\n               data-image-id=\"10189\"\n               data-title=\"IMG_3352\"\n               data-description=\"\"\n               data-image-slug=\"img_3352\"\n               class=\"shutterset_9604\">\n                <img\n                    title=\"IMG_3352\"\n                    alt=\"IMG_3352\"\n                    src=\"https:\/\/www.freimarianne.ch\/wp-content\/gallery\/klosters-15-2-15\/thumbs\/thumbs_IMG_3352.jpg\"\n                    width=\"100\"\n                    height=\"75\"\n                    style=\"max-width:100%;\"\n                \/>\n            <\/a>\n        <\/div>\n\t\t\t\t\t\t\t<\/div> \n\t\t\t\n        \n\t\t\t\t<div id=\"ngg-image-4\" class=\"ngg-gallery-thumbnail-box\" >\n\t\t\t\t        <div class=\"ngg-gallery-thumbnail\">\n            <a href=\"https:\/\/www.freimarianne.ch\/wp-content\/gallery\/klosters-15-2-15\/IMG_3353.jpg\"\n               title=\"\"\n               data-src=\"https:\/\/www.freimarianne.ch\/wp-content\/gallery\/klosters-15-2-15\/IMG_3353.jpg\"\n               data-thumbnail=\"https:\/\/www.freimarianne.ch\/wp-content\/gallery\/klosters-15-2-15\/thumbs\/thumbs_IMG_3353.jpg\"\n               data-image-id=\"10190\"\n               data-title=\"IMG_3353\"\n               data-description=\"\"\n               data-image-slug=\"img_3353-1\"\n               class=\"shutterset_9604\">\n                <img\n                    title=\"IMG_3353\"\n                    alt=\"IMG_3353\"\n                    src=\"https:\/\/www.freimarianne.ch\/wp-content\/gallery\/klosters-15-2-15\/thumbs\/thumbs_IMG_3353.jpg\"\n                    width=\"100\"\n                    height=\"75\"\n                    style=\"max-width:100%;\"\n                \/>\n            <\/a>\n        <\/div>\n\t\t\t\t\t\t\t<\/div> \n\t\t\t\n        \n\t\t\t\t<div id=\"ngg-image-5\" class=\"ngg-gallery-thumbnail-box\" >\n\t\t\t\t        <div class=\"ngg-gallery-thumbnail\">\n            <a href=\"https:\/\/www.freimarianne.ch\/wp-content\/gallery\/klosters-15-2-15\/IMG_3359.jpg\"\n               title=\"\"\n               data-src=\"https:\/\/www.freimarianne.ch\/wp-content\/gallery\/klosters-15-2-15\/IMG_3359.jpg\"\n               data-thumbnail=\"https:\/\/www.freimarianne.ch\/wp-content\/gallery\/klosters-15-2-15\/thumbs\/thumbs_IMG_3359.jpg\"\n               data-image-id=\"10191\"\n               data-title=\"IMG_3359\"\n               data-description=\"\"\n               data-image-slug=\"img_3359\"\n               class=\"shutterset_9604\">\n                <img\n                    title=\"IMG_3359\"\n                    alt=\"IMG_3359\"\n                    src=\"https:\/\/www.freimarianne.ch\/wp-content\/gallery\/klosters-15-2-15\/thumbs\/thumbs_IMG_3359.jpg\"\n                    width=\"100\"\n                    height=\"75\"\n                    style=\"max-width:100%;\"\n                \/>\n            <\/a>\n        <\/div>\n\t\t\t\t\t\t\t<\/div> \n\t\t\t\n        \n\t\t\t\t<div id=\"ngg-image-6\" class=\"ngg-gallery-thumbnail-box\" >\n\t\t\t\t        <div class=\"ngg-gallery-thumbnail\">\n            <a href=\"https:\/\/www.freimarianne.ch\/wp-content\/gallery\/klosters-15-2-15\/IMG_3363.jpg\"\n               title=\"\"\n               data-src=\"https:\/\/www.freimarianne.ch\/wp-content\/gallery\/klosters-15-2-15\/IMG_3363.jpg\"\n               data-thumbnail=\"https:\/\/www.freimarianne.ch\/wp-content\/gallery\/klosters-15-2-15\/thumbs\/thumbs_IMG_3363.jpg\"\n               data-image-id=\"10192\"\n               data-title=\"IMG_3363\"\n               data-description=\"\"\n               data-image-slug=\"img_3363\"\n               class=\"shutterset_9604\">\n                <img\n                    title=\"IMG_3363\"\n                    alt=\"IMG_3363\"\n                    src=\"https:\/\/www.freimarianne.ch\/wp-content\/gallery\/klosters-15-2-15\/thumbs\/thumbs_IMG_3363.jpg\"\n                    width=\"100\"\n                    height=\"75\"\n                    style=\"max-width:100%;\"\n                \/>\n            <\/a>\n        <\/div>\n\t\t\t\t\t\t\t<\/div> \n\t\t\t\n        \n\t\t\t\t<div id=\"ngg-image-7\" class=\"ngg-gallery-thumbnail-box\" >\n\t\t\t\t        <div class=\"ngg-gallery-thumbnail\">\n            <a href=\"https:\/\/www.freimarianne.ch\/wp-content\/gallery\/klosters-15-2-15\/IMG_3365.jpg\"\n               title=\"\"\n               data-src=\"https:\/\/www.freimarianne.ch\/wp-content\/gallery\/klosters-15-2-15\/IMG_3365.jpg\"\n               data-thumbnail=\"https:\/\/www.freimarianne.ch\/wp-content\/gallery\/klosters-15-2-15\/thumbs\/thumbs_IMG_3365.jpg\"\n               data-image-id=\"10193\"\n               data-title=\"IMG_3365\"\n               data-description=\"\"\n               data-image-slug=\"img_3365\"\n               class=\"shutterset_9604\">\n                <img\n                    title=\"IMG_3365\"\n                    alt=\"IMG_3365\"\n                    src=\"https:\/\/www.freimarianne.ch\/wp-content\/gallery\/klosters-15-2-15\/thumbs\/thumbs_IMG_3365.jpg\"\n                    width=\"100\"\n                    height=\"75\"\n                    style=\"max-width:100%;\"\n                \/>\n            <\/a>\n        <\/div>\n\t\t\t\t\t\t\t<\/div> \n\t\t\t\n        \n\t\t\t\t<div id=\"ngg-image-8\" class=\"ngg-gallery-thumbnail-box\" >\n\t\t\t\t        <div class=\"ngg-gallery-thumbnail\">\n            <a href=\"https:\/\/www.freimarianne.ch\/wp-content\/gallery\/klosters-15-2-15\/IMG_3377.jpg\"\n               title=\"\"\n               data-src=\"https:\/\/www.freimarianne.ch\/wp-content\/gallery\/klosters-15-2-15\/IMG_3377.jpg\"\n               data-thumbnail=\"https:\/\/www.freimarianne.ch\/wp-content\/gallery\/klosters-15-2-15\/thumbs\/thumbs_IMG_3377.jpg\"\n               data-image-id=\"10194\"\n               data-title=\"IMG_3377\"\n               data-description=\"\"\n               data-image-slug=\"img_3377\"\n               class=\"shutterset_9604\">\n                <img\n                    title=\"IMG_3377\"\n                    alt=\"IMG_3377\"\n                    src=\"https:\/\/www.freimarianne.ch\/wp-content\/gallery\/klosters-15-2-15\/thumbs\/thumbs_IMG_3377.jpg\"\n                    width=\"100\"\n                    height=\"75\"\n                    style=\"max-width:100%;\"\n                \/>\n            <\/a>\n        <\/div>\n\t\t\t\t\t\t\t<\/div> \n\t\t\t\n        \n\t\t\t\t<div id=\"ngg-image-9\" class=\"ngg-gallery-thumbnail-box\" >\n\t\t\t\t        <div class=\"ngg-gallery-thumbnail\">\n            <a href=\"https:\/\/www.freimarianne.ch\/wp-content\/gallery\/klosters-15-2-15\/IMG_3378.jpg\"\n               title=\"\"\n               data-src=\"https:\/\/www.freimarianne.ch\/wp-content\/gallery\/klosters-15-2-15\/IMG_3378.jpg\"\n               data-thumbnail=\"https:\/\/www.freimarianne.ch\/wp-content\/gallery\/klosters-15-2-15\/thumbs\/thumbs_IMG_3378.jpg\"\n               data-image-id=\"10195\"\n               data-title=\"IMG_3378\"\n               data-description=\"\"\n               data-image-slug=\"img_3378\"\n               class=\"shutterset_9604\">\n                <img\n                    title=\"IMG_3378\"\n                    alt=\"IMG_3378\"\n                    src=\"https:\/\/www.freimarianne.ch\/wp-content\/gallery\/klosters-15-2-15\/thumbs\/thumbs_IMG_3378.jpg\"\n                    width=\"100\"\n                    height=\"75\"\n                    style=\"max-width:100%;\"\n                \/>\n            <\/a>\n        <\/div>\n\t\t\t\t\t\t\t<\/div> \n\t\t\t\n        \n\t\t\n\t\t<!-- Pagination -->\n\t<div class='ngg-clear'><\/div>\t<\/div>\n<\/strong>;n<\/p>\n","protected":false},"excerpt":{"rendered":"<p>Winterwanderung in Klosters Klosters Platz &#8211; Montbiel &#8211; Schwendi &#8211; Alp Novai und zur\u00fcck nach Montbiel. Winterwanderung in Klosters Der Wetterbericht war f\u00fcr die Ostschweiz besser . Also fahren wir ins B\u00fcndnerland nach Klosters und erkundigen uns wegen einer Winterwanderung. Da wir schon in Klosters Platz sind, bietet sich die Wanderung nach Montbiel &#8211; Schwendi [&hellip;]<\/p>\n","protected":false},"author":1,"featured_media":0,"parent":8619,"menu_order":16,"comment_status":"closed","ping_status":"closed","template":"","meta":{"ngg_post_thumbnail":0},"_links":{"self":[{"href":"https:\/\/www.freimarianne.ch\/index.php?rest_route=\/wp\/v2\/pages\/9241"}],"collection":[{"href":"https:\/\/www.freimarianne.ch\/index.php?rest_route=\/wp\/v2\/pages"}],"about":[{"href":"https:\/\/www.freimarianne.ch\/index.php?rest_route=\/wp\/v2\/types\/page"}],"author":[{"embeddable":true,"href":"https:\/\/www.freimarianne.ch\/index.php?rest_route=\/wp\/v2\/users\/1"}],"replies":[{"embeddable":true,"href":"https:\/\/www.freimarianne.ch\/index.php?rest_route=%2Fwp%2Fv2%2Fcomments&post=9241"}],"version-history":[{"count":8,"href":"https:\/\/www.freimarianne.ch\/index.php?rest_route=\/wp\/v2\/pages\/9241\/revisions"}],"predecessor-version":[{"id":9758,"href":"https:\/\/www.freimarianne.ch\/index.php?rest_route=\/wp\/v2\/pages\/9241\/revisions\/9758"}],"up":[{"embeddable":true,"href":"https:\/\/www.freimarianne.ch\/index.php?rest_route=\/wp\/v2\/pages\/8619"}],"wp:attachment":[{"href":"https:\/\/www.freimarianne.ch\/index.php?rest_route=%2Fwp%2Fv2%2Fmedia&parent=9241"}],"curies":[{"name":"wp","href":"https:\/\/api.w.org\/{rel}","templated":true}]}}