{"id":9265,"date":"2015-02-21T11:08:54","date_gmt":"2015-02-21T10:08:54","guid":{"rendered":"http:\/\/www.freimarianne.ch\/?page_id=9265"},"modified":"2015-02-23T16:38:36","modified_gmt":"2015-02-23T15:38:36","slug":"passwang-so-19-5-2015","status":"publish","type":"page","link":"https:\/\/www.freimarianne.ch\/?page_id=9265","title":{"rendered":"Passwang, SO 19.5.2015"},"content":{"rendered":"<p><strong>Schneeschuhwanderung<\/strong> vom Passwang Tunnel auf den Ob. Passwang &#8211; Vogelberg &#8211; B\u00fcrten &#8211; Reigoldswil<br \/>\nDie Schneeschuhe k\u00f6nnen wir allerdings erst auf dem oberen Passwang anziehen. Weiter unten hatte es zu wenig Schnee aber daf\u00fcr sehen wir eine wundersch\u00f6ne Raureif &#8211; Landschaft!<\/p>\n<p><img loading=\"lazy\" class=\"alignleft size-full wp-image-9258\" src=\"http:\/\/www.freimarianne.ch\/wp-content\/uploads\/2015\/02\/IMG_7789_passwang_500.jpg\" alt=\"IMG_7789_passwang_500\" width=\"500\" height=\"300\" srcset=\"https:\/\/www.freimarianne.ch\/wp-content\/uploads\/2015\/02\/IMG_7789_passwang_500.jpg 500w, https:\/\/www.freimarianne.ch\/wp-content\/uploads\/2015\/02\/IMG_7789_passwang_500-300x180.jpg 300w\" sizes=\"(max-width: 500px) 100vw, 500px\" \/><br \/>\n<strong><!-- index.php -->\n<div\n\tclass=\"ngg-galleryoverview ngg-ajax-pagination-none\"\n\tid=\"ngg-gallery-9621-1\">\n\n    \t<div class=\"slideshowlink\">\n        <a href='https:\/\/www.freimarianne.ch\/index.php\/nggallery\/slideshow?page_id=9265'>[Show as slideshow]<\/a>\n\t\t\n\t<\/div>\n\t\t\t<!-- Thumbnails -->\n\t\t\t\t<div id=\"ngg-image-0\" class=\"ngg-gallery-thumbnail-box\" >\n\t\t\t\t        <div class=\"ngg-gallery-thumbnail\">\n            <a href=\"https:\/\/www.freimarianne.ch\/wp-content\/gallery\/passwang-19-2-15\/IMG_7777.jpg\"\n               title=\"\"\n               data-src=\"https:\/\/www.freimarianne.ch\/wp-content\/gallery\/passwang-19-2-15\/IMG_7777.jpg\"\n               data-thumbnail=\"https:\/\/www.freimarianne.ch\/wp-content\/gallery\/passwang-19-2-15\/thumbs\/thumbs_IMG_7777.jpg\"\n               data-image-id=\"10247\"\n               data-title=\"IMG_7777\"\n               data-description=\"\"\n               data-image-slug=\"img_7777-1\"\n               class=\"shutterset_9621\">\n                <img\n                    title=\"IMG_7777\"\n                    alt=\"IMG_7777\"\n                    src=\"https:\/\/www.freimarianne.ch\/wp-content\/gallery\/passwang-19-2-15\/thumbs\/thumbs_IMG_7777.jpg\"\n                    width=\"100\"\n                    height=\"75\"\n                    style=\"max-width:100%;\"\n                \/>\n            <\/a>\n        <\/div>\n\t\t\t\t\t\t\t<\/div> \n\t\t\t\n        \n\t\t\t\t<div id=\"ngg-image-1\" class=\"ngg-gallery-thumbnail-box\" >\n\t\t\t\t        <div class=\"ngg-gallery-thumbnail\">\n            <a href=\"https:\/\/www.freimarianne.ch\/wp-content\/gallery\/passwang-19-2-15\/IMG_7782.jpg\"\n               title=\"\"\n               data-src=\"https:\/\/www.freimarianne.ch\/wp-content\/gallery\/passwang-19-2-15\/IMG_7782.jpg\"\n               data-thumbnail=\"https:\/\/www.freimarianne.ch\/wp-content\/gallery\/passwang-19-2-15\/thumbs\/thumbs_IMG_7782.jpg\"\n               data-image-id=\"10248\"\n               data-title=\"IMG_7782\"\n               data-description=\"\"\n               data-image-slug=\"img_7782-1\"\n               class=\"shutterset_9621\">\n                <img\n                    title=\"IMG_7782\"\n                    alt=\"IMG_7782\"\n                    src=\"https:\/\/www.freimarianne.ch\/wp-content\/gallery\/passwang-19-2-15\/thumbs\/thumbs_IMG_7782.jpg\"\n                    width=\"100\"\n                    height=\"75\"\n                    style=\"max-width:100%;\"\n                \/>\n            <\/a>\n        <\/div>\n\t\t\t\t\t\t\t<\/div> \n\t\t\t\n        \n\t\t\t\t<div id=\"ngg-image-2\" class=\"ngg-gallery-thumbnail-box\" >\n\t\t\t\t        <div class=\"ngg-gallery-thumbnail\">\n            <a href=\"https:\/\/www.freimarianne.ch\/wp-content\/gallery\/passwang-19-2-15\/IMG_7784.jpg\"\n               title=\"\"\n               data-src=\"https:\/\/www.freimarianne.ch\/wp-content\/gallery\/passwang-19-2-15\/IMG_7784.jpg\"\n               data-thumbnail=\"https:\/\/www.freimarianne.ch\/wp-content\/gallery\/passwang-19-2-15\/thumbs\/thumbs_IMG_7784.jpg\"\n               data-image-id=\"10249\"\n               data-title=\"IMG_7784\"\n               data-description=\"\"\n               data-image-slug=\"img_7784-1\"\n               class=\"shutterset_9621\">\n                <img\n                    title=\"IMG_7784\"\n                    alt=\"IMG_7784\"\n                    src=\"https:\/\/www.freimarianne.ch\/wp-content\/gallery\/passwang-19-2-15\/thumbs\/thumbs_IMG_7784.jpg\"\n                    width=\"100\"\n                    height=\"75\"\n                    style=\"max-width:100%;\"\n                \/>\n            <\/a>\n        <\/div>\n\t\t\t\t\t\t\t<\/div> \n\t\t\t\n        \n\t\t\t\t<div id=\"ngg-image-3\" class=\"ngg-gallery-thumbnail-box\" >\n\t\t\t\t        <div class=\"ngg-gallery-thumbnail\">\n            <a href=\"https:\/\/www.freimarianne.ch\/wp-content\/gallery\/passwang-19-2-15\/IMG_7787.jpg\"\n               title=\"\"\n               data-src=\"https:\/\/www.freimarianne.ch\/wp-content\/gallery\/passwang-19-2-15\/IMG_7787.jpg\"\n               data-thumbnail=\"https:\/\/www.freimarianne.ch\/wp-content\/gallery\/passwang-19-2-15\/thumbs\/thumbs_IMG_7787.jpg\"\n               data-image-id=\"10250\"\n               data-title=\"IMG_7787\"\n               data-description=\"\"\n               data-image-slug=\"img_7787-1\"\n               class=\"shutterset_9621\">\n                <img\n                    title=\"IMG_7787\"\n                    alt=\"IMG_7787\"\n                    src=\"https:\/\/www.freimarianne.ch\/wp-content\/gallery\/passwang-19-2-15\/thumbs\/thumbs_IMG_7787.jpg\"\n                    width=\"100\"\n                    height=\"75\"\n                    style=\"max-width:100%;\"\n                \/>\n            <\/a>\n        <\/div>\n\t\t\t\t\t\t\t<\/div> \n\t\t\t\n        \n\t\t\t\t<div id=\"ngg-image-4\" class=\"ngg-gallery-thumbnail-box\" >\n\t\t\t\t        <div class=\"ngg-gallery-thumbnail\">\n            <a href=\"https:\/\/www.freimarianne.ch\/wp-content\/gallery\/passwang-19-2-15\/IMG_7790.jpg\"\n               title=\"\"\n               data-src=\"https:\/\/www.freimarianne.ch\/wp-content\/gallery\/passwang-19-2-15\/IMG_7790.jpg\"\n               data-thumbnail=\"https:\/\/www.freimarianne.ch\/wp-content\/gallery\/passwang-19-2-15\/thumbs\/thumbs_IMG_7790.jpg\"\n               data-image-id=\"10251\"\n               data-title=\"IMG_7790\"\n               data-description=\"\"\n               data-image-slug=\"img_7790-1\"\n               class=\"shutterset_9621\">\n                <img\n                    title=\"IMG_7790\"\n                    alt=\"IMG_7790\"\n                    src=\"https:\/\/www.freimarianne.ch\/wp-content\/gallery\/passwang-19-2-15\/thumbs\/thumbs_IMG_7790.jpg\"\n                    width=\"100\"\n                    height=\"75\"\n                    style=\"max-width:100%;\"\n                \/>\n            <\/a>\n        <\/div>\n\t\t\t\t\t\t\t<\/div> \n\t\t\t\n        \n\t\t\t\t<div id=\"ngg-image-5\" class=\"ngg-gallery-thumbnail-box\" >\n\t\t\t\t        <div class=\"ngg-gallery-thumbnail\">\n            <a href=\"https:\/\/www.freimarianne.ch\/wp-content\/gallery\/passwang-19-2-15\/IMG_7794.jpg\"\n               title=\"\"\n               data-src=\"https:\/\/www.freimarianne.ch\/wp-content\/gallery\/passwang-19-2-15\/IMG_7794.jpg\"\n               data-thumbnail=\"https:\/\/www.freimarianne.ch\/wp-content\/gallery\/passwang-19-2-15\/thumbs\/thumbs_IMG_7794.jpg\"\n               data-image-id=\"10252\"\n               data-title=\"IMG_7794\"\n               data-description=\"\"\n               data-image-slug=\"img_7794\"\n               class=\"shutterset_9621\">\n                <img\n                    title=\"IMG_7794\"\n                    alt=\"IMG_7794\"\n                    src=\"https:\/\/www.freimarianne.ch\/wp-content\/gallery\/passwang-19-2-15\/thumbs\/thumbs_IMG_7794.jpg\"\n                    width=\"100\"\n                    height=\"75\"\n                    style=\"max-width:100%;\"\n                \/>\n            <\/a>\n        <\/div>\n\t\t\t\t\t\t\t<\/div> \n\t\t\t\n        \n\t\t\t\t<div id=\"ngg-image-6\" class=\"ngg-gallery-thumbnail-box\" >\n\t\t\t\t        <div class=\"ngg-gallery-thumbnail\">\n            <a href=\"https:\/\/www.freimarianne.ch\/wp-content\/gallery\/passwang-19-2-15\/IMG_7795.jpg\"\n               title=\"\"\n               data-src=\"https:\/\/www.freimarianne.ch\/wp-content\/gallery\/passwang-19-2-15\/IMG_7795.jpg\"\n               data-thumbnail=\"https:\/\/www.freimarianne.ch\/wp-content\/gallery\/passwang-19-2-15\/thumbs\/thumbs_IMG_7795.jpg\"\n               data-image-id=\"10253\"\n               data-title=\"IMG_7795\"\n               data-description=\"\"\n               data-image-slug=\"img_7795-1\"\n               class=\"shutterset_9621\">\n                <img\n                    title=\"IMG_7795\"\n                    alt=\"IMG_7795\"\n                    src=\"https:\/\/www.freimarianne.ch\/wp-content\/gallery\/passwang-19-2-15\/thumbs\/thumbs_IMG_7795.jpg\"\n                    width=\"100\"\n                    height=\"75\"\n                    style=\"max-width:100%;\"\n                \/>\n            <\/a>\n        <\/div>\n\t\t\t\t\t\t\t<\/div> \n\t\t\t\n        \n\t\t\t\t<div id=\"ngg-image-7\" class=\"ngg-gallery-thumbnail-box\" >\n\t\t\t\t        <div class=\"ngg-gallery-thumbnail\">\n            <a href=\"https:\/\/www.freimarianne.ch\/wp-content\/gallery\/passwang-19-2-15\/IMG_7804.jpg\"\n               title=\"\"\n               data-src=\"https:\/\/www.freimarianne.ch\/wp-content\/gallery\/passwang-19-2-15\/IMG_7804.jpg\"\n               data-thumbnail=\"https:\/\/www.freimarianne.ch\/wp-content\/gallery\/passwang-19-2-15\/thumbs\/thumbs_IMG_7804.jpg\"\n               data-image-id=\"10254\"\n               data-title=\"IMG_7804\"\n               data-description=\"\"\n               data-image-slug=\"img_7804-1\"\n               class=\"shutterset_9621\">\n                <img\n                    title=\"IMG_7804\"\n                    alt=\"IMG_7804\"\n                    src=\"https:\/\/www.freimarianne.ch\/wp-content\/gallery\/passwang-19-2-15\/thumbs\/thumbs_IMG_7804.jpg\"\n                    width=\"100\"\n                    height=\"75\"\n                    style=\"max-width:100%;\"\n                \/>\n            <\/a>\n        <\/div>\n\t\t\t\t\t\t\t<\/div> \n\t\t\t\n        \n\t\t\n\t\t<!-- Pagination -->\n\t<div class='ngg-clear'><\/div>\t<\/div>\n<\/strong><\/p>\n","protected":false},"excerpt":{"rendered":"<p>Schneeschuhwanderung vom Passwang Tunnel auf den Ob. Passwang &#8211; Vogelberg &#8211; B\u00fcrten &#8211; Reigoldswil Die Schneeschuhe k\u00f6nnen wir allerdings erst auf dem oberen Passwang anziehen. Weiter unten hatte es zu wenig Schnee aber daf\u00fcr sehen wir eine wundersch\u00f6ne Raureif &#8211; Landschaft! [Show as slideshow]<\/p>\n","protected":false},"author":1,"featured_media":0,"parent":8619,"menu_order":19,"comment_status":"closed","ping_status":"closed","template":"","meta":{"ngg_post_thumbnail":0},"_links":{"self":[{"href":"https:\/\/www.freimarianne.ch\/index.php?rest_route=\/wp\/v2\/pages\/9265"}],"collection":[{"href":"https:\/\/www.freimarianne.ch\/index.php?rest_route=\/wp\/v2\/pages"}],"about":[{"href":"https:\/\/www.freimarianne.ch\/index.php?rest_route=\/wp\/v2\/types\/page"}],"author":[{"embeddable":true,"href":"https:\/\/www.freimarianne.ch\/index.php?rest_route=\/wp\/v2\/users\/1"}],"replies":[{"embeddable":true,"href":"https:\/\/www.freimarianne.ch\/index.php?rest_route=%2Fwp%2Fv2%2Fcomments&post=9265"}],"version-history":[{"count":12,"href":"https:\/\/www.freimarianne.ch\/index.php?rest_route=\/wp\/v2\/pages\/9265\/revisions"}],"predecessor-version":[{"id":9637,"href":"https:\/\/www.freimarianne.ch\/index.php?rest_route=\/wp\/v2\/pages\/9265\/revisions\/9637"}],"up":[{"embeddable":true,"href":"https:\/\/www.freimarianne.ch\/index.php?rest_route=\/wp\/v2\/pages\/8619"}],"wp:attachment":[{"href":"https:\/\/www.freimarianne.ch\/index.php?rest_route=%2Fwp%2Fv2%2Fmedia&parent=9265"}],"curies":[{"name":"wp","href":"https:\/\/api.w.org\/{rel}","templated":true}]}}