{"id":9830,"date":"2015-03-12T17:55:22","date_gmt":"2015-03-12T16:55:22","guid":{"rendered":"http:\/\/www.freimarianne.ch\/?page_id=9830"},"modified":"2015-03-13T10:23:20","modified_gmt":"2015-03-13T09:23:20","slug":"kandersteg-be-7-3-2015","status":"publish","type":"page","link":"https:\/\/www.freimarianne.ch\/?page_id=9830","title":{"rendered":"Kandersteg, BE  7.3.2015"},"content":{"rendered":"<p><strong>Winterwanderung &#8220;H\u00f6hi&#8221; in Kandersteg<\/strong><br \/>\nmit dem Novartis Berg&amp;Ski Club<\/p>\n<p><img loading=\"lazy\" class=\"alignleft size-full wp-image-9827\" src=\"http:\/\/www.freimarianne.ch\/wp-content\/uploads\/2015\/03\/IMG_8121Kandersteg_7.3.jpg\" alt=\"IMG_8121Kandersteg_7.3\" width=\"500\" height=\"375\" srcset=\"https:\/\/www.freimarianne.ch\/wp-content\/uploads\/2015\/03\/IMG_8121Kandersteg_7.3.jpg 500w, https:\/\/www.freimarianne.ch\/wp-content\/uploads\/2015\/03\/IMG_8121Kandersteg_7.3-300x225.jpg 300w, https:\/\/www.freimarianne.ch\/wp-content\/uploads\/2015\/03\/IMG_8121Kandersteg_7.3-400x300.jpg 400w\" sizes=\"(max-width: 500px) 100vw, 500px\" \/><br \/>\nHeute haben wir strahlendes Wetter.<br \/>\nWir\u00a0 marschieren in Kandersteg\u00a0 gleich los\u00a0 Richtung Norden. Ein angenehmer Weg f\u00fchrt\u00a0 der Kander entlang\u00a0 bis zur Abzweigung H\u00f6h, wo wir\u00a0 durch einen Tunnel die Strasse unterqueren m\u00fcssen. Wir steigen\u00a0 auf dem Weg, der auch als\u00a0 Langlaufpiste dient,\u00a0 leicht auf im H\u00f6hwald, wo es noch gen\u00fcgend Schnee gibt. Nach 140m H\u00f6henmeter gelangen wir auf\u00a0 den Aussichtspunkt Risetenegg, von wo man einen herrlichen Blick hat auf das Dorf Kandersteg und das Bl\u00fcemlisalpmassiv und hin\u00fcber zum Altels, das Rinderhorn und das G\u00e4llihorn. Hier halten wir eine Rast und geniessen die Gegend. Wir kehren zur\u00fcck in den Wald und bald geht es\u00a0 leicht\u00a0 abw\u00e4rts. Immer wieder\u00a0 gibt es sch\u00f6ne Ausblicke auf die Berge. Wir kommen dann hinunter nach B\u00fctschels und gehen kurz auf der Strasse bis wir auf den Wanderweg der Kander entlang abbiegen k\u00f6nnen. Wir marschieren\u00a0 bis zum Talgrunde, um zum Nordportal des L\u00f6tschbergtunnels zu gelangen. Hier\u00a0 queren wir\u00a0 die Bahnlinie oberhalb des Tunneleingangs und wandern nun wieder\u00a0 Richtung Dorf. Wir kommen am Naturschutzgebiet vorbei und\u00a0\u00a0 landen dann auf der Hauptstrasse, wo ein \u00fcbergrosser Schwingbesen auf das Restaurant Ruedihus aufmerksam macht. Letzteres ist auch unser Ziel. Wir\u00a0 sitzen draussen vor dem Haus\u00a0 in der Sonne und geniessen den Imbiss. Der Wag zum Bahnhof ist nicht mehr weit. Nach 15 h besteigen wir\u00a0 den Zug Richtung Bern.<br \/>\nDies war eine gem\u00fctliche Winterwanderung in einer ansprechenden Landschaft.<br \/>\nLaut GPS:<br \/>\nDistanz: 11.3km; Aufstieg:\u00a0 233m; Abstieg: 233m; Marschzeit:\u00a0 3.15 h<\/p>\n<p><!-- index.php -->\n<div\n\tclass=\"ngg-galleryoverview ngg-ajax-pagination-none\"\n\tid=\"ngg-gallery-9924-1\">\n\n    \t<div class=\"slideshowlink\">\n        <a href='https:\/\/www.freimarianne.ch\/index.php\/nggallery\/slideshow?page_id=9830'>[Show as slideshow]<\/a>\n\t\t\n\t<\/div>\n\t\t\t<!-- Thumbnails -->\n\t\t\t\t<div id=\"ngg-image-0\" class=\"ngg-gallery-thumbnail-box\" >\n\t\t\t\t        <div class=\"ngg-gallery-thumbnail\">\n            <a href=\"https:\/\/www.freimarianne.ch\/wp-content\/gallery\/kandersteg-7-3-15\/IMG_8108.jpg\"\n               title=\"\"\n               data-src=\"https:\/\/www.freimarianne.ch\/wp-content\/gallery\/kandersteg-7-3-15\/IMG_8108.jpg\"\n               data-thumbnail=\"https:\/\/www.freimarianne.ch\/wp-content\/gallery\/kandersteg-7-3-15\/thumbs\/thumbs_IMG_8108.jpg\"\n               data-image-id=\"10339\"\n               data-title=\"IMG_8108\"\n               data-description=\"\"\n               data-image-slug=\"img_8108-3\"\n               class=\"shutterset_9924\">\n                <img\n                    title=\"IMG_8108\"\n                    alt=\"IMG_8108\"\n                    src=\"https:\/\/www.freimarianne.ch\/wp-content\/gallery\/kandersteg-7-3-15\/thumbs\/thumbs_IMG_8108.jpg\"\n                    width=\"100\"\n                    height=\"75\"\n                    style=\"max-width:100%;\"\n                \/>\n            <\/a>\n        <\/div>\n\t\t\t\t\t\t\t<\/div> \n\t\t\t\n        \n\t\t\t\t<div id=\"ngg-image-1\" class=\"ngg-gallery-thumbnail-box\" >\n\t\t\t\t        <div class=\"ngg-gallery-thumbnail\">\n            <a href=\"https:\/\/www.freimarianne.ch\/wp-content\/gallery\/kandersteg-7-3-15\/IMG_8111.jpg\"\n               title=\"\"\n               data-src=\"https:\/\/www.freimarianne.ch\/wp-content\/gallery\/kandersteg-7-3-15\/IMG_8111.jpg\"\n               data-thumbnail=\"https:\/\/www.freimarianne.ch\/wp-content\/gallery\/kandersteg-7-3-15\/thumbs\/thumbs_IMG_8111.jpg\"\n               data-image-id=\"10340\"\n               data-title=\"IMG_8111\"\n               data-description=\"\"\n               data-image-slug=\"img_8111\"\n               class=\"shutterset_9924\">\n                <img\n                    title=\"IMG_8111\"\n                    alt=\"IMG_8111\"\n                    src=\"https:\/\/www.freimarianne.ch\/wp-content\/gallery\/kandersteg-7-3-15\/thumbs\/thumbs_IMG_8111.jpg\"\n                    width=\"100\"\n                    height=\"75\"\n                    style=\"max-width:100%;\"\n                \/>\n            <\/a>\n        <\/div>\n\t\t\t\t\t\t\t<\/div> \n\t\t\t\n        \n\t\t\t\t<div id=\"ngg-image-2\" class=\"ngg-gallery-thumbnail-box\" >\n\t\t\t\t        <div class=\"ngg-gallery-thumbnail\">\n            <a href=\"https:\/\/www.freimarianne.ch\/wp-content\/gallery\/kandersteg-7-3-15\/IMG_8114.jpg\"\n               title=\"\"\n               data-src=\"https:\/\/www.freimarianne.ch\/wp-content\/gallery\/kandersteg-7-3-15\/IMG_8114.jpg\"\n               data-thumbnail=\"https:\/\/www.freimarianne.ch\/wp-content\/gallery\/kandersteg-7-3-15\/thumbs\/thumbs_IMG_8114.jpg\"\n               data-image-id=\"10341\"\n               data-title=\"IMG_8114\"\n               data-description=\"\"\n               data-image-slug=\"img_8114\"\n               class=\"shutterset_9924\">\n                <img\n                    title=\"IMG_8114\"\n                    alt=\"IMG_8114\"\n                    src=\"https:\/\/www.freimarianne.ch\/wp-content\/gallery\/kandersteg-7-3-15\/thumbs\/thumbs_IMG_8114.jpg\"\n                    width=\"100\"\n                    height=\"75\"\n                    style=\"max-width:100%;\"\n                \/>\n            <\/a>\n        <\/div>\n\t\t\t\t\t\t\t<\/div> \n\t\t\t\n        \n\t\t\t\t<div id=\"ngg-image-3\" class=\"ngg-gallery-thumbnail-box\" >\n\t\t\t\t        <div class=\"ngg-gallery-thumbnail\">\n            <a href=\"https:\/\/www.freimarianne.ch\/wp-content\/gallery\/kandersteg-7-3-15\/IMG_8123.jpg\"\n               title=\"\"\n               data-src=\"https:\/\/www.freimarianne.ch\/wp-content\/gallery\/kandersteg-7-3-15\/IMG_8123.jpg\"\n               data-thumbnail=\"https:\/\/www.freimarianne.ch\/wp-content\/gallery\/kandersteg-7-3-15\/thumbs\/thumbs_IMG_8123.jpg\"\n               data-image-id=\"10342\"\n               data-title=\"IMG_8123\"\n               data-description=\"\"\n               data-image-slug=\"img_8123\"\n               class=\"shutterset_9924\">\n                <img\n                    title=\"IMG_8123\"\n                    alt=\"IMG_8123\"\n                    src=\"https:\/\/www.freimarianne.ch\/wp-content\/gallery\/kandersteg-7-3-15\/thumbs\/thumbs_IMG_8123.jpg\"\n                    width=\"100\"\n                    height=\"75\"\n                    style=\"max-width:100%;\"\n                \/>\n            <\/a>\n        <\/div>\n\t\t\t\t\t\t\t<\/div> \n\t\t\t\n        \n\t\t\t\t<div id=\"ngg-image-4\" class=\"ngg-gallery-thumbnail-box\" >\n\t\t\t\t        <div class=\"ngg-gallery-thumbnail\">\n            <a href=\"https:\/\/www.freimarianne.ch\/wp-content\/gallery\/kandersteg-7-3-15\/IMG_8127.jpg\"\n               title=\"\"\n               data-src=\"https:\/\/www.freimarianne.ch\/wp-content\/gallery\/kandersteg-7-3-15\/IMG_8127.jpg\"\n               data-thumbnail=\"https:\/\/www.freimarianne.ch\/wp-content\/gallery\/kandersteg-7-3-15\/thumbs\/thumbs_IMG_8127.jpg\"\n               data-image-id=\"10343\"\n               data-title=\"IMG_8127\"\n               data-description=\"\"\n               data-image-slug=\"img_8127-3\"\n               class=\"shutterset_9924\">\n                <img\n                    title=\"IMG_8127\"\n                    alt=\"IMG_8127\"\n                    src=\"https:\/\/www.freimarianne.ch\/wp-content\/gallery\/kandersteg-7-3-15\/thumbs\/thumbs_IMG_8127.jpg\"\n                    width=\"100\"\n                    height=\"75\"\n                    style=\"max-width:100%;\"\n                \/>\n            <\/a>\n        <\/div>\n\t\t\t\t\t\t\t<\/div> \n\t\t\t\n        \n\t\t\t\t<div id=\"ngg-image-5\" class=\"ngg-gallery-thumbnail-box\" >\n\t\t\t\t        <div class=\"ngg-gallery-thumbnail\">\n            <a href=\"https:\/\/www.freimarianne.ch\/wp-content\/gallery\/kandersteg-7-3-15\/IMG_8130.jpg\"\n               title=\"\"\n               data-src=\"https:\/\/www.freimarianne.ch\/wp-content\/gallery\/kandersteg-7-3-15\/IMG_8130.jpg\"\n               data-thumbnail=\"https:\/\/www.freimarianne.ch\/wp-content\/gallery\/kandersteg-7-3-15\/thumbs\/thumbs_IMG_8130.jpg\"\n               data-image-id=\"10344\"\n               data-title=\"IMG_8130\"\n               data-description=\"\"\n               data-image-slug=\"img_8130-1\"\n               class=\"shutterset_9924\">\n                <img\n                    title=\"IMG_8130\"\n                    alt=\"IMG_8130\"\n                    src=\"https:\/\/www.freimarianne.ch\/wp-content\/gallery\/kandersteg-7-3-15\/thumbs\/thumbs_IMG_8130.jpg\"\n                    width=\"100\"\n                    height=\"75\"\n                    style=\"max-width:100%;\"\n                \/>\n            <\/a>\n        <\/div>\n\t\t\t\t\t\t\t<\/div> \n\t\t\t\n        \n\t\t\t\t<div id=\"ngg-image-6\" class=\"ngg-gallery-thumbnail-box\" >\n\t\t\t\t        <div class=\"ngg-gallery-thumbnail\">\n            <a href=\"https:\/\/www.freimarianne.ch\/wp-content\/gallery\/kandersteg-7-3-15\/IMG_8132.jpg\"\n               title=\"\"\n               data-src=\"https:\/\/www.freimarianne.ch\/wp-content\/gallery\/kandersteg-7-3-15\/IMG_8132.jpg\"\n               data-thumbnail=\"https:\/\/www.freimarianne.ch\/wp-content\/gallery\/kandersteg-7-3-15\/thumbs\/thumbs_IMG_8132.jpg\"\n               data-image-id=\"10345\"\n               data-title=\"IMG_8132\"\n               data-description=\"\"\n               data-image-slug=\"img_8132\"\n               class=\"shutterset_9924\">\n                <img\n                    title=\"IMG_8132\"\n                    alt=\"IMG_8132\"\n                    src=\"https:\/\/www.freimarianne.ch\/wp-content\/gallery\/kandersteg-7-3-15\/thumbs\/thumbs_IMG_8132.jpg\"\n                    width=\"100\"\n                    height=\"75\"\n                    style=\"max-width:100%;\"\n                \/>\n            <\/a>\n        <\/div>\n\t\t\t\t\t\t\t<\/div> \n\t\t\t\n        \n\t\t\t\t<div id=\"ngg-image-7\" class=\"ngg-gallery-thumbnail-box\" >\n\t\t\t\t        <div class=\"ngg-gallery-thumbnail\">\n            <a href=\"https:\/\/www.freimarianne.ch\/wp-content\/gallery\/kandersteg-7-3-15\/IMG_8136.jpg\"\n               title=\"\"\n               data-src=\"https:\/\/www.freimarianne.ch\/wp-content\/gallery\/kandersteg-7-3-15\/IMG_8136.jpg\"\n               data-thumbnail=\"https:\/\/www.freimarianne.ch\/wp-content\/gallery\/kandersteg-7-3-15\/thumbs\/thumbs_IMG_8136.jpg\"\n               data-image-id=\"10346\"\n               data-title=\"IMG_8136\"\n               data-description=\"\"\n               data-image-slug=\"img_8136\"\n               class=\"shutterset_9924\">\n                <img\n                    title=\"IMG_8136\"\n                    alt=\"IMG_8136\"\n                    src=\"https:\/\/www.freimarianne.ch\/wp-content\/gallery\/kandersteg-7-3-15\/thumbs\/thumbs_IMG_8136.jpg\"\n                    width=\"100\"\n                    height=\"75\"\n                    style=\"max-width:100%;\"\n                \/>\n            <\/a>\n        <\/div>\n\t\t\t\t\t\t\t<\/div> \n\t\t\t\n        \n\t\t\t\t<div id=\"ngg-image-8\" class=\"ngg-gallery-thumbnail-box\" >\n\t\t\t\t        <div class=\"ngg-gallery-thumbnail\">\n            <a href=\"https:\/\/www.freimarianne.ch\/wp-content\/gallery\/kandersteg-7-3-15\/IMG_8148.jpg\"\n               title=\"\"\n               data-src=\"https:\/\/www.freimarianne.ch\/wp-content\/gallery\/kandersteg-7-3-15\/IMG_8148.jpg\"\n               data-thumbnail=\"https:\/\/www.freimarianne.ch\/wp-content\/gallery\/kandersteg-7-3-15\/thumbs\/thumbs_IMG_8148.jpg\"\n               data-image-id=\"10347\"\n               data-title=\"IMG_8148\"\n               data-description=\"\"\n               data-image-slug=\"img_8148-1\"\n               class=\"shutterset_9924\">\n                <img\n                    title=\"IMG_8148\"\n                    alt=\"IMG_8148\"\n                    src=\"https:\/\/www.freimarianne.ch\/wp-content\/gallery\/kandersteg-7-3-15\/thumbs\/thumbs_IMG_8148.jpg\"\n                    width=\"100\"\n                    height=\"75\"\n                    style=\"max-width:100%;\"\n                \/>\n            <\/a>\n        <\/div>\n\t\t\t\t\t\t\t<\/div> \n\t\t\t\n        \n\t\t\t\t<div id=\"ngg-image-9\" class=\"ngg-gallery-thumbnail-box\" >\n\t\t\t\t        <div class=\"ngg-gallery-thumbnail\">\n            <a href=\"https:\/\/www.freimarianne.ch\/wp-content\/gallery\/kandersteg-7-3-15\/IMG_8149.jpg\"\n               title=\"\"\n               data-src=\"https:\/\/www.freimarianne.ch\/wp-content\/gallery\/kandersteg-7-3-15\/IMG_8149.jpg\"\n               data-thumbnail=\"https:\/\/www.freimarianne.ch\/wp-content\/gallery\/kandersteg-7-3-15\/thumbs\/thumbs_IMG_8149.jpg\"\n               data-image-id=\"10348\"\n               data-title=\"IMG_8149\"\n               data-description=\"\"\n               data-image-slug=\"img_8149\"\n               class=\"shutterset_9924\">\n                <img\n                    title=\"IMG_8149\"\n                    alt=\"IMG_8149\"\n                    src=\"https:\/\/www.freimarianne.ch\/wp-content\/gallery\/kandersteg-7-3-15\/thumbs\/thumbs_IMG_8149.jpg\"\n                    width=\"100\"\n                    height=\"75\"\n                    style=\"max-width:100%;\"\n                \/>\n            <\/a>\n        <\/div>\n\t\t\t\t\t\t\t<\/div> \n\t\t\t\n        \n\t\t\n\t\t<!-- Pagination -->\n\t<div class='ngg-clear'><\/div>\t<\/div>\n<\/p>\n","protected":false},"excerpt":{"rendered":"<p>Winterwanderung &#8220;H\u00f6hi&#8221; in Kandersteg mit dem Novartis Berg&amp;Ski Club Heute haben wir strahlendes Wetter. Wir\u00a0 marschieren in Kandersteg\u00a0 gleich los\u00a0 Richtung Norden. Ein angenehmer Weg f\u00fchrt\u00a0 der Kander entlang\u00a0 bis zur Abzweigung H\u00f6h, wo wir\u00a0 durch einen Tunnel die Strasse unterqueren m\u00fcssen. Wir steigen\u00a0 auf dem Weg, der auch als\u00a0 Langlaufpiste dient,\u00a0 leicht auf im [&hellip;]<\/p>\n","protected":false},"author":1,"featured_media":0,"parent":8619,"menu_order":26,"comment_status":"closed","ping_status":"closed","template":"","meta":{"ngg_post_thumbnail":0},"_links":{"self":[{"href":"https:\/\/www.freimarianne.ch\/index.php?rest_route=\/wp\/v2\/pages\/9830"}],"collection":[{"href":"https:\/\/www.freimarianne.ch\/index.php?rest_route=\/wp\/v2\/pages"}],"about":[{"href":"https:\/\/www.freimarianne.ch\/index.php?rest_route=\/wp\/v2\/types\/page"}],"author":[{"embeddable":true,"href":"https:\/\/www.freimarianne.ch\/index.php?rest_route=\/wp\/v2\/users\/1"}],"replies":[{"embeddable":true,"href":"https:\/\/www.freimarianne.ch\/index.php?rest_route=%2Fwp%2Fv2%2Fcomments&post=9830"}],"version-history":[{"count":6,"href":"https:\/\/www.freimarianne.ch\/index.php?rest_route=\/wp\/v2\/pages\/9830\/revisions"}],"predecessor-version":[{"id":9928,"href":"https:\/\/www.freimarianne.ch\/index.php?rest_route=\/wp\/v2\/pages\/9830\/revisions\/9928"}],"up":[{"embeddable":true,"href":"https:\/\/www.freimarianne.ch\/index.php?rest_route=\/wp\/v2\/pages\/8619"}],"wp:attachment":[{"href":"https:\/\/www.freimarianne.ch\/index.php?rest_route=%2Fwp%2Fv2%2Fmedia&parent=9830"}],"curies":[{"name":"wp","href":"https:\/\/api.w.org\/{rel}","templated":true}]}}